{"id":891,"date":"2022-02-26T10:07:09","date_gmt":"2022-02-26T10:07:09","guid":{"rendered":"https:\/\/www.safinel.fr\/?post_type=product&#038;p=891"},"modified":"2023-12-28T17:15:13","modified_gmt":"2023-12-28T17:15:13","slug":"rose-de-jericho-chajarat-mariam","status":"publish","type":"product","link":"https:\/\/www.safinel.fr\/de\/product-2\/rose-de-jericho-chajarat-mariam\/","title":{"rendered":"Rose von Jericho (Chajarat mariam)"},"content":{"rendered":"<p><strong>Um es klar zu sagen: Die Rose von Jericho ist keine echte Rose<\/strong>. Sie ist nach dem biblischen Mythos der Stadt Jericho benannt, die als Stadt der \u00abWiedergeburt\u00bb gilt.<\/p>\n<p>In Wirklichkeit,\u00a0<strong>Chajarat Mariam<\/strong>\u00a0ist eine W\u00fcstenpflanze. Bei Trockenheit ist sie br\u00e4unlich gef\u00e4rbt, doch wenn sie mit Wasser in Ber\u00fchrung kommt, wird sie gr\u00fcn und entfaltet ihre Bl\u00e4tter. Dank ihrer Anpassungsf\u00e4higkeit kann sie Monate oder sogar Jahre ohne Wasserzufuhr auskommen.<\/p>\n<p>Seit Jahrhunderten wird sie in W\u00fcstenl\u00e4ndern in der Medizin verwendet. In den l\u00e4ndlichen Gebieten der arabischen L\u00e4nder ist sie ein Heilmittel f\u00fcr Frauen, die ohne medizinische Hilfe geb\u00e4ren.<\/p>\n<p>Sie w\u00e4chst haupts\u00e4chlich im Nahen Osten und in Mexiko. Ber\u00fchmt f\u00fcr seine\u00a0<strong>Vorteile f\u00fcr die Fruchtbarkeit<\/strong>, Sie wird in viele L\u00e4nder der Welt importiert.<\/p>\n<p>Der Chajarat Mariam verbl\u00fcfft. Von seinem Aussehen \u00fcber seine Verwendung bis hin zu seinen Urspr\u00fcngen und den Mythen, die sich um ihn ranken, deutet alles darauf hin, dass dieser W\u00fcstenfarn einen Schatz verbirgt.\u00a0<strong>Ein Schatz von Frauen.<\/strong><\/p>\n<h2><strong>Wie w\u00e4re es, wenn Sie mehr \u00fcber sie erfahren?<\/strong><\/h2>\n<h3><strong>Die Auswirkungen von Chajarat Mariam auf die Weiblichkeit<\/strong><\/h3>\n<p>Chajarat Mariam ist die enge Freundin der Frauen. Sie :<\/p>\n<ul>\n<li>Stimuliert die Fruchtbarkeit bei Frauen (und M\u00e4nnern!) ;<\/li>\n<li>F\u00f6rdert die Eisprungperiode ;<\/li>\n<li>Erleichtert die Geburt ;<\/li>\n<li>Lindert Unannehmlichkeiten und Beschwerden, die durch die <a href=\"https:\/\/www.safinel.fr\/de\/product-2\/kleben-anziehen\/\"><strong>Menopause<\/strong><\/a>\u00a0;<\/li>\n<li>Reguliert den Menstruationszyklus ;<\/li>\n<li>Beruhigt die schmerzende Brust ;<\/li>\n<li>Mildert die Symptome des pr\u00e4menstruellen Syndroms ;<\/li>\n<\/ul>\n<p><strong>Die Rose von Jericho ist die Verb\u00fcndete der Frauen in ihrem ganzen Leben.<\/strong>\u00a0Sie begleitet Sie bei jedem Schritt. Wenn man sie bei sich hat, kann man vielen Alltagsbeschwerden begegnen.<\/p>\n<h2><strong>Wie verwendet man die Rose von Jericho?<\/strong><\/h2>\n<p>Es gibt zwei Hauptanwendungsmethoden von Chajarat Mariam. Beide sind Infusionen, die auf unterschiedliche Weise durchgef\u00fchrt werden.<\/p>\n<h3><strong>Erste Methode zur Verwendung der Rose von Jericho<\/strong><\/h3>\n<p>Diese Methode eignet sich nur f\u00fcr einen einzigen Aufguss.<\/p>\n<ul>\n<li>Wasser kochen ;<\/li>\n<li>Warten, bis die Temperatur auf 40 Grad f\u00e4llt ;<\/li>\n<li>Die Pflanze ablegen und einige Minuten stehen lassen ;<\/li>\n<li>Sie herausnehmen und gut ausdr\u00fccken, um das gesamte Wasser zu extrahieren;<\/li>\n<li>Abkochung trinken ;<\/li>\n<\/ul>\n<h3><strong>Zweite Methode zur Verwendung von Chajarat Mariam<\/strong><\/h3>\n<ul>\n<li>Pflanze in einen Beh\u00e4lter mit Wasser bei Raumtemperatur einsetzen<\/li>\n<li>Warten, bis sich die Pflanze \u00f6ffnet<\/li>\n<li>Die Pflanze entfernen und trocknen lassen<\/li>\n<li>Erhitze das Wasser, aber nicht \u00fcber 40 Grad<\/li>\n<li>Die Mischung trinken<\/li>\n<\/ul>\n<p>Es ist m\u00f6glich, Lalla Mariam mehrmals zu verwenden, wenn sie so zubereitet wird.<\/p>\n<h2><strong>Weitere Vorteile der Rose von Jericho<\/strong><\/h2>\n<p>Die Rose von Jericho ist die intime Freundin der Frauen, aber nicht nur!<\/p>\n<ul>\n<li>Hepatoprotektive Eigenschaften: Sch\u00fctzt die Leber vor Infektionen und Krankheiten ;<\/li>\n<li>Diuretische Eigenschaften: regt die Nieren an und f\u00f6rdert die Urinproduktion ;<\/li>\n<li>Wirksam bei Wassereinlagerungen ;<\/li>\n<li>Positive Wirkung bei Diabetes: Sie reguliert den Blutzuckerspiegel und senkt den Glukosespiegel;<\/li>\n<\/ul>\n<p>Sie ist ein wahrer Gesundheitsschatz, besonders f\u00fcr Frauen.<strong>Worauf warten Sie noch, um von den Vorteilen der Rose von Jericho zu profitieren?<\/strong><\/p>","protected":false},"excerpt":{"rendered":"<p>Der Beutel enth\u00e4lt je nach Gr\u00f6\u00dfe der Rose eine oder zwei Rosen. Eine Rose reicht f\u00fcr mehrere Tees, Sie k\u00f6nnen sie in mehrere St\u00fccke schneiden.<\/p>","protected":false},"featured_media":892,"template":"","meta":[],"product_brand":[],"product_cat":[15],"product_tag":[],"class_list":{"0":"post-891","1":"product","2":"type-product","3":"status-publish","4":"has-post-thumbnail","6":"product_cat-fertilite","8":"first","9":"instock","10":"shipping-taxable","11":"purchasable","12":"product-type-simple"},"yoast_head":"<!-- This site is optimized with the Yoast SEO plugin v26.6 - https:\/\/yoast.com\/wordpress\/plugins\/seo\/ -->\n<title>Rose de Jericho | Chajarat mariam | Plante luttant contre l&#039;infertilit\u00e9<\/title>\n<meta name=\"description\" content=\"Chajarat Mariam ou Rose de Jericho\u00a0est une plante du d\u00e9sert de couleur brun\u00e2tre. R\u00e9put\u00e9e pour ses\u00a0bienfaits sur la fertilit\u00e9.\" \/>\n<meta name=\"robots\" content=\"index, follow, max-snippet:-1, max-image-preview:large, max-video-preview:-1\" \/>\n<link rel=\"canonical\" href=\"https:\/\/www.safinel.fr\/de\/product-2\/rose-de-jericho-chajarat-mariam\/\" \/>\n<meta property=\"og:locale\" content=\"de_DE\" \/>\n<meta property=\"og:type\" content=\"article\" \/>\n<meta property=\"og:title\" content=\"Rose de Jericho | Chajarat mariam | Plante luttant contre l&#039;infertilit\u00e9\" \/>\n<meta property=\"og:description\" content=\"Chajarat Mariam ou Rose de Jericho\u00a0est une plante du d\u00e9sert de couleur brun\u00e2tre. R\u00e9put\u00e9e pour ses\u00a0bienfaits sur la fertilit\u00e9.\" \/>\n<meta property=\"og:url\" content=\"https:\/\/www.safinel.fr\/de\/product-2\/rose-de-jericho-chajarat-mariam\/\" \/>\n<meta property=\"og:site_name\" content=\"Safinel\" \/>\n<meta property=\"article:modified_time\" content=\"2023-12-28T17:15:13+00:00\" \/>\n<meta property=\"og:image\" content=\"https:\/\/www.safinel.fr\/wp-content\/uploads\/2022\/02\/rose-de-jericho.jpg\" \/>\n\t<meta property=\"og:image:width\" content=\"600\" \/>\n\t<meta property=\"og:image:height\" content=\"600\" \/>\n\t<meta property=\"og:image:type\" content=\"image\/jpeg\" \/>\n<meta name=\"twitter:card\" content=\"summary_large_image\" \/>\n<meta name=\"twitter:label1\" content=\"Gesch\u00e4tzte Lesezeit\" \/>\n\t<meta name=\"twitter:data1\" content=\"3\u00a0Minuten\" \/>\n<script type=\"application\/ld+json\" class=\"yoast-schema-graph\">{\"@context\":\"https:\/\/schema.org\",\"@graph\":[{\"@type\":\"WebPage\",\"@id\":\"https:\/\/www.safinel.fr\/produit\/rose-de-jericho-chajarat-mariam\/\",\"url\":\"https:\/\/www.safinel.fr\/produit\/rose-de-jericho-chajarat-mariam\/\",\"name\":\"Rose de Jericho | Chajarat mariam | Plante luttant contre l'infertilit\u00e9\",\"isPartOf\":{\"@id\":\"https:\/\/www.safinel.fr\/#website\"},\"primaryImageOfPage\":{\"@id\":\"https:\/\/www.safinel.fr\/produit\/rose-de-jericho-chajarat-mariam\/#primaryimage\"},\"image\":{\"@id\":\"https:\/\/www.safinel.fr\/produit\/rose-de-jericho-chajarat-mariam\/#primaryimage\"},\"thumbnailUrl\":\"https:\/\/www.safinel.fr\/wp-content\/uploads\/2022\/02\/rose-de-jericho.jpg\",\"datePublished\":\"2022-02-26T10:07:09+00:00\",\"dateModified\":\"2023-12-28T17:15:13+00:00\",\"description\":\"Chajarat Mariam ou Rose de Jericho\u00a0est une plante du d\u00e9sert de couleur brun\u00e2tre. R\u00e9put\u00e9e pour ses\u00a0bienfaits sur la fertilit\u00e9.\",\"breadcrumb\":{\"@id\":\"https:\/\/www.safinel.fr\/produit\/rose-de-jericho-chajarat-mariam\/#breadcrumb\"},\"inLanguage\":\"de\",\"potentialAction\":[{\"@type\":\"ReadAction\",\"target\":[\"https:\/\/www.safinel.fr\/produit\/rose-de-jericho-chajarat-mariam\/\"]}]},{\"@type\":\"ImageObject\",\"inLanguage\":\"de\",\"@id\":\"https:\/\/www.safinel.fr\/produit\/rose-de-jericho-chajarat-mariam\/#primaryimage\",\"url\":\"https:\/\/www.safinel.fr\/wp-content\/uploads\/2022\/02\/rose-de-jericho.jpg\",\"contentUrl\":\"https:\/\/www.safinel.fr\/wp-content\/uploads\/2022\/02\/rose-de-jericho.jpg\",\"width\":600,\"height\":600,\"caption\":\"Rose de Jericho (Chajarat mariam)\"},{\"@type\":\"BreadcrumbList\",\"@id\":\"https:\/\/www.safinel.fr\/produit\/rose-de-jericho-chajarat-mariam\/#breadcrumb\",\"itemListElement\":[{\"@type\":\"ListItem\",\"position\":1,\"name\":\"Accueil\",\"item\":\"https:\/\/www.safinel.fr\/\"},{\"@type\":\"ListItem\",\"position\":2,\"name\":\"Boutique\",\"item\":\"https:\/\/www.safinel.fr\/boutique\/\"},{\"@type\":\"ListItem\",\"position\":3,\"name\":\"Rose de Jericho (Chajarat mariam)\"}]},{\"@type\":\"WebSite\",\"@id\":\"https:\/\/www.safinel.fr\/#website\",\"url\":\"https:\/\/www.safinel.fr\/\",\"name\":\"Safinel\",\"description\":\"\",\"publisher\":{\"@id\":\"https:\/\/www.safinel.fr\/#organization\"},\"potentialAction\":[{\"@type\":\"SearchAction\",\"target\":{\"@type\":\"EntryPoint\",\"urlTemplate\":\"https:\/\/www.safinel.fr\/?s={search_term_string}\"},\"query-input\":{\"@type\":\"PropertyValueSpecification\",\"valueRequired\":true,\"valueName\":\"search_term_string\"}}],\"inLanguage\":\"de\"},{\"@type\":\"Organization\",\"@id\":\"https:\/\/www.safinel.fr\/#organization\",\"name\":\"Safinel\",\"url\":\"https:\/\/www.safinel.fr\/\",\"logo\":{\"@type\":\"ImageObject\",\"inLanguage\":\"de\",\"@id\":\"https:\/\/www.safinel.fr\/#\/schema\/logo\/image\/\",\"url\":\"https:\/\/www.safinel.fr\/wp-content\/uploads\/2021\/05\/boutique-cosmetique.png\",\"contentUrl\":\"https:\/\/www.safinel.fr\/wp-content\/uploads\/2021\/05\/boutique-cosmetique.png\",\"width\":800,\"height\":200,\"caption\":\"Safinel\"},\"image\":{\"@id\":\"https:\/\/www.safinel.fr\/#\/schema\/logo\/image\/\"}}]}<\/script>\n<!-- \/ Yoast SEO plugin. -->","yoast_head_json":{"title":"Rose von Jericho | Chajarat mariam | Pflanze zur Bek\u00e4mpfung von Unfruchtbarkeit","description":"Chajarat Mariam oder Rose von Jericho ist eine br\u00e4unliche W\u00fcstenpflanze. Sie ist f\u00fcr ihre fruchtbarkeitsf\u00f6rdernde Wirkung bekannt.","robots":{"index":"index","follow":"follow","max-snippet":"max-snippet:-1","max-image-preview":"max-image-preview:large","max-video-preview":"max-video-preview:-1"},"canonical":"https:\/\/www.safinel.fr\/de\/product-2\/rose-de-jericho-chajarat-mariam\/","og_locale":"de_DE","og_type":"article","og_title":"Rose de Jericho | Chajarat mariam | Plante luttant contre l'infertilit\u00e9","og_description":"Chajarat Mariam ou Rose de Jericho\u00a0est une plante du d\u00e9sert de couleur brun\u00e2tre. R\u00e9put\u00e9e pour ses\u00a0bienfaits sur la fertilit\u00e9.","og_url":"https:\/\/www.safinel.fr\/de\/product-2\/rose-de-jericho-chajarat-mariam\/","og_site_name":"Safinel","article_modified_time":"2023-12-28T17:15:13+00:00","og_image":[{"width":600,"height":600,"url":"https:\/\/www.safinel.fr\/wp-content\/uploads\/2022\/02\/rose-de-jericho.jpg","type":"image\/jpeg"}],"twitter_card":"summary_large_image","twitter_misc":{"Gesch\u00e4tzte Lesezeit":"3\u00a0Minuten"},"schema":{"@context":"https:\/\/schema.org","@graph":[{"@type":"WebPage","@id":"https:\/\/www.safinel.fr\/produit\/rose-de-jericho-chajarat-mariam\/","url":"https:\/\/www.safinel.fr\/produit\/rose-de-jericho-chajarat-mariam\/","name":"Rose von Jericho | Chajarat mariam | Pflanze zur Bek\u00e4mpfung von Unfruchtbarkeit","isPartOf":{"@id":"https:\/\/www.safinel.fr\/#website"},"primaryImageOfPage":{"@id":"https:\/\/www.safinel.fr\/produit\/rose-de-jericho-chajarat-mariam\/#primaryimage"},"image":{"@id":"https:\/\/www.safinel.fr\/produit\/rose-de-jericho-chajarat-mariam\/#primaryimage"},"thumbnailUrl":"https:\/\/www.safinel.fr\/wp-content\/uploads\/2022\/02\/rose-de-jericho.jpg","datePublished":"2022-02-26T10:07:09+00:00","dateModified":"2023-12-28T17:15:13+00:00","description":"Chajarat Mariam oder Rose von Jericho ist eine br\u00e4unliche W\u00fcstenpflanze. Sie ist f\u00fcr ihre fruchtbarkeitsf\u00f6rdernde Wirkung bekannt.","breadcrumb":{"@id":"https:\/\/www.safinel.fr\/produit\/rose-de-jericho-chajarat-mariam\/#breadcrumb"},"inLanguage":"de","potentialAction":[{"@type":"ReadAction","target":["https:\/\/www.safinel.fr\/produit\/rose-de-jericho-chajarat-mariam\/"]}]},{"@type":"ImageObject","inLanguage":"de","@id":"https:\/\/www.safinel.fr\/produit\/rose-de-jericho-chajarat-mariam\/#primaryimage","url":"https:\/\/www.safinel.fr\/wp-content\/uploads\/2022\/02\/rose-de-jericho.jpg","contentUrl":"https:\/\/www.safinel.fr\/wp-content\/uploads\/2022\/02\/rose-de-jericho.jpg","width":600,"height":600,"caption":"Rose de Jericho (Chajarat mariam)"},{"@type":"BreadcrumbList","@id":"https:\/\/www.safinel.fr\/produit\/rose-de-jericho-chajarat-mariam\/#breadcrumb","itemListElement":[{"@type":"ListItem","position":1,"name":"Accueil","item":"https:\/\/www.safinel.fr\/"},{"@type":"ListItem","position":2,"name":"Boutique","item":"https:\/\/www.safinel.fr\/boutique\/"},{"@type":"ListItem","position":3,"name":"Rose de Jericho (Chajarat mariam)"}]},{"@type":"WebSite","@id":"https:\/\/www.safinel.fr\/#website","url":"https:\/\/www.safinel.fr\/","name":"Safinel","description":"","publisher":{"@id":"https:\/\/www.safinel.fr\/#organization"},"potentialAction":[{"@type":"SearchAction","target":{"@type":"EntryPoint","urlTemplate":"https:\/\/www.safinel.fr\/?s={search_term_string}"},"query-input":{"@type":"PropertyValueSpecification","valueRequired":true,"valueName":"search_term_string"}}],"inLanguage":"de"},{"@type":"Organization","@id":"https:\/\/www.safinel.fr\/#organization","name":"Safinel","url":"https:\/\/www.safinel.fr\/","logo":{"@type":"ImageObject","inLanguage":"de","@id":"https:\/\/www.safinel.fr\/#\/schema\/logo\/image\/","url":"https:\/\/www.safinel.fr\/wp-content\/uploads\/2021\/05\/boutique-cosmetique.png","contentUrl":"https:\/\/www.safinel.fr\/wp-content\/uploads\/2021\/05\/boutique-cosmetique.png","width":800,"height":200,"caption":"Safinel"},"image":{"@id":"https:\/\/www.safinel.fr\/#\/schema\/logo\/image\/"}}]}},"_links":{"self":[{"href":"https:\/\/www.safinel.fr\/de\/wp-json\/wp\/v2\/product\/891","targetHints":{"allow":["GET"]}}],"collection":[{"href":"https:\/\/www.safinel.fr\/de\/wp-json\/wp\/v2\/product"}],"about":[{"href":"https:\/\/www.safinel.fr\/de\/wp-json\/wp\/v2\/types\/product"}],"wp:featuredmedia":[{"embeddable":true,"href":"https:\/\/www.safinel.fr\/de\/wp-json\/wp\/v2\/media\/892"}],"wp:attachment":[{"href":"https:\/\/www.safinel.fr\/de\/wp-json\/wp\/v2\/media?parent=891"}],"wp:term":[{"taxonomy":"product_brand","embeddable":true,"href":"https:\/\/www.safinel.fr\/de\/wp-json\/wp\/v2\/product_brand?post=891"},{"taxonomy":"product_cat","embeddable":true,"href":"https:\/\/www.safinel.fr\/de\/wp-json\/wp\/v2\/product_cat?post=891"},{"taxonomy":"product_tag","embeddable":true,"href":"https:\/\/www.safinel.fr\/de\/wp-json\/wp\/v2\/product_tag?post=891"}],"curies":[{"name":"wp","href":"https:\/\/api.w.org\/{rel}","templated":true}]}}