{"id":873,"date":"2022-02-24T09:27:51","date_gmt":"2022-02-24T09:27:51","guid":{"rendered":"https:\/\/www.safinel.fr\/?post_type=product&#038;p=873"},"modified":"2025-05-04T15:36:15","modified_gmt":"2025-05-04T15:36:15","slug":"gymnema","status":"publish","type":"product","link":"https:\/\/www.safinel.fr\/de\/product-2\/gymnema\/","title":{"rendered":"Gymnema 100g"},"content":{"rendered":"<p>Aber was ist denn das f\u00fcr eine komische\u00a0<strong>ayurvedische Pflanze\u00a0<\/strong>der neu in die Reihen von Safinel aufgenommen wurde? Der\u00a0<strong>Gymnema Sylvestre<\/strong>\u00a0ist ein\u00a0<strong>Nahrungserg\u00e4nzung<\/strong>\u00a0von gro\u00dfer Bedeutung, die zu unserer gesunden Ern\u00e4hrung beitr\u00e4gt. Und insbesondere zu\u00a0<strong>unser Verlangen nach Zucker reduzieren<\/strong>\u00a0! Wie wirkt er? Was sind seine Vorz\u00fcge? Wir verraten Ihnen gleich mehr!<\/p>\n<h2><strong>Gymnema sylvestre: Die zerst\u00f6rerische Pflanze ... des Zuckers!\u00a0<\/strong><\/h2>\n<p>Diese Pflanze stammt aus Indien und wird seit \u00fcber 1500 Jahren in der ayurvedischen Medizin verwendet. Sie kennt viele Bezeichnungen.\u00a0<strong>Shardunika<\/strong>, oder\u00a0<strong>Gurmar<\/strong>, Das ist Hindi und bedeutet \u00abder den Zucker zerst\u00f6rt\u00bb. Damit ist auch klar, wof\u00fcr er verwendet wird. Die verspielteren unter uns nennen es auch \u00ab\".\u00ab<strong>\u00a0Wunderfrucht<\/strong>\u00a0\u00bb. Es ist wichtig zu erw\u00e4hnen, dass seine breite Palette an Eigenschaften uns dennoch ratlos zur\u00fcckl\u00e4sst.<\/p>\n<p>Gymnema wird \u00fcbrigens h\u00e4ufig von indischen \u00c4rzten verwendet. Sie verwenden es gegen\u00a0<strong>Madhu Meha<\/strong>, Das bedeutet w\u00f6rtlich \u00fcbersetzt \u00abHonigurin\u00bb. Mit anderen Worten, gegen den\u00a0<strong>Diabetes mellitus<\/strong>.<\/p>\n<p>Es ist jedoch wichtig zu wissen, dass wir bei Safinel nicht ausgew\u00e4hlt haben, diesen\u00a0<strong>nat\u00fcrliche Erg\u00e4nzung\u00a0<\/strong>dem Zufall \u00fcberlassen. Er ist n\u00e4mlich Gegenstand von Untersuchungen, die beweisen, dass er als\u2019<strong>Zuckerhemmer.\u00a0<\/strong><\/p>\n<h2><strong>Wie wirken die Vorteile von Gymnema auf den K\u00f6rper?\u00a0<\/strong><\/h2>\n<p>Die Eigenschaften dieser<strong>\u00a0Heilpflanze<\/strong>\u00a0sind auf die\u2019<strong>Gyms\u00e4ure<\/strong>, Das ist sein Hauptwirkstoff.<\/p>\n<p>Diese Bl\u00e4tter wirken folgenderma\u00dfen:<\/p>\n<ul>\n<li>Sie verringern das Verlangen nach Zucker ;<\/li>\n<li>Au\u00dferdem k\u00f6nnen sie im Rahmen einer Gewichtskontrolle eingesetzt werden, indem sie insbesondere die Kalorienzufuhr reduzieren. Aber auch den Appetit im Allgemeinen, ebenso wie den\u00a0<a href=\"https:\/\/manelya.com\/produit\/huile-de-fenugrec-pression-a-froid\/\" target=\"_blank\" rel=\"noopener\"><strong>Bockshornklee<\/strong><\/a>\u00a0;<\/li>\n<li>Hilft bei der Aufrechterhaltung eines normalen Blutzuckerspiegels bei Typ-1- und Typ-2-Diabetikern ;<\/li>\n<li>Besitzen eine antioxidative Wirkung ;<\/li>\n<li>Zum anderen helfen sie bei der Regeneration der Zellen, die Insulin synthetisieren ;<\/li>\n<li>Es ist ein\u00a0<strong>nat\u00fcrliche Nahrungserg\u00e4nzung gegen Hei\u00dfhunger auf Snacks.\u00a0<\/strong><\/li>\n<\/ul>\n<p>Sie haben es gemerkt: Diese Pflanze ist eine echte<strong>\u00a0Verb\u00fcndete f\u00fcr Diabetiker<\/strong>. Aber auch f\u00fcr Personen, die danach streben\u00a0<strong>ihren Zuckerkonsum reduzieren<\/strong>. Sowie f\u00fcr jene mit Blick auf eine\u00a0<a href=\"https:\/\/www.safinel.fr\/de\/product-2\/kirschschwanze\/\"><strong>Gewichtsverlust<\/strong><\/a>.<\/p>\n<p>Mit demselben Ziel hat der<strong>\u00a0kleine Cola\u00a0<\/strong>wird auch im Rahmen einer Gewichtsabnahme empfohlen, als\u00a0<strong>Appetitz\u00fcgler<\/strong>.<\/p>\n<h2><strong>Der Kr\u00e4utertee, der gut tut: Anwendungstipps\u00a0<\/strong><\/h2>\n<p>Unser\u00a0<strong>Wellness-Onlineshop\u00a0<\/strong>bietet Ihnen Gymnema sylvestre in seiner nat\u00fcrlichsten Form an: als\u00a0<strong>Bl\u00e4tter<\/strong>.<\/p>\n<p>So k\u00f6nnen Sie diesen\u00a0<strong>Zuckerzerst\u00f6rer\u00a0<\/strong>als Tee, 3-4 Tassen pro Tag, au\u00dferhalb der Mahlzeiten.<\/p>\n<p>Verwenden Sie einfach 1 EL Gymnema-Bl\u00e4tter pro Tasse auf 150 ml kochendes Wasser. Lassen Sie den Tee mindestens 10 Minuten ziehen und filtern Sie ihn dann ab.<\/p>\n<p>Paradoxerweise hat dieses Nahrungserg\u00e4nzungsmittel einen leicht s\u00fc\u00dflichen Geschmack. Ziemlich cool, oder?!<\/p>\n<h3><strong>Vorsichtsma\u00dfnahmen in Bezug auf Gymnema\u00a0<\/strong><\/h3>\n<p>Bei Diabetes ist es nat\u00fcrlich zwingend erforderlich, sich von einem Arzt betreuen zu lassen und nicht in die Selbstmedikation zu verfallen.\u00a0<strong>Lassen Sie sich vor der Einnahme von Nahrungserg\u00e4nzungsmitteln immer von einer medizinischen Fachkraft beraten.\u00a0<\/strong><\/p>\n<p>Andererseits wird Gurmar f\u00fcr schwangere und stillende Frauen nicht empfohlen, da es keine ausreichenden Studien dazu gibt.<\/p>\n<p>Achten Sie schlie\u00dflich darauf, dass Sie sich immer an die angegebene Dosierung halten und diese nicht \u00fcberschreiten.<\/p>","protected":false},"excerpt":{"rendered":"<p>Aber was ist das f\u00fcr eine seltsame ayurvedische Pflanze, die nun zu Safinel geh\u00f6rt? Gymnema Sylvestre ist ein bedeutendes Nahrungserg\u00e4nzungsmittel, das zu einer gesunden Ern\u00e4hrung beitr\u00e4gt. Insbesondere hilft es dabei, unser Verlangen nach Zucker zu reduzieren! Wie wirkt es? Was sind seine Vorz\u00fcge? Wir verraten Ihnen gleich mehr dar\u00fcber! Gymnema Sylvestre: die Pflanze [\u2026]","protected":false},"featured_media":876,"template":"","meta":[],"product_brand":[],"product_cat":[27],"product_tag":[],"class_list":{"0":"post-873","1":"product","2":"type-product","3":"status-publish","4":"has-post-thumbnail","6":"product_cat-plantes-medicinales","8":"first","9":"instock","10":"shipping-taxable","11":"purchasable","12":"product-type-variable"},"yoast_head":"<!-- This site is optimized with the Yoast SEO plugin v26.6 - https:\/\/yoast.com\/wordpress\/plugins\/seo\/ -->\n<title>Gymnema Sylvestre I Bienfaits nombreux I Achat en ligne s\u00e9curis\u00e9<\/title>\n<meta name=\"description\" content=\"Le\u00a0Gymnema Sylvestre\u00a0est un\u00a0compl\u00e9ment alimentaire\u00a0d\u2019envergure, qui participe \u00e0 notre bonne alimentation. Adoptez-le rapidement !\" \/>\n<meta name=\"robots\" content=\"index, follow, max-snippet:-1, max-image-preview:large, max-video-preview:-1\" \/>\n<link rel=\"canonical\" href=\"https:\/\/www.safinel.fr\/de\/product-2\/gymnema\/\" \/>\n<meta property=\"og:locale\" content=\"de_DE\" \/>\n<meta property=\"og:type\" content=\"article\" \/>\n<meta property=\"og:title\" content=\"Gymnema Sylvestre I Bienfaits nombreux I Achat en ligne s\u00e9curis\u00e9\" \/>\n<meta property=\"og:description\" content=\"Le\u00a0Gymnema Sylvestre\u00a0est un\u00a0compl\u00e9ment alimentaire\u00a0d\u2019envergure, qui participe \u00e0 notre bonne alimentation. Adoptez-le rapidement !\" \/>\n<meta property=\"og:url\" content=\"https:\/\/www.safinel.fr\/de\/product-2\/gymnema\/\" \/>\n<meta property=\"og:site_name\" content=\"Safinel\" \/>\n<meta property=\"article:modified_time\" content=\"2025-05-04T15:36:15+00:00\" \/>\n<meta property=\"og:image\" content=\"https:\/\/www.safinel.fr\/wp-content\/uploads\/2022\/02\/gymnema-feuilles.jpg\" \/>\n\t<meta property=\"og:image:width\" content=\"600\" \/>\n\t<meta property=\"og:image:height\" content=\"600\" \/>\n\t<meta property=\"og:image:type\" content=\"image\/jpeg\" \/>\n<meta name=\"twitter:card\" content=\"summary_large_image\" \/>\n<meta name=\"twitter:label1\" content=\"Gesch\u00e4tzte Lesezeit\" \/>\n\t<meta name=\"twitter:data1\" content=\"3\u00a0Minuten\" \/>\n<script type=\"application\/ld+json\" class=\"yoast-schema-graph\">{\"@context\":\"https:\/\/schema.org\",\"@graph\":[{\"@type\":\"WebPage\",\"@id\":\"https:\/\/www.safinel.fr\/produit\/gymnema\/\",\"url\":\"https:\/\/www.safinel.fr\/produit\/gymnema\/\",\"name\":\"Gymnema Sylvestre I Bienfaits nombreux I Achat en ligne s\u00e9curis\u00e9\",\"isPartOf\":{\"@id\":\"https:\/\/www.safinel.fr\/#website\"},\"primaryImageOfPage\":{\"@id\":\"https:\/\/www.safinel.fr\/produit\/gymnema\/#primaryimage\"},\"image\":{\"@id\":\"https:\/\/www.safinel.fr\/produit\/gymnema\/#primaryimage\"},\"thumbnailUrl\":\"https:\/\/www.safinel.fr\/wp-content\/uploads\/2022\/02\/gymnema-feuilles.jpg\",\"datePublished\":\"2022-02-24T09:27:51+00:00\",\"dateModified\":\"2025-05-04T15:36:15+00:00\",\"description\":\"Le\u00a0Gymnema Sylvestre\u00a0est un\u00a0compl\u00e9ment alimentaire\u00a0d\u2019envergure, qui participe \u00e0 notre bonne alimentation. Adoptez-le rapidement !\",\"breadcrumb\":{\"@id\":\"https:\/\/www.safinel.fr\/produit\/gymnema\/#breadcrumb\"},\"inLanguage\":\"de\",\"potentialAction\":[{\"@type\":\"ReadAction\",\"target\":[\"https:\/\/www.safinel.fr\/produit\/gymnema\/\"]}]},{\"@type\":\"ImageObject\",\"inLanguage\":\"de\",\"@id\":\"https:\/\/www.safinel.fr\/produit\/gymnema\/#primaryimage\",\"url\":\"https:\/\/www.safinel.fr\/wp-content\/uploads\/2022\/02\/gymnema-feuilles.jpg\",\"contentUrl\":\"https:\/\/www.safinel.fr\/wp-content\/uploads\/2022\/02\/gymnema-feuilles.jpg\",\"width\":600,\"height\":600,\"caption\":\"gymnema feuilles\"},{\"@type\":\"BreadcrumbList\",\"@id\":\"https:\/\/www.safinel.fr\/produit\/gymnema\/#breadcrumb\",\"itemListElement\":[{\"@type\":\"ListItem\",\"position\":1,\"name\":\"Accueil\",\"item\":\"https:\/\/www.safinel.fr\/\"},{\"@type\":\"ListItem\",\"position\":2,\"name\":\"Boutique\",\"item\":\"https:\/\/www.safinel.fr\/boutique\/\"},{\"@type\":\"ListItem\",\"position\":3,\"name\":\"Gymnema 100g\"}]},{\"@type\":\"WebSite\",\"@id\":\"https:\/\/www.safinel.fr\/#website\",\"url\":\"https:\/\/www.safinel.fr\/\",\"name\":\"Safinel\",\"description\":\"\",\"publisher\":{\"@id\":\"https:\/\/www.safinel.fr\/#organization\"},\"potentialAction\":[{\"@type\":\"SearchAction\",\"target\":{\"@type\":\"EntryPoint\",\"urlTemplate\":\"https:\/\/www.safinel.fr\/?s={search_term_string}\"},\"query-input\":{\"@type\":\"PropertyValueSpecification\",\"valueRequired\":true,\"valueName\":\"search_term_string\"}}],\"inLanguage\":\"de\"},{\"@type\":\"Organization\",\"@id\":\"https:\/\/www.safinel.fr\/#organization\",\"name\":\"Safinel\",\"url\":\"https:\/\/www.safinel.fr\/\",\"logo\":{\"@type\":\"ImageObject\",\"inLanguage\":\"de\",\"@id\":\"https:\/\/www.safinel.fr\/#\/schema\/logo\/image\/\",\"url\":\"https:\/\/www.safinel.fr\/wp-content\/uploads\/2021\/05\/boutique-cosmetique.png\",\"contentUrl\":\"https:\/\/www.safinel.fr\/wp-content\/uploads\/2021\/05\/boutique-cosmetique.png\",\"width\":800,\"height\":200,\"caption\":\"Safinel\"},\"image\":{\"@id\":\"https:\/\/www.safinel.fr\/#\/schema\/logo\/image\/\"}}]}<\/script>\n<!-- \/ Yoast SEO plugin. -->","yoast_head_json":{"title":"Gymnema Sylvestre I Zahlreiche Vorteile I Sicherer Online-Kauf","description":"Gymnema Sylvestre ist ein hochkar\u00e4tiges Nahrungserg\u00e4nzungsmittel, das zu unserer gesunden Ern\u00e4hrung beitr\u00e4gt. Nehmen Sie es schnell an!","robots":{"index":"index","follow":"follow","max-snippet":"max-snippet:-1","max-image-preview":"max-image-preview:large","max-video-preview":"max-video-preview:-1"},"canonical":"https:\/\/www.safinel.fr\/de\/product-2\/gymnema\/","og_locale":"de_DE","og_type":"article","og_title":"Gymnema Sylvestre I Bienfaits nombreux I Achat en ligne s\u00e9curis\u00e9","og_description":"Le\u00a0Gymnema Sylvestre\u00a0est un\u00a0compl\u00e9ment alimentaire\u00a0d\u2019envergure, qui participe \u00e0 notre bonne alimentation. Adoptez-le rapidement !","og_url":"https:\/\/www.safinel.fr\/de\/product-2\/gymnema\/","og_site_name":"Safinel","article_modified_time":"2025-05-04T15:36:15+00:00","og_image":[{"width":600,"height":600,"url":"https:\/\/www.safinel.fr\/wp-content\/uploads\/2022\/02\/gymnema-feuilles.jpg","type":"image\/jpeg"}],"twitter_card":"summary_large_image","twitter_misc":{"Gesch\u00e4tzte Lesezeit":"3\u00a0Minuten"},"schema":{"@context":"https:\/\/schema.org","@graph":[{"@type":"WebPage","@id":"https:\/\/www.safinel.fr\/produit\/gymnema\/","url":"https:\/\/www.safinel.fr\/produit\/gymnema\/","name":"Gymnema Sylvestre I Zahlreiche Vorteile I Sicherer Online-Kauf","isPartOf":{"@id":"https:\/\/www.safinel.fr\/#website"},"primaryImageOfPage":{"@id":"https:\/\/www.safinel.fr\/produit\/gymnema\/#primaryimage"},"image":{"@id":"https:\/\/www.safinel.fr\/produit\/gymnema\/#primaryimage"},"thumbnailUrl":"https:\/\/www.safinel.fr\/wp-content\/uploads\/2022\/02\/gymnema-feuilles.jpg","datePublished":"2022-02-24T09:27:51+00:00","dateModified":"2025-05-04T15:36:15+00:00","description":"Gymnema Sylvestre ist ein hochkar\u00e4tiges Nahrungserg\u00e4nzungsmittel, das zu unserer gesunden Ern\u00e4hrung beitr\u00e4gt. Nehmen Sie es schnell an!","breadcrumb":{"@id":"https:\/\/www.safinel.fr\/produit\/gymnema\/#breadcrumb"},"inLanguage":"de","potentialAction":[{"@type":"ReadAction","target":["https:\/\/www.safinel.fr\/produit\/gymnema\/"]}]},{"@type":"ImageObject","inLanguage":"de","@id":"https:\/\/www.safinel.fr\/produit\/gymnema\/#primaryimage","url":"https:\/\/www.safinel.fr\/wp-content\/uploads\/2022\/02\/gymnema-feuilles.jpg","contentUrl":"https:\/\/www.safinel.fr\/wp-content\/uploads\/2022\/02\/gymnema-feuilles.jpg","width":600,"height":600,"caption":"gymnema feuilles"},{"@type":"BreadcrumbList","@id":"https:\/\/www.safinel.fr\/produit\/gymnema\/#breadcrumb","itemListElement":[{"@type":"ListItem","position":1,"name":"Accueil","item":"https:\/\/www.safinel.fr\/"},{"@type":"ListItem","position":2,"name":"Boutique","item":"https:\/\/www.safinel.fr\/boutique\/"},{"@type":"ListItem","position":3,"name":"Gymnema 100g"}]},{"@type":"WebSite","@id":"https:\/\/www.safinel.fr\/#website","url":"https:\/\/www.safinel.fr\/","name":"Safinel","description":"","publisher":{"@id":"https:\/\/www.safinel.fr\/#organization"},"potentialAction":[{"@type":"SearchAction","target":{"@type":"EntryPoint","urlTemplate":"https:\/\/www.safinel.fr\/?s={search_term_string}"},"query-input":{"@type":"PropertyValueSpecification","valueRequired":true,"valueName":"search_term_string"}}],"inLanguage":"de"},{"@type":"Organization","@id":"https:\/\/www.safinel.fr\/#organization","name":"Safinel","url":"https:\/\/www.safinel.fr\/","logo":{"@type":"ImageObject","inLanguage":"de","@id":"https:\/\/www.safinel.fr\/#\/schema\/logo\/image\/","url":"https:\/\/www.safinel.fr\/wp-content\/uploads\/2021\/05\/boutique-cosmetique.png","contentUrl":"https:\/\/www.safinel.fr\/wp-content\/uploads\/2021\/05\/boutique-cosmetique.png","width":800,"height":200,"caption":"Safinel"},"image":{"@id":"https:\/\/www.safinel.fr\/#\/schema\/logo\/image\/"}}]}},"_links":{"self":[{"href":"https:\/\/www.safinel.fr\/de\/wp-json\/wp\/v2\/product\/873","targetHints":{"allow":["GET"]}}],"collection":[{"href":"https:\/\/www.safinel.fr\/de\/wp-json\/wp\/v2\/product"}],"about":[{"href":"https:\/\/www.safinel.fr\/de\/wp-json\/wp\/v2\/types\/product"}],"wp:featuredmedia":[{"embeddable":true,"href":"https:\/\/www.safinel.fr\/de\/wp-json\/wp\/v2\/media\/876"}],"wp:attachment":[{"href":"https:\/\/www.safinel.fr\/de\/wp-json\/wp\/v2\/media?parent=873"}],"wp:term":[{"taxonomy":"product_brand","embeddable":true,"href":"https:\/\/www.safinel.fr\/de\/wp-json\/wp\/v2\/product_brand?post=873"},{"taxonomy":"product_cat","embeddable":true,"href":"https:\/\/www.safinel.fr\/de\/wp-json\/wp\/v2\/product_cat?post=873"},{"taxonomy":"product_tag","embeddable":true,"href":"https:\/\/www.safinel.fr\/de\/wp-json\/wp\/v2\/product_tag?post=873"}],"curies":[{"name":"wp","href":"https:\/\/api.w.org\/{rel}","templated":true}]}}