{"id":871,"date":"2022-02-24T09:16:56","date_gmt":"2022-02-24T09:16:56","guid":{"rendered":"https:\/\/www.safinel.fr\/?post_type=product&#038;p=871"},"modified":"2025-10-31T13:29:00","modified_gmt":"2025-10-31T13:29:00","slug":"rosenblatter","status":"publish","type":"product","link":"https:\/\/www.safinel.fr\/de\/product-2\/rosenblatter\/","title":{"rendered":"Rosenbl\u00fctenbl\u00e4tter 100g"},"content":{"rendered":"<p>Auch wenn der Anschein etwas anderes vermuten l\u00e4sst, hat Safinel nicht auf Romantik umgeschwenkt.\u00a0<strong>Die Rosenbl\u00e4tter<\/strong>\u00a0werden in der Tat oft als dekorative Accessoires dargestellt. Aber wussten Sie, dass die Rose auch eine<strong>\u00a0Heilpflanze\u00a0<\/strong>vollwertig?<\/p>\n<p>Entdecken Sie die<strong>\u00a0Liebesblume\u00a0<\/strong>in einem neuen Licht<\/p>\n<h2><strong>Rosenbl\u00fctenbl\u00e4tter: So romantisch wie gesundheitsf\u00f6rdernd!\u00a0<\/strong><\/h2>\n<p>Sie sind sch\u00f6n, zart, s\u00fc\u00df und rufen bei vielen von uns sicherlich tiefe Gef\u00fchle hervor. Doch Rosenbl\u00e4tter sind nicht nur mit Liebe verbunden!<\/p>\n<p>Tats\u00e4chlich besitzt diese Heilpflanze eine f\u00fcr unsere Gesundheit sehr interessante Zusammensetzung:<\/p>\n<ul>\n<li>Vitamin C<\/li>\n<li>Mineralsalze<\/li>\n<li>Antioxidantien<\/li>\n<li>Gerbs\u00e4ure<\/li>\n<li>Saccharine<\/li>\n<\/ul>\n<p>Wir kennen diese\u00a0<strong>Blume<\/strong>\u00a0haupts\u00e4chlich wegen seiner positiven Eigenschaften f\u00fcr die Haut. Aber auch f\u00fcr die Sch\u00f6nheit der Haare sowie f\u00fcr unsere Gesundheit ist sie von Vorteil!<\/p>\n<h2><strong>Was sind also die Vorteile von Rosenbl\u00e4ttern?\u00a0<\/strong><\/h2>\n<ul>\n<li>Alles wie\u00a0<strong><a href=\"https:\/\/www.safinel.fr\/de\/product-2\/shatavari-100g\/\">das Shatavari<\/a>,<\/strong>\u00a0sie f\u00f6rdern die Verdauung ;<\/li>\n<li>Helfen dem K\u00f6rper, Eisen besser zu absorbieren ;<\/li>\n<li>Beugen Durchfall vor ;<\/li>\n<li>Wohltuend f\u00fcr trockene und reife Haut ;<\/li>\n<li>St\u00e4rkt auf nat\u00fcrliche Weise das Immunsystem ;<\/li>\n<li>Tragen zu einer guten Durchblutung bei ;<\/li>\n<li>Vermindern Hautr\u00f6tungen ;<\/li>\n<li>Pflegen das Haar und machen es geschmeidig ;<\/li>\n<li>Besitzen eine aphrodisierende Wirkung, wenn sie als Aufguss verwendet werden, ebenso wie unser\u00a0<a href=\"https:\/\/www.safinel.fr\/de\/product-2\/nep-pulver-nep\/\"><strong>Nep Nep-Pulver<\/strong><\/a>...<\/li>\n<\/ul>\n<p>Sie sollten wissen, dass es viele M\u00f6glichkeiten gibt, dieses\u00a0<strong>Naturprodukt<\/strong>\u00a0: im Bad, als Peeling, als <a href=\"https:\/\/www.mon-botox-capillaire.com\/categorie-produit\/brume-cheveux\/\" target=\"_blank\" rel=\"noopener\"><strong>Haarnebel<\/strong><\/a>, ...Kr\u00e4uter- und Fr\u00fcchtetee... Seien Sie kreativ!<\/p>\n<h2><strong>Ein Rezept mit Rosenwasser\u00a0<\/strong><\/h2>\n<p>Wenn Sie sich danach sehnen, Ihre eigenen hausgemachten Kosmetika herzustellen, finden Sie hier ein einfaches Rezept f\u00fcr den Anfang!<\/p>\n<p><strong>Rosenwasser home-made :<\/strong><\/p>\n<ul>\n<li>100 g Rosenbl\u00fctenbl\u00e4tter<\/li>\n<li>250g destilliertes Wasser<\/li>\n<\/ul>\n<p><strong>Rezept:\u00a0<\/strong><\/p>\n<ol>\n<li>Zun\u00e4chst werden die Blumen auf den Boden eines zuvor sterilisierten Glasgef\u00e4\u00dfes gelegt; ;<\/li>\n<li>Gie\u00dfe dann das gesamte kochende Wasser ;<\/li>\n<li>12 Stunden einwirken lassen, dann Ihre Zubereitung filtern ;<\/li>\n<li>Schlie\u00dflich bewahren Sie diese Kosmetik in einem geschlossenen Glasgef\u00e4\u00df* auf; ;<\/li>\n<li>Sie k\u00f6nnen es jeden Morgen auf einer sauberen Haut anwenden, um von all seinen positiven Eigenschaften zu profitieren!<\/li>\n<\/ol>\n<p>* Im K\u00fchlschrank bis zu 6 Monate haltbar.<\/p>","protected":false},"excerpt":{"rendered":"<p>Auch wenn es auf den ersten Blick anders erscheinen mag, hat sich Safinel nicht der Romantik zugewandt. Rosenbl\u00e4tter werden oft als Dekorationsaccessoires verwendet. Aber wussten Sie, dass die Rose auch eine vollwertige Heilpflanze ist? Entdecken Sie die Blume der Liebe in einem neuen Licht... Rosenbl\u00fctenbl\u00e4tter: ebenso romantisch [\u2026]","protected":false},"featured_media":872,"template":"","meta":[],"product_brand":[],"product_cat":[27],"product_tag":[],"class_list":{"0":"post-871","1":"product","2":"type-product","3":"status-publish","4":"has-post-thumbnail","6":"product_cat-plantes-medicinales","8":"first","9":"instock","10":"shipping-taxable","11":"purchasable","12":"product-type-simple"},"yoast_head":"<!-- This site is optimized with the Yoast SEO plugin v26.6 - https:\/\/yoast.com\/wordpress\/plugins\/seo\/ -->\n<title>P\u00e9tales de rose I Plante m\u00e9dicinale aux bienfaits nombreux<\/title>\n<meta name=\"description\" content=\"Les p\u00e9tales de rose ne sont pas uniquement li\u00e9s \u00e0 l\u2019amour !\u00a0Elles poss\u00e8dent des bienfaits nombreux. D\u00e9couvrez notre s\u00e9lection.\" \/>\n<meta name=\"robots\" content=\"index, follow, max-snippet:-1, max-image-preview:large, max-video-preview:-1\" \/>\n<link rel=\"canonical\" href=\"https:\/\/www.safinel.fr\/de\/product-2\/rosenblatter\/\" \/>\n<meta property=\"og:locale\" content=\"de_DE\" \/>\n<meta property=\"og:type\" content=\"article\" \/>\n<meta property=\"og:title\" content=\"P\u00e9tales de rose I Plante m\u00e9dicinale aux bienfaits nombreux\" \/>\n<meta property=\"og:description\" content=\"Les p\u00e9tales de rose ne sont pas uniquement li\u00e9s \u00e0 l\u2019amour !\u00a0Elles poss\u00e8dent des bienfaits nombreux. D\u00e9couvrez notre s\u00e9lection.\" \/>\n<meta property=\"og:url\" content=\"https:\/\/www.safinel.fr\/de\/product-2\/rosenblatter\/\" \/>\n<meta property=\"og:site_name\" content=\"Safinel\" \/>\n<meta property=\"article:modified_time\" content=\"2025-10-31T13:29:00+00:00\" \/>\n<meta property=\"og:image\" content=\"https:\/\/www.safinel.fr\/wp-content\/uploads\/2022\/02\/petales-de-rose.jpg\" \/>\n\t<meta property=\"og:image:width\" content=\"600\" \/>\n\t<meta property=\"og:image:height\" content=\"600\" \/>\n\t<meta property=\"og:image:type\" content=\"image\/jpeg\" \/>\n<meta name=\"twitter:card\" content=\"summary_large_image\" \/>\n<meta name=\"twitter:label1\" content=\"Gesch\u00e4tzte Lesezeit\" \/>\n\t<meta name=\"twitter:data1\" content=\"2\u00a0Minuten\" \/>\n<script type=\"application\/ld+json\" class=\"yoast-schema-graph\">{\"@context\":\"https:\/\/schema.org\",\"@graph\":[{\"@type\":\"WebPage\",\"@id\":\"https:\/\/www.safinel.fr\/produit\/petales-de-rose\/\",\"url\":\"https:\/\/www.safinel.fr\/produit\/petales-de-rose\/\",\"name\":\"P\u00e9tales de rose I Plante m\u00e9dicinale aux bienfaits nombreux\",\"isPartOf\":{\"@id\":\"https:\/\/www.safinel.fr\/#website\"},\"primaryImageOfPage\":{\"@id\":\"https:\/\/www.safinel.fr\/produit\/petales-de-rose\/#primaryimage\"},\"image\":{\"@id\":\"https:\/\/www.safinel.fr\/produit\/petales-de-rose\/#primaryimage\"},\"thumbnailUrl\":\"https:\/\/www.safinel.fr\/wp-content\/uploads\/2022\/02\/petales-de-rose.jpg\",\"datePublished\":\"2022-02-24T09:16:56+00:00\",\"dateModified\":\"2025-10-31T13:29:00+00:00\",\"description\":\"Les p\u00e9tales de rose ne sont pas uniquement li\u00e9s \u00e0 l\u2019amour !\u00a0Elles poss\u00e8dent des bienfaits nombreux. D\u00e9couvrez notre s\u00e9lection.\",\"breadcrumb\":{\"@id\":\"https:\/\/www.safinel.fr\/produit\/petales-de-rose\/#breadcrumb\"},\"inLanguage\":\"de\",\"potentialAction\":[{\"@type\":\"ReadAction\",\"target\":[\"https:\/\/www.safinel.fr\/produit\/petales-de-rose\/\"]}]},{\"@type\":\"ImageObject\",\"inLanguage\":\"de\",\"@id\":\"https:\/\/www.safinel.fr\/produit\/petales-de-rose\/#primaryimage\",\"url\":\"https:\/\/www.safinel.fr\/wp-content\/uploads\/2022\/02\/petales-de-rose.jpg\",\"contentUrl\":\"https:\/\/www.safinel.fr\/wp-content\/uploads\/2022\/02\/petales-de-rose.jpg\",\"width\":600,\"height\":600,\"caption\":\"P\u00e9tales de rose 100g\"},{\"@type\":\"BreadcrumbList\",\"@id\":\"https:\/\/www.safinel.fr\/produit\/petales-de-rose\/#breadcrumb\",\"itemListElement\":[{\"@type\":\"ListItem\",\"position\":1,\"name\":\"Accueil\",\"item\":\"https:\/\/www.safinel.fr\/\"},{\"@type\":\"ListItem\",\"position\":2,\"name\":\"Boutique\",\"item\":\"https:\/\/www.safinel.fr\/boutique\/\"},{\"@type\":\"ListItem\",\"position\":3,\"name\":\"P\u00e9tales de rose 100g\"}]},{\"@type\":\"WebSite\",\"@id\":\"https:\/\/www.safinel.fr\/#website\",\"url\":\"https:\/\/www.safinel.fr\/\",\"name\":\"Safinel\",\"description\":\"\",\"publisher\":{\"@id\":\"https:\/\/www.safinel.fr\/#organization\"},\"potentialAction\":[{\"@type\":\"SearchAction\",\"target\":{\"@type\":\"EntryPoint\",\"urlTemplate\":\"https:\/\/www.safinel.fr\/?s={search_term_string}\"},\"query-input\":{\"@type\":\"PropertyValueSpecification\",\"valueRequired\":true,\"valueName\":\"search_term_string\"}}],\"inLanguage\":\"de\"},{\"@type\":\"Organization\",\"@id\":\"https:\/\/www.safinel.fr\/#organization\",\"name\":\"Safinel\",\"url\":\"https:\/\/www.safinel.fr\/\",\"logo\":{\"@type\":\"ImageObject\",\"inLanguage\":\"de\",\"@id\":\"https:\/\/www.safinel.fr\/#\/schema\/logo\/image\/\",\"url\":\"https:\/\/www.safinel.fr\/wp-content\/uploads\/2021\/05\/boutique-cosmetique.png\",\"contentUrl\":\"https:\/\/www.safinel.fr\/wp-content\/uploads\/2021\/05\/boutique-cosmetique.png\",\"width\":800,\"height\":200,\"caption\":\"Safinel\"},\"image\":{\"@id\":\"https:\/\/www.safinel.fr\/#\/schema\/logo\/image\/\"}}]}<\/script>\n<!-- \/ Yoast SEO plugin. -->","yoast_head_json":{"title":"Rosenbl\u00fctenbl\u00e4tter I Heilpflanze mit vielen Vorteilen","description":"Rosenbl\u00e4tter sind nicht nur mit der Liebe verbunden! Sie besitzen zahlreiche positive Eigenschaften. Entdecken Sie unsere Auswahl.","robots":{"index":"index","follow":"follow","max-snippet":"max-snippet:-1","max-image-preview":"max-image-preview:large","max-video-preview":"max-video-preview:-1"},"canonical":"https:\/\/www.safinel.fr\/de\/product-2\/rosenblatter\/","og_locale":"de_DE","og_type":"article","og_title":"P\u00e9tales de rose I Plante m\u00e9dicinale aux bienfaits nombreux","og_description":"Les p\u00e9tales de rose ne sont pas uniquement li\u00e9s \u00e0 l\u2019amour !\u00a0Elles poss\u00e8dent des bienfaits nombreux. D\u00e9couvrez notre s\u00e9lection.","og_url":"https:\/\/www.safinel.fr\/de\/product-2\/rosenblatter\/","og_site_name":"Safinel","article_modified_time":"2025-10-31T13:29:00+00:00","og_image":[{"width":600,"height":600,"url":"https:\/\/www.safinel.fr\/wp-content\/uploads\/2022\/02\/petales-de-rose.jpg","type":"image\/jpeg"}],"twitter_card":"summary_large_image","twitter_misc":{"Gesch\u00e4tzte Lesezeit":"2\u00a0Minuten"},"schema":{"@context":"https:\/\/schema.org","@graph":[{"@type":"WebPage","@id":"https:\/\/www.safinel.fr\/produit\/petales-de-rose\/","url":"https:\/\/www.safinel.fr\/produit\/petales-de-rose\/","name":"Rosenbl\u00fctenbl\u00e4tter I Heilpflanze mit vielen Vorteilen","isPartOf":{"@id":"https:\/\/www.safinel.fr\/#website"},"primaryImageOfPage":{"@id":"https:\/\/www.safinel.fr\/produit\/petales-de-rose\/#primaryimage"},"image":{"@id":"https:\/\/www.safinel.fr\/produit\/petales-de-rose\/#primaryimage"},"thumbnailUrl":"https:\/\/www.safinel.fr\/wp-content\/uploads\/2022\/02\/petales-de-rose.jpg","datePublished":"2022-02-24T09:16:56+00:00","dateModified":"2025-10-31T13:29:00+00:00","description":"Rosenbl\u00e4tter sind nicht nur mit der Liebe verbunden! Sie besitzen zahlreiche positive Eigenschaften. Entdecken Sie unsere Auswahl.","breadcrumb":{"@id":"https:\/\/www.safinel.fr\/produit\/petales-de-rose\/#breadcrumb"},"inLanguage":"de","potentialAction":[{"@type":"ReadAction","target":["https:\/\/www.safinel.fr\/produit\/petales-de-rose\/"]}]},{"@type":"ImageObject","inLanguage":"de","@id":"https:\/\/www.safinel.fr\/produit\/petales-de-rose\/#primaryimage","url":"https:\/\/www.safinel.fr\/wp-content\/uploads\/2022\/02\/petales-de-rose.jpg","contentUrl":"https:\/\/www.safinel.fr\/wp-content\/uploads\/2022\/02\/petales-de-rose.jpg","width":600,"height":600,"caption":"P\u00e9tales de rose 100g"},{"@type":"BreadcrumbList","@id":"https:\/\/www.safinel.fr\/produit\/petales-de-rose\/#breadcrumb","itemListElement":[{"@type":"ListItem","position":1,"name":"Accueil","item":"https:\/\/www.safinel.fr\/"},{"@type":"ListItem","position":2,"name":"Boutique","item":"https:\/\/www.safinel.fr\/boutique\/"},{"@type":"ListItem","position":3,"name":"P\u00e9tales de rose 100g"}]},{"@type":"WebSite","@id":"https:\/\/www.safinel.fr\/#website","url":"https:\/\/www.safinel.fr\/","name":"Safinel","description":"","publisher":{"@id":"https:\/\/www.safinel.fr\/#organization"},"potentialAction":[{"@type":"SearchAction","target":{"@type":"EntryPoint","urlTemplate":"https:\/\/www.safinel.fr\/?s={search_term_string}"},"query-input":{"@type":"PropertyValueSpecification","valueRequired":true,"valueName":"search_term_string"}}],"inLanguage":"de"},{"@type":"Organization","@id":"https:\/\/www.safinel.fr\/#organization","name":"Safinel","url":"https:\/\/www.safinel.fr\/","logo":{"@type":"ImageObject","inLanguage":"de","@id":"https:\/\/www.safinel.fr\/#\/schema\/logo\/image\/","url":"https:\/\/www.safinel.fr\/wp-content\/uploads\/2021\/05\/boutique-cosmetique.png","contentUrl":"https:\/\/www.safinel.fr\/wp-content\/uploads\/2021\/05\/boutique-cosmetique.png","width":800,"height":200,"caption":"Safinel"},"image":{"@id":"https:\/\/www.safinel.fr\/#\/schema\/logo\/image\/"}}]}},"_links":{"self":[{"href":"https:\/\/www.safinel.fr\/de\/wp-json\/wp\/v2\/product\/871","targetHints":{"allow":["GET"]}}],"collection":[{"href":"https:\/\/www.safinel.fr\/de\/wp-json\/wp\/v2\/product"}],"about":[{"href":"https:\/\/www.safinel.fr\/de\/wp-json\/wp\/v2\/types\/product"}],"wp:featuredmedia":[{"embeddable":true,"href":"https:\/\/www.safinel.fr\/de\/wp-json\/wp\/v2\/media\/872"}],"wp:attachment":[{"href":"https:\/\/www.safinel.fr\/de\/wp-json\/wp\/v2\/media?parent=871"}],"wp:term":[{"taxonomy":"product_brand","embeddable":true,"href":"https:\/\/www.safinel.fr\/de\/wp-json\/wp\/v2\/product_brand?post=871"},{"taxonomy":"product_cat","embeddable":true,"href":"https:\/\/www.safinel.fr\/de\/wp-json\/wp\/v2\/product_cat?post=871"},{"taxonomy":"product_tag","embeddable":true,"href":"https:\/\/www.safinel.fr\/de\/wp-json\/wp\/v2\/product_tag?post=871"}],"curies":[{"name":"wp","href":"https:\/\/api.w.org\/{rel}","templated":true}]}}