{"id":869,"date":"2022-02-24T09:12:33","date_gmt":"2022-02-24T09:12:33","guid":{"rendered":"https:\/\/www.safinel.fr\/?post_type=product&#038;p=869"},"modified":"2023-12-28T17:15:13","modified_gmt":"2023-12-28T17:15:13","slug":"tulsiblatter","status":"publish","type":"product","link":"https:\/\/www.safinel.fr\/de\/product-2\/tulsiblatter\/","title":{"rendered":"Tulsi-Bl\u00e4tter 100g"},"content":{"rendered":"<p>Psychologische M\u00fcdigkeit, Alltagsstress... viele Faktoren, die mit einem m\u00f6glichen Unwohlsein verbunden sind. Sich in seinem Kopf und in seinen Turnschuhen wohl zu f\u00fchlen, kann manchmal schwierig sein. Die Arbeit, das Familienleben und die kleinen Nebenerscheinungen k\u00f6nnen kompliziert zu bew\u00e4ltigen sein? Den Geist und die \u00c4ngste zu befreien ist dann von gr\u00f6\u00dfter Bedeutung! Entdecken Sie dazu die<strong>\u00a0Tulsi-Bl\u00e4tter\u00a0<\/strong>!<\/p>\n<h2><strong>Kurze Geschichte \u00fcber Tulsi-Bl\u00e4tter<\/strong><\/h2>\n<p>Die aus Indien stammende Pflanze ist auch bekannt unter dem Namen\u00a0<strong>von k\u00f6niglichem Gras\u00a0<\/strong>oder \u201c<strong>Lebenselixier<\/strong>\u00a0\u201d. Dieses Land, in dem die\u00a0<strong>Medizin<\/strong>\u00a0<strong>ayurvedisch<\/strong>\u00a0besitzt viele Pflanzen mit unbekannten Vorteilen.<\/p>\n<p>Allerdings geh\u00f6rt diese Pflanze zur nahen Familie des Basilikums und wird vor allem in Indien wegen ihrer reinigenden F\u00e4higkeiten verwendet. Die 30 bis 100 cm hohe Pflanze mit ihren violetten Bl\u00e4ttern und malvenfarbenen Bl\u00fcten wird Sie vielleicht begeistern. Lamiaceae, deren botanischer Name lautet\u00a0<strong>Ocimum tenuiflorum<\/strong>\u00a0!<\/p>\n<p>Sie wird oft zu spirituellen Zwecken verwendet, ist aber genauso gut ein Pluspunkt f\u00fcr das Wohlbefinden.<\/p>\n<p>Ihr auf Naturprodukte spezialisierter Shop ist immer darauf bedacht, Ihnen Artikel anzubieten, die zu Ihnen passen! Wenn Sie neugierig sind auf\u00a0<strong>Naturprodukte\u00a0<\/strong>gut f\u00fcr Ihren Organismus, bleiben Sie sitzen, denn Sie sind am richtigen Ort!<\/p>\n<h2><strong>Tulsibl\u00e4tter: Ein Ausgleich f\u00fcr den Geist\u00a0<\/strong><\/h2>\n<p>Manchmal ist es schwierig, die Tumulte des Lebens zu kumulieren, und k\u00f6rperliche und psychische M\u00fcdigkeit k\u00f6nnen sich schnell bemerkbar machen. Aus diesem Grund ist es umso wichtiger, gut betreut zu sein. Ein gesunder Geist kann dabei helfen, die wenigen Sorgen des Lebens zu organisieren und zu bew\u00e4ltigen.<\/p>\n<p>Wenn Sie \u00e4ngstlich oder manchmal gestresst von allt\u00e4glichen Unruhen sind, die\u00a0<strong>Tulsibl\u00e4tter<\/strong>\u00a0k\u00f6nnen ein echter Gewinn f\u00fcr Sie sein! In Form von<strong>\u00a0Kr\u00e4utertee<\/strong>\u00a0oder in\u00a0<strong>Aufguss<\/strong>, Diese\u00a0<strong>nat\u00fcrliche Pflanze\u00a0<\/strong>wird f\u00fcr Sie der richtige Begleiter sein.<\/p>\n<p>Ob f\u00fcr M\u00e4nner oder f\u00fcr Frauen, der<strong>\u2019Das Elixier des Lebens<\/strong>\u00a0ist bei anderen Gemeinschaften f\u00fcr seine aktiven\u00a0<strong>Anti-Stress<\/strong>. Lassen Sie sich also von diesen aromatisierten Bl\u00e4ttern voller Tugenden verzaubern.<\/p>\n<h2><strong>Kennen Sie die Vorteile von Tulsi-Bl\u00e4ttern?<\/strong><\/h2>\n<p>Diese sogenannte Pflanze<strong>\u00a0K\u00f6nigskraut<\/strong>\u00a0wird bei unseren Nachbarn in Asien und Afrika wegen seines bereichernden Aspekts f\u00fcr den menschlichen K\u00f6rper, aber auch f\u00fcr den Geist verwendet. Es ist Zeit f\u00fcr Sie, herauszufinden, was sich hinter diesem Wunder der Natur verbirgt:<\/p>\n<ul>\n<li>Sie kann helfen, das Immunsystem zu st\u00e4rken<\/li>\n<li>Bekannt daf\u00fcr, gegen das Altern zu wirken<\/li>\n<li>Besitzt entz\u00fcndungshemmende Wirkstoffe<\/li>\n<li>Kann bei bestimmten Krankheiten ( Erk\u00e4ltung, Husten... ) wirksam sein.<\/li>\n<li>Es hilft auch, die Verdauung zu bonifizieren<\/li>\n<\/ul>\n<p>Viele n\u00fctzliche Tugenden f\u00fcr Ihr Wohlbefinden, die Sie vielleicht zu sch\u00e4tzen wissen. Deshalb stellt Ihr Safinel-Shop nat\u00fcrliche Produkte in den Vordergrund, die Ihren Bed\u00fcrfnissen gerecht werden!<\/p>\n<h3><strong>Ayurvedische Pflanzen, die gefallen!<\/strong><\/h3>\n<p>Es gibt n\u00e4mlich verschiedene Pflanzen, die f\u00fcr Sie in Frage kommen.\u00a0<a href=\"https:\/\/www.safinel.fr\/de\/product-2\/bhringaraj-pulver-100g\/\"><strong>Bhringaraj-Pulver<\/strong><\/a>\u00a0oder\u00a0<a href=\"https:\/\/www.safinel.fr\/de\/product-2\/reetha-pulver\/\"><strong>Reetha-Pulver<\/strong><\/a>, l<strong>\u2018Ayurveda<\/strong>\u00a0steht im Mittelpunkt! Wie Sie sehen, m\u00f6chte Ihr Online-Spezialist immer auf Ihre Bed\u00fcrfnisse eingehen, dank Naturartikeln voller Tugenden!<\/p>\n<p>Ihr Wohlbefinden ist eine unserer Hauptmotivationen, deshalb bem\u00fchen wir uns, Qualit\u00e4tsprodukte anzubieten!<\/p>","protected":false},"excerpt":{"rendered":"<p>Fatigue psychologique, stress quotidien\u2026 de nombreux facteurs li\u00e9s \u00e0 un possible mal-\u00eatre. Se sentir bien dans sa t\u00eate et dans ses baskets peut parfois \u00eatre difficile. Le travail, la vie de famille et les petits \u00e0-c\u00f4t\u00e9s peuvent \u00eatre compliqu\u00e9s \u00e0 g\u00e9rer ? Lib\u00e9rer son esprit et son anxi\u00e9t\u00e9 est alors primordial ! Pour cela, d\u00e9couvrez [&#8230;]","protected":false},"featured_media":870,"template":"","meta":[],"product_brand":[],"product_cat":[27],"product_tag":[],"class_list":{"0":"post-869","1":"product","2":"type-product","3":"status-publish","4":"has-post-thumbnail","6":"product_cat-plantes-medicinales","8":"first","9":"instock","10":"shipping-taxable","11":"purchasable","12":"product-type-simple"},"yoast_head":"<!-- This site is optimized with the Yoast SEO plugin v26.6 - https:\/\/yoast.com\/wordpress\/plugins\/seo\/ -->\n<title>Feuilles de Tulsi 100g I Prenez soin de vous en quelques clics<\/title>\n<meta name=\"description\" content=\"Lib\u00e9rer son esprit et son anxi\u00e9t\u00e9 est alors primordial ! Pour cela, d\u00e9couvrez les\u00a0Feuilles de Tulsi\u00a0en contenance 100g !\" \/>\n<meta name=\"robots\" content=\"index, follow, max-snippet:-1, max-image-preview:large, max-video-preview:-1\" \/>\n<link rel=\"canonical\" href=\"https:\/\/www.safinel.fr\/de\/product-2\/tulsiblatter\/\" \/>\n<meta property=\"og:locale\" content=\"de_DE\" \/>\n<meta property=\"og:type\" content=\"article\" \/>\n<meta property=\"og:title\" content=\"Feuilles de Tulsi 100g I Prenez soin de vous en quelques clics\" \/>\n<meta property=\"og:description\" content=\"Lib\u00e9rer son esprit et son anxi\u00e9t\u00e9 est alors primordial ! Pour cela, d\u00e9couvrez les\u00a0Feuilles de Tulsi\u00a0en contenance 100g !\" \/>\n<meta property=\"og:url\" content=\"https:\/\/www.safinel.fr\/de\/product-2\/tulsiblatter\/\" \/>\n<meta property=\"og:site_name\" content=\"Safinel\" \/>\n<meta property=\"article:modified_time\" content=\"2023-12-28T17:15:13+00:00\" \/>\n<meta property=\"og:image\" content=\"https:\/\/www.safinel.fr\/wp-content\/uploads\/2022\/02\/feuilles-de-tulsi.jpg\" \/>\n\t<meta property=\"og:image:width\" content=\"600\" \/>\n\t<meta property=\"og:image:height\" content=\"600\" \/>\n\t<meta property=\"og:image:type\" content=\"image\/jpeg\" \/>\n<meta name=\"twitter:card\" content=\"summary_large_image\" \/>\n<meta name=\"twitter:label1\" content=\"Gesch\u00e4tzte Lesezeit\" \/>\n\t<meta name=\"twitter:data1\" content=\"3\u00a0Minuten\" \/>\n<script type=\"application\/ld+json\" class=\"yoast-schema-graph\">{\"@context\":\"https:\/\/schema.org\",\"@graph\":[{\"@type\":\"WebPage\",\"@id\":\"https:\/\/www.safinel.fr\/produit\/feuilles-de-tulsi\/\",\"url\":\"https:\/\/www.safinel.fr\/produit\/feuilles-de-tulsi\/\",\"name\":\"Feuilles de Tulsi 100g I Prenez soin de vous en quelques clics\",\"isPartOf\":{\"@id\":\"https:\/\/www.safinel.fr\/#website\"},\"primaryImageOfPage\":{\"@id\":\"https:\/\/www.safinel.fr\/produit\/feuilles-de-tulsi\/#primaryimage\"},\"image\":{\"@id\":\"https:\/\/www.safinel.fr\/produit\/feuilles-de-tulsi\/#primaryimage\"},\"thumbnailUrl\":\"https:\/\/www.safinel.fr\/wp-content\/uploads\/2022\/02\/feuilles-de-tulsi.jpg\",\"datePublished\":\"2022-02-24T09:12:33+00:00\",\"dateModified\":\"2023-12-28T17:15:13+00:00\",\"description\":\"Lib\u00e9rer son esprit et son anxi\u00e9t\u00e9 est alors primordial ! Pour cela, d\u00e9couvrez les\u00a0Feuilles de Tulsi\u00a0en contenance 100g !\",\"breadcrumb\":{\"@id\":\"https:\/\/www.safinel.fr\/produit\/feuilles-de-tulsi\/#breadcrumb\"},\"inLanguage\":\"de\",\"potentialAction\":[{\"@type\":\"ReadAction\",\"target\":[\"https:\/\/www.safinel.fr\/produit\/feuilles-de-tulsi\/\"]}]},{\"@type\":\"ImageObject\",\"inLanguage\":\"de\",\"@id\":\"https:\/\/www.safinel.fr\/produit\/feuilles-de-tulsi\/#primaryimage\",\"url\":\"https:\/\/www.safinel.fr\/wp-content\/uploads\/2022\/02\/feuilles-de-tulsi.jpg\",\"contentUrl\":\"https:\/\/www.safinel.fr\/wp-content\/uploads\/2022\/02\/feuilles-de-tulsi.jpg\",\"width\":600,\"height\":600,\"caption\":\"Feuilles de Tulsi 100g\"},{\"@type\":\"BreadcrumbList\",\"@id\":\"https:\/\/www.safinel.fr\/produit\/feuilles-de-tulsi\/#breadcrumb\",\"itemListElement\":[{\"@type\":\"ListItem\",\"position\":1,\"name\":\"Accueil\",\"item\":\"https:\/\/www.safinel.fr\/\"},{\"@type\":\"ListItem\",\"position\":2,\"name\":\"Boutique\",\"item\":\"https:\/\/www.safinel.fr\/boutique\/\"},{\"@type\":\"ListItem\",\"position\":3,\"name\":\"Feuilles de Tulsi 100g\"}]},{\"@type\":\"WebSite\",\"@id\":\"https:\/\/www.safinel.fr\/#website\",\"url\":\"https:\/\/www.safinel.fr\/\",\"name\":\"Safinel\",\"description\":\"\",\"publisher\":{\"@id\":\"https:\/\/www.safinel.fr\/#organization\"},\"potentialAction\":[{\"@type\":\"SearchAction\",\"target\":{\"@type\":\"EntryPoint\",\"urlTemplate\":\"https:\/\/www.safinel.fr\/?s={search_term_string}\"},\"query-input\":{\"@type\":\"PropertyValueSpecification\",\"valueRequired\":true,\"valueName\":\"search_term_string\"}}],\"inLanguage\":\"de\"},{\"@type\":\"Organization\",\"@id\":\"https:\/\/www.safinel.fr\/#organization\",\"name\":\"Safinel\",\"url\":\"https:\/\/www.safinel.fr\/\",\"logo\":{\"@type\":\"ImageObject\",\"inLanguage\":\"de\",\"@id\":\"https:\/\/www.safinel.fr\/#\/schema\/logo\/image\/\",\"url\":\"https:\/\/www.safinel.fr\/wp-content\/uploads\/2021\/05\/boutique-cosmetique.png\",\"contentUrl\":\"https:\/\/www.safinel.fr\/wp-content\/uploads\/2021\/05\/boutique-cosmetique.png\",\"width\":800,\"height\":200,\"caption\":\"Safinel\"},\"image\":{\"@id\":\"https:\/\/www.safinel.fr\/#\/schema\/logo\/image\/\"}}]}<\/script>\n<!-- \/ Yoast SEO plugin. -->","yoast_head_json":{"title":"Tulsi-Bl\u00e4tter 100g I Verw\u00f6hnen Sie sich mit nur wenigen Klicks","description":"Die Befreiung des Geistes und der Angst ist dann von gr\u00f6\u00dfter Bedeutung! Entdecken Sie dazu die Tulsi-Bl\u00e4tter in 100 g!","robots":{"index":"index","follow":"follow","max-snippet":"max-snippet:-1","max-image-preview":"max-image-preview:large","max-video-preview":"max-video-preview:-1"},"canonical":"https:\/\/www.safinel.fr\/de\/product-2\/tulsiblatter\/","og_locale":"de_DE","og_type":"article","og_title":"Feuilles de Tulsi 100g I Prenez soin de vous en quelques clics","og_description":"Lib\u00e9rer son esprit et son anxi\u00e9t\u00e9 est alors primordial ! Pour cela, d\u00e9couvrez les\u00a0Feuilles de Tulsi\u00a0en contenance 100g !","og_url":"https:\/\/www.safinel.fr\/de\/product-2\/tulsiblatter\/","og_site_name":"Safinel","article_modified_time":"2023-12-28T17:15:13+00:00","og_image":[{"width":600,"height":600,"url":"https:\/\/www.safinel.fr\/wp-content\/uploads\/2022\/02\/feuilles-de-tulsi.jpg","type":"image\/jpeg"}],"twitter_card":"summary_large_image","twitter_misc":{"Gesch\u00e4tzte Lesezeit":"3\u00a0Minuten"},"schema":{"@context":"https:\/\/schema.org","@graph":[{"@type":"WebPage","@id":"https:\/\/www.safinel.fr\/produit\/feuilles-de-tulsi\/","url":"https:\/\/www.safinel.fr\/produit\/feuilles-de-tulsi\/","name":"Tulsi-Bl\u00e4tter 100g I Verw\u00f6hnen Sie sich mit nur wenigen Klicks","isPartOf":{"@id":"https:\/\/www.safinel.fr\/#website"},"primaryImageOfPage":{"@id":"https:\/\/www.safinel.fr\/produit\/feuilles-de-tulsi\/#primaryimage"},"image":{"@id":"https:\/\/www.safinel.fr\/produit\/feuilles-de-tulsi\/#primaryimage"},"thumbnailUrl":"https:\/\/www.safinel.fr\/wp-content\/uploads\/2022\/02\/feuilles-de-tulsi.jpg","datePublished":"2022-02-24T09:12:33+00:00","dateModified":"2023-12-28T17:15:13+00:00","description":"Die Befreiung des Geistes und der Angst ist dann von gr\u00f6\u00dfter Bedeutung! Entdecken Sie dazu die Tulsi-Bl\u00e4tter in 100 g!","breadcrumb":{"@id":"https:\/\/www.safinel.fr\/produit\/feuilles-de-tulsi\/#breadcrumb"},"inLanguage":"de","potentialAction":[{"@type":"ReadAction","target":["https:\/\/www.safinel.fr\/produit\/feuilles-de-tulsi\/"]}]},{"@type":"ImageObject","inLanguage":"de","@id":"https:\/\/www.safinel.fr\/produit\/feuilles-de-tulsi\/#primaryimage","url":"https:\/\/www.safinel.fr\/wp-content\/uploads\/2022\/02\/feuilles-de-tulsi.jpg","contentUrl":"https:\/\/www.safinel.fr\/wp-content\/uploads\/2022\/02\/feuilles-de-tulsi.jpg","width":600,"height":600,"caption":"Feuilles de Tulsi 100g"},{"@type":"BreadcrumbList","@id":"https:\/\/www.safinel.fr\/produit\/feuilles-de-tulsi\/#breadcrumb","itemListElement":[{"@type":"ListItem","position":1,"name":"Accueil","item":"https:\/\/www.safinel.fr\/"},{"@type":"ListItem","position":2,"name":"Boutique","item":"https:\/\/www.safinel.fr\/boutique\/"},{"@type":"ListItem","position":3,"name":"Feuilles de Tulsi 100g"}]},{"@type":"WebSite","@id":"https:\/\/www.safinel.fr\/#website","url":"https:\/\/www.safinel.fr\/","name":"Safinel","description":"","publisher":{"@id":"https:\/\/www.safinel.fr\/#organization"},"potentialAction":[{"@type":"SearchAction","target":{"@type":"EntryPoint","urlTemplate":"https:\/\/www.safinel.fr\/?s={search_term_string}"},"query-input":{"@type":"PropertyValueSpecification","valueRequired":true,"valueName":"search_term_string"}}],"inLanguage":"de"},{"@type":"Organization","@id":"https:\/\/www.safinel.fr\/#organization","name":"Safinel","url":"https:\/\/www.safinel.fr\/","logo":{"@type":"ImageObject","inLanguage":"de","@id":"https:\/\/www.safinel.fr\/#\/schema\/logo\/image\/","url":"https:\/\/www.safinel.fr\/wp-content\/uploads\/2021\/05\/boutique-cosmetique.png","contentUrl":"https:\/\/www.safinel.fr\/wp-content\/uploads\/2021\/05\/boutique-cosmetique.png","width":800,"height":200,"caption":"Safinel"},"image":{"@id":"https:\/\/www.safinel.fr\/#\/schema\/logo\/image\/"}}]}},"_links":{"self":[{"href":"https:\/\/www.safinel.fr\/de\/wp-json\/wp\/v2\/product\/869","targetHints":{"allow":["GET"]}}],"collection":[{"href":"https:\/\/www.safinel.fr\/de\/wp-json\/wp\/v2\/product"}],"about":[{"href":"https:\/\/www.safinel.fr\/de\/wp-json\/wp\/v2\/types\/product"}],"wp:featuredmedia":[{"embeddable":true,"href":"https:\/\/www.safinel.fr\/de\/wp-json\/wp\/v2\/media\/870"}],"wp:attachment":[{"href":"https:\/\/www.safinel.fr\/de\/wp-json\/wp\/v2\/media?parent=869"}],"wp:term":[{"taxonomy":"product_brand","embeddable":true,"href":"https:\/\/www.safinel.fr\/de\/wp-json\/wp\/v2\/product_brand?post=869"},{"taxonomy":"product_cat","embeddable":true,"href":"https:\/\/www.safinel.fr\/de\/wp-json\/wp\/v2\/product_cat?post=869"},{"taxonomy":"product_tag","embeddable":true,"href":"https:\/\/www.safinel.fr\/de\/wp-json\/wp\/v2\/product_tag?post=869"}],"curies":[{"name":"wp","href":"https:\/\/api.w.org\/{rel}","templated":true}]}}