{"id":867,"date":"2022-02-24T09:04:59","date_gmt":"2022-02-24T09:04:59","guid":{"rendered":"https:\/\/www.safinel.fr\/?post_type=product&#038;p=867"},"modified":"2024-05-02T14:11:40","modified_gmt":"2024-05-02T14:11:40","slug":"ashwagandha-ganze-wurzel","status":"publish","type":"product","link":"https:\/\/www.safinel.fr\/de\/product-2\/ashwagandha-ganze-wurzel\/","title":{"rendered":"Ashwagandha Pulver 100g"},"content":{"rendered":"<p class=\"p1\">Sind Sie von Natur aus oder eher punktuell \u00e4ngstlich? Die Schikanen des Lebens machen manchmal keine Geschenke! Stress am Arbeitsplatz in Kombination mit einem Haushalt, der gef\u00fchrt werden muss, kann manchmal un\u00fcberwindbar erscheinen und sich auf die Libido auswirken! Um dem entgegenzuwirken, m\u00f6chte Ihre Boutique, die auf Naturprodukte spezialisiert ist, Ihnen die folgenden Tipps geben.<b>\u2018Ashwagandha ganze Wurzel!<\/b><\/p>\n<h2 class=\"p3\"><b>Die ganze Ashwagandha-Wurzel: Was ist das?<\/b><\/h2>\n<p class=\"p1\">Haben Sie schon einmal von dieser Pflanze namens <b>Ashwagandha<\/b> ? Bleiben Sie stehen, wir werden versuchen, Licht ins Dunkel zu bringen!<span class=\"Apple-converted-space\">\u00a0<\/span><\/p>\n<p class=\"p1\">Zun\u00e4chst einmal stammt die Pflanze aus Indien, einem Land mit angenehmen und attraktiven Landschaften, und hat viele positive Eigenschaften. Von der <b>Familie der Nachtschattengew\u00e4chse<\/b>, Diese krautige Pflanze ist f\u00fcr ihre wohltuenden Eigenschaften bekannt.<span class=\"Apple-converted-space\">\u00a0<\/span><\/p>\n<p class=\"p1\">Diese ist an ihrem Aussehen und ihren roten oder orangefarbenen Beerensorten zu erkennen und hat eine Vielzahl von Vorteilen. Vor allem in seinen Wurzeln!<span class=\"Apple-converted-space\">\u00a0<\/span><\/p>\n<p class=\"p1\">Auch genannt <b><i>Withania somnifera<\/i><\/b>, <b>Indischer Ginseng<\/b>, oder <b>Schlafende G\u00e4nsebl\u00fcmchen<\/b>, In der Regel wird sie von einigen als ein echter Vorteil angesehen.<span class=\"Apple-converted-space\">\u00a0<\/span><\/p>\n<h2 class=\"p3\"><b>Die Vorteile der Ashwagandha-Pflanze ganze Wurzel!<\/b><\/h2>\n<p class=\"p1\">In der Tat n\u00fctzlich f\u00fcr diejenigen mit <b>Angstprobleme<\/b> und Stress. Seien Sie sich bewusst, dass diese Pflanze ein echter Gewinn f\u00fcr Ihre Entspannung sein kann!<span class=\"Apple-converted-space\">\u00a0<\/span><\/p>\n<p class=\"p1\">F\u00fcr erfahrene Sportler oder Sonntagssportler ist es gut zu wissen, dass sie auch f\u00fcr ihre energiespendenden F\u00e4higkeiten bekannt ist. Sie ist insbesondere n\u00fctzlich f\u00fcr <b>den Muskeln helfen<\/b> zu erholen. Genau wie der <a href=\"https:\/\/www.safinel.fr\/de\/product-2\/tribulus\/\"><b>Trib\u00fcne<\/b><\/a>, .<span class=\"Apple-converted-space\">\u00a0<\/span><\/p>\n<p class=\"p1\">In Asien wird diese Pflanze auch verwendet, um <b>bei der Fruchtbarkeit helfen<\/b>. Sie wird von einigen als <b>nat\u00fcrliches Aphrodisiakum<\/b>, Das ist eine gute Idee und kann ein Vorteil f\u00fcr das Intimleben sein!<\/p>\n<h3 class=\"p3\"><b>Ayurveda, eine vergessene Wissenschaft!<span class=\"Apple-converted-space\">\u00a0<\/span><\/b><\/h3>\n<p class=\"p1\">Kennen Sie die <b>ayurvedische Medizin <\/b>? Die ayurvedische Medizin ist eine sogenannte traditionelle Medizin, die darauf abzielt, den Kranken und nicht die Krankheit zu heilen. Sie ist auf dem asiatischen Kontinent sehr bekannt, wird aber auch bei anderen Gemeinschaften praktiziert! <a href=\"https:\/\/www.safinel.fr\/de\/product-2\/kapoor-kachli\/\"><b>Kapoor kachli<\/b><\/a>, <a href=\"https:\/\/www.safinel.fr\/de\/product-2\/reetha-pulver\/\"><b>Reetha-Pulver<\/b><\/a> oder <b>ayurvedisches Sidr-Pulver<\/b>, Entdecken Sie viele nat\u00fcrliche Produkte bei Ihrem Fachmann. <i>Safinel<\/i> !<\/p>","protected":false},"excerpt":{"rendered":"<p>Sind Sie von Natur aus \u00e4ngstlich oder nur gelegentlich? Die Widrigkeiten des Lebens machen es einem manchmal nicht leicht! Stress bei der Arbeit und gleichzeitig einen Haushalt zu f\u00fchren, kann manchmal un\u00fcberwindbar erscheinen und sich somit auf die Libido auswirken! Um dem entgegenzuwirken, hat sich Ihr Fachgesch\u00e4ft f\u00fcr Produkte [\u2026]","protected":false},"featured_media":868,"template":"","meta":[],"product_brand":[],"product_cat":[27],"product_tag":[],"class_list":{"0":"post-867","1":"product","2":"type-product","3":"status-publish","4":"has-post-thumbnail","6":"product_cat-plantes-medicinales","8":"first","9":"outofstock","10":"shipping-taxable","11":"purchasable","12":"product-type-simple"},"yoast_head":"<!-- This site is optimized with the Yoast SEO plugin v26.6 - https:\/\/yoast.com\/wordpress\/plugins\/seo\/ -->\n<title>Ashwagandha racine enti\u00e8re I Bienfaits nombreux I Achat s\u00e9curis\u00e9<\/title>\n<meta name=\"description\" content=\"Avez-vous d\u00e9j\u00e0 entendu parler de cette plante nomm\u00e9e Ashwagandha ? Ne bougez plus, nous allons essayer d\u2019\u00e9claircir tout cela !\" \/>\n<meta name=\"robots\" content=\"index, follow, max-snippet:-1, max-image-preview:large, max-video-preview:-1\" \/>\n<link rel=\"canonical\" href=\"https:\/\/www.safinel.fr\/de\/product-2\/ashwagandha-ganze-wurzel\/\" \/>\n<meta property=\"og:locale\" content=\"de_DE\" \/>\n<meta property=\"og:type\" content=\"article\" \/>\n<meta property=\"og:title\" content=\"Ashwagandha racine enti\u00e8re I Bienfaits nombreux I Achat s\u00e9curis\u00e9\" \/>\n<meta property=\"og:description\" content=\"Avez-vous d\u00e9j\u00e0 entendu parler de cette plante nomm\u00e9e Ashwagandha ? Ne bougez plus, nous allons essayer d\u2019\u00e9claircir tout cela !\" \/>\n<meta property=\"og:url\" content=\"https:\/\/www.safinel.fr\/de\/product-2\/ashwagandha-ganze-wurzel\/\" \/>\n<meta property=\"og:site_name\" content=\"Safinel\" \/>\n<meta property=\"article:modified_time\" content=\"2024-05-02T14:11:40+00:00\" \/>\n<meta property=\"og:image\" content=\"https:\/\/www.safinel.fr\/wp-content\/uploads\/2022\/02\/aswaganda-racine-entire.jpg\" \/>\n\t<meta property=\"og:image:width\" content=\"600\" \/>\n\t<meta property=\"og:image:height\" content=\"600\" \/>\n\t<meta property=\"og:image:type\" content=\"image\/jpeg\" \/>\n<meta name=\"twitter:card\" content=\"summary_large_image\" \/>\n<meta name=\"twitter:label1\" content=\"Gesch\u00e4tzte Lesezeit\" \/>\n\t<meta name=\"twitter:data1\" content=\"2\u00a0Minuten\" \/>\n<script type=\"application\/ld+json\" class=\"yoast-schema-graph\">{\"@context\":\"https:\/\/schema.org\",\"@graph\":[{\"@type\":\"WebPage\",\"@id\":\"https:\/\/www.safinel.fr\/produit\/ashwagandha-racine-entiere\/\",\"url\":\"https:\/\/www.safinel.fr\/produit\/ashwagandha-racine-entiere\/\",\"name\":\"Ashwagandha racine enti\u00e8re I Bienfaits nombreux I Achat s\u00e9curis\u00e9\",\"isPartOf\":{\"@id\":\"https:\/\/www.safinel.fr\/#website\"},\"primaryImageOfPage\":{\"@id\":\"https:\/\/www.safinel.fr\/produit\/ashwagandha-racine-entiere\/#primaryimage\"},\"image\":{\"@id\":\"https:\/\/www.safinel.fr\/produit\/ashwagandha-racine-entiere\/#primaryimage\"},\"thumbnailUrl\":\"https:\/\/www.safinel.fr\/wp-content\/uploads\/2022\/02\/aswaganda-racine-entire.jpg\",\"datePublished\":\"2022-02-24T09:04:59+00:00\",\"dateModified\":\"2024-05-02T14:11:40+00:00\",\"description\":\"Avez-vous d\u00e9j\u00e0 entendu parler de cette plante nomm\u00e9e Ashwagandha ? Ne bougez plus, nous allons essayer d\u2019\u00e9claircir tout cela !\",\"breadcrumb\":{\"@id\":\"https:\/\/www.safinel.fr\/produit\/ashwagandha-racine-entiere\/#breadcrumb\"},\"inLanguage\":\"de\",\"potentialAction\":[{\"@type\":\"ReadAction\",\"target\":[\"https:\/\/www.safinel.fr\/produit\/ashwagandha-racine-entiere\/\"]}]},{\"@type\":\"ImageObject\",\"inLanguage\":\"de\",\"@id\":\"https:\/\/www.safinel.fr\/produit\/ashwagandha-racine-entiere\/#primaryimage\",\"url\":\"https:\/\/www.safinel.fr\/wp-content\/uploads\/2022\/02\/aswaganda-racine-entire.jpg\",\"contentUrl\":\"https:\/\/www.safinel.fr\/wp-content\/uploads\/2022\/02\/aswaganda-racine-entire.jpg\",\"width\":600,\"height\":600,\"caption\":\"Ashwagandha racine enti\u00e8re\"},{\"@type\":\"BreadcrumbList\",\"@id\":\"https:\/\/www.safinel.fr\/produit\/ashwagandha-racine-entiere\/#breadcrumb\",\"itemListElement\":[{\"@type\":\"ListItem\",\"position\":1,\"name\":\"Accueil\",\"item\":\"https:\/\/www.safinel.fr\/\"},{\"@type\":\"ListItem\",\"position\":2,\"name\":\"Boutique\",\"item\":\"https:\/\/www.safinel.fr\/boutique\/\"},{\"@type\":\"ListItem\",\"position\":3,\"name\":\"Ashwagandha en poudre 100g\"}]},{\"@type\":\"WebSite\",\"@id\":\"https:\/\/www.safinel.fr\/#website\",\"url\":\"https:\/\/www.safinel.fr\/\",\"name\":\"Safinel\",\"description\":\"\",\"publisher\":{\"@id\":\"https:\/\/www.safinel.fr\/#organization\"},\"potentialAction\":[{\"@type\":\"SearchAction\",\"target\":{\"@type\":\"EntryPoint\",\"urlTemplate\":\"https:\/\/www.safinel.fr\/?s={search_term_string}\"},\"query-input\":{\"@type\":\"PropertyValueSpecification\",\"valueRequired\":true,\"valueName\":\"search_term_string\"}}],\"inLanguage\":\"de\"},{\"@type\":\"Organization\",\"@id\":\"https:\/\/www.safinel.fr\/#organization\",\"name\":\"Safinel\",\"url\":\"https:\/\/www.safinel.fr\/\",\"logo\":{\"@type\":\"ImageObject\",\"inLanguage\":\"de\",\"@id\":\"https:\/\/www.safinel.fr\/#\/schema\/logo\/image\/\",\"url\":\"https:\/\/www.safinel.fr\/wp-content\/uploads\/2021\/05\/boutique-cosmetique.png\",\"contentUrl\":\"https:\/\/www.safinel.fr\/wp-content\/uploads\/2021\/05\/boutique-cosmetique.png\",\"width\":800,\"height\":200,\"caption\":\"Safinel\"},\"image\":{\"@id\":\"https:\/\/www.safinel.fr\/#\/schema\/logo\/image\/\"}}]}<\/script>\n<!-- \/ Yoast SEO plugin. -->","yoast_head_json":{"title":"Ashwagandha ganze Wurzel I Zahlreiche Vorteile I Sicherer Einkauf","description":"Haben Sie schon einmal von dieser Pflanze namens Ashwagandha geh\u00f6rt? Halten Sie still, wir werden versuchen, Licht ins Dunkel zu bringen!","robots":{"index":"index","follow":"follow","max-snippet":"max-snippet:-1","max-image-preview":"max-image-preview:large","max-video-preview":"max-video-preview:-1"},"canonical":"https:\/\/www.safinel.fr\/de\/product-2\/ashwagandha-ganze-wurzel\/","og_locale":"de_DE","og_type":"article","og_title":"Ashwagandha racine enti\u00e8re I Bienfaits nombreux I Achat s\u00e9curis\u00e9","og_description":"Avez-vous d\u00e9j\u00e0 entendu parler de cette plante nomm\u00e9e Ashwagandha ? Ne bougez plus, nous allons essayer d\u2019\u00e9claircir tout cela !","og_url":"https:\/\/www.safinel.fr\/de\/product-2\/ashwagandha-ganze-wurzel\/","og_site_name":"Safinel","article_modified_time":"2024-05-02T14:11:40+00:00","og_image":[{"width":600,"height":600,"url":"https:\/\/www.safinel.fr\/wp-content\/uploads\/2022\/02\/aswaganda-racine-entire.jpg","type":"image\/jpeg"}],"twitter_card":"summary_large_image","twitter_misc":{"Gesch\u00e4tzte Lesezeit":"2\u00a0Minuten"},"schema":{"@context":"https:\/\/schema.org","@graph":[{"@type":"WebPage","@id":"https:\/\/www.safinel.fr\/produit\/ashwagandha-racine-entiere\/","url":"https:\/\/www.safinel.fr\/produit\/ashwagandha-racine-entiere\/","name":"Ashwagandha ganze Wurzel I Zahlreiche Vorteile I Sicherer Einkauf","isPartOf":{"@id":"https:\/\/www.safinel.fr\/#website"},"primaryImageOfPage":{"@id":"https:\/\/www.safinel.fr\/produit\/ashwagandha-racine-entiere\/#primaryimage"},"image":{"@id":"https:\/\/www.safinel.fr\/produit\/ashwagandha-racine-entiere\/#primaryimage"},"thumbnailUrl":"https:\/\/www.safinel.fr\/wp-content\/uploads\/2022\/02\/aswaganda-racine-entire.jpg","datePublished":"2022-02-24T09:04:59+00:00","dateModified":"2024-05-02T14:11:40+00:00","description":"Haben Sie schon einmal von dieser Pflanze namens Ashwagandha geh\u00f6rt? Halten Sie still, wir werden versuchen, Licht ins Dunkel zu bringen!","breadcrumb":{"@id":"https:\/\/www.safinel.fr\/produit\/ashwagandha-racine-entiere\/#breadcrumb"},"inLanguage":"de","potentialAction":[{"@type":"ReadAction","target":["https:\/\/www.safinel.fr\/produit\/ashwagandha-racine-entiere\/"]}]},{"@type":"ImageObject","inLanguage":"de","@id":"https:\/\/www.safinel.fr\/produit\/ashwagandha-racine-entiere\/#primaryimage","url":"https:\/\/www.safinel.fr\/wp-content\/uploads\/2022\/02\/aswaganda-racine-entire.jpg","contentUrl":"https:\/\/www.safinel.fr\/wp-content\/uploads\/2022\/02\/aswaganda-racine-entire.jpg","width":600,"height":600,"caption":"Ashwagandha racine enti\u00e8re"},{"@type":"BreadcrumbList","@id":"https:\/\/www.safinel.fr\/produit\/ashwagandha-racine-entiere\/#breadcrumb","itemListElement":[{"@type":"ListItem","position":1,"name":"Accueil","item":"https:\/\/www.safinel.fr\/"},{"@type":"ListItem","position":2,"name":"Boutique","item":"https:\/\/www.safinel.fr\/boutique\/"},{"@type":"ListItem","position":3,"name":"Ashwagandha en poudre 100g"}]},{"@type":"WebSite","@id":"https:\/\/www.safinel.fr\/#website","url":"https:\/\/www.safinel.fr\/","name":"Safinel","description":"","publisher":{"@id":"https:\/\/www.safinel.fr\/#organization"},"potentialAction":[{"@type":"SearchAction","target":{"@type":"EntryPoint","urlTemplate":"https:\/\/www.safinel.fr\/?s={search_term_string}"},"query-input":{"@type":"PropertyValueSpecification","valueRequired":true,"valueName":"search_term_string"}}],"inLanguage":"de"},{"@type":"Organization","@id":"https:\/\/www.safinel.fr\/#organization","name":"Safinel","url":"https:\/\/www.safinel.fr\/","logo":{"@type":"ImageObject","inLanguage":"de","@id":"https:\/\/www.safinel.fr\/#\/schema\/logo\/image\/","url":"https:\/\/www.safinel.fr\/wp-content\/uploads\/2021\/05\/boutique-cosmetique.png","contentUrl":"https:\/\/www.safinel.fr\/wp-content\/uploads\/2021\/05\/boutique-cosmetique.png","width":800,"height":200,"caption":"Safinel"},"image":{"@id":"https:\/\/www.safinel.fr\/#\/schema\/logo\/image\/"}}]}},"_links":{"self":[{"href":"https:\/\/www.safinel.fr\/de\/wp-json\/wp\/v2\/product\/867","targetHints":{"allow":["GET"]}}],"collection":[{"href":"https:\/\/www.safinel.fr\/de\/wp-json\/wp\/v2\/product"}],"about":[{"href":"https:\/\/www.safinel.fr\/de\/wp-json\/wp\/v2\/types\/product"}],"wp:featuredmedia":[{"embeddable":true,"href":"https:\/\/www.safinel.fr\/de\/wp-json\/wp\/v2\/media\/868"}],"wp:attachment":[{"href":"https:\/\/www.safinel.fr\/de\/wp-json\/wp\/v2\/media?parent=867"}],"wp:term":[{"taxonomy":"product_brand","embeddable":true,"href":"https:\/\/www.safinel.fr\/de\/wp-json\/wp\/v2\/product_brand?post=867"},{"taxonomy":"product_cat","embeddable":true,"href":"https:\/\/www.safinel.fr\/de\/wp-json\/wp\/v2\/product_cat?post=867"},{"taxonomy":"product_tag","embeddable":true,"href":"https:\/\/www.safinel.fr\/de\/wp-json\/wp\/v2\/product_tag?post=867"}],"curies":[{"name":"wp","href":"https:\/\/api.w.org\/{rel}","templated":true}]}}