{"id":865,"date":"2022-02-23T19:50:56","date_gmt":"2022-02-23T19:50:56","guid":{"rendered":"https:\/\/www.safinel.fr\/?post_type=product&#038;p=865"},"modified":"2024-07-04T14:07:43","modified_gmt":"2024-07-04T14:07:43","slug":"susholztee","status":"publish","type":"product","link":"https:\/\/www.safinel.fr\/de\/product-2\/susholztee\/","title":{"rendered":"Kr\u00e4utertee Lakritze 100g"},"content":{"rendered":"<p>Willkommen im Safinel Wellness-Shop! Auf der Tagesordnung: Geschmack und Genuss! Haben Sie Ihre Einladung erhalten? Wenn nicht, lassen Sie uns das bitte nachholen, damit Sie diesen ganz besonderen Moment genie\u00dfen k\u00f6nnen!\u00a0<strong>Gaumenfreude und Genuss<\/strong>\u00a0sind, entdecken Sie ohne weitere Verz\u00f6gerung den V.I.P.-Gast, die\u00a0<strong>Lakritztee<\/strong>\u00a0!<\/p>\n<h2><strong>Lakritztee: ein \u00fcberraschender Gast!\u00a0<\/strong><\/h2>\n<p>Zun\u00e4chst erfahren Sie in der Vorspeise, was wirklich ist<strong>\u00a0Lakritze\u00a0<\/strong>!<\/p>\n<p>Oft verwandt mit der\u00a0<strong>gedrehte S\u00fc\u00dfigkeit<\/strong>, Sie ist jedoch Teil der\u00a0<strong>Familie der Fabaceae<\/strong>\u00a0! Eine Pflanze, die normalerweise dank des ozeanischen Klimas w\u00e4chst! Sie ist zwischen 1 und 1,5 Metern gro\u00df! Man erkennt sie daran, dass ihre Bl\u00fcten zwischen Juni und Juli erscheinen! Die Bl\u00fcten sind attraktiv und angenehm und haben eine violette Farbe: Der Sommer ist da!<\/p>\n<p>Dar\u00fcber hinaus hat dieser Gast viele Facetten. Sie ist eine\u00a0<strong>S\u00fc\u00dfigkeit am Morgen<\/strong>, und ein\u00a0<strong>w\u00fcrzen<\/strong>\u00a0von Partys! Seine Verwendung variiert je nach Gemeinschaft und Alter! Lakritz gef\u00e4llt durch seinen Geschmack, aber auch durch seinen sehr anziehenden und angenehmen Geruch.<\/p>\n<h2><strong>Die Qualit\u00e4ten und Vorz\u00fcge dieses Lakritztees!\u00a0<\/strong><\/h2>\n<p>Wenn Sie wissen m\u00f6chten, warum sie der Stargast dieser Veranstaltung ist, dann liegt das zum Teil an all den Qualit\u00e4ten, die sie vorweisen kann! Lassen Sie sich von ihrem\u00a0<strong>nat\u00fcrliches Wohlbefinden\u00a0<\/strong>und seine Haltung\u00a0<strong>Anti-Stress<\/strong>\u00a0! Sie wird Sie beruhigen und gleichzeitig f\u00fcr Sie da sein, wenn es Ihnen mal nicht so gut geht!<\/p>\n<p>Sie haben es sicher schon gemerkt: Ohne sie w\u00e4re alles anders! Lassen Sie uns gemeinsam herausfinden, was sich hinter dieser ber\u00fchmten Pflanze verbirgt!<\/p>\n<ul>\n<li>Kann gegen Halsschmerzen helfen<\/li>\n<li>Wohltuend f\u00fcr die Verdauung<\/li>\n<li>Kann eine Hilfe bei Gelenken und deren Schmerzen sein<\/li>\n<li>Verleiht einen S\u00e4ttigungseffekt, ebenso wie das\u00a0<strong>Bockshornklee<\/strong><\/li>\n<\/ul>\n<h2><strong>Einige kleine Tipps, wie Sie den Lakritztee genie\u00dfen k\u00f6nnen!<\/strong><\/h2>\n<p>Der Abend neigt sich dem Ende zu, gibt es noch Feinschmecker? Wenn ja, hier sind ein paar Tipps, wie Sie Ihren Gast genie\u00dfen k\u00f6nnen! Nach dem Aufwachen, zum Fr\u00fchst\u00fcck oder auch nach dem Abendessen wird er Ihr t\u00e4glicher Verb\u00fcndeter sein. Sehr lecker und\u00a0<strong>gesundheitsf\u00f6rdernd<\/strong>, Machen Sie sich bereit, verf\u00fchrt zu werden!<\/p>\n<p>Au\u00dferdem wird er als Aufguss und vor allem als Kr\u00e4utertee f\u00fcr Sie geeignet sein. Zwischen 2 und 3 Mal am Tag f\u00fcr die Feinschmecker, ihre Wirksamkeit zu<strong>\u00a0die Verdauung f\u00f6rdern\u00a0<\/strong>wird Ihnen sehr n\u00fctzlich sein.<\/p>\n<p>Um es zu genie\u00dfen, kochen Sie Wasser. Gie\u00dfen Sie es dann in Ihre Tasse. Ziehen Sie Ihren Tee mit einem Teel\u00f6ffel auf.\u00a0<strong>Lakritztee<\/strong>\u00a0fein geschnitten! Einige Minuten ruhen lassen und genie\u00dfen!<\/p>\n<h3><strong>Ihr Spezialist f\u00fcr Naturprodukte m\u00f6chte Ihnen auch...<\/strong><\/h3>\n<p>Ihr Safinel-Onlineshop m\u00f6chte weitere Veranstaltungen mit anderen, ebenso netten und wohltuenden G\u00e4sten organisieren! Wie zum Beispiel die ber\u00fchmten<strong>\u00a0<a href=\"https:\/\/www.safinel.fr\/de\/product-2\/kirschschwanze\/\">Kirschschw\u00e4nze<\/a><\/strong>\u00a0und ihren entgiftenden Reichtum, oder auch die<strong>\u2019<a href=\"https:\/\/www.safinel.fr\/de\/product-2\/aswaganda-racine-entiere\/\">Aswaganda ganze Wurzel<\/a><\/strong>\u00a0!<\/p>\n<p>Sie haben es verstanden, Ihr Gesch\u00e4ft, spezialisiert auf\u00a0<strong>Naturprodukte<\/strong>, ist stets bem\u00fcht, Artikel zu schreiben, die Sie ansprechen! Die Natur ist ein Reichtum, der manchmal zu sehr untersch\u00e4tzt wird, deshalb m\u00f6chten wir sie in den Mittelpunkt stellen.<\/p>\n<p>Nutzen Sie unsere zahlreichen\u00a0<strong>Lebensmittelprodukte<\/strong>\u00a0zwar, aber auch Wohlbefinden.<\/p>","protected":false},"excerpt":{"rendered":"<p>Willkommen im Safinel Wellness-Shop! Auf dem Programm stehen Genuss und Vergn\u00fcgen! Haben Sie Ihre Einladung erhalten? Falls nicht, lassen Sie uns das schnell \u00e4ndern, damit Sie diesen besonderen Moment genie\u00dfen k\u00f6nnen! Genuss und Vergn\u00fcgen stehen auf dem Programm, entdecken Sie ohne weitere Verz\u00f6gerung den VIP-Gast, den Lakritz-Kr\u00e4utertee! Der [\u2026]","protected":false},"featured_media":866,"template":"","meta":[],"product_brand":[],"product_cat":[19],"product_tag":[],"class_list":{"0":"post-865","1":"product","2":"type-product","3":"status-publish","4":"has-post-thumbnail","6":"product_cat-thes-tisanes","8":"first","9":"outofstock","10":"shipping-taxable","11":"purchasable","12":"product-type-simple"},"yoast_head":"<!-- This site is optimized with the Yoast SEO plugin v26.6 - https:\/\/yoast.com\/wordpress\/plugins\/seo\/ -->\n<title>Tisane de r\u00e9glisse I Finement coup\u00e9 I Contenance 100g<\/title>\n<meta name=\"description\" content=\"Gourmandise et plaisir\u00a0sont au rendez-vous, d\u00e9couvrez sans plus attendre l\u2019invit\u00e9 V.I.P, la\u00a0Tisane de r\u00e9glisse\u00a0!\u00a0\" \/>\n<meta name=\"robots\" content=\"index, follow, max-snippet:-1, max-image-preview:large, max-video-preview:-1\" \/>\n<link rel=\"canonical\" href=\"https:\/\/www.safinel.fr\/de\/product-2\/susholztee\/\" \/>\n<meta property=\"og:locale\" content=\"de_DE\" \/>\n<meta property=\"og:type\" content=\"article\" \/>\n<meta property=\"og:title\" content=\"Tisane de r\u00e9glisse I Finement coup\u00e9 I Contenance 100g\" \/>\n<meta property=\"og:description\" content=\"Gourmandise et plaisir\u00a0sont au rendez-vous, d\u00e9couvrez sans plus attendre l\u2019invit\u00e9 V.I.P, la\u00a0Tisane de r\u00e9glisse\u00a0!\u00a0\" \/>\n<meta property=\"og:url\" content=\"https:\/\/www.safinel.fr\/de\/product-2\/susholztee\/\" \/>\n<meta property=\"og:site_name\" content=\"Safinel\" \/>\n<meta property=\"article:modified_time\" content=\"2024-07-04T14:07:43+00:00\" \/>\n<meta property=\"og:image\" content=\"https:\/\/www.safinel.fr\/wp-content\/uploads\/2022\/02\/tisane-de-reglisse.jpg\" \/>\n\t<meta property=\"og:image:width\" content=\"600\" \/>\n\t<meta property=\"og:image:height\" content=\"600\" \/>\n\t<meta property=\"og:image:type\" content=\"image\/jpeg\" \/>\n<meta name=\"twitter:card\" content=\"summary_large_image\" \/>\n<meta name=\"twitter:label1\" content=\"Gesch\u00e4tzte Lesezeit\" \/>\n\t<meta name=\"twitter:data1\" content=\"3\u00a0Minuten\" \/>\n<script type=\"application\/ld+json\" class=\"yoast-schema-graph\">{\"@context\":\"https:\/\/schema.org\",\"@graph\":[{\"@type\":\"WebPage\",\"@id\":\"https:\/\/www.safinel.fr\/produit\/tisane-de-reglisse\/\",\"url\":\"https:\/\/www.safinel.fr\/produit\/tisane-de-reglisse\/\",\"name\":\"Tisane de r\u00e9glisse I Finement coup\u00e9 I Contenance 100g\",\"isPartOf\":{\"@id\":\"https:\/\/www.safinel.fr\/#website\"},\"primaryImageOfPage\":{\"@id\":\"https:\/\/www.safinel.fr\/produit\/tisane-de-reglisse\/#primaryimage\"},\"image\":{\"@id\":\"https:\/\/www.safinel.fr\/produit\/tisane-de-reglisse\/#primaryimage\"},\"thumbnailUrl\":\"https:\/\/www.safinel.fr\/wp-content\/uploads\/2022\/02\/tisane-de-reglisse.jpg\",\"datePublished\":\"2022-02-23T19:50:56+00:00\",\"dateModified\":\"2024-07-04T14:07:43+00:00\",\"description\":\"Gourmandise et plaisir\u00a0sont au rendez-vous, d\u00e9couvrez sans plus attendre l\u2019invit\u00e9 V.I.P, la\u00a0Tisane de r\u00e9glisse\u00a0!\u00a0\",\"breadcrumb\":{\"@id\":\"https:\/\/www.safinel.fr\/produit\/tisane-de-reglisse\/#breadcrumb\"},\"inLanguage\":\"de\",\"potentialAction\":[{\"@type\":\"ReadAction\",\"target\":[\"https:\/\/www.safinel.fr\/produit\/tisane-de-reglisse\/\"]}]},{\"@type\":\"ImageObject\",\"inLanguage\":\"de\",\"@id\":\"https:\/\/www.safinel.fr\/produit\/tisane-de-reglisse\/#primaryimage\",\"url\":\"https:\/\/www.safinel.fr\/wp-content\/uploads\/2022\/02\/tisane-de-reglisse.jpg\",\"contentUrl\":\"https:\/\/www.safinel.fr\/wp-content\/uploads\/2022\/02\/tisane-de-reglisse.jpg\",\"width\":600,\"height\":600,\"caption\":\"Tisane de r\u00e9glisse 100g\"},{\"@type\":\"BreadcrumbList\",\"@id\":\"https:\/\/www.safinel.fr\/produit\/tisane-de-reglisse\/#breadcrumb\",\"itemListElement\":[{\"@type\":\"ListItem\",\"position\":1,\"name\":\"Accueil\",\"item\":\"https:\/\/www.safinel.fr\/\"},{\"@type\":\"ListItem\",\"position\":2,\"name\":\"Boutique\",\"item\":\"https:\/\/www.safinel.fr\/boutique\/\"},{\"@type\":\"ListItem\",\"position\":3,\"name\":\"Tisane de r\u00e9glisse 100g\"}]},{\"@type\":\"WebSite\",\"@id\":\"https:\/\/www.safinel.fr\/#website\",\"url\":\"https:\/\/www.safinel.fr\/\",\"name\":\"Safinel\",\"description\":\"\",\"publisher\":{\"@id\":\"https:\/\/www.safinel.fr\/#organization\"},\"potentialAction\":[{\"@type\":\"SearchAction\",\"target\":{\"@type\":\"EntryPoint\",\"urlTemplate\":\"https:\/\/www.safinel.fr\/?s={search_term_string}\"},\"query-input\":{\"@type\":\"PropertyValueSpecification\",\"valueRequired\":true,\"valueName\":\"search_term_string\"}}],\"inLanguage\":\"de\"},{\"@type\":\"Organization\",\"@id\":\"https:\/\/www.safinel.fr\/#organization\",\"name\":\"Safinel\",\"url\":\"https:\/\/www.safinel.fr\/\",\"logo\":{\"@type\":\"ImageObject\",\"inLanguage\":\"de\",\"@id\":\"https:\/\/www.safinel.fr\/#\/schema\/logo\/image\/\",\"url\":\"https:\/\/www.safinel.fr\/wp-content\/uploads\/2021\/05\/boutique-cosmetique.png\",\"contentUrl\":\"https:\/\/www.safinel.fr\/wp-content\/uploads\/2021\/05\/boutique-cosmetique.png\",\"width\":800,\"height\":200,\"caption\":\"Safinel\"},\"image\":{\"@id\":\"https:\/\/www.safinel.fr\/#\/schema\/logo\/image\/\"}}]}<\/script>\n<!-- \/ Yoast SEO plugin. -->","yoast_head_json":{"title":"Lakritztee I Fein geschnitten I Inhalt 100g","description":"Gaumenfreude und Genuss sind angesagt. Entdecken Sie gleich den V.I.P.-Gast, den Lakritztee!\u00a0","robots":{"index":"index","follow":"follow","max-snippet":"max-snippet:-1","max-image-preview":"max-image-preview:large","max-video-preview":"max-video-preview:-1"},"canonical":"https:\/\/www.safinel.fr\/de\/product-2\/susholztee\/","og_locale":"de_DE","og_type":"article","og_title":"Tisane de r\u00e9glisse I Finement coup\u00e9 I Contenance 100g","og_description":"Gourmandise et plaisir\u00a0sont au rendez-vous, d\u00e9couvrez sans plus attendre l\u2019invit\u00e9 V.I.P, la\u00a0Tisane de r\u00e9glisse\u00a0!\u00a0","og_url":"https:\/\/www.safinel.fr\/de\/product-2\/susholztee\/","og_site_name":"Safinel","article_modified_time":"2024-07-04T14:07:43+00:00","og_image":[{"width":600,"height":600,"url":"https:\/\/www.safinel.fr\/wp-content\/uploads\/2022\/02\/tisane-de-reglisse.jpg","type":"image\/jpeg"}],"twitter_card":"summary_large_image","twitter_misc":{"Gesch\u00e4tzte Lesezeit":"3\u00a0Minuten"},"schema":{"@context":"https:\/\/schema.org","@graph":[{"@type":"WebPage","@id":"https:\/\/www.safinel.fr\/produit\/tisane-de-reglisse\/","url":"https:\/\/www.safinel.fr\/produit\/tisane-de-reglisse\/","name":"Lakritztee I Fein geschnitten I Inhalt 100g","isPartOf":{"@id":"https:\/\/www.safinel.fr\/#website"},"primaryImageOfPage":{"@id":"https:\/\/www.safinel.fr\/produit\/tisane-de-reglisse\/#primaryimage"},"image":{"@id":"https:\/\/www.safinel.fr\/produit\/tisane-de-reglisse\/#primaryimage"},"thumbnailUrl":"https:\/\/www.safinel.fr\/wp-content\/uploads\/2022\/02\/tisane-de-reglisse.jpg","datePublished":"2022-02-23T19:50:56+00:00","dateModified":"2024-07-04T14:07:43+00:00","description":"Gaumenfreude und Genuss sind angesagt. Entdecken Sie gleich den V.I.P.-Gast, den Lakritztee!\u00a0","breadcrumb":{"@id":"https:\/\/www.safinel.fr\/produit\/tisane-de-reglisse\/#breadcrumb"},"inLanguage":"de","potentialAction":[{"@type":"ReadAction","target":["https:\/\/www.safinel.fr\/produit\/tisane-de-reglisse\/"]}]},{"@type":"ImageObject","inLanguage":"de","@id":"https:\/\/www.safinel.fr\/produit\/tisane-de-reglisse\/#primaryimage","url":"https:\/\/www.safinel.fr\/wp-content\/uploads\/2022\/02\/tisane-de-reglisse.jpg","contentUrl":"https:\/\/www.safinel.fr\/wp-content\/uploads\/2022\/02\/tisane-de-reglisse.jpg","width":600,"height":600,"caption":"Tisane de r\u00e9glisse 100g"},{"@type":"BreadcrumbList","@id":"https:\/\/www.safinel.fr\/produit\/tisane-de-reglisse\/#breadcrumb","itemListElement":[{"@type":"ListItem","position":1,"name":"Accueil","item":"https:\/\/www.safinel.fr\/"},{"@type":"ListItem","position":2,"name":"Boutique","item":"https:\/\/www.safinel.fr\/boutique\/"},{"@type":"ListItem","position":3,"name":"Tisane de r\u00e9glisse 100g"}]},{"@type":"WebSite","@id":"https:\/\/www.safinel.fr\/#website","url":"https:\/\/www.safinel.fr\/","name":"Safinel","description":"","publisher":{"@id":"https:\/\/www.safinel.fr\/#organization"},"potentialAction":[{"@type":"SearchAction","target":{"@type":"EntryPoint","urlTemplate":"https:\/\/www.safinel.fr\/?s={search_term_string}"},"query-input":{"@type":"PropertyValueSpecification","valueRequired":true,"valueName":"search_term_string"}}],"inLanguage":"de"},{"@type":"Organization","@id":"https:\/\/www.safinel.fr\/#organization","name":"Safinel","url":"https:\/\/www.safinel.fr\/","logo":{"@type":"ImageObject","inLanguage":"de","@id":"https:\/\/www.safinel.fr\/#\/schema\/logo\/image\/","url":"https:\/\/www.safinel.fr\/wp-content\/uploads\/2021\/05\/boutique-cosmetique.png","contentUrl":"https:\/\/www.safinel.fr\/wp-content\/uploads\/2021\/05\/boutique-cosmetique.png","width":800,"height":200,"caption":"Safinel"},"image":{"@id":"https:\/\/www.safinel.fr\/#\/schema\/logo\/image\/"}}]}},"_links":{"self":[{"href":"https:\/\/www.safinel.fr\/de\/wp-json\/wp\/v2\/product\/865","targetHints":{"allow":["GET"]}}],"collection":[{"href":"https:\/\/www.safinel.fr\/de\/wp-json\/wp\/v2\/product"}],"about":[{"href":"https:\/\/www.safinel.fr\/de\/wp-json\/wp\/v2\/types\/product"}],"wp:featuredmedia":[{"embeddable":true,"href":"https:\/\/www.safinel.fr\/de\/wp-json\/wp\/v2\/media\/866"}],"wp:attachment":[{"href":"https:\/\/www.safinel.fr\/de\/wp-json\/wp\/v2\/media?parent=865"}],"wp:term":[{"taxonomy":"product_brand","embeddable":true,"href":"https:\/\/www.safinel.fr\/de\/wp-json\/wp\/v2\/product_brand?post=865"},{"taxonomy":"product_cat","embeddable":true,"href":"https:\/\/www.safinel.fr\/de\/wp-json\/wp\/v2\/product_cat?post=865"},{"taxonomy":"product_tag","embeddable":true,"href":"https:\/\/www.safinel.fr\/de\/wp-json\/wp\/v2\/product_tag?post=865"}],"curies":[{"name":"wp","href":"https:\/\/api.w.org\/{rel}","templated":true}]}}