{"id":856,"date":"2022-02-23T18:39:00","date_gmt":"2022-02-23T18:39:00","guid":{"rendered":"https:\/\/www.safinel.fr\/?post_type=product&#038;p=856"},"modified":"2025-04-05T17:48:18","modified_gmt":"2025-04-05T17:48:18","slug":"dorange-pulver","status":"publish","type":"product","link":"https:\/\/www.safinel.fr\/de\/product-2\/dorange-pulver\/","title":{"rendered":"Orangenpulver 100g"},"content":{"rendered":"<p>Zweifellos werden Sie das Leben in Orange sehen, nachdem Sie dieses neue <strong>Kosmetik<\/strong> ! Die <strong>Orangenpulver<\/strong> h\u00e4lt Einzug bei Safinel, und die anderen Fr\u00fcchte m\u00fcssen sich nur noch...<\/p>\n<p>Diese Zitrusfrucht landet ausnahmsweise mal nicht auf unserem Teller, sondern in unserem Badezimmer. Zu welchem Zweck? Zu welchem Zweck? Wir kl\u00e4ren Sie auf!<\/p>\n<h2><strong>Orangenpulver: Gepresst in mehr erfahren!\u00a0<\/strong><\/h2>\n<p>Wenn Sie eine Zitrusfrucht probieren, was tun Sie dann? Man sch\u00e4lt sie, wirft die Schale weg und isst sie schlie\u00dflich. Nun, Sie werden die Schalen nicht mehr mit denselben Augen sehen, nachdem Sie das Orangenpulver entdeckt haben.<\/p>\n<p>In einem wiederverschlie\u00dfbaren 100g Kraftbeutel verpackt, ist diese <strong>ayurvedisches Pulver<\/strong> ist ein wahrer Schatz f\u00fcr Haut und Haar!<\/p>\n<p>Die Herstellung ist denkbar einfach: Die Frucht wird geerntet, die Schale gewaschen, dann getrocknet und schlie\u00dflich zu feinem Pulver zermahlen. Das Ergebnis ist ein beigefarbener, kaum gelber Staub.<\/p>\n<h2><strong>Die Vorteile von Orangenpulver\u00a0<\/strong><\/h2>\n<p>Haupts\u00e4chlich bekannt in der <a href=\"https:\/\/www.passeportsante.net\/fr\/Therapies\/Guide\/Fiche.aspx?doc=ayurveda_th\" target=\"_blank\" rel=\"noopener\"><strong>ayurvedische Medizin<\/strong><\/a>, l\u2019<strong>Bitterorange<\/strong> bietet uns eine ganze Reihe von Vorteilen. Die wir gleich entdecken werden:<\/p>\n<ul>\n<li>Adstringierende und reinigende Eigenschaften ;<\/li>\n<li>Erleichtert die Reinigung der Haut und befreit die Poren ;<\/li>\n<li>Stimuliert die Kopfhaut und reinigt sie gleichzeitig ;<\/li>\n<li>Man kann es auch in der Haarpflege verwenden, um einen frischen und angenehmen Duft zu verleihen; ;<\/li>\n<li>Sie macht das Haar leichter k\u00e4mmbar ;<\/li>\n<li>Peelt die Haut und befreit sie so von abgestorbenen Hautzellen und anderen Unreinheiten ;<\/li>\n<li>Au\u00dferdem ist sie wirksam gegen fettige, zu Akne neigende Haut ;<\/li>\n<li>Orangenpuder sorgt f\u00fcr einen frischen, strahlenden Teint ;<\/li>\n<li>Verleiht dem Haar Glanz und Gl\u00e4tte.<\/li>\n<\/ul>\n<h2><strong>Wie wendet man diese Naturkosmetik an?\u00a0<\/strong><\/h2>\n<p><strong>Orangenpulver Haar :\u00a0<\/strong>Sie k\u00f6nnen sich daf\u00fcr entscheiden, sie als Grundlage bei der Herstellung Ihrer <strong>Bio-Kosmetik Haus<\/strong>. Oder verwenden Sie es, um eine Haarmaske herzustellen, zusammen mit anderen<strong> pflanzliche Pulver.\u00a0<\/strong><\/p>\n<p>Sie passt insbesondere perfekt zum <strong>Brahmi<\/strong>, um stumpfem Haar neuen Glanz zu verleihen. Oder mit<strong> das \u00d6l von Akpi<\/strong>, Das Ergebnis ist ein unverhoffter Glanz.<\/p>\n<p><strong>Orangenpulver f\u00fcr das Gesicht :\u00a0<\/strong>Wenn Sie auf der Suche nach einer nat\u00fcrlichen Gesichtspflege sind, dann sollten Sie wissen, dass unser Orangenpulver eine wichtige Zutat darstellt.<\/p>\n<p>So kann es mit pflanzlichen \u00d6len gemischt werden, z. B. mit der <strong>coco<\/strong>, Sie k\u00f6nnen auch mit \u00e4therischen \u00d6len verwendet werden.<\/p>\n<p>Andererseits wird sie eine Hauptzutat bei der Zubereitung von Peelings sein.<\/p>\n<p><strong>Pflanzenpulver: Sch\u00e4tze, die es zu entdecken gilt ... :\u00a0<\/strong>Blumen, N\u00fcsse, Wurzeln, Pflanzen - alles kann in den Schredder! Und man muss sagen, dass man sich dar\u00fcber nicht beschweren kann, denn man erh\u00e4lt dadurch zahlreiche Sch\u00e4tze. Sowohl f\u00fcr die Sch\u00f6nheit der Haare und der Haut als auch f\u00fcr die Gesundheit des K\u00f6rpers!<\/p>\n<p>So entdecken oder wiederentdecken Sie bei Safinel<strong> Heilpflanzen<\/strong> die mehr als einen Trick auf Lager haben:<\/p>\n<ul>\n<li><strong><a href=\"https:\/\/www.safinel.fr\/de\/product-2\/reetha-pulver\/\">Reetha<\/a>\u00a0<\/strong><\/li>\n<li><strong><a href=\"https:\/\/www.safinel.fr\/de\/product-2\/nep-pulver-nep\/\">Nep Nep<\/a>\u00a0<\/strong><\/li>\n<li><strong><a href=\"https:\/\/www.safinel.fr\/de\/product-2\/4-seitige-frucht-3-stuck\/\">Frucht 4 Seiten<\/a>\u00a0<\/strong><\/li>\n<li><strong><a href=\"https:\/\/www.safinel.fr\/de\/product-2\/kapoor-kachli\/\">Kapoor kachli<\/a>\u00a0<\/strong><\/li>\n<li><strong><a href=\"https:\/\/www.safinel.fr\/de\/product-2\/haritaki\/\">Haritaki<\/a>\u00a0<\/strong><\/li>\n<\/ul>\n<p>Und viele andere mehr...<\/p>\n<h3><strong>Einige Vorsichtsma\u00dfnahmen\u00a0<\/strong><\/h3>\n<p>Dieses Produkt hat eine reizende Wirkung. Daher sollte es mit Vorsicht gehandhabt werden. Aufgrund seines pudrigen Aussehens sollte es an einem vor Zugluft gesch\u00fctzten Ort verwendet werden.<\/p>\n<p>Au\u00dferdem muss dieser vor der Verwendung mindestens 24 Stunden vorher auf Allergien getestet werden.<\/p>\n<p><strong>Au\u00dferhalb der Reichweite von Kindern aufbewahren.\u00a0<\/strong><\/p>\n<p><strong>Nur zur \u00e4u\u00dferen Anwendung.\u00a0<\/strong><\/p>\n<p><strong>Bei Kontakt mit den Augen sofort aussp\u00fclen.\u00a0<\/strong><\/p>","protected":false},"excerpt":{"rendered":"<p>Nul doute que vous verrez la vie en orange apr\u00e8s avoir d\u00e9couvert ce nouveau cosm\u00e9tique ! La poudre d\u2019orange fait son entr\u00e9e chez Safinel, et les autres fruits n\u2019ont qu\u2019\u00e0 bien se tenir\u2026 Pour une fois, cet agrume ne retrouve pas dans notre assiette, mais bien dans notre salle de bain. Pour quoi faire ? [&#8230;]","protected":false},"featured_media":857,"template":"","meta":[],"product_brand":[],"product_cat":[28,59,110],"product_tag":[],"class_list":{"0":"post-856","1":"product","2":"type-product","3":"status-publish","4":"has-post-thumbnail","6":"product_cat-divers","7":"product_cat-fruit-tropical","8":"product_cat-poudre-cheveux-ayurvedique","10":"first","11":"instock","12":"shipping-taxable","13":"purchasable","14":"product-type-simple"},"yoast_head":"<!-- This site is optimized with the Yoast SEO plugin v26.6 - https:\/\/yoast.com\/wordpress\/plugins\/seo\/ -->\n<title>Poudre d&#039;orange | Cosm\u00e9tique naturel | Bienfaits pour les cheveux<\/title>\n<meta name=\"description\" content=\"Nul doute que vous verrez la vie en orange apr\u00e8s avoir d\u00e9couvert ce nouveau cosm\u00e9tique ! La poudre d\u2019orange fait son entr\u00e9e chez Safinel !\" \/>\n<meta name=\"robots\" content=\"index, follow, max-snippet:-1, max-image-preview:large, max-video-preview:-1\" \/>\n<link rel=\"canonical\" href=\"https:\/\/www.safinel.fr\/de\/product-2\/dorange-pulver\/\" \/>\n<meta property=\"og:locale\" content=\"de_DE\" \/>\n<meta property=\"og:type\" content=\"article\" \/>\n<meta property=\"og:title\" content=\"Poudre d&#039;orange | Cosm\u00e9tique naturel | Bienfaits pour les cheveux\" \/>\n<meta property=\"og:description\" content=\"Nul doute que vous verrez la vie en orange apr\u00e8s avoir d\u00e9couvert ce nouveau cosm\u00e9tique ! La poudre d\u2019orange fait son entr\u00e9e chez Safinel !\" \/>\n<meta property=\"og:url\" content=\"https:\/\/www.safinel.fr\/de\/product-2\/dorange-pulver\/\" \/>\n<meta property=\"og:site_name\" content=\"Safinel\" \/>\n<meta property=\"article:modified_time\" content=\"2025-04-05T17:48:18+00:00\" \/>\n<meta property=\"og:image\" content=\"https:\/\/www.safinel.fr\/wp-content\/uploads\/2022\/02\/poudre-d-orange.jpg\" \/>\n\t<meta property=\"og:image:width\" content=\"600\" \/>\n\t<meta property=\"og:image:height\" content=\"600\" \/>\n\t<meta property=\"og:image:type\" content=\"image\/jpeg\" \/>\n<meta name=\"twitter:card\" content=\"summary_large_image\" \/>\n<meta name=\"twitter:label1\" content=\"Gesch\u00e4tzte Lesezeit\" \/>\n\t<meta name=\"twitter:data1\" content=\"3\u00a0Minuten\" \/>\n<script type=\"application\/ld+json\" class=\"yoast-schema-graph\">{\"@context\":\"https:\/\/schema.org\",\"@graph\":[{\"@type\":\"WebPage\",\"@id\":\"https:\/\/www.safinel.fr\/produit\/poudre-dorange\/\",\"url\":\"https:\/\/www.safinel.fr\/produit\/poudre-dorange\/\",\"name\":\"Poudre d'orange | Cosm\u00e9tique naturel | Bienfaits pour les cheveux\",\"isPartOf\":{\"@id\":\"https:\/\/www.safinel.fr\/#website\"},\"primaryImageOfPage\":{\"@id\":\"https:\/\/www.safinel.fr\/produit\/poudre-dorange\/#primaryimage\"},\"image\":{\"@id\":\"https:\/\/www.safinel.fr\/produit\/poudre-dorange\/#primaryimage\"},\"thumbnailUrl\":\"https:\/\/www.safinel.fr\/wp-content\/uploads\/2022\/02\/poudre-d-orange.jpg\",\"datePublished\":\"2022-02-23T18:39:00+00:00\",\"dateModified\":\"2025-04-05T17:48:18+00:00\",\"description\":\"Nul doute que vous verrez la vie en orange apr\u00e8s avoir d\u00e9couvert ce nouveau cosm\u00e9tique ! La poudre d\u2019orange fait son entr\u00e9e chez Safinel !\",\"breadcrumb\":{\"@id\":\"https:\/\/www.safinel.fr\/produit\/poudre-dorange\/#breadcrumb\"},\"inLanguage\":\"de\",\"potentialAction\":[{\"@type\":\"ReadAction\",\"target\":[\"https:\/\/www.safinel.fr\/produit\/poudre-dorange\/\"]}]},{\"@type\":\"ImageObject\",\"inLanguage\":\"de\",\"@id\":\"https:\/\/www.safinel.fr\/produit\/poudre-dorange\/#primaryimage\",\"url\":\"https:\/\/www.safinel.fr\/wp-content\/uploads\/2022\/02\/poudre-d-orange.jpg\",\"contentUrl\":\"https:\/\/www.safinel.fr\/wp-content\/uploads\/2022\/02\/poudre-d-orange.jpg\",\"width\":600,\"height\":600,\"caption\":\"Poudre d'orange 100g\"},{\"@type\":\"BreadcrumbList\",\"@id\":\"https:\/\/www.safinel.fr\/produit\/poudre-dorange\/#breadcrumb\",\"itemListElement\":[{\"@type\":\"ListItem\",\"position\":1,\"name\":\"Accueil\",\"item\":\"https:\/\/www.safinel.fr\/\"},{\"@type\":\"ListItem\",\"position\":2,\"name\":\"Boutique\",\"item\":\"https:\/\/www.safinel.fr\/boutique\/\"},{\"@type\":\"ListItem\",\"position\":3,\"name\":\"Poudre d&rsquo;orange 100g\"}]},{\"@type\":\"WebSite\",\"@id\":\"https:\/\/www.safinel.fr\/#website\",\"url\":\"https:\/\/www.safinel.fr\/\",\"name\":\"Safinel\",\"description\":\"\",\"publisher\":{\"@id\":\"https:\/\/www.safinel.fr\/#organization\"},\"potentialAction\":[{\"@type\":\"SearchAction\",\"target\":{\"@type\":\"EntryPoint\",\"urlTemplate\":\"https:\/\/www.safinel.fr\/?s={search_term_string}\"},\"query-input\":{\"@type\":\"PropertyValueSpecification\",\"valueRequired\":true,\"valueName\":\"search_term_string\"}}],\"inLanguage\":\"de\"},{\"@type\":\"Organization\",\"@id\":\"https:\/\/www.safinel.fr\/#organization\",\"name\":\"Safinel\",\"url\":\"https:\/\/www.safinel.fr\/\",\"logo\":{\"@type\":\"ImageObject\",\"inLanguage\":\"de\",\"@id\":\"https:\/\/www.safinel.fr\/#\/schema\/logo\/image\/\",\"url\":\"https:\/\/www.safinel.fr\/wp-content\/uploads\/2021\/05\/boutique-cosmetique.png\",\"contentUrl\":\"https:\/\/www.safinel.fr\/wp-content\/uploads\/2021\/05\/boutique-cosmetique.png\",\"width\":800,\"height\":200,\"caption\":\"Safinel\"},\"image\":{\"@id\":\"https:\/\/www.safinel.fr\/#\/schema\/logo\/image\/\"}}]}<\/script>\n<!-- \/ Yoast SEO plugin. -->","yoast_head_json":{"title":"Orangenpulver | Naturkosmetik | Vorteile f\u00fcr das Haar","description":"Zweifellos werden Sie das Leben in Orange sehen, nachdem Sie diese neue Kosmetik entdeckt haben! Orangenpuder h\u00e4lt Einzug bei Safinel!","robots":{"index":"index","follow":"follow","max-snippet":"max-snippet:-1","max-image-preview":"max-image-preview:large","max-video-preview":"max-video-preview:-1"},"canonical":"https:\/\/www.safinel.fr\/de\/product-2\/dorange-pulver\/","og_locale":"de_DE","og_type":"article","og_title":"Poudre d'orange | Cosm\u00e9tique naturel | Bienfaits pour les cheveux","og_description":"Nul doute que vous verrez la vie en orange apr\u00e8s avoir d\u00e9couvert ce nouveau cosm\u00e9tique ! La poudre d\u2019orange fait son entr\u00e9e chez Safinel !","og_url":"https:\/\/www.safinel.fr\/de\/product-2\/dorange-pulver\/","og_site_name":"Safinel","article_modified_time":"2025-04-05T17:48:18+00:00","og_image":[{"width":600,"height":600,"url":"https:\/\/www.safinel.fr\/wp-content\/uploads\/2022\/02\/poudre-d-orange.jpg","type":"image\/jpeg"}],"twitter_card":"summary_large_image","twitter_misc":{"Gesch\u00e4tzte Lesezeit":"3\u00a0Minuten"},"schema":{"@context":"https:\/\/schema.org","@graph":[{"@type":"WebPage","@id":"https:\/\/www.safinel.fr\/produit\/poudre-dorange\/","url":"https:\/\/www.safinel.fr\/produit\/poudre-dorange\/","name":"Orangenpulver | Naturkosmetik | Vorteile f\u00fcr das Haar","isPartOf":{"@id":"https:\/\/www.safinel.fr\/#website"},"primaryImageOfPage":{"@id":"https:\/\/www.safinel.fr\/produit\/poudre-dorange\/#primaryimage"},"image":{"@id":"https:\/\/www.safinel.fr\/produit\/poudre-dorange\/#primaryimage"},"thumbnailUrl":"https:\/\/www.safinel.fr\/wp-content\/uploads\/2022\/02\/poudre-d-orange.jpg","datePublished":"2022-02-23T18:39:00+00:00","dateModified":"2025-04-05T17:48:18+00:00","description":"Zweifellos werden Sie das Leben in Orange sehen, nachdem Sie diese neue Kosmetik entdeckt haben! Orangenpuder h\u00e4lt Einzug bei Safinel!","breadcrumb":{"@id":"https:\/\/www.safinel.fr\/produit\/poudre-dorange\/#breadcrumb"},"inLanguage":"de","potentialAction":[{"@type":"ReadAction","target":["https:\/\/www.safinel.fr\/produit\/poudre-dorange\/"]}]},{"@type":"ImageObject","inLanguage":"de","@id":"https:\/\/www.safinel.fr\/produit\/poudre-dorange\/#primaryimage","url":"https:\/\/www.safinel.fr\/wp-content\/uploads\/2022\/02\/poudre-d-orange.jpg","contentUrl":"https:\/\/www.safinel.fr\/wp-content\/uploads\/2022\/02\/poudre-d-orange.jpg","width":600,"height":600,"caption":"Poudre d'orange 100g"},{"@type":"BreadcrumbList","@id":"https:\/\/www.safinel.fr\/produit\/poudre-dorange\/#breadcrumb","itemListElement":[{"@type":"ListItem","position":1,"name":"Accueil","item":"https:\/\/www.safinel.fr\/"},{"@type":"ListItem","position":2,"name":"Boutique","item":"https:\/\/www.safinel.fr\/boutique\/"},{"@type":"ListItem","position":3,"name":"Poudre d&rsquo;orange 100g"}]},{"@type":"WebSite","@id":"https:\/\/www.safinel.fr\/#website","url":"https:\/\/www.safinel.fr\/","name":"Safinel","description":"","publisher":{"@id":"https:\/\/www.safinel.fr\/#organization"},"potentialAction":[{"@type":"SearchAction","target":{"@type":"EntryPoint","urlTemplate":"https:\/\/www.safinel.fr\/?s={search_term_string}"},"query-input":{"@type":"PropertyValueSpecification","valueRequired":true,"valueName":"search_term_string"}}],"inLanguage":"de"},{"@type":"Organization","@id":"https:\/\/www.safinel.fr\/#organization","name":"Safinel","url":"https:\/\/www.safinel.fr\/","logo":{"@type":"ImageObject","inLanguage":"de","@id":"https:\/\/www.safinel.fr\/#\/schema\/logo\/image\/","url":"https:\/\/www.safinel.fr\/wp-content\/uploads\/2021\/05\/boutique-cosmetique.png","contentUrl":"https:\/\/www.safinel.fr\/wp-content\/uploads\/2021\/05\/boutique-cosmetique.png","width":800,"height":200,"caption":"Safinel"},"image":{"@id":"https:\/\/www.safinel.fr\/#\/schema\/logo\/image\/"}}]}},"_links":{"self":[{"href":"https:\/\/www.safinel.fr\/de\/wp-json\/wp\/v2\/product\/856","targetHints":{"allow":["GET"]}}],"collection":[{"href":"https:\/\/www.safinel.fr\/de\/wp-json\/wp\/v2\/product"}],"about":[{"href":"https:\/\/www.safinel.fr\/de\/wp-json\/wp\/v2\/types\/product"}],"wp:featuredmedia":[{"embeddable":true,"href":"https:\/\/www.safinel.fr\/de\/wp-json\/wp\/v2\/media\/857"}],"wp:attachment":[{"href":"https:\/\/www.safinel.fr\/de\/wp-json\/wp\/v2\/media?parent=856"}],"wp:term":[{"taxonomy":"product_brand","embeddable":true,"href":"https:\/\/www.safinel.fr\/de\/wp-json\/wp\/v2\/product_brand?post=856"},{"taxonomy":"product_cat","embeddable":true,"href":"https:\/\/www.safinel.fr\/de\/wp-json\/wp\/v2\/product_cat?post=856"},{"taxonomy":"product_tag","embeddable":true,"href":"https:\/\/www.safinel.fr\/de\/wp-json\/wp\/v2\/product_tag?post=856"}],"curies":[{"name":"wp","href":"https:\/\/api.w.org\/{rel}","templated":true}]}}