{"id":8243,"date":"2023-09-02T18:28:11","date_gmt":"2023-09-02T18:28:11","guid":{"rendered":"https:\/\/www.safinel.fr\/?post_type=product&#038;p=8243"},"modified":"2024-02-07T12:45:16","modified_gmt":"2024-02-07T12:45:16","slug":"palmenpollen","status":"publish","type":"product","link":"https:\/\/www.safinel.fr\/de\/product-2\/palmenpollen\/","title":{"rendered":"Palmenpollen 25g"},"content":{"rendered":"<p>Kennen Sie den\u00a0<strong>Palmenpollen<\/strong>\u00a0? Dieses lange verkannte Naturprodukt hat jedoch zahlreiche positive Eigenschaften. Direkt aus den tropischen und subtropischen Regionen, in denen Palmen wachsen, ist dieser wertvolle Pollen dank seiner positiven Auswirkungen auf die Gesundheit bei den Liebhabern von Naturprodukten auf dem Vormarsch.<\/p>\n<h2><strong>Die Herkunft und Ernte von Palmenpollen<\/strong><\/h2>\n<p>Palmenpollen stammen, wie der Name schon sagt, von der Palme. Eine Pflanzenfamilie namens Arecaceae mit \u00fcber 200 Arten, die in verschiedenen Regionen der Welt vorkommen. Um den wertvollen Pollen zu sammeln, muss man warten, bis die m\u00e4nnlichen Bl\u00fcten - auch Infloreszenzen genannt - der Palme aufplatzen und dabei riesige Mengen strohgelber Pollenk\u00f6rner freisetzen.<\/p>\n<p>Diese kleinen, n\u00e4hrstoffreichen K\u00f6rner werden von Hand oder mit speziellen Werkzeugen geerntet, in der Sonne getrocknet und anschlie\u00dfend gelagert. Nach der sorgf\u00e4ltigen Zubereitung kann das Fruchtbarkeitspulver in verschiedenen Formen (Kapseln, Pulver usw.) angeboten werden, um den Bed\u00fcrfnissen und Erwartungen jedes Einzelnen gerecht zu werden.<\/p>\n<h2><strong>Die Vorteile von Palmenpollen f\u00fcr die m\u00e4nnliche Fruchtbarkeit<\/strong><\/h2>\n<p>Seit einigen Jahren interessieren sich Forscher zunehmend f\u00fcr dieses nat\u00fcrliche Pulver und seine medizinischen Eigenschaften. Insbesondere in Bezug auf die\u00a0<a href=\"https:\/\/www.safinel.fr\/de\/product-category-2\/mannliche-intimitat\/\"><strong>m\u00e4nnliche Fruchtbarkeit<\/strong><\/a>. So haben zahlreiche Studien gezeigt, dass Palmenpollen eine positive Wirkung auf die Anzahl, die Mobilit\u00e4t und die Vitalit\u00e4t der Spermien haben k\u00f6nnten.<\/p>\n<ul>\n<li><strong>Eine bessere Spermienqualit\u00e4t<\/strong><\/li>\n<\/ul>\n<p>Palmenpollen sind reich an Proteinen, Vitaminen und Mineralien, die f\u00fcr das reibungslose Funktionieren des K\u00f6rpers wichtig sind. Sie enthalten unter anderem Kalzium, Eisen, Kupfer, Vitamine und Mineralien. <a href=\"https:\/\/www.safinel.fr\/de\/product-2\/zinkbisglycinat\/\"><strong>Zink<\/strong><\/a> und Selen. Elemente, die f\u00fcr eine gute Spermienproduktion unerl\u00e4sslich sind. Als Erg\u00e4nzung zu einer ausgewogenen Ern\u00e4hrung. Der regelm\u00e4\u00dfige Verzehr von Palmenpollen k\u00f6nnte somit dazu beitragen, die Spermienqualit\u00e4t bei M\u00e4nnern mit Unfruchtbarkeit zu verbessern.<\/p>\n<ul>\n<li><strong>Eine Auswirkung auf die Libido<\/strong><\/li>\n<\/ul>\n<p>Die positiven Auswirkungen von Palmenpollen beschr\u00e4nken sich nicht nur auf die m\u00e4nnliche Fruchtbarkeit. Es gibt auch Hinweise darauf, dass er eine Rolle bei der Stimulierung der Libido bei M\u00e4nnern spielen kann. Indem er z. B. gegen M\u00fcdigkeit hilft oder die Entspannung f\u00f6rdert. Als nat\u00fcrliches Nahrungserg\u00e4nzungsmittel mit aphrodisierenden Eigenschaften ist es daher eine interessante Alternative f\u00fcr Personen, die ihr sexuelles Verlangen steigern m\u00f6chten.<\/p>\n<h2><strong>Weitere gesundheitliche Vorteile<\/strong><\/h2>\n<p>Palmenpollen sind zwar vor allem f\u00fcr ihre Wirkung auf die m\u00e4nnliche Fruchtbarkeit bekannt, sie haben aber auch viele andere Vorteile:<\/p>\n<ul>\n<li><strong>Eine Rolle bei der Regulierung des Hormonsystems<\/strong>\u00a0: dank seines Reichtums an Vitaminen und Mineralien. Er soll dazu beitragen, den Hormonspiegel sowohl bei Frauen als auch bei M\u00e4nnern auszugleichen. So hilft er, bestimmte Probleme zu bek\u00e4mpfen, die mit einem hormonellen Ungleichgewicht verbunden sind (pr\u00e4menstruelles Syndrom, Wechseljahrsbeschwerden...).<\/li>\n<li><strong>Eine Wirkung auf das Immunsystem<\/strong>\u00a0Palmenpollen: Palmenpollen sind auch f\u00fcr ihre positiven Auswirkungen auf das Immunsystem bekannt. Sie helfen insbesondere dabei, die nat\u00fcrlichen Abwehrkr\u00e4fte des K\u00f6rpers zu st\u00e4rken.<\/li>\n<li><strong>Antioxidative Eigenschaften<\/strong>\u00a0: genau wie der \u00abklassische\u00bb Pollen, der von Bienen gesammelt wird. Dieses fruchtbarkeitsf\u00f6rdernde Pulver enth\u00e4lt Antioxidantien, die freie Radikale bek\u00e4mpfen, die f\u00fcr die vorzeitige Zellalterung verantwortlich sind.<\/li>\n<\/ul>\n<h2><strong>Wo findet man Palmenpollen?<\/strong><\/h2>\n<p>Nun steigt die Nachfrage nach diesem Produkt und es ist leichter zu finden als fr\u00fcher. Sie k\u00f6nnen dieses Produkt unter anderem kaufen bei\u00a0<strong>Fachgesch\u00e4fte<\/strong>, Es gibt eine Reihe von Online-Shops, die sich auf nat\u00fcrliche und pflanzliche Produkte spezialisiert haben, z. B. physische Gesch\u00e4fte oder Online-Shops.<\/p>\n<p>Immer mit dem Ziel, die Verbraucher bestm\u00f6glich zufrieden zu stellen. Palmenpollen werden in vielen verschiedenen Formen angeboten : <a href=\"https:\/\/www.safinel.fr\/de\/product-2\/palmenpollengel\/\"><strong>Kapseln<\/strong><\/a>, Sie k\u00f6nnen auch als Pulver oder als Mischung verwendet werden. Es gibt sogar Rezepte mit Palmenpollen f\u00fcr Feinschmecker, die Palmenpollen auf eine andere Art und Weise kennenlernen und von ihren Vorteilen profitieren m\u00f6chten.<\/p>\n<h3><strong>Ein nat\u00fcrlicher Verb\u00fcndeter f\u00fcr die Gesundheit<\/strong><\/h3>\n<p>Zusammenfassend l\u00e4sst sich sagen, dass Palmenpollen eine wahre Goldgrube f\u00fcr alle sind, die nach nat\u00fcrlichen L\u00f6sungen suchen, um ihre Gesundheit und ihr Wohlbefinden zu verbessern. Dank wissenschaftlicher Entdeckungen und zahlreicher Erfahrungsberichte von Verbrauchern, die von seinen positiven Auswirkungen auf die m\u00e4nnliche Fruchtbarkeit \u00fcberzeugt sind. Das Hormonsystem und das Immunsystem. Es gewinnt nach und nach an Bekanntheit und setzt sich bei den Anh\u00e4ngern von Naturprodukten als unumg\u00e4nglich durch.<\/p>","protected":false},"excerpt":{"rendered":"<p><strong>NB<\/strong> Palmenpollen sind nicht geeignet f\u00fcr Frauen mit polyzystischem Ovarialsyndrom, Fibromen, Myomen, Polypen, Endometriose, Zysten sowie f\u00fcr Frauen, die Medikamente einnehmen. <a href=\"https:\/\/www.safinel.fr\/de\/product-2\/monchspfeffer\/\"><strong>M\u00f6nchspfeffer-Tee<\/strong><\/a>.<\/p>\n<p>Beutel mit 25 g<\/p>\n<p><img decoding=\"async\" class=\"size-full wp-image-5091 aligncenter\" src=\"https:\/\/www.safinel.fr\/wp-content\/uploads\/2021\/06\/BANNIERE-ICONE-SAFINEL.webp\" alt=\"Satines-R\u00fcckversicherung\" width=\"800\" height=\"200\" srcset=\"https:\/\/www.safinel.fr\/wp-content\/uploads\/2021\/06\/BANNIERE-ICONE-SAFINEL.webp 800w, https:\/\/www.safinel.fr\/wp-content\/uploads\/2021\/06\/BANNIERE-ICONE-SAFINEL-600x150.webp 600w, https:\/\/www.safinel.fr\/wp-content\/uploads\/2021\/06\/BANNIERE-ICONE-SAFINEL-768x192.webp 768w\" sizes=\"(max-width: 800px) 100vw, 800px\" \/><\/p>","protected":false},"featured_media":8244,"template":"","meta":[],"product_brand":[],"product_cat":[15],"product_tag":[],"class_list":{"0":"post-8243","1":"product","2":"type-product","3":"status-publish","4":"has-post-thumbnail","6":"product_cat-fertilite","8":"first","9":"instock","10":"shipping-taxable","11":"purchasable","12":"product-type-simple"},"yoast_head":"<!-- This site is optimized with the Yoast SEO plugin v26.6 - https:\/\/yoast.com\/wordpress\/plugins\/seo\/ -->\n<title>Pollen de palmier | Poudre naturelle qui favorise la fertilit\u00e9<\/title>\n<meta name=\"description\" content=\"Connaissez-vous le\u00a0pollen de palmier\u00a0? Ce produit naturel, longtemps m\u00e9connu, a pourtant de nombreuses vertus. Adoptez-le sans plus attendre !\" \/>\n<meta name=\"robots\" content=\"index, follow, max-snippet:-1, max-image-preview:large, max-video-preview:-1\" \/>\n<link rel=\"canonical\" href=\"https:\/\/www.safinel.fr\/de\/product-2\/palmenpollen\/\" \/>\n<meta property=\"og:locale\" content=\"de_DE\" \/>\n<meta property=\"og:type\" content=\"article\" \/>\n<meta property=\"og:title\" content=\"Pollen de palmier | Poudre naturelle qui favorise la fertilit\u00e9\" \/>\n<meta property=\"og:description\" content=\"Connaissez-vous le\u00a0pollen de palmier\u00a0? Ce produit naturel, longtemps m\u00e9connu, a pourtant de nombreuses vertus. Adoptez-le sans plus attendre !\" \/>\n<meta property=\"og:url\" content=\"https:\/\/www.safinel.fr\/de\/product-2\/palmenpollen\/\" \/>\n<meta property=\"og:site_name\" content=\"Safinel\" \/>\n<meta property=\"article:modified_time\" content=\"2024-02-07T12:45:16+00:00\" \/>\n<meta property=\"og:image\" content=\"https:\/\/www.safinel.fr\/wp-content\/uploads\/2023\/09\/pollen-de-palmier.jpg\" \/>\n\t<meta property=\"og:image:width\" content=\"600\" \/>\n\t<meta property=\"og:image:height\" content=\"600\" \/>\n\t<meta property=\"og:image:type\" content=\"image\/jpeg\" \/>\n<meta name=\"twitter:card\" content=\"summary_large_image\" \/>\n<meta name=\"twitter:label1\" content=\"Gesch\u00e4tzte Lesezeit\" \/>\n\t<meta name=\"twitter:data1\" content=\"4\u00a0Minuten\" \/>\n<script type=\"application\/ld+json\" class=\"yoast-schema-graph\">{\"@context\":\"https:\/\/schema.org\",\"@graph\":[{\"@type\":\"WebPage\",\"@id\":\"https:\/\/www.safinel.fr\/produit\/pollen-de-palmier\/\",\"url\":\"https:\/\/www.safinel.fr\/produit\/pollen-de-palmier\/\",\"name\":\"Pollen de palmier | Poudre naturelle qui favorise la fertilit\u00e9\",\"isPartOf\":{\"@id\":\"https:\/\/www.safinel.fr\/#website\"},\"primaryImageOfPage\":{\"@id\":\"https:\/\/www.safinel.fr\/produit\/pollen-de-palmier\/#primaryimage\"},\"image\":{\"@id\":\"https:\/\/www.safinel.fr\/produit\/pollen-de-palmier\/#primaryimage\"},\"thumbnailUrl\":\"https:\/\/www.safinel.fr\/wp-content\/uploads\/2023\/09\/pollen-de-palmier.jpg\",\"datePublished\":\"2023-09-02T18:28:11+00:00\",\"dateModified\":\"2024-02-07T12:45:16+00:00\",\"description\":\"Connaissez-vous le\u00a0pollen de palmier\u00a0? Ce produit naturel, longtemps m\u00e9connu, a pourtant de nombreuses vertus. Adoptez-le sans plus attendre !\",\"breadcrumb\":{\"@id\":\"https:\/\/www.safinel.fr\/produit\/pollen-de-palmier\/#breadcrumb\"},\"inLanguage\":\"de\",\"potentialAction\":[{\"@type\":\"ReadAction\",\"target\":[\"https:\/\/www.safinel.fr\/produit\/pollen-de-palmier\/\"]}]},{\"@type\":\"ImageObject\",\"inLanguage\":\"de\",\"@id\":\"https:\/\/www.safinel.fr\/produit\/pollen-de-palmier\/#primaryimage\",\"url\":\"https:\/\/www.safinel.fr\/wp-content\/uploads\/2023\/09\/pollen-de-palmier.jpg\",\"contentUrl\":\"https:\/\/www.safinel.fr\/wp-content\/uploads\/2023\/09\/pollen-de-palmier.jpg\",\"width\":600,\"height\":600,\"caption\":\"Pollen de palmier\"},{\"@type\":\"BreadcrumbList\",\"@id\":\"https:\/\/www.safinel.fr\/produit\/pollen-de-palmier\/#breadcrumb\",\"itemListElement\":[{\"@type\":\"ListItem\",\"position\":1,\"name\":\"Accueil\",\"item\":\"https:\/\/www.safinel.fr\/\"},{\"@type\":\"ListItem\",\"position\":2,\"name\":\"Boutique\",\"item\":\"https:\/\/www.safinel.fr\/boutique\/\"},{\"@type\":\"ListItem\",\"position\":3,\"name\":\"Pollen de palmier 25g\"}]},{\"@type\":\"WebSite\",\"@id\":\"https:\/\/www.safinel.fr\/#website\",\"url\":\"https:\/\/www.safinel.fr\/\",\"name\":\"Safinel\",\"description\":\"\",\"publisher\":{\"@id\":\"https:\/\/www.safinel.fr\/#organization\"},\"potentialAction\":[{\"@type\":\"SearchAction\",\"target\":{\"@type\":\"EntryPoint\",\"urlTemplate\":\"https:\/\/www.safinel.fr\/?s={search_term_string}\"},\"query-input\":{\"@type\":\"PropertyValueSpecification\",\"valueRequired\":true,\"valueName\":\"search_term_string\"}}],\"inLanguage\":\"de\"},{\"@type\":\"Organization\",\"@id\":\"https:\/\/www.safinel.fr\/#organization\",\"name\":\"Safinel\",\"url\":\"https:\/\/www.safinel.fr\/\",\"logo\":{\"@type\":\"ImageObject\",\"inLanguage\":\"de\",\"@id\":\"https:\/\/www.safinel.fr\/#\/schema\/logo\/image\/\",\"url\":\"https:\/\/www.safinel.fr\/wp-content\/uploads\/2021\/05\/boutique-cosmetique.png\",\"contentUrl\":\"https:\/\/www.safinel.fr\/wp-content\/uploads\/2021\/05\/boutique-cosmetique.png\",\"width\":800,\"height\":200,\"caption\":\"Safinel\"},\"image\":{\"@id\":\"https:\/\/www.safinel.fr\/#\/schema\/logo\/image\/\"}}]}<\/script>\n<!-- \/ Yoast SEO plugin. -->","yoast_head_json":{"title":"Palmenpollen | Nat\u00fcrliches Pulver, das die Fruchtbarkeit f\u00f6rdert","description":"Kennen Sie Palmenpollen? Dieses nat\u00fcrliche Produkt, das lange Zeit verkannt wurde, hat jedoch zahlreiche positive Eigenschaften. \u00dcbernehmen Sie ihn sofort!","robots":{"index":"index","follow":"follow","max-snippet":"max-snippet:-1","max-image-preview":"max-image-preview:large","max-video-preview":"max-video-preview:-1"},"canonical":"https:\/\/www.safinel.fr\/de\/product-2\/palmenpollen\/","og_locale":"de_DE","og_type":"article","og_title":"Pollen de palmier | Poudre naturelle qui favorise la fertilit\u00e9","og_description":"Connaissez-vous le\u00a0pollen de palmier\u00a0? Ce produit naturel, longtemps m\u00e9connu, a pourtant de nombreuses vertus. Adoptez-le sans plus attendre !","og_url":"https:\/\/www.safinel.fr\/de\/product-2\/palmenpollen\/","og_site_name":"Safinel","article_modified_time":"2024-02-07T12:45:16+00:00","og_image":[{"width":600,"height":600,"url":"https:\/\/www.safinel.fr\/wp-content\/uploads\/2023\/09\/pollen-de-palmier.jpg","type":"image\/jpeg"}],"twitter_card":"summary_large_image","twitter_misc":{"Gesch\u00e4tzte Lesezeit":"4\u00a0Minuten"},"schema":{"@context":"https:\/\/schema.org","@graph":[{"@type":"WebPage","@id":"https:\/\/www.safinel.fr\/produit\/pollen-de-palmier\/","url":"https:\/\/www.safinel.fr\/produit\/pollen-de-palmier\/","name":"Palmenpollen | Nat\u00fcrliches Pulver, das die Fruchtbarkeit f\u00f6rdert","isPartOf":{"@id":"https:\/\/www.safinel.fr\/#website"},"primaryImageOfPage":{"@id":"https:\/\/www.safinel.fr\/produit\/pollen-de-palmier\/#primaryimage"},"image":{"@id":"https:\/\/www.safinel.fr\/produit\/pollen-de-palmier\/#primaryimage"},"thumbnailUrl":"https:\/\/www.safinel.fr\/wp-content\/uploads\/2023\/09\/pollen-de-palmier.jpg","datePublished":"2023-09-02T18:28:11+00:00","dateModified":"2024-02-07T12:45:16+00:00","description":"Kennen Sie Palmenpollen? Dieses nat\u00fcrliche Produkt, das lange Zeit verkannt wurde, hat jedoch zahlreiche positive Eigenschaften. \u00dcbernehmen Sie ihn sofort!","breadcrumb":{"@id":"https:\/\/www.safinel.fr\/produit\/pollen-de-palmier\/#breadcrumb"},"inLanguage":"de","potentialAction":[{"@type":"ReadAction","target":["https:\/\/www.safinel.fr\/produit\/pollen-de-palmier\/"]}]},{"@type":"ImageObject","inLanguage":"de","@id":"https:\/\/www.safinel.fr\/produit\/pollen-de-palmier\/#primaryimage","url":"https:\/\/www.safinel.fr\/wp-content\/uploads\/2023\/09\/pollen-de-palmier.jpg","contentUrl":"https:\/\/www.safinel.fr\/wp-content\/uploads\/2023\/09\/pollen-de-palmier.jpg","width":600,"height":600,"caption":"Pollen de palmier"},{"@type":"BreadcrumbList","@id":"https:\/\/www.safinel.fr\/produit\/pollen-de-palmier\/#breadcrumb","itemListElement":[{"@type":"ListItem","position":1,"name":"Accueil","item":"https:\/\/www.safinel.fr\/"},{"@type":"ListItem","position":2,"name":"Boutique","item":"https:\/\/www.safinel.fr\/boutique\/"},{"@type":"ListItem","position":3,"name":"Pollen de palmier 25g"}]},{"@type":"WebSite","@id":"https:\/\/www.safinel.fr\/#website","url":"https:\/\/www.safinel.fr\/","name":"Safinel","description":"","publisher":{"@id":"https:\/\/www.safinel.fr\/#organization"},"potentialAction":[{"@type":"SearchAction","target":{"@type":"EntryPoint","urlTemplate":"https:\/\/www.safinel.fr\/?s={search_term_string}"},"query-input":{"@type":"PropertyValueSpecification","valueRequired":true,"valueName":"search_term_string"}}],"inLanguage":"de"},{"@type":"Organization","@id":"https:\/\/www.safinel.fr\/#organization","name":"Safinel","url":"https:\/\/www.safinel.fr\/","logo":{"@type":"ImageObject","inLanguage":"de","@id":"https:\/\/www.safinel.fr\/#\/schema\/logo\/image\/","url":"https:\/\/www.safinel.fr\/wp-content\/uploads\/2021\/05\/boutique-cosmetique.png","contentUrl":"https:\/\/www.safinel.fr\/wp-content\/uploads\/2021\/05\/boutique-cosmetique.png","width":800,"height":200,"caption":"Safinel"},"image":{"@id":"https:\/\/www.safinel.fr\/#\/schema\/logo\/image\/"}}]}},"_links":{"self":[{"href":"https:\/\/www.safinel.fr\/de\/wp-json\/wp\/v2\/product\/8243","targetHints":{"allow":["GET"]}}],"collection":[{"href":"https:\/\/www.safinel.fr\/de\/wp-json\/wp\/v2\/product"}],"about":[{"href":"https:\/\/www.safinel.fr\/de\/wp-json\/wp\/v2\/types\/product"}],"wp:featuredmedia":[{"embeddable":true,"href":"https:\/\/www.safinel.fr\/de\/wp-json\/wp\/v2\/media\/8244"}],"wp:attachment":[{"href":"https:\/\/www.safinel.fr\/de\/wp-json\/wp\/v2\/media?parent=8243"}],"wp:term":[{"taxonomy":"product_brand","embeddable":true,"href":"https:\/\/www.safinel.fr\/de\/wp-json\/wp\/v2\/product_brand?post=8243"},{"taxonomy":"product_cat","embeddable":true,"href":"https:\/\/www.safinel.fr\/de\/wp-json\/wp\/v2\/product_cat?post=8243"},{"taxonomy":"product_tag","embeddable":true,"href":"https:\/\/www.safinel.fr\/de\/wp-json\/wp\/v2\/product_tag?post=8243"}],"curies":[{"name":"wp","href":"https:\/\/api.w.org\/{rel}","templated":true}]}}