{"id":82,"date":"2021-06-01T14:59:06","date_gmt":"2021-06-01T14:59:06","guid":{"rendered":"https:\/\/www.safinel.fr\/?post_type=product&#038;p=82"},"modified":"2026-01-21T01:57:14","modified_gmt":"2026-01-21T01:57:14","slug":"himbeerblatter","status":"publish","type":"product","link":"https:\/\/www.safinel.fr\/de\/product-2\/himbeerblatter\/","title":{"rendered":"Getrocknete Himbeerbl\u00e4tter"},"content":{"rendered":"<p>Die <b>Himbeerbl\u00e4tter<\/b> gelten als die \u201cbesten Verb\u00fcndeten der Frau\u201d.<span class=\"Apple-converted-space\">\u00a0<\/span><\/p>\n<p>Wer kennt sie nicht, die Himbeere? Diese Pflanze, die f\u00fcr ihre Fr\u00fcchte mit dem so feinen Geschmack bekannt ist, wird von allen geliebt... Die Fr\u00fcchte der Himbeere sind seit Jahrhunderten sehr beliebt und helfen uns, eine gute Gesundheit zu pflegen.<span class=\"Apple-converted-space\">\u00a0<\/span><\/p>\n<p>Diese k\u00f6stlichen Fr\u00fcchte sind jedoch nicht die Teile, die uns heute interessieren. Tats\u00e4chlich sind die <b>Himbeerbl\u00e4tter <\/b>werden aufgrund ihrer zahlreichen Vorteile f\u00fcr den K\u00f6rper ebenfalls h\u00e4ufig verwendet und empfohlen.<span class=\"Apple-converted-space\">\u00a0<\/span><\/p>\n<p>Aus diesem Grund bieten wir Ihnen bei <i>Safinel<\/i>, Die <b>Himbeerbl\u00e4tter<\/b> getrocknet in einem Beutel mit 100 g, oder 200 g, je nach Wunsch. Bleiben Sie dran und lernen Sie ihre Besonderheiten n\u00e4her kennen!<\/p>\n<h2><b>Himbeerbl\u00e4tter: ein medizinisches Wunderwerk<span class=\"Apple-converted-space\">\u00a0<\/span><\/b><\/h2>\n<p>Jeder kennt die Himbeere, und doch wissen nur wenige, dass die Himbeere zu den Heilpflanzen schlechthin geh\u00f6rt.<span class=\"Apple-converted-space\">\u00a0<\/span><\/p>\n<p>Auch genannt <b>l<\/b><b>a Brombeere vom Berg Ida<\/b>, Die Himbeere geh\u00f6rt zur Familie der Rosengew\u00e4chse (Rosaceae). Der aus Westeuropa stammende, mehrj\u00e4hrige Strauch kann bis zu zwei Meter hoch werden. Als Kulturpflanze oder wildwachsend bevorzugt sie leichte, humusreiche B\u00f6den.<\/p>\n<p>Die Himbeere hat wei\u00dfe, selbstfruchtbare Bl\u00fcten und Fr\u00fcchte, die aus kleinen roten Kugeln bestehen, die s\u00e4uerlich und duftend sind. Die Bl\u00e4tter sind oval, sommergr\u00fcn und an der Unterseite wei\u00dflich.<span class=\"Apple-converted-space\">\u00a0<\/span><\/p>\n<p>Die <b>Himbeerbl\u00e4tter <\/b>werden w\u00e4hrend der Bl\u00fctezeit geerntet. Anschlie\u00dfend werden sie in der Sonne getrocknet, um hochwertige und n\u00e4hrstoffreiche Bl\u00e4tter zu erhalten. Ihre Wirkung wird weltweit gesch\u00e4tzt.<\/p>\n<p>Die Verwendung dieser Bl\u00e4tter ist in den angels\u00e4chsischen L\u00e4ndern weit verbreitet. Diese verschreiben diese Bl\u00e4tter in Zeiten hormoneller Umw\u00e4lzungen.<\/p>\n<p>Heute werden sie in der Regel verschrieben, um eine gute Aktivit\u00e4t der weiblichen Fortpflanzungsorgane aufrechtzuerhalten.<\/p>\n<p>Nicht zu verwechseln: die <b>Himbeerbl\u00e4tter<\/b> werden manchmal mit Himbeerketon verwechselt, das \u00fcblicherweise als fettverbrennendes Nahrungserg\u00e4nzungsmittel vermarktet wird. Dabei handelt es sich um zwei v\u00f6llig unterschiedliche Produkte.<span class=\"Apple-converted-space\">\u00a0<\/span><\/p>\n<h2><b>Wie setzen sich die Bl\u00e4tter der Himbeere zusammen?<span class=\"Apple-converted-space\">\u00a0<\/span><\/b><\/h2>\n<p>Die <b>Himbeerbl\u00e4tter<\/b> sind immer wieder f\u00fcr \u00dcberraschungen gut. Sie sind vollgepackt mit N\u00e4hrstoffen, die sich positiv auf die Gesundheit und den K\u00f6rper auswirken. Wir finden viele Wirkstoffe, vor allem :<span class=\"Apple-converted-space\">\u00a0<\/span><\/p>\n<ul>\n<li>Vitamine A, B, C, E<span class=\"Apple-converted-space\">\u00a0<\/span><\/li>\n<li>Kalzium<\/li>\n<li>Magnesium<\/li>\n<li>Kalium<\/li>\n<li>Eisen<\/li>\n<li>Zink<\/li>\n<li>Chrom<\/li>\n<li>Mangan<\/li>\n<li>Fragine<\/li>\n<li>Tannine<\/li>\n<li>Flavonoide<\/li>\n<\/ul>\n<p>Wie Sie sehen k\u00f6nnen, sind diese Bl\u00e4tter bemerkenswert. Dank dieser Inhaltsstoffe machen sie sie und seit langem zu Verb\u00fcndeten der Frau oder besser gesagt ihres Fortpflanzungssystems.<span class=\"Apple-converted-space\">\u00a0<\/span><\/p>\n<h2><b>Die unz\u00e4hligen Vorteile von Himbeerbl\u00e4ttern<span class=\"Apple-converted-space\">\u00a0<\/span><\/b><\/h2>\n<p>Die wunderbare Zusammensetzung der Himbeerbl\u00e4tter verleiht ihnen enorme Vorteile f\u00fcr unseren K\u00f6rper. Aus diesem Grund wollen wir gemeinsam alles Wissenswerte \u00fcber diese wunderbaren Bl\u00e4tter herausfinden.<span class=\"Apple-converted-space\">\u00a0<\/span><\/p>\n<p>Zun\u00e4chst bek\u00e4mpfen diese Darmbeschwerden wie Durchfall und Verdauungsst\u00f6rungen. Au\u00dferdem f\u00f6rdert es die Verdauung und lindert sogar Halsschmerzen.<span class=\"Apple-converted-space\">\u00a0<\/span><\/p>\n<p>Aber es ist noch nicht vorbei... Dieser <b>nat\u00fcrliche Nahrungserg\u00e4nzung<\/b> ist viel mehr f\u00fcr seine Wirkung auf den weiblichen Organismus bekannt:<span class=\"Apple-converted-space\">\u00a0<\/span><\/p>\n<p>Erstens hilft es Frauen, ihren Hormonhaushalt zu kontrollieren, wodurch der Menstruationszyklus leichter zu regulieren ist. Seine krampfl\u00f6sende Wirkung lindert schmerzhafte Menstruationsbeschwerden. Und sein Kalziumgehalt tonisiert die Geb\u00e4rmutter und f\u00f6rdert so die Fruchtbarkeit.<\/p>\n<p>2, <b>das Himbeerblatt <\/b>verringert das Risiko einer Fehlgeburt und begrenzt postpartale Blutungen. Dar\u00fcber hinaus soll sie Schwangerschaftsbeschwerden wie \u00dcbelkeit...<\/p>\n<p>Und schlie\u00dflich kann es durch seine stimulierende und tonisierende Wirkung die Dauer der Geburt verk\u00fcrzen. Ebenso kann das Himbeerblatt nach der Geburt verwendet werden, um die Geb\u00e4rmuttermuskulatur zu straffen und zu revitalisieren.<\/p>\n<h2><b>Wie w\u00e4re es, wenn Sie sich einen Kr\u00e4utertee zubereiten?<span class=\"Apple-converted-space\">\u00a0<\/span><\/b><\/h2>\n<p>Die <b>Himbeerbl\u00e4tter<\/b> k\u00f6nnen als Tee konsumiert werden. Dazu werden 1 bis 2 Teel\u00f6ffel Bl\u00e4tter in 200 ml kochendem Wasser 10 Minuten lang aufgegossen. Dieser Aufguss kann hei\u00df oder kalt getrunken werden.<\/p>\n<p>Der Kr\u00e4utertee kann au\u00dferhalb der Schwangerschaft jederzeit getrunken werden. Bei schwangeren Frauen sollte man bis zum dritten Monat warten und eine Menge von 2 bis 3 Tassen pro Tag zu sich nehmen.<span class=\"Apple-converted-space\">\u00a0<\/span><\/p>\n<p>Dennoch empfehlen viele Hebammen, bis zum zweiten Trimester zu warten. <b>Der Rat eines Spezialisten ist unerl\u00e4sslich!<span class=\"Apple-converted-space\">\u00a0<\/span><\/b><\/p>\n<p>Wenn dieser Tee hingegen gegen Durchfall getrunken wird, nehmen Sie eine Drittel Tasse, 3-4 Mal am Tag.<span class=\"Apple-converted-space\">\u00a0<\/span><\/p>\n<p><b>Im Hinblick auf jede Indikation sollten Sie einen Spezialisten f\u00fcr eine individuellere Dosierung konsultieren.<\/b><\/p>\n<h3><b>Aufbewahrung von Himbeerbl\u00e4ttern<span class=\"Apple-converted-space\">\u00a0<\/span><\/b><\/h3>\n<p>Die Bl\u00e4tter, die wir Ihnen verkaufen, sind vorab getrocknet, au\u00dferdem sparen Sie dadurch Zeit! Diese Bl\u00e4tter wurden auf nat\u00fcrliche Weise getrocknet, sodass sie ihre Vorteile weitestgehend behalten.<\/p>\n<p>Diese k\u00f6nnen \u00fcber einen langen Zeitraum hinweg aufbewahrt werden, wenn sie unter optimalen Bedingungen gelagert werden. Aus diesem Grund hier einige Tipps:<\/p>\n<ul>\n<li>Zun\u00e4chst sollten Sie die Bl\u00e4tter an einem luftigen, dunklen Ort ohne direkte Sonneneinstrahlung aufstellen. UV-Strahlen k\u00f6nnen die Bl\u00e4tter und ihre N\u00e4hrstoffe sch\u00e4digen.<\/li>\n<li>Halten Sie sie dann vor Feuchtigkeit gesch\u00fctzt, sie sollten an einem gesunden und trockenen Ort sein.<span class=\"Apple-converted-space\">\u00a0<\/span><\/li>\n<li>Und schlie\u00dflich lagere sie in einem luftdicht verschlossenen Beh\u00e4lter.<span class=\"Apple-converted-space\">\u00a0<\/span><\/li>\n<\/ul>\n<h3><b>Vorsichtsma\u00dfnahmen<span class=\"Apple-converted-space\">\u00a0<\/span><\/b><\/h3>\n<p>Die <b>Himbeerbl\u00e4tter<\/b> keine wirklichen Kontraindikationen haben, gelten sie als Heilpflanzen mit vielen positiven Eigenschaften. In der Tat werden sie als die Pflanzen der <a href=\"https:\/\/mamanetbebenature.fr\" target=\"_blank\" rel=\"noopener\"><strong>harmonische Mutterschaft<\/strong><\/a>.<\/p>\n<p>Es ist jedoch nicht empfehlenswert, ihn in den ersten Monaten Ihrer Schwangerschaft zu trinken. Und ist w\u00e4hrend der Menstruation zu vermeiden.<\/p>\n<p>Wie bei allen Pflanzen ist es sehr empfehlenswert, sich von einem Fachmann beraten zu lassen.<\/p>\n<p>Und schlie\u00dflich: Wenn Sie unter \u00e4rztlicher Behandlung stehen, lassen Sie sich vor dem Konsum von Ihrem Hausarzt beraten.<\/p>\n<ul>\n<li><b>N\u00fctzliche Assoziationen...<span class=\"Apple-converted-space\">\u00a0<\/span><\/b><\/li>\n<\/ul>\n<p>Es kann vorteilhaft sein, die <b>Himbeerbl\u00e4tter<\/b> mit anderen Pflanzen, die auf unserer Seite zu finden sind. Dies dient dazu, die Vorteile und N\u00e4hrstoffe zu erh\u00f6hen.<span class=\"Apple-converted-space\">\u00a0<\/span><\/p>\n<p>Hier eine kleine Rezeptidee f\u00fcr einen Kr\u00e4utertee zum Selbermachen:<\/p>\n<p>Zutaten :<span class=\"Apple-converted-space\">\u00a0<\/span><\/p>\n<ul>\n<li><b><\/b><b>Getrocknete Himbeerbl\u00e4tter<\/b><\/li>\n<li><b><\/b><b><a href=\"https:\/\/www.safinel.fr\/de\/product-2\/roter-klee-ganze-blumen\/\">Rotklee<\/a><span class=\"Apple-converted-space\">\u00a0<\/span><\/b><\/li>\n<li><b><\/b><a href=\"https:\/\/www.safinel.fr\/de\/product-2\/scharfe-brennnessel-100g\/\"><b>Scharfe Brennnessel<\/b><\/a><\/li>\n<li><b><\/b><a href=\"https:\/\/www.safinel.fr\/de\/product-2\/lowenzahnwurzel\/\"><b>L\u00f6wenzahnwurzel<\/b><\/a><\/li>\n<\/ul>\n<p>Vorbereitung :<\/p>\n<ol>\n<li>Vermischen Sie zun\u00e4chst alle Zutaten.<span class=\"Apple-converted-space\">\u00a0<\/span><\/li>\n<li>Dann nehmen Sie 2 Essl\u00f6ffel der Mischung und lassen sie in 1L kochendem Wasser etwa 10 Minuten lang ziehen.<\/li>\n<\/ol>\n<p>Auf unserer Website finden Sie alles, was Sie f\u00fcr dieses Rezept brauchen!<\/p>","protected":false},"excerpt":{"rendered":"<p>Himbeerbl\u00e4tter gelten als die \u201cbesten Verb\u00fcndeten der Frau\u201d.  Wer kennt nicht die Himbeere? Diese Pflanze, die f\u00fcr ihre k\u00f6stlichen Fr\u00fcchte bekannt ist, findet allgemeinen Anklang... Seit Jahrhunderten sind Himbeeren sehr beliebt und tragen zu unserer Gesundheit bei.  Allerdings sind diese k\u00f6stlichen Fr\u00fcchte [\u2026]","protected":false},"featured_media":67,"template":"","meta":[],"product_brand":[],"product_cat":[15,27,19],"product_tag":[],"class_list":{"0":"post-82","1":"product","2":"type-product","3":"status-publish","4":"has-post-thumbnail","6":"product_cat-fertilite","7":"product_cat-plantes-medicinales","8":"product_cat-thes-tisanes","10":"first","11":"instock","12":"shipping-taxable","13":"purchasable","14":"product-type-variable"},"yoast_head":"<!-- This site is optimized with the Yoast SEO plugin v26.6 - https:\/\/yoast.com\/wordpress\/plugins\/seo\/ -->\n<title>Feuilles de framboisier | Tisane et infusion | Feuilles s\u00e9ch\u00e9es<\/title>\n<meta name=\"description\" content=\"Les feuilles de framboisier sont r\u00e9colt\u00e9es pendant la floraison. Elles sont s\u00e9ch\u00e9es en plein soleil afin d\u2019obtenir des feuilles de qualit\u00e9.\" \/>\n<meta name=\"robots\" content=\"index, follow, max-snippet:-1, max-image-preview:large, max-video-preview:-1\" \/>\n<link rel=\"canonical\" href=\"https:\/\/www.safinel.fr\/de\/product-2\/himbeerblatter\/\" \/>\n<meta property=\"og:locale\" content=\"de_DE\" \/>\n<meta property=\"og:type\" content=\"article\" \/>\n<meta property=\"og:title\" content=\"Feuilles de framboisier | Tisane et infusion | Feuilles s\u00e9ch\u00e9es\" \/>\n<meta property=\"og:description\" content=\"Les feuilles de framboisier sont r\u00e9colt\u00e9es pendant la floraison. Elles sont s\u00e9ch\u00e9es en plein soleil afin d\u2019obtenir des feuilles de qualit\u00e9.\" \/>\n<meta property=\"og:url\" content=\"https:\/\/www.safinel.fr\/de\/product-2\/himbeerblatter\/\" \/>\n<meta property=\"og:site_name\" content=\"Safinel\" \/>\n<meta property=\"article:modified_time\" content=\"2026-01-21T01:57:14+00:00\" \/>\n<meta property=\"og:image\" content=\"https:\/\/www.safinel.fr\/wp-content\/uploads\/2021\/05\/feuille-de-framboisier-site.jpg\" \/>\n\t<meta property=\"og:image:width\" content=\"341\" \/>\n\t<meta property=\"og:image:height\" content=\"400\" \/>\n\t<meta property=\"og:image:type\" content=\"image\/jpeg\" \/>\n<meta name=\"twitter:card\" content=\"summary_large_image\" \/>\n<meta name=\"twitter:label1\" content=\"Gesch\u00e4tzte Lesezeit\" \/>\n\t<meta name=\"twitter:data1\" content=\"5\u00a0Minuten\" \/>\n<script type=\"application\/ld+json\" class=\"yoast-schema-graph\">{\"@context\":\"https:\/\/schema.org\",\"@graph\":[{\"@type\":\"WebPage\",\"@id\":\"https:\/\/www.safinel.fr\/produit\/feuilles-de-framboisier\/\",\"url\":\"https:\/\/www.safinel.fr\/produit\/feuilles-de-framboisier\/\",\"name\":\"Feuilles de framboisier | Tisane et infusion | Feuilles s\u00e9ch\u00e9es\",\"isPartOf\":{\"@id\":\"https:\/\/www.safinel.fr\/#website\"},\"primaryImageOfPage\":{\"@id\":\"https:\/\/www.safinel.fr\/produit\/feuilles-de-framboisier\/#primaryimage\"},\"image\":{\"@id\":\"https:\/\/www.safinel.fr\/produit\/feuilles-de-framboisier\/#primaryimage\"},\"thumbnailUrl\":\"https:\/\/www.safinel.fr\/wp-content\/uploads\/2021\/05\/feuille-de-framboisier-site.jpg\",\"datePublished\":\"2021-06-01T14:59:06+00:00\",\"dateModified\":\"2026-01-21T01:57:14+00:00\",\"description\":\"Les feuilles de framboisier sont r\u00e9colt\u00e9es pendant la floraison. Elles sont s\u00e9ch\u00e9es en plein soleil afin d\u2019obtenir des feuilles de qualit\u00e9.\",\"breadcrumb\":{\"@id\":\"https:\/\/www.safinel.fr\/produit\/feuilles-de-framboisier\/#breadcrumb\"},\"inLanguage\":\"de\",\"potentialAction\":[{\"@type\":\"ReadAction\",\"target\":[\"https:\/\/www.safinel.fr\/produit\/feuilles-de-framboisier\/\"]}]},{\"@type\":\"ImageObject\",\"inLanguage\":\"de\",\"@id\":\"https:\/\/www.safinel.fr\/produit\/feuilles-de-framboisier\/#primaryimage\",\"url\":\"https:\/\/www.safinel.fr\/wp-content\/uploads\/2021\/05\/feuille-de-framboisier-site.jpg\",\"contentUrl\":\"https:\/\/www.safinel.fr\/wp-content\/uploads\/2021\/05\/feuille-de-framboisier-site.jpg\",\"width\":341,\"height\":400,\"caption\":\"Feuilles de framboisier s\u00e9ch\u00e9es\"},{\"@type\":\"BreadcrumbList\",\"@id\":\"https:\/\/www.safinel.fr\/produit\/feuilles-de-framboisier\/#breadcrumb\",\"itemListElement\":[{\"@type\":\"ListItem\",\"position\":1,\"name\":\"Accueil\",\"item\":\"https:\/\/www.safinel.fr\/\"},{\"@type\":\"ListItem\",\"position\":2,\"name\":\"Boutique\",\"item\":\"https:\/\/www.safinel.fr\/boutique\/\"},{\"@type\":\"ListItem\",\"position\":3,\"name\":\"Feuilles de framboisier s\u00e9ch\u00e9es\"}]},{\"@type\":\"WebSite\",\"@id\":\"https:\/\/www.safinel.fr\/#website\",\"url\":\"https:\/\/www.safinel.fr\/\",\"name\":\"Safinel\",\"description\":\"\",\"publisher\":{\"@id\":\"https:\/\/www.safinel.fr\/#organization\"},\"potentialAction\":[{\"@type\":\"SearchAction\",\"target\":{\"@type\":\"EntryPoint\",\"urlTemplate\":\"https:\/\/www.safinel.fr\/?s={search_term_string}\"},\"query-input\":{\"@type\":\"PropertyValueSpecification\",\"valueRequired\":true,\"valueName\":\"search_term_string\"}}],\"inLanguage\":\"de\"},{\"@type\":\"Organization\",\"@id\":\"https:\/\/www.safinel.fr\/#organization\",\"name\":\"Safinel\",\"url\":\"https:\/\/www.safinel.fr\/\",\"logo\":{\"@type\":\"ImageObject\",\"inLanguage\":\"de\",\"@id\":\"https:\/\/www.safinel.fr\/#\/schema\/logo\/image\/\",\"url\":\"https:\/\/www.safinel.fr\/wp-content\/uploads\/2021\/05\/boutique-cosmetique.png\",\"contentUrl\":\"https:\/\/www.safinel.fr\/wp-content\/uploads\/2021\/05\/boutique-cosmetique.png\",\"width\":800,\"height\":200,\"caption\":\"Safinel\"},\"image\":{\"@id\":\"https:\/\/www.safinel.fr\/#\/schema\/logo\/image\/\"}}]}<\/script>\n<!-- \/ Yoast SEO plugin. -->","yoast_head_json":{"title":"Himbeerbl\u00e4tter | Kr\u00e4utertee und Fr\u00fcchtetee | Getrocknete Bl\u00e4tter","description":"Die Bl\u00e4tter der Himbeere werden w\u00e4hrend der Bl\u00fctezeit geerntet. Sie werden in der prallen Sonne getrocknet, um hochwertige Bl\u00e4tter zu erhalten.","robots":{"index":"index","follow":"follow","max-snippet":"max-snippet:-1","max-image-preview":"max-image-preview:large","max-video-preview":"max-video-preview:-1"},"canonical":"https:\/\/www.safinel.fr\/de\/product-2\/himbeerblatter\/","og_locale":"de_DE","og_type":"article","og_title":"Feuilles de framboisier | Tisane et infusion | Feuilles s\u00e9ch\u00e9es","og_description":"Les feuilles de framboisier sont r\u00e9colt\u00e9es pendant la floraison. Elles sont s\u00e9ch\u00e9es en plein soleil afin d\u2019obtenir des feuilles de qualit\u00e9.","og_url":"https:\/\/www.safinel.fr\/de\/product-2\/himbeerblatter\/","og_site_name":"Safinel","article_modified_time":"2026-01-21T01:57:14+00:00","og_image":[{"width":341,"height":400,"url":"https:\/\/www.safinel.fr\/wp-content\/uploads\/2021\/05\/feuille-de-framboisier-site.jpg","type":"image\/jpeg"}],"twitter_card":"summary_large_image","twitter_misc":{"Gesch\u00e4tzte Lesezeit":"5\u00a0Minuten"},"schema":{"@context":"https:\/\/schema.org","@graph":[{"@type":"WebPage","@id":"https:\/\/www.safinel.fr\/produit\/feuilles-de-framboisier\/","url":"https:\/\/www.safinel.fr\/produit\/feuilles-de-framboisier\/","name":"Himbeerbl\u00e4tter | Kr\u00e4utertee und Fr\u00fcchtetee | Getrocknete Bl\u00e4tter","isPartOf":{"@id":"https:\/\/www.safinel.fr\/#website"},"primaryImageOfPage":{"@id":"https:\/\/www.safinel.fr\/produit\/feuilles-de-framboisier\/#primaryimage"},"image":{"@id":"https:\/\/www.safinel.fr\/produit\/feuilles-de-framboisier\/#primaryimage"},"thumbnailUrl":"https:\/\/www.safinel.fr\/wp-content\/uploads\/2021\/05\/feuille-de-framboisier-site.jpg","datePublished":"2021-06-01T14:59:06+00:00","dateModified":"2026-01-21T01:57:14+00:00","description":"Die Bl\u00e4tter der Himbeere werden w\u00e4hrend der Bl\u00fctezeit geerntet. Sie werden in der prallen Sonne getrocknet, um hochwertige Bl\u00e4tter zu erhalten.","breadcrumb":{"@id":"https:\/\/www.safinel.fr\/produit\/feuilles-de-framboisier\/#breadcrumb"},"inLanguage":"de","potentialAction":[{"@type":"ReadAction","target":["https:\/\/www.safinel.fr\/produit\/feuilles-de-framboisier\/"]}]},{"@type":"ImageObject","inLanguage":"de","@id":"https:\/\/www.safinel.fr\/produit\/feuilles-de-framboisier\/#primaryimage","url":"https:\/\/www.safinel.fr\/wp-content\/uploads\/2021\/05\/feuille-de-framboisier-site.jpg","contentUrl":"https:\/\/www.safinel.fr\/wp-content\/uploads\/2021\/05\/feuille-de-framboisier-site.jpg","width":341,"height":400,"caption":"Feuilles de framboisier s\u00e9ch\u00e9es"},{"@type":"BreadcrumbList","@id":"https:\/\/www.safinel.fr\/produit\/feuilles-de-framboisier\/#breadcrumb","itemListElement":[{"@type":"ListItem","position":1,"name":"Accueil","item":"https:\/\/www.safinel.fr\/"},{"@type":"ListItem","position":2,"name":"Boutique","item":"https:\/\/www.safinel.fr\/boutique\/"},{"@type":"ListItem","position":3,"name":"Feuilles de framboisier s\u00e9ch\u00e9es"}]},{"@type":"WebSite","@id":"https:\/\/www.safinel.fr\/#website","url":"https:\/\/www.safinel.fr\/","name":"Safinel","description":"","publisher":{"@id":"https:\/\/www.safinel.fr\/#organization"},"potentialAction":[{"@type":"SearchAction","target":{"@type":"EntryPoint","urlTemplate":"https:\/\/www.safinel.fr\/?s={search_term_string}"},"query-input":{"@type":"PropertyValueSpecification","valueRequired":true,"valueName":"search_term_string"}}],"inLanguage":"de"},{"@type":"Organization","@id":"https:\/\/www.safinel.fr\/#organization","name":"Safinel","url":"https:\/\/www.safinel.fr\/","logo":{"@type":"ImageObject","inLanguage":"de","@id":"https:\/\/www.safinel.fr\/#\/schema\/logo\/image\/","url":"https:\/\/www.safinel.fr\/wp-content\/uploads\/2021\/05\/boutique-cosmetique.png","contentUrl":"https:\/\/www.safinel.fr\/wp-content\/uploads\/2021\/05\/boutique-cosmetique.png","width":800,"height":200,"caption":"Safinel"},"image":{"@id":"https:\/\/www.safinel.fr\/#\/schema\/logo\/image\/"}}]}},"_links":{"self":[{"href":"https:\/\/www.safinel.fr\/de\/wp-json\/wp\/v2\/product\/82","targetHints":{"allow":["GET"]}}],"collection":[{"href":"https:\/\/www.safinel.fr\/de\/wp-json\/wp\/v2\/product"}],"about":[{"href":"https:\/\/www.safinel.fr\/de\/wp-json\/wp\/v2\/types\/product"}],"wp:featuredmedia":[{"embeddable":true,"href":"https:\/\/www.safinel.fr\/de\/wp-json\/wp\/v2\/media\/67"}],"wp:attachment":[{"href":"https:\/\/www.safinel.fr\/de\/wp-json\/wp\/v2\/media?parent=82"}],"wp:term":[{"taxonomy":"product_brand","embeddable":true,"href":"https:\/\/www.safinel.fr\/de\/wp-json\/wp\/v2\/product_brand?post=82"},{"taxonomy":"product_cat","embeddable":true,"href":"https:\/\/www.safinel.fr\/de\/wp-json\/wp\/v2\/product_cat?post=82"},{"taxonomy":"product_tag","embeddable":true,"href":"https:\/\/www.safinel.fr\/de\/wp-json\/wp\/v2\/product_tag?post=82"}],"curies":[{"name":"wp","href":"https:\/\/api.w.org\/{rel}","templated":true}]}}