{"id":806,"date":"2022-02-11T12:31:57","date_gmt":"2022-02-11T12:31:57","guid":{"rendered":"https:\/\/www.safinel.fr\/?post_type=product&#038;p=806"},"modified":"2023-12-28T17:15:21","modified_gmt":"2023-12-28T17:15:21","slug":"dakpi-ol","status":"publish","type":"product","link":"https:\/\/www.safinel.fr\/de\/product-2\/dakpi-ol\/","title":{"rendered":"Akpi-\u00d6l"},"content":{"rendered":"<p class=\"p1\"><span class=\"s1\">L\u2019<b>Akpi-\u00d6l<\/b> ist zweifellos eines der f\u00fchrenden Kosmetika, die es im Bereich der Hautpflege zu entdecken gilt. Es handelt sich um ein nat\u00fcrliches Produkt mit zahlreichen Vorteilen.<\/span><\/p>\n<p class=\"p1\"><span class=\"s1\">Hinweis f\u00fcr Forscher und Forscherinnen, die nach nat\u00fcrlichen Nuggets suchen, die Ihre Pflegeroutine ver\u00e4ndern werden: Entdecken Sie auf unserer Website ein Elixier, das Ihrem K\u00f6rper eine Dosis Wohlbefinden hinzuf\u00fcgen wird. Wie hei\u00dft es? L\u2019<b>Akpi-\u00d6l<\/b>. <\/span><\/p>\n<h2 class=\"p3\"><span class=\"s1\"><b>Akpi-\u00d6l: Ein \u00d6l, das Sie dringend entdecken sollten! <\/b><\/span><\/h2>\n<p class=\"p1\"><span class=\"s1\">In Kamerun pr\u00e4sent unter dem Namen <b>djansan<\/b> und in vielen anderen afrikanischen L\u00e4ndern ist Akpi eine <b>Samen<\/b> von goldener Farbe und runder Form. In der Regel handelt es sich um eine <b>Mandel<\/b> die man zerkleinert und zerdr\u00fcckt, bevor man sie einer Zubereitung hinzuf\u00fcgt. Au\u00dferdem ist der Geruch dieser<b> afrikanische Pflanze<\/b> sehr stark ausgepr\u00e4gt ist, ist ein Geschmacksverst\u00e4rker und dient auch dazu, bestimmte Zubereitungen wie z. B. Suppen zu verdicken.\u00a0<\/span><\/p>\n<p class=\"p1\"><span class=\"s1\">Akpi wird aus den Fr\u00fcchten eines \u00f6lhaltigen Baumes aus dem Regenwald gewonnen, der Ricinodendron heudelotii genannt wird. Er ist bei den Waldv\u00f6lkern Afrikas, insbesondere in Kamerun und an der Elfenbeink\u00fcste, sehr beliebt. Akpi wird auch in der Kosmetik verwendet, wo seine Vorteile anerkannt und sehr gesch\u00e4tzt werden.<\/span><\/p>\n<p class=\"p1\"><span class=\"s1\">Entdecken wir im Folgenden die kosmetischen Vorz\u00fcge des Akpi\u00f6ls. <\/span><\/p>\n<h2 class=\"p3\"><span class=\"s1\"><b>Akpi\u00f6l Djansang\u00f6l und seine Vorteile in der Kosmetik\u00a0<\/b><\/span><\/h2>\n<p class=\"p1\"><span class=\"s1\">Dieses \u00d6l hat eine Reihe von Vorteilen, die Sie \u00fcberraschen werden. Lassen Sie uns daher auf Entdeckungsreise gehen : <\/span><\/p>\n<ul class=\"ul1\">\n<li class=\"li1\"><b><\/b><span class=\"s1\"><b>Vorteile f\u00fcr Brust und Ges\u00e4\u00df : <\/b><\/span><\/li>\n<\/ul>\n<p class=\"p1\"><span class=\"s1\">Akpi\u00f6l hat einen Vorteil, der viele Menschen gl\u00fccklich machen wird! Es kann n\u00e4mlich zur Straffung und Festigung der Haut verwendet werden. <a href=\"https:\/\/www.safinel.fr\/de\/product-2\/yokebe\/\"><strong>Br\u00fcste und Ges\u00e4\u00df entwickeln<\/strong><\/a>. <\/span><\/p>\n<ul class=\"ul1\">\n<li class=\"li1\"><b><\/b><span class=\"s1\"><b>Vorteile f\u00fcr Haut und Haar : <\/b><\/span><\/li>\n<\/ul>\n<p class=\"p1\"><span class=\"s1\">Dieses Elixier sorgt daf\u00fcr, dass die Haut glatt, weich und sch\u00f6n satiniert wird. Ebenso kann dieses \u00d6l auch auf das Haar aufgetragen werden. <\/span><\/p>\n<p class=\"p1\"><span class=\"s1\">Es macht das Haar geschmeidig und verleiht ihm Glanz und Sch\u00f6nheit. Au\u00dferdem beseitigt es Schuppen und Juckreiz auf der Kopfhaut und f\u00f6rdert sogar das Haarwachstum. <\/span><\/p>\n<p class=\"p1\"><span class=\"s1\">Dar\u00fcber hinaus ist es neben seinen kosmetischen Vorteilen auch f\u00fcr die Gesundheit von Bedeutung. <b>\u00d6lsaaten<\/b> hat auch medizinische Eigenschaften. Sie kann bei Magenproblemen und sogar bei Unfruchtbarkeit bei Frauen eingesetzt werden. Nat\u00fcrlich immer nach vorheriger Absprache mit einem Spezialisten! <\/span><\/p>\n<p class=\"p1\"><span class=\"s1\">Dieses Kosmetikum ist eine wahre Goldgrube an Eigenschaften! <\/span><\/p>\n<h2 class=\"p3\"><span class=\"s1\"><b>Wie wird Akpi\u00f6l verwendet? <\/b><\/span><\/h2>\n<p class=\"p1\"><span class=\"s1\">Um diesen <b>afrikanische Kosmetik<\/b>, Hier sind unsere Tipps: <\/span><\/p>\n<ul class=\"ul1\">\n<li class=\"li1\"><span class=\"s1\"><b>Zur Straffung der Brust und des Ges\u00e4\u00dfes :<\/b> massieren Sie einfach sanft Ihre Br\u00fcste oder Ihren Po mit kreisenden Bewegungen von unten nach oben. Sie k\u00f6nnen der Mischung auch ein wenig <a href=\"https:\/\/www.safinel.fr\/de\/product-2\/karite-vegetal-butter-brut-certified-organic-100ml\/\"><b>Karit\u00e9butter <\/b><\/a>oder der\u2019<b><a href=\"https:\/\/manelya.com\/produit\/huile-de-fenugrec-pression-a-froid\/\" target=\"_blank\" rel=\"noopener\">Bockshornklee\u00f6l<\/a>. <\/b><\/span><\/li>\n<\/ul>\n<ul class=\"ul1\">\n<li class=\"li1\"><span class=\"s1\"><b>F\u00fcr die Haut :<\/b> k\u00f6nnen Sie es als Pflege direkt auf Ihr Gesicht auftragen. <\/span><\/li>\n<\/ul>\n<ul class=\"ul1\">\n<li class=\"li1\"><span class=\"s1\"><b>Schlie\u00dflich f\u00fcr die Haare :<\/b> k\u00f6nnen Sie es als Maske auf Ihr Haar auftragen und etwa 30 Minuten einwirken lassen. <\/span><\/li>\n<\/ul>\n<p class=\"p1\"><span class=\"s1\">Es liegt an Ihnen, wie Sie sie nutzen m\u00f6chten.<\/span><\/p>\n<h3 class=\"p3\"><span class=\"s1\"><b>Vorsichtsma\u00dfnahmen f\u00fcr Ihr Djansang-\u00d6l<\/b><\/span><\/h3>\n<p class=\"p1\"><span class=\"s1\">Bevor Sie dieses \u00d6l verwenden, sollten Sie einige Vorsichtsma\u00dfnahmen beachten: <\/span><\/p>\n<ul class=\"ul1\">\n<li class=\"li1\"><span class=\"s1\">Erstens ist es notwendig, vor der Verwendung einen Toleranztest in der Ellenbeuge durchzuf\u00fchren; ;<\/span><\/li>\n<li class=\"li1\"><span class=\"s1\">Von diesem \u00d6l wird w\u00e4hrend der Schwangerschaft und Stillzeit abgeraten; ;<\/span><\/li>\n<li class=\"li1\"><span class=\"s1\">Zweitens sollte diese bei bestimmten Personen vermieden werden. Sie hat n\u00e4mlich eine \u00f6strogen\u00e4hnliche Wirkung. <\/span><\/li>\n<li class=\"li1\"><span class=\"s1\">Schlie\u00dflich au\u00dferhalb der Reichweite von Kindern aufbewahren. <\/span><\/li>\n<\/ul>","protected":false},"excerpt":{"rendered":"<p>100 ml = Braunglasflasche mit Spr\u00fchverschluss oder Pipette<\/p>","protected":false},"featured_media":1701,"template":"","meta":[],"product_brand":[],"product_cat":[122,27],"product_tag":[],"class_list":{"0":"post-806","1":"product","2":"type-product","3":"status-publish","4":"has-post-thumbnail","6":"product_cat-huile-vegetale","7":"product_cat-plantes-medicinales","9":"first","10":"instock","11":"shipping-taxable","12":"purchasable","13":"product-type-variable"},"yoast_head":"<!-- This site is optimized with the Yoast SEO plugin v26.6 - https:\/\/yoast.com\/wordpress\/plugins\/seo\/ -->\n<title>Huile d&#039;akpi 100ml | Huile djansang | Bienfaits nombreux<\/title>\n<meta name=\"description\" content=\"L\u2019huile d\u2019akpi est sans aucun doute l\u2019un des cosm\u00e9tiques phare \u00e0 d\u00e9couvrir en mati\u00e8re de soin. Un produit aux multiples bienfaits.\" \/>\n<meta name=\"robots\" content=\"index, follow, max-snippet:-1, max-image-preview:large, max-video-preview:-1\" \/>\n<link rel=\"canonical\" href=\"https:\/\/www.safinel.fr\/de\/product-2\/dakpi-ol\/\" \/>\n<meta property=\"og:locale\" content=\"de_DE\" \/>\n<meta property=\"og:type\" content=\"article\" \/>\n<meta property=\"og:title\" content=\"Huile d&#039;akpi 100ml | Huile djansang | Bienfaits nombreux\" \/>\n<meta property=\"og:description\" content=\"L\u2019huile d\u2019akpi est sans aucun doute l\u2019un des cosm\u00e9tiques phare \u00e0 d\u00e9couvrir en mati\u00e8re de soin. Un produit aux multiples bienfaits.\" \/>\n<meta property=\"og:url\" content=\"https:\/\/www.safinel.fr\/de\/product-2\/dakpi-ol\/\" \/>\n<meta property=\"og:site_name\" content=\"Safinel\" \/>\n<meta property=\"article:modified_time\" content=\"2023-12-28T17:15:21+00:00\" \/>\n<meta property=\"og:image\" content=\"https:\/\/www.safinel.fr\/wp-content\/uploads\/2022\/05\/huile-de-dakpi-60ml.jpg\" \/>\n\t<meta property=\"og:image:width\" content=\"600\" \/>\n\t<meta property=\"og:image:height\" content=\"600\" \/>\n\t<meta property=\"og:image:type\" content=\"image\/jpeg\" \/>\n<meta name=\"twitter:card\" content=\"summary_large_image\" \/>\n<meta name=\"twitter:label1\" content=\"Gesch\u00e4tzte Lesezeit\" \/>\n\t<meta name=\"twitter:data1\" content=\"3\u00a0Minuten\" \/>\n<script type=\"application\/ld+json\" class=\"yoast-schema-graph\">{\"@context\":\"https:\/\/schema.org\",\"@graph\":[{\"@type\":\"WebPage\",\"@id\":\"https:\/\/www.safinel.fr\/produit\/huile-dakpi\/\",\"url\":\"https:\/\/www.safinel.fr\/produit\/huile-dakpi\/\",\"name\":\"Huile d'akpi 100ml | Huile djansang | Bienfaits nombreux\",\"isPartOf\":{\"@id\":\"https:\/\/www.safinel.fr\/#website\"},\"primaryImageOfPage\":{\"@id\":\"https:\/\/www.safinel.fr\/produit\/huile-dakpi\/#primaryimage\"},\"image\":{\"@id\":\"https:\/\/www.safinel.fr\/produit\/huile-dakpi\/#primaryimage\"},\"thumbnailUrl\":\"https:\/\/www.safinel.fr\/wp-content\/uploads\/2022\/05\/huile-de-dakpi-60ml.jpg\",\"datePublished\":\"2022-02-11T12:31:57+00:00\",\"dateModified\":\"2023-12-28T17:15:21+00:00\",\"description\":\"L\u2019huile d\u2019akpi est sans aucun doute l\u2019un des cosm\u00e9tiques phare \u00e0 d\u00e9couvrir en mati\u00e8re de soin. Un produit aux multiples bienfaits.\",\"breadcrumb\":{\"@id\":\"https:\/\/www.safinel.fr\/produit\/huile-dakpi\/#breadcrumb\"},\"inLanguage\":\"de\",\"potentialAction\":[{\"@type\":\"ReadAction\",\"target\":[\"https:\/\/www.safinel.fr\/produit\/huile-dakpi\/\"]}]},{\"@type\":\"ImageObject\",\"inLanguage\":\"de\",\"@id\":\"https:\/\/www.safinel.fr\/produit\/huile-dakpi\/#primaryimage\",\"url\":\"https:\/\/www.safinel.fr\/wp-content\/uploads\/2022\/05\/huile-de-dakpi-60ml.jpg\",\"contentUrl\":\"https:\/\/www.safinel.fr\/wp-content\/uploads\/2022\/05\/huile-de-dakpi-60ml.jpg\",\"width\":600,\"height\":600,\"caption\":\"huile d'apki 60ml\"},{\"@type\":\"BreadcrumbList\",\"@id\":\"https:\/\/www.safinel.fr\/produit\/huile-dakpi\/#breadcrumb\",\"itemListElement\":[{\"@type\":\"ListItem\",\"position\":1,\"name\":\"Accueil\",\"item\":\"https:\/\/www.safinel.fr\/\"},{\"@type\":\"ListItem\",\"position\":2,\"name\":\"Boutique\",\"item\":\"https:\/\/www.safinel.fr\/boutique\/\"},{\"@type\":\"ListItem\",\"position\":3,\"name\":\"Huile d&rsquo;akpi\"}]},{\"@type\":\"WebSite\",\"@id\":\"https:\/\/www.safinel.fr\/#website\",\"url\":\"https:\/\/www.safinel.fr\/\",\"name\":\"Safinel\",\"description\":\"\",\"publisher\":{\"@id\":\"https:\/\/www.safinel.fr\/#organization\"},\"potentialAction\":[{\"@type\":\"SearchAction\",\"target\":{\"@type\":\"EntryPoint\",\"urlTemplate\":\"https:\/\/www.safinel.fr\/?s={search_term_string}\"},\"query-input\":{\"@type\":\"PropertyValueSpecification\",\"valueRequired\":true,\"valueName\":\"search_term_string\"}}],\"inLanguage\":\"de\"},{\"@type\":\"Organization\",\"@id\":\"https:\/\/www.safinel.fr\/#organization\",\"name\":\"Safinel\",\"url\":\"https:\/\/www.safinel.fr\/\",\"logo\":{\"@type\":\"ImageObject\",\"inLanguage\":\"de\",\"@id\":\"https:\/\/www.safinel.fr\/#\/schema\/logo\/image\/\",\"url\":\"https:\/\/www.safinel.fr\/wp-content\/uploads\/2021\/05\/boutique-cosmetique.png\",\"contentUrl\":\"https:\/\/www.safinel.fr\/wp-content\/uploads\/2021\/05\/boutique-cosmetique.png\",\"width\":800,\"height\":200,\"caption\":\"Safinel\"},\"image\":{\"@id\":\"https:\/\/www.safinel.fr\/#\/schema\/logo\/image\/\"}}]}<\/script>\n<!-- \/ Yoast SEO plugin. -->","yoast_head_json":{"title":"Akpi-\u00d6l 100ml | Djansang-\u00d6l | Zahlreiche Vorteile","description":"Akpi-\u00d6l ist zweifellos eines der wichtigsten Kosmetika, die es im Bereich der Hautpflege zu entdecken gilt. Ein Produkt mit vielen Vorteilen.","robots":{"index":"index","follow":"follow","max-snippet":"max-snippet:-1","max-image-preview":"max-image-preview:large","max-video-preview":"max-video-preview:-1"},"canonical":"https:\/\/www.safinel.fr\/de\/product-2\/dakpi-ol\/","og_locale":"de_DE","og_type":"article","og_title":"Huile d'akpi 100ml | Huile djansang | Bienfaits nombreux","og_description":"L\u2019huile d\u2019akpi est sans aucun doute l\u2019un des cosm\u00e9tiques phare \u00e0 d\u00e9couvrir en mati\u00e8re de soin. Un produit aux multiples bienfaits.","og_url":"https:\/\/www.safinel.fr\/de\/product-2\/dakpi-ol\/","og_site_name":"Safinel","article_modified_time":"2023-12-28T17:15:21+00:00","og_image":[{"width":600,"height":600,"url":"https:\/\/www.safinel.fr\/wp-content\/uploads\/2022\/05\/huile-de-dakpi-60ml.jpg","type":"image\/jpeg"}],"twitter_card":"summary_large_image","twitter_misc":{"Gesch\u00e4tzte Lesezeit":"3\u00a0Minuten"},"schema":{"@context":"https:\/\/schema.org","@graph":[{"@type":"WebPage","@id":"https:\/\/www.safinel.fr\/produit\/huile-dakpi\/","url":"https:\/\/www.safinel.fr\/produit\/huile-dakpi\/","name":"Akpi-\u00d6l 100ml | Djansang-\u00d6l | Zahlreiche Vorteile","isPartOf":{"@id":"https:\/\/www.safinel.fr\/#website"},"primaryImageOfPage":{"@id":"https:\/\/www.safinel.fr\/produit\/huile-dakpi\/#primaryimage"},"image":{"@id":"https:\/\/www.safinel.fr\/produit\/huile-dakpi\/#primaryimage"},"thumbnailUrl":"https:\/\/www.safinel.fr\/wp-content\/uploads\/2022\/05\/huile-de-dakpi-60ml.jpg","datePublished":"2022-02-11T12:31:57+00:00","dateModified":"2023-12-28T17:15:21+00:00","description":"Akpi-\u00d6l ist zweifellos eines der wichtigsten Kosmetika, die es im Bereich der Hautpflege zu entdecken gilt. Ein Produkt mit vielen Vorteilen.","breadcrumb":{"@id":"https:\/\/www.safinel.fr\/produit\/huile-dakpi\/#breadcrumb"},"inLanguage":"de","potentialAction":[{"@type":"ReadAction","target":["https:\/\/www.safinel.fr\/produit\/huile-dakpi\/"]}]},{"@type":"ImageObject","inLanguage":"de","@id":"https:\/\/www.safinel.fr\/produit\/huile-dakpi\/#primaryimage","url":"https:\/\/www.safinel.fr\/wp-content\/uploads\/2022\/05\/huile-de-dakpi-60ml.jpg","contentUrl":"https:\/\/www.safinel.fr\/wp-content\/uploads\/2022\/05\/huile-de-dakpi-60ml.jpg","width":600,"height":600,"caption":"huile d'apki 60ml"},{"@type":"BreadcrumbList","@id":"https:\/\/www.safinel.fr\/produit\/huile-dakpi\/#breadcrumb","itemListElement":[{"@type":"ListItem","position":1,"name":"Accueil","item":"https:\/\/www.safinel.fr\/"},{"@type":"ListItem","position":2,"name":"Boutique","item":"https:\/\/www.safinel.fr\/boutique\/"},{"@type":"ListItem","position":3,"name":"Huile d&rsquo;akpi"}]},{"@type":"WebSite","@id":"https:\/\/www.safinel.fr\/#website","url":"https:\/\/www.safinel.fr\/","name":"Safinel","description":"","publisher":{"@id":"https:\/\/www.safinel.fr\/#organization"},"potentialAction":[{"@type":"SearchAction","target":{"@type":"EntryPoint","urlTemplate":"https:\/\/www.safinel.fr\/?s={search_term_string}"},"query-input":{"@type":"PropertyValueSpecification","valueRequired":true,"valueName":"search_term_string"}}],"inLanguage":"de"},{"@type":"Organization","@id":"https:\/\/www.safinel.fr\/#organization","name":"Safinel","url":"https:\/\/www.safinel.fr\/","logo":{"@type":"ImageObject","inLanguage":"de","@id":"https:\/\/www.safinel.fr\/#\/schema\/logo\/image\/","url":"https:\/\/www.safinel.fr\/wp-content\/uploads\/2021\/05\/boutique-cosmetique.png","contentUrl":"https:\/\/www.safinel.fr\/wp-content\/uploads\/2021\/05\/boutique-cosmetique.png","width":800,"height":200,"caption":"Safinel"},"image":{"@id":"https:\/\/www.safinel.fr\/#\/schema\/logo\/image\/"}}]}},"_links":{"self":[{"href":"https:\/\/www.safinel.fr\/de\/wp-json\/wp\/v2\/product\/806","targetHints":{"allow":["GET"]}}],"collection":[{"href":"https:\/\/www.safinel.fr\/de\/wp-json\/wp\/v2\/product"}],"about":[{"href":"https:\/\/www.safinel.fr\/de\/wp-json\/wp\/v2\/types\/product"}],"wp:featuredmedia":[{"embeddable":true,"href":"https:\/\/www.safinel.fr\/de\/wp-json\/wp\/v2\/media\/1701"}],"wp:attachment":[{"href":"https:\/\/www.safinel.fr\/de\/wp-json\/wp\/v2\/media?parent=806"}],"wp:term":[{"taxonomy":"product_brand","embeddable":true,"href":"https:\/\/www.safinel.fr\/de\/wp-json\/wp\/v2\/product_brand?post=806"},{"taxonomy":"product_cat","embeddable":true,"href":"https:\/\/www.safinel.fr\/de\/wp-json\/wp\/v2\/product_cat?post=806"},{"taxonomy":"product_tag","embeddable":true,"href":"https:\/\/www.safinel.fr\/de\/wp-json\/wp\/v2\/product_tag?post=806"}],"curies":[{"name":"wp","href":"https:\/\/api.w.org\/{rel}","templated":true}]}}