{"id":804,"date":"2022-02-11T12:23:24","date_gmt":"2022-02-11T12:23:24","guid":{"rendered":"https:\/\/www.safinel.fr\/?post_type=product&#038;p=804"},"modified":"2024-01-17T11:40:56","modified_gmt":"2024-01-17T11:40:56","slug":"kigelia-africana-ol","status":"publish","type":"product","link":"https:\/\/www.safinel.fr\/de\/product-2\/kigelia-africana-ol\/","title":{"rendered":"\u00d6l aus Kigelia africana"},"content":{"rendered":"<p><strong>Kigelia-\u00d6l<\/strong> ist ein kleiner Schatz mit vielen Eigenschaften f\u00fcr den K\u00f6rper.<\/p>\n<p>Aus diesem Grund, wenn Sie eine <strong>nat\u00fcrliches Pflanzen\u00f6l<\/strong>, Wenn Sie sich f\u00fcr diese Creme entscheiden, wird sie zu Ihrem neuen Wohlf\u00fchl-Allrounder. Diese Kosmetik wird mit Sicherheit Ihr Favorit!<\/p>\n<h2><strong>Das \u00d6l der Kigelia africana: ein \u00d6l wie kein anderes\u00a0<\/strong><\/h2>\n<p>Das Kigelia\u00f6l, das wir Ihnen anbieten, ist ein kaltgepresstes \u00d6l aus dem Kigelia-Baum. Der Kigelia africana ist ein afrikanischer Baum, der in Afrika reichlich w\u00e4chst. Er bringt gro\u00dfe, ziemlich erstaunliche Fr\u00fcchte hervor.<\/p>\n<p>Die Fr\u00fcchte haben n\u00e4mlich die Form einer Wurst, die bis zu 12 kg wiegen kann. Das hat ihm den Spitznamen \"Wurstbaum\" eingebracht.<\/p>\n<p>Aus ihren ber\u00fchmten Fr\u00fcchten werden die Wirkstoffe extrahiert. Diese werden f\u00fcr die Sch\u00f6nheitspflege verwendet.<\/p>\n<p>Entdecken Sie im Folgenden alle Vorteile dieses nat\u00fcrlichen Produkts. Das Sie sicherlich in jeder Hinsicht zufriedenstellen wird!<\/p>\n<h2><strong>Die bemerkenswerten Vorteile von Kigelia\u00f6l<\/strong><\/h2>\n<p>Dieses \u00d6l hat es in sich. Tats\u00e4chlich strotzt es nur so von Vorteilen:<\/p>\n<ul>\n<li>Erstens ist sie f\u00fcr ihre tonisierenden und straffenden Eigenschaften auf das Hautgewebe bekannt.<\/li>\n<\/ul>\n<ul>\n<li>Sie hilft, diffuse R\u00f6tungen zu mildern und tr\u00e4gt dank der zahlreichen Wirkstoffe zur St\u00e4rkung der Haut bei.<\/li>\n<\/ul>\n<ul>\n<li>Dar\u00fcber hinaus wird sie auch als Straffungsmittel und zur Neubepflanzung der B\u00fcste verwendet. In der Tat verleiht es der Brust eine wohlgeformte Form.<\/li>\n<\/ul>\n<ul>\n<li>Diese Pflanze ist daf\u00fcr bekannt, dass sie auch die Gr\u00f6\u00dfe des m\u00e4nnlichen Genitals erh\u00f6ht und auch dem Ges\u00e4\u00df mehr Volumen verleiht.<\/li>\n<\/ul>\n<ul>\n<li>Es handelt sich au\u00dferdem um ein Anti-Aging-Mittel, das reich an Antioxidantien ist. Sie bek\u00e4mpft die Auswirkungen freier Radikale und die Anzeichen vorzeitiger Hautalterung.<\/li>\n<\/ul>\n<ul>\n<li>Dieses Elixier lindert aufgrund seiner beruhigenden Eigenschaften empfindliche und zarte Haut.<\/li>\n<\/ul>\n<ul>\n<li>Ebenso kann dieses auch in belebenden Haarpflegeprodukten verwendet werden. Da es das Haarwachstum anregt, kann man es z. B. in ein \u00d6lbad einr\u00fchren. So wird stumpfes und m\u00fcdes Haar wieder kr\u00e4ftiger und vitaler.<\/li>\n<\/ul>\n<p>\u00dcbrigens k\u00f6nnen Sie diesen<strong> Naturkosmetik<\/strong> mit du <a href=\"https:\/\/www.safinel.fr\/de\/product-2\/karite-vegetal-butter-brut-certified-organic-100ml\/\"><strong>Karit\u00e9butter<\/strong><\/a>. Eine hervorragende Zutat f\u00fcr die Herstellung Ihrer Sch\u00f6nheitsprodukte.<\/p>\n<h2><strong>Wie verwende ich Kigelia\u00f6l?\u00a0<\/strong><\/h2>\n<p><strong>Der Kigelia-Extrakt<\/strong> wird als Zutat in vielen Zubereitungen verwendet, z. B. :<\/p>\n<ul>\n<li>Beruhigende Pflegeprodukte f\u00fcr empfindliche Haut im Gesicht und am K\u00f6rper (Milch, Cremes...) ;<\/li>\n<li>Aufpolsternde und formende Milch und Gele f\u00fcr die B\u00fcste ;<\/li>\n<li>Straffende und festigende Pflege. Mit Petit Cola oder auch Kigeliapulver mischen.<\/li>\n<li>Oder auch Anti-Aging-Cremes und -Milch ;<\/li>\n<li>Belebende Pflege f\u00fcr zu R\u00f6tungen neigende Haut und Kopfhaut ;<\/li>\n<li>Schlie\u00dflich als Produkt gegen Hautalterung.<\/li>\n<\/ul>\n<p>Sie entscheiden, wie Sie es verwenden m\u00f6chten! Und wenn Sie es lieber als Pulver verwenden m\u00f6chten, finden Sie es auch auf unserer SAFINEL-Website.<\/p>\n<h3><strong>Vorsichtsma\u00dfnahmen\u00a0<\/strong><\/h3>\n<p>Zun\u00e4chst wird empfohlen, vor der Verwendung dieses <strong>Sch\u00f6nheitsprodukt.<\/strong><\/p>\n<p>Au\u00dferdem sollte es au\u00dferhalb der Reichweite von Kindern aufbewahrt werden und der Kontakt mit den Augen sollte vermieden werden. Sollte es doch zu einem Kontakt kommen, sp\u00fcle mit reichlich lauwarmem Wasser.<\/p>\n<p>Schlie\u00dflich ist dieses Kosmetikum f\u00fcr schwangere und stillende Frauen nicht geeignet.<\/p>","protected":false},"excerpt":{"rendered":"<p>100 ml = Braunglasflasche mit Spr\u00fchverschluss oder Pipette<\/p>\n<p>&nbsp;<\/p>","protected":false},"featured_media":1702,"template":"","meta":[],"product_brand":[],"product_cat":[122,41],"product_tag":[],"class_list":{"0":"post-804","1":"product","2":"type-product","3":"status-publish","4":"has-post-thumbnail","6":"product_cat-huile-vegetale","7":"product_cat-produits-naturels-divers","9":"first","10":"instock","11":"shipping-taxable","12":"purchasable","13":"product-type-variable"},"yoast_head":"<!-- This site is optimized with the Yoast SEO plugin v26.6 - https:\/\/yoast.com\/wordpress\/plugins\/seo\/ -->\n<title>Huile de kigelia africana | Bienfaits nombreux | 60ml &amp; 100ml<\/title>\n<meta name=\"description\" content=\"L\u2019huile de kigelia africana est un petit tr\u00e9sor poss\u00e9dant de nombreuses propri\u00e9t\u00e9s pour le corps.\u00a0D\u00e9couvrez-l\u00e0 sans plus attendre.\" \/>\n<meta name=\"robots\" content=\"index, follow, max-snippet:-1, max-image-preview:large, max-video-preview:-1\" \/>\n<link rel=\"canonical\" href=\"https:\/\/www.safinel.fr\/de\/product-2\/kigelia-africana-ol\/\" \/>\n<meta property=\"og:locale\" content=\"de_DE\" \/>\n<meta property=\"og:type\" content=\"article\" \/>\n<meta property=\"og:title\" content=\"Huile de kigelia africana | Bienfaits nombreux | 60ml &amp; 100ml\" \/>\n<meta property=\"og:description\" content=\"L\u2019huile de kigelia africana est un petit tr\u00e9sor poss\u00e9dant de nombreuses propri\u00e9t\u00e9s pour le corps.\u00a0D\u00e9couvrez-l\u00e0 sans plus attendre.\" \/>\n<meta property=\"og:url\" content=\"https:\/\/www.safinel.fr\/de\/product-2\/kigelia-africana-ol\/\" \/>\n<meta property=\"og:site_name\" content=\"Safinel\" \/>\n<meta property=\"article:modified_time\" content=\"2024-01-17T11:40:56+00:00\" \/>\n<meta property=\"og:image\" content=\"https:\/\/www.safinel.fr\/wp-content\/uploads\/2022\/05\/huile-de-kigelia-60ml.jpg\" \/>\n\t<meta property=\"og:image:width\" content=\"600\" \/>\n\t<meta property=\"og:image:height\" content=\"600\" \/>\n\t<meta property=\"og:image:type\" content=\"image\/jpeg\" \/>\n<meta name=\"twitter:card\" content=\"summary_large_image\" \/>\n<meta name=\"twitter:label1\" content=\"Gesch\u00e4tzte Lesezeit\" \/>\n\t<meta name=\"twitter:data1\" content=\"3\u00a0Minuten\" \/>\n<script type=\"application\/ld+json\" class=\"yoast-schema-graph\">{\"@context\":\"https:\/\/schema.org\",\"@graph\":[{\"@type\":\"WebPage\",\"@id\":\"https:\/\/www.safinel.fr\/produit\/huile-de-kigelia-africana\/\",\"url\":\"https:\/\/www.safinel.fr\/produit\/huile-de-kigelia-africana\/\",\"name\":\"Huile de kigelia africana | Bienfaits nombreux | 60ml & 100ml\",\"isPartOf\":{\"@id\":\"https:\/\/www.safinel.fr\/#website\"},\"primaryImageOfPage\":{\"@id\":\"https:\/\/www.safinel.fr\/produit\/huile-de-kigelia-africana\/#primaryimage\"},\"image\":{\"@id\":\"https:\/\/www.safinel.fr\/produit\/huile-de-kigelia-africana\/#primaryimage\"},\"thumbnailUrl\":\"https:\/\/www.safinel.fr\/wp-content\/uploads\/2022\/05\/huile-de-kigelia-60ml.jpg\",\"datePublished\":\"2022-02-11T12:23:24+00:00\",\"dateModified\":\"2024-01-17T11:40:56+00:00\",\"description\":\"L\u2019huile de kigelia africana est un petit tr\u00e9sor poss\u00e9dant de nombreuses propri\u00e9t\u00e9s pour le corps.\u00a0D\u00e9couvrez-l\u00e0 sans plus attendre.\",\"breadcrumb\":{\"@id\":\"https:\/\/www.safinel.fr\/produit\/huile-de-kigelia-africana\/#breadcrumb\"},\"inLanguage\":\"de\",\"potentialAction\":[{\"@type\":\"ReadAction\",\"target\":[\"https:\/\/www.safinel.fr\/produit\/huile-de-kigelia-africana\/\"]}]},{\"@type\":\"ImageObject\",\"inLanguage\":\"de\",\"@id\":\"https:\/\/www.safinel.fr\/produit\/huile-de-kigelia-africana\/#primaryimage\",\"url\":\"https:\/\/www.safinel.fr\/wp-content\/uploads\/2022\/05\/huile-de-kigelia-60ml.jpg\",\"contentUrl\":\"https:\/\/www.safinel.fr\/wp-content\/uploads\/2022\/05\/huile-de-kigelia-60ml.jpg\",\"width\":600,\"height\":600,\"caption\":\"huile de kigelia 60ml\"},{\"@type\":\"BreadcrumbList\",\"@id\":\"https:\/\/www.safinel.fr\/produit\/huile-de-kigelia-africana\/#breadcrumb\",\"itemListElement\":[{\"@type\":\"ListItem\",\"position\":1,\"name\":\"Accueil\",\"item\":\"https:\/\/www.safinel.fr\/\"},{\"@type\":\"ListItem\",\"position\":2,\"name\":\"Boutique\",\"item\":\"https:\/\/www.safinel.fr\/boutique\/\"},{\"@type\":\"ListItem\",\"position\":3,\"name\":\"Huile de kigelia africana\"}]},{\"@type\":\"WebSite\",\"@id\":\"https:\/\/www.safinel.fr\/#website\",\"url\":\"https:\/\/www.safinel.fr\/\",\"name\":\"Safinel\",\"description\":\"\",\"publisher\":{\"@id\":\"https:\/\/www.safinel.fr\/#organization\"},\"potentialAction\":[{\"@type\":\"SearchAction\",\"target\":{\"@type\":\"EntryPoint\",\"urlTemplate\":\"https:\/\/www.safinel.fr\/?s={search_term_string}\"},\"query-input\":{\"@type\":\"PropertyValueSpecification\",\"valueRequired\":true,\"valueName\":\"search_term_string\"}}],\"inLanguage\":\"de\"},{\"@type\":\"Organization\",\"@id\":\"https:\/\/www.safinel.fr\/#organization\",\"name\":\"Safinel\",\"url\":\"https:\/\/www.safinel.fr\/\",\"logo\":{\"@type\":\"ImageObject\",\"inLanguage\":\"de\",\"@id\":\"https:\/\/www.safinel.fr\/#\/schema\/logo\/image\/\",\"url\":\"https:\/\/www.safinel.fr\/wp-content\/uploads\/2021\/05\/boutique-cosmetique.png\",\"contentUrl\":\"https:\/\/www.safinel.fr\/wp-content\/uploads\/2021\/05\/boutique-cosmetique.png\",\"width\":800,\"height\":200,\"caption\":\"Safinel\"},\"image\":{\"@id\":\"https:\/\/www.safinel.fr\/#\/schema\/logo\/image\/\"}}]}<\/script>\n<!-- \/ Yoast SEO plugin. -->","yoast_head_json":{"title":"Kigelia africana-\u00d6l | Zahlreiche Vorteile | 60ml &amp; 100ml","description":"Das \u00d6l der Kigelia africana ist ein kleiner Schatz mit vielen positiven Eigenschaften f\u00fcr den K\u00f6rper. Entdecken Sie es jetzt.","robots":{"index":"index","follow":"follow","max-snippet":"max-snippet:-1","max-image-preview":"max-image-preview:large","max-video-preview":"max-video-preview:-1"},"canonical":"https:\/\/www.safinel.fr\/de\/product-2\/kigelia-africana-ol\/","og_locale":"de_DE","og_type":"article","og_title":"Huile de kigelia africana | Bienfaits nombreux | 60ml & 100ml","og_description":"L\u2019huile de kigelia africana est un petit tr\u00e9sor poss\u00e9dant de nombreuses propri\u00e9t\u00e9s pour le corps.\u00a0D\u00e9couvrez-l\u00e0 sans plus attendre.","og_url":"https:\/\/www.safinel.fr\/de\/product-2\/kigelia-africana-ol\/","og_site_name":"Safinel","article_modified_time":"2024-01-17T11:40:56+00:00","og_image":[{"width":600,"height":600,"url":"https:\/\/www.safinel.fr\/wp-content\/uploads\/2022\/05\/huile-de-kigelia-60ml.jpg","type":"image\/jpeg"}],"twitter_card":"summary_large_image","twitter_misc":{"Gesch\u00e4tzte Lesezeit":"3\u00a0Minuten"},"schema":{"@context":"https:\/\/schema.org","@graph":[{"@type":"WebPage","@id":"https:\/\/www.safinel.fr\/produit\/huile-de-kigelia-africana\/","url":"https:\/\/www.safinel.fr\/produit\/huile-de-kigelia-africana\/","name":"Kigelia africana-\u00d6l | Zahlreiche Vorteile | 60ml &amp; 100ml","isPartOf":{"@id":"https:\/\/www.safinel.fr\/#website"},"primaryImageOfPage":{"@id":"https:\/\/www.safinel.fr\/produit\/huile-de-kigelia-africana\/#primaryimage"},"image":{"@id":"https:\/\/www.safinel.fr\/produit\/huile-de-kigelia-africana\/#primaryimage"},"thumbnailUrl":"https:\/\/www.safinel.fr\/wp-content\/uploads\/2022\/05\/huile-de-kigelia-60ml.jpg","datePublished":"2022-02-11T12:23:24+00:00","dateModified":"2024-01-17T11:40:56+00:00","description":"Das \u00d6l der Kigelia africana ist ein kleiner Schatz mit vielen positiven Eigenschaften f\u00fcr den K\u00f6rper. Entdecken Sie es jetzt.","breadcrumb":{"@id":"https:\/\/www.safinel.fr\/produit\/huile-de-kigelia-africana\/#breadcrumb"},"inLanguage":"de","potentialAction":[{"@type":"ReadAction","target":["https:\/\/www.safinel.fr\/produit\/huile-de-kigelia-africana\/"]}]},{"@type":"ImageObject","inLanguage":"de","@id":"https:\/\/www.safinel.fr\/produit\/huile-de-kigelia-africana\/#primaryimage","url":"https:\/\/www.safinel.fr\/wp-content\/uploads\/2022\/05\/huile-de-kigelia-60ml.jpg","contentUrl":"https:\/\/www.safinel.fr\/wp-content\/uploads\/2022\/05\/huile-de-kigelia-60ml.jpg","width":600,"height":600,"caption":"huile de kigelia 60ml"},{"@type":"BreadcrumbList","@id":"https:\/\/www.safinel.fr\/produit\/huile-de-kigelia-africana\/#breadcrumb","itemListElement":[{"@type":"ListItem","position":1,"name":"Accueil","item":"https:\/\/www.safinel.fr\/"},{"@type":"ListItem","position":2,"name":"Boutique","item":"https:\/\/www.safinel.fr\/boutique\/"},{"@type":"ListItem","position":3,"name":"Huile de kigelia africana"}]},{"@type":"WebSite","@id":"https:\/\/www.safinel.fr\/#website","url":"https:\/\/www.safinel.fr\/","name":"Safinel","description":"","publisher":{"@id":"https:\/\/www.safinel.fr\/#organization"},"potentialAction":[{"@type":"SearchAction","target":{"@type":"EntryPoint","urlTemplate":"https:\/\/www.safinel.fr\/?s={search_term_string}"},"query-input":{"@type":"PropertyValueSpecification","valueRequired":true,"valueName":"search_term_string"}}],"inLanguage":"de"},{"@type":"Organization","@id":"https:\/\/www.safinel.fr\/#organization","name":"Safinel","url":"https:\/\/www.safinel.fr\/","logo":{"@type":"ImageObject","inLanguage":"de","@id":"https:\/\/www.safinel.fr\/#\/schema\/logo\/image\/","url":"https:\/\/www.safinel.fr\/wp-content\/uploads\/2021\/05\/boutique-cosmetique.png","contentUrl":"https:\/\/www.safinel.fr\/wp-content\/uploads\/2021\/05\/boutique-cosmetique.png","width":800,"height":200,"caption":"Safinel"},"image":{"@id":"https:\/\/www.safinel.fr\/#\/schema\/logo\/image\/"}}]}},"_links":{"self":[{"href":"https:\/\/www.safinel.fr\/de\/wp-json\/wp\/v2\/product\/804","targetHints":{"allow":["GET"]}}],"collection":[{"href":"https:\/\/www.safinel.fr\/de\/wp-json\/wp\/v2\/product"}],"about":[{"href":"https:\/\/www.safinel.fr\/de\/wp-json\/wp\/v2\/types\/product"}],"wp:featuredmedia":[{"embeddable":true,"href":"https:\/\/www.safinel.fr\/de\/wp-json\/wp\/v2\/media\/1702"}],"wp:attachment":[{"href":"https:\/\/www.safinel.fr\/de\/wp-json\/wp\/v2\/media?parent=804"}],"wp:term":[{"taxonomy":"product_brand","embeddable":true,"href":"https:\/\/www.safinel.fr\/de\/wp-json\/wp\/v2\/product_brand?post=804"},{"taxonomy":"product_cat","embeddable":true,"href":"https:\/\/www.safinel.fr\/de\/wp-json\/wp\/v2\/product_cat?post=804"},{"taxonomy":"product_tag","embeddable":true,"href":"https:\/\/www.safinel.fr\/de\/wp-json\/wp\/v2\/product_tag?post=804"}],"curies":[{"name":"wp","href":"https:\/\/api.w.org\/{rel}","templated":true}]}}