{"id":7962,"date":"2023-08-20T18:04:50","date_gmt":"2023-08-20T18:04:50","guid":{"rendered":"https:\/\/www.safinel.fr\/?post_type=product&#038;p=7962"},"modified":"2024-02-13T17:54:39","modified_gmt":"2024-02-13T17:54:39","slug":"rosenol","status":"publish","type":"product","link":"https:\/\/www.safinel.fr\/de\/product-2\/rosenol\/","title":{"rendered":"Rosen\u00f6l 30ml"},"content":{"rendered":"<p>Stammt aus dem Orient und ist f\u00fcr seine au\u00dfergew\u00f6hnlichen Eigenschaften bekannt,\u00a0<strong>Rosen\u00f6l<\/strong>\u00a0ist ein wahrer Schatz der Natur. Sie ist reich an Vitaminen und hat regenerierende Eigenschaften, sodass sie viele Vorteile f\u00fcr Haut und Haar bietet.<\/p>\n<p>Hier laden wir Sie ein, mehr \u00fcber dieses wertvolle \u00d6l zu erfahren und wie Sie bei safinel.de Rosen\u00f6l kaufen k\u00f6nnen.<\/p>\n<h2><strong>Die Urspr\u00fcnge und die Herstellung von Rosen\u00f6l<\/strong><\/h2>\n<p>Rosen\u00f6l wird aus den Bl\u00fctenbl\u00e4ttern der Moschusrose gewonnen, einer Rosenart, die sehr beliebt ist f\u00fcr <a href=\"https:\/\/www.fragrance-imperiale.com\" target=\"_blank\" rel=\"noopener\"><strong>sein bet\u00f6render Duft<\/strong><\/a> und ihre medizinischen Qualit\u00e4ten. Sie wird haupts\u00e4chlich im Orient angebaut, insbesondere im Iran, in Marokko und in der T\u00fcrkei, wo das \u00e4therische Rosen\u00f6l seit Jahrtausenden gewonnen wird.<\/p>\n<p>Die Herstellung erfolgt in der Regel durch Dampfdestillation der frisch gepfl\u00fcckten Bl\u00fctenbl\u00e4tter. Durch diese Technik bleiben alle Eigenschaften und der zarte Duft der Blume erhalten. Das so gewonnene \u00d6l ist eine farblose bis blassgelbe, leicht z\u00e4hfl\u00fcssige Substanz mit einem intensiven, blumigen Aroma.<\/p>\n<h2><strong>Die vielen Vorteile von Rosen\u00f6l<\/strong><\/h2>\n<ul>\n<li><strong>Regenerierende Eigenschaften f\u00fcr die Haut<\/strong><\/li>\n<\/ul>\n<p>Dieses nat\u00fcrliche \u00d6l wird vor allem wegen seiner regenerierenden Wirkung auf die Haut gesch\u00e4tzt. Es ist n\u00e4mlich reich an den Vitaminen A, C und E. Au\u00dferdem enth\u00e4lt es essentielle Fetts\u00e4uren wie Linols\u00e4ure (Omega-6) und Alpha-Linolens\u00e4ure (Omega-3). Diese N\u00e4hrstoffe tragen dazu bei\u00a0<strong>die Haut n\u00e4hren, befeuchten und reparieren<\/strong>, Die Haut wird elastischer und straffer.<\/p>\n<p>Dar\u00fcber hinaus besitzt sie bemerkenswerte Anti-Aging-Eigenschaften. Sie hilft, dem Auftreten von Falten und dunklen Flecken vorzubeugen, und regt die Kollagenproduktion an, was zu einer j\u00fcngeren und strahlenderen Haut f\u00fchrt. Und schlie\u00dflich sch\u00fctzt sie die Haut dank ihrer nat\u00fcrlichen Antioxidantien vor sch\u00e4dlichen Umwelteinfl\u00fcssen und vorzeitiger Hautalterung.<\/p>\n<ul>\n<li><strong>Ein Verb\u00fcndeter f\u00fcr gesundes und gl\u00e4nzendes Haar<\/strong><\/li>\n<\/ul>\n<p>Neben den Vorteilen f\u00fcr die Haut ist Rosen\u00f6l auch f\u00fcr das Haar von Vorteil. Die darin enthaltenen Vitamine und Fetts\u00e4uren sorgen f\u00fcr\u00a0<a href=\"https:\/\/www.safinel.fr\/de\/schlangenol\/\"><strong>das Haar n\u00e4hren und kr\u00e4ftigen<\/strong><\/a>, Sie k\u00f6nnen das Haar auch mit einem feuchten Tuch abdecken und ihm Glanz und Geschmeidigkeit verleihen. Sie ist besonders f\u00fcr trockenes, gesch\u00e4digtes oder durch chemische Behandlungen geschw\u00e4chtes Haar geeignet.<\/p>\n<p>Schlie\u00dflich ist Rosen\u00f6l f\u00fcr seine beruhigenden und entz\u00fcndungshemmenden Eigenschaften bekannt. Es kann daher zur Linderung von gereizter Kopfhaut, Juckreiz und Schuppen verwendet werden.<\/p>\n<h2><strong>Wie verwende ich Rosen\u00f6l?<\/strong><\/h2>\n<p>Die Verwendung von Rosen\u00f6l ist sehr einfach und kann an verschiedene Bed\u00fcrfnisse angepasst werden. Hier sind einige Ideen, wie Sie von seinen Vorteilen profitieren k\u00f6nnen :<\/p>\n<ul>\n<li><strong>F\u00fcr das Gesicht :<\/strong>\u00a0Tragen Sie morgens und abends einige Tropfen \u00d6l pur oder gemischt mit Ihrer \u00fcblichen Feuchtigkeitscreme auf die saubere und trockene Haut auf.<\/li>\n<li><strong>F\u00fcr den K\u00f6rper :<\/strong>\u00a0Massieren Sie das Produkt auf die betroffenen Stellen (Dehnungsstreifen, Narben, braune Flecken...) ein, bis es vollst\u00e4ndig eingezogen ist.<\/li>\n<li><strong>F\u00fcr die Haare :<\/strong>\u00a0Reiben Sie Ihre L\u00e4ngen und Spitzen mit einigen Tropfen Rosen\u00f6l ein. Achten Sie dabei besonders auf die gesch\u00e4digten Stellen. Lassen Sie das Haar mindestens 30 Minuten einwirken, bevor Sie es shampoonieren, oder \u00fcber Nacht, wenn Sie eine intensivere Pflege w\u00fcnschen.<\/li>\n<li><strong>Im \u00d6lbad :<\/strong>\u00a0Mischen Sie es mit anderen Pflanzen\u00f6len (Argan, Kokos, Jojoba...), um ein n\u00e4hrendes und reparierendes \u00d6lbad f\u00fcr Ihr Haar herzustellen.<\/li>\n<\/ul>\n<h3><strong>Bequem einkaufen bei safinel.de<\/strong><\/h3>\n<p>Um hochwertiges Rosen\u00f6l zu kaufen, besuchen Sie die Website safinel.de. Als Spezialist f\u00fcr \u00e4therische und pflanzliche \u00d6le bietet Safinel ein\u00a0<strong>reines, nat\u00fcrliches \u00d6l 100%<\/strong>, Dieses \u00d6l wird durch Dampfdestillation aus den Bl\u00fctenbl\u00e4ttern der Wildrose gewonnen. Es ist garantiert frei von Zusatz-, Farb- und Konservierungsstoffen, um Ihnen alle Vorteile dieses wertvollen \u00d6ls zu bieten.<\/p>\n<p>Wenn Sie bei safinel.de einkaufen, profitieren Sie au\u00dferdem von einem kompetenten und aufmerksamen Kundenservice sowie einer schnellen und sorgf\u00e4ltigen Lieferung. Z\u00f6gern Sie nicht, den Online-Katalog zu durchsuchen, um auch andere \u00e4therische und pflanzliche \u00d6le zu entdecken, deren Wirkung dieses nat\u00fcrliche \u00d6l erg\u00e4nzt.<\/p>","protected":false},"excerpt":{"rendered":"<p>Stammt aus dem Orient und ist f\u00fcr seine au\u00dfergew\u00f6hnlichen Eigenschaften bekannt,\u00a0<strong>Rosen\u00f6l<\/strong>\u00a0ist ein wahrer Schatz der Natur.<\/p>\n<p>Sie ist reich an Vitaminen und hat regenerierende Eigenschaften, sodass sie viele Vorteile f\u00fcr Haut und Haar bietet.<\/p>\n<p><img decoding=\"async\" class=\"size-full wp-image-5091 aligncenter\" src=\"https:\/\/www.safinel.fr\/wp-content\/uploads\/2021\/06\/BANNIERE-ICONE-SAFINEL.webp\" alt=\"Satines-R\u00fcckversicherung\" width=\"800\" height=\"200\" srcset=\"https:\/\/www.safinel.fr\/wp-content\/uploads\/2021\/06\/BANNIERE-ICONE-SAFINEL.webp 800w, https:\/\/www.safinel.fr\/wp-content\/uploads\/2021\/06\/BANNIERE-ICONE-SAFINEL-600x150.webp 600w, https:\/\/www.safinel.fr\/wp-content\/uploads\/2021\/06\/BANNIERE-ICONE-SAFINEL-768x192.webp 768w\" sizes=\"(max-width: 800px) 100vw, 800px\" \/><\/p>\n<p>&nbsp;<\/p>","protected":false},"featured_media":7963,"template":"","meta":[],"product_brand":[],"product_cat":[122],"product_tag":[],"class_list":{"0":"post-7962","1":"product","2":"type-product","3":"status-publish","4":"has-post-thumbnail","6":"product_cat-huile-vegetale","8":"first","9":"outofstock","10":"shipping-taxable","11":"purchasable","12":"product-type-simple"},"yoast_head":"<!-- This site is optimized with the Yoast SEO plugin v26.6 - https:\/\/yoast.com\/wordpress\/plugins\/seo\/ -->\n<title>Huile de rose | Huile naturelle | Bienfaits nombreux<\/title>\n<meta name=\"description\" content=\"Originaire d&#039;Orient et r\u00e9put\u00e9e pour ses vertus exceptionnelles,\u00a0l&#039;huile de rose\u00a0est un v\u00e9ritable tr\u00e9sor de la nature. Adoptez-l\u00e0 !\" \/>\n<meta name=\"robots\" content=\"index, follow, max-snippet:-1, max-image-preview:large, max-video-preview:-1\" \/>\n<link rel=\"canonical\" href=\"https:\/\/www.safinel.fr\/de\/product-2\/rosenol\/\" \/>\n<meta property=\"og:locale\" content=\"de_DE\" \/>\n<meta property=\"og:type\" content=\"article\" \/>\n<meta property=\"og:title\" content=\"Huile de rose | Huile naturelle | Bienfaits nombreux\" \/>\n<meta property=\"og:description\" content=\"Originaire d&#039;Orient et r\u00e9put\u00e9e pour ses vertus exceptionnelles,\u00a0l&#039;huile de rose\u00a0est un v\u00e9ritable tr\u00e9sor de la nature. Adoptez-l\u00e0 !\" \/>\n<meta property=\"og:url\" content=\"https:\/\/www.safinel.fr\/de\/product-2\/rosenol\/\" \/>\n<meta property=\"og:site_name\" content=\"Safinel\" \/>\n<meta property=\"article:modified_time\" content=\"2024-02-13T17:54:39+00:00\" \/>\n<meta property=\"og:image\" content=\"https:\/\/www.safinel.fr\/wp-content\/uploads\/2023\/08\/huile-de-rose.jpg\" \/>\n\t<meta property=\"og:image:width\" content=\"600\" \/>\n\t<meta property=\"og:image:height\" content=\"600\" \/>\n\t<meta property=\"og:image:type\" content=\"image\/jpeg\" \/>\n<meta name=\"twitter:card\" content=\"summary_large_image\" \/>\n<meta name=\"twitter:label1\" content=\"Gesch\u00e4tzte Lesezeit\" \/>\n\t<meta name=\"twitter:data1\" content=\"4\u00a0Minuten\" \/>\n<script type=\"application\/ld+json\" class=\"yoast-schema-graph\">{\"@context\":\"https:\/\/schema.org\",\"@graph\":[{\"@type\":\"WebPage\",\"@id\":\"https:\/\/www.safinel.fr\/produit\/huile-de-rose\/\",\"url\":\"https:\/\/www.safinel.fr\/produit\/huile-de-rose\/\",\"name\":\"Huile de rose | Huile naturelle | Bienfaits nombreux\",\"isPartOf\":{\"@id\":\"https:\/\/www.safinel.fr\/#website\"},\"primaryImageOfPage\":{\"@id\":\"https:\/\/www.safinel.fr\/produit\/huile-de-rose\/#primaryimage\"},\"image\":{\"@id\":\"https:\/\/www.safinel.fr\/produit\/huile-de-rose\/#primaryimage\"},\"thumbnailUrl\":\"https:\/\/www.safinel.fr\/wp-content\/uploads\/2023\/08\/huile-de-rose.jpg\",\"datePublished\":\"2023-08-20T18:04:50+00:00\",\"dateModified\":\"2024-02-13T17:54:39+00:00\",\"description\":\"Originaire d'Orient et r\u00e9put\u00e9e pour ses vertus exceptionnelles,\u00a0l'huile de rose\u00a0est un v\u00e9ritable tr\u00e9sor de la nature. Adoptez-l\u00e0 !\",\"breadcrumb\":{\"@id\":\"https:\/\/www.safinel.fr\/produit\/huile-de-rose\/#breadcrumb\"},\"inLanguage\":\"de\",\"potentialAction\":[{\"@type\":\"ReadAction\",\"target\":[\"https:\/\/www.safinel.fr\/produit\/huile-de-rose\/\"]}]},{\"@type\":\"ImageObject\",\"inLanguage\":\"de\",\"@id\":\"https:\/\/www.safinel.fr\/produit\/huile-de-rose\/#primaryimage\",\"url\":\"https:\/\/www.safinel.fr\/wp-content\/uploads\/2023\/08\/huile-de-rose.jpg\",\"contentUrl\":\"https:\/\/www.safinel.fr\/wp-content\/uploads\/2023\/08\/huile-de-rose.jpg\",\"width\":600,\"height\":600,\"caption\":\"Huile de rose 30ml\"},{\"@type\":\"BreadcrumbList\",\"@id\":\"https:\/\/www.safinel.fr\/produit\/huile-de-rose\/#breadcrumb\",\"itemListElement\":[{\"@type\":\"ListItem\",\"position\":1,\"name\":\"Accueil\",\"item\":\"https:\/\/www.safinel.fr\/\"},{\"@type\":\"ListItem\",\"position\":2,\"name\":\"Boutique\",\"item\":\"https:\/\/www.safinel.fr\/boutique\/\"},{\"@type\":\"ListItem\",\"position\":3,\"name\":\"Huile de rose 30ml\"}]},{\"@type\":\"WebSite\",\"@id\":\"https:\/\/www.safinel.fr\/#website\",\"url\":\"https:\/\/www.safinel.fr\/\",\"name\":\"Safinel\",\"description\":\"\",\"publisher\":{\"@id\":\"https:\/\/www.safinel.fr\/#organization\"},\"potentialAction\":[{\"@type\":\"SearchAction\",\"target\":{\"@type\":\"EntryPoint\",\"urlTemplate\":\"https:\/\/www.safinel.fr\/?s={search_term_string}\"},\"query-input\":{\"@type\":\"PropertyValueSpecification\",\"valueRequired\":true,\"valueName\":\"search_term_string\"}}],\"inLanguage\":\"de\"},{\"@type\":\"Organization\",\"@id\":\"https:\/\/www.safinel.fr\/#organization\",\"name\":\"Safinel\",\"url\":\"https:\/\/www.safinel.fr\/\",\"logo\":{\"@type\":\"ImageObject\",\"inLanguage\":\"de\",\"@id\":\"https:\/\/www.safinel.fr\/#\/schema\/logo\/image\/\",\"url\":\"https:\/\/www.safinel.fr\/wp-content\/uploads\/2021\/05\/boutique-cosmetique.png\",\"contentUrl\":\"https:\/\/www.safinel.fr\/wp-content\/uploads\/2021\/05\/boutique-cosmetique.png\",\"width\":800,\"height\":200,\"caption\":\"Safinel\"},\"image\":{\"@id\":\"https:\/\/www.safinel.fr\/#\/schema\/logo\/image\/\"}}]}<\/script>\n<!-- \/ Yoast SEO plugin. -->","yoast_head_json":{"title":"Rosen\u00f6l | Nat\u00fcrliches \u00d6l | Zahlreiche Vorteile","description":"Rosen\u00f6l stammt aus dem Orient und ist f\u00fcr seine au\u00dfergew\u00f6hnlichen Eigenschaften bekannt. Es ist ein wahrer Schatz der Natur. Machen Sie es sich zu eigen!","robots":{"index":"index","follow":"follow","max-snippet":"max-snippet:-1","max-image-preview":"max-image-preview:large","max-video-preview":"max-video-preview:-1"},"canonical":"https:\/\/www.safinel.fr\/de\/product-2\/rosenol\/","og_locale":"de_DE","og_type":"article","og_title":"Huile de rose | Huile naturelle | Bienfaits nombreux","og_description":"Originaire d'Orient et r\u00e9put\u00e9e pour ses vertus exceptionnelles,\u00a0l'huile de rose\u00a0est un v\u00e9ritable tr\u00e9sor de la nature. Adoptez-l\u00e0 !","og_url":"https:\/\/www.safinel.fr\/de\/product-2\/rosenol\/","og_site_name":"Safinel","article_modified_time":"2024-02-13T17:54:39+00:00","og_image":[{"width":600,"height":600,"url":"https:\/\/www.safinel.fr\/wp-content\/uploads\/2023\/08\/huile-de-rose.jpg","type":"image\/jpeg"}],"twitter_card":"summary_large_image","twitter_misc":{"Gesch\u00e4tzte Lesezeit":"4\u00a0Minuten"},"schema":{"@context":"https:\/\/schema.org","@graph":[{"@type":"WebPage","@id":"https:\/\/www.safinel.fr\/produit\/huile-de-rose\/","url":"https:\/\/www.safinel.fr\/produit\/huile-de-rose\/","name":"Rosen\u00f6l | Nat\u00fcrliches \u00d6l | Zahlreiche Vorteile","isPartOf":{"@id":"https:\/\/www.safinel.fr\/#website"},"primaryImageOfPage":{"@id":"https:\/\/www.safinel.fr\/produit\/huile-de-rose\/#primaryimage"},"image":{"@id":"https:\/\/www.safinel.fr\/produit\/huile-de-rose\/#primaryimage"},"thumbnailUrl":"https:\/\/www.safinel.fr\/wp-content\/uploads\/2023\/08\/huile-de-rose.jpg","datePublished":"2023-08-20T18:04:50+00:00","dateModified":"2024-02-13T17:54:39+00:00","description":"Rosen\u00f6l stammt aus dem Orient und ist f\u00fcr seine au\u00dfergew\u00f6hnlichen Eigenschaften bekannt. Es ist ein wahrer Schatz der Natur. Machen Sie es sich zu eigen!","breadcrumb":{"@id":"https:\/\/www.safinel.fr\/produit\/huile-de-rose\/#breadcrumb"},"inLanguage":"de","potentialAction":[{"@type":"ReadAction","target":["https:\/\/www.safinel.fr\/produit\/huile-de-rose\/"]}]},{"@type":"ImageObject","inLanguage":"de","@id":"https:\/\/www.safinel.fr\/produit\/huile-de-rose\/#primaryimage","url":"https:\/\/www.safinel.fr\/wp-content\/uploads\/2023\/08\/huile-de-rose.jpg","contentUrl":"https:\/\/www.safinel.fr\/wp-content\/uploads\/2023\/08\/huile-de-rose.jpg","width":600,"height":600,"caption":"Huile de rose 30ml"},{"@type":"BreadcrumbList","@id":"https:\/\/www.safinel.fr\/produit\/huile-de-rose\/#breadcrumb","itemListElement":[{"@type":"ListItem","position":1,"name":"Accueil","item":"https:\/\/www.safinel.fr\/"},{"@type":"ListItem","position":2,"name":"Boutique","item":"https:\/\/www.safinel.fr\/boutique\/"},{"@type":"ListItem","position":3,"name":"Huile de rose 30ml"}]},{"@type":"WebSite","@id":"https:\/\/www.safinel.fr\/#website","url":"https:\/\/www.safinel.fr\/","name":"Safinel","description":"","publisher":{"@id":"https:\/\/www.safinel.fr\/#organization"},"potentialAction":[{"@type":"SearchAction","target":{"@type":"EntryPoint","urlTemplate":"https:\/\/www.safinel.fr\/?s={search_term_string}"},"query-input":{"@type":"PropertyValueSpecification","valueRequired":true,"valueName":"search_term_string"}}],"inLanguage":"de"},{"@type":"Organization","@id":"https:\/\/www.safinel.fr\/#organization","name":"Safinel","url":"https:\/\/www.safinel.fr\/","logo":{"@type":"ImageObject","inLanguage":"de","@id":"https:\/\/www.safinel.fr\/#\/schema\/logo\/image\/","url":"https:\/\/www.safinel.fr\/wp-content\/uploads\/2021\/05\/boutique-cosmetique.png","contentUrl":"https:\/\/www.safinel.fr\/wp-content\/uploads\/2021\/05\/boutique-cosmetique.png","width":800,"height":200,"caption":"Safinel"},"image":{"@id":"https:\/\/www.safinel.fr\/#\/schema\/logo\/image\/"}}]}},"_links":{"self":[{"href":"https:\/\/www.safinel.fr\/de\/wp-json\/wp\/v2\/product\/7962","targetHints":{"allow":["GET"]}}],"collection":[{"href":"https:\/\/www.safinel.fr\/de\/wp-json\/wp\/v2\/product"}],"about":[{"href":"https:\/\/www.safinel.fr\/de\/wp-json\/wp\/v2\/types\/product"}],"wp:featuredmedia":[{"embeddable":true,"href":"https:\/\/www.safinel.fr\/de\/wp-json\/wp\/v2\/media\/7963"}],"wp:attachment":[{"href":"https:\/\/www.safinel.fr\/de\/wp-json\/wp\/v2\/media?parent=7962"}],"wp:term":[{"taxonomy":"product_brand","embeddable":true,"href":"https:\/\/www.safinel.fr\/de\/wp-json\/wp\/v2\/product_brand?post=7962"},{"taxonomy":"product_cat","embeddable":true,"href":"https:\/\/www.safinel.fr\/de\/wp-json\/wp\/v2\/product_cat?post=7962"},{"taxonomy":"product_tag","embeddable":true,"href":"https:\/\/www.safinel.fr\/de\/wp-json\/wp\/v2\/product_tag?post=7962"}],"curies":[{"name":"wp","href":"https:\/\/api.w.org\/{rel}","templated":true}]}}