{"id":7707,"date":"2022-08-07T20:44:30","date_gmt":"2022-08-07T20:44:30","guid":{"rendered":"https:\/\/www.safinel.fr\/?post_type=product&#038;p=7707"},"modified":"2024-09-26T15:11:45","modified_gmt":"2024-09-26T15:11:45","slug":"king-kong-honey-aphrodisiakum","status":"publish","type":"product","link":"https:\/\/www.safinel.fr\/de\/product-2\/king-kong-honey-aphrodisiakum\/","title":{"rendered":"Honig King Kong honey Aphrodisiakum"},"content":{"rendered":"<p><strong>King-Kong-Honig<\/strong>\u00a0ist ein n\u00e4hrstoffreiches Produkt mit vielen gesundheitsf\u00f6rdernden Eigenschaften. Es wird aus nat\u00fcrlichen 100%-Zutaten hergestellt und ist f\u00fcr seinen s\u00fc\u00dfen Geschmack und seine heilenden Eigenschaften bekannt. Aber nicht nur das! Denn er gilt auch als\u00a0<strong>nat\u00fcrlicher Booster<\/strong>\u00a0und ein m\u00e4chtiges\u00a0<strong>Aphrodisiakum<\/strong>.<\/p>\n<h2><strong>Zoom auf King Kong-Honig\u00a0<\/strong><\/h2>\n<p>King-Kong-Honig besteht aus Glukose und Fruktose, den beiden wichtigsten Zuckern in Honigmischungen. Au\u00dferdem enth\u00e4lt er Vitamine und Mineralstoffe wie Kalzium, Phosphor, Zink und Eisen. Sowie Antioxidantien und Enzyme.<\/p>\n<p>Hergestellt aus Bio-Gelee Royale, aus\u00a0<strong>Ginseng<\/strong>, Bio-Propolis, Gew\u00fcrznelken sowie\u00a0<strong>Ingwer<\/strong>. Er ist von Natur aus m\u00e4chtig!<\/p>\n<p>Entdecken Sie auch unsere\u00a0<a href=\"https:\/\/www.safinel.fr\/de\/product-2\/aphrodimiel\/\"><strong>aphrodimiel<\/strong><\/a>\u00a0und unser\u00a0<a href=\"https:\/\/www.safinel.fr\/de\/product-2\/libidomiel\/\"><strong>libidomiel<\/strong><\/a>, Zwei nat\u00fcrliche Produkte, die ihrem Namen alle Ehre machen!<\/p>\n<h2><strong>Die Vorteile von King Kong Honey<\/strong><\/h2>\n<p>Diese\u00a0<strong>Bienenstockprodukt\u00a0<\/strong>ist reich an\u00a0<strong>Antioxidantien und Antiseptika\u00a0<\/strong>vorteilhaft f\u00fcr den K\u00f6rper, insbesondere f\u00fcr das Immunsystem. Es ist bekannt, dass es beruhigend und bes\u00e4nftigend wirkt, und kann zur Linderung von Husten und zur Unterst\u00fctzung der Verdauung verwendet werden.<\/p>\n<p>Wir lieben den King Kong Honig f\u00fcr seine\u00a0<strong>aphrodisierende Eigenschaften<\/strong>. Es hilft n\u00e4mlich, die Libido zu steigern, Impotenz zu bek\u00e4mpfen und damit<strong>\u00a0die sexuelle Aktivit\u00e4t f\u00f6rdern.\u00a0<\/strong><\/p>\n<p>Dar\u00fcber hinaus kann es auch zur Linderung von Kopf-, Muskel- und Gelenkschmerzen verwendet werden. Aber auch, um Entz\u00fcndungen zu hemmen und eine verstopfte Nase zu lindern.<\/p>\n<h3><strong>Wie wird dieser aphrodisierende Honig konsumiert?\u00a0<\/strong><\/h3>\n<p>King-Kong-Honig kann auf verschiedene Arten verwendet werden.<\/p>\n<p>Es kann hei\u00dfen oder kalten Getr\u00e4nken zugesetzt werden, um ihnen einen s\u00fc\u00dfen Geschmack zu verleihen und dabei zu helfen, bittere Getr\u00e4nke zu vers\u00fc\u00dfen. Es kann auch in Kochrezepten verwendet werden. Allerdings ist er nicht f\u00fcr die ganze Familie geeignet, insbesondere nicht f\u00fcr Kinder unter 12 Jahren.<\/p>\n<p>Um die Wirkung voll auszusch\u00f6pfen, nehmen Sie morgens auf n\u00fcchternen Magen einen L\u00f6ffel zu sich. Oder auch 1 Stunde vor dem Geschlechtsverkehr, um Energie zu tanken!<\/p>\n<p>Au\u00dferdem empfehlen wir Ihnen, diesen Nektar vor dem Verzehr immer zu mischen.<\/p>","protected":false},"excerpt":{"rendered":"<p><strong>Zusammensetzung :\u00a0<\/strong><\/p>\n<ul>\n<li>Nat\u00fcrlicher Honig<\/li>\n<li>Bio-Gelee Royale<\/li>\n<li>Bio-Propolis<\/li>\n<li>Ginseng<\/li>\n<li>Gew\u00fcrznelke<\/li>\n<li>Ingwer<\/li>\n<\/ul>\n<p><img decoding=\"async\" class=\"size-full wp-image-5091 aligncenter\" src=\"https:\/\/www.safinel.fr\/wp-content\/uploads\/2021\/06\/BANNIERE-ICONE-SAFINEL.webp\" alt=\"Satines-R\u00fcckversicherung\" width=\"800\" height=\"200\" srcset=\"https:\/\/www.safinel.fr\/wp-content\/uploads\/2021\/06\/BANNIERE-ICONE-SAFINEL.webp 800w, https:\/\/www.safinel.fr\/wp-content\/uploads\/2021\/06\/BANNIERE-ICONE-SAFINEL-600x150.webp 600w, https:\/\/www.safinel.fr\/wp-content\/uploads\/2021\/06\/BANNIERE-ICONE-SAFINEL-768x192.webp 768w\" sizes=\"(max-width: 800px) 100vw, 800px\" \/><\/p>","protected":false},"featured_media":7985,"template":"","meta":[],"product_brand":[],"product_cat":[24,72],"product_tag":[],"class_list":{"0":"post-7707","1":"product","2":"type-product","3":"status-publish","4":"has-post-thumbnail","6":"product_cat-apiculture","7":"product_cat-miel-aphrodisiaque","9":"first","10":"outofstock","11":"shipping-taxable","12":"purchasable","13":"product-type-variable","14":"has-default-attributes"},"yoast_head":"<!-- This site is optimized with the Yoast SEO plugin v26.6 - https:\/\/yoast.com\/wordpress\/plugins\/seo\/ -->\n<title>Miel King Kong honey aphrodisiaque | Sachets de 10g<\/title>\n<meta name=\"description\" content=\"Le miel King Kong\u00a0est un produit riche en nutriments et aux multiples vertus pour la sant\u00e9. Il est produit \u00e0 partir d\u2019ingr\u00e9dients 100% naturels.\" \/>\n<meta name=\"robots\" content=\"index, follow, max-snippet:-1, max-image-preview:large, max-video-preview:-1\" \/>\n<link rel=\"canonical\" href=\"https:\/\/www.safinel.fr\/de\/product-2\/king-kong-honey-aphrodisiakum\/\" \/>\n<meta property=\"og:locale\" content=\"de_DE\" \/>\n<meta property=\"og:type\" content=\"article\" \/>\n<meta property=\"og:title\" content=\"Miel King Kong honey aphrodisiaque | Sachets de 10g\" \/>\n<meta property=\"og:description\" content=\"Le miel King Kong\u00a0est un produit riche en nutriments et aux multiples vertus pour la sant\u00e9. Il est produit \u00e0 partir d\u2019ingr\u00e9dients 100% naturels.\" \/>\n<meta property=\"og:url\" content=\"https:\/\/www.safinel.fr\/de\/product-2\/king-kong-honey-aphrodisiakum\/\" \/>\n<meta property=\"og:site_name\" content=\"Safinel\" \/>\n<meta property=\"article:modified_time\" content=\"2024-09-26T15:11:45+00:00\" \/>\n<meta property=\"og:image\" content=\"https:\/\/www.safinel.fr\/wp-content\/uploads\/2023\/08\/miel-king-kong-honey-1.jpg\" \/>\n\t<meta property=\"og:image:width\" content=\"600\" \/>\n\t<meta property=\"og:image:height\" content=\"600\" \/>\n\t<meta property=\"og:image:type\" content=\"image\/jpeg\" \/>\n<meta name=\"twitter:card\" content=\"summary_large_image\" \/>\n<meta name=\"twitter:label1\" content=\"Gesch\u00e4tzte Lesezeit\" \/>\n\t<meta name=\"twitter:data1\" content=\"2\u00a0Minuten\" \/>\n<script type=\"application\/ld+json\" class=\"yoast-schema-graph\">{\"@context\":\"https:\/\/schema.org\",\"@graph\":[{\"@type\":\"WebPage\",\"@id\":\"https:\/\/www.safinel.fr\/produit\/miel-king-kong-honey-aphrodisiaque\/\",\"url\":\"https:\/\/www.safinel.fr\/produit\/miel-king-kong-honey-aphrodisiaque\/\",\"name\":\"Miel King Kong honey aphrodisiaque | Sachets de 10g\",\"isPartOf\":{\"@id\":\"https:\/\/www.safinel.fr\/#website\"},\"primaryImageOfPage\":{\"@id\":\"https:\/\/www.safinel.fr\/produit\/miel-king-kong-honey-aphrodisiaque\/#primaryimage\"},\"image\":{\"@id\":\"https:\/\/www.safinel.fr\/produit\/miel-king-kong-honey-aphrodisiaque\/#primaryimage\"},\"thumbnailUrl\":\"https:\/\/www.safinel.fr\/wp-content\/uploads\/2023\/08\/miel-king-kong-honey-1.jpg\",\"datePublished\":\"2022-08-07T20:44:30+00:00\",\"dateModified\":\"2024-09-26T15:11:45+00:00\",\"description\":\"Le miel King Kong\u00a0est un produit riche en nutriments et aux multiples vertus pour la sant\u00e9. Il est produit \u00e0 partir d\u2019ingr\u00e9dients 100% naturels.\",\"breadcrumb\":{\"@id\":\"https:\/\/www.safinel.fr\/produit\/miel-king-kong-honey-aphrodisiaque\/#breadcrumb\"},\"inLanguage\":\"de\",\"potentialAction\":[{\"@type\":\"ReadAction\",\"target\":[\"https:\/\/www.safinel.fr\/produit\/miel-king-kong-honey-aphrodisiaque\/\"]}]},{\"@type\":\"ImageObject\",\"inLanguage\":\"de\",\"@id\":\"https:\/\/www.safinel.fr\/produit\/miel-king-kong-honey-aphrodisiaque\/#primaryimage\",\"url\":\"https:\/\/www.safinel.fr\/wp-content\/uploads\/2023\/08\/miel-king-kong-honey-1.jpg\",\"contentUrl\":\"https:\/\/www.safinel.fr\/wp-content\/uploads\/2023\/08\/miel-king-kong-honey-1.jpg\",\"width\":600,\"height\":600,\"caption\":\"miel king kong honey\"},{\"@type\":\"BreadcrumbList\",\"@id\":\"https:\/\/www.safinel.fr\/produit\/miel-king-kong-honey-aphrodisiaque\/#breadcrumb\",\"itemListElement\":[{\"@type\":\"ListItem\",\"position\":1,\"name\":\"Accueil\",\"item\":\"https:\/\/www.safinel.fr\/\"},{\"@type\":\"ListItem\",\"position\":2,\"name\":\"Boutique\",\"item\":\"https:\/\/www.safinel.fr\/boutique\/\"},{\"@type\":\"ListItem\",\"position\":3,\"name\":\"Miel King Kong honey aphrodisiaque\"}]},{\"@type\":\"WebSite\",\"@id\":\"https:\/\/www.safinel.fr\/#website\",\"url\":\"https:\/\/www.safinel.fr\/\",\"name\":\"Safinel\",\"description\":\"\",\"publisher\":{\"@id\":\"https:\/\/www.safinel.fr\/#organization\"},\"potentialAction\":[{\"@type\":\"SearchAction\",\"target\":{\"@type\":\"EntryPoint\",\"urlTemplate\":\"https:\/\/www.safinel.fr\/?s={search_term_string}\"},\"query-input\":{\"@type\":\"PropertyValueSpecification\",\"valueRequired\":true,\"valueName\":\"search_term_string\"}}],\"inLanguage\":\"de\"},{\"@type\":\"Organization\",\"@id\":\"https:\/\/www.safinel.fr\/#organization\",\"name\":\"Safinel\",\"url\":\"https:\/\/www.safinel.fr\/\",\"logo\":{\"@type\":\"ImageObject\",\"inLanguage\":\"de\",\"@id\":\"https:\/\/www.safinel.fr\/#\/schema\/logo\/image\/\",\"url\":\"https:\/\/www.safinel.fr\/wp-content\/uploads\/2021\/05\/boutique-cosmetique.png\",\"contentUrl\":\"https:\/\/www.safinel.fr\/wp-content\/uploads\/2021\/05\/boutique-cosmetique.png\",\"width\":800,\"height\":200,\"caption\":\"Safinel\"},\"image\":{\"@id\":\"https:\/\/www.safinel.fr\/#\/schema\/logo\/image\/\"}}]}<\/script>\n<!-- \/ Yoast SEO plugin. -->","yoast_head_json":{"title":"King Kong Honig Honig Aphrodisiakum | 10g Beutel","description":"King Kong Honig ist ein n\u00e4hrstoffreiches Produkt mit vielen gesundheitsf\u00f6rdernden Eigenschaften. Er wird aus 100% nat\u00fcrlichen Zutaten hergestellt.","robots":{"index":"index","follow":"follow","max-snippet":"max-snippet:-1","max-image-preview":"max-image-preview:large","max-video-preview":"max-video-preview:-1"},"canonical":"https:\/\/www.safinel.fr\/de\/product-2\/king-kong-honey-aphrodisiakum\/","og_locale":"de_DE","og_type":"article","og_title":"Miel King Kong honey aphrodisiaque | Sachets de 10g","og_description":"Le miel King Kong\u00a0est un produit riche en nutriments et aux multiples vertus pour la sant\u00e9. Il est produit \u00e0 partir d\u2019ingr\u00e9dients 100% naturels.","og_url":"https:\/\/www.safinel.fr\/de\/product-2\/king-kong-honey-aphrodisiakum\/","og_site_name":"Safinel","article_modified_time":"2024-09-26T15:11:45+00:00","og_image":[{"width":600,"height":600,"url":"https:\/\/www.safinel.fr\/wp-content\/uploads\/2023\/08\/miel-king-kong-honey-1.jpg","type":"image\/jpeg"}],"twitter_card":"summary_large_image","twitter_misc":{"Gesch\u00e4tzte Lesezeit":"2\u00a0Minuten"},"schema":{"@context":"https:\/\/schema.org","@graph":[{"@type":"WebPage","@id":"https:\/\/www.safinel.fr\/produit\/miel-king-kong-honey-aphrodisiaque\/","url":"https:\/\/www.safinel.fr\/produit\/miel-king-kong-honey-aphrodisiaque\/","name":"King Kong Honig Honig Aphrodisiakum | 10g Beutel","isPartOf":{"@id":"https:\/\/www.safinel.fr\/#website"},"primaryImageOfPage":{"@id":"https:\/\/www.safinel.fr\/produit\/miel-king-kong-honey-aphrodisiaque\/#primaryimage"},"image":{"@id":"https:\/\/www.safinel.fr\/produit\/miel-king-kong-honey-aphrodisiaque\/#primaryimage"},"thumbnailUrl":"https:\/\/www.safinel.fr\/wp-content\/uploads\/2023\/08\/miel-king-kong-honey-1.jpg","datePublished":"2022-08-07T20:44:30+00:00","dateModified":"2024-09-26T15:11:45+00:00","description":"King Kong Honig ist ein n\u00e4hrstoffreiches Produkt mit vielen gesundheitsf\u00f6rdernden Eigenschaften. Er wird aus 100% nat\u00fcrlichen Zutaten hergestellt.","breadcrumb":{"@id":"https:\/\/www.safinel.fr\/produit\/miel-king-kong-honey-aphrodisiaque\/#breadcrumb"},"inLanguage":"de","potentialAction":[{"@type":"ReadAction","target":["https:\/\/www.safinel.fr\/produit\/miel-king-kong-honey-aphrodisiaque\/"]}]},{"@type":"ImageObject","inLanguage":"de","@id":"https:\/\/www.safinel.fr\/produit\/miel-king-kong-honey-aphrodisiaque\/#primaryimage","url":"https:\/\/www.safinel.fr\/wp-content\/uploads\/2023\/08\/miel-king-kong-honey-1.jpg","contentUrl":"https:\/\/www.safinel.fr\/wp-content\/uploads\/2023\/08\/miel-king-kong-honey-1.jpg","width":600,"height":600,"caption":"miel king kong honey"},{"@type":"BreadcrumbList","@id":"https:\/\/www.safinel.fr\/produit\/miel-king-kong-honey-aphrodisiaque\/#breadcrumb","itemListElement":[{"@type":"ListItem","position":1,"name":"Accueil","item":"https:\/\/www.safinel.fr\/"},{"@type":"ListItem","position":2,"name":"Boutique","item":"https:\/\/www.safinel.fr\/boutique\/"},{"@type":"ListItem","position":3,"name":"Miel King Kong honey aphrodisiaque"}]},{"@type":"WebSite","@id":"https:\/\/www.safinel.fr\/#website","url":"https:\/\/www.safinel.fr\/","name":"Safinel","description":"","publisher":{"@id":"https:\/\/www.safinel.fr\/#organization"},"potentialAction":[{"@type":"SearchAction","target":{"@type":"EntryPoint","urlTemplate":"https:\/\/www.safinel.fr\/?s={search_term_string}"},"query-input":{"@type":"PropertyValueSpecification","valueRequired":true,"valueName":"search_term_string"}}],"inLanguage":"de"},{"@type":"Organization","@id":"https:\/\/www.safinel.fr\/#organization","name":"Safinel","url":"https:\/\/www.safinel.fr\/","logo":{"@type":"ImageObject","inLanguage":"de","@id":"https:\/\/www.safinel.fr\/#\/schema\/logo\/image\/","url":"https:\/\/www.safinel.fr\/wp-content\/uploads\/2021\/05\/boutique-cosmetique.png","contentUrl":"https:\/\/www.safinel.fr\/wp-content\/uploads\/2021\/05\/boutique-cosmetique.png","width":800,"height":200,"caption":"Safinel"},"image":{"@id":"https:\/\/www.safinel.fr\/#\/schema\/logo\/image\/"}}]}},"_links":{"self":[{"href":"https:\/\/www.safinel.fr\/de\/wp-json\/wp\/v2\/product\/7707","targetHints":{"allow":["GET"]}}],"collection":[{"href":"https:\/\/www.safinel.fr\/de\/wp-json\/wp\/v2\/product"}],"about":[{"href":"https:\/\/www.safinel.fr\/de\/wp-json\/wp\/v2\/types\/product"}],"wp:featuredmedia":[{"embeddable":true,"href":"https:\/\/www.safinel.fr\/de\/wp-json\/wp\/v2\/media\/7985"}],"wp:attachment":[{"href":"https:\/\/www.safinel.fr\/de\/wp-json\/wp\/v2\/media?parent=7707"}],"wp:term":[{"taxonomy":"product_brand","embeddable":true,"href":"https:\/\/www.safinel.fr\/de\/wp-json\/wp\/v2\/product_brand?post=7707"},{"taxonomy":"product_cat","embeddable":true,"href":"https:\/\/www.safinel.fr\/de\/wp-json\/wp\/v2\/product_cat?post=7707"},{"taxonomy":"product_tag","embeddable":true,"href":"https:\/\/www.safinel.fr\/de\/wp-json\/wp\/v2\/product_tag?post=7707"}],"curies":[{"name":"wp","href":"https:\/\/api.w.org\/{rel}","templated":true}]}}