{"id":7654,"date":"2023-08-05T19:17:11","date_gmt":"2023-08-05T19:17:11","guid":{"rendered":"https:\/\/www.safinel.fr\/?post_type=product&#038;p=7654"},"modified":"2023-12-30T11:50:11","modified_gmt":"2023-12-30T11:50:11","slug":"melissenol","status":"publish","type":"product","link":"https:\/\/www.safinel.fr\/de\/product-2\/melissenol\/","title":{"rendered":"Melissen\u00f6l 30ml"},"content":{"rendered":"<p>Melissen\u00f6l ist ein \u00e4therisches \u00d6l, das wegen seiner zahlreichen positiven Eigenschaften, insbesondere zur Entspannung und zur F\u00f6rderung der Verdauung, sehr gesch\u00e4tzt wird. Es stammt von der Pflanze Melissa officinalis, die zur Familie der Lippenbl\u00fctler geh\u00f6rt. Wegen seiner belebenden und hautberuhigenden Eigenschaften wird es auch in der Kosmetik verwendet.<\/p>\n<p>Hier stellen wir Ihnen die verschiedenen Vorteile dieses wertvollen \u00d6ls vor und zeigen Ihnen, wie Sie es am besten beschaffen k\u00f6nnen.<\/p>\n<h2><strong>Die beruhigende und entspannende Wirkung von Melissen\u00f6l<\/strong><\/h2>\n<p><strong>Melissen\u00f6l wird besonders wegen seiner beruhigenden und entspannenden Wirkung gesch\u00e4tzt. <\/strong>Das macht es zu einem hervorragenden nat\u00fcrlichen Heilmittel gegen Stress, Unruhe und Angstzust\u00e4nde. Dank seiner Konzentration an Terpenen hat dieses \u00e4therische \u00d6l auch beruhigende Eigenschaften und f\u00f6rdert so einen besseren Schlaf.<\/p>\n<p>Sie kann vor dem Schlafengehen in Ihrem Schlafzimmer verbreitet oder Ihrem warmen Bad hinzugef\u00fcgt werden, um die Entspannung zu f\u00f6rdern.<\/p>\n<h3><strong>Aromatherapie mit Melissen\u00f6l<\/strong><\/h3>\n<p>In der Aromatherapie wird es oft mit anderen \u00e4therischen \u00d6len mit erg\u00e4nzenden Eigenschaften gemischt. Wie Lavendel, Kamille oder Majoran, um seine Wirkung auf das Nervensystem zu verst\u00e4rken. Es kann auch als Massage\u00f6l verwendet werden, indem man einige Tropfen mit einem neutralen Pflanzen\u00f6l mischt, wie z. B. <a href=\"https:\/\/www.safinel.fr\/de\/product-2\/susmandelol\/\"><strong>S\u00fc\u00dfmandel\u00f6l<\/strong><\/a> oder Jojoba\u00f6l.<\/p>\n<h2><strong>Melissen\u00f6l zur Unterst\u00fctzung der Verdauung<\/strong><\/h2>\n<p>Neben ihrer beruhigenden Wirkung auf das Nervensystem besitzt sie auch verdauungsf\u00f6rdernde und karminative Eigenschaften. So f\u00f6rdert er eine bessere Verdauung und hilft, Bl\u00e4hungen und V\u00f6llegef\u00fchl zu lindern. Sie kann als Tee nach den Mahlzeiten verwendet werden. Dies geschieht, indem man ein oder zwei Tropfen \u00e4therisches \u00d6l in einen hei\u00dfen Kr\u00e4utertee gibt, oder indem man den Bauch bei Schmerzen und Kr\u00e4mpfen im Darm massiert.<\/p>\n<h3><strong>Die krampfl\u00f6senden Eigenschaften<\/strong><\/h3>\n<p>Dank seines Reichtums an Wirkstoffen wie Flavonoiden, Phenols\u00e4uren und Triterpenen. Dieses nat\u00fcrliche \u00d6l weist\u00a0<strong>krampfl\u00f6sende Wirkung<\/strong>\u00a0die bei der Linderung verschiedener Arten von Schmerzen hilfreich sein k\u00f6nnen. Insbesondere Muskelkr\u00e4mpfe und Spasmen im Zusammenhang mit schmerzhaften Menstruationsbeschwerden. Massagen mit Melissen\u00f6l, das in einem Pflanzen\u00f6l verd\u00fcnnt wird, sind in diesen Situationen besonders empfehlenswert.<\/p>\n<h2><strong>Melissen\u00f6l in der Kosmetik: ein Verb\u00fcndeter f\u00fcr Ihre Haut<\/strong><\/h2>\n<p>Neben ihren Vorteilen f\u00fcr das Nerven- und Verdauungssystem. Sie wird auch in der Kosmetik wegen ihrer belebenden und beruhigenden Eigenschaften verwendet. Sie ist daher ideal, um Ihre Haut zu pflegen und ihr wieder einen sch\u00f6nen Glanz zu verleihen.<\/p>\n<ul>\n<li><strong>Ein Gesichtswasser mit Melissen\u00f6l<\/strong><\/li>\n<\/ul>\n<p>Sie k\u00f6nnen ein hausgemachtes Gesichtswasser herstellen, indem Sie einige Tropfen \u00e4therisches Melissen\u00f6l mit Rosen- oder Kamillenbl\u00fctenwasser mischen. Diese Lotion wird perfekt sein, um Ihre Haut sanft zu reinigen und sie auf die Aufnahme Ihrer gewohnten Pflege vorzubereiten. Au\u00dferdem wird der frische, minzige Geruch der Melisse Ihrer Sch\u00f6nheitsroutine eine belebende und angenehme Note verleihen.<\/p>\n<ul>\n<li><strong>Eine beruhigende Maske f\u00fcr gereizte Haut<\/strong><\/li>\n<\/ul>\n<p>Bei empfindlicher oder gereizter Haut kann Melissen\u00f6l mit wei\u00dfer oder gr\u00fcner Tonerde gemischt werden, um eine beruhigende und reparierende Maske herzustellen. Einmal pro Woche aufgetragen, wird diese Maske helfen, R\u00f6tungen und Entz\u00fcndungen zu lindern, w\u00e4hrend sie die Epidermis n\u00e4hrt und regeneriert.<\/p>\n<h2><strong>Kaufen bei Safinel.de<\/strong><\/h2>\n<p>Um die Vorteile des Melissen\u00f6ls voll aussch\u00f6pfen zu k\u00f6nnen, ist es wichtig, ein qualitativ hochwertiges \u00e4therisches \u00d6l zu w\u00e4hlen. Es sollte aus Pflanzen stammen, die ohne Pestizide oder chemische D\u00fcngemittel angebaut werden. Der Online-Shop Safinel.de bietet Ihnen eine sorgf\u00e4ltige Auswahl an \u00e4therischen \u00d6len, darunter auch das Melissen\u00f6l 5%, das durch Wasserdampfdestillation der Bl\u00e4tter und Bl\u00fctenk\u00f6pfe der Pflanze gewonnen wird.<\/p>\n<h3><strong>Die von Safinel.de angebotenen Garantien<\/strong><\/h3>\n<p>Wenn Sie Ihr Melissen\u00f6l bei Safinel.de kaufen, profitieren Sie nicht nur von einem qualitativ hochwertigen Produkt. Sondern auch von Anwendungshinweisen und Vorsichtsma\u00dfnahmen, damit Sie von seinen positiven Eigenschaften optimal profitieren k\u00f6nnen. Dar\u00fcber hinaus unterliegen die angebotenen Produkte strengen Kontrollen, um ihre R\u00fcckverfolgbarkeit und ihre \u00dcbereinstimmung mit den geltenden europ\u00e4ischen Normen zu gew\u00e4hrleisten.<\/p>\n<h3><strong>Profitieren Sie noch heute von den Vorteilen des Melissen\u00f6ls!<\/strong><\/h3>\n<p>Warten Sie nicht l\u00e4nger, um die ungeahnten Tugenden des Melissen\u00f6ls zu entdecken und holen Sie sich dieses wertvolle \u00e4therische \u00d6l auf der Website Safinel.de. So k\u00f6nnen Sie seine beruhigende, verdauungsf\u00f6rdernde und belebende Wirkung voll und ganz genie\u00dfen und Ihre Haut auf nat\u00fcrliche Weise pflegen.<\/p>","protected":false},"excerpt":{"rendered":"<p>Melissen\u00f6l ist ein \u00e4therisches \u00d6l, das wegen seiner zahlreichen positiven Eigenschaften, insbesondere zur Entspannung und Verdauungsf\u00f6rderung, sehr gesch\u00e4tzt wird.<img decoding=\"async\" class=\"size-full wp-image-5091 aligncenter\" src=\"https:\/\/www.safinel.fr\/wp-content\/uploads\/2021\/06\/BANNIERE-ICONE-SAFINEL.webp\" alt=\"Satines-R\u00fcckversicherung\" width=\"800\" height=\"200\" srcset=\"https:\/\/www.safinel.fr\/wp-content\/uploads\/2021\/06\/BANNIERE-ICONE-SAFINEL.webp 800w, https:\/\/www.safinel.fr\/wp-content\/uploads\/2021\/06\/BANNIERE-ICONE-SAFINEL-600x150.webp 600w, https:\/\/www.safinel.fr\/wp-content\/uploads\/2021\/06\/BANNIERE-ICONE-SAFINEL-768x192.webp 768w\" sizes=\"(max-width: 800px) 100vw, 800px\" \/><\/p>","protected":false},"featured_media":7655,"template":"","meta":[],"product_brand":[],"product_cat":[122],"product_tag":[],"class_list":{"0":"post-7654","1":"product","2":"type-product","3":"status-publish","4":"has-post-thumbnail","6":"product_cat-huile-vegetale","8":"first","9":"instock","10":"shipping-taxable","11":"purchasable","12":"product-type-simple"},"yoast_head":"<!-- This site is optimized with the Yoast SEO plugin v26.6 - https:\/\/yoast.com\/wordpress\/plugins\/seo\/ -->\n<title>Huile de m\u00e9lisse | Huile naturelle | Bienfaits nombreux<\/title>\n<meta name=\"description\" content=\"L&#039;huile de m\u00e9lisse est une huile essentielle tr\u00e8s appr\u00e9ci\u00e9e pour ses nombreuses vertus, notamment en mati\u00e8re de relaxation et de digestion.\" \/>\n<meta name=\"robots\" content=\"index, follow, max-snippet:-1, max-image-preview:large, max-video-preview:-1\" \/>\n<link rel=\"canonical\" href=\"https:\/\/www.safinel.fr\/de\/product-2\/melissenol\/\" \/>\n<meta property=\"og:locale\" content=\"de_DE\" \/>\n<meta property=\"og:type\" content=\"article\" \/>\n<meta property=\"og:title\" content=\"Huile de m\u00e9lisse | Huile naturelle | Bienfaits nombreux\" \/>\n<meta property=\"og:description\" content=\"L&#039;huile de m\u00e9lisse est une huile essentielle tr\u00e8s appr\u00e9ci\u00e9e pour ses nombreuses vertus, notamment en mati\u00e8re de relaxation et de digestion.\" \/>\n<meta property=\"og:url\" content=\"https:\/\/www.safinel.fr\/de\/product-2\/melissenol\/\" \/>\n<meta property=\"og:site_name\" content=\"Safinel\" \/>\n<meta property=\"article:modified_time\" content=\"2023-12-30T11:50:11+00:00\" \/>\n<meta property=\"og:image\" content=\"https:\/\/www.safinel.fr\/wp-content\/uploads\/2023\/08\/huile-de-melisse.jpg\" \/>\n\t<meta property=\"og:image:width\" content=\"600\" \/>\n\t<meta property=\"og:image:height\" content=\"600\" \/>\n\t<meta property=\"og:image:type\" content=\"image\/jpeg\" \/>\n<meta name=\"twitter:card\" content=\"summary_large_image\" \/>\n<meta name=\"twitter:label1\" content=\"Gesch\u00e4tzte Lesezeit\" \/>\n\t<meta name=\"twitter:data1\" content=\"4\u00a0Minuten\" \/>\n<script type=\"application\/ld+json\" class=\"yoast-schema-graph\">{\"@context\":\"https:\/\/schema.org\",\"@graph\":[{\"@type\":\"WebPage\",\"@id\":\"https:\/\/www.safinel.fr\/produit\/huile-de-melisse\/\",\"url\":\"https:\/\/www.safinel.fr\/produit\/huile-de-melisse\/\",\"name\":\"Huile de m\u00e9lisse | Huile naturelle | Bienfaits nombreux\",\"isPartOf\":{\"@id\":\"https:\/\/www.safinel.fr\/#website\"},\"primaryImageOfPage\":{\"@id\":\"https:\/\/www.safinel.fr\/produit\/huile-de-melisse\/#primaryimage\"},\"image\":{\"@id\":\"https:\/\/www.safinel.fr\/produit\/huile-de-melisse\/#primaryimage\"},\"thumbnailUrl\":\"https:\/\/www.safinel.fr\/wp-content\/uploads\/2023\/08\/huile-de-melisse.jpg\",\"datePublished\":\"2023-08-05T19:17:11+00:00\",\"dateModified\":\"2023-12-30T11:50:11+00:00\",\"description\":\"L'huile de m\u00e9lisse est une huile essentielle tr\u00e8s appr\u00e9ci\u00e9e pour ses nombreuses vertus, notamment en mati\u00e8re de relaxation et de digestion.\",\"breadcrumb\":{\"@id\":\"https:\/\/www.safinel.fr\/produit\/huile-de-melisse\/#breadcrumb\"},\"inLanguage\":\"de\",\"potentialAction\":[{\"@type\":\"ReadAction\",\"target\":[\"https:\/\/www.safinel.fr\/produit\/huile-de-melisse\/\"]}]},{\"@type\":\"ImageObject\",\"inLanguage\":\"de\",\"@id\":\"https:\/\/www.safinel.fr\/produit\/huile-de-melisse\/#primaryimage\",\"url\":\"https:\/\/www.safinel.fr\/wp-content\/uploads\/2023\/08\/huile-de-melisse.jpg\",\"contentUrl\":\"https:\/\/www.safinel.fr\/wp-content\/uploads\/2023\/08\/huile-de-melisse.jpg\",\"width\":600,\"height\":600,\"caption\":\"Huile de m\u00e9lisse\"},{\"@type\":\"BreadcrumbList\",\"@id\":\"https:\/\/www.safinel.fr\/produit\/huile-de-melisse\/#breadcrumb\",\"itemListElement\":[{\"@type\":\"ListItem\",\"position\":1,\"name\":\"Accueil\",\"item\":\"https:\/\/www.safinel.fr\/\"},{\"@type\":\"ListItem\",\"position\":2,\"name\":\"Boutique\",\"item\":\"https:\/\/www.safinel.fr\/boutique\/\"},{\"@type\":\"ListItem\",\"position\":3,\"name\":\"Huile de m\u00e9lisse 30ml\"}]},{\"@type\":\"WebSite\",\"@id\":\"https:\/\/www.safinel.fr\/#website\",\"url\":\"https:\/\/www.safinel.fr\/\",\"name\":\"Safinel\",\"description\":\"\",\"publisher\":{\"@id\":\"https:\/\/www.safinel.fr\/#organization\"},\"potentialAction\":[{\"@type\":\"SearchAction\",\"target\":{\"@type\":\"EntryPoint\",\"urlTemplate\":\"https:\/\/www.safinel.fr\/?s={search_term_string}\"},\"query-input\":{\"@type\":\"PropertyValueSpecification\",\"valueRequired\":true,\"valueName\":\"search_term_string\"}}],\"inLanguage\":\"de\"},{\"@type\":\"Organization\",\"@id\":\"https:\/\/www.safinel.fr\/#organization\",\"name\":\"Safinel\",\"url\":\"https:\/\/www.safinel.fr\/\",\"logo\":{\"@type\":\"ImageObject\",\"inLanguage\":\"de\",\"@id\":\"https:\/\/www.safinel.fr\/#\/schema\/logo\/image\/\",\"url\":\"https:\/\/www.safinel.fr\/wp-content\/uploads\/2021\/05\/boutique-cosmetique.png\",\"contentUrl\":\"https:\/\/www.safinel.fr\/wp-content\/uploads\/2021\/05\/boutique-cosmetique.png\",\"width\":800,\"height\":200,\"caption\":\"Safinel\"},\"image\":{\"@id\":\"https:\/\/www.safinel.fr\/#\/schema\/logo\/image\/\"}}]}<\/script>\n<!-- \/ Yoast SEO plugin. -->","yoast_head_json":{"title":"Melissen\u00f6l | Nat\u00fcrliches \u00d6l | Zahlreiche Vorteile","description":"Melissen\u00f6l ist ein \u00e4therisches \u00d6l, das wegen seiner zahlreichen positiven Eigenschaften, insbesondere zur Entspannung und Verdauungsf\u00f6rderung, sehr gesch\u00e4tzt wird.","robots":{"index":"index","follow":"follow","max-snippet":"max-snippet:-1","max-image-preview":"max-image-preview:large","max-video-preview":"max-video-preview:-1"},"canonical":"https:\/\/www.safinel.fr\/de\/product-2\/melissenol\/","og_locale":"de_DE","og_type":"article","og_title":"Huile de m\u00e9lisse | Huile naturelle | Bienfaits nombreux","og_description":"L'huile de m\u00e9lisse est une huile essentielle tr\u00e8s appr\u00e9ci\u00e9e pour ses nombreuses vertus, notamment en mati\u00e8re de relaxation et de digestion.","og_url":"https:\/\/www.safinel.fr\/de\/product-2\/melissenol\/","og_site_name":"Safinel","article_modified_time":"2023-12-30T11:50:11+00:00","og_image":[{"width":600,"height":600,"url":"https:\/\/www.safinel.fr\/wp-content\/uploads\/2023\/08\/huile-de-melisse.jpg","type":"image\/jpeg"}],"twitter_card":"summary_large_image","twitter_misc":{"Gesch\u00e4tzte Lesezeit":"4\u00a0Minuten"},"schema":{"@context":"https:\/\/schema.org","@graph":[{"@type":"WebPage","@id":"https:\/\/www.safinel.fr\/produit\/huile-de-melisse\/","url":"https:\/\/www.safinel.fr\/produit\/huile-de-melisse\/","name":"Melissen\u00f6l | Nat\u00fcrliches \u00d6l | Zahlreiche Vorteile","isPartOf":{"@id":"https:\/\/www.safinel.fr\/#website"},"primaryImageOfPage":{"@id":"https:\/\/www.safinel.fr\/produit\/huile-de-melisse\/#primaryimage"},"image":{"@id":"https:\/\/www.safinel.fr\/produit\/huile-de-melisse\/#primaryimage"},"thumbnailUrl":"https:\/\/www.safinel.fr\/wp-content\/uploads\/2023\/08\/huile-de-melisse.jpg","datePublished":"2023-08-05T19:17:11+00:00","dateModified":"2023-12-30T11:50:11+00:00","description":"Melissen\u00f6l ist ein \u00e4therisches \u00d6l, das wegen seiner zahlreichen positiven Eigenschaften, insbesondere zur Entspannung und Verdauungsf\u00f6rderung, sehr gesch\u00e4tzt wird.","breadcrumb":{"@id":"https:\/\/www.safinel.fr\/produit\/huile-de-melisse\/#breadcrumb"},"inLanguage":"de","potentialAction":[{"@type":"ReadAction","target":["https:\/\/www.safinel.fr\/produit\/huile-de-melisse\/"]}]},{"@type":"ImageObject","inLanguage":"de","@id":"https:\/\/www.safinel.fr\/produit\/huile-de-melisse\/#primaryimage","url":"https:\/\/www.safinel.fr\/wp-content\/uploads\/2023\/08\/huile-de-melisse.jpg","contentUrl":"https:\/\/www.safinel.fr\/wp-content\/uploads\/2023\/08\/huile-de-melisse.jpg","width":600,"height":600,"caption":"Huile de m\u00e9lisse"},{"@type":"BreadcrumbList","@id":"https:\/\/www.safinel.fr\/produit\/huile-de-melisse\/#breadcrumb","itemListElement":[{"@type":"ListItem","position":1,"name":"Accueil","item":"https:\/\/www.safinel.fr\/"},{"@type":"ListItem","position":2,"name":"Boutique","item":"https:\/\/www.safinel.fr\/boutique\/"},{"@type":"ListItem","position":3,"name":"Huile de m\u00e9lisse 30ml"}]},{"@type":"WebSite","@id":"https:\/\/www.safinel.fr\/#website","url":"https:\/\/www.safinel.fr\/","name":"Safinel","description":"","publisher":{"@id":"https:\/\/www.safinel.fr\/#organization"},"potentialAction":[{"@type":"SearchAction","target":{"@type":"EntryPoint","urlTemplate":"https:\/\/www.safinel.fr\/?s={search_term_string}"},"query-input":{"@type":"PropertyValueSpecification","valueRequired":true,"valueName":"search_term_string"}}],"inLanguage":"de"},{"@type":"Organization","@id":"https:\/\/www.safinel.fr\/#organization","name":"Safinel","url":"https:\/\/www.safinel.fr\/","logo":{"@type":"ImageObject","inLanguage":"de","@id":"https:\/\/www.safinel.fr\/#\/schema\/logo\/image\/","url":"https:\/\/www.safinel.fr\/wp-content\/uploads\/2021\/05\/boutique-cosmetique.png","contentUrl":"https:\/\/www.safinel.fr\/wp-content\/uploads\/2021\/05\/boutique-cosmetique.png","width":800,"height":200,"caption":"Safinel"},"image":{"@id":"https:\/\/www.safinel.fr\/#\/schema\/logo\/image\/"}}]}},"_links":{"self":[{"href":"https:\/\/www.safinel.fr\/de\/wp-json\/wp\/v2\/product\/7654","targetHints":{"allow":["GET"]}}],"collection":[{"href":"https:\/\/www.safinel.fr\/de\/wp-json\/wp\/v2\/product"}],"about":[{"href":"https:\/\/www.safinel.fr\/de\/wp-json\/wp\/v2\/types\/product"}],"wp:featuredmedia":[{"embeddable":true,"href":"https:\/\/www.safinel.fr\/de\/wp-json\/wp\/v2\/media\/7655"}],"wp:attachment":[{"href":"https:\/\/www.safinel.fr\/de\/wp-json\/wp\/v2\/media?parent=7654"}],"wp:term":[{"taxonomy":"product_brand","embeddable":true,"href":"https:\/\/www.safinel.fr\/de\/wp-json\/wp\/v2\/product_brand?post=7654"},{"taxonomy":"product_cat","embeddable":true,"href":"https:\/\/www.safinel.fr\/de\/wp-json\/wp\/v2\/product_cat?post=7654"},{"taxonomy":"product_tag","embeddable":true,"href":"https:\/\/www.safinel.fr\/de\/wp-json\/wp\/v2\/product_tag?post=7654"}],"curies":[{"name":"wp","href":"https:\/\/api.w.org\/{rel}","templated":true}]}}