{"id":7613,"date":"2023-08-04T19:27:47","date_gmt":"2023-08-04T19:27:47","guid":{"rendered":"https:\/\/www.safinel.fr\/?post_type=product&#038;p=7613"},"modified":"2023-12-28T17:16:10","modified_gmt":"2023-12-28T17:16:10","slug":"dorigan-ol","status":"publish","type":"product","link":"https:\/\/www.safinel.fr\/de\/product-2\/dorigan-ol\/","title":{"rendered":"Oregano-\u00d6l 30ml"},"content":{"rendered":"<p>Oregano\u00f6l, ein \u00e4therisches \u00d6l mit vielen positiven Eigenschaften. Es ist zu einem Muss im Bereich des nat\u00fcrlichen Wohlbefindens und der Gesundheit geworden.<\/p>\n<p>In diesem Artikel stellen wir Ihnen die Vorteile dieses wertvollen \u00d6ls vor und zeigen Ihnen die besten Methoden, um es im Alltag zu verwenden. Um hochwertiges nat\u00fcrliches \u00d6l zu kaufen, vertrauen Sie Safinel.de, Ihrem Online-Shop, der auf das Sortiment an \u00e4therischen \u00d6len spezialisiert ist.<\/p>\n<h2><strong>Was ist Oregano\u00f6l?<\/strong><\/h2>\n<p>Es wird aus den Bl\u00e4ttern der Pflanze Origanum vulgare gewonnen, die auch unter dem Namen Gemeiner Oregano oder Wilder Majoran bekannt ist. Diese aromatische Pflanze ist im Mittelmeerraum beheimatet und besitzt seit der Antike anerkannte medizinische Eigenschaften.<\/p>\n<p>Reich an\u00a0<strong>aktive Verbindungen wie Carvacrol, Thymol und Rosmarins\u00e4ure.<\/strong>\u00a0Oregano\u00f6l hat antioxidative, antibakterielle, antivirale und entz\u00fcndungshemmende Eigenschaften, die es zu einem echten Verb\u00fcndeten bei der Erhaltung unserer Gesundheit und der Verbesserung unseres t\u00e4glichen Wohlbefindens machen.<\/p>\n<h2><strong>Gesundheitliche Vorteile von Oregano\u00f6l<\/strong><\/h2>\n<ul>\n<li><strong>St\u00e4rkung des Immunsystems<\/strong><\/li>\n<\/ul>\n<p>Aufgrund seiner antiviralen und antibakteriellen Eigenschaften. Dieses nat\u00fcrliche \u00d6l ist ein hervorragendes nat\u00fcrliches Heilmittel f\u00fcr\u00a0<strong>Infektionen bek\u00e4mpfen und unser Immunsystem st\u00e4rken<\/strong>. Sie kann zur Vorbeugung verwendet werden, um nicht krank zu werden, oder zur Behandlung, um unserem K\u00f6rper bei der Bek\u00e4mpfung von Viren und Bakterien zu helfen.<\/p>\n<ul>\n<li><strong>Verdauungsprobleme lindern<\/strong><\/li>\n<\/ul>\n<p>Oregano\u00f6l ist auch f\u00fcr seine positive Wirkung auf das Verdauungssystem bekannt. Es hilft insbesondere bei\u00a0<strong>die Verdauung zu regulieren, Bl\u00e4hungen zu lindern und Darmkr\u00e4mpfe zu reduzieren<\/strong>. Au\u00dferdem tr\u00e4gt es durch seine antimikrobielle Wirkung dazu bei, schlechte Bakterien in unserem Darm zu beseitigen und f\u00f6rdert so eine gesunde Darmflora.<\/p>\n<ul>\n<li><strong>Muskel- und Gelenkschmerzen lindern<\/strong><\/li>\n<\/ul>\n<p>Die entz\u00fcndungshemmenden Eigenschaften von Oregano\u00f6l machen es zu einem idealen Verb\u00fcndeten f\u00fcr\u00a0<strong>Muskel- und Gelenkschmerzen lindern.<\/strong>\u00a0Egal, ob sie durch eine Entz\u00fcndung, Muskelkater oder Arthritis verursacht werden. Lokal als Massage aufgetragen, entsteht ein warmes, entspannendes Gef\u00fchl, das hilft, die Muskeln zu lockern und Schmerzen zu lindern.<\/p>\n<ul>\n<li><strong>Verbesserung der Hautgesundheit<\/strong><\/li>\n<\/ul>\n<p>Wird zur lokalen Anwendung verwendet. Oregano\u00f6l kann auch helfen bei\u00a0<strong>verschiedene Hautprobleme behandeln<\/strong>\u00a0wie Akne, Pilzinfektionen, Warzen oder auch Ekzeme. Seine antimykotischen und antibakteriellen Eigenschaften helfen, die f\u00fcr diese Hauterkrankungen verantwortlichen Bakterien zu beseitigen und die Wundheilung zu f\u00f6rdern.<\/p>\n<h2><strong>Wie verwende ich Oregano\u00f6l?<\/strong><\/h2>\n<p>Oregano\u00f6l ist ein hochkonzentriertes Produkt, das mit Vorsicht verwendet werden sollte. Hier sind einige Tipps, um seine Vorteile voll auszusch\u00f6pfen:<\/p>\n<ul>\n<li><strong>Oregano\u00f6l immer verd\u00fcnnen<\/strong>\u00a0in einem Pflanzen\u00f6l (wie <a href=\"https:\/\/www.safinel.fr\/de\/product-2\/susmandelol\/\"><strong>S\u00fc\u00dfmandel\u00f6l<\/strong><\/a>, (z. B. Kokos\u00f6l oder Oliven\u00f6l), bevor Sie es auf die Haut auftragen oder einmassieren. Eine Verd\u00fcnnung von 3 bis 5 % wird allgemein empfohlen.<\/li>\n<li><strong>Orale Anwendung<\/strong>\u00a0: Sie k\u00f6nnen ein paar Tropfen dieses nat\u00fcrlichen \u00d6ls verd\u00fcnnt in einen Teel\u00f6ffel Honig oder Oliven\u00f6l geben. Dadurch st\u00e4rken Sie Ihr Immunsystem und erleichtern die Verdauung. Achten Sie jedoch darauf, die empfohlene Dosis nicht zu \u00fcberschreiten. Das sind etwa 4 Tropfen pro Tag f\u00fcr einen Erwachsenen, und konsultieren Sie einen Gesundheitsexperten vor jeder innerlichen Anwendung.<\/li>\n<li><strong>Dieses \u00d6l verbreiten<\/strong>\u00a0: um die Luft in Ihrer Wohnung zu reinigen und von seinen antiviralen Eigenschaften zu profitieren. Sie k\u00f6nnen einen Diffusor f\u00fcr \u00e4therische \u00d6le verwenden und einige Tropfen Oregano\u00f6l hinzuf\u00fcgen. Achten Sie darauf, dass Sie das \u00d6l nicht kontinuierlich verteilen und halten Sie sich an die Empfehlungen des Herstellers des Diffusors.<\/li>\n<\/ul>\n<h3><strong>Kaufen bei Safinel.de<\/strong><\/h3>\n<p>Um von den zahlreichen Vorteilen des Oregano\u00f6ls zu profitieren, ist es wichtig, ein hochwertiges \u00d6l zu w\u00e4hlen. Bei Safinel.de bieten wir Ihnen ein\u00a0<strong>Palette an reinen und nat\u00fcrlichen \u00e4therischen \u00d6len 100 %<\/strong>, darunter auch Oregano\u00f6l. Streng nach ihren therapeutischen Eigenschaften und ihrer Wirksamkeit ausgew\u00e4hlt.<\/p>\n<p>Z\u00f6gern Sie nicht l\u00e4nger und entdecken Sie jetzt unser Sortiment an \u00e4therischen \u00d6len, um Ihr Wohlbefinden und das Ihrer ganzen Familie zu steigern. Vertrauen Sie Safinel.de, um dieses wohltuende \u00d6l zu kaufen und eine einzigartige aromatische Erfahrung zu erleben.<\/p>","protected":false},"excerpt":{"rendered":"<p>Oregano\u00f6l, ein \u00e4therisches \u00d6l mit vielen positiven Eigenschaften, ist aus dem Bereich des nat\u00fcrlichen Wohlbefindens und der Gesundheit nicht mehr wegzudenken.<\/p>\n<p><img decoding=\"async\" class=\"size-full wp-image-5091 aligncenter\" src=\"https:\/\/www.safinel.fr\/wp-content\/uploads\/2021\/06\/BANNIERE-ICONE-SAFINEL.webp\" alt=\"Satines-R\u00fcckversicherung\" width=\"800\" height=\"200\" srcset=\"https:\/\/www.safinel.fr\/wp-content\/uploads\/2021\/06\/BANNIERE-ICONE-SAFINEL.webp 800w, https:\/\/www.safinel.fr\/wp-content\/uploads\/2021\/06\/BANNIERE-ICONE-SAFINEL-600x150.webp 600w, https:\/\/www.safinel.fr\/wp-content\/uploads\/2021\/06\/BANNIERE-ICONE-SAFINEL-768x192.webp 768w\" sizes=\"(max-width: 800px) 100vw, 800px\" \/><\/p>","protected":false},"featured_media":7614,"template":"","meta":[],"product_brand":[],"product_cat":[122],"product_tag":[],"class_list":{"0":"post-7613","1":"product","2":"type-product","3":"status-publish","4":"has-post-thumbnail","6":"product_cat-huile-vegetale","8":"first","9":"instock","10":"shipping-taxable","11":"purchasable","12":"product-type-simple"},"yoast_head":"<!-- This site is optimized with the Yoast SEO plugin v26.6 - https:\/\/yoast.com\/wordpress\/plugins\/seo\/ -->\n<title>Huile d&#039;origan | Bienfaits nombreux | 100% naturelle<\/title>\n<meta name=\"description\" content=\"L&#039;huile d&#039;origan, une huile essentielle aux multiples vertus, est devenue un incontournable dans le domaine du bien-\u00eatre et de la sant\u00e9 au naturel.\" \/>\n<meta name=\"robots\" content=\"index, follow, max-snippet:-1, max-image-preview:large, max-video-preview:-1\" \/>\n<link rel=\"canonical\" href=\"https:\/\/www.safinel.fr\/de\/product-2\/dorigan-ol\/\" \/>\n<meta property=\"og:locale\" content=\"de_DE\" \/>\n<meta property=\"og:type\" content=\"article\" \/>\n<meta property=\"og:title\" content=\"Huile d&#039;origan | Bienfaits nombreux | 100% naturelle\" \/>\n<meta property=\"og:description\" content=\"L&#039;huile d&#039;origan, une huile essentielle aux multiples vertus, est devenue un incontournable dans le domaine du bien-\u00eatre et de la sant\u00e9 au naturel.\" \/>\n<meta property=\"og:url\" content=\"https:\/\/www.safinel.fr\/de\/product-2\/dorigan-ol\/\" \/>\n<meta property=\"og:site_name\" content=\"Safinel\" \/>\n<meta property=\"article:modified_time\" content=\"2023-12-28T17:16:10+00:00\" \/>\n<meta property=\"og:image\" content=\"https:\/\/www.safinel.fr\/wp-content\/uploads\/2023\/08\/Huile-dorigan.jpg\" \/>\n\t<meta property=\"og:image:width\" content=\"600\" \/>\n\t<meta property=\"og:image:height\" content=\"600\" \/>\n\t<meta property=\"og:image:type\" content=\"image\/jpeg\" \/>\n<meta name=\"twitter:card\" content=\"summary_large_image\" \/>\n<meta name=\"twitter:label1\" content=\"Gesch\u00e4tzte Lesezeit\" \/>\n\t<meta name=\"twitter:data1\" content=\"3\u00a0Minuten\" \/>\n<script type=\"application\/ld+json\" class=\"yoast-schema-graph\">{\"@context\":\"https:\/\/schema.org\",\"@graph\":[{\"@type\":\"WebPage\",\"@id\":\"https:\/\/www.safinel.fr\/produit\/huile-dorigan\/\",\"url\":\"https:\/\/www.safinel.fr\/produit\/huile-dorigan\/\",\"name\":\"Huile d'origan | Bienfaits nombreux | 100% naturelle\",\"isPartOf\":{\"@id\":\"https:\/\/www.safinel.fr\/#website\"},\"primaryImageOfPage\":{\"@id\":\"https:\/\/www.safinel.fr\/produit\/huile-dorigan\/#primaryimage\"},\"image\":{\"@id\":\"https:\/\/www.safinel.fr\/produit\/huile-dorigan\/#primaryimage\"},\"thumbnailUrl\":\"https:\/\/www.safinel.fr\/wp-content\/uploads\/2023\/08\/Huile-dorigan.jpg\",\"datePublished\":\"2023-08-04T19:27:47+00:00\",\"dateModified\":\"2023-12-28T17:16:10+00:00\",\"description\":\"L'huile d'origan, une huile essentielle aux multiples vertus, est devenue un incontournable dans le domaine du bien-\u00eatre et de la sant\u00e9 au naturel.\",\"breadcrumb\":{\"@id\":\"https:\/\/www.safinel.fr\/produit\/huile-dorigan\/#breadcrumb\"},\"inLanguage\":\"de\",\"potentialAction\":[{\"@type\":\"ReadAction\",\"target\":[\"https:\/\/www.safinel.fr\/produit\/huile-dorigan\/\"]}]},{\"@type\":\"ImageObject\",\"inLanguage\":\"de\",\"@id\":\"https:\/\/www.safinel.fr\/produit\/huile-dorigan\/#primaryimage\",\"url\":\"https:\/\/www.safinel.fr\/wp-content\/uploads\/2023\/08\/Huile-dorigan.jpg\",\"contentUrl\":\"https:\/\/www.safinel.fr\/wp-content\/uploads\/2023\/08\/Huile-dorigan.jpg\",\"width\":600,\"height\":600,\"caption\":\"Huile d'origan\"},{\"@type\":\"BreadcrumbList\",\"@id\":\"https:\/\/www.safinel.fr\/produit\/huile-dorigan\/#breadcrumb\",\"itemListElement\":[{\"@type\":\"ListItem\",\"position\":1,\"name\":\"Accueil\",\"item\":\"https:\/\/www.safinel.fr\/\"},{\"@type\":\"ListItem\",\"position\":2,\"name\":\"Boutique\",\"item\":\"https:\/\/www.safinel.fr\/boutique\/\"},{\"@type\":\"ListItem\",\"position\":3,\"name\":\"Huile d&#8217;origan 30ml\"}]},{\"@type\":\"WebSite\",\"@id\":\"https:\/\/www.safinel.fr\/#website\",\"url\":\"https:\/\/www.safinel.fr\/\",\"name\":\"Safinel\",\"description\":\"\",\"publisher\":{\"@id\":\"https:\/\/www.safinel.fr\/#organization\"},\"potentialAction\":[{\"@type\":\"SearchAction\",\"target\":{\"@type\":\"EntryPoint\",\"urlTemplate\":\"https:\/\/www.safinel.fr\/?s={search_term_string}\"},\"query-input\":{\"@type\":\"PropertyValueSpecification\",\"valueRequired\":true,\"valueName\":\"search_term_string\"}}],\"inLanguage\":\"de\"},{\"@type\":\"Organization\",\"@id\":\"https:\/\/www.safinel.fr\/#organization\",\"name\":\"Safinel\",\"url\":\"https:\/\/www.safinel.fr\/\",\"logo\":{\"@type\":\"ImageObject\",\"inLanguage\":\"de\",\"@id\":\"https:\/\/www.safinel.fr\/#\/schema\/logo\/image\/\",\"url\":\"https:\/\/www.safinel.fr\/wp-content\/uploads\/2021\/05\/boutique-cosmetique.png\",\"contentUrl\":\"https:\/\/www.safinel.fr\/wp-content\/uploads\/2021\/05\/boutique-cosmetique.png\",\"width\":800,\"height\":200,\"caption\":\"Safinel\"},\"image\":{\"@id\":\"https:\/\/www.safinel.fr\/#\/schema\/logo\/image\/\"}}]}<\/script>\n<!-- \/ Yoast SEO plugin. -->","yoast_head_json":{"title":"Oregano\u00f6l | Zahlreiche Vorteile | 100% nat\u00fcrlich","description":"Oregano\u00f6l, ein \u00e4therisches \u00d6l mit vielen positiven Eigenschaften, ist aus dem Bereich des nat\u00fcrlichen Wohlbefindens und der Gesundheit nicht mehr wegzudenken.","robots":{"index":"index","follow":"follow","max-snippet":"max-snippet:-1","max-image-preview":"max-image-preview:large","max-video-preview":"max-video-preview:-1"},"canonical":"https:\/\/www.safinel.fr\/de\/product-2\/dorigan-ol\/","og_locale":"de_DE","og_type":"article","og_title":"Huile d'origan | Bienfaits nombreux | 100% naturelle","og_description":"L'huile d'origan, une huile essentielle aux multiples vertus, est devenue un incontournable dans le domaine du bien-\u00eatre et de la sant\u00e9 au naturel.","og_url":"https:\/\/www.safinel.fr\/de\/product-2\/dorigan-ol\/","og_site_name":"Safinel","article_modified_time":"2023-12-28T17:16:10+00:00","og_image":[{"width":600,"height":600,"url":"https:\/\/www.safinel.fr\/wp-content\/uploads\/2023\/08\/Huile-dorigan.jpg","type":"image\/jpeg"}],"twitter_card":"summary_large_image","twitter_misc":{"Gesch\u00e4tzte Lesezeit":"3\u00a0Minuten"},"schema":{"@context":"https:\/\/schema.org","@graph":[{"@type":"WebPage","@id":"https:\/\/www.safinel.fr\/produit\/huile-dorigan\/","url":"https:\/\/www.safinel.fr\/produit\/huile-dorigan\/","name":"Oregano\u00f6l | Zahlreiche Vorteile | 100% nat\u00fcrlich","isPartOf":{"@id":"https:\/\/www.safinel.fr\/#website"},"primaryImageOfPage":{"@id":"https:\/\/www.safinel.fr\/produit\/huile-dorigan\/#primaryimage"},"image":{"@id":"https:\/\/www.safinel.fr\/produit\/huile-dorigan\/#primaryimage"},"thumbnailUrl":"https:\/\/www.safinel.fr\/wp-content\/uploads\/2023\/08\/Huile-dorigan.jpg","datePublished":"2023-08-04T19:27:47+00:00","dateModified":"2023-12-28T17:16:10+00:00","description":"Oregano\u00f6l, ein \u00e4therisches \u00d6l mit vielen positiven Eigenschaften, ist aus dem Bereich des nat\u00fcrlichen Wohlbefindens und der Gesundheit nicht mehr wegzudenken.","breadcrumb":{"@id":"https:\/\/www.safinel.fr\/produit\/huile-dorigan\/#breadcrumb"},"inLanguage":"de","potentialAction":[{"@type":"ReadAction","target":["https:\/\/www.safinel.fr\/produit\/huile-dorigan\/"]}]},{"@type":"ImageObject","inLanguage":"de","@id":"https:\/\/www.safinel.fr\/produit\/huile-dorigan\/#primaryimage","url":"https:\/\/www.safinel.fr\/wp-content\/uploads\/2023\/08\/Huile-dorigan.jpg","contentUrl":"https:\/\/www.safinel.fr\/wp-content\/uploads\/2023\/08\/Huile-dorigan.jpg","width":600,"height":600,"caption":"Huile d'origan"},{"@type":"BreadcrumbList","@id":"https:\/\/www.safinel.fr\/produit\/huile-dorigan\/#breadcrumb","itemListElement":[{"@type":"ListItem","position":1,"name":"Accueil","item":"https:\/\/www.safinel.fr\/"},{"@type":"ListItem","position":2,"name":"Boutique","item":"https:\/\/www.safinel.fr\/boutique\/"},{"@type":"ListItem","position":3,"name":"Huile d&#8217;origan 30ml"}]},{"@type":"WebSite","@id":"https:\/\/www.safinel.fr\/#website","url":"https:\/\/www.safinel.fr\/","name":"Safinel","description":"","publisher":{"@id":"https:\/\/www.safinel.fr\/#organization"},"potentialAction":[{"@type":"SearchAction","target":{"@type":"EntryPoint","urlTemplate":"https:\/\/www.safinel.fr\/?s={search_term_string}"},"query-input":{"@type":"PropertyValueSpecification","valueRequired":true,"valueName":"search_term_string"}}],"inLanguage":"de"},{"@type":"Organization","@id":"https:\/\/www.safinel.fr\/#organization","name":"Safinel","url":"https:\/\/www.safinel.fr\/","logo":{"@type":"ImageObject","inLanguage":"de","@id":"https:\/\/www.safinel.fr\/#\/schema\/logo\/image\/","url":"https:\/\/www.safinel.fr\/wp-content\/uploads\/2021\/05\/boutique-cosmetique.png","contentUrl":"https:\/\/www.safinel.fr\/wp-content\/uploads\/2021\/05\/boutique-cosmetique.png","width":800,"height":200,"caption":"Safinel"},"image":{"@id":"https:\/\/www.safinel.fr\/#\/schema\/logo\/image\/"}}]}},"_links":{"self":[{"href":"https:\/\/www.safinel.fr\/de\/wp-json\/wp\/v2\/product\/7613","targetHints":{"allow":["GET"]}}],"collection":[{"href":"https:\/\/www.safinel.fr\/de\/wp-json\/wp\/v2\/product"}],"about":[{"href":"https:\/\/www.safinel.fr\/de\/wp-json\/wp\/v2\/types\/product"}],"wp:featuredmedia":[{"embeddable":true,"href":"https:\/\/www.safinel.fr\/de\/wp-json\/wp\/v2\/media\/7614"}],"wp:attachment":[{"href":"https:\/\/www.safinel.fr\/de\/wp-json\/wp\/v2\/media?parent=7613"}],"wp:term":[{"taxonomy":"product_brand","embeddable":true,"href":"https:\/\/www.safinel.fr\/de\/wp-json\/wp\/v2\/product_brand?post=7613"},{"taxonomy":"product_cat","embeddable":true,"href":"https:\/\/www.safinel.fr\/de\/wp-json\/wp\/v2\/product_cat?post=7613"},{"taxonomy":"product_tag","embeddable":true,"href":"https:\/\/www.safinel.fr\/de\/wp-json\/wp\/v2\/product_tag?post=7613"}],"curies":[{"name":"wp","href":"https:\/\/api.w.org\/{rel}","templated":true}]}}