{"id":7493,"date":"2023-07-31T17:27:07","date_gmt":"2023-07-31T17:27:07","guid":{"rendered":"https:\/\/www.safinel.fr\/?post_type=product&#038;p=7493"},"modified":"2023-12-28T17:16:10","modified_gmt":"2023-12-28T17:16:10","slug":"salatol","status":"publish","type":"product","link":"https:\/\/www.safinel.fr\/de\/product-2\/salatol\/","title":{"rendered":"Salat\u00f6l 30ml"},"content":{"rendered":"<p>L\u2019<strong>Salat\u00f6l<\/strong>\u00a0ist ein Naturprodukt, das aus den Samen der Pflanze Lactuca sativa gewonnen wird. Das \u00d6l ist reich an Vitaminen, Mineralien und essentiellen Fetts\u00e4uren und stellt eine interessante Alternative zu herk\u00f6mmlichen Kosmetikprodukten dar. Hier stellen wir Ihnen die\u00a0<strong>wichtigste Vorteile von Salat\u00f6l f\u00fcr die Haut<\/strong>, sowie einige Tipps zur Verwendung.<\/p>\n<h2><strong>Die n\u00e4hrenden und feuchtigkeitsspendenden Eigenschaften von Salat\u00f6l<\/strong><\/h2>\n<p>Wenn die\u2019<strong>Salat\u00f6l<\/strong>\u00a0sich im Bereich der Hautpflege durchgesetzt hat, ist dies vor allem seinem Reichtum an hautfreundlichen N\u00e4hrstoffen zu verdanken. Zu diesen geh\u00f6ren u. a. :<\/p>\n<ul>\n<li>Die\u00a0<strong>Vitamin A, C und E<\/strong>, Sie tragen zur Zellregeneration bei und sch\u00fctzen die Haut vor sch\u00e4dlichen Umwelteinfl\u00fcssen (UV-Strahlen, Umweltverschmutzung usw.).<\/li>\n<li>Die\u00a0<strong>Mineralien<\/strong>, Die Haut ist in der Lage, sich zu entspannen und sich zu entspannen, w\u00e4hrend sie sich in der Lage befindet, sich zu entspannen und sich zu entspannen. Diese beiden Proteine sind wichtig, um die Geschmeidigkeit und Elastizit\u00e4t der Haut zu erhalten.<\/li>\n<li>Die\u00a0<strong>essentielle Omega-3- und Omega-6-Fetts\u00e4uren<\/strong>, Sie helfen, den Feuchtigkeitsgehalt der Haut zu bewahren und die Hautbarriere zu st\u00e4rken. Auf diese Weise begrenzen sie den Wasserverlust und verhindern, dass die Haut austrocknet.<\/li>\n<\/ul>\n<p>Dank dieser zahlreichen N\u00e4hrstoffe kann sie also die Haut tiefgreifend n\u00e4hren und mit Feuchtigkeit versorgen, w\u00e4hrend sie ihr nat\u00fcrliches Gleichgewicht bewahrt.<\/p>\n<h2><strong>Die lindernde Wirkung auf Entz\u00fcndungsreaktionen und Hautreizungen<\/strong><\/h2>\n<p>Sie hat auch entz\u00fcndungshemmende und beruhigende Eigenschaften, die besonders bei empfindlicher oder reaktiver Haut hilfreich sein k\u00f6nnen, um sie zu lindern. In der Tat hilft sie bei :<\/p>\n<ul>\n<li>Reduzieren Sie die\u00a0<strong>R\u00f6tungen<\/strong>\u00a0und die\u00a0<strong>Entz\u00fcndungen<\/strong>\u00a0die durch bestimmte Hauterkrankungen wie Ekzeme, Psoriasis oder Rosacea verursacht werden.<\/li>\n<li>Bes\u00e4nftigen Sie die\u00a0<strong>Irritationen<\/strong>\u00a0und Juckreiz, insbesondere bei Insektenstichen, leichten Verbrennungen oder Windelausschlag bei S\u00e4uglingen.<\/li>\n<li>F\u00f6rderung der Wundheilung von\u00a0<strong>Hautverletzungen<\/strong>\u00a0(Schnitte, Kratzer usw.), indem die Produktion neuer Hautzellen angeregt wird.<\/li>\n<\/ul>\n<p>So ist die\u2019<strong>Salat\u00f6l<\/strong>\u00a0kann ein wertvoller Verb\u00fcndeter sein, um Hautbeschwerden zu lindern und die Reparatur der Haut zu f\u00f6rdern.<\/p>\n<h2><strong>Mit Salat\u00f6l der Hautalterung vorbeugen<\/strong><\/h2>\n<p>Neben ihren n\u00e4hrenden und beruhigenden Eigenschaften ist die\u2019<strong>Salat\u00f6l<\/strong>\u00a0ist auch f\u00fcr seine Anti-Aging-Wirkung bekannt.<\/p>\n<p><strong>Dank ihres Gehalts an Antioxidantien erm\u00f6glicht sie insbesondere :<\/strong><\/p>\n<ol>\n<li>Bek\u00e4mpfung von\u00a0<strong>freie Radikale<\/strong>, Diese sind f\u00fcr die vorzeitige Alterung der Hautzellen verantwortlich.<\/li>\n<li>Stimulieren Sie die Produktion von\u00a0<strong>Kollagen und Elastin<\/strong>, F\u00fcr eine straffere und festere Haut.<\/li>\n<li>Mildern Sie das Erscheinungsbild von\u00a0<strong>von Falten und feinen Linien. Dies<\/strong>\u00a0indem sie die Elastizit\u00e4t und Dichte der Haut verbessert.<\/li>\n<li>Reduzieren Sie die\u00a0<strong>Pigmentflecken<\/strong>\u00a0und einen gleichm\u00e4\u00dfigen Teint, dank der aufhellenden Wirkung bestimmter Vitamine im Salat\u00f6l (insbesondere Vitamin C).<\/li>\n<\/ol>\n<p>Durch die Integration der\u2019<strong>Salat\u00f6l<\/strong>\u00a0in deinem <a href=\"https:\/\/www.safinel.fr\/de\/welliges-haar-routine\/\"><strong>Sch\u00f6nheitsroutine<\/strong><\/a>. So k\u00f6nnen Sie den Zeichen der Zeit auf Ihrer Haut vorbeugen und sie mildern.<\/p>\n<h2><strong>Einige Tipps zur Verwendung<\/strong><\/h2>\n<ul>\n<li><strong>Anwendung auf Gesicht und K\u00f6rper<\/strong><\/li>\n<\/ul>\n<p>Um von den Vorteilen der\u2019<strong>Salat\u00f6l<\/strong>, Sie k\u00f6nnen es direkt auf Ihre Haut auftragen. Massieren Sie es dabei leicht ein, damit es besser einziehen kann. Achten Sie darauf, natives \u00d6l zu verwenden, das durch Kaltpressung gewonnen wurde, um seine Eigenschaften bestm\u00f6glich zu erhalten.<\/p>\n<p>Z\u00f6gern Sie nicht, Salat\u00f6l mit anderen Pflanzen\u00f6len (S\u00fc\u00dfmandel, Jojoba usw.) oder \u00e4therischen \u00d6len zu mischen, die auf Ihren Hauttyp abgestimmt sind, um eine ma\u00dfgeschneiderte Pflege zu kreieren.<\/p>\n<ul>\n<li><strong>Integration in Ihre Kosmetikprodukte<\/strong><\/li>\n<\/ul>\n<p>Schlie\u00dflich sollten Sie wissen, dass Sie auch in die\u2019<strong>Salat\u00f6l<\/strong>\u00a0in der Zusammensetzung Ihrer selbstgemachten Sch\u00f6nheitsprodukte. Feuchtigkeitscremes, Lippenbalsam, Haarmasken usw.<\/p>\n<p>Dazu geben Sie einfach ein paar Tropfen Salat\u00f6l in Ihre Zubereitung, wobei Sie sich an die im gew\u00e4hlten Rezept angegebenen Mengenverh\u00e4ltnisse halten m\u00fcssen.<\/p>\n<p>Dank ihrer zahlreichen Vorteile ist sie also ein wahrer Schatz f\u00fcr Ihre Haut. Probieren Sie sie aus und \u00fcberzeugen Sie sich selbst von ihren Vorz\u00fcgen!<\/p>","protected":false},"excerpt":{"rendered":"<p>L\u2019<strong>Salat\u00f6l<\/strong>\u00a0ist ein nat\u00fcrliches Produkt, das aus den Samen der Pflanze Lactuca sativa gewonnen wird.<\/p>\n<p>Dieses \u00d6l ist reich an Vitaminen, Mineralien und essentiellen Fetts\u00e4uren und stellt eine interessante Alternative zu herk\u00f6mmlichen Kosmetikprodukten dar.<\/p>\n<p><img decoding=\"async\" class=\"size-full wp-image-5091 aligncenter\" src=\"https:\/\/www.safinel.fr\/wp-content\/uploads\/2021\/06\/BANNIERE-ICONE-SAFINEL.webp\" alt=\"Satines-R\u00fcckversicherung\" width=\"800\" height=\"200\" srcset=\"https:\/\/www.safinel.fr\/wp-content\/uploads\/2021\/06\/BANNIERE-ICONE-SAFINEL.webp 800w, https:\/\/www.safinel.fr\/wp-content\/uploads\/2021\/06\/BANNIERE-ICONE-SAFINEL-600x150.webp 600w, https:\/\/www.safinel.fr\/wp-content\/uploads\/2021\/06\/BANNIERE-ICONE-SAFINEL-768x192.webp 768w\" sizes=\"(max-width: 800px) 100vw, 800px\" \/><\/p>","protected":false},"featured_media":7494,"template":"","meta":[],"product_brand":[],"product_cat":[122],"product_tag":[],"class_list":{"0":"post-7493","1":"product","2":"type-product","3":"status-publish","4":"has-post-thumbnail","6":"product_cat-huile-vegetale","8":"first","9":"instock","10":"shipping-taxable","11":"purchasable","12":"product-type-simple"},"yoast_head":"<!-- This site is optimized with the Yoast SEO plugin v26.6 - https:\/\/yoast.com\/wordpress\/plugins\/seo\/ -->\n<title>Huile de laitue | Huile naturelle | Bienfaits nombreux<\/title>\n<meta name=\"description\" content=\"L&#039;huile de laitue\u00a0est un produit naturel obtenu \u00e0 partir des graines de la plante Lactuca sativa. Riche en vitamines, min\u00e9raux et acides gras essentiels.\" \/>\n<meta name=\"robots\" content=\"index, follow, max-snippet:-1, max-image-preview:large, max-video-preview:-1\" \/>\n<link rel=\"canonical\" href=\"https:\/\/www.safinel.fr\/de\/product-2\/salatol\/\" \/>\n<meta property=\"og:locale\" content=\"de_DE\" \/>\n<meta property=\"og:type\" content=\"article\" \/>\n<meta property=\"og:title\" content=\"Huile de laitue | Huile naturelle | Bienfaits nombreux\" \/>\n<meta property=\"og:description\" content=\"L&#039;huile de laitue\u00a0est un produit naturel obtenu \u00e0 partir des graines de la plante Lactuca sativa. Riche en vitamines, min\u00e9raux et acides gras essentiels.\" \/>\n<meta property=\"og:url\" content=\"https:\/\/www.safinel.fr\/de\/product-2\/salatol\/\" \/>\n<meta property=\"og:site_name\" content=\"Safinel\" \/>\n<meta property=\"article:modified_time\" content=\"2023-12-28T17:16:10+00:00\" \/>\n<meta property=\"og:image\" content=\"https:\/\/www.safinel.fr\/wp-content\/uploads\/2023\/07\/huile-de-laitue.jpg\" \/>\n\t<meta property=\"og:image:width\" content=\"600\" \/>\n\t<meta property=\"og:image:height\" content=\"600\" \/>\n\t<meta property=\"og:image:type\" content=\"image\/jpeg\" \/>\n<meta name=\"twitter:card\" content=\"summary_large_image\" \/>\n<meta name=\"twitter:label1\" content=\"Gesch\u00e4tzte Lesezeit\" \/>\n\t<meta name=\"twitter:data1\" content=\"4\u00a0Minuten\" \/>\n<script type=\"application\/ld+json\" class=\"yoast-schema-graph\">{\"@context\":\"https:\/\/schema.org\",\"@graph\":[{\"@type\":\"WebPage\",\"@id\":\"https:\/\/www.safinel.fr\/produit\/huile-de-laitue\/\",\"url\":\"https:\/\/www.safinel.fr\/produit\/huile-de-laitue\/\",\"name\":\"Huile de laitue | Huile naturelle | Bienfaits nombreux\",\"isPartOf\":{\"@id\":\"https:\/\/www.safinel.fr\/#website\"},\"primaryImageOfPage\":{\"@id\":\"https:\/\/www.safinel.fr\/produit\/huile-de-laitue\/#primaryimage\"},\"image\":{\"@id\":\"https:\/\/www.safinel.fr\/produit\/huile-de-laitue\/#primaryimage\"},\"thumbnailUrl\":\"https:\/\/www.safinel.fr\/wp-content\/uploads\/2023\/07\/huile-de-laitue.jpg\",\"datePublished\":\"2023-07-31T17:27:07+00:00\",\"dateModified\":\"2023-12-28T17:16:10+00:00\",\"description\":\"L'huile de laitue\u00a0est un produit naturel obtenu \u00e0 partir des graines de la plante Lactuca sativa. Riche en vitamines, min\u00e9raux et acides gras essentiels.\",\"breadcrumb\":{\"@id\":\"https:\/\/www.safinel.fr\/produit\/huile-de-laitue\/#breadcrumb\"},\"inLanguage\":\"de\",\"potentialAction\":[{\"@type\":\"ReadAction\",\"target\":[\"https:\/\/www.safinel.fr\/produit\/huile-de-laitue\/\"]}]},{\"@type\":\"ImageObject\",\"inLanguage\":\"de\",\"@id\":\"https:\/\/www.safinel.fr\/produit\/huile-de-laitue\/#primaryimage\",\"url\":\"https:\/\/www.safinel.fr\/wp-content\/uploads\/2023\/07\/huile-de-laitue.jpg\",\"contentUrl\":\"https:\/\/www.safinel.fr\/wp-content\/uploads\/2023\/07\/huile-de-laitue.jpg\",\"width\":600,\"height\":600,\"caption\":\"Huile de laitue 30ml\"},{\"@type\":\"BreadcrumbList\",\"@id\":\"https:\/\/www.safinel.fr\/produit\/huile-de-laitue\/#breadcrumb\",\"itemListElement\":[{\"@type\":\"ListItem\",\"position\":1,\"name\":\"Accueil\",\"item\":\"https:\/\/www.safinel.fr\/\"},{\"@type\":\"ListItem\",\"position\":2,\"name\":\"Boutique\",\"item\":\"https:\/\/www.safinel.fr\/boutique\/\"},{\"@type\":\"ListItem\",\"position\":3,\"name\":\"Huile de laitue 30ml\"}]},{\"@type\":\"WebSite\",\"@id\":\"https:\/\/www.safinel.fr\/#website\",\"url\":\"https:\/\/www.safinel.fr\/\",\"name\":\"Safinel\",\"description\":\"\",\"publisher\":{\"@id\":\"https:\/\/www.safinel.fr\/#organization\"},\"potentialAction\":[{\"@type\":\"SearchAction\",\"target\":{\"@type\":\"EntryPoint\",\"urlTemplate\":\"https:\/\/www.safinel.fr\/?s={search_term_string}\"},\"query-input\":{\"@type\":\"PropertyValueSpecification\",\"valueRequired\":true,\"valueName\":\"search_term_string\"}}],\"inLanguage\":\"de\"},{\"@type\":\"Organization\",\"@id\":\"https:\/\/www.safinel.fr\/#organization\",\"name\":\"Safinel\",\"url\":\"https:\/\/www.safinel.fr\/\",\"logo\":{\"@type\":\"ImageObject\",\"inLanguage\":\"de\",\"@id\":\"https:\/\/www.safinel.fr\/#\/schema\/logo\/image\/\",\"url\":\"https:\/\/www.safinel.fr\/wp-content\/uploads\/2021\/05\/boutique-cosmetique.png\",\"contentUrl\":\"https:\/\/www.safinel.fr\/wp-content\/uploads\/2021\/05\/boutique-cosmetique.png\",\"width\":800,\"height\":200,\"caption\":\"Safinel\"},\"image\":{\"@id\":\"https:\/\/www.safinel.fr\/#\/schema\/logo\/image\/\"}}]}<\/script>\n<!-- \/ Yoast SEO plugin. -->","yoast_head_json":{"title":"Kopfsalat\u00f6l | Nat\u00fcrliches \u00d6l | Zahlreiche Vorteile","description":"Salat\u00f6l ist ein nat\u00fcrliches Produkt, das aus den Samen der Pflanze Lactuca sativa gewonnen wird. Es ist reich an Vitaminen, Mineralien und essentiellen Fetts\u00e4uren.","robots":{"index":"index","follow":"follow","max-snippet":"max-snippet:-1","max-image-preview":"max-image-preview:large","max-video-preview":"max-video-preview:-1"},"canonical":"https:\/\/www.safinel.fr\/de\/product-2\/salatol\/","og_locale":"de_DE","og_type":"article","og_title":"Huile de laitue | Huile naturelle | Bienfaits nombreux","og_description":"L'huile de laitue\u00a0est un produit naturel obtenu \u00e0 partir des graines de la plante Lactuca sativa. Riche en vitamines, min\u00e9raux et acides gras essentiels.","og_url":"https:\/\/www.safinel.fr\/de\/product-2\/salatol\/","og_site_name":"Safinel","article_modified_time":"2023-12-28T17:16:10+00:00","og_image":[{"width":600,"height":600,"url":"https:\/\/www.safinel.fr\/wp-content\/uploads\/2023\/07\/huile-de-laitue.jpg","type":"image\/jpeg"}],"twitter_card":"summary_large_image","twitter_misc":{"Gesch\u00e4tzte Lesezeit":"4\u00a0Minuten"},"schema":{"@context":"https:\/\/schema.org","@graph":[{"@type":"WebPage","@id":"https:\/\/www.safinel.fr\/produit\/huile-de-laitue\/","url":"https:\/\/www.safinel.fr\/produit\/huile-de-laitue\/","name":"Kopfsalat\u00f6l | Nat\u00fcrliches \u00d6l | Zahlreiche Vorteile","isPartOf":{"@id":"https:\/\/www.safinel.fr\/#website"},"primaryImageOfPage":{"@id":"https:\/\/www.safinel.fr\/produit\/huile-de-laitue\/#primaryimage"},"image":{"@id":"https:\/\/www.safinel.fr\/produit\/huile-de-laitue\/#primaryimage"},"thumbnailUrl":"https:\/\/www.safinel.fr\/wp-content\/uploads\/2023\/07\/huile-de-laitue.jpg","datePublished":"2023-07-31T17:27:07+00:00","dateModified":"2023-12-28T17:16:10+00:00","description":"Salat\u00f6l ist ein nat\u00fcrliches Produkt, das aus den Samen der Pflanze Lactuca sativa gewonnen wird. Es ist reich an Vitaminen, Mineralien und essentiellen Fetts\u00e4uren.","breadcrumb":{"@id":"https:\/\/www.safinel.fr\/produit\/huile-de-laitue\/#breadcrumb"},"inLanguage":"de","potentialAction":[{"@type":"ReadAction","target":["https:\/\/www.safinel.fr\/produit\/huile-de-laitue\/"]}]},{"@type":"ImageObject","inLanguage":"de","@id":"https:\/\/www.safinel.fr\/produit\/huile-de-laitue\/#primaryimage","url":"https:\/\/www.safinel.fr\/wp-content\/uploads\/2023\/07\/huile-de-laitue.jpg","contentUrl":"https:\/\/www.safinel.fr\/wp-content\/uploads\/2023\/07\/huile-de-laitue.jpg","width":600,"height":600,"caption":"Huile de laitue 30ml"},{"@type":"BreadcrumbList","@id":"https:\/\/www.safinel.fr\/produit\/huile-de-laitue\/#breadcrumb","itemListElement":[{"@type":"ListItem","position":1,"name":"Accueil","item":"https:\/\/www.safinel.fr\/"},{"@type":"ListItem","position":2,"name":"Boutique","item":"https:\/\/www.safinel.fr\/boutique\/"},{"@type":"ListItem","position":3,"name":"Huile de laitue 30ml"}]},{"@type":"WebSite","@id":"https:\/\/www.safinel.fr\/#website","url":"https:\/\/www.safinel.fr\/","name":"Safinel","description":"","publisher":{"@id":"https:\/\/www.safinel.fr\/#organization"},"potentialAction":[{"@type":"SearchAction","target":{"@type":"EntryPoint","urlTemplate":"https:\/\/www.safinel.fr\/?s={search_term_string}"},"query-input":{"@type":"PropertyValueSpecification","valueRequired":true,"valueName":"search_term_string"}}],"inLanguage":"de"},{"@type":"Organization","@id":"https:\/\/www.safinel.fr\/#organization","name":"Safinel","url":"https:\/\/www.safinel.fr\/","logo":{"@type":"ImageObject","inLanguage":"de","@id":"https:\/\/www.safinel.fr\/#\/schema\/logo\/image\/","url":"https:\/\/www.safinel.fr\/wp-content\/uploads\/2021\/05\/boutique-cosmetique.png","contentUrl":"https:\/\/www.safinel.fr\/wp-content\/uploads\/2021\/05\/boutique-cosmetique.png","width":800,"height":200,"caption":"Safinel"},"image":{"@id":"https:\/\/www.safinel.fr\/#\/schema\/logo\/image\/"}}]}},"_links":{"self":[{"href":"https:\/\/www.safinel.fr\/de\/wp-json\/wp\/v2\/product\/7493","targetHints":{"allow":["GET"]}}],"collection":[{"href":"https:\/\/www.safinel.fr\/de\/wp-json\/wp\/v2\/product"}],"about":[{"href":"https:\/\/www.safinel.fr\/de\/wp-json\/wp\/v2\/types\/product"}],"wp:featuredmedia":[{"embeddable":true,"href":"https:\/\/www.safinel.fr\/de\/wp-json\/wp\/v2\/media\/7494"}],"wp:attachment":[{"href":"https:\/\/www.safinel.fr\/de\/wp-json\/wp\/v2\/media?parent=7493"}],"wp:term":[{"taxonomy":"product_brand","embeddable":true,"href":"https:\/\/www.safinel.fr\/de\/wp-json\/wp\/v2\/product_brand?post=7493"},{"taxonomy":"product_cat","embeddable":true,"href":"https:\/\/www.safinel.fr\/de\/wp-json\/wp\/v2\/product_cat?post=7493"},{"taxonomy":"product_tag","embeddable":true,"href":"https:\/\/www.safinel.fr\/de\/wp-json\/wp\/v2\/product_tag?post=7493"}],"curies":[{"name":"wp","href":"https:\/\/api.w.org\/{rel}","templated":true}]}}