{"id":7438,"date":"2023-07-29T19:39:59","date_gmt":"2023-07-29T19:39:59","guid":{"rendered":"https:\/\/www.safinel.fr\/?post_type=product&#038;p=7438"},"modified":"2025-11-02T22:58:45","modified_gmt":"2025-11-02T22:58:45","slug":"pueraria-mirifica","status":"publish","type":"product","link":"https:\/\/www.safinel.fr\/de\/product-2\/pueraria-mirifica\/","title":{"rendered":"Pueraria mirifica (Pulver &amp; Kapseln)"},"content":{"rendered":"<p>Die\u00a0<strong>Pueraria Mirifica<\/strong>\u00a0ist eine Pflanze, die in Thailand und Burma beheimatet ist und viele gesundheitliche Vorteile bietet. Hier stellen wir Ihnen diese faszinierende Pflanze und die verschiedenen M\u00f6glichkeiten, sie in Deutschland zu kaufen, vor allem bei safinel.de, vor. Au\u00dferdem teilen wir mit Ihnen Erfahrungsberichte von Nutzern, die vor und nach der Anwendung dieser Pflanze Ergebnisse gesehen haben.<\/p>\n<h2><strong>Pueraria Mirifica: Eine nat\u00fcrliche Quelle von Vorteilen f\u00fcr den K\u00f6rper<\/strong><\/h2>\n<p>Die\u00a0<strong>Pueraria Mirifica<\/strong>\u00a0ist eine Kletterpflanze, die in den Regenw\u00e4ldern S\u00fcdostasiens w\u00e4chst. Sie wird von der einheimischen Bev\u00f6lkerung oft als \u00abKwao Krua\u00bb bezeichnet. Die Pflanze zeichnet sich durch ihre knolligen Wurzeln aus, die eine gro\u00dfe Menge an\u00a0<strong>Flavonoide<\/strong>\u00a0und andere\u00a0<strong>aktive Verbindungen<\/strong>, Sie sind f\u00fcr ihre gesundheitsf\u00f6rdernden Eigenschaften bekannt.<\/p>\n<h3><strong>Die positiven Auswirkungen von Kwao Krua auf die Gesundheit<\/strong><\/h3>\n<ul>\n<li><strong>Verbesserung der Hautqualit\u00e4t :<\/strong>\u00a0Die in der Pueraria Mirifica enthaltenen Verbindungen wirken als starke Antioxidantien. Sie helfen dabei, der Hautalterung vorzubeugen und die Elastizit\u00e4t der Haut zu verbessern. Sie k\u00f6nnen auch dazu beitragen, das Erscheinungsbild von feinen Linien und Falten zu verringern.<\/li>\n<li><strong>Hilft bei der Aufrechterhaltung einer guten kardiovaskul\u00e4ren Gesundheit :<\/strong>\u00a0Die Flavonoide in der Kwao Krua k\u00f6nnen helfen, die Bildung von Blutgerinnseln zu verhindern. So wird Ihr Herz vor Herz-Kreislauf-Erkrankungen gesch\u00fctzt.<\/li>\n<li><strong>Unterst\u00fctzt die Knochengesundheit :<\/strong>\u00a0Die Pflanze kann dazu beitragen, die Knochendichte bei Menschen mit Osteoporose oder geringer Knochendichte zu erh\u00f6hen, indem sie das Wachstum und die Erneuerung der Knochenzellen anregt.<\/li>\n<li><strong>Positive Auswirkungen auf die Libido :<\/strong>\u00a0Pueraria Mirifica wird in S\u00fcdostasien traditionell als nat\u00fcrliches Aphrodisiakum verwendet, das hilft bei <a href=\"https:\/\/www.safinel.fr\/de\/aphrodisierende-lebensmittel\/\"><strong>die Libido anregen<\/strong><\/a> und zur Verbesserung der sexuellen Leistungsf\u00e4higkeit bei M\u00e4nnern und Frauen.<\/li>\n<\/ul>\n<h2><strong>Wo kann man Pueraria Mirifica in Deutschland kaufen?<\/strong><\/h2>\n<p>Um alle Vorteile der Pueraria Mirifica zu nutzen, k\u00f6nnen Sie diese Pflanze in verschiedenen Formen (Nahrungserg\u00e4nzungsmittel, Kapseln, Cremes usw.) in mehreren Fachgesch\u00e4ften oder im Internet erwerben. Eine der Websites, auf denen Sie in Deutschland Qualit\u00e4tsprodukte mit Pueraria Mirifica finden k\u00f6nnen, ist safinel.de.<\/p>\n<p>Auf dieser Website k\u00f6nnen Sie ein komplettes Sortiment an Produkten auf der Basis von Pueraria Mirifica finden, die aufgrund ihrer Qualit\u00e4t und Wirksamkeit ausgew\u00e4hlt wurden. Dar\u00fcber hinaus garantiert Ihnen safinel.de eine schnelle und sichere Lieferung \u00fcberall in Deutschland.<\/p>\n<h3><strong>Wie w\u00e4hle ich das richtige Produkt aus Pueraria Mirifica?<\/strong><\/h3>\n<p>Um von den Vorteilen der Pueraria Mirifica zu profitieren, ist es wichtig, ein Qualit\u00e4tsprodukt mit einer ausreichenden Konzentration an\u00a0<strong>aktive Verbindungen<\/strong>. Hier sind einige Tipps, die Ihnen helfen sollen, die richtige Wahl zu treffen :<\/p>\n<ol>\n<li><strong>\u00dcberpr\u00fcfen Sie den Gehalt an Miroestrol und Flavonoiden<\/strong> : Diese beiden Verbindungen sind hauptverantwortlich f\u00fcr die positiven Wirkungen der Pflanze. Ein qualitativ hochwertiges Produkt sollte eine signifikante Menge davon enthalten.<\/li>\n<li>Bevorzugen Sie Produkte, die aus den Wurzeln der Pueraria Mirifica hergestellt werden, die biologisch und ohne Pestizide angebaut werden. So vermeiden Sie das Risiko einer Kontamination mit sch\u00e4dlichen Substanzen.<\/li>\n<li>Entscheiden Sie sich f\u00fcr Nahrungserg\u00e4nzungsmittel oder Cremes mit dem Siegel \u00abMade in France\u00bb oder \u00abHergestellt in Europa\u00bb. Sie halten sich an strenge Qualit\u00e4tsstandards und bieten eine bessere R\u00fcckverfolgbarkeit.<\/li>\n<\/ol>\n<h2><strong>Anwenderberichte: Vor und nach der Verwendung von Produkten auf Kwao Krua-Basis<\/strong><\/h2>\n<ul>\n<li><strong>Sandra, 35: Sichtbar j\u00fcngere und strahlende Haut<\/strong><\/li>\n<\/ul>\n<p>\u00abIch habe vor etwa sechs Monaten begonnen, eine Creme auf der Basis von Pueraria Mirifica zu verwenden, und ich bin wirklich begeistert von den Ergebnissen, die ich erzielt habe. Meine Haut ist viel geschmeidiger, wird mit Feuchtigkeit versorgt und die Falten um meine Augen sind gemildert. Ich h\u00e4tte nie gedacht, dass eine Pflanze eine solche Wirkung haben kann!\u00bb.\u00bb<\/p>\n<ul>\n<li><strong>Thomas, 42: Verbesserte Libido und sexuelle Leistungsf\u00e4higkeit<\/strong><\/li>\n<\/ul>\n<p>\u00abIch hatte von der aphrodisischen Wirkung der Pueraria Mirifica geh\u00f6rt und beschloss, ein Nahrungserg\u00e4nzungsmittel mit dieser Pflanze auszuprobieren. Nach einigen Wochen der Einnahme muss ich sagen, dass ich von den Ergebnissen angenehm \u00fcberrascht bin. Meine Libido ist tats\u00e4chlich gestiegen und ich f\u00fchle mich im Bett leistungsf\u00e4higer\u00bb.\u00bb<\/p>\n<ul>\n<li><strong>Christine, 60: Eine wertvolle Hilfe im Kampf gegen Osteoporose<\/strong><\/li>\n<\/ul>\n<p>\u00abNach einer Knochendichtemessung wurde bei mir Osteoporose diagnostiziert. Mein Arzt riet mir, zus\u00e4tzlich zu meiner Behandlung Kwao Krua einzunehmen. Seitdem nehme ich Kapseln, die diese Pflanze enthalten. Ich habe eine deutliche Verbesserung meiner Knochendichte festgestellt und habe weniger Gelenkschmerzen.\u00bb<\/p>\n<p>Wie Sie sehen, ist die\u00a0<strong>Pueraria Mirifica<\/strong>\u00a0kann denjenigen, die sie regelm\u00e4\u00dfig anwenden, zahlreiche Vorteile bringen. Wenn Sie sich f\u00fcr diese Pflanze mit ihren zahlreichen positiven Eigenschaften interessieren, z\u00f6gern Sie nicht, auf safinel.de zu gehen, um ihre Produkte zu entdecken und Ihren Kauf in aller Ruhe zu t\u00e4tigen.<\/p>","protected":false},"excerpt":{"rendered":"<p>Die\u00a0<strong>Pueraria Mirifica<\/strong>\u00a0ist eine Kletterpflanze, die in den Regenw\u00e4ldern S\u00fcdostasiens w\u00e4chst. Sie wird von der einheimischen Bev\u00f6lkerung oft als \u00abKwao Krua\u00bb bezeichnet.<\/p>\n<p><img decoding=\"async\" class=\"size-full wp-image-5091 aligncenter\" src=\"https:\/\/www.safinel.fr\/wp-content\/uploads\/2021\/06\/BANNIERE-ICONE-SAFINEL.webp\" alt=\"Satines-R\u00fcckversicherung\" width=\"800\" height=\"200\" srcset=\"https:\/\/www.safinel.fr\/wp-content\/uploads\/2021\/06\/BANNIERE-ICONE-SAFINEL.webp 800w, https:\/\/www.safinel.fr\/wp-content\/uploads\/2021\/06\/BANNIERE-ICONE-SAFINEL-600x150.webp 600w, https:\/\/www.safinel.fr\/wp-content\/uploads\/2021\/06\/BANNIERE-ICONE-SAFINEL-768x192.webp 768w\" sizes=\"(max-width: 800px) 100vw, 800px\" \/><\/p>","protected":false},"featured_media":7440,"template":"","meta":[],"product_brand":[],"product_cat":[20,108],"product_tag":[],"class_list":{"0":"post-7438","1":"product","2":"type-product","3":"status-publish","4":"has-post-thumbnail","6":"product_cat-gelules","7":"product_cat-plantes-asiatiques","9":"first","10":"instock","11":"shipping-taxable","12":"purchasable","13":"product-type-variable"},"yoast_head":"<!-- This site is optimized with the Yoast SEO plugin v26.6 - https:\/\/yoast.com\/wordpress\/plugins\/seo\/ -->\n<title>Pueraria Mirifica | Poudres &amp; g\u00e9lules | Achat en france chez Safinel<\/title>\n<meta name=\"description\" content=\"La\u00a0Pueraria Mirifica\u00a0est une plante grimpante qui pousse dans les for\u00eats tropicales d&#039;Asie du Sud-Est. D\u00e9couvrez ses bienfaits !\" \/>\n<meta name=\"robots\" content=\"index, follow, max-snippet:-1, max-image-preview:large, max-video-preview:-1\" \/>\n<link rel=\"canonical\" href=\"https:\/\/www.safinel.fr\/de\/product-2\/pueraria-mirifica\/\" \/>\n<meta property=\"og:locale\" content=\"de_DE\" \/>\n<meta property=\"og:type\" content=\"article\" \/>\n<meta property=\"og:title\" content=\"Pueraria Mirifica | Poudres &amp; g\u00e9lules | Achat en france chez Safinel\" \/>\n<meta property=\"og:description\" content=\"La\u00a0Pueraria Mirifica\u00a0est une plante grimpante qui pousse dans les for\u00eats tropicales d&#039;Asie du Sud-Est. D\u00e9couvrez ses bienfaits !\" \/>\n<meta property=\"og:url\" content=\"https:\/\/www.safinel.fr\/de\/product-2\/pueraria-mirifica\/\" \/>\n<meta property=\"og:site_name\" content=\"Safinel\" \/>\n<meta property=\"article:modified_time\" content=\"2025-11-02T22:58:45+00:00\" \/>\n<meta property=\"og:image\" content=\"https:\/\/www.safinel.fr\/wp-content\/uploads\/2023\/07\/Pueraria-Mirifica-poudre.jpg\" \/>\n\t<meta property=\"og:image:width\" content=\"600\" \/>\n\t<meta property=\"og:image:height\" content=\"600\" \/>\n\t<meta property=\"og:image:type\" content=\"image\/jpeg\" \/>\n<meta name=\"twitter:card\" content=\"summary_large_image\" \/>\n<meta name=\"twitter:label1\" content=\"Gesch\u00e4tzte Lesezeit\" \/>\n\t<meta name=\"twitter:data1\" content=\"4\u00a0Minuten\" \/>\n<script type=\"application\/ld+json\" class=\"yoast-schema-graph\">{\"@context\":\"https:\/\/schema.org\",\"@graph\":[{\"@type\":\"WebPage\",\"@id\":\"https:\/\/www.safinel.fr\/produit\/pueraria-mirifica\/\",\"url\":\"https:\/\/www.safinel.fr\/produit\/pueraria-mirifica\/\",\"name\":\"Pueraria Mirifica | Poudres & g\u00e9lules | Achat en france chez Safinel\",\"isPartOf\":{\"@id\":\"https:\/\/www.safinel.fr\/#website\"},\"primaryImageOfPage\":{\"@id\":\"https:\/\/www.safinel.fr\/produit\/pueraria-mirifica\/#primaryimage\"},\"image\":{\"@id\":\"https:\/\/www.safinel.fr\/produit\/pueraria-mirifica\/#primaryimage\"},\"thumbnailUrl\":\"https:\/\/www.safinel.fr\/wp-content\/uploads\/2023\/07\/Pueraria-Mirifica-poudre.jpg\",\"datePublished\":\"2023-07-29T19:39:59+00:00\",\"dateModified\":\"2025-11-02T22:58:45+00:00\",\"description\":\"La\u00a0Pueraria Mirifica\u00a0est une plante grimpante qui pousse dans les for\u00eats tropicales d'Asie du Sud-Est. D\u00e9couvrez ses bienfaits !\",\"breadcrumb\":{\"@id\":\"https:\/\/www.safinel.fr\/produit\/pueraria-mirifica\/#breadcrumb\"},\"inLanguage\":\"de\",\"potentialAction\":[{\"@type\":\"ReadAction\",\"target\":[\"https:\/\/www.safinel.fr\/produit\/pueraria-mirifica\/\"]}]},{\"@type\":\"ImageObject\",\"inLanguage\":\"de\",\"@id\":\"https:\/\/www.safinel.fr\/produit\/pueraria-mirifica\/#primaryimage\",\"url\":\"https:\/\/www.safinel.fr\/wp-content\/uploads\/2023\/07\/Pueraria-Mirifica-poudre.jpg\",\"contentUrl\":\"https:\/\/www.safinel.fr\/wp-content\/uploads\/2023\/07\/Pueraria-Mirifica-poudre.jpg\",\"width\":600,\"height\":600,\"caption\":\"Pueraria Mirifica poudre\"},{\"@type\":\"BreadcrumbList\",\"@id\":\"https:\/\/www.safinel.fr\/produit\/pueraria-mirifica\/#breadcrumb\",\"itemListElement\":[{\"@type\":\"ListItem\",\"position\":1,\"name\":\"Accueil\",\"item\":\"https:\/\/www.safinel.fr\/\"},{\"@type\":\"ListItem\",\"position\":2,\"name\":\"Boutique\",\"item\":\"https:\/\/www.safinel.fr\/boutique\/\"},{\"@type\":\"ListItem\",\"position\":3,\"name\":\"Pueraria mirifica (poudres &#038; g\u00e9lules)\"}]},{\"@type\":\"WebSite\",\"@id\":\"https:\/\/www.safinel.fr\/#website\",\"url\":\"https:\/\/www.safinel.fr\/\",\"name\":\"Safinel\",\"description\":\"\",\"publisher\":{\"@id\":\"https:\/\/www.safinel.fr\/#organization\"},\"potentialAction\":[{\"@type\":\"SearchAction\",\"target\":{\"@type\":\"EntryPoint\",\"urlTemplate\":\"https:\/\/www.safinel.fr\/?s={search_term_string}\"},\"query-input\":{\"@type\":\"PropertyValueSpecification\",\"valueRequired\":true,\"valueName\":\"search_term_string\"}}],\"inLanguage\":\"de\"},{\"@type\":\"Organization\",\"@id\":\"https:\/\/www.safinel.fr\/#organization\",\"name\":\"Safinel\",\"url\":\"https:\/\/www.safinel.fr\/\",\"logo\":{\"@type\":\"ImageObject\",\"inLanguage\":\"de\",\"@id\":\"https:\/\/www.safinel.fr\/#\/schema\/logo\/image\/\",\"url\":\"https:\/\/www.safinel.fr\/wp-content\/uploads\/2021\/05\/boutique-cosmetique.png\",\"contentUrl\":\"https:\/\/www.safinel.fr\/wp-content\/uploads\/2021\/05\/boutique-cosmetique.png\",\"width\":800,\"height\":200,\"caption\":\"Safinel\"},\"image\":{\"@id\":\"https:\/\/www.safinel.fr\/#\/schema\/logo\/image\/\"}}]}<\/script>\n<!-- \/ Yoast SEO plugin. -->","yoast_head_json":{"title":"Pueraria Mirifica | Pulver &amp; Kapseln | Online kaufen bei Safinel","description":"Die Pueraria Mirifica ist eine Kletterpflanze, die in den Regenw\u00e4ldern S\u00fcdostasiens w\u00e4chst. Entdecken Sie ihre wohltuende Wirkung!","robots":{"index":"index","follow":"follow","max-snippet":"max-snippet:-1","max-image-preview":"max-image-preview:large","max-video-preview":"max-video-preview:-1"},"canonical":"https:\/\/www.safinel.fr\/de\/product-2\/pueraria-mirifica\/","og_locale":"de_DE","og_type":"article","og_title":"Pueraria Mirifica | Poudres & g\u00e9lules | Achat en france chez Safinel","og_description":"La\u00a0Pueraria Mirifica\u00a0est une plante grimpante qui pousse dans les for\u00eats tropicales d'Asie du Sud-Est. D\u00e9couvrez ses bienfaits !","og_url":"https:\/\/www.safinel.fr\/de\/product-2\/pueraria-mirifica\/","og_site_name":"Safinel","article_modified_time":"2025-11-02T22:58:45+00:00","og_image":[{"width":600,"height":600,"url":"https:\/\/www.safinel.fr\/wp-content\/uploads\/2023\/07\/Pueraria-Mirifica-poudre.jpg","type":"image\/jpeg"}],"twitter_card":"summary_large_image","twitter_misc":{"Gesch\u00e4tzte Lesezeit":"4\u00a0Minuten"},"schema":{"@context":"https:\/\/schema.org","@graph":[{"@type":"WebPage","@id":"https:\/\/www.safinel.fr\/produit\/pueraria-mirifica\/","url":"https:\/\/www.safinel.fr\/produit\/pueraria-mirifica\/","name":"Pueraria Mirifica | Pulver &amp; Kapseln | Online kaufen bei Safinel","isPartOf":{"@id":"https:\/\/www.safinel.fr\/#website"},"primaryImageOfPage":{"@id":"https:\/\/www.safinel.fr\/produit\/pueraria-mirifica\/#primaryimage"},"image":{"@id":"https:\/\/www.safinel.fr\/produit\/pueraria-mirifica\/#primaryimage"},"thumbnailUrl":"https:\/\/www.safinel.fr\/wp-content\/uploads\/2023\/07\/Pueraria-Mirifica-poudre.jpg","datePublished":"2023-07-29T19:39:59+00:00","dateModified":"2025-11-02T22:58:45+00:00","description":"Die Pueraria Mirifica ist eine Kletterpflanze, die in den Regenw\u00e4ldern S\u00fcdostasiens w\u00e4chst. Entdecken Sie ihre wohltuende Wirkung!","breadcrumb":{"@id":"https:\/\/www.safinel.fr\/produit\/pueraria-mirifica\/#breadcrumb"},"inLanguage":"de","potentialAction":[{"@type":"ReadAction","target":["https:\/\/www.safinel.fr\/produit\/pueraria-mirifica\/"]}]},{"@type":"ImageObject","inLanguage":"de","@id":"https:\/\/www.safinel.fr\/produit\/pueraria-mirifica\/#primaryimage","url":"https:\/\/www.safinel.fr\/wp-content\/uploads\/2023\/07\/Pueraria-Mirifica-poudre.jpg","contentUrl":"https:\/\/www.safinel.fr\/wp-content\/uploads\/2023\/07\/Pueraria-Mirifica-poudre.jpg","width":600,"height":600,"caption":"Pueraria Mirifica poudre"},{"@type":"BreadcrumbList","@id":"https:\/\/www.safinel.fr\/produit\/pueraria-mirifica\/#breadcrumb","itemListElement":[{"@type":"ListItem","position":1,"name":"Accueil","item":"https:\/\/www.safinel.fr\/"},{"@type":"ListItem","position":2,"name":"Boutique","item":"https:\/\/www.safinel.fr\/boutique\/"},{"@type":"ListItem","position":3,"name":"Pueraria mirifica (poudres &#038; g\u00e9lules)"}]},{"@type":"WebSite","@id":"https:\/\/www.safinel.fr\/#website","url":"https:\/\/www.safinel.fr\/","name":"Safinel","description":"","publisher":{"@id":"https:\/\/www.safinel.fr\/#organization"},"potentialAction":[{"@type":"SearchAction","target":{"@type":"EntryPoint","urlTemplate":"https:\/\/www.safinel.fr\/?s={search_term_string}"},"query-input":{"@type":"PropertyValueSpecification","valueRequired":true,"valueName":"search_term_string"}}],"inLanguage":"de"},{"@type":"Organization","@id":"https:\/\/www.safinel.fr\/#organization","name":"Safinel","url":"https:\/\/www.safinel.fr\/","logo":{"@type":"ImageObject","inLanguage":"de","@id":"https:\/\/www.safinel.fr\/#\/schema\/logo\/image\/","url":"https:\/\/www.safinel.fr\/wp-content\/uploads\/2021\/05\/boutique-cosmetique.png","contentUrl":"https:\/\/www.safinel.fr\/wp-content\/uploads\/2021\/05\/boutique-cosmetique.png","width":800,"height":200,"caption":"Safinel"},"image":{"@id":"https:\/\/www.safinel.fr\/#\/schema\/logo\/image\/"}}]}},"_links":{"self":[{"href":"https:\/\/www.safinel.fr\/de\/wp-json\/wp\/v2\/product\/7438","targetHints":{"allow":["GET"]}}],"collection":[{"href":"https:\/\/www.safinel.fr\/de\/wp-json\/wp\/v2\/product"}],"about":[{"href":"https:\/\/www.safinel.fr\/de\/wp-json\/wp\/v2\/types\/product"}],"wp:featuredmedia":[{"embeddable":true,"href":"https:\/\/www.safinel.fr\/de\/wp-json\/wp\/v2\/media\/7440"}],"wp:attachment":[{"href":"https:\/\/www.safinel.fr\/de\/wp-json\/wp\/v2\/media?parent=7438"}],"wp:term":[{"taxonomy":"product_brand","embeddable":true,"href":"https:\/\/www.safinel.fr\/de\/wp-json\/wp\/v2\/product_brand?post=7438"},{"taxonomy":"product_cat","embeddable":true,"href":"https:\/\/www.safinel.fr\/de\/wp-json\/wp\/v2\/product_cat?post=7438"},{"taxonomy":"product_tag","embeddable":true,"href":"https:\/\/www.safinel.fr\/de\/wp-json\/wp\/v2\/product_tag?post=7438"}],"curies":[{"name":"wp","href":"https:\/\/api.w.org\/{rel}","templated":true}]}}