{"id":7417,"date":"2023-07-28T18:40:01","date_gmt":"2023-07-28T18:40:01","guid":{"rendered":"https:\/\/www.safinel.fr\/?post_type=product&#038;p=7417"},"modified":"2023-12-28T17:16:10","modified_gmt":"2023-12-28T17:16:10","slug":"palmkernol","status":"publish","type":"product","link":"https:\/\/www.safinel.fr\/de\/product-2\/palmkernol\/","title":{"rendered":"Palmkern\u00f6l"},"content":{"rendered":"<p>In der Welt der Pflanzen\u00f6le nimmt das Palmkern\u00f6l einen wichtigen Platz ein. Es wird aus der Frucht der \u00d6lpalme gewonnen, deren Samen auch zur Herstellung anderer \u00d6lsorten verwendet werden, z. B. Dende\u00f6l, Kern\u00f6l, Koprapalmkern\u00f6l, schwarzes Palmkern\u00f6l und Tchotcho\u00f6l vertus. Diese \u00d6le haben viele Vorteile f\u00fcr Gesundheit, Sch\u00f6nheit und Ern\u00e4hrung. In diesem Artikel werden wir die einzigartigen Eigenschaften dieser \u00d6le sowie ihre vielf\u00e4ltigen Verwendungsm\u00f6glichkeiten erkunden.<\/p>\n<h2><strong>Palmkern\u00f6l: ein ern\u00e4hrungsphysiologischer Schatz<\/strong><\/h2>\n<p>Wird aus den Samen der Frucht der \u00d6lpalme gewonnen. L<strong>\u2018Palmkern\u00f6l ist reich an ges\u00e4ttigten Fetts\u00e4uren.<\/strong>, Der Gehalt an Laurins\u00e4ure und Myristins\u00e4ure ist besonders hoch.<\/p>\n<p>Diese beiden Fetts\u00e4uren spielen eine wichtige Rolle bei der Struktur und Funktion der Zellmembranen sowie bei der Synthese von Hormonen.<\/p>\n<p>Dar\u00fcber hinaus enth\u00e4lt Palmkern\u00f6l die Vitamine A und E, die starke Antioxidantien sind. Sie sch\u00fctzen die Zellen vor Sch\u00e4den durch freie Radikale und helfen, vorzeitiger Alterung vorzubeugen.<\/p>\n<h3><strong>Kulinarische Verwendung von Palmkern\u00f6l<\/strong><\/h3>\n<p>Aufgrund seines hohen Anteils an ges\u00e4ttigten Fetten hat Palmkern\u00f6l einen hohen Rauchpunkt, wodurch es sich ideal zum Kochen bei hohen Temperaturen eignet. Es wird h\u00e4ufig verwendet in <a href=\"https:\/\/www.safinel.fr\/de\/afrikanisches-gericht\/\"><strong>afrikanische Gerichte<\/strong><\/a> und asiatischen L\u00e4ndern wegen seines leichten Geschmacks und seines feinen Aromas. Beispielsweise kann es zum Frittieren von Donuts, Fisch oder Gem\u00fcse sowie zur Zubereitung von Eint\u00f6pfen und Suppen verwendet werden.<\/p>\n<h2><strong>Andere Palm\u00f6le: Vielfalt mit vielen positiven Eigenschaften<\/strong><\/h2>\n<p>Neben Palmkern\u00f6l werden auch andere \u00d6le, die aus der Frucht der \u00d6lpalme gewonnen werden, wegen ihrer unverwechselbaren Eigenschaften verwendet:<\/p>\n<ol>\n<li><strong>Dend\u00e9\u00f6l :<\/strong>\u00a0das aus dem Fruchtfleisch der Palmenfrucht gewonnen wird, ist dieses r\u00f6tliche \u00d6l reich an Beta-Carotin, einer Vorstufe von Vitamin A. Es wird h\u00e4ufig in der afrikanischen und brasilianischen K\u00fcche verwendet, um den Gerichten eine charakteristische Farbe und einen charakteristischen Geschmack zu verleihen.<\/li>\n<li><strong>Kern\u00f6l :<\/strong>\u00a0auch Palmkern\u00f6l genannt. Dieses \u00d6l wird aus dem Kern des Samens der Palmfrucht gewonnen. Es hat \u00e4hnliche Eigenschaften wie das \u00d6l des hier vorliegenden \u00d6ls, jedoch einen h\u00f6heren Laurins\u00e4uregehalt.<\/li>\n<li><strong>Koprapalme :<\/strong>\u00a0es handelt sich um den festen R\u00fcckstand, den man nach der Extraktion dieses nat\u00fcrlichen \u00d6ls erh\u00e4lt. Es ist reich an Proteinen und Ballaststoffen und wird h\u00e4ufig als Nahrungserg\u00e4nzungsmittel f\u00fcr Tiere verwendet.<\/li>\n<li><strong>Schwarzes Palmkern\u00f6l :<\/strong>\u00a0Dieses \u00d6l wird durch Kaltpressung aus den Samen der \u00d6lpalme gewonnen. Es hat eine dunkle Farbe und einen kr\u00e4ftigeren Geschmack als das herk\u00f6mmliche Palmkern\u00f6l. Es wird besonders wegen seiner medizinischen Eigenschaften gesch\u00e4tzt, insbesondere zur Behandlung von Hauterkrankungen und Atemwegsproblemen.<\/li>\n<li><strong>Tchotcho-\u00d6l Tugenden :<\/strong>\u00a0Dieses traditionelle \u00d6l stammt aus Benin und wird hergestellt, indem die Samen der Frucht der \u00d6lpalme in hei\u00dfem Wasser gekocht werden, um das \u00d6l zu extrahieren. Es hat entz\u00fcndungshemmende, antimykotische und antibakterielle Eigenschaften, was es zu einem beliebten Heilmittel f\u00fcr verschiedene Hauterkrankungen macht.<\/li>\n<\/ol>\n<h3><strong>Kosmetische und dermatologische Vorteile<\/strong><\/h3>\n<p>Aufgrund ihrer n\u00e4hrenden und sch\u00fctzenden Eigenschaften,\u00a0<strong>Palmkern\u00f6l und seine Derivate werden h\u00e4ufig f\u00fcr die Haut- und Haarpflege verwendet.<\/strong>.<\/p>\n<p><strong>Hier sind einige der h\u00e4ufigsten kosmetischen Anwendungen dieser \u00d6le :<\/strong><\/p>\n<ul>\n<li><strong>Feuchtigkeitsversorgung der Haut :<\/strong>\u00a0dank ihres Gehalts an Fetts\u00e4uren und Vitamin E. Diese \u00d6le helfen, die Feuchtigkeit in der Haut zu halten und beugen so Trockenheit und Schuppenbildung vor. Sie eignen sich besonders f\u00fcr trockene und empfindliche Haut.<\/li>\n<li><strong>Anti-Aging :<\/strong>\u00a0die in Palmkern\u00f6l und seinen Derivaten enthaltenen Antioxidantien helfen, die durch freie Radikale verursachten Zeichen der Hautalterung zu bek\u00e4mpfen. Wie etwa Falten, feine Linien und Pigmentflecken. Sie tragen auch dazu bei, die Elastizit\u00e4t der Haut zu verbessern und die Kollagenproduktion anzuregen.<\/li>\n<li><strong>Haarpflege :<\/strong>\u00a0diese \u00d6le k\u00f6nnen verwendet werden, um trockenes und gesch\u00e4digtes Haar zu n\u00e4hren und zu revitalisieren. Ihre feuchtigkeitsspendende Wirkung hilft, Spliss und Haarbruch vorzubeugen, w\u00e4hrend ihr Reichtum an Vitaminen und Mineralien die Haarfollikel st\u00e4rkt und ein gesundes Haarwachstum f\u00f6rdert.<\/li>\n<li><strong>Behandlung von Hautproblemen :<\/strong>\u00a0dank ihrer entz\u00fcndungshemmenden und antimikrobiellen Eigenschaften. Diese \u00d6le sind wirksam bei der Linderung von Hautreizungen, Juckreiz und Pilzinfektionen. Dar\u00fcber hinaus f\u00f6rdern sie die Heilung von Wunden und leichten Verbrennungen.<\/li>\n<\/ul>\n<p>Zusammenfassend l\u00e4sst sich sagen, dass Palmkern\u00f6l und seine Derivate eine Vielzahl von Vorteilen f\u00fcr die Gesundheit, die Ern\u00e4hrung und die Sch\u00f6nheitspflege bieten. Ihre einzigartigen Eigenschaften machen sie zu vielseitigen und wertvollen Zutaten in der K\u00fcche, bei der Haut- und Haarpflege sowie bei der Behandlung von Hauterkrankungen.<\/p>","protected":false},"excerpt":{"rendered":"<p>In der Welt der Pflanzen\u00f6le nimmt Palmkern\u00f6l einen wichtigen Platz ein. Entdecken Sie es jetzt!<\/p>\n<p><img decoding=\"async\" class=\"size-full wp-image-5091 aligncenter\" src=\"https:\/\/www.safinel.fr\/wp-content\/uploads\/2021\/06\/BANNIERE-ICONE-SAFINEL.webp\" alt=\"Satines-R\u00fcckversicherung\" width=\"800\" height=\"200\" srcset=\"https:\/\/www.safinel.fr\/wp-content\/uploads\/2021\/06\/BANNIERE-ICONE-SAFINEL.webp 800w, https:\/\/www.safinel.fr\/wp-content\/uploads\/2021\/06\/BANNIERE-ICONE-SAFINEL-600x150.webp 600w, https:\/\/www.safinel.fr\/wp-content\/uploads\/2021\/06\/BANNIERE-ICONE-SAFINEL-768x192.webp 768w\" sizes=\"(max-width: 800px) 100vw, 800px\" \/><\/p>","protected":false},"featured_media":7418,"template":"","meta":[],"product_brand":[],"product_cat":[146,122,154],"product_tag":[],"class_list":{"0":"post-7417","1":"product","2":"type-product","3":"status-publish","4":"has-post-thumbnail","6":"product_cat-produit-cheveux","7":"product_cat-huile-vegetale","8":"product_cat-produits-cheveux-boucles","10":"first","11":"instock","12":"shipping-taxable","13":"purchasable","14":"product-type-variable"},"yoast_head":"<!-- This site is optimized with the Yoast SEO plugin v26.6 - https:\/\/yoast.com\/wordpress\/plugins\/seo\/ -->\n<title>Huile de palmiste | Huile naturelle | Bienfaits nombreux<\/title>\n<meta name=\"description\" content=\"Dans le monde des huiles v\u00e9g\u00e9tales, l&#039;huile de palmiste occupe une place importante. Adoptez-l\u00e0 sans plus attendre avec Safinel.fr !\" \/>\n<meta name=\"robots\" content=\"index, follow, max-snippet:-1, max-image-preview:large, max-video-preview:-1\" \/>\n<link rel=\"canonical\" href=\"https:\/\/www.safinel.fr\/de\/product-2\/palmkernol\/\" \/>\n<meta property=\"og:locale\" content=\"de_DE\" \/>\n<meta property=\"og:type\" content=\"article\" \/>\n<meta property=\"og:title\" content=\"Huile de palmiste | Huile naturelle | Bienfaits nombreux\" \/>\n<meta property=\"og:description\" content=\"Dans le monde des huiles v\u00e9g\u00e9tales, l&#039;huile de palmiste occupe une place importante. Adoptez-l\u00e0 sans plus attendre avec Safinel.fr !\" \/>\n<meta property=\"og:url\" content=\"https:\/\/www.safinel.fr\/de\/product-2\/palmkernol\/\" \/>\n<meta property=\"og:site_name\" content=\"Safinel\" \/>\n<meta property=\"article:modified_time\" content=\"2023-12-28T17:16:10+00:00\" \/>\n<meta property=\"og:image\" content=\"https:\/\/www.safinel.fr\/wp-content\/uploads\/2023\/07\/huile-de-palmiste-60ml.jpg\" \/>\n\t<meta property=\"og:image:width\" content=\"600\" \/>\n\t<meta property=\"og:image:height\" content=\"600\" \/>\n\t<meta property=\"og:image:type\" content=\"image\/jpeg\" \/>\n<meta name=\"twitter:card\" content=\"summary_large_image\" \/>\n<meta name=\"twitter:label1\" content=\"Gesch\u00e4tzte Lesezeit\" \/>\n\t<meta name=\"twitter:data1\" content=\"4\u00a0Minuten\" \/>\n<script type=\"application\/ld+json\" class=\"yoast-schema-graph\">{\"@context\":\"https:\/\/schema.org\",\"@graph\":[{\"@type\":\"WebPage\",\"@id\":\"https:\/\/www.safinel.fr\/produit\/huile-de-palmiste\/\",\"url\":\"https:\/\/www.safinel.fr\/produit\/huile-de-palmiste\/\",\"name\":\"Huile de palmiste | Huile naturelle | Bienfaits nombreux\",\"isPartOf\":{\"@id\":\"https:\/\/www.safinel.fr\/#website\"},\"primaryImageOfPage\":{\"@id\":\"https:\/\/www.safinel.fr\/produit\/huile-de-palmiste\/#primaryimage\"},\"image\":{\"@id\":\"https:\/\/www.safinel.fr\/produit\/huile-de-palmiste\/#primaryimage\"},\"thumbnailUrl\":\"https:\/\/www.safinel.fr\/wp-content\/uploads\/2023\/07\/huile-de-palmiste-60ml.jpg\",\"datePublished\":\"2023-07-28T18:40:01+00:00\",\"dateModified\":\"2023-12-28T17:16:10+00:00\",\"description\":\"Dans le monde des huiles v\u00e9g\u00e9tales, l'huile de palmiste occupe une place importante. Adoptez-l\u00e0 sans plus attendre avec Safinel.fr !\",\"breadcrumb\":{\"@id\":\"https:\/\/www.safinel.fr\/produit\/huile-de-palmiste\/#breadcrumb\"},\"inLanguage\":\"de\",\"potentialAction\":[{\"@type\":\"ReadAction\",\"target\":[\"https:\/\/www.safinel.fr\/produit\/huile-de-palmiste\/\"]}]},{\"@type\":\"ImageObject\",\"inLanguage\":\"de\",\"@id\":\"https:\/\/www.safinel.fr\/produit\/huile-de-palmiste\/#primaryimage\",\"url\":\"https:\/\/www.safinel.fr\/wp-content\/uploads\/2023\/07\/huile-de-palmiste-60ml.jpg\",\"contentUrl\":\"https:\/\/www.safinel.fr\/wp-content\/uploads\/2023\/07\/huile-de-palmiste-60ml.jpg\",\"width\":600,\"height\":600,\"caption\":\"huile de palmiste 60ml\"},{\"@type\":\"BreadcrumbList\",\"@id\":\"https:\/\/www.safinel.fr\/produit\/huile-de-palmiste\/#breadcrumb\",\"itemListElement\":[{\"@type\":\"ListItem\",\"position\":1,\"name\":\"Accueil\",\"item\":\"https:\/\/www.safinel.fr\/\"},{\"@type\":\"ListItem\",\"position\":2,\"name\":\"Boutique\",\"item\":\"https:\/\/www.safinel.fr\/boutique\/\"},{\"@type\":\"ListItem\",\"position\":3,\"name\":\"Huile de palmiste\"}]},{\"@type\":\"WebSite\",\"@id\":\"https:\/\/www.safinel.fr\/#website\",\"url\":\"https:\/\/www.safinel.fr\/\",\"name\":\"Safinel\",\"description\":\"\",\"publisher\":{\"@id\":\"https:\/\/www.safinel.fr\/#organization\"},\"potentialAction\":[{\"@type\":\"SearchAction\",\"target\":{\"@type\":\"EntryPoint\",\"urlTemplate\":\"https:\/\/www.safinel.fr\/?s={search_term_string}\"},\"query-input\":{\"@type\":\"PropertyValueSpecification\",\"valueRequired\":true,\"valueName\":\"search_term_string\"}}],\"inLanguage\":\"de\"},{\"@type\":\"Organization\",\"@id\":\"https:\/\/www.safinel.fr\/#organization\",\"name\":\"Safinel\",\"url\":\"https:\/\/www.safinel.fr\/\",\"logo\":{\"@type\":\"ImageObject\",\"inLanguage\":\"de\",\"@id\":\"https:\/\/www.safinel.fr\/#\/schema\/logo\/image\/\",\"url\":\"https:\/\/www.safinel.fr\/wp-content\/uploads\/2021\/05\/boutique-cosmetique.png\",\"contentUrl\":\"https:\/\/www.safinel.fr\/wp-content\/uploads\/2021\/05\/boutique-cosmetique.png\",\"width\":800,\"height\":200,\"caption\":\"Safinel\"},\"image\":{\"@id\":\"https:\/\/www.safinel.fr\/#\/schema\/logo\/image\/\"}}]}<\/script>\n<!-- \/ Yoast SEO plugin. -->","yoast_head_json":{"title":"Palmkern\u00f6l | Nat\u00fcrliches \u00d6l | Zahlreiche Vorteile","description":"In der Welt der Pflanzen\u00f6le nimmt Palmkern\u00f6l einen wichtigen Platz ein. Mit Safinel.de k\u00f6nnen Sie es sich zu eigen machen!","robots":{"index":"index","follow":"follow","max-snippet":"max-snippet:-1","max-image-preview":"max-image-preview:large","max-video-preview":"max-video-preview:-1"},"canonical":"https:\/\/www.safinel.fr\/de\/product-2\/palmkernol\/","og_locale":"de_DE","og_type":"article","og_title":"Huile de palmiste | Huile naturelle | Bienfaits nombreux","og_description":"Dans le monde des huiles v\u00e9g\u00e9tales, l'huile de palmiste occupe une place importante. Adoptez-l\u00e0 sans plus attendre avec Safinel.fr !","og_url":"https:\/\/www.safinel.fr\/de\/product-2\/palmkernol\/","og_site_name":"Safinel","article_modified_time":"2023-12-28T17:16:10+00:00","og_image":[{"width":600,"height":600,"url":"https:\/\/www.safinel.fr\/wp-content\/uploads\/2023\/07\/huile-de-palmiste-60ml.jpg","type":"image\/jpeg"}],"twitter_card":"summary_large_image","twitter_misc":{"Gesch\u00e4tzte Lesezeit":"4\u00a0Minuten"},"schema":{"@context":"https:\/\/schema.org","@graph":[{"@type":"WebPage","@id":"https:\/\/www.safinel.fr\/produit\/huile-de-palmiste\/","url":"https:\/\/www.safinel.fr\/produit\/huile-de-palmiste\/","name":"Palmkern\u00f6l | Nat\u00fcrliches \u00d6l | Zahlreiche Vorteile","isPartOf":{"@id":"https:\/\/www.safinel.fr\/#website"},"primaryImageOfPage":{"@id":"https:\/\/www.safinel.fr\/produit\/huile-de-palmiste\/#primaryimage"},"image":{"@id":"https:\/\/www.safinel.fr\/produit\/huile-de-palmiste\/#primaryimage"},"thumbnailUrl":"https:\/\/www.safinel.fr\/wp-content\/uploads\/2023\/07\/huile-de-palmiste-60ml.jpg","datePublished":"2023-07-28T18:40:01+00:00","dateModified":"2023-12-28T17:16:10+00:00","description":"In der Welt der Pflanzen\u00f6le nimmt Palmkern\u00f6l einen wichtigen Platz ein. Mit Safinel.de k\u00f6nnen Sie es sich zu eigen machen!","breadcrumb":{"@id":"https:\/\/www.safinel.fr\/produit\/huile-de-palmiste\/#breadcrumb"},"inLanguage":"de","potentialAction":[{"@type":"ReadAction","target":["https:\/\/www.safinel.fr\/produit\/huile-de-palmiste\/"]}]},{"@type":"ImageObject","inLanguage":"de","@id":"https:\/\/www.safinel.fr\/produit\/huile-de-palmiste\/#primaryimage","url":"https:\/\/www.safinel.fr\/wp-content\/uploads\/2023\/07\/huile-de-palmiste-60ml.jpg","contentUrl":"https:\/\/www.safinel.fr\/wp-content\/uploads\/2023\/07\/huile-de-palmiste-60ml.jpg","width":600,"height":600,"caption":"huile de palmiste 60ml"},{"@type":"BreadcrumbList","@id":"https:\/\/www.safinel.fr\/produit\/huile-de-palmiste\/#breadcrumb","itemListElement":[{"@type":"ListItem","position":1,"name":"Accueil","item":"https:\/\/www.safinel.fr\/"},{"@type":"ListItem","position":2,"name":"Boutique","item":"https:\/\/www.safinel.fr\/boutique\/"},{"@type":"ListItem","position":3,"name":"Huile de palmiste"}]},{"@type":"WebSite","@id":"https:\/\/www.safinel.fr\/#website","url":"https:\/\/www.safinel.fr\/","name":"Safinel","description":"","publisher":{"@id":"https:\/\/www.safinel.fr\/#organization"},"potentialAction":[{"@type":"SearchAction","target":{"@type":"EntryPoint","urlTemplate":"https:\/\/www.safinel.fr\/?s={search_term_string}"},"query-input":{"@type":"PropertyValueSpecification","valueRequired":true,"valueName":"search_term_string"}}],"inLanguage":"de"},{"@type":"Organization","@id":"https:\/\/www.safinel.fr\/#organization","name":"Safinel","url":"https:\/\/www.safinel.fr\/","logo":{"@type":"ImageObject","inLanguage":"de","@id":"https:\/\/www.safinel.fr\/#\/schema\/logo\/image\/","url":"https:\/\/www.safinel.fr\/wp-content\/uploads\/2021\/05\/boutique-cosmetique.png","contentUrl":"https:\/\/www.safinel.fr\/wp-content\/uploads\/2021\/05\/boutique-cosmetique.png","width":800,"height":200,"caption":"Safinel"},"image":{"@id":"https:\/\/www.safinel.fr\/#\/schema\/logo\/image\/"}}]}},"_links":{"self":[{"href":"https:\/\/www.safinel.fr\/de\/wp-json\/wp\/v2\/product\/7417","targetHints":{"allow":["GET"]}}],"collection":[{"href":"https:\/\/www.safinel.fr\/de\/wp-json\/wp\/v2\/product"}],"about":[{"href":"https:\/\/www.safinel.fr\/de\/wp-json\/wp\/v2\/types\/product"}],"wp:featuredmedia":[{"embeddable":true,"href":"https:\/\/www.safinel.fr\/de\/wp-json\/wp\/v2\/media\/7418"}],"wp:attachment":[{"href":"https:\/\/www.safinel.fr\/de\/wp-json\/wp\/v2\/media?parent=7417"}],"wp:term":[{"taxonomy":"product_brand","embeddable":true,"href":"https:\/\/www.safinel.fr\/de\/wp-json\/wp\/v2\/product_brand?post=7417"},{"taxonomy":"product_cat","embeddable":true,"href":"https:\/\/www.safinel.fr\/de\/wp-json\/wp\/v2\/product_cat?post=7417"},{"taxonomy":"product_tag","embeddable":true,"href":"https:\/\/www.safinel.fr\/de\/wp-json\/wp\/v2\/product_tag?post=7417"}],"curies":[{"name":"wp","href":"https:\/\/api.w.org\/{rel}","templated":true}]}}