{"id":7260,"date":"2023-07-23T17:58:04","date_gmt":"2023-07-23T17:58:04","guid":{"rendered":"https:\/\/www.safinel.fr\/?post_type=product&#038;p=7260"},"modified":"2024-11-07T15:28:44","modified_gmt":"2024-11-07T15:28:44","slug":"wunderbare-schokolade","status":"publish","type":"product","link":"https:\/\/www.safinel.fr\/de\/product-2\/wunderbare-schokolade\/","title":{"rendered":"Wonderful chocolate (Packung mit 4 T\u00fcten)"},"content":{"rendered":"<p>Die\u00a0<strong>Schokolade<\/strong>\u00a0ist als Aphrodisiakum bekannt. Aber was ist\u00a0<strong>wunderbare Schokolade\u00a0<\/strong>Ihnen wirklich verspricht? Wir l\u00fcften den Schleier seiner Geheimnisse! Fall folgt.<\/p>\n<h2><strong>Wonderful Chocolate: ein wunderbares Aphrodisiakum\u00a0<\/strong><\/h2>\n<p>Die Ger\u00fcchte dar\u00fcber, dass der\u00a0<strong>Schokolade<\/strong>\u00a0w\u00e4re ein\u00a0<strong>Aphrodisiakum<\/strong>\u00a0gibt es schon sehr lange. Tats\u00e4chlich wird Schokolade oft mit Liebe, genauer gesagt mit Sexualit\u00e4t, in Verbindung gebracht! Und das aus einem recht einfachen Grund: Schokolade enth\u00e4lt ein Molek\u00fcl namens\u00a0<strong>Phenylethylamin.\u00a0<\/strong>Auch als Liebeshormon bezeichnet, wird es beim Geschlechtsverkehr ausgesch\u00fcttet.<\/p>\n<p>Um dies zu erreichen, hat der\u00a0<strong>wunderbare Schokolade\u00a0<\/strong>ist ein hervorragendes Mittel zur Stimulierung dieses Hormons. Tats\u00e4chlich wird dieser durch eine Auswahl verschiedener Kr\u00e4uter aus dem Regenwald verst\u00e4rkt. Wie der asiatische Ginseng und die <a href=\"https:\/\/www.safinel.fr\/de\/product-2\/tribulus\/\"><strong>Tribulus terrestris<\/strong><\/a>.<\/p>\n<p><strong>Wussten Sie schon?\u00a0<\/strong>Es ist nicht jede Schokolade, die eine aphrodisierende Wirkung besitzt. Es tut uns leid f\u00fcr Sie, wenn Sie Milchschokolade oder wei\u00dfe Schokolade m\u00f6gen. Die dunkle Schokolade ist die einzige, die von dieser Kraft profitiert!<\/p>\n<h2><strong>Wie verwende ich Wonderful Chocolate?<\/strong><\/h2>\n<p><strong>Sehr einfach zu verwenden,<\/strong>\u00a0gen\u00fcgt es, diese k\u00f6stliche Schokolade z. B. nach einer Mahlzeit zu genie\u00dfen. Es ist ratsam, nach dem Genuss einer Packung Schokolade ein Glas Wasser zu trinken.<\/p>\n<p>Nach der Einnahme des Beutels dauert es 25-40 Minuten, bis die Wirkung eintritt. Die Zeit variiert aufgrund des Blutkreislaufs. Au\u00dferdem sollten Sie wissen, dass die Wirkung bis zu 48 Stunden anhalten kann.<\/p>\n<p>Die Wonderful Chocolate besteht aus einem<strong> Los von 4 Beuteln<\/strong>. Ideal, um seinem Partner ein originelles Geschenk zu machen. So k\u00f6nnen Sie dieser Schachtel mit Schokolade nicht mehr widerstehen.<\/p>\n<h3><strong>Vorsichtsma\u00dfnahmen \u00a0<\/strong><\/h3>\n<p>Wenn Sie Gesundheits- oder Herzprobleme haben, kann dieses Produkt gef\u00e4hrlich sein.<\/p>\n<p>Au\u00dferdem sollte man einen halben Beutel verwenden, um zu pr\u00fcfen, ob man das Produkt vertr\u00e4gt.<\/p>","protected":false},"excerpt":{"rendered":"<ul>\n<li>ACHTUNG WENN SIE GESUNDHEITS- ODER HERZPROBLEME HABEN, KANN DIESES PRODUKT GEF\u00c4HRLICH SEIN<\/li>\n<li>ES IST BESSER, DIE H\u00c4LFTE EINES BEUTELS ZU VERWENDEN, UM ZU PR\u00dcFEN, OB SIE DAS PRODUKT VERTRAGEN<\/li>\n<\/ul>\n<p>&nbsp;<\/p>","protected":false},"featured_media":7270,"template":"","meta":[],"product_brand":[],"product_cat":[174],"product_tag":[],"class_list":{"0":"post-7260","1":"product","2":"type-product","3":"status-publish","4":"has-post-thumbnail","6":"product_cat-chocolat-aphrodisiaque","8":"first","9":"outofstock","10":"shipping-taxable","11":"purchasable","12":"product-type-simple"},"yoast_head":"<!-- This site is optimized with the Yoast SEO plugin v26.6 - https:\/\/yoast.com\/wordpress\/plugins\/seo\/ -->\n<title>Wonderful chocolate | Chocolat aphrodisiaque | Livraison rapide<\/title>\n<meta name=\"description\" content=\"Le\u00a0chocolat\u00a0est connu comme \u00e9tant un aphrodisiaque. Mais qu\u2019est-ce que le\u00a0wonderful chocolate\u00a0vous promet r\u00e9ellement ? R\u00e9ponse !\" \/>\n<meta name=\"robots\" content=\"index, follow, max-snippet:-1, max-image-preview:large, max-video-preview:-1\" \/>\n<link rel=\"canonical\" href=\"https:\/\/www.safinel.fr\/de\/product-2\/wunderbare-schokolade\/\" \/>\n<meta property=\"og:locale\" content=\"de_DE\" \/>\n<meta property=\"og:type\" content=\"article\" \/>\n<meta property=\"og:title\" content=\"Wonderful chocolate | Chocolat aphrodisiaque | Livraison rapide\" \/>\n<meta property=\"og:description\" content=\"Le\u00a0chocolat\u00a0est connu comme \u00e9tant un aphrodisiaque. Mais qu\u2019est-ce que le\u00a0wonderful chocolate\u00a0vous promet r\u00e9ellement ? R\u00e9ponse !\" \/>\n<meta property=\"og:url\" content=\"https:\/\/www.safinel.fr\/de\/product-2\/wunderbare-schokolade\/\" \/>\n<meta property=\"og:site_name\" content=\"Safinel\" \/>\n<meta property=\"article:modified_time\" content=\"2024-11-07T15:28:44+00:00\" \/>\n<meta property=\"og:image\" content=\"https:\/\/www.safinel.fr\/wp-content\/uploads\/2023\/07\/Merveilleux-chocolat-aphrodisiaque-naturel-15g-x-12-pi-ces.jpg_Q90.jpg_.jpg\" \/>\n\t<meta property=\"og:image:width\" content=\"600\" \/>\n\t<meta property=\"og:image:height\" content=\"600\" \/>\n\t<meta property=\"og:image:type\" content=\"image\/jpeg\" \/>\n<meta name=\"twitter:card\" content=\"summary_large_image\" \/>\n<meta name=\"twitter:label1\" content=\"Gesch\u00e4tzte Lesezeit\" \/>\n\t<meta name=\"twitter:data1\" content=\"2\u00a0Minuten\" \/>\n<script type=\"application\/ld+json\" class=\"yoast-schema-graph\">{\"@context\":\"https:\/\/schema.org\",\"@graph\":[{\"@type\":\"WebPage\",\"@id\":\"https:\/\/www.safinel.fr\/produit\/wonderful-chocolate\/\",\"url\":\"https:\/\/www.safinel.fr\/produit\/wonderful-chocolate\/\",\"name\":\"Wonderful chocolate | Chocolat aphrodisiaque | Livraison rapide\",\"isPartOf\":{\"@id\":\"https:\/\/www.safinel.fr\/#website\"},\"primaryImageOfPage\":{\"@id\":\"https:\/\/www.safinel.fr\/produit\/wonderful-chocolate\/#primaryimage\"},\"image\":{\"@id\":\"https:\/\/www.safinel.fr\/produit\/wonderful-chocolate\/#primaryimage\"},\"thumbnailUrl\":\"https:\/\/www.safinel.fr\/wp-content\/uploads\/2023\/07\/Merveilleux-chocolat-aphrodisiaque-naturel-15g-x-12-pi-ces.jpg_Q90.jpg_.jpg\",\"datePublished\":\"2023-07-23T17:58:04+00:00\",\"dateModified\":\"2024-11-07T15:28:44+00:00\",\"description\":\"Le\u00a0chocolat\u00a0est connu comme \u00e9tant un aphrodisiaque. Mais qu\u2019est-ce que le\u00a0wonderful chocolate\u00a0vous promet r\u00e9ellement ? R\u00e9ponse !\",\"breadcrumb\":{\"@id\":\"https:\/\/www.safinel.fr\/produit\/wonderful-chocolate\/#breadcrumb\"},\"inLanguage\":\"de\",\"potentialAction\":[{\"@type\":\"ReadAction\",\"target\":[\"https:\/\/www.safinel.fr\/produit\/wonderful-chocolate\/\"]}]},{\"@type\":\"ImageObject\",\"inLanguage\":\"de\",\"@id\":\"https:\/\/www.safinel.fr\/produit\/wonderful-chocolate\/#primaryimage\",\"url\":\"https:\/\/www.safinel.fr\/wp-content\/uploads\/2023\/07\/Merveilleux-chocolat-aphrodisiaque-naturel-15g-x-12-pi-ces.jpg_Q90.jpg_.jpg\",\"contentUrl\":\"https:\/\/www.safinel.fr\/wp-content\/uploads\/2023\/07\/Merveilleux-chocolat-aphrodisiaque-naturel-15g-x-12-pi-ces.jpg_Q90.jpg_.jpg\",\"width\":600,\"height\":600,\"caption\":\"Wonderful chocolate\"},{\"@type\":\"BreadcrumbList\",\"@id\":\"https:\/\/www.safinel.fr\/produit\/wonderful-chocolate\/#breadcrumb\",\"itemListElement\":[{\"@type\":\"ListItem\",\"position\":1,\"name\":\"Accueil\",\"item\":\"https:\/\/www.safinel.fr\/\"},{\"@type\":\"ListItem\",\"position\":2,\"name\":\"Boutique\",\"item\":\"https:\/\/www.safinel.fr\/boutique\/\"},{\"@type\":\"ListItem\",\"position\":3,\"name\":\"Wonderful chocolate (Lot de 4 sachets)\"}]},{\"@type\":\"WebSite\",\"@id\":\"https:\/\/www.safinel.fr\/#website\",\"url\":\"https:\/\/www.safinel.fr\/\",\"name\":\"Safinel\",\"description\":\"\",\"publisher\":{\"@id\":\"https:\/\/www.safinel.fr\/#organization\"},\"potentialAction\":[{\"@type\":\"SearchAction\",\"target\":{\"@type\":\"EntryPoint\",\"urlTemplate\":\"https:\/\/www.safinel.fr\/?s={search_term_string}\"},\"query-input\":{\"@type\":\"PropertyValueSpecification\",\"valueRequired\":true,\"valueName\":\"search_term_string\"}}],\"inLanguage\":\"de\"},{\"@type\":\"Organization\",\"@id\":\"https:\/\/www.safinel.fr\/#organization\",\"name\":\"Safinel\",\"url\":\"https:\/\/www.safinel.fr\/\",\"logo\":{\"@type\":\"ImageObject\",\"inLanguage\":\"de\",\"@id\":\"https:\/\/www.safinel.fr\/#\/schema\/logo\/image\/\",\"url\":\"https:\/\/www.safinel.fr\/wp-content\/uploads\/2021\/05\/boutique-cosmetique.png\",\"contentUrl\":\"https:\/\/www.safinel.fr\/wp-content\/uploads\/2021\/05\/boutique-cosmetique.png\",\"width\":800,\"height\":200,\"caption\":\"Safinel\"},\"image\":{\"@id\":\"https:\/\/www.safinel.fr\/#\/schema\/logo\/image\/\"}}]}<\/script>\n<!-- \/ Yoast SEO plugin. -->","yoast_head_json":{"title":"Wonderful chocolate | Aphrodisiakische Schokolade | Schnelle Lieferung","description":"Schokolade ist als Aphrodisiakum bekannt. Aber was verspricht Ihnen die Wonderful Chocolate wirklich? Antwort!","robots":{"index":"index","follow":"follow","max-snippet":"max-snippet:-1","max-image-preview":"max-image-preview:large","max-video-preview":"max-video-preview:-1"},"canonical":"https:\/\/www.safinel.fr\/de\/product-2\/wunderbare-schokolade\/","og_locale":"de_DE","og_type":"article","og_title":"Wonderful chocolate | Chocolat aphrodisiaque | Livraison rapide","og_description":"Le\u00a0chocolat\u00a0est connu comme \u00e9tant un aphrodisiaque. Mais qu\u2019est-ce que le\u00a0wonderful chocolate\u00a0vous promet r\u00e9ellement ? R\u00e9ponse !","og_url":"https:\/\/www.safinel.fr\/de\/product-2\/wunderbare-schokolade\/","og_site_name":"Safinel","article_modified_time":"2024-11-07T15:28:44+00:00","og_image":[{"width":600,"height":600,"url":"https:\/\/www.safinel.fr\/wp-content\/uploads\/2023\/07\/Merveilleux-chocolat-aphrodisiaque-naturel-15g-x-12-pi-ces.jpg_Q90.jpg_.jpg","type":"image\/jpeg"}],"twitter_card":"summary_large_image","twitter_misc":{"Gesch\u00e4tzte Lesezeit":"2\u00a0Minuten"},"schema":{"@context":"https:\/\/schema.org","@graph":[{"@type":"WebPage","@id":"https:\/\/www.safinel.fr\/produit\/wonderful-chocolate\/","url":"https:\/\/www.safinel.fr\/produit\/wonderful-chocolate\/","name":"Wonderful chocolate | Aphrodisiakische Schokolade | Schnelle Lieferung","isPartOf":{"@id":"https:\/\/www.safinel.fr\/#website"},"primaryImageOfPage":{"@id":"https:\/\/www.safinel.fr\/produit\/wonderful-chocolate\/#primaryimage"},"image":{"@id":"https:\/\/www.safinel.fr\/produit\/wonderful-chocolate\/#primaryimage"},"thumbnailUrl":"https:\/\/www.safinel.fr\/wp-content\/uploads\/2023\/07\/Merveilleux-chocolat-aphrodisiaque-naturel-15g-x-12-pi-ces.jpg_Q90.jpg_.jpg","datePublished":"2023-07-23T17:58:04+00:00","dateModified":"2024-11-07T15:28:44+00:00","description":"Schokolade ist als Aphrodisiakum bekannt. Aber was verspricht Ihnen die Wonderful Chocolate wirklich? Antwort!","breadcrumb":{"@id":"https:\/\/www.safinel.fr\/produit\/wonderful-chocolate\/#breadcrumb"},"inLanguage":"de","potentialAction":[{"@type":"ReadAction","target":["https:\/\/www.safinel.fr\/produit\/wonderful-chocolate\/"]}]},{"@type":"ImageObject","inLanguage":"de","@id":"https:\/\/www.safinel.fr\/produit\/wonderful-chocolate\/#primaryimage","url":"https:\/\/www.safinel.fr\/wp-content\/uploads\/2023\/07\/Merveilleux-chocolat-aphrodisiaque-naturel-15g-x-12-pi-ces.jpg_Q90.jpg_.jpg","contentUrl":"https:\/\/www.safinel.fr\/wp-content\/uploads\/2023\/07\/Merveilleux-chocolat-aphrodisiaque-naturel-15g-x-12-pi-ces.jpg_Q90.jpg_.jpg","width":600,"height":600,"caption":"Wonderful chocolate"},{"@type":"BreadcrumbList","@id":"https:\/\/www.safinel.fr\/produit\/wonderful-chocolate\/#breadcrumb","itemListElement":[{"@type":"ListItem","position":1,"name":"Accueil","item":"https:\/\/www.safinel.fr\/"},{"@type":"ListItem","position":2,"name":"Boutique","item":"https:\/\/www.safinel.fr\/boutique\/"},{"@type":"ListItem","position":3,"name":"Wonderful chocolate (Lot de 4 sachets)"}]},{"@type":"WebSite","@id":"https:\/\/www.safinel.fr\/#website","url":"https:\/\/www.safinel.fr\/","name":"Safinel","description":"","publisher":{"@id":"https:\/\/www.safinel.fr\/#organization"},"potentialAction":[{"@type":"SearchAction","target":{"@type":"EntryPoint","urlTemplate":"https:\/\/www.safinel.fr\/?s={search_term_string}"},"query-input":{"@type":"PropertyValueSpecification","valueRequired":true,"valueName":"search_term_string"}}],"inLanguage":"de"},{"@type":"Organization","@id":"https:\/\/www.safinel.fr\/#organization","name":"Safinel","url":"https:\/\/www.safinel.fr\/","logo":{"@type":"ImageObject","inLanguage":"de","@id":"https:\/\/www.safinel.fr\/#\/schema\/logo\/image\/","url":"https:\/\/www.safinel.fr\/wp-content\/uploads\/2021\/05\/boutique-cosmetique.png","contentUrl":"https:\/\/www.safinel.fr\/wp-content\/uploads\/2021\/05\/boutique-cosmetique.png","width":800,"height":200,"caption":"Safinel"},"image":{"@id":"https:\/\/www.safinel.fr\/#\/schema\/logo\/image\/"}}]}},"_links":{"self":[{"href":"https:\/\/www.safinel.fr\/de\/wp-json\/wp\/v2\/product\/7260","targetHints":{"allow":["GET"]}}],"collection":[{"href":"https:\/\/www.safinel.fr\/de\/wp-json\/wp\/v2\/product"}],"about":[{"href":"https:\/\/www.safinel.fr\/de\/wp-json\/wp\/v2\/types\/product"}],"wp:featuredmedia":[{"embeddable":true,"href":"https:\/\/www.safinel.fr\/de\/wp-json\/wp\/v2\/media\/7270"}],"wp:attachment":[{"href":"https:\/\/www.safinel.fr\/de\/wp-json\/wp\/v2\/media?parent=7260"}],"wp:term":[{"taxonomy":"product_brand","embeddable":true,"href":"https:\/\/www.safinel.fr\/de\/wp-json\/wp\/v2\/product_brand?post=7260"},{"taxonomy":"product_cat","embeddable":true,"href":"https:\/\/www.safinel.fr\/de\/wp-json\/wp\/v2\/product_cat?post=7260"},{"taxonomy":"product_tag","embeddable":true,"href":"https:\/\/www.safinel.fr\/de\/wp-json\/wp\/v2\/product_tag?post=7260"}],"curies":[{"name":"wp","href":"https:\/\/api.w.org\/{rel}","templated":true}]}}