{"id":7197,"date":"2023-07-20T10:03:32","date_gmt":"2023-07-20T10:03:32","guid":{"rendered":"https:\/\/www.safinel.fr\/?post_type=product&#038;p=7197"},"modified":"2023-12-28T17:16:07","modified_gmt":"2023-12-28T17:16:07","slug":"schwefelseife","status":"publish","type":"product","link":"https:\/\/www.safinel.fr\/de\/product-2\/schwefelseife\/","title":{"rendered":"Schwefelseife 100g"},"content":{"rendered":"<p>Die\u00a0<strong>Schwefelseife<\/strong>\u00a0ist ein Produkt aus\u00a0<strong>Skincare-Routine<\/strong>\u00a0die aufgrund ihrer zahlreichen Vorteile f\u00fcr die Haut immer beliebter wird.<\/p>\n<p>Diese oft verkannte Art von Seife ist bei Menschen mit Hautproblemen wie Akne, Ekzemen oder Schuppenflechte sehr beliebt. Hier stellen wir Ihnen die wichtigsten Vorz\u00fcge von Schwefelseife vor. Wie Sie Schwefelseife kaufen k\u00f6nnen bei safinel.de.<\/p>\n<h2><strong>Schwefelseife: Was ist das?<\/strong><\/h2>\n<p>Schwefelseife ist ein Hygieneprodukt, das Schwefel enth\u00e4lt.\u00a0<strong>Schwefel<\/strong>, Schwefel ist ein nat\u00fcrliches Element mit antibakteriellen, antimykotischen und entz\u00fcndungshemmenden Eigenschaften. Schwefel wird seit Jahrhunderten in verschiedenen Kulturen zur Behandlung von Hautproblemen eingesetzt. Da sie oft mit einem unangenehmen Geruch verbunden ist, wird die auf dem Markt erh\u00e4ltliche Schwefelseife in der Regel mit pflanzlichen Inhaltsstoffen und <a href=\"https:\/\/www.safinel.fr\/de\/product-category-2\/pflanzenol\/\"><strong>\u00e4therische \u00d6le<\/strong><\/a> um diesen Geruch zu \u00fcberdecken und gleichzeitig seine therapeutischen Qualit\u00e4ten zu erhalten.<\/p>\n<h2><strong>Die wichtigsten Vorteile von Schwefelseife f\u00fcr die Haut<\/strong><\/h2>\n<ul>\n<li><strong>Bek\u00e4mpfung von Akne und Regulierung von \u00fcbersch\u00fcssigem Talg<\/strong><\/li>\n<\/ul>\n<p>Er ist besonders wirksam bei\u00a0<strong>\u00fcbersch\u00fcssigen Talg kontrollieren<\/strong>\u00a0und der Entstehung von Aknepickeln vorbeugen. Dank seiner antibakteriellen Eigenschaften hilft er, die Bakterien zu beseitigen, die f\u00fcr Entz\u00fcndungen und die Bildung von Mitessern verantwortlich sind. Dar\u00fcber hinaus ist Schwefel ein hervorragender Talgregulator, der dazu beitr\u00e4gt, die Produktion dieser fettigen Substanz durch die Talgdr\u00fcsen zu reduzieren.<\/p>\n<ul>\n<li><strong>Linderung der Symptome von Ekzemen und Psoriasis<\/strong><\/li>\n<\/ul>\n<p>Diese Art von Seife kann auch Linderung verschaffen f\u00fcr Menschen mit\u2019<strong>Ekzem<\/strong>\u00a0oder von\u00a0<strong>Psoriasis<\/strong>. Schwefel hat n\u00e4mlich beruhigende und entz\u00fcndungshemmende Eigenschaften, die helfen, den Juckreiz zu lindern. Er hilft, die durch diese chronischen Hauterkrankungen verursachten R\u00f6tungen zu reduzieren.<\/p>\n<p>Au\u00dferdem tr\u00e4gt es zur Regeneration der Hautzellen bei und f\u00f6rdert die Heilung von Ekzem- und Psoriasis-Plaques.<\/p>\n<ul>\n<li><strong>Vorbeugung von Pilzinfektionen und Hautinfektionen<\/strong><\/li>\n<\/ul>\n<p>Schwefelseife wird auch zur Vorbeugung und Behandlung von Pilzinfektionen wie z. B. Pilzinfektionen empfohlen. Ihre antimykotischen Eigenschaften machen sie zu einem wertvollen Verb\u00fcndeten bei\u00a0<strong>Pilze beseitigen<\/strong>\u00a0die f\u00fcr diese Art von Infektionen verantwortlich sind, und so ihre Ausbreitung auf der Haut verhindern.<\/p>\n<h2><strong>Tipps zur Verwendung von Anti-Akne-Seife<\/strong><\/h2>\n<ul>\n<li><strong>Verwenden Sie die Schwefelseife t\u00e4glich<\/strong>\u00a0zur Reinigung Ihres Gesichts und Ihres K\u00f6rpers. Sch\u00e4umen Sie die Seife zwischen Ihren H\u00e4nden auf, massieren Sie sie sanft in Ihre Haut und sp\u00fclen Sie sie anschlie\u00dfend mit lauwarmem Wasser ab.<\/li>\n<li>Zur Behandlung von problematischeren Stellen, wie Aknepickel oder Ekzemplaques.<strong> Tragen Sie die Seife direkt auf die betroffene Stelle auf<\/strong>\u00a0und lassen Sie es einige Minuten einwirken, bevor Sie es absp\u00fclen.<\/li>\n<li>Um die Vorteile dieser nat\u00fcrlichen Seife zu optimieren. Es wird empfohlen, dass Sie\u00a0<strong>Ihre Skincare-Routine mit geeigneten Produkten erg\u00e4nzen<\/strong>\u00a0an Ihren Hauttyp angepasst werden. Wie z. B. Feuchtigkeitscremes, Seren oder belebende Lotionen.<\/li>\n<\/ul>\n<h3><strong>Schwefelseife bei safinel.de kaufen<\/strong><\/h3>\n<p>Um die vielen Vorteile von Schwefelseife zu nutzen, k\u00f6nnen Sie sie bei safinel.de kaufen. Dieser Online-Shop bietet eine Auswahl an\u00a0<strong>hochwertige Schwefelseifen.<\/strong>\u00a0Mit nat\u00fcrlichen und hautfreundlichen Inhaltsstoffen formuliert.<\/p>\n<p><strong>Wenn Sie sich f\u00fcr eine Anti-Akne-Seife bei safinel.de entscheiden, profitieren Sie :<\/strong><\/p>\n<ul>\n<li>Eine gro\u00dfe Auswahl an Schwefelseifen, die f\u00fcr verschiedene Bed\u00fcrfnisse und Hauttypen geeignet sind.<\/li>\n<li>Eine Zusammensetzung, die garantiert frei von sch\u00e4dlichen Chemikalien wie Parabenen, Sulfaten oder Silikonen ist.<\/li>\n<li>Von einer umweltfreundlichen und verantwortungsvollen Verpackung<\/li>\n<li>Ein Kundenservice, der Ihnen zuh\u00f6rt, um Sie zu beraten und Ihre Fragen zu beantworten.<\/li>\n<\/ul>\n<p>Alles in allem ist Schwefelseife ein wertvoller Verb\u00fcndeter im Kampf gegen verschiedene Hautprobleme wie Akne, Ekzeme oder Schuppenflechte.<\/p>\n<p>Au\u00dferdem hilft sie, \u00fcbersch\u00fcssigen Talg zu regulieren und Pilzinfektionen vorzubeugen. Um von diesen Vorteilen zu profitieren, z\u00f6gern Sie nicht, sich bei safinel.de eine Schwefelseife zu besorgen. Integrieren Sie dieses Produkt in Ihre t\u00e4gliche Skincare-Routine.<\/p>","protected":false},"excerpt":{"rendered":"<p>Die\u00a0<strong>Schwefelseife<\/strong>\u00a0ist ein Produkt aus\u00a0<strong>Skincare-Routine<\/strong>\u00a0die aufgrund ihrer zahlreichen Vorteile f\u00fcr die Haut immer beliebter wird.<\/p>\n<p><img decoding=\"async\" class=\"size-full wp-image-5091 aligncenter\" src=\"https:\/\/www.safinel.fr\/wp-content\/uploads\/2021\/06\/BANNIERE-ICONE-SAFINEL.webp\" alt=\"Satines-R\u00fcckversicherung\" width=\"800\" height=\"200\" srcset=\"https:\/\/www.safinel.fr\/wp-content\/uploads\/2021\/06\/BANNIERE-ICONE-SAFINEL.webp 800w, https:\/\/www.safinel.fr\/wp-content\/uploads\/2021\/06\/BANNIERE-ICONE-SAFINEL-600x150.webp 600w, https:\/\/www.safinel.fr\/wp-content\/uploads\/2021\/06\/BANNIERE-ICONE-SAFINEL-768x192.webp 768w\" sizes=\"(max-width: 800px) 100vw, 800px\" \/><\/p>","protected":false},"featured_media":7198,"template":"","meta":[],"product_brand":[],"product_cat":[123],"product_tag":[],"class_list":{"0":"post-7197","1":"product","2":"type-product","3":"status-publish","4":"has-post-thumbnail","6":"product_cat-savon","8":"first","9":"instock","10":"shipping-taxable","11":"purchasable","12":"product-type-simple"},"yoast_head":"<!-- This site is optimized with the Yoast SEO plugin v26.6 - https:\/\/yoast.com\/wordpress\/plugins\/seo\/ -->\n<title>Savon au soufre | Bienfaits nombreux pour la peau | 100% naturel<\/title>\n<meta name=\"description\" content=\"Le\u00a0savon au soufre\u00a0est un produit de\u00a0routine skincare\u00a0qui gagne en popularit\u00e9 gr\u00e2ce \u00e0 ses multiples bienfaits pour la peau. Adoptez-le !\" \/>\n<meta name=\"robots\" content=\"index, follow, max-snippet:-1, max-image-preview:large, max-video-preview:-1\" \/>\n<link rel=\"canonical\" href=\"https:\/\/www.safinel.fr\/de\/product-2\/schwefelseife\/\" \/>\n<meta property=\"og:locale\" content=\"de_DE\" \/>\n<meta property=\"og:type\" content=\"article\" \/>\n<meta property=\"og:title\" content=\"Savon au soufre | Bienfaits nombreux pour la peau | 100% naturel\" \/>\n<meta property=\"og:description\" content=\"Le\u00a0savon au soufre\u00a0est un produit de\u00a0routine skincare\u00a0qui gagne en popularit\u00e9 gr\u00e2ce \u00e0 ses multiples bienfaits pour la peau. Adoptez-le !\" \/>\n<meta property=\"og:url\" content=\"https:\/\/www.safinel.fr\/de\/product-2\/schwefelseife\/\" \/>\n<meta property=\"og:site_name\" content=\"Safinel\" \/>\n<meta property=\"article:modified_time\" content=\"2023-12-28T17:16:07+00:00\" \/>\n<meta property=\"og:image\" content=\"https:\/\/www.safinel.fr\/wp-content\/uploads\/2023\/07\/savon-au-soufre.jpg\" \/>\n\t<meta property=\"og:image:width\" content=\"600\" \/>\n\t<meta property=\"og:image:height\" content=\"600\" \/>\n\t<meta property=\"og:image:type\" content=\"image\/jpeg\" \/>\n<meta name=\"twitter:card\" content=\"summary_large_image\" \/>\n<meta name=\"twitter:label1\" content=\"Gesch\u00e4tzte Lesezeit\" \/>\n\t<meta name=\"twitter:data1\" content=\"3\u00a0Minuten\" \/>\n<script type=\"application\/ld+json\" class=\"yoast-schema-graph\">{\"@context\":\"https:\/\/schema.org\",\"@graph\":[{\"@type\":\"WebPage\",\"@id\":\"https:\/\/www.safinel.fr\/produit\/savon-au-soufre\/\",\"url\":\"https:\/\/www.safinel.fr\/produit\/savon-au-soufre\/\",\"name\":\"Savon au soufre | Bienfaits nombreux pour la peau | 100% naturel\",\"isPartOf\":{\"@id\":\"https:\/\/www.safinel.fr\/#website\"},\"primaryImageOfPage\":{\"@id\":\"https:\/\/www.safinel.fr\/produit\/savon-au-soufre\/#primaryimage\"},\"image\":{\"@id\":\"https:\/\/www.safinel.fr\/produit\/savon-au-soufre\/#primaryimage\"},\"thumbnailUrl\":\"https:\/\/www.safinel.fr\/wp-content\/uploads\/2023\/07\/savon-au-soufre.jpg\",\"datePublished\":\"2023-07-20T10:03:32+00:00\",\"dateModified\":\"2023-12-28T17:16:07+00:00\",\"description\":\"Le\u00a0savon au soufre\u00a0est un produit de\u00a0routine skincare\u00a0qui gagne en popularit\u00e9 gr\u00e2ce \u00e0 ses multiples bienfaits pour la peau. Adoptez-le !\",\"breadcrumb\":{\"@id\":\"https:\/\/www.safinel.fr\/produit\/savon-au-soufre\/#breadcrumb\"},\"inLanguage\":\"de\",\"potentialAction\":[{\"@type\":\"ReadAction\",\"target\":[\"https:\/\/www.safinel.fr\/produit\/savon-au-soufre\/\"]}]},{\"@type\":\"ImageObject\",\"inLanguage\":\"de\",\"@id\":\"https:\/\/www.safinel.fr\/produit\/savon-au-soufre\/#primaryimage\",\"url\":\"https:\/\/www.safinel.fr\/wp-content\/uploads\/2023\/07\/savon-au-soufre.jpg\",\"contentUrl\":\"https:\/\/www.safinel.fr\/wp-content\/uploads\/2023\/07\/savon-au-soufre.jpg\",\"width\":600,\"height\":600,\"caption\":\"Savon au soufre 100g\"},{\"@type\":\"BreadcrumbList\",\"@id\":\"https:\/\/www.safinel.fr\/produit\/savon-au-soufre\/#breadcrumb\",\"itemListElement\":[{\"@type\":\"ListItem\",\"position\":1,\"name\":\"Accueil\",\"item\":\"https:\/\/www.safinel.fr\/\"},{\"@type\":\"ListItem\",\"position\":2,\"name\":\"Boutique\",\"item\":\"https:\/\/www.safinel.fr\/boutique\/\"},{\"@type\":\"ListItem\",\"position\":3,\"name\":\"Savon au soufre 100g\"}]},{\"@type\":\"WebSite\",\"@id\":\"https:\/\/www.safinel.fr\/#website\",\"url\":\"https:\/\/www.safinel.fr\/\",\"name\":\"Safinel\",\"description\":\"\",\"publisher\":{\"@id\":\"https:\/\/www.safinel.fr\/#organization\"},\"potentialAction\":[{\"@type\":\"SearchAction\",\"target\":{\"@type\":\"EntryPoint\",\"urlTemplate\":\"https:\/\/www.safinel.fr\/?s={search_term_string}\"},\"query-input\":{\"@type\":\"PropertyValueSpecification\",\"valueRequired\":true,\"valueName\":\"search_term_string\"}}],\"inLanguage\":\"de\"},{\"@type\":\"Organization\",\"@id\":\"https:\/\/www.safinel.fr\/#organization\",\"name\":\"Safinel\",\"url\":\"https:\/\/www.safinel.fr\/\",\"logo\":{\"@type\":\"ImageObject\",\"inLanguage\":\"de\",\"@id\":\"https:\/\/www.safinel.fr\/#\/schema\/logo\/image\/\",\"url\":\"https:\/\/www.safinel.fr\/wp-content\/uploads\/2021\/05\/boutique-cosmetique.png\",\"contentUrl\":\"https:\/\/www.safinel.fr\/wp-content\/uploads\/2021\/05\/boutique-cosmetique.png\",\"width\":800,\"height\":200,\"caption\":\"Safinel\"},\"image\":{\"@id\":\"https:\/\/www.safinel.fr\/#\/schema\/logo\/image\/\"}}]}<\/script>\n<!-- \/ Yoast SEO plugin. -->","yoast_head_json":{"title":"Schwefelseife | Zahlreiche Vorteile f\u00fcr die Haut | 100% nat\u00fcrlich","description":"Schwefelseife ist ein Produkt der Skincare-Routine, das aufgrund seiner zahlreichen Vorteile f\u00fcr die Haut immer beliebter wird. Machen Sie sie sich zu eigen!","robots":{"index":"index","follow":"follow","max-snippet":"max-snippet:-1","max-image-preview":"max-image-preview:large","max-video-preview":"max-video-preview:-1"},"canonical":"https:\/\/www.safinel.fr\/de\/product-2\/schwefelseife\/","og_locale":"de_DE","og_type":"article","og_title":"Savon au soufre | Bienfaits nombreux pour la peau | 100% naturel","og_description":"Le\u00a0savon au soufre\u00a0est un produit de\u00a0routine skincare\u00a0qui gagne en popularit\u00e9 gr\u00e2ce \u00e0 ses multiples bienfaits pour la peau. Adoptez-le !","og_url":"https:\/\/www.safinel.fr\/de\/product-2\/schwefelseife\/","og_site_name":"Safinel","article_modified_time":"2023-12-28T17:16:07+00:00","og_image":[{"width":600,"height":600,"url":"https:\/\/www.safinel.fr\/wp-content\/uploads\/2023\/07\/savon-au-soufre.jpg","type":"image\/jpeg"}],"twitter_card":"summary_large_image","twitter_misc":{"Gesch\u00e4tzte Lesezeit":"3\u00a0Minuten"},"schema":{"@context":"https:\/\/schema.org","@graph":[{"@type":"WebPage","@id":"https:\/\/www.safinel.fr\/produit\/savon-au-soufre\/","url":"https:\/\/www.safinel.fr\/produit\/savon-au-soufre\/","name":"Schwefelseife | Zahlreiche Vorteile f\u00fcr die Haut | 100% nat\u00fcrlich","isPartOf":{"@id":"https:\/\/www.safinel.fr\/#website"},"primaryImageOfPage":{"@id":"https:\/\/www.safinel.fr\/produit\/savon-au-soufre\/#primaryimage"},"image":{"@id":"https:\/\/www.safinel.fr\/produit\/savon-au-soufre\/#primaryimage"},"thumbnailUrl":"https:\/\/www.safinel.fr\/wp-content\/uploads\/2023\/07\/savon-au-soufre.jpg","datePublished":"2023-07-20T10:03:32+00:00","dateModified":"2023-12-28T17:16:07+00:00","description":"Schwefelseife ist ein Produkt der Skincare-Routine, das aufgrund seiner zahlreichen Vorteile f\u00fcr die Haut immer beliebter wird. Machen Sie sie sich zu eigen!","breadcrumb":{"@id":"https:\/\/www.safinel.fr\/produit\/savon-au-soufre\/#breadcrumb"},"inLanguage":"de","potentialAction":[{"@type":"ReadAction","target":["https:\/\/www.safinel.fr\/produit\/savon-au-soufre\/"]}]},{"@type":"ImageObject","inLanguage":"de","@id":"https:\/\/www.safinel.fr\/produit\/savon-au-soufre\/#primaryimage","url":"https:\/\/www.safinel.fr\/wp-content\/uploads\/2023\/07\/savon-au-soufre.jpg","contentUrl":"https:\/\/www.safinel.fr\/wp-content\/uploads\/2023\/07\/savon-au-soufre.jpg","width":600,"height":600,"caption":"Savon au soufre 100g"},{"@type":"BreadcrumbList","@id":"https:\/\/www.safinel.fr\/produit\/savon-au-soufre\/#breadcrumb","itemListElement":[{"@type":"ListItem","position":1,"name":"Accueil","item":"https:\/\/www.safinel.fr\/"},{"@type":"ListItem","position":2,"name":"Boutique","item":"https:\/\/www.safinel.fr\/boutique\/"},{"@type":"ListItem","position":3,"name":"Savon au soufre 100g"}]},{"@type":"WebSite","@id":"https:\/\/www.safinel.fr\/#website","url":"https:\/\/www.safinel.fr\/","name":"Safinel","description":"","publisher":{"@id":"https:\/\/www.safinel.fr\/#organization"},"potentialAction":[{"@type":"SearchAction","target":{"@type":"EntryPoint","urlTemplate":"https:\/\/www.safinel.fr\/?s={search_term_string}"},"query-input":{"@type":"PropertyValueSpecification","valueRequired":true,"valueName":"search_term_string"}}],"inLanguage":"de"},{"@type":"Organization","@id":"https:\/\/www.safinel.fr\/#organization","name":"Safinel","url":"https:\/\/www.safinel.fr\/","logo":{"@type":"ImageObject","inLanguage":"de","@id":"https:\/\/www.safinel.fr\/#\/schema\/logo\/image\/","url":"https:\/\/www.safinel.fr\/wp-content\/uploads\/2021\/05\/boutique-cosmetique.png","contentUrl":"https:\/\/www.safinel.fr\/wp-content\/uploads\/2021\/05\/boutique-cosmetique.png","width":800,"height":200,"caption":"Safinel"},"image":{"@id":"https:\/\/www.safinel.fr\/#\/schema\/logo\/image\/"}}]}},"_links":{"self":[{"href":"https:\/\/www.safinel.fr\/de\/wp-json\/wp\/v2\/product\/7197","targetHints":{"allow":["GET"]}}],"collection":[{"href":"https:\/\/www.safinel.fr\/de\/wp-json\/wp\/v2\/product"}],"about":[{"href":"https:\/\/www.safinel.fr\/de\/wp-json\/wp\/v2\/types\/product"}],"wp:featuredmedia":[{"embeddable":true,"href":"https:\/\/www.safinel.fr\/de\/wp-json\/wp\/v2\/media\/7198"}],"wp:attachment":[{"href":"https:\/\/www.safinel.fr\/de\/wp-json\/wp\/v2\/media?parent=7197"}],"wp:term":[{"taxonomy":"product_brand","embeddable":true,"href":"https:\/\/www.safinel.fr\/de\/wp-json\/wp\/v2\/product_brand?post=7197"},{"taxonomy":"product_cat","embeddable":true,"href":"https:\/\/www.safinel.fr\/de\/wp-json\/wp\/v2\/product_cat?post=7197"},{"taxonomy":"product_tag","embeddable":true,"href":"https:\/\/www.safinel.fr\/de\/wp-json\/wp\/v2\/product_tag?post=7197"}],"curies":[{"name":"wp","href":"https:\/\/api.w.org\/{rel}","templated":true}]}}