{"id":7088,"date":"2023-07-14T19:05:40","date_gmt":"2023-07-14T19:05:40","guid":{"rendered":"https:\/\/www.safinel.fr\/?post_type=product&#038;p=7088"},"modified":"2023-12-28T17:16:07","modified_gmt":"2023-12-28T17:16:07","slug":"basilikumol-30ml","status":"publish","type":"product","link":"https:\/\/www.safinel.fr\/de\/product-2\/basilikumol-30ml\/","title":{"rendered":"Basilikum\u00f6l 30ml"},"content":{"rendered":"<p>\u00c4therische \u00d6le werden aufgrund ihrer vielf\u00e4ltigen Vorteile, sowohl im therapeutischen als auch im kosmetischen Bereich, weithin verwendet. Unter dieser breiten Palette von \u00d6len zeichnet sich Basilikum\u00f6l durch sein einzigartiges Aroma und seine unbestreitbaren Vorz\u00fcge f\u00fcr Gesundheit und Sch\u00f6nheit aus.<\/p>\n<h2><strong>Gesundheitliche Vorteile von Basilikum\u00f6l<\/strong><\/h2>\n<p>Basilikum\u00f6l ist reich an Vitaminen, Mineralien und Antioxidantien, die ihm positive Eigenschaften f\u00fcr unseren K\u00f6rper verleihen.<\/p>\n<p><strong>Hier sind einige dieser Tugenden:<\/strong><\/p>\n<ol>\n<li><strong>Krampfl\u00f6send<\/strong>\u00a0: Sie lindert Muskelkr\u00e4mpfe und kann bei Kr\u00e4mpfen, Menstruationsschmerzen oder auch zur Anregung der Verdauung hilfreich sein.<\/li>\n<li><strong>Antibakteriell<\/strong>\u00a0: Sie hilft bei der Bek\u00e4mpfung bakterieller Infektionen und st\u00e4rkt so unser Immunsystem.<\/li>\n<li><strong>Entz\u00fcndungshemmend<\/strong>\u00a0: Sie lindert Entz\u00fcndungen der Haut oder der Gelenke und tr\u00e4gt so zur Verringerung der damit verbundenen Schmerzen bei.<\/li>\n<li><strong>Analgetikum<\/strong>\u00a0: Sie hilft, leichte Schmerzen zu lindern, insbesondere bei Kopfschmerzen oder Migr\u00e4ne.<\/li>\n<\/ol>\n<h3><strong>Basilikum: ein wertvoller Verb\u00fcndeter f\u00fcr das geistige Gleichgewicht<\/strong><\/h3>\n<p>Neben seinen Vorz\u00fcgen f\u00fcr unsere k\u00f6rperliche Gesundheit wird Basilikum\u00f6l auch wegen seiner positiven Auswirkungen auf unser seelisches Gleichgewicht gesch\u00e4tzt.<\/p>\n<p><strong>Sie kann unter anderem :<\/strong><\/p>\n<ul>\n<li><strong>Emotionen ausgleichen<\/strong>\u00a0: Sie f\u00f6rdert die Entspannung und beruhigt die Gef\u00fchle bei Stress oder Angstzust\u00e4nden.<\/li>\n<li><strong>Das Ged\u00e4chtnis anregen<\/strong>\u00a0: Sie tr\u00e4gt dazu bei, unsere Konzentration und unsere kognitiven F\u00e4higkeiten zu verbessern.<\/li>\n<li><strong>M\u00fcdigkeit bek\u00e4mpfen<\/strong>\u00a0: Sie hilft, k\u00f6rperliche und geistige M\u00fcdigkeit zu bek\u00e4mpfen, indem sie unseren allgemeinen Tonus ankurbelt.<\/li>\n<\/ul>\n<h2><strong>Kosmetische Vorteile von Basilikum\u00f6l<\/strong><\/h2>\n<p>Aufgrund ihres Reichtums an N\u00e4hrstoffen und Antioxidantien wird sie auch in der Sch\u00f6nheitspflege gesch\u00e4tzt.<\/p>\n<p>Seine n\u00e4hrenden und regenerierenden Eigenschaften machen es zu einem wertvollen Verb\u00fcndeten bei der Pflege von Haut und Haaren:<\/p>\n<ol>\n<li><strong>F\u00fcr eine gesunde und strahlende Haut<\/strong>\u00a0: Sie spendet Feuchtigkeit, macht die Epidermis geschmeidig und sch\u00fctzt sie vor vorzeitiger Hautalterung.<\/li>\n<li><strong>F\u00fcr kr\u00e4ftiges, gl\u00e4nzendes Haar<\/strong>\u00a0: Sie reichert die Haarfaser mit wichtigen Vitaminen und Mineralien an und f\u00f6rdert so ihr Wachstum und ihre Vitalit\u00e4t.<\/li>\n<\/ol>\n<h3><strong>Hausgemachte Rezepte, um von seinen Vorteilen zu profitieren<\/strong><\/h3>\n<p>Um die kosmetischen Eigenschaften des Basilikum\u00f6ls voll auszusch\u00f6pfen, k\u00f6nnen Sie zu Hause einige einfache und wirksame Rezepte durchf\u00fchren:<\/p>\n<ul>\n<li><strong>Beruhigende Gesichtsmaske<\/strong>\u00a0: Mischen Sie einige Tropfen \u00d6l mit einem Essl\u00f6ffel <a href=\"https:\/\/www.safinel.fr\/de\/product-category-2\/bienenzucht\/\"><strong>Honig<\/strong><\/a> und tragen Sie sie 15 Minuten lang auf Ihre Haut auf, bevor Sie sie mit lauwarmem Wasser absp\u00fclen.<\/li>\n<li><strong>Entspannungsbad mit Basilikumaroma<\/strong>\u00a0Basilikum\u00f6l: Geben Sie etwa zehn Tropfen Basilikum\u00f6l in Ihr hei\u00dfes Bad. Lassen Sie sich von seinem beruhigenden Duft einh\u00fcllen.<\/li>\n<li><strong>Kr\u00e4ftigende Pflege f\u00fcr das Haar<\/strong>\u00a0: Mischen Sie einige Tropfen Basilikum\u00f6l in Ihr \u00fcbliches Shampoo und massieren Sie es beim Waschen sanft in Ihre Kopfhaut ein.<\/li>\n<\/ul>\n<h2><strong>Basilikum\u00f6l auf safinel.de kaufen<\/strong><\/h2>\n<p>Um von den Vorteilen des Basilikum\u00f6ls zu profitieren, ist es wichtig, ein reines und nat\u00fcrliches Qualit\u00e4tsprodukt zu w\u00e4hlen. Auf safinel.de finden Sie eine sorgf\u00e4ltige Auswahl an \u00e4therischen \u00d6len, darunter auch Basilikum\u00f6l. Sie stammen aus Pflanzen, die umweltfreundlich angebaut werden und unseren Qualit\u00e4tsanspr\u00fcchen gen\u00fcgen.<\/p>\n<p>Z\u00f6gern Sie nicht, in unserem Online-Katalog zu st\u00f6bern, um alle unsere Produkte zu entdecken, die dem Wohlbefinden und der Sch\u00f6nheit gewidmet sind.<\/p>\n<h3><strong>Tipps f\u00fcr die richtige Wahl Ihres \u00d6ls<\/strong><\/h3>\n<p>Bevor Sie Ihr Basilikum\u00f6l auf safinel.de kaufen, hier einige Tipps, um sicherzustellen, dass Sie die richtige Wahl treffen:<\/p>\n<ol>\n<li><strong>\u00dcberpr\u00fcfen Sie die Herkunft der Pflanzen<\/strong>\u00a0: Entscheiden Sie sich f\u00fcr ein \u00d6l aus biologischem oder umweltfreundlichem Anbau.<\/li>\n<li><strong>Bevorzugen Sie reine und nat\u00fcrliche \u00d6le<\/strong>\u00a0: Vermeiden Sie Produkte mit Zusatzstoffen oder synthetischen Duftstoffen, die die Eigenschaften des Basilikums beeintr\u00e4chtigen k\u00f6nnten.<\/li>\n<li><strong>Informieren Sie sich \u00fcber das Extraktionsverfahren<\/strong>\u00a0: W\u00e4hlen Sie ein \u00d6l, das durch Wasserdampfdestillation gewonnen wird. So wird sichergestellt, dass die Wirkstoffe des Basilikums erhalten bleiben.<\/li>\n<\/ol>\n<p>Wenn Sie diese Empfehlungen befolgen, k\u00f6nnen Sie die Vorz\u00fcge des Basilikum\u00f6ls f\u00fcr Ihre Gesundheit, Ihre Sch\u00f6nheit und Ihr Wohlbefinden t\u00e4glich in vollem Umfang nutzen. Warten Sie nicht l\u00e4nger, um seine zahlreichen Vorz\u00fcge zu entdecken und diese wertvolle Essenz in Ihre Wellness-Routine aufzunehmen!<\/p>","protected":false},"excerpt":{"rendered":"<p><span style=\"background-color: #ffffff;\">L<\/span>\u2018Basilikum\u00f6l zeichnet sich durch sein einzigartiges Aroma und seine unbestrittenen gesundheitlichen und kosmetischen Vorz\u00fcge aus.<\/p>\n<p><img decoding=\"async\" class=\"size-full wp-image-5091 aligncenter\" src=\"https:\/\/www.safinel.fr\/wp-content\/uploads\/2021\/06\/BANNIERE-ICONE-SAFINEL.webp\" alt=\"Satines-R\u00fcckversicherung\" width=\"800\" height=\"200\" srcset=\"https:\/\/www.safinel.fr\/wp-content\/uploads\/2021\/06\/BANNIERE-ICONE-SAFINEL.webp 800w, https:\/\/www.safinel.fr\/wp-content\/uploads\/2021\/06\/BANNIERE-ICONE-SAFINEL-600x150.webp 600w, https:\/\/www.safinel.fr\/wp-content\/uploads\/2021\/06\/BANNIERE-ICONE-SAFINEL-768x192.webp 768w\" sizes=\"(max-width: 800px) 100vw, 800px\" \/><\/p>","protected":false},"featured_media":7089,"template":"","meta":[],"product_brand":[],"product_cat":[122],"product_tag":[],"class_list":{"0":"post-7088","1":"product","2":"type-product","3":"status-publish","4":"has-post-thumbnail","6":"product_cat-huile-vegetale","8":"first","9":"instock","10":"shipping-taxable","11":"purchasable","12":"product-type-simple"},"yoast_head":"<!-- This site is optimized with the Yoast SEO plugin v26.6 - https:\/\/yoast.com\/wordpress\/plugins\/seo\/ -->\n<title>Huile de basilic | Huile naturelle | Bienfaits nombreux<\/title>\n<meta name=\"description\" content=\"L&#039;huile de basilic se distingue par son ar\u00f4me unique et ses vertus incontestables en mati\u00e8re de sant\u00e9 et beaut\u00e9. Adoptez-l\u00e0 !\" \/>\n<meta name=\"robots\" content=\"index, follow, max-snippet:-1, max-image-preview:large, max-video-preview:-1\" \/>\n<link rel=\"canonical\" href=\"https:\/\/www.safinel.fr\/de\/product-2\/basilikumol-30ml\/\" \/>\n<meta property=\"og:locale\" content=\"de_DE\" \/>\n<meta property=\"og:type\" content=\"article\" \/>\n<meta property=\"og:title\" content=\"Huile de basilic | Huile naturelle | Bienfaits nombreux\" \/>\n<meta property=\"og:description\" content=\"L&#039;huile de basilic se distingue par son ar\u00f4me unique et ses vertus incontestables en mati\u00e8re de sant\u00e9 et beaut\u00e9. Adoptez-l\u00e0 !\" \/>\n<meta property=\"og:url\" content=\"https:\/\/www.safinel.fr\/de\/product-2\/basilikumol-30ml\/\" \/>\n<meta property=\"og:site_name\" content=\"Safinel\" \/>\n<meta property=\"article:modified_time\" content=\"2023-12-28T17:16:07+00:00\" \/>\n<meta property=\"og:image\" content=\"https:\/\/www.safinel.fr\/wp-content\/uploads\/2023\/07\/huile-de-basilic.jpg\" \/>\n\t<meta property=\"og:image:width\" content=\"600\" \/>\n\t<meta property=\"og:image:height\" content=\"600\" \/>\n\t<meta property=\"og:image:type\" content=\"image\/jpeg\" \/>\n<meta name=\"twitter:card\" content=\"summary_large_image\" \/>\n<meta name=\"twitter:label1\" content=\"Gesch\u00e4tzte Lesezeit\" \/>\n\t<meta name=\"twitter:data1\" content=\"3\u00a0Minuten\" \/>\n<script type=\"application\/ld+json\" class=\"yoast-schema-graph\">{\"@context\":\"https:\/\/schema.org\",\"@graph\":[{\"@type\":\"WebPage\",\"@id\":\"https:\/\/www.safinel.fr\/produit\/huile-de-basilic-30ml\/\",\"url\":\"https:\/\/www.safinel.fr\/produit\/huile-de-basilic-30ml\/\",\"name\":\"Huile de basilic | Huile naturelle | Bienfaits nombreux\",\"isPartOf\":{\"@id\":\"https:\/\/www.safinel.fr\/#website\"},\"primaryImageOfPage\":{\"@id\":\"https:\/\/www.safinel.fr\/produit\/huile-de-basilic-30ml\/#primaryimage\"},\"image\":{\"@id\":\"https:\/\/www.safinel.fr\/produit\/huile-de-basilic-30ml\/#primaryimage\"},\"thumbnailUrl\":\"https:\/\/www.safinel.fr\/wp-content\/uploads\/2023\/07\/huile-de-basilic.jpg\",\"datePublished\":\"2023-07-14T19:05:40+00:00\",\"dateModified\":\"2023-12-28T17:16:07+00:00\",\"description\":\"L'huile de basilic se distingue par son ar\u00f4me unique et ses vertus incontestables en mati\u00e8re de sant\u00e9 et beaut\u00e9. Adoptez-l\u00e0 !\",\"breadcrumb\":{\"@id\":\"https:\/\/www.safinel.fr\/produit\/huile-de-basilic-30ml\/#breadcrumb\"},\"inLanguage\":\"de\",\"potentialAction\":[{\"@type\":\"ReadAction\",\"target\":[\"https:\/\/www.safinel.fr\/produit\/huile-de-basilic-30ml\/\"]}]},{\"@type\":\"ImageObject\",\"inLanguage\":\"de\",\"@id\":\"https:\/\/www.safinel.fr\/produit\/huile-de-basilic-30ml\/#primaryimage\",\"url\":\"https:\/\/www.safinel.fr\/wp-content\/uploads\/2023\/07\/huile-de-basilic.jpg\",\"contentUrl\":\"https:\/\/www.safinel.fr\/wp-content\/uploads\/2023\/07\/huile-de-basilic.jpg\",\"width\":600,\"height\":600,\"caption\":\"Huile de basilic 30ml\"},{\"@type\":\"BreadcrumbList\",\"@id\":\"https:\/\/www.safinel.fr\/produit\/huile-de-basilic-30ml\/#breadcrumb\",\"itemListElement\":[{\"@type\":\"ListItem\",\"position\":1,\"name\":\"Accueil\",\"item\":\"https:\/\/www.safinel.fr\/\"},{\"@type\":\"ListItem\",\"position\":2,\"name\":\"Boutique\",\"item\":\"https:\/\/www.safinel.fr\/boutique\/\"},{\"@type\":\"ListItem\",\"position\":3,\"name\":\"Huile de basilic 30ml\"}]},{\"@type\":\"WebSite\",\"@id\":\"https:\/\/www.safinel.fr\/#website\",\"url\":\"https:\/\/www.safinel.fr\/\",\"name\":\"Safinel\",\"description\":\"\",\"publisher\":{\"@id\":\"https:\/\/www.safinel.fr\/#organization\"},\"potentialAction\":[{\"@type\":\"SearchAction\",\"target\":{\"@type\":\"EntryPoint\",\"urlTemplate\":\"https:\/\/www.safinel.fr\/?s={search_term_string}\"},\"query-input\":{\"@type\":\"PropertyValueSpecification\",\"valueRequired\":true,\"valueName\":\"search_term_string\"}}],\"inLanguage\":\"de\"},{\"@type\":\"Organization\",\"@id\":\"https:\/\/www.safinel.fr\/#organization\",\"name\":\"Safinel\",\"url\":\"https:\/\/www.safinel.fr\/\",\"logo\":{\"@type\":\"ImageObject\",\"inLanguage\":\"de\",\"@id\":\"https:\/\/www.safinel.fr\/#\/schema\/logo\/image\/\",\"url\":\"https:\/\/www.safinel.fr\/wp-content\/uploads\/2021\/05\/boutique-cosmetique.png\",\"contentUrl\":\"https:\/\/www.safinel.fr\/wp-content\/uploads\/2021\/05\/boutique-cosmetique.png\",\"width\":800,\"height\":200,\"caption\":\"Safinel\"},\"image\":{\"@id\":\"https:\/\/www.safinel.fr\/#\/schema\/logo\/image\/\"}}]}<\/script>\n<!-- \/ Yoast SEO plugin. -->","yoast_head_json":{"title":"Basilikum\u00f6l | Nat\u00fcrliches \u00d6l | Zahlreiche Vorteile","description":"Basilikum\u00f6l zeichnet sich durch sein einzigartiges Aroma und seine unbestrittenen gesundheitlichen und kosmetischen Vorz\u00fcge aus. Machen Sie es sich zu eigen!","robots":{"index":"index","follow":"follow","max-snippet":"max-snippet:-1","max-image-preview":"max-image-preview:large","max-video-preview":"max-video-preview:-1"},"canonical":"https:\/\/www.safinel.fr\/de\/product-2\/basilikumol-30ml\/","og_locale":"de_DE","og_type":"article","og_title":"Huile de basilic | Huile naturelle | Bienfaits nombreux","og_description":"L'huile de basilic se distingue par son ar\u00f4me unique et ses vertus incontestables en mati\u00e8re de sant\u00e9 et beaut\u00e9. Adoptez-l\u00e0 !","og_url":"https:\/\/www.safinel.fr\/de\/product-2\/basilikumol-30ml\/","og_site_name":"Safinel","article_modified_time":"2023-12-28T17:16:07+00:00","og_image":[{"width":600,"height":600,"url":"https:\/\/www.safinel.fr\/wp-content\/uploads\/2023\/07\/huile-de-basilic.jpg","type":"image\/jpeg"}],"twitter_card":"summary_large_image","twitter_misc":{"Gesch\u00e4tzte Lesezeit":"3\u00a0Minuten"},"schema":{"@context":"https:\/\/schema.org","@graph":[{"@type":"WebPage","@id":"https:\/\/www.safinel.fr\/produit\/huile-de-basilic-30ml\/","url":"https:\/\/www.safinel.fr\/produit\/huile-de-basilic-30ml\/","name":"Basilikum\u00f6l | Nat\u00fcrliches \u00d6l | Zahlreiche Vorteile","isPartOf":{"@id":"https:\/\/www.safinel.fr\/#website"},"primaryImageOfPage":{"@id":"https:\/\/www.safinel.fr\/produit\/huile-de-basilic-30ml\/#primaryimage"},"image":{"@id":"https:\/\/www.safinel.fr\/produit\/huile-de-basilic-30ml\/#primaryimage"},"thumbnailUrl":"https:\/\/www.safinel.fr\/wp-content\/uploads\/2023\/07\/huile-de-basilic.jpg","datePublished":"2023-07-14T19:05:40+00:00","dateModified":"2023-12-28T17:16:07+00:00","description":"Basilikum\u00f6l zeichnet sich durch sein einzigartiges Aroma und seine unbestrittenen gesundheitlichen und kosmetischen Vorz\u00fcge aus. Machen Sie es sich zu eigen!","breadcrumb":{"@id":"https:\/\/www.safinel.fr\/produit\/huile-de-basilic-30ml\/#breadcrumb"},"inLanguage":"de","potentialAction":[{"@type":"ReadAction","target":["https:\/\/www.safinel.fr\/produit\/huile-de-basilic-30ml\/"]}]},{"@type":"ImageObject","inLanguage":"de","@id":"https:\/\/www.safinel.fr\/produit\/huile-de-basilic-30ml\/#primaryimage","url":"https:\/\/www.safinel.fr\/wp-content\/uploads\/2023\/07\/huile-de-basilic.jpg","contentUrl":"https:\/\/www.safinel.fr\/wp-content\/uploads\/2023\/07\/huile-de-basilic.jpg","width":600,"height":600,"caption":"Huile de basilic 30ml"},{"@type":"BreadcrumbList","@id":"https:\/\/www.safinel.fr\/produit\/huile-de-basilic-30ml\/#breadcrumb","itemListElement":[{"@type":"ListItem","position":1,"name":"Accueil","item":"https:\/\/www.safinel.fr\/"},{"@type":"ListItem","position":2,"name":"Boutique","item":"https:\/\/www.safinel.fr\/boutique\/"},{"@type":"ListItem","position":3,"name":"Huile de basilic 30ml"}]},{"@type":"WebSite","@id":"https:\/\/www.safinel.fr\/#website","url":"https:\/\/www.safinel.fr\/","name":"Safinel","description":"","publisher":{"@id":"https:\/\/www.safinel.fr\/#organization"},"potentialAction":[{"@type":"SearchAction","target":{"@type":"EntryPoint","urlTemplate":"https:\/\/www.safinel.fr\/?s={search_term_string}"},"query-input":{"@type":"PropertyValueSpecification","valueRequired":true,"valueName":"search_term_string"}}],"inLanguage":"de"},{"@type":"Organization","@id":"https:\/\/www.safinel.fr\/#organization","name":"Safinel","url":"https:\/\/www.safinel.fr\/","logo":{"@type":"ImageObject","inLanguage":"de","@id":"https:\/\/www.safinel.fr\/#\/schema\/logo\/image\/","url":"https:\/\/www.safinel.fr\/wp-content\/uploads\/2021\/05\/boutique-cosmetique.png","contentUrl":"https:\/\/www.safinel.fr\/wp-content\/uploads\/2021\/05\/boutique-cosmetique.png","width":800,"height":200,"caption":"Safinel"},"image":{"@id":"https:\/\/www.safinel.fr\/#\/schema\/logo\/image\/"}}]}},"_links":{"self":[{"href":"https:\/\/www.safinel.fr\/de\/wp-json\/wp\/v2\/product\/7088","targetHints":{"allow":["GET"]}}],"collection":[{"href":"https:\/\/www.safinel.fr\/de\/wp-json\/wp\/v2\/product"}],"about":[{"href":"https:\/\/www.safinel.fr\/de\/wp-json\/wp\/v2\/types\/product"}],"wp:featuredmedia":[{"embeddable":true,"href":"https:\/\/www.safinel.fr\/de\/wp-json\/wp\/v2\/media\/7089"}],"wp:attachment":[{"href":"https:\/\/www.safinel.fr\/de\/wp-json\/wp\/v2\/media?parent=7088"}],"wp:term":[{"taxonomy":"product_brand","embeddable":true,"href":"https:\/\/www.safinel.fr\/de\/wp-json\/wp\/v2\/product_brand?post=7088"},{"taxonomy":"product_cat","embeddable":true,"href":"https:\/\/www.safinel.fr\/de\/wp-json\/wp\/v2\/product_cat?post=7088"},{"taxonomy":"product_tag","embeddable":true,"href":"https:\/\/www.safinel.fr\/de\/wp-json\/wp\/v2\/product_tag?post=7088"}],"curies":[{"name":"wp","href":"https:\/\/api.w.org\/{rel}","templated":true}]}}