{"id":6941,"date":"2023-07-06T19:05:47","date_gmt":"2023-07-06T19:05:47","guid":{"rendered":"https:\/\/www.safinel.fr\/?post_type=product&#038;p=6941"},"modified":"2024-07-08T13:34:58","modified_gmt":"2024-07-08T13:34:58","slug":"mastixol","status":"publish","type":"product","link":"https:\/\/www.safinel.fr\/de\/product-2\/mastixol\/","title":{"rendered":"Mastix\u00f6l 50ml"},"content":{"rendered":"<p>Man kennt sie vor allem wegen ihrer abschwellenden Wirkung. In der Tat,\u00a0<strong>das \u00d6l des Mastixbaums Pistazie<\/strong>\u00a0ist ein echter Verb\u00fcndeter f\u00fcr den Komfort des Kreislaufs. Mit anderen \u00d6len gemischt ist es eine wirksame L\u00f6sung zur Verbesserung des Gesundheitszustands!<\/p>\n<h2><strong>Was ist Mastix\u00f6l?\u00a0<\/strong><\/h2>\n<p>Diese\u00a0<strong>Naturprodukt<\/strong>\u00a0Das hautfreundliche Mastix\u00f6l wird aus den Samen des Mastixbaums gewonnen, einer Pflanze aus dem Mittelmeerraum. Urspr\u00fcnglich war der Baum vor allem f\u00fcr sein Mastix bekannt, ein Harz, das unter anderem zur Herstellung von Kaugummi verwendet wird.<\/p>\n<p>Doch dieses Pflanzen\u00f6l hat viele<strong>\u00a0Gesundheitsvorteile<\/strong>\u00a0! So gut, dass Ihr Safinel-Shop sich beeilt hat, um sie Ihnen zeigen zu k\u00f6nnen.<\/p>\n<p>Angeboten in einer 30ml-Flasche, nat\u00fcrlich und biologisch, seien Sie dabei, um nichts zu verpassen!<\/p>\n<p>Um von diesem Produkt zu profitieren, mischen Sie es einfach mit anderen \u00d6len, z. B. mit<strong>\u00a0<a href=\"https:\/\/www.safinel.fr\/de\/product-2\/dakpi-ol\/\">das \u00d6l von Akpi<\/a>\u00a0<\/strong>oder von\u00a0<a href=\"https:\/\/www.safinel.fr\/de\/product-2\/affenbrotbaum-ol\/\"><strong>baobab<\/strong><\/a>. Schlie\u00dflich k\u00f6nnen Sie die zu behandelnden Bereiche, wie z. B. die Beine, massieren. Massieren oder reiben Sie das \u00d6l in den Bereich ein, bis es eingezogen ist.<\/p>\n<h2><strong>Die Vorteile von Mastix\u00f6l\u00a0<\/strong><\/h2>\n<p>Reich an Vitaminen und Antioxidantien ist dieser\u00a0<strong>\u00d6lmazerat<\/strong>\u00a0ist ein wirksames Mittel bei Hautproblemen wie Ekzemen, Schuppenflechte und Akne.<\/p>\n<p>Es hat auch entz\u00fcndungshemmende und wundheilende Eigenschaften, die bei Problemen helfen k\u00f6nnen wie :<\/p>\n<ul>\n<li>Muskelschmerzen,<\/li>\n<li>Gelenkschmerzen<\/li>\n<li>und Durchblutungsst\u00f6rungen.<\/li>\n<\/ul>\n<p><strong>Mastix\u00f6l<\/strong>\u00a0wirkt auch sehr beruhigend auf die Haut und kann gegen Hautalterung helfen. Schlie\u00dflich ist es f\u00fcr seine antiseptischen Eigenschaften bekannt und wird h\u00e4ufig zur Behandlung von Pilzinfektionen und Hautgeschw\u00fcren eingesetzt.<\/p>\n<h3><strong>Einige Vorsichtsma\u00dfnahmen\u00a0<\/strong><\/h3>\n<p>Dieses pflanzliche \u00d6l aus Mastixstrauch wird w\u00e4hrend der Schwangerschaft und Stillzeit sowie bei kleinen Kindern nicht empfohlen.<\/p>\n<p>Au\u00dferdem sollte f\u00fcr die innerliche Anwendung vorher ein Gesundheitsexperte um Rat gefragt werden.<\/p>","protected":false},"excerpt":{"rendered":"<p>Man kennt sie vor allem wegen ihrer abschwellenden Wirkung. In der Tat,\u00a0<strong>das \u00d6l des Mastixbaums Pistazie<\/strong>\u00a0ist eine echte Verb\u00fcndete f\u00fcr eine angenehme Durchblutung.<\/p>\n<p><img decoding=\"async\" class=\"size-full wp-image-5091 aligncenter\" src=\"https:\/\/www.safinel.fr\/wp-content\/uploads\/2021\/06\/BANNIERE-ICONE-SAFINEL.webp\" alt=\"Satines-R\u00fcckversicherung\" width=\"800\" height=\"200\" srcset=\"https:\/\/www.safinel.fr\/wp-content\/uploads\/2021\/06\/BANNIERE-ICONE-SAFINEL.webp 800w, https:\/\/www.safinel.fr\/wp-content\/uploads\/2021\/06\/BANNIERE-ICONE-SAFINEL-600x150.webp 600w, https:\/\/www.safinel.fr\/wp-content\/uploads\/2021\/06\/BANNIERE-ICONE-SAFINEL-768x192.webp 768w\" sizes=\"(max-width: 800px) 100vw, 800px\" \/><\/p>","protected":false},"featured_media":6942,"template":"","meta":[],"product_brand":[],"product_cat":[122],"product_tag":[],"class_list":{"0":"post-6941","1":"product","2":"type-product","3":"status-publish","4":"has-post-thumbnail","6":"product_cat-huile-vegetale","8":"first","9":"outofstock","10":"shipping-taxable","11":"purchasable","12":"product-type-simple"},"yoast_head":"<!-- This site is optimized with the Yoast SEO plugin v26.6 - https:\/\/yoast.com\/wordpress\/plugins\/seo\/ -->\n<title>Huile de lentisque | Huile naturelle | Bienfaits nombreux<\/title>\n<meta name=\"description\" content=\"On la conna\u00eet essentiellement pour ses vertus d\u00e9congestionnantes. L\u2019huile de lentisque pistachier\u00a0est une vraie alli\u00e9e pour le confort circulatoire.\" \/>\n<meta name=\"robots\" content=\"index, follow, max-snippet:-1, max-image-preview:large, max-video-preview:-1\" \/>\n<link rel=\"canonical\" href=\"https:\/\/www.safinel.fr\/de\/product-2\/mastixol\/\" \/>\n<meta property=\"og:locale\" content=\"de_DE\" \/>\n<meta property=\"og:type\" content=\"article\" \/>\n<meta property=\"og:title\" content=\"Huile de lentisque | Huile naturelle | Bienfaits nombreux\" \/>\n<meta property=\"og:description\" content=\"On la conna\u00eet essentiellement pour ses vertus d\u00e9congestionnantes. L\u2019huile de lentisque pistachier\u00a0est une vraie alli\u00e9e pour le confort circulatoire.\" \/>\n<meta property=\"og:url\" content=\"https:\/\/www.safinel.fr\/de\/product-2\/mastixol\/\" \/>\n<meta property=\"og:site_name\" content=\"Safinel\" \/>\n<meta property=\"article:modified_time\" content=\"2024-07-08T13:34:58+00:00\" \/>\n<meta property=\"og:image\" content=\"https:\/\/www.safinel.fr\/wp-content\/uploads\/2023\/07\/huile-de-lentisque.jpg.webp\" \/>\n\t<meta property=\"og:image:width\" content=\"600\" \/>\n\t<meta property=\"og:image:height\" content=\"600\" \/>\n\t<meta property=\"og:image:type\" content=\"image\/webp\" \/>\n<meta name=\"twitter:card\" content=\"summary_large_image\" \/>\n<meta name=\"twitter:label1\" content=\"Gesch\u00e4tzte Lesezeit\" \/>\n\t<meta name=\"twitter:data1\" content=\"2\u00a0Minuten\" \/>\n<script type=\"application\/ld+json\" class=\"yoast-schema-graph\">{\"@context\":\"https:\/\/schema.org\",\"@graph\":[{\"@type\":\"WebPage\",\"@id\":\"https:\/\/www.safinel.fr\/produit\/huile-de-lentisque\/\",\"url\":\"https:\/\/www.safinel.fr\/produit\/huile-de-lentisque\/\",\"name\":\"Huile de lentisque | Huile naturelle | Bienfaits nombreux\",\"isPartOf\":{\"@id\":\"https:\/\/www.safinel.fr\/#website\"},\"primaryImageOfPage\":{\"@id\":\"https:\/\/www.safinel.fr\/produit\/huile-de-lentisque\/#primaryimage\"},\"image\":{\"@id\":\"https:\/\/www.safinel.fr\/produit\/huile-de-lentisque\/#primaryimage\"},\"thumbnailUrl\":\"https:\/\/www.safinel.fr\/wp-content\/uploads\/2023\/07\/huile-de-lentisque.jpg.webp\",\"datePublished\":\"2023-07-06T19:05:47+00:00\",\"dateModified\":\"2024-07-08T13:34:58+00:00\",\"description\":\"On la conna\u00eet essentiellement pour ses vertus d\u00e9congestionnantes. L\u2019huile de lentisque pistachier\u00a0est une vraie alli\u00e9e pour le confort circulatoire.\",\"breadcrumb\":{\"@id\":\"https:\/\/www.safinel.fr\/produit\/huile-de-lentisque\/#breadcrumb\"},\"inLanguage\":\"de\",\"potentialAction\":[{\"@type\":\"ReadAction\",\"target\":[\"https:\/\/www.safinel.fr\/produit\/huile-de-lentisque\/\"]}]},{\"@type\":\"ImageObject\",\"inLanguage\":\"de\",\"@id\":\"https:\/\/www.safinel.fr\/produit\/huile-de-lentisque\/#primaryimage\",\"url\":\"https:\/\/www.safinel.fr\/wp-content\/uploads\/2023\/07\/huile-de-lentisque.jpg.webp\",\"contentUrl\":\"https:\/\/www.safinel.fr\/wp-content\/uploads\/2023\/07\/huile-de-lentisque.jpg.webp\",\"width\":600,\"height\":600,\"caption\":\"Huile de lentisque\"},{\"@type\":\"BreadcrumbList\",\"@id\":\"https:\/\/www.safinel.fr\/produit\/huile-de-lentisque\/#breadcrumb\",\"itemListElement\":[{\"@type\":\"ListItem\",\"position\":1,\"name\":\"Accueil\",\"item\":\"https:\/\/www.safinel.fr\/\"},{\"@type\":\"ListItem\",\"position\":2,\"name\":\"Boutique\",\"item\":\"https:\/\/www.safinel.fr\/boutique\/\"},{\"@type\":\"ListItem\",\"position\":3,\"name\":\"Huile de lentisque 50ml\"}]},{\"@type\":\"WebSite\",\"@id\":\"https:\/\/www.safinel.fr\/#website\",\"url\":\"https:\/\/www.safinel.fr\/\",\"name\":\"Safinel\",\"description\":\"\",\"publisher\":{\"@id\":\"https:\/\/www.safinel.fr\/#organization\"},\"potentialAction\":[{\"@type\":\"SearchAction\",\"target\":{\"@type\":\"EntryPoint\",\"urlTemplate\":\"https:\/\/www.safinel.fr\/?s={search_term_string}\"},\"query-input\":{\"@type\":\"PropertyValueSpecification\",\"valueRequired\":true,\"valueName\":\"search_term_string\"}}],\"inLanguage\":\"de\"},{\"@type\":\"Organization\",\"@id\":\"https:\/\/www.safinel.fr\/#organization\",\"name\":\"Safinel\",\"url\":\"https:\/\/www.safinel.fr\/\",\"logo\":{\"@type\":\"ImageObject\",\"inLanguage\":\"de\",\"@id\":\"https:\/\/www.safinel.fr\/#\/schema\/logo\/image\/\",\"url\":\"https:\/\/www.safinel.fr\/wp-content\/uploads\/2021\/05\/boutique-cosmetique.png\",\"contentUrl\":\"https:\/\/www.safinel.fr\/wp-content\/uploads\/2021\/05\/boutique-cosmetique.png\",\"width\":800,\"height\":200,\"caption\":\"Safinel\"},\"image\":{\"@id\":\"https:\/\/www.safinel.fr\/#\/schema\/logo\/image\/\"}}]}<\/script>\n<!-- \/ Yoast SEO plugin. -->","yoast_head_json":{"title":"Mastixbaum-\u00d6l | Nat\u00fcrliches \u00d6l | Zahlreiche Vorteile","description":"Es ist vor allem f\u00fcr seine abschwellenden Eigenschaften bekannt. Mastix\u00f6l ist ein wahrer Verb\u00fcndeter f\u00fcr die Durchblutungsf\u00f6rderung.","robots":{"index":"index","follow":"follow","max-snippet":"max-snippet:-1","max-image-preview":"max-image-preview:large","max-video-preview":"max-video-preview:-1"},"canonical":"https:\/\/www.safinel.fr\/de\/product-2\/mastixol\/","og_locale":"de_DE","og_type":"article","og_title":"Huile de lentisque | Huile naturelle | Bienfaits nombreux","og_description":"On la conna\u00eet essentiellement pour ses vertus d\u00e9congestionnantes. L\u2019huile de lentisque pistachier\u00a0est une vraie alli\u00e9e pour le confort circulatoire.","og_url":"https:\/\/www.safinel.fr\/de\/product-2\/mastixol\/","og_site_name":"Safinel","article_modified_time":"2024-07-08T13:34:58+00:00","og_image":[{"width":600,"height":600,"url":"https:\/\/www.safinel.fr\/wp-content\/uploads\/2023\/07\/huile-de-lentisque.jpg.webp","type":"image\/webp"}],"twitter_card":"summary_large_image","twitter_misc":{"Gesch\u00e4tzte Lesezeit":"2\u00a0Minuten"},"schema":{"@context":"https:\/\/schema.org","@graph":[{"@type":"WebPage","@id":"https:\/\/www.safinel.fr\/produit\/huile-de-lentisque\/","url":"https:\/\/www.safinel.fr\/produit\/huile-de-lentisque\/","name":"Mastixbaum-\u00d6l | Nat\u00fcrliches \u00d6l | Zahlreiche Vorteile","isPartOf":{"@id":"https:\/\/www.safinel.fr\/#website"},"primaryImageOfPage":{"@id":"https:\/\/www.safinel.fr\/produit\/huile-de-lentisque\/#primaryimage"},"image":{"@id":"https:\/\/www.safinel.fr\/produit\/huile-de-lentisque\/#primaryimage"},"thumbnailUrl":"https:\/\/www.safinel.fr\/wp-content\/uploads\/2023\/07\/huile-de-lentisque.jpg.webp","datePublished":"2023-07-06T19:05:47+00:00","dateModified":"2024-07-08T13:34:58+00:00","description":"Es ist vor allem f\u00fcr seine abschwellenden Eigenschaften bekannt. Mastix\u00f6l ist ein wahrer Verb\u00fcndeter f\u00fcr die Durchblutungsf\u00f6rderung.","breadcrumb":{"@id":"https:\/\/www.safinel.fr\/produit\/huile-de-lentisque\/#breadcrumb"},"inLanguage":"de","potentialAction":[{"@type":"ReadAction","target":["https:\/\/www.safinel.fr\/produit\/huile-de-lentisque\/"]}]},{"@type":"ImageObject","inLanguage":"de","@id":"https:\/\/www.safinel.fr\/produit\/huile-de-lentisque\/#primaryimage","url":"https:\/\/www.safinel.fr\/wp-content\/uploads\/2023\/07\/huile-de-lentisque.jpg.webp","contentUrl":"https:\/\/www.safinel.fr\/wp-content\/uploads\/2023\/07\/huile-de-lentisque.jpg.webp","width":600,"height":600,"caption":"Huile de lentisque"},{"@type":"BreadcrumbList","@id":"https:\/\/www.safinel.fr\/produit\/huile-de-lentisque\/#breadcrumb","itemListElement":[{"@type":"ListItem","position":1,"name":"Accueil","item":"https:\/\/www.safinel.fr\/"},{"@type":"ListItem","position":2,"name":"Boutique","item":"https:\/\/www.safinel.fr\/boutique\/"},{"@type":"ListItem","position":3,"name":"Huile de lentisque 50ml"}]},{"@type":"WebSite","@id":"https:\/\/www.safinel.fr\/#website","url":"https:\/\/www.safinel.fr\/","name":"Safinel","description":"","publisher":{"@id":"https:\/\/www.safinel.fr\/#organization"},"potentialAction":[{"@type":"SearchAction","target":{"@type":"EntryPoint","urlTemplate":"https:\/\/www.safinel.fr\/?s={search_term_string}"},"query-input":{"@type":"PropertyValueSpecification","valueRequired":true,"valueName":"search_term_string"}}],"inLanguage":"de"},{"@type":"Organization","@id":"https:\/\/www.safinel.fr\/#organization","name":"Safinel","url":"https:\/\/www.safinel.fr\/","logo":{"@type":"ImageObject","inLanguage":"de","@id":"https:\/\/www.safinel.fr\/#\/schema\/logo\/image\/","url":"https:\/\/www.safinel.fr\/wp-content\/uploads\/2021\/05\/boutique-cosmetique.png","contentUrl":"https:\/\/www.safinel.fr\/wp-content\/uploads\/2021\/05\/boutique-cosmetique.png","width":800,"height":200,"caption":"Safinel"},"image":{"@id":"https:\/\/www.safinel.fr\/#\/schema\/logo\/image\/"}}]}},"_links":{"self":[{"href":"https:\/\/www.safinel.fr\/de\/wp-json\/wp\/v2\/product\/6941","targetHints":{"allow":["GET"]}}],"collection":[{"href":"https:\/\/www.safinel.fr\/de\/wp-json\/wp\/v2\/product"}],"about":[{"href":"https:\/\/www.safinel.fr\/de\/wp-json\/wp\/v2\/types\/product"}],"wp:featuredmedia":[{"embeddable":true,"href":"https:\/\/www.safinel.fr\/de\/wp-json\/wp\/v2\/media\/6942"}],"wp:attachment":[{"href":"https:\/\/www.safinel.fr\/de\/wp-json\/wp\/v2\/media?parent=6941"}],"wp:term":[{"taxonomy":"product_brand","embeddable":true,"href":"https:\/\/www.safinel.fr\/de\/wp-json\/wp\/v2\/product_brand?post=6941"},{"taxonomy":"product_cat","embeddable":true,"href":"https:\/\/www.safinel.fr\/de\/wp-json\/wp\/v2\/product_cat?post=6941"},{"taxonomy":"product_tag","embeddable":true,"href":"https:\/\/www.safinel.fr\/de\/wp-json\/wp\/v2\/product_tag?post=6941"}],"curies":[{"name":"wp","href":"https:\/\/api.w.org\/{rel}","templated":true}]}}