{"id":6884,"date":"2023-07-04T17:28:14","date_gmt":"2023-07-04T17:28:14","guid":{"rendered":"https:\/\/www.safinel.fr\/?post_type=product&#038;p=6884"},"modified":"2023-12-30T11:53:50","modified_gmt":"2023-12-30T11:53:50","slug":"dabricot-ol","status":"publish","type":"product","link":"https:\/\/www.safinel.fr\/de\/product-2\/dabricot-ol\/","title":{"rendered":"Aprikosen\u00f6l 30ml"},"content":{"rendered":"<p>L\u2019<strong>Aprikosen\u00f6l<\/strong>\u00a0ist ein nat\u00fcrliches \u00d6l mit vielen positiven Eigenschaften f\u00fcr die Haut. Es wird aus der\u00a0<strong>Aprikosenkern<\/strong>, Dieses n\u00e4hrende und geschmeidig machende \u00d6l ist ideal f\u00fcr die t\u00e4gliche Pflege Ihrer Haut.<\/p>\n<p>Hier laden wir Sie ein, die Vorteile von Aprikosen\u00f6l 30ml sowie Tipps zum Kauf dieses \u00d6ls auf safinel.de zu entdecken.<\/p>\n<h2><strong>Die Eigenschaften von Aprikosen\u00f6l<\/strong><\/h2>\n<p>Erhalten durch\u00a0<strong>Kaltpressung<\/strong>\u00a0Aprikosenkernen hat dieses Produkt viele positive Eigenschaften, die es zu einer erstklassigen Hautpflege machen:<\/p>\n<ul>\n<li><strong>Reich an Vitamin E<\/strong>\u00a0: Auch Tocopherol genannt, ist Vitamin E ein starkes Antioxidans, das die Haut vor sch\u00e4dlichen Umwelteinfl\u00fcssen und vorzeitiger Alterung sch\u00fctzt.<\/li>\n<li><strong>Vitamin-A-Gehalt<\/strong>\u00a0: Vitamin A tr\u00e4gt zur Verbesserung der Zellerneuerung und zur Erhaltung einer gesunden Haut bei.<\/li>\n<li><strong>Omega 6<\/strong>\u00a0: Diese essentiellen Fetts\u00e4uren helfen, die Haut tiefgreifend zu n\u00e4hren und mit Feuchtigkeit zu versorgen.<\/li>\n<\/ul>\n<p>So ist dieses Naturkosmetikum dank seiner reichhaltigen und abwechslungsreichen Zusammensetzung ein wahres Konzentrat an Wohltaten f\u00fcr die Haut.<\/p>\n<h2><strong>Verwendungszwecke von Aprikosen\u00f6l<\/strong><\/h2>\n<p>Dieses nat\u00fcrliche \u00d6l eignet sich f\u00fcr viele Anwendungen, um Ihre Haut zu pflegen:<\/p>\n<ul>\n<li><strong>Tagespflege f\u00fcr das Gesicht<\/strong><\/li>\n<\/ul>\n<p>Morgens auf das Gesicht aufgetragen, n\u00e4hrt und sch\u00fctzt sie die Haut den ganzen Tag lang. Sie kann allein oder gemischt mit Ihrer \u00fcblichen Feuchtigkeitscreme verwendet werden.<\/p>\n<ul>\n<li><strong>K\u00f6rper\u00f6l<\/strong><\/li>\n<\/ul>\n<p>Bei der Massage zieht sie leicht in die Haut ein und hinterl\u00e4sst ein samtig-weiches Gef\u00fchl. Sie ist ideal zur Vorbeugung von\u00a0<a href=\"https:\/\/www.safinel.fr\/de\/product-2\/analfissur-paket\/\"><strong>Risse<\/strong><\/a>\u00a0und andere Symptome von\u00a0<strong>trockene Haut<\/strong>.<\/p>\n<ul>\n<li><strong>Br\u00e4unungsaktivator<\/strong><\/li>\n<\/ul>\n<p>Dank ihres hohen Vitamin-A-Gehalts f\u00f6rdert diese nat\u00fcrliche Pflege die Br\u00e4une und verl\u00e4ngert die Sonnenbr\u00e4une. Sie k\u00f6nnen es als nat\u00fcrliches Sonnen\u00f6l verwenden, aber Vorsicht: Es ist kein Ersatz f\u00fcr einen auf Ihren Hauttyp abgestimmten Sonnenschutz.<\/p>\n<h2><strong>Kaufen auf safinel.de<\/strong><\/h2>\n<p>Um die Vorteile dieses nat\u00fcrlichen \u00d6ls zu nutzen. Es ist von entscheidender Bedeutung, ein\u00a0<strong>hochwertiges \u00d6l<\/strong>\u00a0und durch Kaltpressung gewonnen wird. Auf safinel.de finden Sie eine Auswahl an hochwertigen Aprikosen\u00f6len aus der\u00a0<strong>erste Kaltpressung<\/strong>\u00a0um alle ihre Eigenschaften zu erhalten.<\/p>\n<h3><strong>Kriterien f\u00fcr die Auswahl<\/strong><\/h3>\n<p>Bei der Auswahl Ihres Aprikosen\u00f6ls sollten Sie folgende Punkte beachten:<\/p>\n<ul>\n<li><strong>Die Herkunft der Aprikosen<\/strong>\u00a0Aprikosen: Bevorzugen Sie \u00d6le aus Aprikosen, die ohne Pestizide angebaut wurden. Sie werden reif geerntet, um alle Vorteile der Frucht zu nutzen.<\/li>\n<li><strong>Die Art der Extraktion<\/strong>\u00a0: Entscheiden Sie sich f\u00fcr ein Aprikosen\u00f6l, das durch erste Kaltpressung gewonnen wurde. Dies garantiert n\u00e4mlich eine bessere Erhaltung der N\u00e4hrstoffe und essentiellen Fetts\u00e4uren.<\/li>\n<li><strong>Die Zusammensetzung<\/strong>\u00a0: Achten Sie darauf, dass das gew\u00e4hlte \u00d6l Vitamin E, A und Omega 6 enth\u00e4lt, um von seinen n\u00e4hrenden und sch\u00fctzenden Eigenschaften zu profitieren.<\/li>\n<\/ul>\n<h3><strong>Tipp zur Maximierung der Vorteile von Aprikosen\u00f6l<\/strong><\/h3>\n<p>Um das Beste aus Ihrem Aprikosen\u00f6l herauszuholen, k\u00f6nnen Sie es mit anderen mischen <a href=\"https:\/\/www.safinel.fr\/de\/product-category-2\/pflanzenol\/\"><strong>Pflanzen\u00f6le<\/strong><\/a> mit komplement\u00e4ren Eigenschaften, wie z. B.\u2019<strong>Sonnenblumen\u00f6l<\/strong>. Dieses ist reich an Vitamin E, das die antioxidative Wirkung des Aprikosen\u00f6ls verst\u00e4rkt und dazu beitr\u00e4gt, der Hautalterung vorzubeugen.<\/p>\n<p>Alles in allem ist Aprikosen\u00f6l eine wertvolle nat\u00fcrliche Pflege, mit der Sie Ihre Haut t\u00e4glich pflegen k\u00f6nnen. Es ist n\u00e4hrend, weichmachend und sch\u00fctzend und geh\u00f6rt zu den unverzichtbaren Bestandteilen Ihrer Sch\u00f6nheitsroutine.<\/p>\n<p>Besuchen Sie safinel.de, um diese hochwertige Kosmetik zu kaufen und von ihren zahlreichen Vorteilen zu profitieren.<\/p>","protected":false},"excerpt":{"rendered":"<p>L\u2019<strong>Aprikosen\u00f6l<\/strong>\u00a0ist ein nat\u00fcrliches \u00d6l mit vielen positiven Eigenschaften f\u00fcr die Haut. Es wird aus der\u00a0<strong>Aprikosenkern<\/strong>, Dieses n\u00e4hrende und geschmeidig machende \u00d6l ist ideal f\u00fcr die t\u00e4gliche Pflege Ihrer Haut.<\/p>\n<p><img decoding=\"async\" class=\"size-full wp-image-5091 aligncenter\" src=\"https:\/\/www.safinel.fr\/wp-content\/uploads\/2021\/06\/BANNIERE-ICONE-SAFINEL.webp\" alt=\"Satines-R\u00fcckversicherung\" width=\"800\" height=\"200\" srcset=\"https:\/\/www.safinel.fr\/wp-content\/uploads\/2021\/06\/BANNIERE-ICONE-SAFINEL.webp 800w, https:\/\/www.safinel.fr\/wp-content\/uploads\/2021\/06\/BANNIERE-ICONE-SAFINEL-600x150.webp 600w, https:\/\/www.safinel.fr\/wp-content\/uploads\/2021\/06\/BANNIERE-ICONE-SAFINEL-768x192.webp 768w\" sizes=\"(max-width: 800px) 100vw, 800px\" \/><\/p>","protected":false},"featured_media":6885,"template":"","meta":[],"product_brand":[],"product_cat":[122],"product_tag":[],"class_list":{"0":"post-6884","1":"product","2":"type-product","3":"status-publish","4":"has-post-thumbnail","6":"product_cat-huile-vegetale","8":"first","9":"instock","10":"shipping-taxable","11":"purchasable","12":"product-type-simple"},"yoast_head":"<!-- This site is optimized with the Yoast SEO plugin v26.6 - https:\/\/yoast.com\/wordpress\/plugins\/seo\/ -->\n<title>Huile d&#039;abricot 30ml | Huile naturelle aux multiples vertus<\/title>\n<meta name=\"description\" content=\"L&#039;huile d&#039;abricot\u00a0est une huile naturelle aux multiples vertus pour la peau. Huile nourrissante et adoucissante id\u00e9ale pour prendre soin de votre peau.\" \/>\n<meta name=\"robots\" content=\"index, follow, max-snippet:-1, max-image-preview:large, max-video-preview:-1\" \/>\n<link rel=\"canonical\" href=\"https:\/\/www.safinel.fr\/de\/product-2\/dabricot-ol\/\" \/>\n<meta property=\"og:locale\" content=\"de_DE\" \/>\n<meta property=\"og:type\" content=\"article\" \/>\n<meta property=\"og:title\" content=\"Huile d&#039;abricot 30ml | Huile naturelle aux multiples vertus\" \/>\n<meta property=\"og:description\" content=\"L&#039;huile d&#039;abricot\u00a0est une huile naturelle aux multiples vertus pour la peau. Huile nourrissante et adoucissante id\u00e9ale pour prendre soin de votre peau.\" \/>\n<meta property=\"og:url\" content=\"https:\/\/www.safinel.fr\/de\/product-2\/dabricot-ol\/\" \/>\n<meta property=\"og:site_name\" content=\"Safinel\" \/>\n<meta property=\"article:modified_time\" content=\"2023-12-30T11:53:50+00:00\" \/>\n<meta property=\"og:image\" content=\"https:\/\/www.safinel.fr\/wp-content\/uploads\/2023\/07\/huile-dabricot-30ml.jpg\" \/>\n\t<meta property=\"og:image:width\" content=\"600\" \/>\n\t<meta property=\"og:image:height\" content=\"600\" \/>\n\t<meta property=\"og:image:type\" content=\"image\/jpeg\" \/>\n<meta name=\"twitter:card\" content=\"summary_large_image\" \/>\n<meta name=\"twitter:label1\" content=\"Gesch\u00e4tzte Lesezeit\" \/>\n\t<meta name=\"twitter:data1\" content=\"3\u00a0Minuten\" \/>\n<script type=\"application\/ld+json\" class=\"yoast-schema-graph\">{\"@context\":\"https:\/\/schema.org\",\"@graph\":[{\"@type\":\"WebPage\",\"@id\":\"https:\/\/www.safinel.fr\/produit\/huile-dabricot\/\",\"url\":\"https:\/\/www.safinel.fr\/produit\/huile-dabricot\/\",\"name\":\"Huile d'abricot 30ml | Huile naturelle aux multiples vertus\",\"isPartOf\":{\"@id\":\"https:\/\/www.safinel.fr\/#website\"},\"primaryImageOfPage\":{\"@id\":\"https:\/\/www.safinel.fr\/produit\/huile-dabricot\/#primaryimage\"},\"image\":{\"@id\":\"https:\/\/www.safinel.fr\/produit\/huile-dabricot\/#primaryimage\"},\"thumbnailUrl\":\"https:\/\/www.safinel.fr\/wp-content\/uploads\/2023\/07\/huile-dabricot-30ml.jpg\",\"datePublished\":\"2023-07-04T17:28:14+00:00\",\"dateModified\":\"2023-12-30T11:53:50+00:00\",\"description\":\"L'huile d'abricot\u00a0est une huile naturelle aux multiples vertus pour la peau. Huile nourrissante et adoucissante id\u00e9ale pour prendre soin de votre peau.\",\"breadcrumb\":{\"@id\":\"https:\/\/www.safinel.fr\/produit\/huile-dabricot\/#breadcrumb\"},\"inLanguage\":\"de\",\"potentialAction\":[{\"@type\":\"ReadAction\",\"target\":[\"https:\/\/www.safinel.fr\/produit\/huile-dabricot\/\"]}]},{\"@type\":\"ImageObject\",\"inLanguage\":\"de\",\"@id\":\"https:\/\/www.safinel.fr\/produit\/huile-dabricot\/#primaryimage\",\"url\":\"https:\/\/www.safinel.fr\/wp-content\/uploads\/2023\/07\/huile-dabricot-30ml.jpg\",\"contentUrl\":\"https:\/\/www.safinel.fr\/wp-content\/uploads\/2023\/07\/huile-dabricot-30ml.jpg\",\"width\":600,\"height\":600,\"caption\":\"Huile d'abricot\u00a030ml\"},{\"@type\":\"BreadcrumbList\",\"@id\":\"https:\/\/www.safinel.fr\/produit\/huile-dabricot\/#breadcrumb\",\"itemListElement\":[{\"@type\":\"ListItem\",\"position\":1,\"name\":\"Accueil\",\"item\":\"https:\/\/www.safinel.fr\/\"},{\"@type\":\"ListItem\",\"position\":2,\"name\":\"Boutique\",\"item\":\"https:\/\/www.safinel.fr\/boutique\/\"},{\"@type\":\"ListItem\",\"position\":3,\"name\":\"Huile d&#8217;abricot 30ml\"}]},{\"@type\":\"WebSite\",\"@id\":\"https:\/\/www.safinel.fr\/#website\",\"url\":\"https:\/\/www.safinel.fr\/\",\"name\":\"Safinel\",\"description\":\"\",\"publisher\":{\"@id\":\"https:\/\/www.safinel.fr\/#organization\"},\"potentialAction\":[{\"@type\":\"SearchAction\",\"target\":{\"@type\":\"EntryPoint\",\"urlTemplate\":\"https:\/\/www.safinel.fr\/?s={search_term_string}\"},\"query-input\":{\"@type\":\"PropertyValueSpecification\",\"valueRequired\":true,\"valueName\":\"search_term_string\"}}],\"inLanguage\":\"de\"},{\"@type\":\"Organization\",\"@id\":\"https:\/\/www.safinel.fr\/#organization\",\"name\":\"Safinel\",\"url\":\"https:\/\/www.safinel.fr\/\",\"logo\":{\"@type\":\"ImageObject\",\"inLanguage\":\"de\",\"@id\":\"https:\/\/www.safinel.fr\/#\/schema\/logo\/image\/\",\"url\":\"https:\/\/www.safinel.fr\/wp-content\/uploads\/2021\/05\/boutique-cosmetique.png\",\"contentUrl\":\"https:\/\/www.safinel.fr\/wp-content\/uploads\/2021\/05\/boutique-cosmetique.png\",\"width\":800,\"height\":200,\"caption\":\"Safinel\"},\"image\":{\"@id\":\"https:\/\/www.safinel.fr\/#\/schema\/logo\/image\/\"}}]}<\/script>\n<!-- \/ Yoast SEO plugin. -->","yoast_head_json":{"title":"Aprikosen\u00f6l 30ml | Nat\u00fcrliches \u00d6l mit vielen positiven Eigenschaften","description":"Aprikosen\u00f6l ist ein nat\u00fcrliches \u00d6l mit vielen positiven Eigenschaften f\u00fcr die Haut. Das n\u00e4hrende und geschmeidig machende \u00d6l ist ideal f\u00fcr die Pflege Ihrer Haut.","robots":{"index":"index","follow":"follow","max-snippet":"max-snippet:-1","max-image-preview":"max-image-preview:large","max-video-preview":"max-video-preview:-1"},"canonical":"https:\/\/www.safinel.fr\/de\/product-2\/dabricot-ol\/","og_locale":"de_DE","og_type":"article","og_title":"Huile d'abricot 30ml | Huile naturelle aux multiples vertus","og_description":"L'huile d'abricot\u00a0est une huile naturelle aux multiples vertus pour la peau. Huile nourrissante et adoucissante id\u00e9ale pour prendre soin de votre peau.","og_url":"https:\/\/www.safinel.fr\/de\/product-2\/dabricot-ol\/","og_site_name":"Safinel","article_modified_time":"2023-12-30T11:53:50+00:00","og_image":[{"width":600,"height":600,"url":"https:\/\/www.safinel.fr\/wp-content\/uploads\/2023\/07\/huile-dabricot-30ml.jpg","type":"image\/jpeg"}],"twitter_card":"summary_large_image","twitter_misc":{"Gesch\u00e4tzte Lesezeit":"3\u00a0Minuten"},"schema":{"@context":"https:\/\/schema.org","@graph":[{"@type":"WebPage","@id":"https:\/\/www.safinel.fr\/produit\/huile-dabricot\/","url":"https:\/\/www.safinel.fr\/produit\/huile-dabricot\/","name":"Aprikosen\u00f6l 30ml | Nat\u00fcrliches \u00d6l mit vielen positiven Eigenschaften","isPartOf":{"@id":"https:\/\/www.safinel.fr\/#website"},"primaryImageOfPage":{"@id":"https:\/\/www.safinel.fr\/produit\/huile-dabricot\/#primaryimage"},"image":{"@id":"https:\/\/www.safinel.fr\/produit\/huile-dabricot\/#primaryimage"},"thumbnailUrl":"https:\/\/www.safinel.fr\/wp-content\/uploads\/2023\/07\/huile-dabricot-30ml.jpg","datePublished":"2023-07-04T17:28:14+00:00","dateModified":"2023-12-30T11:53:50+00:00","description":"Aprikosen\u00f6l ist ein nat\u00fcrliches \u00d6l mit vielen positiven Eigenschaften f\u00fcr die Haut. Das n\u00e4hrende und geschmeidig machende \u00d6l ist ideal f\u00fcr die Pflege Ihrer Haut.","breadcrumb":{"@id":"https:\/\/www.safinel.fr\/produit\/huile-dabricot\/#breadcrumb"},"inLanguage":"de","potentialAction":[{"@type":"ReadAction","target":["https:\/\/www.safinel.fr\/produit\/huile-dabricot\/"]}]},{"@type":"ImageObject","inLanguage":"de","@id":"https:\/\/www.safinel.fr\/produit\/huile-dabricot\/#primaryimage","url":"https:\/\/www.safinel.fr\/wp-content\/uploads\/2023\/07\/huile-dabricot-30ml.jpg","contentUrl":"https:\/\/www.safinel.fr\/wp-content\/uploads\/2023\/07\/huile-dabricot-30ml.jpg","width":600,"height":600,"caption":"Huile d'abricot\u00a030ml"},{"@type":"BreadcrumbList","@id":"https:\/\/www.safinel.fr\/produit\/huile-dabricot\/#breadcrumb","itemListElement":[{"@type":"ListItem","position":1,"name":"Accueil","item":"https:\/\/www.safinel.fr\/"},{"@type":"ListItem","position":2,"name":"Boutique","item":"https:\/\/www.safinel.fr\/boutique\/"},{"@type":"ListItem","position":3,"name":"Huile d&#8217;abricot 30ml"}]},{"@type":"WebSite","@id":"https:\/\/www.safinel.fr\/#website","url":"https:\/\/www.safinel.fr\/","name":"Safinel","description":"","publisher":{"@id":"https:\/\/www.safinel.fr\/#organization"},"potentialAction":[{"@type":"SearchAction","target":{"@type":"EntryPoint","urlTemplate":"https:\/\/www.safinel.fr\/?s={search_term_string}"},"query-input":{"@type":"PropertyValueSpecification","valueRequired":true,"valueName":"search_term_string"}}],"inLanguage":"de"},{"@type":"Organization","@id":"https:\/\/www.safinel.fr\/#organization","name":"Safinel","url":"https:\/\/www.safinel.fr\/","logo":{"@type":"ImageObject","inLanguage":"de","@id":"https:\/\/www.safinel.fr\/#\/schema\/logo\/image\/","url":"https:\/\/www.safinel.fr\/wp-content\/uploads\/2021\/05\/boutique-cosmetique.png","contentUrl":"https:\/\/www.safinel.fr\/wp-content\/uploads\/2021\/05\/boutique-cosmetique.png","width":800,"height":200,"caption":"Safinel"},"image":{"@id":"https:\/\/www.safinel.fr\/#\/schema\/logo\/image\/"}}]}},"_links":{"self":[{"href":"https:\/\/www.safinel.fr\/de\/wp-json\/wp\/v2\/product\/6884","targetHints":{"allow":["GET"]}}],"collection":[{"href":"https:\/\/www.safinel.fr\/de\/wp-json\/wp\/v2\/product"}],"about":[{"href":"https:\/\/www.safinel.fr\/de\/wp-json\/wp\/v2\/types\/product"}],"wp:featuredmedia":[{"embeddable":true,"href":"https:\/\/www.safinel.fr\/de\/wp-json\/wp\/v2\/media\/6885"}],"wp:attachment":[{"href":"https:\/\/www.safinel.fr\/de\/wp-json\/wp\/v2\/media?parent=6884"}],"wp:term":[{"taxonomy":"product_brand","embeddable":true,"href":"https:\/\/www.safinel.fr\/de\/wp-json\/wp\/v2\/product_brand?post=6884"},{"taxonomy":"product_cat","embeddable":true,"href":"https:\/\/www.safinel.fr\/de\/wp-json\/wp\/v2\/product_cat?post=6884"},{"taxonomy":"product_tag","embeddable":true,"href":"https:\/\/www.safinel.fr\/de\/wp-json\/wp\/v2\/product_tag?post=6884"}],"curies":[{"name":"wp","href":"https:\/\/api.w.org\/{rel}","templated":true}]}}