{"id":6847,"date":"2023-07-02T18:11:37","date_gmt":"2023-07-02T18:11:37","guid":{"rendered":"https:\/\/www.safinel.fr\/?post_type=product&#038;p=6847"},"modified":"2023-12-30T11:52:59","modified_gmt":"2023-12-30T11:52:59","slug":"davocatol","status":"publish","type":"product","link":"https:\/\/www.safinel.fr\/de\/product-2\/davocatol\/","title":{"rendered":"Avocado-\u00d6l 30ml"},"content":{"rendered":"<p><strong>Avocado\u00f6l<\/strong>, wird aus dem Fruchtfleisch gewonnen und ist bekannt f\u00fcr seine\u00a0<strong>Vorteile f\u00fcr Haut und Haar<\/strong>\u00a0dank seines Reichtums an Vitaminen, essentiellen Fetts\u00e4uren und Antioxidantien. Hier erfahren Sie alles, was Sie \u00fcber dieses nat\u00fcrliche \u00d6l wissen m\u00fcssen und wie Sie es im Alltag verwenden k\u00f6nnen, um von seinen zahlreichen Vorteilen zu profitieren.<\/p>\n<h2><strong>Die Eigenschaften und Vorteile von Avocado\u00f6l<\/strong><\/h2>\n<p>Reich an essentiellen N\u00e4hrstoffen, insbesondere an\u00a0<strong>Vitamin A, B, E, K und Omega-3-Fetts\u00e4uren.<\/strong><\/p>\n<p><strong>Avocado\u00f6l hat feuchtigkeitsspendende, n\u00e4hrende, regenerierende und Anti-Aging-Eigenschaften f\u00fcr Haut und Haar :<\/strong><\/p>\n<ul>\n<li><strong>Feuchtigkeitsspendend<\/strong>\u00a0: dank der darin enthaltenen essentiellen Fetts\u00e4uren. Avocado\u00f6l dringt leicht in die Haut ein und bildet einen Schutzfilm, der Wasser bindet und dem Austrocknen der Haut vorbeugt.<\/li>\n<li><strong>N\u00e4hrend<\/strong>\u00a0: ist reich an Vitaminen und versorgt Haut und Haar mit den N\u00e4hrstoffen, die sie brauchen, um gesund zu bleiben.<\/li>\n<li><strong>Regenerierend<\/strong>\u00a0: Dieses nat\u00fcrliche \u00d6l f\u00f6rdert die Zellregeneration und verbessert die Elastizit\u00e4t der Haut. Dies tr\u00e4gt dazu bei, die Zeichen der Zeit und Dehnungsstreifen zu reduzieren.<\/li>\n<li><strong>Anti-Aging<\/strong>\u00a0: Ihre nat\u00fcrlichen Antioxidantien sch\u00fctzen die Haut vor freien Radikalen, die f\u00fcr eine vorzeitige Hautalterung verantwortlich sind.<\/li>\n<\/ul>\n<h2><strong>Die Verwendung von Avocado\u00f6l in der Kosmetik<\/strong><\/h2>\n<p>Avocado\u00f6l kann allein oder gemischt mit anderen Pflanzen\u00f6len verwendet werden, um Pflegeprodukte herzustellen, die auf die spezifischen Bed\u00fcrfnisse jedes Hauttyps abgestimmt sind :<\/p>\n<h3><strong>Rezepte, die man kennen sollte<\/strong><\/h3>\n<ul>\n<li><strong>Pflege f\u00fcr das Gesicht<\/strong><\/li>\n<\/ul>\n<p>Avocado\u00f6l ist ideal, um die Gesichtshaut zu n\u00e4hren und mit Feuchtigkeit zu versorgen. Vor allem in der kalten Jahreszeit oder wenn sie \u00e4u\u00dferen Einfl\u00fcssen ausgesetzt ist. Es kann t\u00e4glich als Serum oder Nachtcreme aufgetragen werden. Massieren Sie dazu einige Tropfen in das gereinigte und noch feuchte Gesicht ein.<\/p>\n<p>In Kombination mit Wildrosen\u00f6l ist es eine hervorragende Anti-Falten- und Regenerationspflege f\u00fcr reife oder gesch\u00e4digte Haut. Um seine Vorteile voll auszusch\u00f6pfen, sollten Sie natives, nicht raffiniertes Avocado\u00f6l aus biologischem Anbau verwenden.<\/p>\n<ul>\n<li><strong>Pflege f\u00fcr das Haar<\/strong><\/li>\n<\/ul>\n<p>Avocado\u00f6l ist aufgrund seines Gehalts an Vitaminen und essentiellen Fetts\u00e4uren ideal f\u00fcr trockenes, br\u00fcchiges oder gesch\u00e4digtes Haar geeignet. Es kann verwendet werden in <a href=\"https:\/\/www.safinel.fr\/de\/olbad-fur-afrohaar\/\"><strong>\u00d6lbad<\/strong><\/a> vor dem Shampoo. Tragen Sie es gro\u00dfz\u00fcgig auf die L\u00e4ngen und Spitzen auf und lassen Sie es dann 30 Minuten bis mehrere Stunden unter einem warmen Handtuch einwirken.<\/p>\n<p>Als Erg\u00e4nzung zu seiner n\u00e4hrenden Wirkung. Sie f\u00f6rdert auch das Haarwachstum und st\u00e4rkt das Haar durch ihre kopfhautstimulierenden Eigenschaften.<\/p>\n<p>Um diese Effekte zu optimieren, kann man einige Tropfen Avocado\u00f6l mit <a href=\"https:\/\/www.safinel.fr\/de\/product-2\/karapatenol\/\"><strong>Rizinus\u00f6l<\/strong><\/a>, Es ist bekannt daf\u00fcr, dass es das Haarwachstum beschleunigt und ihm Volumen verleiht.<\/p>\n<ul>\n<li><strong>K\u00f6rperpflege<\/strong><\/li>\n<\/ul>\n<p>Avocado\u00f6l kann auch verwendet werden, um die K\u00f6rperhaut nach dem Duschen oder bei Massagen mit Feuchtigkeit zu versorgen und geschmeidig zu machen. Dar\u00fcber hinaus hilft es, Dehnungsstreifen vorzubeugen und zu mildern, insbesondere w\u00e4hrend der Schwangerschaft. Dies geschieht n\u00e4mlich dank seiner F\u00e4higkeit, die Hautelastizit\u00e4t zu verbessern. Dazu tragen Sie t\u00e4glich reines Avocado\u00f6l oder mit Kokos\u00f6l vermischtes \u00d6l auf. Dies auf die betroffenen Stellen (Bauch, Oberschenkel, H\u00fcften).<\/p>\n<h3><strong>Avocado\u00f6l kaufen auf safinel.de: Qualit\u00e4t und Sicherheit garantiert<\/strong><\/h3>\n<p>Um alle Vorteile des Avocado\u00f6ls zu nutzen. Es ist sehr wichtig, dass Sie ein hochwertiges, natives, nicht raffiniertes \u00d6l aus biologischem Anbau w\u00e4hlen. Bei safinel.de bieten wir eine Reihe von Avocado-\u00d6len an.\u2019<strong>reine und nat\u00fcrliche Avocado\u00f6le 100% in der Gr\u00f6\u00dfe 30ml<\/strong>, Sie sind ideal f\u00fcr alle Ihre kosmetischen Zwecke.<\/p>\n<p>Unsere Avocado\u00f6le werden sorgf\u00e4ltig ausgew\u00e4hlt, um Ihnen das Beste aus der Natur f\u00fcr Ihre Sch\u00f6nheit und Ihr Wohlbefinden zu bieten. Sie sind\u00a0<strong>ohne Konservierungsstoffe, Parabene oder Silikone.<\/strong><\/p>\n<p>Bei ihrer Herstellung werden die geltenden europ\u00e4ischen Normen eingehalten, um ihre R\u00fcckverfolgbarkeit und Unbedenklichkeit zu gew\u00e4hrleisten.<\/p>\n<p>Vertrauen Sie safinel.de, wenn Sie dieses hochwertige nat\u00fcrliche \u00d6l kaufen m\u00f6chten. Profitieren Sie von seinen zahlreichen positiven Eigenschaften f\u00fcr Haut und Haar.<\/p>\n<p>Z\u00f6gern Sie nicht, in unserem Online-Katalog zu st\u00f6bern, um alle unsere nat\u00fcrlichen und biologischen Produkte zu entdecken, die der nat\u00fcrlichen Sch\u00f6nheit gewidmet sind.<\/p>","protected":false},"excerpt":{"rendered":"<p><strong>Avocado\u00f6l<\/strong>, wird aus dem Fruchtfleisch gewonnen und ist bekannt f\u00fcr seine\u00a0<strong>Vorteile f\u00fcr Haut und Haar<\/strong>\u00a0dank ihres Reichtums an Vitaminen, essentiellen Fetts\u00e4uren und Antioxidantien.<\/p>\n<p><img decoding=\"async\" class=\"size-full wp-image-5091 aligncenter\" src=\"https:\/\/www.safinel.fr\/wp-content\/uploads\/2021\/06\/BANNIERE-ICONE-SAFINEL.webp\" alt=\"Satines-R\u00fcckversicherung\" width=\"800\" height=\"200\" srcset=\"https:\/\/www.safinel.fr\/wp-content\/uploads\/2021\/06\/BANNIERE-ICONE-SAFINEL.webp 800w, https:\/\/www.safinel.fr\/wp-content\/uploads\/2021\/06\/BANNIERE-ICONE-SAFINEL-600x150.webp 600w, https:\/\/www.safinel.fr\/wp-content\/uploads\/2021\/06\/BANNIERE-ICONE-SAFINEL-768x192.webp 768w\" sizes=\"(max-width: 800px) 100vw, 800px\" \/><\/p>","protected":false},"featured_media":6849,"template":"","meta":[],"product_brand":[],"product_cat":[122],"product_tag":[],"class_list":{"0":"post-6847","1":"product","2":"type-product","3":"status-publish","4":"has-post-thumbnail","6":"product_cat-huile-vegetale","8":"first","9":"instock","10":"shipping-taxable","11":"purchasable","12":"product-type-simple"},"yoast_head":"<!-- This site is optimized with the Yoast SEO plugin v26.6 - https:\/\/yoast.com\/wordpress\/plugins\/seo\/ -->\n<title>Huile d&#039;avocat | Huile naturelle | Bienfaits nombreux<\/title>\n<meta name=\"description\" content=\"L&#039;huile d&#039;avocat, extraite \u00e0 partir de la pulpe du fruit, est reconnue pour ses\u00a0bienfaits sur la peau et les cheveux. Adoptez-l\u00e0 sans plus attendre !\" \/>\n<meta name=\"robots\" content=\"index, follow, max-snippet:-1, max-image-preview:large, max-video-preview:-1\" \/>\n<link rel=\"canonical\" href=\"https:\/\/www.safinel.fr\/de\/product-2\/davocatol\/\" \/>\n<meta property=\"og:locale\" content=\"de_DE\" \/>\n<meta property=\"og:type\" content=\"article\" \/>\n<meta property=\"og:title\" content=\"Huile d&#039;avocat | Huile naturelle | Bienfaits nombreux\" \/>\n<meta property=\"og:description\" content=\"L&#039;huile d&#039;avocat, extraite \u00e0 partir de la pulpe du fruit, est reconnue pour ses\u00a0bienfaits sur la peau et les cheveux. Adoptez-l\u00e0 sans plus attendre !\" \/>\n<meta property=\"og:url\" content=\"https:\/\/www.safinel.fr\/de\/product-2\/davocatol\/\" \/>\n<meta property=\"og:site_name\" content=\"Safinel\" \/>\n<meta property=\"article:modified_time\" content=\"2023-12-30T11:52:59+00:00\" \/>\n<meta property=\"og:image\" content=\"https:\/\/www.safinel.fr\/wp-content\/uploads\/2023\/07\/huile-davocat-naturelle.jpg\" \/>\n\t<meta property=\"og:image:width\" content=\"600\" \/>\n\t<meta property=\"og:image:height\" content=\"600\" \/>\n\t<meta property=\"og:image:type\" content=\"image\/jpeg\" \/>\n<meta name=\"twitter:card\" content=\"summary_large_image\" \/>\n<meta name=\"twitter:label1\" content=\"Gesch\u00e4tzte Lesezeit\" \/>\n\t<meta name=\"twitter:data1\" content=\"4\u00a0Minuten\" \/>\n<script type=\"application\/ld+json\" class=\"yoast-schema-graph\">{\"@context\":\"https:\/\/schema.org\",\"@graph\":[{\"@type\":\"WebPage\",\"@id\":\"https:\/\/www.safinel.fr\/produit\/huile-davocat\/\",\"url\":\"https:\/\/www.safinel.fr\/produit\/huile-davocat\/\",\"name\":\"Huile d'avocat | Huile naturelle | Bienfaits nombreux\",\"isPartOf\":{\"@id\":\"https:\/\/www.safinel.fr\/#website\"},\"primaryImageOfPage\":{\"@id\":\"https:\/\/www.safinel.fr\/produit\/huile-davocat\/#primaryimage\"},\"image\":{\"@id\":\"https:\/\/www.safinel.fr\/produit\/huile-davocat\/#primaryimage\"},\"thumbnailUrl\":\"https:\/\/www.safinel.fr\/wp-content\/uploads\/2023\/07\/huile-davocat-naturelle.jpg\",\"datePublished\":\"2023-07-02T18:11:37+00:00\",\"dateModified\":\"2023-12-30T11:52:59+00:00\",\"description\":\"L'huile d'avocat, extraite \u00e0 partir de la pulpe du fruit, est reconnue pour ses\u00a0bienfaits sur la peau et les cheveux. Adoptez-l\u00e0 sans plus attendre !\",\"breadcrumb\":{\"@id\":\"https:\/\/www.safinel.fr\/produit\/huile-davocat\/#breadcrumb\"},\"inLanguage\":\"de\",\"potentialAction\":[{\"@type\":\"ReadAction\",\"target\":[\"https:\/\/www.safinel.fr\/produit\/huile-davocat\/\"]}]},{\"@type\":\"ImageObject\",\"inLanguage\":\"de\",\"@id\":\"https:\/\/www.safinel.fr\/produit\/huile-davocat\/#primaryimage\",\"url\":\"https:\/\/www.safinel.fr\/wp-content\/uploads\/2023\/07\/huile-davocat-naturelle.jpg\",\"contentUrl\":\"https:\/\/www.safinel.fr\/wp-content\/uploads\/2023\/07\/huile-davocat-naturelle.jpg\",\"width\":600,\"height\":600,\"caption\":\"Huile d\u2019avocat 30ml\"},{\"@type\":\"BreadcrumbList\",\"@id\":\"https:\/\/www.safinel.fr\/produit\/huile-davocat\/#breadcrumb\",\"itemListElement\":[{\"@type\":\"ListItem\",\"position\":1,\"name\":\"Accueil\",\"item\":\"https:\/\/www.safinel.fr\/\"},{\"@type\":\"ListItem\",\"position\":2,\"name\":\"Boutique\",\"item\":\"https:\/\/www.safinel.fr\/boutique\/\"},{\"@type\":\"ListItem\",\"position\":3,\"name\":\"Huile d&#8217;avocat 30ml\"}]},{\"@type\":\"WebSite\",\"@id\":\"https:\/\/www.safinel.fr\/#website\",\"url\":\"https:\/\/www.safinel.fr\/\",\"name\":\"Safinel\",\"description\":\"\",\"publisher\":{\"@id\":\"https:\/\/www.safinel.fr\/#organization\"},\"potentialAction\":[{\"@type\":\"SearchAction\",\"target\":{\"@type\":\"EntryPoint\",\"urlTemplate\":\"https:\/\/www.safinel.fr\/?s={search_term_string}\"},\"query-input\":{\"@type\":\"PropertyValueSpecification\",\"valueRequired\":true,\"valueName\":\"search_term_string\"}}],\"inLanguage\":\"de\"},{\"@type\":\"Organization\",\"@id\":\"https:\/\/www.safinel.fr\/#organization\",\"name\":\"Safinel\",\"url\":\"https:\/\/www.safinel.fr\/\",\"logo\":{\"@type\":\"ImageObject\",\"inLanguage\":\"de\",\"@id\":\"https:\/\/www.safinel.fr\/#\/schema\/logo\/image\/\",\"url\":\"https:\/\/www.safinel.fr\/wp-content\/uploads\/2021\/05\/boutique-cosmetique.png\",\"contentUrl\":\"https:\/\/www.safinel.fr\/wp-content\/uploads\/2021\/05\/boutique-cosmetique.png\",\"width\":800,\"height\":200,\"caption\":\"Safinel\"},\"image\":{\"@id\":\"https:\/\/www.safinel.fr\/#\/schema\/logo\/image\/\"}}]}<\/script>\n<!-- \/ Yoast SEO plugin. -->","yoast_head_json":{"title":"Avocado\u00f6l | Nat\u00fcrliches \u00d6l | Zahlreiche Vorteile","description":"Avocado\u00f6l wird aus dem Fruchtfleisch gewonnen und ist f\u00fcr seine wohltuende Wirkung auf Haut und Haar bekannt. Sie sollten es unbedingt verwenden!","robots":{"index":"index","follow":"follow","max-snippet":"max-snippet:-1","max-image-preview":"max-image-preview:large","max-video-preview":"max-video-preview:-1"},"canonical":"https:\/\/www.safinel.fr\/de\/product-2\/davocatol\/","og_locale":"de_DE","og_type":"article","og_title":"Huile d'avocat | Huile naturelle | Bienfaits nombreux","og_description":"L'huile d'avocat, extraite \u00e0 partir de la pulpe du fruit, est reconnue pour ses\u00a0bienfaits sur la peau et les cheveux. Adoptez-l\u00e0 sans plus attendre !","og_url":"https:\/\/www.safinel.fr\/de\/product-2\/davocatol\/","og_site_name":"Safinel","article_modified_time":"2023-12-30T11:52:59+00:00","og_image":[{"width":600,"height":600,"url":"https:\/\/www.safinel.fr\/wp-content\/uploads\/2023\/07\/huile-davocat-naturelle.jpg","type":"image\/jpeg"}],"twitter_card":"summary_large_image","twitter_misc":{"Gesch\u00e4tzte Lesezeit":"4\u00a0Minuten"},"schema":{"@context":"https:\/\/schema.org","@graph":[{"@type":"WebPage","@id":"https:\/\/www.safinel.fr\/produit\/huile-davocat\/","url":"https:\/\/www.safinel.fr\/produit\/huile-davocat\/","name":"Avocado\u00f6l | Nat\u00fcrliches \u00d6l | Zahlreiche Vorteile","isPartOf":{"@id":"https:\/\/www.safinel.fr\/#website"},"primaryImageOfPage":{"@id":"https:\/\/www.safinel.fr\/produit\/huile-davocat\/#primaryimage"},"image":{"@id":"https:\/\/www.safinel.fr\/produit\/huile-davocat\/#primaryimage"},"thumbnailUrl":"https:\/\/www.safinel.fr\/wp-content\/uploads\/2023\/07\/huile-davocat-naturelle.jpg","datePublished":"2023-07-02T18:11:37+00:00","dateModified":"2023-12-30T11:52:59+00:00","description":"Avocado\u00f6l wird aus dem Fruchtfleisch gewonnen und ist f\u00fcr seine wohltuende Wirkung auf Haut und Haar bekannt. Sie sollten es unbedingt verwenden!","breadcrumb":{"@id":"https:\/\/www.safinel.fr\/produit\/huile-davocat\/#breadcrumb"},"inLanguage":"de","potentialAction":[{"@type":"ReadAction","target":["https:\/\/www.safinel.fr\/produit\/huile-davocat\/"]}]},{"@type":"ImageObject","inLanguage":"de","@id":"https:\/\/www.safinel.fr\/produit\/huile-davocat\/#primaryimage","url":"https:\/\/www.safinel.fr\/wp-content\/uploads\/2023\/07\/huile-davocat-naturelle.jpg","contentUrl":"https:\/\/www.safinel.fr\/wp-content\/uploads\/2023\/07\/huile-davocat-naturelle.jpg","width":600,"height":600,"caption":"Huile d\u2019avocat 30ml"},{"@type":"BreadcrumbList","@id":"https:\/\/www.safinel.fr\/produit\/huile-davocat\/#breadcrumb","itemListElement":[{"@type":"ListItem","position":1,"name":"Accueil","item":"https:\/\/www.safinel.fr\/"},{"@type":"ListItem","position":2,"name":"Boutique","item":"https:\/\/www.safinel.fr\/boutique\/"},{"@type":"ListItem","position":3,"name":"Huile d&#8217;avocat 30ml"}]},{"@type":"WebSite","@id":"https:\/\/www.safinel.fr\/#website","url":"https:\/\/www.safinel.fr\/","name":"Safinel","description":"","publisher":{"@id":"https:\/\/www.safinel.fr\/#organization"},"potentialAction":[{"@type":"SearchAction","target":{"@type":"EntryPoint","urlTemplate":"https:\/\/www.safinel.fr\/?s={search_term_string}"},"query-input":{"@type":"PropertyValueSpecification","valueRequired":true,"valueName":"search_term_string"}}],"inLanguage":"de"},{"@type":"Organization","@id":"https:\/\/www.safinel.fr\/#organization","name":"Safinel","url":"https:\/\/www.safinel.fr\/","logo":{"@type":"ImageObject","inLanguage":"de","@id":"https:\/\/www.safinel.fr\/#\/schema\/logo\/image\/","url":"https:\/\/www.safinel.fr\/wp-content\/uploads\/2021\/05\/boutique-cosmetique.png","contentUrl":"https:\/\/www.safinel.fr\/wp-content\/uploads\/2021\/05\/boutique-cosmetique.png","width":800,"height":200,"caption":"Safinel"},"image":{"@id":"https:\/\/www.safinel.fr\/#\/schema\/logo\/image\/"}}]}},"_links":{"self":[{"href":"https:\/\/www.safinel.fr\/de\/wp-json\/wp\/v2\/product\/6847","targetHints":{"allow":["GET"]}}],"collection":[{"href":"https:\/\/www.safinel.fr\/de\/wp-json\/wp\/v2\/product"}],"about":[{"href":"https:\/\/www.safinel.fr\/de\/wp-json\/wp\/v2\/types\/product"}],"wp:featuredmedia":[{"embeddable":true,"href":"https:\/\/www.safinel.fr\/de\/wp-json\/wp\/v2\/media\/6849"}],"wp:attachment":[{"href":"https:\/\/www.safinel.fr\/de\/wp-json\/wp\/v2\/media?parent=6847"}],"wp:term":[{"taxonomy":"product_brand","embeddable":true,"href":"https:\/\/www.safinel.fr\/de\/wp-json\/wp\/v2\/product_brand?post=6847"},{"taxonomy":"product_cat","embeddable":true,"href":"https:\/\/www.safinel.fr\/de\/wp-json\/wp\/v2\/product_cat?post=6847"},{"taxonomy":"product_tag","embeddable":true,"href":"https:\/\/www.safinel.fr\/de\/wp-json\/wp\/v2\/product_tag?post=6847"}],"curies":[{"name":"wp","href":"https:\/\/api.w.org\/{rel}","templated":true}]}}