{"id":6833,"date":"2023-07-01T19:42:17","date_gmt":"2023-07-01T19:42:17","guid":{"rendered":"https:\/\/www.safinel.fr\/?post_type=product&#038;p=6833"},"modified":"2023-12-28T17:16:06","modified_gmt":"2023-12-28T17:16:06","slug":"mandelmus","status":"publish","type":"product","link":"https:\/\/www.safinel.fr\/de\/product-2\/mandelmus\/","title":{"rendered":"Mandelmus 200g"},"content":{"rendered":"<p>Marokko ist f\u00fcr seine geschmacksintensive und farbenfrohe K\u00fcche bekannt. Zu den kulinarischen Sch\u00e4tzen des Landes geh\u00f6rt auch ein unbekannter Brotaufstrich, dessen Geschmack Sie jedoch auf eine Reise mitnehmen wird: Amlou. Auch marokkanischer Amlou genannt, ist diese traditionelle Zubereitung eine wahre geschmackliche und n\u00e4hrstoffreiche Delikatesse.<\/p>\n<h2><strong>Was ist Amlu?<\/strong><\/h2>\n<p>Amlou ist eine\u00a0<strong>Brotaufstrich marokkanischer Herkunft<\/strong>\u00a0die haupts\u00e4chlich aus Mandeln, Honig und Argan\u00f6l hergestellt wird. Es handelt sich um ein 100%-Naturprodukt, das durch seine cremige Textur und seine exquisiten Aromen besticht.<\/p>\n<p>Man findet ihn h\u00e4ufig zum Fr\u00fchst\u00fcck oder bei Snacks in marokkanischen Familien serviert, wo er meist auf Brot oder Pfannkuchen gestrichen wird.<\/p>\n<h2><strong>Die Zutaten dieses nat\u00fcrlichen Brotaufstrichs\u00a0<\/strong><b>Marokkanerin<\/b><\/h2>\n<p>Amlou besteht aus drei Hauptzutaten:<\/p>\n<ol>\n<li><strong>Mandeln :<\/strong>\u00a0Mandeln sind reich an Proteinen, Ballaststoffen und Vitamin E. Sie sind ein hervorragendes Nahrungsmittel f\u00fcr die Gesundheit. Sie verleihen dem Amlou Knusprigkeit und Konsistenz.<\/li>\n<li><strong><a href=\"https:\/\/www.safinel.fr\/de\/product-category-2\/bienenzucht\/\">Honig<\/a> :<\/strong>\u00a0Honig ist von Natur aus s\u00fc\u00df und verleiht der Zubereitung eine gewisse S\u00fc\u00dfe, w\u00e4hrend er gleichzeitig Mineralien und Antioxidantien liefert, die dem K\u00f6rper gut tun.<\/li>\n<li><strong>Argan\u00f6l :<\/strong>\u00a0Das aus Marokko stammende Argan\u00f6l ist f\u00fcr seine zahlreichen Vorteile f\u00fcr Haut und Haare bekannt. In der K\u00fcche verleiht es dem Amlou eine einzigartige und unnachahmliche Geschmacksnote.<\/li>\n<\/ol>\n<p>Diese drei Zutaten werden vermischt, bis eine homogene, cremige Paste entsteht.<\/p>\n<h2><strong>Die Vorteile von Amloo<\/strong><\/h2>\n<p>Dieser Aufstrich ist nicht nur lecker, sondern hat auch mehrere gesundheitliche Vorteile:<\/p>\n<ul>\n<li><strong>Energiequelle :<\/strong>\u00a0Dank der Mandeln, die hochwertige Proteine und Fette enthalten. Dieser marokkanische Brotaufstrich ist ein hervorragender Energiebooster f\u00fcr einen guten Start in den Tag.<\/li>\n<li><strong>Antioxidationsmittel :<\/strong>\u00a0Honig ist reich an Antioxidantien, die dabei helfen, freie Radikale zu bek\u00e4mpfen, die f\u00fcr die Zellalterung und bestimmte Krankheiten verantwortlich sind.<\/li>\n<li><strong>Gute Fette :<\/strong>\u00a0Argan\u00f6l enth\u00e4lt unges\u00e4ttigte Fetts\u00e4uren. Sie sind gesund f\u00fcr das Herz und vorteilhaft f\u00fcr die Aufrechterhaltung eines guten Cholesterinspiegels.<\/li>\n<li><strong>S\u00e4ttigung :<\/strong>\u00a0Die Kombination aus den Ballaststoffen in den Mandeln und den nat\u00fcrlichen Zuckern im Honig sorgt f\u00fcr einen schnellen und lang anhaltenden S\u00e4ttigungseffekt und verhindert so, dass man Hei\u00dfhungerattacken und Naschereien nachgeben muss.<\/li>\n<\/ul>\n<h2><strong>Wie bereitet man Amlu zu Hause zu?<\/strong><\/h2>\n<p>Um Ihren eigenen hausgemachten Amlou herzustellen, folgen Sie diesem einfachen Rezept :<\/p>\n<ol>\n<li>R\u00f6sten Sie 250 g gesch\u00e4lte Mandeln etwa 10 Minuten lang bei 180 \u00b0C im Ofen. Lassen Sie sie abk\u00fchlen und mixen Sie sie dann fein, um ein Pulver zu erhalten.<\/li>\n<li>Vermischen Sie in einer Sch\u00fcssel das Mandelpulver mit 100g Honig und 10cl Argan\u00f6l. Passen Sie die Mengen nach Ihren pers\u00f6nlichen Vorlieben an (mehr oder weniger s\u00fc\u00df, mehr oder weniger cremig).<\/li>\n<li>P\u00fcrieren Sie alles, bis eine homogene, cremige Masse entsteht. In ein luftdichtes Glas f\u00fcllen und k\u00fchl aufbewahren.<\/li>\n<\/ol>\n<p>Sie k\u00f6nnen Ihren selbstgemachten Amlou auf Brot, Pfannkuchen oder Waffeln genie\u00dfen oder auch in Ihre s\u00fc\u00dfen oder herzhaften kulinarischen Zubereitungen (Tajines, Kuchen usw.) einarbeiten.<\/p>\n<h2><strong>Wo kann man marokkanischen Amlou kaufen?<\/strong><\/h2>\n<p>Wenn Sie keine Zeit haben, Ihr eigenes Amlou zuzubereiten, oder wenn Sie authentisches marokkanisches Amlou probieren m\u00f6chten, bevor Sie loslegen, gibt es Gesch\u00e4fte, die sich auf den Verkauf von marokkanischen Produkten spezialisiert haben und verzehrfertiges Amlou anbieten.<\/p>\n<p>So k\u00f6nnen Sie diesen nat\u00fcrlichen und schmackhaften Brotaufstrich kennenlernen, bevor Sie sich an die Zubereitung zu Hause machen.<\/p>\n<h3><strong>Welche Qualit\u00e4tskriterien Sie beachten sollten<\/strong><\/h3>\n<p>Bei der Auswahl eines guten marokkanischen Amlou sollten Sie darauf achten, dass die verwendeten Zutaten von hoher Qualit\u00e4t sind:<\/p>\n<ul>\n<li><strong>Frische Mandeln :<\/strong>\u00a0Entscheiden Sie sich f\u00fcr einen Amlou aus frisch geernteten Mandeln, die richtig gelagert werden, um ihren Geschmack und ihre Knusprigkeit zu gew\u00e4hrleisten.<\/li>\n<li><strong>Reiner Honig :<\/strong>\u00a0Bevorzugen Sie einen Honig, der nicht pasteurisiert wurde und keinen Zuckerzusatz enth\u00e4lt, um seine Vorteile und seine nat\u00fcrliche S\u00fc\u00dfe voll auszusch\u00f6pfen.<\/li>\n<li><strong>Argan\u00f6l f\u00fcr Lebensmittel :<\/strong>\u00a0Achten Sie darauf, dass Ihr Brotaufstrich essbares und nicht kosmetisches Argan\u00f6l enth\u00e4lt. Letzteres ist weniger aromatisch und kann Zusatzstoffe enthalten, die mit dem Verzehr von Lebensmitteln unvereinbar sind.<\/li>\n<\/ul>\n<p>Wenn Sie diese Ratschl\u00e4ge befolgen, k\u00f6nnen Sie einen hochwertigen marokkanischen Amlou aufsp\u00fcren, der Ihren Gaumen und den Ihrer Lieben verw\u00f6hnen wird.<\/p>","protected":false},"excerpt":{"rendered":"<p><strong>Zutaten :\u00a0<\/strong><\/p>\n<ol>\n<li><strong>Mandeln :<\/strong>\u00a0Mandeln sind reich an Proteinen, Ballaststoffen und Vitamin E. Sie sind ein hervorragendes Nahrungsmittel f\u00fcr die Gesundheit. Sie verleihen dem Amlou Knusprigkeit und Konsistenz.<\/li>\n<li><strong>Honig :<\/strong>\u00a0Honig ist von Natur aus s\u00fc\u00df und verleiht der Zubereitung eine gewisse S\u00fc\u00dfe, w\u00e4hrend er gleichzeitig Mineralien und Antioxidantien liefert, die dem K\u00f6rper gut tun.<\/li>\n<li><strong>Argan\u00f6l :<\/strong>\u00a0Das aus Marokko stammende Argan\u00f6l ist f\u00fcr seine zahlreichen Vorteile f\u00fcr Haut und Haare bekannt. In der K\u00fcche verleiht es dem Amlou eine einzigartige und unnachahmliche Geschmacksnote.<\/li>\n<\/ol>\n<p><img decoding=\"async\" class=\"size-full wp-image-5091 aligncenter\" src=\"https:\/\/www.safinel.fr\/wp-content\/uploads\/2021\/06\/BANNIERE-ICONE-SAFINEL.webp\" alt=\"Satines-R\u00fcckversicherung\" width=\"800\" height=\"200\" srcset=\"https:\/\/www.safinel.fr\/wp-content\/uploads\/2021\/06\/BANNIERE-ICONE-SAFINEL.webp 800w, https:\/\/www.safinel.fr\/wp-content\/uploads\/2021\/06\/BANNIERE-ICONE-SAFINEL-600x150.webp 600w, https:\/\/www.safinel.fr\/wp-content\/uploads\/2021\/06\/BANNIERE-ICONE-SAFINEL-768x192.webp 768w\" sizes=\"(max-width: 800px) 100vw, 800px\" \/><\/p>","protected":false},"featured_media":6834,"template":"","meta":[],"product_brand":[],"product_cat":[53],"product_tag":[],"class_list":{"0":"post-6833","1":"product","2":"type-product","3":"status-publish","4":"has-post-thumbnail","6":"product_cat-epices-marocaines","8":"first","9":"instock","10":"shipping-taxable","11":"purchasable","12":"product-type-simple"},"yoast_head":"<!-- This site is optimized with the Yoast SEO plugin v26.6 - https:\/\/yoast.com\/wordpress\/plugins\/seo\/ -->\n<title>Amlou aux amandes | P\u00e2te \u00e0 tartiner naturelle marocaine<\/title>\n<meta name=\"description\" content=\"L&#039;amlou est une\u00a0p\u00e2te \u00e0 tartiner d&#039;origine marocaine\u00a0r\u00e9alis\u00e9e principalement \u00e0 base d&#039;amandes, de miel et d&#039;huile d&#039;argan. Adoptez-l\u00e0 !\" \/>\n<meta name=\"robots\" content=\"index, follow, max-snippet:-1, max-image-preview:large, max-video-preview:-1\" \/>\n<link rel=\"canonical\" href=\"https:\/\/www.safinel.fr\/de\/product-2\/mandelmus\/\" \/>\n<meta property=\"og:locale\" content=\"de_DE\" \/>\n<meta property=\"og:type\" content=\"article\" \/>\n<meta property=\"og:title\" content=\"Amlou aux amandes | P\u00e2te \u00e0 tartiner naturelle marocaine\" \/>\n<meta property=\"og:description\" content=\"L&#039;amlou est une\u00a0p\u00e2te \u00e0 tartiner d&#039;origine marocaine\u00a0r\u00e9alis\u00e9e principalement \u00e0 base d&#039;amandes, de miel et d&#039;huile d&#039;argan. Adoptez-l\u00e0 !\" \/>\n<meta property=\"og:url\" content=\"https:\/\/www.safinel.fr\/de\/product-2\/mandelmus\/\" \/>\n<meta property=\"og:site_name\" content=\"Safinel\" \/>\n<meta property=\"article:modified_time\" content=\"2023-12-28T17:16:06+00:00\" \/>\n<meta property=\"og:image\" content=\"https:\/\/www.safinel.fr\/wp-content\/uploads\/2023\/07\/amlou-aux-amandes.jpg\" \/>\n\t<meta property=\"og:image:width\" content=\"600\" \/>\n\t<meta property=\"og:image:height\" content=\"600\" \/>\n\t<meta property=\"og:image:type\" content=\"image\/jpeg\" \/>\n<meta name=\"twitter:card\" content=\"summary_large_image\" \/>\n<meta name=\"twitter:label1\" content=\"Gesch\u00e4tzte Lesezeit\" \/>\n\t<meta name=\"twitter:data1\" content=\"4\u00a0Minuten\" \/>\n<script type=\"application\/ld+json\" class=\"yoast-schema-graph\">{\"@context\":\"https:\/\/schema.org\",\"@graph\":[{\"@type\":\"WebPage\",\"@id\":\"https:\/\/www.safinel.fr\/produit\/amlou-aux-amandes\/\",\"url\":\"https:\/\/www.safinel.fr\/produit\/amlou-aux-amandes\/\",\"name\":\"Amlou aux amandes | P\u00e2te \u00e0 tartiner naturelle marocaine\",\"isPartOf\":{\"@id\":\"https:\/\/www.safinel.fr\/#website\"},\"primaryImageOfPage\":{\"@id\":\"https:\/\/www.safinel.fr\/produit\/amlou-aux-amandes\/#primaryimage\"},\"image\":{\"@id\":\"https:\/\/www.safinel.fr\/produit\/amlou-aux-amandes\/#primaryimage\"},\"thumbnailUrl\":\"https:\/\/www.safinel.fr\/wp-content\/uploads\/2023\/07\/amlou-aux-amandes.jpg\",\"datePublished\":\"2023-07-01T19:42:17+00:00\",\"dateModified\":\"2023-12-28T17:16:06+00:00\",\"description\":\"L'amlou est une\u00a0p\u00e2te \u00e0 tartiner d'origine marocaine\u00a0r\u00e9alis\u00e9e principalement \u00e0 base d'amandes, de miel et d'huile d'argan. Adoptez-l\u00e0 !\",\"breadcrumb\":{\"@id\":\"https:\/\/www.safinel.fr\/produit\/amlou-aux-amandes\/#breadcrumb\"},\"inLanguage\":\"de\",\"potentialAction\":[{\"@type\":\"ReadAction\",\"target\":[\"https:\/\/www.safinel.fr\/produit\/amlou-aux-amandes\/\"]}]},{\"@type\":\"ImageObject\",\"inLanguage\":\"de\",\"@id\":\"https:\/\/www.safinel.fr\/produit\/amlou-aux-amandes\/#primaryimage\",\"url\":\"https:\/\/www.safinel.fr\/wp-content\/uploads\/2023\/07\/amlou-aux-amandes.jpg\",\"contentUrl\":\"https:\/\/www.safinel.fr\/wp-content\/uploads\/2023\/07\/amlou-aux-amandes.jpg\",\"width\":600,\"height\":600,\"caption\":\"Amlou aux amandes 200g\"},{\"@type\":\"BreadcrumbList\",\"@id\":\"https:\/\/www.safinel.fr\/produit\/amlou-aux-amandes\/#breadcrumb\",\"itemListElement\":[{\"@type\":\"ListItem\",\"position\":1,\"name\":\"Accueil\",\"item\":\"https:\/\/www.safinel.fr\/\"},{\"@type\":\"ListItem\",\"position\":2,\"name\":\"Boutique\",\"item\":\"https:\/\/www.safinel.fr\/boutique\/\"},{\"@type\":\"ListItem\",\"position\":3,\"name\":\"Amlou aux amandes 200g\"}]},{\"@type\":\"WebSite\",\"@id\":\"https:\/\/www.safinel.fr\/#website\",\"url\":\"https:\/\/www.safinel.fr\/\",\"name\":\"Safinel\",\"description\":\"\",\"publisher\":{\"@id\":\"https:\/\/www.safinel.fr\/#organization\"},\"potentialAction\":[{\"@type\":\"SearchAction\",\"target\":{\"@type\":\"EntryPoint\",\"urlTemplate\":\"https:\/\/www.safinel.fr\/?s={search_term_string}\"},\"query-input\":{\"@type\":\"PropertyValueSpecification\",\"valueRequired\":true,\"valueName\":\"search_term_string\"}}],\"inLanguage\":\"de\"},{\"@type\":\"Organization\",\"@id\":\"https:\/\/www.safinel.fr\/#organization\",\"name\":\"Safinel\",\"url\":\"https:\/\/www.safinel.fr\/\",\"logo\":{\"@type\":\"ImageObject\",\"inLanguage\":\"de\",\"@id\":\"https:\/\/www.safinel.fr\/#\/schema\/logo\/image\/\",\"url\":\"https:\/\/www.safinel.fr\/wp-content\/uploads\/2021\/05\/boutique-cosmetique.png\",\"contentUrl\":\"https:\/\/www.safinel.fr\/wp-content\/uploads\/2021\/05\/boutique-cosmetique.png\",\"width\":800,\"height\":200,\"caption\":\"Safinel\"},\"image\":{\"@id\":\"https:\/\/www.safinel.fr\/#\/schema\/logo\/image\/\"}}]}<\/script>\n<!-- \/ Yoast SEO plugin. -->","yoast_head_json":{"title":"Amlou mit Mandeln | Nat\u00fcrlicher marokkanischer Brotaufstrich","description":"Amlou ist ein marokkanischer Brotaufstrich, der haupts\u00e4chlich aus Mandeln, Honig und Argan\u00f6l hergestellt wird. Adoptieren Sie ihn!","robots":{"index":"index","follow":"follow","max-snippet":"max-snippet:-1","max-image-preview":"max-image-preview:large","max-video-preview":"max-video-preview:-1"},"canonical":"https:\/\/www.safinel.fr\/de\/product-2\/mandelmus\/","og_locale":"de_DE","og_type":"article","og_title":"Amlou aux amandes | P\u00e2te \u00e0 tartiner naturelle marocaine","og_description":"L'amlou est une\u00a0p\u00e2te \u00e0 tartiner d'origine marocaine\u00a0r\u00e9alis\u00e9e principalement \u00e0 base d'amandes, de miel et d'huile d'argan. Adoptez-l\u00e0 !","og_url":"https:\/\/www.safinel.fr\/de\/product-2\/mandelmus\/","og_site_name":"Safinel","article_modified_time":"2023-12-28T17:16:06+00:00","og_image":[{"width":600,"height":600,"url":"https:\/\/www.safinel.fr\/wp-content\/uploads\/2023\/07\/amlou-aux-amandes.jpg","type":"image\/jpeg"}],"twitter_card":"summary_large_image","twitter_misc":{"Gesch\u00e4tzte Lesezeit":"4\u00a0Minuten"},"schema":{"@context":"https:\/\/schema.org","@graph":[{"@type":"WebPage","@id":"https:\/\/www.safinel.fr\/produit\/amlou-aux-amandes\/","url":"https:\/\/www.safinel.fr\/produit\/amlou-aux-amandes\/","name":"Amlou mit Mandeln | Nat\u00fcrlicher marokkanischer Brotaufstrich","isPartOf":{"@id":"https:\/\/www.safinel.fr\/#website"},"primaryImageOfPage":{"@id":"https:\/\/www.safinel.fr\/produit\/amlou-aux-amandes\/#primaryimage"},"image":{"@id":"https:\/\/www.safinel.fr\/produit\/amlou-aux-amandes\/#primaryimage"},"thumbnailUrl":"https:\/\/www.safinel.fr\/wp-content\/uploads\/2023\/07\/amlou-aux-amandes.jpg","datePublished":"2023-07-01T19:42:17+00:00","dateModified":"2023-12-28T17:16:06+00:00","description":"Amlou ist ein marokkanischer Brotaufstrich, der haupts\u00e4chlich aus Mandeln, Honig und Argan\u00f6l hergestellt wird. Adoptieren Sie ihn!","breadcrumb":{"@id":"https:\/\/www.safinel.fr\/produit\/amlou-aux-amandes\/#breadcrumb"},"inLanguage":"de","potentialAction":[{"@type":"ReadAction","target":["https:\/\/www.safinel.fr\/produit\/amlou-aux-amandes\/"]}]},{"@type":"ImageObject","inLanguage":"de","@id":"https:\/\/www.safinel.fr\/produit\/amlou-aux-amandes\/#primaryimage","url":"https:\/\/www.safinel.fr\/wp-content\/uploads\/2023\/07\/amlou-aux-amandes.jpg","contentUrl":"https:\/\/www.safinel.fr\/wp-content\/uploads\/2023\/07\/amlou-aux-amandes.jpg","width":600,"height":600,"caption":"Amlou aux amandes 200g"},{"@type":"BreadcrumbList","@id":"https:\/\/www.safinel.fr\/produit\/amlou-aux-amandes\/#breadcrumb","itemListElement":[{"@type":"ListItem","position":1,"name":"Accueil","item":"https:\/\/www.safinel.fr\/"},{"@type":"ListItem","position":2,"name":"Boutique","item":"https:\/\/www.safinel.fr\/boutique\/"},{"@type":"ListItem","position":3,"name":"Amlou aux amandes 200g"}]},{"@type":"WebSite","@id":"https:\/\/www.safinel.fr\/#website","url":"https:\/\/www.safinel.fr\/","name":"Safinel","description":"","publisher":{"@id":"https:\/\/www.safinel.fr\/#organization"},"potentialAction":[{"@type":"SearchAction","target":{"@type":"EntryPoint","urlTemplate":"https:\/\/www.safinel.fr\/?s={search_term_string}"},"query-input":{"@type":"PropertyValueSpecification","valueRequired":true,"valueName":"search_term_string"}}],"inLanguage":"de"},{"@type":"Organization","@id":"https:\/\/www.safinel.fr\/#organization","name":"Safinel","url":"https:\/\/www.safinel.fr\/","logo":{"@type":"ImageObject","inLanguage":"de","@id":"https:\/\/www.safinel.fr\/#\/schema\/logo\/image\/","url":"https:\/\/www.safinel.fr\/wp-content\/uploads\/2021\/05\/boutique-cosmetique.png","contentUrl":"https:\/\/www.safinel.fr\/wp-content\/uploads\/2021\/05\/boutique-cosmetique.png","width":800,"height":200,"caption":"Safinel"},"image":{"@id":"https:\/\/www.safinel.fr\/#\/schema\/logo\/image\/"}}]}},"_links":{"self":[{"href":"https:\/\/www.safinel.fr\/de\/wp-json\/wp\/v2\/product\/6833","targetHints":{"allow":["GET"]}}],"collection":[{"href":"https:\/\/www.safinel.fr\/de\/wp-json\/wp\/v2\/product"}],"about":[{"href":"https:\/\/www.safinel.fr\/de\/wp-json\/wp\/v2\/types\/product"}],"wp:featuredmedia":[{"embeddable":true,"href":"https:\/\/www.safinel.fr\/de\/wp-json\/wp\/v2\/media\/6834"}],"wp:attachment":[{"href":"https:\/\/www.safinel.fr\/de\/wp-json\/wp\/v2\/media?parent=6833"}],"wp:term":[{"taxonomy":"product_brand","embeddable":true,"href":"https:\/\/www.safinel.fr\/de\/wp-json\/wp\/v2\/product_brand?post=6833"},{"taxonomy":"product_cat","embeddable":true,"href":"https:\/\/www.safinel.fr\/de\/wp-json\/wp\/v2\/product_cat?post=6833"},{"taxonomy":"product_tag","embeddable":true,"href":"https:\/\/www.safinel.fr\/de\/wp-json\/wp\/v2\/product_tag?post=6833"}],"curies":[{"name":"wp","href":"https:\/\/api.w.org\/{rel}","templated":true}]}}