{"id":6759,"date":"2023-06-28T18:59:36","date_gmt":"2023-06-28T18:59:36","guid":{"rendered":"https:\/\/www.safinel.fr\/?post_type=product&#038;p=6759"},"modified":"2024-01-17T11:37:56","modified_gmt":"2024-01-17T11:37:56","slug":"satz-von-2-bazooka-cremes","status":"publish","type":"product","link":"https:\/\/www.safinel.fr\/de\/product-2\/satz-von-2-bazooka-cremes\/","title":{"rendered":"2er-Set Bazooka-Cremes (100ml x 2)"},"content":{"rendered":"","protected":false},"excerpt":{"rendered":"<p><strong>Eigenschaften :\u00a0<\/strong><\/p>\n<ul>\n<li>Zur Verbesserung der Durchblutung und der Gesundheit der Fortpflanzungsorgane bei M\u00e4nnern<\/li>\n<li>Sie kann helfen, die Haut zu revitalisieren,<\/li>\n<li>Tr\u00e4gt dazu bei, Dehnungsstreifen zu reduzieren und die Elastizit\u00e4t der Haut zu verbessern<\/li>\n<li>Die Bazooka-Creme kann auch helfen, die sexuelle Ausdauer und Kraft zu steigern.<\/li>\n<li>Schlie\u00dflich kann man damit auch intime Beziehungen ein wenig aufpeppen.<\/li>\n<\/ul>\n<p><img decoding=\"async\" class=\"size-full wp-image-5091 aligncenter\" src=\"https:\/\/www.safinel.fr\/wp-content\/uploads\/2021\/06\/BANNIERE-ICONE-SAFINEL.webp\" alt=\"Satines-R\u00fcckversicherung\" width=\"800\" height=\"200\" srcset=\"https:\/\/www.safinel.fr\/wp-content\/uploads\/2021\/06\/BANNIERE-ICONE-SAFINEL.webp 800w, https:\/\/www.safinel.fr\/wp-content\/uploads\/2021\/06\/BANNIERE-ICONE-SAFINEL-600x150.webp 600w, https:\/\/www.safinel.fr\/wp-content\/uploads\/2021\/06\/BANNIERE-ICONE-SAFINEL-768x192.webp 768w\" sizes=\"(max-width: 800px) 100vw, 800px\" \/><\/p>","protected":false},"featured_media":6750,"template":"","meta":[],"product_brand":[],"product_cat":[168],"product_tag":[],"class_list":{"0":"post-6759","1":"product","2":"type-product","3":"status-publish","4":"has-post-thumbnail","6":"product_cat-promo","8":"first","9":"instock","10":"sale","11":"shipping-taxable","12":"purchasable","13":"product-type-simple"},"yoast_head":"<!-- This site is optimized with the Yoast SEO plugin v26.6 - https:\/\/yoast.com\/wordpress\/plugins\/seo\/ -->\n<title>Lot de 2 cr\u00e8mes bazooka (100ml x 2) - Safinel<\/title>\n<meta name=\"robots\" content=\"index, follow, max-snippet:-1, max-image-preview:large, max-video-preview:-1\" \/>\n<link rel=\"canonical\" href=\"https:\/\/www.safinel.fr\/de\/product-2\/satz-von-2-bazooka-cremes\/\" \/>\n<meta property=\"og:locale\" content=\"de_DE\" \/>\n<meta property=\"og:type\" content=\"article\" \/>\n<meta property=\"og:title\" content=\"Lot de 2 cr\u00e8mes bazooka (100ml x 2) - Safinel\" \/>\n<meta property=\"og:description\" content=\"Caract\u00e9ristiques :\u00a0   \u00c0 am\u00e9liorer la circulation sanguine et la sant\u00e9 des organes reproducteurs pour les hommes  Elle peut aider \u00e0 revitaliser la peau,  Contribue \u00e0 r\u00e9duire les vergetures et \u00e0 am\u00e9liorer l\u2019\u00e9lasticit\u00e9 de la peau  La cr\u00e8me Bazooka peut \u00e9galement aider \u00e0 augmenter l\u2019endurance et la vigueur sexuelle  Enfin, elle permet de pimenter un peu les relations intimes.\" \/>\n<meta property=\"og:url\" content=\"https:\/\/www.safinel.fr\/de\/product-2\/satz-von-2-bazooka-cremes\/\" \/>\n<meta property=\"og:site_name\" content=\"Safinel\" \/>\n<meta property=\"article:modified_time\" content=\"2024-01-17T11:37:56+00:00\" \/>\n<meta property=\"og:image\" content=\"https:\/\/www.safinel.fr\/wp-content\/uploads\/2023\/06\/bundle-bazooka-X2.jpg\" \/>\n\t<meta property=\"og:image:width\" content=\"600\" \/>\n\t<meta property=\"og:image:height\" content=\"600\" \/>\n\t<meta property=\"og:image:type\" content=\"image\/jpeg\" \/>\n<meta name=\"twitter:card\" content=\"summary_large_image\" \/>\n<script type=\"application\/ld+json\" class=\"yoast-schema-graph\">{\"@context\":\"https:\/\/schema.org\",\"@graph\":[{\"@type\":\"WebPage\",\"@id\":\"https:\/\/www.safinel.fr\/produit\/lot-de-2-cremes-bazooka\/\",\"url\":\"https:\/\/www.safinel.fr\/produit\/lot-de-2-cremes-bazooka\/\",\"name\":\"Lot de 2 cr\u00e8mes bazooka (100ml x 2) - Safinel\",\"isPartOf\":{\"@id\":\"https:\/\/www.safinel.fr\/#website\"},\"primaryImageOfPage\":{\"@id\":\"https:\/\/www.safinel.fr\/produit\/lot-de-2-cremes-bazooka\/#primaryimage\"},\"image\":{\"@id\":\"https:\/\/www.safinel.fr\/produit\/lot-de-2-cremes-bazooka\/#primaryimage\"},\"thumbnailUrl\":\"https:\/\/www.safinel.fr\/wp-content\/uploads\/2023\/06\/bundle-bazooka-X2.jpg\",\"datePublished\":\"2023-06-28T18:59:36+00:00\",\"dateModified\":\"2024-01-17T11:37:56+00:00\",\"breadcrumb\":{\"@id\":\"https:\/\/www.safinel.fr\/produit\/lot-de-2-cremes-bazooka\/#breadcrumb\"},\"inLanguage\":\"de\",\"potentialAction\":[{\"@type\":\"ReadAction\",\"target\":[\"https:\/\/www.safinel.fr\/produit\/lot-de-2-cremes-bazooka\/\"]}]},{\"@type\":\"ImageObject\",\"inLanguage\":\"de\",\"@id\":\"https:\/\/www.safinel.fr\/produit\/lot-de-2-cremes-bazooka\/#primaryimage\",\"url\":\"https:\/\/www.safinel.fr\/wp-content\/uploads\/2023\/06\/bundle-bazooka-X2.jpg\",\"contentUrl\":\"https:\/\/www.safinel.fr\/wp-content\/uploads\/2023\/06\/bundle-bazooka-X2.jpg\",\"width\":600,\"height\":600,\"caption\":\"bundle bazooka X2 - 1\"},{\"@type\":\"BreadcrumbList\",\"@id\":\"https:\/\/www.safinel.fr\/produit\/lot-de-2-cremes-bazooka\/#breadcrumb\",\"itemListElement\":[{\"@type\":\"ListItem\",\"position\":1,\"name\":\"Accueil\",\"item\":\"https:\/\/www.safinel.fr\/\"},{\"@type\":\"ListItem\",\"position\":2,\"name\":\"Boutique\",\"item\":\"https:\/\/www.safinel.fr\/boutique\/\"},{\"@type\":\"ListItem\",\"position\":3,\"name\":\"Lot de 2 cr\u00e8mes bazooka (100ml x 2)\"}]},{\"@type\":\"WebSite\",\"@id\":\"https:\/\/www.safinel.fr\/#website\",\"url\":\"https:\/\/www.safinel.fr\/\",\"name\":\"Safinel\",\"description\":\"\",\"publisher\":{\"@id\":\"https:\/\/www.safinel.fr\/#organization\"},\"potentialAction\":[{\"@type\":\"SearchAction\",\"target\":{\"@type\":\"EntryPoint\",\"urlTemplate\":\"https:\/\/www.safinel.fr\/?s={search_term_string}\"},\"query-input\":{\"@type\":\"PropertyValueSpecification\",\"valueRequired\":true,\"valueName\":\"search_term_string\"}}],\"inLanguage\":\"de\"},{\"@type\":\"Organization\",\"@id\":\"https:\/\/www.safinel.fr\/#organization\",\"name\":\"Safinel\",\"url\":\"https:\/\/www.safinel.fr\/\",\"logo\":{\"@type\":\"ImageObject\",\"inLanguage\":\"de\",\"@id\":\"https:\/\/www.safinel.fr\/#\/schema\/logo\/image\/\",\"url\":\"https:\/\/www.safinel.fr\/wp-content\/uploads\/2021\/05\/boutique-cosmetique.png\",\"contentUrl\":\"https:\/\/www.safinel.fr\/wp-content\/uploads\/2021\/05\/boutique-cosmetique.png\",\"width\":800,\"height\":200,\"caption\":\"Safinel\"},\"image\":{\"@id\":\"https:\/\/www.safinel.fr\/#\/schema\/logo\/image\/\"}}]}<\/script>\n<!-- \/ Yoast SEO plugin. -->","yoast_head_json":{"title":"2er-Set Bazooka-Cremes (100ml x 2) - Safinel","robots":{"index":"index","follow":"follow","max-snippet":"max-snippet:-1","max-image-preview":"max-image-preview:large","max-video-preview":"max-video-preview:-1"},"canonical":"https:\/\/www.safinel.fr\/de\/product-2\/satz-von-2-bazooka-cremes\/","og_locale":"de_DE","og_type":"article","og_title":"Lot de 2 cr\u00e8mes bazooka (100ml x 2) - Safinel","og_description":"Caract\u00e9ristiques :\u00a0   \u00c0 am\u00e9liorer la circulation sanguine et la sant\u00e9 des organes reproducteurs pour les hommes  Elle peut aider \u00e0 revitaliser la peau,  Contribue \u00e0 r\u00e9duire les vergetures et \u00e0 am\u00e9liorer l\u2019\u00e9lasticit\u00e9 de la peau  La cr\u00e8me Bazooka peut \u00e9galement aider \u00e0 augmenter l\u2019endurance et la vigueur sexuelle  Enfin, elle permet de pimenter un peu les relations intimes.","og_url":"https:\/\/www.safinel.fr\/de\/product-2\/satz-von-2-bazooka-cremes\/","og_site_name":"Safinel","article_modified_time":"2024-01-17T11:37:56+00:00","og_image":[{"width":600,"height":600,"url":"https:\/\/www.safinel.fr\/wp-content\/uploads\/2023\/06\/bundle-bazooka-X2.jpg","type":"image\/jpeg"}],"twitter_card":"summary_large_image","schema":{"@context":"https:\/\/schema.org","@graph":[{"@type":"WebPage","@id":"https:\/\/www.safinel.fr\/produit\/lot-de-2-cremes-bazooka\/","url":"https:\/\/www.safinel.fr\/produit\/lot-de-2-cremes-bazooka\/","name":"2er-Set Bazooka-Cremes (100ml x 2) - Safinel","isPartOf":{"@id":"https:\/\/www.safinel.fr\/#website"},"primaryImageOfPage":{"@id":"https:\/\/www.safinel.fr\/produit\/lot-de-2-cremes-bazooka\/#primaryimage"},"image":{"@id":"https:\/\/www.safinel.fr\/produit\/lot-de-2-cremes-bazooka\/#primaryimage"},"thumbnailUrl":"https:\/\/www.safinel.fr\/wp-content\/uploads\/2023\/06\/bundle-bazooka-X2.jpg","datePublished":"2023-06-28T18:59:36+00:00","dateModified":"2024-01-17T11:37:56+00:00","breadcrumb":{"@id":"https:\/\/www.safinel.fr\/produit\/lot-de-2-cremes-bazooka\/#breadcrumb"},"inLanguage":"de","potentialAction":[{"@type":"ReadAction","target":["https:\/\/www.safinel.fr\/produit\/lot-de-2-cremes-bazooka\/"]}]},{"@type":"ImageObject","inLanguage":"de","@id":"https:\/\/www.safinel.fr\/produit\/lot-de-2-cremes-bazooka\/#primaryimage","url":"https:\/\/www.safinel.fr\/wp-content\/uploads\/2023\/06\/bundle-bazooka-X2.jpg","contentUrl":"https:\/\/www.safinel.fr\/wp-content\/uploads\/2023\/06\/bundle-bazooka-X2.jpg","width":600,"height":600,"caption":"bundle bazooka X2 - 1"},{"@type":"BreadcrumbList","@id":"https:\/\/www.safinel.fr\/produit\/lot-de-2-cremes-bazooka\/#breadcrumb","itemListElement":[{"@type":"ListItem","position":1,"name":"Accueil","item":"https:\/\/www.safinel.fr\/"},{"@type":"ListItem","position":2,"name":"Boutique","item":"https:\/\/www.safinel.fr\/boutique\/"},{"@type":"ListItem","position":3,"name":"Lot de 2 cr\u00e8mes bazooka (100ml x 2)"}]},{"@type":"WebSite","@id":"https:\/\/www.safinel.fr\/#website","url":"https:\/\/www.safinel.fr\/","name":"Safinel","description":"","publisher":{"@id":"https:\/\/www.safinel.fr\/#organization"},"potentialAction":[{"@type":"SearchAction","target":{"@type":"EntryPoint","urlTemplate":"https:\/\/www.safinel.fr\/?s={search_term_string}"},"query-input":{"@type":"PropertyValueSpecification","valueRequired":true,"valueName":"search_term_string"}}],"inLanguage":"de"},{"@type":"Organization","@id":"https:\/\/www.safinel.fr\/#organization","name":"Safinel","url":"https:\/\/www.safinel.fr\/","logo":{"@type":"ImageObject","inLanguage":"de","@id":"https:\/\/www.safinel.fr\/#\/schema\/logo\/image\/","url":"https:\/\/www.safinel.fr\/wp-content\/uploads\/2021\/05\/boutique-cosmetique.png","contentUrl":"https:\/\/www.safinel.fr\/wp-content\/uploads\/2021\/05\/boutique-cosmetique.png","width":800,"height":200,"caption":"Safinel"},"image":{"@id":"https:\/\/www.safinel.fr\/#\/schema\/logo\/image\/"}}]}},"_links":{"self":[{"href":"https:\/\/www.safinel.fr\/de\/wp-json\/wp\/v2\/product\/6759","targetHints":{"allow":["GET"]}}],"collection":[{"href":"https:\/\/www.safinel.fr\/de\/wp-json\/wp\/v2\/product"}],"about":[{"href":"https:\/\/www.safinel.fr\/de\/wp-json\/wp\/v2\/types\/product"}],"wp:featuredmedia":[{"embeddable":true,"href":"https:\/\/www.safinel.fr\/de\/wp-json\/wp\/v2\/media\/6750"}],"wp:attachment":[{"href":"https:\/\/www.safinel.fr\/de\/wp-json\/wp\/v2\/media?parent=6759"}],"wp:term":[{"taxonomy":"product_brand","embeddable":true,"href":"https:\/\/www.safinel.fr\/de\/wp-json\/wp\/v2\/product_brand?post=6759"},{"taxonomy":"product_cat","embeddable":true,"href":"https:\/\/www.safinel.fr\/de\/wp-json\/wp\/v2\/product_cat?post=6759"},{"taxonomy":"product_tag","embeddable":true,"href":"https:\/\/www.safinel.fr\/de\/wp-json\/wp\/v2\/product_tag?post=6759"}],"curies":[{"name":"wp","href":"https:\/\/api.w.org\/{rel}","templated":true}]}}