{"id":6701,"date":"2023-06-25T17:53:29","date_gmt":"2023-06-25T17:53:29","guid":{"rendered":"https:\/\/www.safinel.fr\/?post_type=product&#038;p=6701"},"modified":"2023-12-30T11:55:02","modified_gmt":"2023-12-30T11:55:02","slug":"krautertee-schmerzhafte-periode","status":"publish","type":"product","link":"https:\/\/www.safinel.fr\/de\/product-2\/krautertee-schmerzhafte-periode\/","title":{"rendered":"Kr\u00e4utertee Schmerzhafte Periode 100g"},"content":{"rendered":"<p>Schmerzhafte Menstruationsbeschwerden, auch Dysmenorrhoe genannt, sind f\u00fcr viele Frauen ein wiederkehrendes Problem. Wenn Sie zu denjenigen geh\u00f6ren, die w\u00e4hrend dieser Zeit darunter leiden, sollten Sie wissen, dass es eine nat\u00fcrliche L\u00f6sung gibt: den Menstruationsschmerztee. Hier stellen wir Ihnen die Vorteile dieses Tees vor und zeigen Ihnen, wie Sie ihn im Online-Shop von Safinel.de kaufen k\u00f6nnen.<\/p>\n<h2><strong>Was ist Dysmenorrhoe und was sind ihre Symptome?<\/strong><\/h2>\n<p>Dysmenorrhoe ist der medizinische Begriff f\u00fcr die Schmerzen, die w\u00e4hrend der Menstruation auftreten. Diese Schmerzen k\u00f6nnen so stark sein, dass sie bei manchen Frauen zu einer vor\u00fcbergehenden Unf\u00e4higkeit f\u00fchren, allt\u00e4gliche Aktivit\u00e4ten durchzuf\u00fchren.<\/p>\n<p><strong>Zu den h\u00e4ufigsten Symptomen geh\u00f6ren:<\/strong><\/p>\n<ul>\n<li>Kr\u00e4mpfe im Unterbauch und\/oder im R\u00fccken,<\/li>\n<li>\u00dcbelkeit,<\/li>\n<li>M\u00fcdigkeit,<\/li>\n<li>Kopfschmerzen,<\/li>\n<li>Eine erh\u00f6hte Empfindlichkeit der Br\u00fcste,<\/li>\n<li>Reizbarkeit oder Stimmungsschwankungen.<\/li>\n<\/ul>\n<h2><strong>Kr\u00e4utertees gegen schmerzhafte Menstruation: eine nat\u00fcrliche Alternative<\/strong><\/h2>\n<p>Angesichts von Menstruationsschmerzen kann es verlockend sein, auf Schmerzmittel aus der Apotheke zur\u00fcckzugreifen. Diese L\u00f6sungen k\u00f6nnen jedoch manchmal zu unerw\u00fcnschten Nebenwirkungen f\u00fchren. Daher lohnt es sich, einen Blick auf nat\u00fcrliche Alternativen wie Kr\u00e4utertees gegen Regelschmerzen zu werfen.<\/p>\n<h3><strong>Die in diesen Kr\u00e4utertees verwendeten Pflanzen<\/strong><\/h3>\n<p>Mehrere Pflanzen sind f\u00fcr ihre beruhigenden und entz\u00fcndungshemmenden Eigenschaften bekannt, die sich ideal zur Linderung von Menstruationsschmerzen eignen:<\/p>\n<ul>\n<li><strong>Die Kamille<\/strong>\u00a0: Diese Pflanze hat krampfl\u00f6sende und beruhigende Eigenschaften, die helfen, Kr\u00e4mpfe zu verringern,<\/li>\n<li><a href=\"https:\/\/www.safinel.fr\/de\/product-2\/schafgarbe\/\"><strong>Schafgarbe<\/strong><\/a>\u00a0: Sie hat entz\u00fcndungshemmende und schmerzlindernde Vorteile, die Schmerzen reduzieren,<\/li>\n<li><strong>Ingwer<\/strong>\u00a0: Dank seiner entz\u00fcndungshemmenden Eigenschaften hilft es, Schmerzen zu lindern und \u00dcbelkeit zu reduzieren,<\/li>\n<li><strong>Eisenkraut<\/strong>\u00a0: Es ist daf\u00fcr bekannt, dass es die Muskeln entspannt und Kr\u00e4mpfe l\u00f6st.<\/li>\n<\/ul>\n<p>Wenn Sie diese Kr\u00e4utertees regelm\u00e4\u00dfig zu sich nehmen, werden Sie eine deutliche Verbesserung Ihrer Menstruationsschmerzen feststellen k\u00f6nnen. Dar\u00fcber hinaus haben diese Pflanzen noch weitere Vorteile f\u00fcr die allgemeine Gesundheit, was ihren Verzehr noch attraktiver macht.<\/p>\n<h2><strong>Kr\u00e4utertee gegen schmerzhafte Menstruation auf Safinel.de kaufen<\/strong><\/h2>\n<p>Um die Vorteile von Kr\u00e4utertees gegen Regelschmerzen voll aussch\u00f6pfen zu k\u00f6nnen, ist es wichtig, hochwertige und nat\u00fcrliche Produkte zu w\u00e4hlen. Der Online-Shop Safinel.de erf\u00fcllt diese Kriterien und erm\u00f6glicht es Ihnen, Ihren Kr\u00e4utertee gegen Regelschmerzen mit gutem Gewissen zu kaufen.<\/p>\n<ul>\n<li><strong>Eine gro\u00dfe Auswahl an Kr\u00e4utertees<\/strong><\/li>\n<\/ul>\n<p>Safinel.de bietet eine gro\u00dfe Auswahl an Kr\u00e4utertees gegen Menstruationsbeschwerden, sodass jede Frau den f\u00fcr sie am besten geeigneten Tee finden kann. Sie k\u00f6nnen verschiedene Zusammensetzungen entdecken, zum Beispiel mit Ingwer, Kamille oder Schafgarbe. Alle diese Kr\u00e4utertees werden aus nat\u00fcrlichen Zutaten hergestellt, die aufgrund ihrer beruhigenden Wirkung sorgf\u00e4ltig ausgew\u00e4hlt wurden.<\/p>\n<ul>\n<li><strong>Garantierte Qualit\u00e4t<\/strong><\/li>\n<\/ul>\n<p>Wenn Sie Ihren Kr\u00e4utertee gegen Regelschmerzen auf Safinel.de kaufen, k\u00f6nnen Sie sicher sein, dass Sie ein Qualit\u00e4tsprodukt erhalten. Die in den Kompositionen verwendeten Pflanzen stammen aus biologischem Anbau und entsprechen den geltenden Normen. Au\u00dferdem verpflichtet sich Safinel.de, keine chemischen Substanzen, Konservierungsmittel oder k\u00fcnstliche Farbstoffe in seinen Kr\u00e4utertees zu verwenden, um die wohltuende Wirkung der Pflanzen bestm\u00f6glich zu erhalten.<\/p>\n<ul>\n<li><strong>Eine schnelle und sichere Lieferung<\/strong><\/li>\n<\/ul>\n<p>Wenn Sie Ihren Kr\u00e4utertee gegen Regelschmerzen bei Safinel.de bestellen, profitieren Sie auch von einer schnellen und sicheren Lieferung. Die Website bietet verschiedene Lieferarten an, je nach Ihren Bed\u00fcrfnissen und Ihrem Standort. So k\u00f6nnen Sie sich Ihren Kr\u00e4utertee ganz entspannt direkt nach Hause liefern lassen.<\/p>\n<h2><strong>Wie bereitet man seinen Kr\u00e4utertee gegen schmerzhafte Menstruation zu und wie konsumiert man ihn?<\/strong><\/h2>\n<p>Um die Vorteile Ihres Kr\u00e4utertees mit schmerzhaften Monatsblutungen voll auszusch\u00f6pfen, ist es wichtig, dass Sie ihn richtig zubereiten.<\/p>\n<p><strong>Hier sind einige Tipps:<\/strong><\/p>\n<ol>\n<li>Kochen Sie eine Wassermenge, die der Gr\u00f6\u00dfe Ihrer Tasse oder Teekanne entspricht,<\/li>\n<li>F\u00fcge dann die getrockneten Pflanzen deines Kr\u00e4utertees hinzu (etwa 1 Essl\u00f6ffel pro Tasse),<\/li>\n<li>Lassen Sie den Tee je nach gew\u00fcnschter Intensit\u00e4t 5 bis 10 Minuten ziehen,<\/li>\n<li>Filtern Sie die Pflanzen und genie\u00dfen Sie Ihren Kr\u00e4utertee ohne Zusatz von Zucker, um die wohltuende Wirkung der Pflanzen nicht zu beeintr\u00e4chtigen.<\/li>\n<\/ol>\n<p>Es wird empfohlen, vom Beginn der Symptome bis zum Ende der Menstruation t\u00e4glich 2 bis 3 Tassen zu trinken. Sie k\u00f6nnen diese Kr\u00e4utertees auch vorbeugend einige Tage vor Beginn der Menstruation trinken.<\/p>\n<h3><strong>Zum Schluss<\/strong><\/h3>\n<p>Kr\u00e4utertees gegen schmerzhafte Menstruation sind eine nat\u00fcrliche und wirksame L\u00f6sung zur Linderung von Menstruationsschmerzen. Dank Safinel.de k\u00f6nnen Sie vertrauensvoll hochwertige Kr\u00e4utertees kaufen und von einer schnellen und sicheren Lieferung profitieren. Warten Sie also nicht l\u00e4nger, um die Vorteile dieser Kr\u00e4utertees zu entdecken und Ihr Wohlbefinden w\u00e4hrend dieser oftmals schwierigen Zeit zu verbessern.<\/p>","protected":false},"excerpt":{"rendered":"<p><strong>Verwendungen:<\/strong><\/p>\n<ol>\n<li>Kochen Sie eine Wassermenge, die der Gr\u00f6\u00dfe Ihrer Tasse oder Teekanne entspricht,<\/li>\n<li>F\u00fcge dann die getrockneten Pflanzen deines Kr\u00e4utertees hinzu (etwa 1 Essl\u00f6ffel pro Tasse),<\/li>\n<li>Lassen Sie den Tee je nach gew\u00fcnschter Intensit\u00e4t 5 bis 10 Minuten ziehen,<\/li>\n<li>Filtern Sie die Pflanzen und genie\u00dfen Sie Ihren Kr\u00e4utertee ohne Zusatz von Zucker, um die wohltuende Wirkung der Pflanzen nicht zu beeintr\u00e4chtigen.<\/li>\n<\/ol>\n<p><img decoding=\"async\" class=\"size-full wp-image-5091 aligncenter\" src=\"https:\/\/www.safinel.fr\/wp-content\/uploads\/2021\/06\/BANNIERE-ICONE-SAFINEL.webp\" alt=\"Satines-R\u00fcckversicherung\" width=\"800\" height=\"200\" srcset=\"https:\/\/www.safinel.fr\/wp-content\/uploads\/2021\/06\/BANNIERE-ICONE-SAFINEL.webp 800w, https:\/\/www.safinel.fr\/wp-content\/uploads\/2021\/06\/BANNIERE-ICONE-SAFINEL-600x150.webp 600w, https:\/\/www.safinel.fr\/wp-content\/uploads\/2021\/06\/BANNIERE-ICONE-SAFINEL-768x192.webp 768w\" sizes=\"(max-width: 800px) 100vw, 800px\" \/><\/p>","protected":false},"featured_media":6702,"template":"","meta":[],"product_brand":[],"product_cat":[23,19],"product_tag":[],"class_list":{"0":"post-6701","1":"product","2":"type-product","3":"status-publish","4":"has-post-thumbnail","6":"product_cat-hygiene-feminine","7":"product_cat-thes-tisanes","9":"first","10":"instock","11":"shipping-taxable","12":"purchasable","13":"product-type-simple"},"yoast_head":"<!-- This site is optimized with the Yoast SEO plugin v26.6 - https:\/\/yoast.com\/wordpress\/plugins\/seo\/ -->\n<title>Tisane r\u00e8gles douloureuses | Infusion contre les douleurs de r\u00e8gles<\/title>\n<meta name=\"description\" content=\"Les r\u00e8gles douloureuses, \u00e9galement appel\u00e9es dysm\u00e9norrh\u00e9e, sont un probl\u00e8me r\u00e9current chez de nombreuses femmes. D\u00e9couvrez notre tisane r\u00e8gles douloureuses.\" \/>\n<meta name=\"robots\" content=\"index, follow, max-snippet:-1, max-image-preview:large, max-video-preview:-1\" \/>\n<link rel=\"canonical\" href=\"https:\/\/www.safinel.fr\/de\/product-2\/krautertee-schmerzhafte-periode\/\" \/>\n<meta property=\"og:locale\" content=\"de_DE\" \/>\n<meta property=\"og:type\" content=\"article\" \/>\n<meta property=\"og:title\" content=\"Tisane r\u00e8gles douloureuses | Infusion contre les douleurs de r\u00e8gles\" \/>\n<meta property=\"og:description\" content=\"Les r\u00e8gles douloureuses, \u00e9galement appel\u00e9es dysm\u00e9norrh\u00e9e, sont un probl\u00e8me r\u00e9current chez de nombreuses femmes. D\u00e9couvrez notre tisane r\u00e8gles douloureuses.\" \/>\n<meta property=\"og:url\" content=\"https:\/\/www.safinel.fr\/de\/product-2\/krautertee-schmerzhafte-periode\/\" \/>\n<meta property=\"og:site_name\" content=\"Safinel\" \/>\n<meta property=\"article:modified_time\" content=\"2023-12-30T11:55:02+00:00\" \/>\n<meta property=\"og:image\" content=\"https:\/\/www.safinel.fr\/wp-content\/uploads\/2023\/06\/tisane-regles-douloureuses.jpg\" \/>\n\t<meta property=\"og:image:width\" content=\"600\" \/>\n\t<meta property=\"og:image:height\" content=\"600\" \/>\n\t<meta property=\"og:image:type\" content=\"image\/jpeg\" \/>\n<meta name=\"twitter:card\" content=\"summary_large_image\" \/>\n<meta name=\"twitter:label1\" content=\"Gesch\u00e4tzte Lesezeit\" \/>\n\t<meta name=\"twitter:data1\" content=\"4\u00a0Minuten\" \/>\n<script type=\"application\/ld+json\" class=\"yoast-schema-graph\">{\"@context\":\"https:\/\/schema.org\",\"@graph\":[{\"@type\":\"WebPage\",\"@id\":\"https:\/\/www.safinel.fr\/produit\/tisane-regles-douloureuses\/\",\"url\":\"https:\/\/www.safinel.fr\/produit\/tisane-regles-douloureuses\/\",\"name\":\"Tisane r\u00e8gles douloureuses | Infusion contre les douleurs de r\u00e8gles\",\"isPartOf\":{\"@id\":\"https:\/\/www.safinel.fr\/#website\"},\"primaryImageOfPage\":{\"@id\":\"https:\/\/www.safinel.fr\/produit\/tisane-regles-douloureuses\/#primaryimage\"},\"image\":{\"@id\":\"https:\/\/www.safinel.fr\/produit\/tisane-regles-douloureuses\/#primaryimage\"},\"thumbnailUrl\":\"https:\/\/www.safinel.fr\/wp-content\/uploads\/2023\/06\/tisane-regles-douloureuses.jpg\",\"datePublished\":\"2023-06-25T17:53:29+00:00\",\"dateModified\":\"2023-12-30T11:55:02+00:00\",\"description\":\"Les r\u00e8gles douloureuses, \u00e9galement appel\u00e9es dysm\u00e9norrh\u00e9e, sont un probl\u00e8me r\u00e9current chez de nombreuses femmes. D\u00e9couvrez notre tisane r\u00e8gles douloureuses.\",\"breadcrumb\":{\"@id\":\"https:\/\/www.safinel.fr\/produit\/tisane-regles-douloureuses\/#breadcrumb\"},\"inLanguage\":\"de\",\"potentialAction\":[{\"@type\":\"ReadAction\",\"target\":[\"https:\/\/www.safinel.fr\/produit\/tisane-regles-douloureuses\/\"]}]},{\"@type\":\"ImageObject\",\"inLanguage\":\"de\",\"@id\":\"https:\/\/www.safinel.fr\/produit\/tisane-regles-douloureuses\/#primaryimage\",\"url\":\"https:\/\/www.safinel.fr\/wp-content\/uploads\/2023\/06\/tisane-regles-douloureuses.jpg\",\"contentUrl\":\"https:\/\/www.safinel.fr\/wp-content\/uploads\/2023\/06\/tisane-regles-douloureuses.jpg\",\"width\":600,\"height\":600,\"caption\":\"Tisane r\u00e8gles douloureuses 100g\"},{\"@type\":\"BreadcrumbList\",\"@id\":\"https:\/\/www.safinel.fr\/produit\/tisane-regles-douloureuses\/#breadcrumb\",\"itemListElement\":[{\"@type\":\"ListItem\",\"position\":1,\"name\":\"Accueil\",\"item\":\"https:\/\/www.safinel.fr\/\"},{\"@type\":\"ListItem\",\"position\":2,\"name\":\"Boutique\",\"item\":\"https:\/\/www.safinel.fr\/boutique\/\"},{\"@type\":\"ListItem\",\"position\":3,\"name\":\"Tisane r\u00e8gles douloureuses 100g\"}]},{\"@type\":\"WebSite\",\"@id\":\"https:\/\/www.safinel.fr\/#website\",\"url\":\"https:\/\/www.safinel.fr\/\",\"name\":\"Safinel\",\"description\":\"\",\"publisher\":{\"@id\":\"https:\/\/www.safinel.fr\/#organization\"},\"potentialAction\":[{\"@type\":\"SearchAction\",\"target\":{\"@type\":\"EntryPoint\",\"urlTemplate\":\"https:\/\/www.safinel.fr\/?s={search_term_string}\"},\"query-input\":{\"@type\":\"PropertyValueSpecification\",\"valueRequired\":true,\"valueName\":\"search_term_string\"}}],\"inLanguage\":\"de\"},{\"@type\":\"Organization\",\"@id\":\"https:\/\/www.safinel.fr\/#organization\",\"name\":\"Safinel\",\"url\":\"https:\/\/www.safinel.fr\/\",\"logo\":{\"@type\":\"ImageObject\",\"inLanguage\":\"de\",\"@id\":\"https:\/\/www.safinel.fr\/#\/schema\/logo\/image\/\",\"url\":\"https:\/\/www.safinel.fr\/wp-content\/uploads\/2021\/05\/boutique-cosmetique.png\",\"contentUrl\":\"https:\/\/www.safinel.fr\/wp-content\/uploads\/2021\/05\/boutique-cosmetique.png\",\"width\":800,\"height\":200,\"caption\":\"Safinel\"},\"image\":{\"@id\":\"https:\/\/www.safinel.fr\/#\/schema\/logo\/image\/\"}}]}<\/script>\n<!-- \/ Yoast SEO plugin. -->","yoast_head_json":{"title":"Kr\u00e4utertee schmerzhafte Menstruation | Kr\u00e4utertee gegen Menstruationsschmerzen","description":"Schmerzhafte Menstruationsblutungen, auch Dysmenorrhoe genannt, sind bei vielen Frauen ein wiederkehrendes Problem. Entdecken Sie unseren Kr\u00e4utertee Schmerzhafte Periode.","robots":{"index":"index","follow":"follow","max-snippet":"max-snippet:-1","max-image-preview":"max-image-preview:large","max-video-preview":"max-video-preview:-1"},"canonical":"https:\/\/www.safinel.fr\/de\/product-2\/krautertee-schmerzhafte-periode\/","og_locale":"de_DE","og_type":"article","og_title":"Tisane r\u00e8gles douloureuses | Infusion contre les douleurs de r\u00e8gles","og_description":"Les r\u00e8gles douloureuses, \u00e9galement appel\u00e9es dysm\u00e9norrh\u00e9e, sont un probl\u00e8me r\u00e9current chez de nombreuses femmes. D\u00e9couvrez notre tisane r\u00e8gles douloureuses.","og_url":"https:\/\/www.safinel.fr\/de\/product-2\/krautertee-schmerzhafte-periode\/","og_site_name":"Safinel","article_modified_time":"2023-12-30T11:55:02+00:00","og_image":[{"width":600,"height":600,"url":"https:\/\/www.safinel.fr\/wp-content\/uploads\/2023\/06\/tisane-regles-douloureuses.jpg","type":"image\/jpeg"}],"twitter_card":"summary_large_image","twitter_misc":{"Gesch\u00e4tzte Lesezeit":"4\u00a0Minuten"},"schema":{"@context":"https:\/\/schema.org","@graph":[{"@type":"WebPage","@id":"https:\/\/www.safinel.fr\/produit\/tisane-regles-douloureuses\/","url":"https:\/\/www.safinel.fr\/produit\/tisane-regles-douloureuses\/","name":"Kr\u00e4utertee schmerzhafte Menstruation | Kr\u00e4utertee gegen Menstruationsschmerzen","isPartOf":{"@id":"https:\/\/www.safinel.fr\/#website"},"primaryImageOfPage":{"@id":"https:\/\/www.safinel.fr\/produit\/tisane-regles-douloureuses\/#primaryimage"},"image":{"@id":"https:\/\/www.safinel.fr\/produit\/tisane-regles-douloureuses\/#primaryimage"},"thumbnailUrl":"https:\/\/www.safinel.fr\/wp-content\/uploads\/2023\/06\/tisane-regles-douloureuses.jpg","datePublished":"2023-06-25T17:53:29+00:00","dateModified":"2023-12-30T11:55:02+00:00","description":"Schmerzhafte Menstruationsblutungen, auch Dysmenorrhoe genannt, sind bei vielen Frauen ein wiederkehrendes Problem. Entdecken Sie unseren Kr\u00e4utertee Schmerzhafte Periode.","breadcrumb":{"@id":"https:\/\/www.safinel.fr\/produit\/tisane-regles-douloureuses\/#breadcrumb"},"inLanguage":"de","potentialAction":[{"@type":"ReadAction","target":["https:\/\/www.safinel.fr\/produit\/tisane-regles-douloureuses\/"]}]},{"@type":"ImageObject","inLanguage":"de","@id":"https:\/\/www.safinel.fr\/produit\/tisane-regles-douloureuses\/#primaryimage","url":"https:\/\/www.safinel.fr\/wp-content\/uploads\/2023\/06\/tisane-regles-douloureuses.jpg","contentUrl":"https:\/\/www.safinel.fr\/wp-content\/uploads\/2023\/06\/tisane-regles-douloureuses.jpg","width":600,"height":600,"caption":"Tisane r\u00e8gles douloureuses 100g"},{"@type":"BreadcrumbList","@id":"https:\/\/www.safinel.fr\/produit\/tisane-regles-douloureuses\/#breadcrumb","itemListElement":[{"@type":"ListItem","position":1,"name":"Accueil","item":"https:\/\/www.safinel.fr\/"},{"@type":"ListItem","position":2,"name":"Boutique","item":"https:\/\/www.safinel.fr\/boutique\/"},{"@type":"ListItem","position":3,"name":"Tisane r\u00e8gles douloureuses 100g"}]},{"@type":"WebSite","@id":"https:\/\/www.safinel.fr\/#website","url":"https:\/\/www.safinel.fr\/","name":"Safinel","description":"","publisher":{"@id":"https:\/\/www.safinel.fr\/#organization"},"potentialAction":[{"@type":"SearchAction","target":{"@type":"EntryPoint","urlTemplate":"https:\/\/www.safinel.fr\/?s={search_term_string}"},"query-input":{"@type":"PropertyValueSpecification","valueRequired":true,"valueName":"search_term_string"}}],"inLanguage":"de"},{"@type":"Organization","@id":"https:\/\/www.safinel.fr\/#organization","name":"Safinel","url":"https:\/\/www.safinel.fr\/","logo":{"@type":"ImageObject","inLanguage":"de","@id":"https:\/\/www.safinel.fr\/#\/schema\/logo\/image\/","url":"https:\/\/www.safinel.fr\/wp-content\/uploads\/2021\/05\/boutique-cosmetique.png","contentUrl":"https:\/\/www.safinel.fr\/wp-content\/uploads\/2021\/05\/boutique-cosmetique.png","width":800,"height":200,"caption":"Safinel"},"image":{"@id":"https:\/\/www.safinel.fr\/#\/schema\/logo\/image\/"}}]}},"_links":{"self":[{"href":"https:\/\/www.safinel.fr\/de\/wp-json\/wp\/v2\/product\/6701","targetHints":{"allow":["GET"]}}],"collection":[{"href":"https:\/\/www.safinel.fr\/de\/wp-json\/wp\/v2\/product"}],"about":[{"href":"https:\/\/www.safinel.fr\/de\/wp-json\/wp\/v2\/types\/product"}],"wp:featuredmedia":[{"embeddable":true,"href":"https:\/\/www.safinel.fr\/de\/wp-json\/wp\/v2\/media\/6702"}],"wp:attachment":[{"href":"https:\/\/www.safinel.fr\/de\/wp-json\/wp\/v2\/media?parent=6701"}],"wp:term":[{"taxonomy":"product_brand","embeddable":true,"href":"https:\/\/www.safinel.fr\/de\/wp-json\/wp\/v2\/product_brand?post=6701"},{"taxonomy":"product_cat","embeddable":true,"href":"https:\/\/www.safinel.fr\/de\/wp-json\/wp\/v2\/product_cat?post=6701"},{"taxonomy":"product_tag","embeddable":true,"href":"https:\/\/www.safinel.fr\/de\/wp-json\/wp\/v2\/product_tag?post=6701"}],"curies":[{"name":"wp","href":"https:\/\/api.w.org\/{rel}","templated":true}]}}