{"id":6699,"date":"2023-06-25T17:40:33","date_gmt":"2023-06-25T17:40:33","guid":{"rendered":"https:\/\/www.safinel.fr\/?post_type=product&#038;p=6699"},"modified":"2024-05-03T22:20:37","modified_gmt":"2024-05-03T22:20:37","slug":"aphrodisiakischer-krautertee-mann","status":"publish","type":"product","link":"https:\/\/www.safinel.fr\/de\/product-2\/aphrodisiakischer-krautertee-mann\/","title":{"rendered":"Kr\u00e4utertee Aphrodisiakum Mann 100g"},"content":{"rendered":"<p>Im Laufe des Lebens ist es nicht ungew\u00f6hnlich, dass M\u00e4nner gelegentlich sexuelle Schwierigkeiten haben. Gl\u00fccklicherweise\u00a0<strong>aphrodisierende Kr\u00e4utertees<\/strong>\u00a0sind dazu da, Menschen zu helfen, die unter sexuellen St\u00f6rungen leiden oder einfach nur ihre Leistung im Bett verbessern m\u00f6chten. Mit Hilfe dieser Produktbeschreibung erkundet Safinel mit Ihnen die Welt des aphrodisierenden Kr\u00e4utertees f\u00fcr M\u00e4nner, seine Vorteile und einige der besten verf\u00fcgbaren Optionen.<\/p>\n<h2><strong>Was ist ein aphrodisischer Kr\u00e4utertee f\u00fcr M\u00e4nner?<\/strong><\/h2>\n<p>Ein aphrodisierender Kr\u00e4utertee ist ein Kr\u00e4utertee, der das sexuelle Verlangen steigern und die sexuelle Leistungsf\u00e4higkeit bei M\u00e4nnern verbessern soll. Diese Kr\u00e4utertees k\u00f6nnen als hei\u00dfer oder kalter Tee getrunken werden und bestehen in der Regel aus einer Mischung von Pflanzen, die stimulierende Eigenschaften f\u00fcr die m\u00e4nnliche Libido haben.<\/p>\n<h2><strong>Wie funktionieren aphrodisierende Kr\u00e4utertees f\u00fcr M\u00e4nner?<\/strong><\/h2>\n<p>Aphrodisiakische Kr\u00e4utertees wirken auf verschiedene Aspekte der m\u00e4nnlichen Sexualit\u00e4t, wie :<\/p>\n<ul>\n<li><strong>Die Stimulierung des sexuellen Verlangens :<\/strong>\u00a0einige Pflanzen, die in aphrodisierenden Kr\u00e4utertees verwendet werden, haben die F\u00e4higkeit, die Libido zu steigern. Dies geschieht, indem die Produktion von Sexualhormonen wie Testosteron angeregt wird.<\/li>\n<li><strong>Die Verbesserung der Durchblutung :<\/strong>\u00a0eine gute Durchblutung ist f\u00fcr die Aufrechterhaltung einer guten Erektion von entscheidender Bedeutung. Einige Pflanzen bewirken, dass sich die Blutgef\u00e4\u00dfe erweitern, wodurch ein besserer Blutfluss zum Penis gef\u00f6rdert wird.<\/li>\n<li><strong>Die Unterst\u00fctzung von Energie und Vitalit\u00e4t :<\/strong>\u00a0Einige aphrodisierende Kr\u00e4utertees enthalten adaptogene Pflanzen. Sie helfen, M\u00fcdigkeit und Stress zu bek\u00e4mpfen, zwei Faktoren, die die Libido und die sexuelle Leistungsf\u00e4higkeit beeintr\u00e4chtigen k\u00f6nnen.<\/li>\n<\/ul>\n<h2><strong>Die wichtigsten Zutaten f\u00fcr aphrodisierende Kr\u00e4utertees f\u00fcr M\u00e4nner<\/strong><\/h2>\n<p>Mehrere Pflanzen sind f\u00fcr ihre aphrodisischen Eigenschaften bekannt und k\u00f6nnen in einen M\u00e4nnertee eingearbeitet werden. Hier sind einige der beliebtesten :<\/p>\n<ul>\n<li><strong>Ginseng<\/strong><\/li>\n<\/ul>\n<p>Diese asiatische Wurzel wird wegen ihrer zahlreichen positiven Eigenschaften weithin verwendet, darunter ihre stimulierende Wirkung auf die Libido und die sexuelle Leistungsf\u00e4higkeit. Die <strong>Ginseng<\/strong> ist auch f\u00fcr seine belebende Wirkung bekannt und hilft, M\u00fcdigkeit und Stress zu bek\u00e4mpfen.<\/p>\n<ul>\n<li><strong>Maca<\/strong><\/li>\n<\/ul>\n<p>Die aus den peruanischen Anden stammende Maca ist eine adaptogene Pflanze, die daf\u00fcr bekannt ist, die Vitalit\u00e4t und die Libido bei M\u00e4nnern zu steigern. Sie tr\u00e4gt auch zur Verbesserung der Blutzirkulation bei, was dazu beitragen kann, eine befriedigende Erektion zu erreichen und aufrechtzuerhalten.<\/p>\n<ul>\n<li><strong>Tribulus terrestris<\/strong><\/li>\n<\/ul>\n<p>Die <a href=\"https:\/\/www.safinel.fr\/de\/product-2\/tribulus\/\"><strong>Tribulus terrestris<\/strong><\/a> ist eine mediterrane Pflanze, die vor allem durch die Stimulierung der Testosteronproduktion, dem Schl\u00fcsselhormon f\u00fcr das m\u00e4nnliche sexuelle Verlangen, wirkt. Sie ist au\u00dferdem f\u00fcr ihre belebenden und energiespendenden Eigenschaften bekannt.<\/p>\n<ul>\n<li><strong>Muira puama<\/strong><\/li>\n<\/ul>\n<p>Diese aus dem Amazonasgebiet stammende Pflanze, die auch als \u00abbandagiertes Holz\u00bb bezeichnet wird, wird traditionell zur Steigerung der Libido und zur Verbesserung der sexuellen Leistungsf\u00e4higkeit bei M\u00e4nnern verwendet. Ihre stimulierende Wirkung auf das Nervensystem kann auch zur St\u00e4rkung der Erektion beitragen.<\/p>\n<h2><strong>Zubereitung und Verzehr von aphrodisischen Kr\u00e4utertees f\u00fcr M\u00e4nner<\/strong><\/h2>\n<p>Die Zubereitung eines aphrodisierenden Kr\u00e4utertees f\u00fcr M\u00e4nner ist einfach und schnell.<\/p>\n<p><strong>Hier sind einige Schritte, die Sie befolgen sollten:<\/strong><\/p>\n<ol>\n<li>W\u00e4hlen Sie die Pflanzen aus, die Sie in Ihren Kr\u00e4utertee einarbeiten m\u00f6chten. Sie k\u00f6nnen sich f\u00fcr eine einzelne Zutat oder eine Mischung aus mehreren Pflanzen mit sich erg\u00e4nzenden Eigenschaften entscheiden.<\/li>\n<li>Koche Wasser und gie\u00dfe es \u00fcber die getrockneten Pflanzen (etwa ein Essl\u00f6ffel pro Tasse Wasser).<\/li>\n<li>Lassen Sie den Tee 10-15 Minuten ziehen, damit sich die Wirkstoffe der Pflanzen im Wasser entfalten k\u00f6nnen.<\/li>\n<li>Filtern Sie und genie\u00dfen Sie Ihren aphrodisierenden Kr\u00e4utertee hei\u00df oder kalt, je nachdem, was Sie bevorzugen.<\/li>\n<\/ol>\n<p>Um die Wirkung Ihres aphrodisierenden Kr\u00e4utertees voll auszusch\u00f6pfen, sollten Sie ihn regelm\u00e4\u00dfig trinken, idealerweise ein bis zwei Stunden vor dem Geschlechtsverkehr.<\/p>\n<h3><strong>Warnhinweise und Vorsichtsma\u00dfnahmen f\u00fcr die Einnahme von\u00a0<\/strong><strong>Aphrodisiakischer Kr\u00e4utertee Mann<\/strong><\/h3>\n<p>Aphrodisiakische Kr\u00e4utertees f\u00fcr M\u00e4nner sind im Allgemeinen gut vertr\u00e4glich, aber es ist wichtig, einige Vorsichtsma\u00dfnahmen zu beachten:<\/p>\n<ul>\n<li>\u00dcberpr\u00fcfen Sie, ob Sie gegen eine der in Ihrem Kr\u00e4utertee verwendeten Pflanzen allergisch sind.<\/li>\n<li>Konsultieren Sie einen Gesundheitsexperten, wenn Sie unter medizinischen St\u00f6rungen leiden oder Medikamente einnehmen. Einige Pflanzen k\u00f6nnen n\u00e4mlich mit der Behandlung interagieren.<\/li>\n<li>\u00dcberschreiten Sie nicht die empfohlene Dosis, um Nebenwirkungen und \u00dcberdosierungen zu vermeiden.<\/li>\n<\/ul>\n<p>Insgesamt bieten die aphrodisierenden Kr\u00e4utertees f\u00fcr M\u00e4nner eine nat\u00fcrliche und angenehme L\u00f6sung. Dies geschieht, um die m\u00e4nnliche Libido zu unterst\u00fctzen und die sexuelle Leistungsf\u00e4higkeit zu verbessern. Dank ihrer Wirkung auf das Verlangen, die Durchblutung und die Energie k\u00f6nnen diese Kr\u00e4utertees dabei helfen, wieder ein erf\u00fclltes Sexualleben zu f\u00fchren.<\/p>","protected":false},"excerpt":{"rendered":"<p><img decoding=\"async\" class=\"size-full wp-image-5091 aligncenter\" src=\"https:\/\/www.safinel.fr\/wp-content\/uploads\/2021\/06\/BANNIERE-ICONE-SAFINEL.webp\" alt=\"Satines-R\u00fcckversicherung\" width=\"800\" height=\"200\" srcset=\"https:\/\/www.safinel.fr\/wp-content\/uploads\/2021\/06\/BANNIERE-ICONE-SAFINEL.webp 800w, https:\/\/www.safinel.fr\/wp-content\/uploads\/2021\/06\/BANNIERE-ICONE-SAFINEL-600x150.webp 600w, https:\/\/www.safinel.fr\/wp-content\/uploads\/2021\/06\/BANNIERE-ICONE-SAFINEL-768x192.webp 768w\" sizes=\"(max-width: 800px) 100vw, 800px\" \/><\/p>","protected":false},"featured_media":7412,"template":"","meta":[],"product_brand":[],"product_cat":[91,131,19,151],"product_tag":[],"class_list":{"0":"post-6699","1":"product","2":"type-product","3":"status-publish","4":"has-post-thumbnail","6":"product_cat-boisson-aphrodisiaque-africaine","7":"product_cat-intimite-masculine","8":"product_cat-thes-tisanes","9":"product_cat-tisane-aphrodisiaque","11":"first","12":"outofstock","13":"shipping-taxable","14":"purchasable","15":"product-type-simple"},"yoast_head":"<!-- This site is optimized with the Yoast SEO plugin v26.6 - https:\/\/yoast.com\/wordpress\/plugins\/seo\/ -->\n<title>Tisane aphrodisiaque homme | La tisane libido masculine 100g<\/title>\n<meta name=\"description\" content=\"\u00c0 travers cette fiche produit, Safinel explore avec vous le monde de la tisane aphrodisiaque homme. D\u00e9couvrez notre tisane libido 100g !\" \/>\n<meta name=\"robots\" content=\"index, follow, max-snippet:-1, max-image-preview:large, max-video-preview:-1\" \/>\n<link rel=\"canonical\" href=\"https:\/\/www.safinel.fr\/de\/product-2\/aphrodisiakischer-krautertee-mann\/\" \/>\n<meta property=\"og:locale\" content=\"de_DE\" \/>\n<meta property=\"og:type\" content=\"article\" \/>\n<meta property=\"og:title\" content=\"Tisane aphrodisiaque homme | La tisane libido masculine 100g\" \/>\n<meta property=\"og:description\" content=\"\u00c0 travers cette fiche produit, Safinel explore avec vous le monde de la tisane aphrodisiaque homme. D\u00e9couvrez notre tisane libido 100g !\" \/>\n<meta property=\"og:url\" content=\"https:\/\/www.safinel.fr\/de\/product-2\/aphrodisiakischer-krautertee-mann\/\" \/>\n<meta property=\"og:site_name\" content=\"Safinel\" \/>\n<meta property=\"article:modified_time\" content=\"2024-05-03T22:20:37+00:00\" \/>\n<meta property=\"og:image\" content=\"https:\/\/www.safinel.fr\/wp-content\/uploads\/2023\/06\/Tisane-aphrodisiaque-homme-100g.jpg\" \/>\n\t<meta property=\"og:image:width\" content=\"600\" \/>\n\t<meta property=\"og:image:height\" content=\"600\" \/>\n\t<meta property=\"og:image:type\" content=\"image\/jpeg\" \/>\n<meta name=\"twitter:card\" content=\"summary_large_image\" \/>\n<meta name=\"twitter:label1\" content=\"Gesch\u00e4tzte Lesezeit\" \/>\n\t<meta name=\"twitter:data1\" content=\"4\u00a0Minuten\" \/>\n<script type=\"application\/ld+json\" class=\"yoast-schema-graph\">{\"@context\":\"https:\/\/schema.org\",\"@graph\":[{\"@type\":\"WebPage\",\"@id\":\"https:\/\/www.safinel.fr\/produit\/tisane-aphrodisiaque-homme\/\",\"url\":\"https:\/\/www.safinel.fr\/produit\/tisane-aphrodisiaque-homme\/\",\"name\":\"Tisane aphrodisiaque homme | La tisane libido masculine 100g\",\"isPartOf\":{\"@id\":\"https:\/\/www.safinel.fr\/#website\"},\"primaryImageOfPage\":{\"@id\":\"https:\/\/www.safinel.fr\/produit\/tisane-aphrodisiaque-homme\/#primaryimage\"},\"image\":{\"@id\":\"https:\/\/www.safinel.fr\/produit\/tisane-aphrodisiaque-homme\/#primaryimage\"},\"thumbnailUrl\":\"https:\/\/www.safinel.fr\/wp-content\/uploads\/2023\/06\/Tisane-aphrodisiaque-homme-100g.jpg\",\"datePublished\":\"2023-06-25T17:40:33+00:00\",\"dateModified\":\"2024-05-03T22:20:37+00:00\",\"description\":\"\u00c0 travers cette fiche produit, Safinel explore avec vous le monde de la tisane aphrodisiaque homme. D\u00e9couvrez notre tisane libido 100g !\",\"breadcrumb\":{\"@id\":\"https:\/\/www.safinel.fr\/produit\/tisane-aphrodisiaque-homme\/#breadcrumb\"},\"inLanguage\":\"de\",\"potentialAction\":[{\"@type\":\"ReadAction\",\"target\":[\"https:\/\/www.safinel.fr\/produit\/tisane-aphrodisiaque-homme\/\"]}]},{\"@type\":\"ImageObject\",\"inLanguage\":\"de\",\"@id\":\"https:\/\/www.safinel.fr\/produit\/tisane-aphrodisiaque-homme\/#primaryimage\",\"url\":\"https:\/\/www.safinel.fr\/wp-content\/uploads\/2023\/06\/Tisane-aphrodisiaque-homme-100g.jpg\",\"contentUrl\":\"https:\/\/www.safinel.fr\/wp-content\/uploads\/2023\/06\/Tisane-aphrodisiaque-homme-100g.jpg\",\"width\":600,\"height\":600,\"caption\":\"Tisane aphrodisiaque homme 100g\"},{\"@type\":\"BreadcrumbList\",\"@id\":\"https:\/\/www.safinel.fr\/produit\/tisane-aphrodisiaque-homme\/#breadcrumb\",\"itemListElement\":[{\"@type\":\"ListItem\",\"position\":1,\"name\":\"Accueil\",\"item\":\"https:\/\/www.safinel.fr\/\"},{\"@type\":\"ListItem\",\"position\":2,\"name\":\"Boutique\",\"item\":\"https:\/\/www.safinel.fr\/boutique\/\"},{\"@type\":\"ListItem\",\"position\":3,\"name\":\"Tisane aphrodisiaque homme 100g\"}]},{\"@type\":\"WebSite\",\"@id\":\"https:\/\/www.safinel.fr\/#website\",\"url\":\"https:\/\/www.safinel.fr\/\",\"name\":\"Safinel\",\"description\":\"\",\"publisher\":{\"@id\":\"https:\/\/www.safinel.fr\/#organization\"},\"potentialAction\":[{\"@type\":\"SearchAction\",\"target\":{\"@type\":\"EntryPoint\",\"urlTemplate\":\"https:\/\/www.safinel.fr\/?s={search_term_string}\"},\"query-input\":{\"@type\":\"PropertyValueSpecification\",\"valueRequired\":true,\"valueName\":\"search_term_string\"}}],\"inLanguage\":\"de\"},{\"@type\":\"Organization\",\"@id\":\"https:\/\/www.safinel.fr\/#organization\",\"name\":\"Safinel\",\"url\":\"https:\/\/www.safinel.fr\/\",\"logo\":{\"@type\":\"ImageObject\",\"inLanguage\":\"de\",\"@id\":\"https:\/\/www.safinel.fr\/#\/schema\/logo\/image\/\",\"url\":\"https:\/\/www.safinel.fr\/wp-content\/uploads\/2021\/05\/boutique-cosmetique.png\",\"contentUrl\":\"https:\/\/www.safinel.fr\/wp-content\/uploads\/2021\/05\/boutique-cosmetique.png\",\"width\":800,\"height\":200,\"caption\":\"Safinel\"},\"image\":{\"@id\":\"https:\/\/www.safinel.fr\/#\/schema\/logo\/image\/\"}}]}<\/script>\n<!-- \/ Yoast SEO plugin. -->","yoast_head_json":{"title":"Aphrodisiakischer Kr\u00e4utertee Mann | Der Kr\u00e4utertee Libido Mann 100g","description":"Anhand dieser Produktbeschreibung erkundet Safinel mit Ihnen die Welt des aphrodisischen Kr\u00e4utertees f\u00fcr M\u00e4nner. Entdecken Sie unseren Libido-Kr\u00e4utertee 100g!","robots":{"index":"index","follow":"follow","max-snippet":"max-snippet:-1","max-image-preview":"max-image-preview:large","max-video-preview":"max-video-preview:-1"},"canonical":"https:\/\/www.safinel.fr\/de\/product-2\/aphrodisiakischer-krautertee-mann\/","og_locale":"de_DE","og_type":"article","og_title":"Tisane aphrodisiaque homme | La tisane libido masculine 100g","og_description":"\u00c0 travers cette fiche produit, Safinel explore avec vous le monde de la tisane aphrodisiaque homme. D\u00e9couvrez notre tisane libido 100g !","og_url":"https:\/\/www.safinel.fr\/de\/product-2\/aphrodisiakischer-krautertee-mann\/","og_site_name":"Safinel","article_modified_time":"2024-05-03T22:20:37+00:00","og_image":[{"width":600,"height":600,"url":"https:\/\/www.safinel.fr\/wp-content\/uploads\/2023\/06\/Tisane-aphrodisiaque-homme-100g.jpg","type":"image\/jpeg"}],"twitter_card":"summary_large_image","twitter_misc":{"Gesch\u00e4tzte Lesezeit":"4\u00a0Minuten"},"schema":{"@context":"https:\/\/schema.org","@graph":[{"@type":"WebPage","@id":"https:\/\/www.safinel.fr\/produit\/tisane-aphrodisiaque-homme\/","url":"https:\/\/www.safinel.fr\/produit\/tisane-aphrodisiaque-homme\/","name":"Aphrodisiakischer Kr\u00e4utertee Mann | Der Kr\u00e4utertee Libido Mann 100g","isPartOf":{"@id":"https:\/\/www.safinel.fr\/#website"},"primaryImageOfPage":{"@id":"https:\/\/www.safinel.fr\/produit\/tisane-aphrodisiaque-homme\/#primaryimage"},"image":{"@id":"https:\/\/www.safinel.fr\/produit\/tisane-aphrodisiaque-homme\/#primaryimage"},"thumbnailUrl":"https:\/\/www.safinel.fr\/wp-content\/uploads\/2023\/06\/Tisane-aphrodisiaque-homme-100g.jpg","datePublished":"2023-06-25T17:40:33+00:00","dateModified":"2024-05-03T22:20:37+00:00","description":"Anhand dieser Produktbeschreibung erkundet Safinel mit Ihnen die Welt des aphrodisischen Kr\u00e4utertees f\u00fcr M\u00e4nner. Entdecken Sie unseren Libido-Kr\u00e4utertee 100g!","breadcrumb":{"@id":"https:\/\/www.safinel.fr\/produit\/tisane-aphrodisiaque-homme\/#breadcrumb"},"inLanguage":"de","potentialAction":[{"@type":"ReadAction","target":["https:\/\/www.safinel.fr\/produit\/tisane-aphrodisiaque-homme\/"]}]},{"@type":"ImageObject","inLanguage":"de","@id":"https:\/\/www.safinel.fr\/produit\/tisane-aphrodisiaque-homme\/#primaryimage","url":"https:\/\/www.safinel.fr\/wp-content\/uploads\/2023\/06\/Tisane-aphrodisiaque-homme-100g.jpg","contentUrl":"https:\/\/www.safinel.fr\/wp-content\/uploads\/2023\/06\/Tisane-aphrodisiaque-homme-100g.jpg","width":600,"height":600,"caption":"Tisane aphrodisiaque homme 100g"},{"@type":"BreadcrumbList","@id":"https:\/\/www.safinel.fr\/produit\/tisane-aphrodisiaque-homme\/#breadcrumb","itemListElement":[{"@type":"ListItem","position":1,"name":"Accueil","item":"https:\/\/www.safinel.fr\/"},{"@type":"ListItem","position":2,"name":"Boutique","item":"https:\/\/www.safinel.fr\/boutique\/"},{"@type":"ListItem","position":3,"name":"Tisane aphrodisiaque homme 100g"}]},{"@type":"WebSite","@id":"https:\/\/www.safinel.fr\/#website","url":"https:\/\/www.safinel.fr\/","name":"Safinel","description":"","publisher":{"@id":"https:\/\/www.safinel.fr\/#organization"},"potentialAction":[{"@type":"SearchAction","target":{"@type":"EntryPoint","urlTemplate":"https:\/\/www.safinel.fr\/?s={search_term_string}"},"query-input":{"@type":"PropertyValueSpecification","valueRequired":true,"valueName":"search_term_string"}}],"inLanguage":"de"},{"@type":"Organization","@id":"https:\/\/www.safinel.fr\/#organization","name":"Safinel","url":"https:\/\/www.safinel.fr\/","logo":{"@type":"ImageObject","inLanguage":"de","@id":"https:\/\/www.safinel.fr\/#\/schema\/logo\/image\/","url":"https:\/\/www.safinel.fr\/wp-content\/uploads\/2021\/05\/boutique-cosmetique.png","contentUrl":"https:\/\/www.safinel.fr\/wp-content\/uploads\/2021\/05\/boutique-cosmetique.png","width":800,"height":200,"caption":"Safinel"},"image":{"@id":"https:\/\/www.safinel.fr\/#\/schema\/logo\/image\/"}}]}},"_links":{"self":[{"href":"https:\/\/www.safinel.fr\/de\/wp-json\/wp\/v2\/product\/6699","targetHints":{"allow":["GET"]}}],"collection":[{"href":"https:\/\/www.safinel.fr\/de\/wp-json\/wp\/v2\/product"}],"about":[{"href":"https:\/\/www.safinel.fr\/de\/wp-json\/wp\/v2\/types\/product"}],"wp:featuredmedia":[{"embeddable":true,"href":"https:\/\/www.safinel.fr\/de\/wp-json\/wp\/v2\/media\/7412"}],"wp:attachment":[{"href":"https:\/\/www.safinel.fr\/de\/wp-json\/wp\/v2\/media?parent=6699"}],"wp:term":[{"taxonomy":"product_brand","embeddable":true,"href":"https:\/\/www.safinel.fr\/de\/wp-json\/wp\/v2\/product_brand?post=6699"},{"taxonomy":"product_cat","embeddable":true,"href":"https:\/\/www.safinel.fr\/de\/wp-json\/wp\/v2\/product_cat?post=6699"},{"taxonomy":"product_tag","embeddable":true,"href":"https:\/\/www.safinel.fr\/de\/wp-json\/wp\/v2\/product_tag?post=6699"}],"curies":[{"name":"wp","href":"https:\/\/api.w.org\/{rel}","templated":true}]}}