{"id":6696,"date":"2023-06-25T17:20:10","date_gmt":"2023-06-25T17:20:10","guid":{"rendered":"https:\/\/www.safinel.fr\/?post_type=product&#038;p=6696"},"modified":"2023-12-28T17:16:05","modified_gmt":"2023-12-28T17:16:05","slug":"aphrodisiakischer-krautertee-frau","status":"publish","type":"product","link":"https:\/\/www.safinel.fr\/de\/product-2\/aphrodisiakischer-krautertee-frau\/","title":{"rendered":"Kr\u00e4utertee Aphrodisiakum Frau 100g"},"content":{"rendered":"<p>Die\u00a0<strong>aphrodisierende Kr\u00e4utertees<\/strong>\u00a0sind pflanzliche Getr\u00e4nke, die das sexuelle Verlangen bei Frauen anregen. Diese Kr\u00e4utertees verbessern die Libido und steigern die sexuelle Leistungsf\u00e4higkeit, indem sie die Sinne sowohl auf k\u00f6rperlicher als auch auf geistiger Ebene wecken.<\/p>\n<h2><strong>Die Vorteile von aphrodisierenden Kr\u00e4utertees f\u00fcr Frauen<\/strong><\/h2>\n<p>Wer regelm\u00e4\u00dfig aphrodisierende Kr\u00e4utertees zu sich nimmt, profitiert von mehreren Vorteilen:<\/p>\n<ul>\n<li><strong>Verbesserung der Libido<\/strong>\u00a0: Die in diesen Kr\u00e4utertees enthaltenen Inhaltsstoffe wirken auf das zentrale Nervensystem und helfen, das sexuelle Verlangen bei Frauen zu steigern.<\/li>\n<li><strong>Erh\u00f6hung der Energie<\/strong>\u00a0: Einige der in diesen Kr\u00e4utertees verwendeten Pflanzen haben tonisierende Eigenschaften und f\u00f6rdern so eine bessere k\u00f6rperliche und geistige Ausdauer.<\/li>\n<li><strong>Verringerung von Stress und Angstzust\u00e4nden<\/strong>\u00a0Aphrodisiakische Kr\u00e4utertees k\u00f6nnen helfen, den Geist zu beruhigen und den K\u00f6rper zu entspannen und so eine Umgebung f\u00fcr intime Freuden zu schaffen.<\/li>\n<li><strong>Stimulation von Empfindungen<\/strong>\u00a0Aphrodisiakische Kr\u00e4utertees k\u00f6nnen die Durchblutung und die Empfindlichkeit der erogenen Zonen verbessern und so die Orgasmen intensivieren.<\/li>\n<\/ul>\n<h2><strong>Schl\u00fcsselzutaten f\u00fcr aphrodisierende Kr\u00e4utertees f\u00fcr Frauen<\/strong><\/h2>\n<p>Aphrodisiakische Kr\u00e4utertees enthalten nat\u00fcrliche Inhaltsstoffe mit anregenden und energiespendenden Eigenschaften. Hier sind einige der wichtigsten Inhaltsstoffe:<\/p>\n<ul>\n<li><strong>Ingwer<\/strong><\/li>\n<\/ul>\n<p>Diese Wurzel hat viele positive Eigenschaften, darunter die Stimulierung des sexuellen Verlangens. Au\u00dferdem verbessert sie die Durchblutung und st\u00e4rkt das Immunsystem.<\/p>\n<ul>\n<li><strong>Maca<\/strong><\/li>\n<\/ul>\n<p>Diese aus Peru stammende Pflanze ist f\u00fcr ihre energie- und vitalit\u00e4tssteigernde Wirkung bekannt. Sie hilft, den Hormonhaushalt auszugleichen und die Libido bei Frauen zu steigern.<\/p>\n<ul>\n<li><a href=\"https:\/\/www.safinel.fr\/de\/product-2\/damiana-blatter\/\"><strong>Damiana<\/strong><\/a><\/li>\n<\/ul>\n<p>Diese Pflanze, die seit Jahrhunderten von den Mayas verwendet wird, wirkt auf das zentrale Nervensystem und f\u00f6rdert Entspannung und Erholung, w\u00e4hrend sie gleichzeitig das sexuelle Verlangen anregt.<\/p>\n<ul>\n<li><strong>Ginseng<\/strong><\/li>\n<\/ul>\n<p>Ginseng ist eine adaptogene Pflanze, die dem K\u00f6rper hilft, sich an Stress und M\u00fcdigkeit anzupassen. Au\u00dferdem steigert er die Energie und die sexuelle Leistungsf\u00e4higkeit.<\/p>\n<ul>\n<li><strong>Bohnenkraut<\/strong><\/li>\n<\/ul>\n<p>Diese aromatische Pflanze ist reich an Antioxidantien und hat aphrodisierende und tonisierende Eigenschaften, wodurch sie zur Verbesserung der weiblichen Libido beitr\u00e4gt.<\/p>\n<h2><strong>Wie bereitet man einen aphrodisierenden Frauentee zu und konsumiert ihn?<\/strong><\/h2>\n<p>Zur Vorbereitung einer\u00a0<strong>Aphrodisiakischer Kr\u00e4utertee Frau<\/strong>, Wenn Sie sich nicht sicher sind, ob Ihr Kind ein Kind ist, befolgen Sie einfach diese einfachen Schritte:<\/p>\n<ol>\n<li>W\u00e4hlen Sie eine oder mehrere Pflanzen mit aphrodisierenden Eigenschaften (Ingwer, Maca, Damiana, Ginseng, Bohnenkraut...).<\/li>\n<li>Kochen Sie Wasser und gie\u00dfen Sie es \u00fcber die Pflanzen.<\/li>\n<li>Lassen Sie den Tee je nach gew\u00fcnschter St\u00e4rke 5 bis 10 Minuten ziehen.<\/li>\n<li>Filtern Sie den Tee und genie\u00dfen Sie ihn hei\u00df oder kalt.<\/li>\n<\/ol>\n<p>Es wird empfohlen, diese Kr\u00e4utertees t\u00e4glich zu konsumieren, um optimale Ergebnisse zu erzielen. Z\u00f6gern Sie nicht, die Zutaten zu variieren, um neue Geschm\u00e4cker und Empfindungen zu entdecken.<\/p>\n<h3><strong>Aphrodisiakischer Kr\u00e4utertee Frau auf safinel.de kaufen<\/strong><\/h3>\n<p>Um eine\u00a0<strong>Aphrodisiakischer Kr\u00e4utertee Frau<\/strong>, Wenn Sie sich nicht sicher sind, ob Sie die richtige Wahl getroffen haben, ist es wichtig, sich an einen vertrauensw\u00fcrdigen Anbieter zu wenden, der nat\u00fcrliche und hochwertige Produkte anbietet. Safinel.de ist ein Online-Shop, der sich auf den Verkauf von Kr\u00e4uter- und Fr\u00fcchtetees mit wohltuenden Eigenschaften f\u00fcr K\u00f6rper und Geist spezialisiert hat. Hier finden Sie eine gro\u00dfe Auswahl an aphrodisierenden Kr\u00e4utertees, die speziell f\u00fcr Frauen entwickelt wurden.<\/p>\n<ul>\n<li><strong>100 % nat\u00fcrliche und biologische Kr\u00e4utertees<\/strong><\/li>\n<\/ul>\n<p>Safinel.de verpflichtet sich, Kr\u00e4utertees anzubieten, die nur aus nat\u00fcrlichen Zutaten bestehen und aus biologischem Anbau stammen. So k\u00f6nnen Sie sicher sein, ein gesundes Produkt ohne Pestizide und chemische Zus\u00e4tze zu konsumieren.<\/p>\n<ul>\n<li><strong>Eine gro\u00dfe Auswahl an Aphrodisiakum-Mischungen<\/strong><\/li>\n<\/ul>\n<p>Safinel.de bietet eine vielf\u00e4ltige Auswahl an aphrodisierenden Kr\u00e4utertees f\u00fcr Frauen, mit Mischungen aus Pflanzen, die f\u00fcr ihre stimulierenden und energiespendenden Eigenschaften bekannt sind. So k\u00f6nnen Sie ganz einfach den Kr\u00e4utertee finden, der Ihren Vorlieben und Bed\u00fcrfnissen entspricht.<\/p>\n<ul>\n<li><strong>Eine schnelle und diskrete Lieferung<\/strong><\/li>\n<\/ul>\n<p>Wenn Sie bei safinel.de bestellen, profitieren Sie von einer schnellen und diskreten Lieferung. Die Pakete werden sorgf\u00e4ltig verpackt und vertraulich versendet. So k\u00f6nnen Sie Ihren aphrodisischen Kr\u00e4utertee f\u00fcr Frauen in aller Ruhe genie\u00dfen.<\/p>\n<p>Abschlie\u00dfend\u00a0<strong>aphrodisierende Kr\u00e4utertees f\u00fcr Frauen<\/strong>\u00a0sind ein nat\u00fcrliches und wirksames Mittel, um das sexuelle Verlangen zu steigern und das Intimleben zu verbessern. Warten Sie nicht l\u00e4nger, um die Vorteile dieser berauschenden Kr\u00e4utertees zu entdecken, indem Sie Ihren aphrodisierenden Kr\u00e4utertee f\u00fcr Frauen auf safinel.de kaufen.<\/p>","protected":false},"excerpt":{"rendered":"<p><img decoding=\"async\" class=\"size-full wp-image-5091 aligncenter\" src=\"https:\/\/www.safinel.fr\/wp-content\/uploads\/2021\/06\/BANNIERE-ICONE-SAFINEL.webp\" alt=\"Satines-R\u00fcckversicherung\" width=\"800\" height=\"200\" srcset=\"https:\/\/www.safinel.fr\/wp-content\/uploads\/2021\/06\/BANNIERE-ICONE-SAFINEL.webp 800w, https:\/\/www.safinel.fr\/wp-content\/uploads\/2021\/06\/BANNIERE-ICONE-SAFINEL-600x150.webp 600w, https:\/\/www.safinel.fr\/wp-content\/uploads\/2021\/06\/BANNIERE-ICONE-SAFINEL-768x192.webp 768w\" sizes=\"(max-width: 800px) 100vw, 800px\" \/><\/p>","protected":false},"featured_media":6697,"template":"","meta":[],"product_brand":[],"product_cat":[91,19,151],"product_tag":[],"class_list":{"0":"post-6696","1":"product","2":"type-product","3":"status-publish","4":"has-post-thumbnail","6":"product_cat-boisson-aphrodisiaque-africaine","7":"product_cat-thes-tisanes","8":"product_cat-tisane-aphrodisiaque","10":"first","11":"instock","12":"shipping-taxable","13":"purchasable","14":"product-type-simple"},"yoast_head":"<!-- This site is optimized with the Yoast SEO plugin v26.6 - https:\/\/yoast.com\/wordpress\/plugins\/seo\/ -->\n<title>Tisane aphrodisiaque femme | Booste la libido | Contenance 100g<\/title>\n<meta name=\"description\" content=\"Pour acheter une\u00a0tisane aphrodisiaque femme, il est important de se tourner vers un fournisseur de confiance qui propose des produits qualit\u00e9.\" \/>\n<meta name=\"robots\" content=\"index, follow, max-snippet:-1, max-image-preview:large, max-video-preview:-1\" \/>\n<link rel=\"canonical\" href=\"https:\/\/www.safinel.fr\/de\/product-2\/aphrodisiakischer-krautertee-frau\/\" \/>\n<meta property=\"og:locale\" content=\"de_DE\" \/>\n<meta property=\"og:type\" content=\"article\" \/>\n<meta property=\"og:title\" content=\"Tisane aphrodisiaque femme | Booste la libido | Contenance 100g\" \/>\n<meta property=\"og:description\" content=\"Pour acheter une\u00a0tisane aphrodisiaque femme, il est important de se tourner vers un fournisseur de confiance qui propose des produits qualit\u00e9.\" \/>\n<meta property=\"og:url\" content=\"https:\/\/www.safinel.fr\/de\/product-2\/aphrodisiakischer-krautertee-frau\/\" \/>\n<meta property=\"og:site_name\" content=\"Safinel\" \/>\n<meta property=\"article:modified_time\" content=\"2023-12-28T17:16:05+00:00\" \/>\n<meta property=\"og:image\" content=\"https:\/\/www.safinel.fr\/wp-content\/uploads\/2023\/06\/tisane-aphrodisiaque-femme.jpg\" \/>\n\t<meta property=\"og:image:width\" content=\"600\" \/>\n\t<meta property=\"og:image:height\" content=\"600\" \/>\n\t<meta property=\"og:image:type\" content=\"image\/jpeg\" \/>\n<meta name=\"twitter:card\" content=\"summary_large_image\" \/>\n<meta name=\"twitter:label1\" content=\"Gesch\u00e4tzte Lesezeit\" \/>\n\t<meta name=\"twitter:data1\" content=\"3\u00a0Minuten\" \/>\n<script type=\"application\/ld+json\" class=\"yoast-schema-graph\">{\"@context\":\"https:\/\/schema.org\",\"@graph\":[{\"@type\":\"WebPage\",\"@id\":\"https:\/\/www.safinel.fr\/produit\/tisane-aphrodisiaque-femme\/\",\"url\":\"https:\/\/www.safinel.fr\/produit\/tisane-aphrodisiaque-femme\/\",\"name\":\"Tisane aphrodisiaque femme | Booste la libido | Contenance 100g\",\"isPartOf\":{\"@id\":\"https:\/\/www.safinel.fr\/#website\"},\"primaryImageOfPage\":{\"@id\":\"https:\/\/www.safinel.fr\/produit\/tisane-aphrodisiaque-femme\/#primaryimage\"},\"image\":{\"@id\":\"https:\/\/www.safinel.fr\/produit\/tisane-aphrodisiaque-femme\/#primaryimage\"},\"thumbnailUrl\":\"https:\/\/www.safinel.fr\/wp-content\/uploads\/2023\/06\/tisane-aphrodisiaque-femme.jpg\",\"datePublished\":\"2023-06-25T17:20:10+00:00\",\"dateModified\":\"2023-12-28T17:16:05+00:00\",\"description\":\"Pour acheter une\u00a0tisane aphrodisiaque femme, il est important de se tourner vers un fournisseur de confiance qui propose des produits qualit\u00e9.\",\"breadcrumb\":{\"@id\":\"https:\/\/www.safinel.fr\/produit\/tisane-aphrodisiaque-femme\/#breadcrumb\"},\"inLanguage\":\"de\",\"potentialAction\":[{\"@type\":\"ReadAction\",\"target\":[\"https:\/\/www.safinel.fr\/produit\/tisane-aphrodisiaque-femme\/\"]}]},{\"@type\":\"ImageObject\",\"inLanguage\":\"de\",\"@id\":\"https:\/\/www.safinel.fr\/produit\/tisane-aphrodisiaque-femme\/#primaryimage\",\"url\":\"https:\/\/www.safinel.fr\/wp-content\/uploads\/2023\/06\/tisane-aphrodisiaque-femme.jpg\",\"contentUrl\":\"https:\/\/www.safinel.fr\/wp-content\/uploads\/2023\/06\/tisane-aphrodisiaque-femme.jpg\",\"width\":600,\"height\":600,\"caption\":\"Tisane aphrodisiaque femme 100g\"},{\"@type\":\"BreadcrumbList\",\"@id\":\"https:\/\/www.safinel.fr\/produit\/tisane-aphrodisiaque-femme\/#breadcrumb\",\"itemListElement\":[{\"@type\":\"ListItem\",\"position\":1,\"name\":\"Accueil\",\"item\":\"https:\/\/www.safinel.fr\/\"},{\"@type\":\"ListItem\",\"position\":2,\"name\":\"Boutique\",\"item\":\"https:\/\/www.safinel.fr\/boutique\/\"},{\"@type\":\"ListItem\",\"position\":3,\"name\":\"Tisane aphrodisiaque femme 100g\"}]},{\"@type\":\"WebSite\",\"@id\":\"https:\/\/www.safinel.fr\/#website\",\"url\":\"https:\/\/www.safinel.fr\/\",\"name\":\"Safinel\",\"description\":\"\",\"publisher\":{\"@id\":\"https:\/\/www.safinel.fr\/#organization\"},\"potentialAction\":[{\"@type\":\"SearchAction\",\"target\":{\"@type\":\"EntryPoint\",\"urlTemplate\":\"https:\/\/www.safinel.fr\/?s={search_term_string}\"},\"query-input\":{\"@type\":\"PropertyValueSpecification\",\"valueRequired\":true,\"valueName\":\"search_term_string\"}}],\"inLanguage\":\"de\"},{\"@type\":\"Organization\",\"@id\":\"https:\/\/www.safinel.fr\/#organization\",\"name\":\"Safinel\",\"url\":\"https:\/\/www.safinel.fr\/\",\"logo\":{\"@type\":\"ImageObject\",\"inLanguage\":\"de\",\"@id\":\"https:\/\/www.safinel.fr\/#\/schema\/logo\/image\/\",\"url\":\"https:\/\/www.safinel.fr\/wp-content\/uploads\/2021\/05\/boutique-cosmetique.png\",\"contentUrl\":\"https:\/\/www.safinel.fr\/wp-content\/uploads\/2021\/05\/boutique-cosmetique.png\",\"width\":800,\"height\":200,\"caption\":\"Safinel\"},\"image\":{\"@id\":\"https:\/\/www.safinel.fr\/#\/schema\/logo\/image\/\"}}]}<\/script>\n<!-- \/ Yoast SEO plugin. -->","yoast_head_json":{"title":"Aphrodisiakischer Kr\u00e4utertee Frau | Boostet die Libido | Inhalt 100g","description":"Wenn Sie einen aphrodisischen Frauentee kaufen wollen, ist es wichtig, sich an einen vertrauensw\u00fcrdigen Anbieter zu wenden, der Qualit\u00e4tsprodukte anbietet.","robots":{"index":"index","follow":"follow","max-snippet":"max-snippet:-1","max-image-preview":"max-image-preview:large","max-video-preview":"max-video-preview:-1"},"canonical":"https:\/\/www.safinel.fr\/de\/product-2\/aphrodisiakischer-krautertee-frau\/","og_locale":"de_DE","og_type":"article","og_title":"Tisane aphrodisiaque femme | Booste la libido | Contenance 100g","og_description":"Pour acheter une\u00a0tisane aphrodisiaque femme, il est important de se tourner vers un fournisseur de confiance qui propose des produits qualit\u00e9.","og_url":"https:\/\/www.safinel.fr\/de\/product-2\/aphrodisiakischer-krautertee-frau\/","og_site_name":"Safinel","article_modified_time":"2023-12-28T17:16:05+00:00","og_image":[{"width":600,"height":600,"url":"https:\/\/www.safinel.fr\/wp-content\/uploads\/2023\/06\/tisane-aphrodisiaque-femme.jpg","type":"image\/jpeg"}],"twitter_card":"summary_large_image","twitter_misc":{"Gesch\u00e4tzte Lesezeit":"3\u00a0Minuten"},"schema":{"@context":"https:\/\/schema.org","@graph":[{"@type":"WebPage","@id":"https:\/\/www.safinel.fr\/produit\/tisane-aphrodisiaque-femme\/","url":"https:\/\/www.safinel.fr\/produit\/tisane-aphrodisiaque-femme\/","name":"Aphrodisiakischer Kr\u00e4utertee Frau | Boostet die Libido | Inhalt 100g","isPartOf":{"@id":"https:\/\/www.safinel.fr\/#website"},"primaryImageOfPage":{"@id":"https:\/\/www.safinel.fr\/produit\/tisane-aphrodisiaque-femme\/#primaryimage"},"image":{"@id":"https:\/\/www.safinel.fr\/produit\/tisane-aphrodisiaque-femme\/#primaryimage"},"thumbnailUrl":"https:\/\/www.safinel.fr\/wp-content\/uploads\/2023\/06\/tisane-aphrodisiaque-femme.jpg","datePublished":"2023-06-25T17:20:10+00:00","dateModified":"2023-12-28T17:16:05+00:00","description":"Wenn Sie einen aphrodisischen Frauentee kaufen wollen, ist es wichtig, sich an einen vertrauensw\u00fcrdigen Anbieter zu wenden, der Qualit\u00e4tsprodukte anbietet.","breadcrumb":{"@id":"https:\/\/www.safinel.fr\/produit\/tisane-aphrodisiaque-femme\/#breadcrumb"},"inLanguage":"de","potentialAction":[{"@type":"ReadAction","target":["https:\/\/www.safinel.fr\/produit\/tisane-aphrodisiaque-femme\/"]}]},{"@type":"ImageObject","inLanguage":"de","@id":"https:\/\/www.safinel.fr\/produit\/tisane-aphrodisiaque-femme\/#primaryimage","url":"https:\/\/www.safinel.fr\/wp-content\/uploads\/2023\/06\/tisane-aphrodisiaque-femme.jpg","contentUrl":"https:\/\/www.safinel.fr\/wp-content\/uploads\/2023\/06\/tisane-aphrodisiaque-femme.jpg","width":600,"height":600,"caption":"Tisane aphrodisiaque femme 100g"},{"@type":"BreadcrumbList","@id":"https:\/\/www.safinel.fr\/produit\/tisane-aphrodisiaque-femme\/#breadcrumb","itemListElement":[{"@type":"ListItem","position":1,"name":"Accueil","item":"https:\/\/www.safinel.fr\/"},{"@type":"ListItem","position":2,"name":"Boutique","item":"https:\/\/www.safinel.fr\/boutique\/"},{"@type":"ListItem","position":3,"name":"Tisane aphrodisiaque femme 100g"}]},{"@type":"WebSite","@id":"https:\/\/www.safinel.fr\/#website","url":"https:\/\/www.safinel.fr\/","name":"Safinel","description":"","publisher":{"@id":"https:\/\/www.safinel.fr\/#organization"},"potentialAction":[{"@type":"SearchAction","target":{"@type":"EntryPoint","urlTemplate":"https:\/\/www.safinel.fr\/?s={search_term_string}"},"query-input":{"@type":"PropertyValueSpecification","valueRequired":true,"valueName":"search_term_string"}}],"inLanguage":"de"},{"@type":"Organization","@id":"https:\/\/www.safinel.fr\/#organization","name":"Safinel","url":"https:\/\/www.safinel.fr\/","logo":{"@type":"ImageObject","inLanguage":"de","@id":"https:\/\/www.safinel.fr\/#\/schema\/logo\/image\/","url":"https:\/\/www.safinel.fr\/wp-content\/uploads\/2021\/05\/boutique-cosmetique.png","contentUrl":"https:\/\/www.safinel.fr\/wp-content\/uploads\/2021\/05\/boutique-cosmetique.png","width":800,"height":200,"caption":"Safinel"},"image":{"@id":"https:\/\/www.safinel.fr\/#\/schema\/logo\/image\/"}}]}},"_links":{"self":[{"href":"https:\/\/www.safinel.fr\/de\/wp-json\/wp\/v2\/product\/6696","targetHints":{"allow":["GET"]}}],"collection":[{"href":"https:\/\/www.safinel.fr\/de\/wp-json\/wp\/v2\/product"}],"about":[{"href":"https:\/\/www.safinel.fr\/de\/wp-json\/wp\/v2\/types\/product"}],"wp:featuredmedia":[{"embeddable":true,"href":"https:\/\/www.safinel.fr\/de\/wp-json\/wp\/v2\/media\/6697"}],"wp:attachment":[{"href":"https:\/\/www.safinel.fr\/de\/wp-json\/wp\/v2\/media?parent=6696"}],"wp:term":[{"taxonomy":"product_brand","embeddable":true,"href":"https:\/\/www.safinel.fr\/de\/wp-json\/wp\/v2\/product_brand?post=6696"},{"taxonomy":"product_cat","embeddable":true,"href":"https:\/\/www.safinel.fr\/de\/wp-json\/wp\/v2\/product_cat?post=6696"},{"taxonomy":"product_tag","embeddable":true,"href":"https:\/\/www.safinel.fr\/de\/wp-json\/wp\/v2\/product_tag?post=6696"}],"curies":[{"name":"wp","href":"https:\/\/api.w.org\/{rel}","templated":true}]}}