{"id":665,"date":"2022-01-08T20:13:23","date_gmt":"2022-01-08T20:13:23","guid":{"rendered":"https:\/\/www.safinel.fr\/?post_type=product&#038;p=665"},"modified":"2025-11-18T10:44:13","modified_gmt":"2025-11-18T10:44:13","slug":"aicha-pulver","status":"publish","type":"product","link":"https:\/\/www.safinel.fr\/de\/product-2\/aicha-pulver\/","title":{"rendered":"Aicha-Pulver 75g"},"content":{"rendered":"<p>Jede Frau hat einen geheimen Garten, und dazu geh\u00f6rt auch ihre Intimhygiene. Allerdings ist es nicht f\u00fcr jede Frau selbstverst\u00e4ndlich oder gar eine Gewohnheit, sich um ihre Geschlechtsteile zu k\u00fcmmern. Dabei ist die Pflege der Vagina nicht nur wichtig f\u00fcr die Gesundheit, sondern auch f\u00fcr das Selbstbewusstsein und die Weiblichkeit. Daher ist es wichtig zu wissen<strong>\u00a0das Aicha-Pulver.<\/strong><\/p>\n<p>F\u00fcr manche unbekannt, f\u00fcr andere ein echter Trumpf mit Charme, entdecken wir dieses Produkt von<strong>\u00a0Intimpflege f\u00fcr Frauen\u00a0<\/strong>mit unglaublichen Vorteilen!<\/p>\n<h2><strong>Aichas Pulver: Wir wollen mehr wissen!<\/strong><\/h2>\n<p>Dieses mysteri\u00f6se Pulver, das besonders in der afrikanischen Gemeinschaft bekannt ist, wird oft in der Nachsorge nach der Entbindung verwendet!<\/p>\n<p>In seinem wiederverschlie\u00dfbaren 75-Gramm-Inhalt angeboten, ist dieser<strong>\u00a0alkoholfreies Pulver<\/strong>\u00a0wird konfektioniert auf der Basis von\u00a0<strong>Moschus und Rosenpulver<\/strong>. Eine geschickte Zugabe, um Ihrer Vaginalflora einen angenehmen Geruch zu verleihen und gleichzeitig ihren pH-Wert zu respektieren.<\/p>\n<p>Sie haben richtig verstanden, dieses Wunderwerk ist ein Plus, zum Reinigen, zum Parf\u00fcmieren, aber es ist auch daf\u00fcr bekannt, dass es bei der Pflege des weiblichen Apparats hilft.<\/p>\n<p>F\u00fcr Frauen ist es oft schwierig, qualitativ hochwertige Intimprodukte zu finden, denen sie vertrauen k\u00f6nnen. Au\u00dferdem ist das Geschlechtsteil der Frau ein sehr empfindlicher Bereich und darf nicht auf die leichte Schulter genommen werden. Seine Hygiene und Pflege muss regelm\u00e4\u00dfig und einwandfrei sein!<\/p>\n<h2><strong>Was sind die Vorteile von Aicha-Pulver?\u00a0<\/strong><\/h2>\n<p>Frauen k\u00f6nnen verschiedene Probleme im Zusammenhang mit ihrem Intimbereich haben, daher ist es wichtig, dar\u00fcber zu sprechen und zu informieren. Manchmal Tabuthema in Familien,\u00a0<strong>weibliche Intimit\u00e4t<\/strong>\u00a0ist eine echte gesellschaftliche Tatsache.<\/p>\n<p>Dies ist einer der Gr\u00fcnde, warum Ihr Online-Shop Safinel das Aicha-Pulver und seine Vorteile mit Ihnen teilen m\u00f6chte!<\/p>\n<h2><strong>Intimbereich straffen :<\/strong><\/h2>\n<p>Es stimmt, dass sich manche Frauen in der Vagina unwohl f\u00fchlen, besonders nach einer Geburt. Manchmal kann sich dieses Gef\u00fchl sogar zu einem echten Unwohlsein entwickeln und sich auf den Sex auswirken.<\/p>\n<p>Es ist wichtig zu wissen, dass sich der Intimbereich der Frau auf nat\u00fcrliche Weise oder durch \u00dcbungen zur St\u00e4rkung des Damms straffen kann. Aber auch durch Produkte, die helfen k\u00f6nnen, wie z. B. Aichas Puder.<\/p>\n<h2><strong>Einen angenehmen Duft mitbringen\u00a0<\/strong><\/h2>\n<p>Wissen Sie, wie wichtig die Pflege der<strong>\u00a0Vaginalflora<\/strong>\u00a0?<\/p>\n<p>Bei der Pflege des Intimbereichs geht es nicht nur darum, sich nach dem Toilettengang schnell zu reinigen. Es ist wichtig, seinen Intimbereich zu verw\u00f6hnen, sei es f\u00fcr das eigene Wohlbefinden oder f\u00fcr den Partner.<\/p>\n<p>Es ist angenehm und befriedigend, sich um sein pers\u00f6nliches Selbstvertrauen zu k\u00fcmmern.<\/p>\n<p>Aus diesen Gr\u00fcnden empfehlen wir Ihnen diesen Intimpuder, um Ihnen zu helfen, Ihre weibliche Hygiene zu parf\u00fcmieren und zu pflegen.<\/p>\n<h2><strong>Die Verwendung von Aichas Pulver\u00a0<\/strong><\/h2>\n<p>F\u00fcr eine gute Anwendung dieser Intimkosmetik empfehlen wir Ihnen, sich mit Puder und Wasser zu bewaffnen. Dies dient der Verd\u00fcnnung und erleichtert die Anwendung.<\/p>\n<ol>\n<li>Zun\u00e4chst mische 2 Teel\u00f6ffel in einem 1,5l-Beh\u00e4lter mit Wasser.<\/li>\n<li>Sch\u00fcttele dann, um eine einheitliche Farbe und eine homogene Mischung zu erhalten.<\/li>\n<li>Mit diesem Pr\u00e4parat k\u00f6nnen Sie schlie\u00dflich Ihren Intimbereich reinigen.<\/li>\n<\/ol>\n<p>Wir empfehlen Ihnen, diese Routine zu erg\u00e4nzen, indem Sie t\u00e4glich Wasser trinken, das mit\u00a0<a href=\"https:\/\/www.safinel.fr\/de\/product-2\/vetiverwurzeln\/\"><strong>khamar\u00e9<\/strong><\/a>. Auch Vetiverwurzel genannt.<\/p>\n<p>Au\u00dferdem sollten Sie wissen, dass wir eine gro\u00dfe Auswahl an nat\u00fcrlichen Pflanzen haben, die f\u00fcr die weibliche Intimhygiene vorteilhaft sind. Dazu geh\u00f6ren zum Beispiel\u00a0<strong>der nep nep, der Kacip Fatimah<\/strong>\u00a0oder<strong>\u00a0<a href=\"https:\/\/www.safinel.fr\/de\/product-2\/4-seitige-frucht-3-stuck\/\">die 4-Seiten-Frucht<\/a>.\u00a0<\/strong><\/p>\n<h3><strong>Vorsichtsma\u00dfnahmen\u00a0<\/strong><\/h3>\n<ul>\n<li>Dieses Produkt ist kein Ersatz f\u00fcr die t\u00e4gliche Intimhygiene.<\/li>\n<li>Au\u00dferdem empfehlen wir Ihnen, vor der Anwendung die Liste der Inhaltsstoffe zu \u00fcberpr\u00fcfen, um Allergien zu vermeiden.<\/li>\n<li>Schlie\u00dflich ist dieser Intimpuder nur f\u00fcr die \u00e4u\u00dferliche Anwendung geeignet.<\/li>\n<\/ul>","protected":false},"excerpt":{"rendered":"<p><img decoding=\"async\" class=\"size-full wp-image-5091 aligncenter\" src=\"https:\/\/www.safinel.fr\/wp-content\/uploads\/2021\/06\/BANNIERE-ICONE-SAFINEL.webp\" alt=\"Satines-R\u00fcckversicherung\" width=\"800\" height=\"200\" srcset=\"https:\/\/www.safinel.fr\/wp-content\/uploads\/2021\/06\/BANNIERE-ICONE-SAFINEL.webp 800w, https:\/\/www.safinel.fr\/wp-content\/uploads\/2021\/06\/BANNIERE-ICONE-SAFINEL-600x150.webp 600w, https:\/\/www.safinel.fr\/wp-content\/uploads\/2021\/06\/BANNIERE-ICONE-SAFINEL-768x192.webp 768w\" sizes=\"(max-width: 800px) 100vw, 800px\" \/><\/p>","protected":false},"featured_media":666,"template":"","meta":[],"product_brand":[],"product_cat":[23],"product_tag":[],"class_list":{"0":"post-665","1":"product","2":"type-product","3":"status-publish","4":"has-post-thumbnail","6":"product_cat-hygiene-feminine","8":"first","9":"outofstock","10":"sale","11":"shipping-taxable","12":"purchasable","13":"product-type-simple"},"yoast_head":"<!-- This site is optimized with the Yoast SEO plugin v26.6 - https:\/\/yoast.com\/wordpress\/plugins\/seo\/ -->\n<title>Poudre d&#039;Aicha bo\u00eete de 75g | L&#039;alli\u00e9e intime de la femme<\/title>\n<meta name=\"description\" content=\"Votre boutique en ligne Safinel souhaite vous partager la poudre d&#039;Aicha et ses bienfaits ! D\u00e9couvrez-l\u00e0 sans plus attendre !\" \/>\n<meta name=\"robots\" content=\"index, follow, max-snippet:-1, max-image-preview:large, max-video-preview:-1\" \/>\n<link rel=\"canonical\" href=\"https:\/\/www.safinel.fr\/de\/product-2\/aicha-pulver\/\" \/>\n<meta property=\"og:locale\" content=\"de_DE\" \/>\n<meta property=\"og:type\" content=\"article\" \/>\n<meta property=\"og:title\" content=\"Poudre d&#039;Aicha bo\u00eete de 75g | L&#039;alli\u00e9e intime de la femme\" \/>\n<meta property=\"og:description\" content=\"Votre boutique en ligne Safinel souhaite vous partager la poudre d&#039;Aicha et ses bienfaits ! D\u00e9couvrez-l\u00e0 sans plus attendre !\" \/>\n<meta property=\"og:url\" content=\"https:\/\/www.safinel.fr\/de\/product-2\/aicha-pulver\/\" \/>\n<meta property=\"og:site_name\" content=\"Safinel\" \/>\n<meta property=\"article:modified_time\" content=\"2025-11-18T10:44:13+00:00\" \/>\n<meta property=\"og:image\" content=\"https:\/\/www.safinel.fr\/wp-content\/uploads\/2022\/01\/poudre-aicha.jpg\" \/>\n\t<meta property=\"og:image:width\" content=\"600\" \/>\n\t<meta property=\"og:image:height\" content=\"600\" \/>\n\t<meta property=\"og:image:type\" content=\"image\/jpeg\" \/>\n<meta name=\"twitter:card\" content=\"summary_large_image\" \/>\n<meta name=\"twitter:label1\" content=\"Gesch\u00e4tzte Lesezeit\" \/>\n\t<meta name=\"twitter:data1\" content=\"4\u00a0Minuten\" \/>\n<script type=\"application\/ld+json\" class=\"yoast-schema-graph\">{\"@context\":\"https:\/\/schema.org\",\"@graph\":[{\"@type\":\"WebPage\",\"@id\":\"https:\/\/www.safinel.fr\/produit\/poudre-d-aicha\/\",\"url\":\"https:\/\/www.safinel.fr\/produit\/poudre-d-aicha\/\",\"name\":\"Poudre d'Aicha bo\u00eete de 75g | L'alli\u00e9e intime de la femme\",\"isPartOf\":{\"@id\":\"https:\/\/www.safinel.fr\/#website\"},\"primaryImageOfPage\":{\"@id\":\"https:\/\/www.safinel.fr\/produit\/poudre-d-aicha\/#primaryimage\"},\"image\":{\"@id\":\"https:\/\/www.safinel.fr\/produit\/poudre-d-aicha\/#primaryimage\"},\"thumbnailUrl\":\"https:\/\/www.safinel.fr\/wp-content\/uploads\/2022\/01\/poudre-aicha.jpg\",\"datePublished\":\"2022-01-08T20:13:23+00:00\",\"dateModified\":\"2025-11-18T10:44:13+00:00\",\"description\":\"Votre boutique en ligne Safinel souhaite vous partager la poudre d'Aicha et ses bienfaits ! D\u00e9couvrez-l\u00e0 sans plus attendre !\",\"breadcrumb\":{\"@id\":\"https:\/\/www.safinel.fr\/produit\/poudre-d-aicha\/#breadcrumb\"},\"inLanguage\":\"de\",\"potentialAction\":[{\"@type\":\"ReadAction\",\"target\":[\"https:\/\/www.safinel.fr\/produit\/poudre-d-aicha\/\"]}]},{\"@type\":\"ImageObject\",\"inLanguage\":\"de\",\"@id\":\"https:\/\/www.safinel.fr\/produit\/poudre-d-aicha\/#primaryimage\",\"url\":\"https:\/\/www.safinel.fr\/wp-content\/uploads\/2022\/01\/poudre-aicha.jpg\",\"contentUrl\":\"https:\/\/www.safinel.fr\/wp-content\/uploads\/2022\/01\/poudre-aicha.jpg\",\"width\":600,\"height\":600,\"caption\":\"Poudre d'Aicha 75g\"},{\"@type\":\"BreadcrumbList\",\"@id\":\"https:\/\/www.safinel.fr\/produit\/poudre-d-aicha\/#breadcrumb\",\"itemListElement\":[{\"@type\":\"ListItem\",\"position\":1,\"name\":\"Accueil\",\"item\":\"https:\/\/www.safinel.fr\/\"},{\"@type\":\"ListItem\",\"position\":2,\"name\":\"Boutique\",\"item\":\"https:\/\/www.safinel.fr\/boutique\/\"},{\"@type\":\"ListItem\",\"position\":3,\"name\":\"Poudre d&rsquo;Aicha 75g\"}]},{\"@type\":\"WebSite\",\"@id\":\"https:\/\/www.safinel.fr\/#website\",\"url\":\"https:\/\/www.safinel.fr\/\",\"name\":\"Safinel\",\"description\":\"\",\"publisher\":{\"@id\":\"https:\/\/www.safinel.fr\/#organization\"},\"potentialAction\":[{\"@type\":\"SearchAction\",\"target\":{\"@type\":\"EntryPoint\",\"urlTemplate\":\"https:\/\/www.safinel.fr\/?s={search_term_string}\"},\"query-input\":{\"@type\":\"PropertyValueSpecification\",\"valueRequired\":true,\"valueName\":\"search_term_string\"}}],\"inLanguage\":\"de\"},{\"@type\":\"Organization\",\"@id\":\"https:\/\/www.safinel.fr\/#organization\",\"name\":\"Safinel\",\"url\":\"https:\/\/www.safinel.fr\/\",\"logo\":{\"@type\":\"ImageObject\",\"inLanguage\":\"de\",\"@id\":\"https:\/\/www.safinel.fr\/#\/schema\/logo\/image\/\",\"url\":\"https:\/\/www.safinel.fr\/wp-content\/uploads\/2021\/05\/boutique-cosmetique.png\",\"contentUrl\":\"https:\/\/www.safinel.fr\/wp-content\/uploads\/2021\/05\/boutique-cosmetique.png\",\"width\":800,\"height\":200,\"caption\":\"Safinel\"},\"image\":{\"@id\":\"https:\/\/www.safinel.fr\/#\/schema\/logo\/image\/\"}}]}<\/script>\n<!-- \/ Yoast SEO plugin. -->","yoast_head_json":{"title":"Aicha Pulver Dose 75g | Die intime Verb\u00fcndete der Frau","description":"Ihr Online-Shop Safinel m\u00f6chte das Aicha-Pulver und seine Vorteile mit Ihnen teilen! Entdecken Sie es jetzt!","robots":{"index":"index","follow":"follow","max-snippet":"max-snippet:-1","max-image-preview":"max-image-preview:large","max-video-preview":"max-video-preview:-1"},"canonical":"https:\/\/www.safinel.fr\/de\/product-2\/aicha-pulver\/","og_locale":"de_DE","og_type":"article","og_title":"Poudre d'Aicha bo\u00eete de 75g | L'alli\u00e9e intime de la femme","og_description":"Votre boutique en ligne Safinel souhaite vous partager la poudre d'Aicha et ses bienfaits ! D\u00e9couvrez-l\u00e0 sans plus attendre !","og_url":"https:\/\/www.safinel.fr\/de\/product-2\/aicha-pulver\/","og_site_name":"Safinel","article_modified_time":"2025-11-18T10:44:13+00:00","og_image":[{"width":600,"height":600,"url":"https:\/\/www.safinel.fr\/wp-content\/uploads\/2022\/01\/poudre-aicha.jpg","type":"image\/jpeg"}],"twitter_card":"summary_large_image","twitter_misc":{"Gesch\u00e4tzte Lesezeit":"4\u00a0Minuten"},"schema":{"@context":"https:\/\/schema.org","@graph":[{"@type":"WebPage","@id":"https:\/\/www.safinel.fr\/produit\/poudre-d-aicha\/","url":"https:\/\/www.safinel.fr\/produit\/poudre-d-aicha\/","name":"Aicha Pulver Dose 75g | Die intime Verb\u00fcndete der Frau","isPartOf":{"@id":"https:\/\/www.safinel.fr\/#website"},"primaryImageOfPage":{"@id":"https:\/\/www.safinel.fr\/produit\/poudre-d-aicha\/#primaryimage"},"image":{"@id":"https:\/\/www.safinel.fr\/produit\/poudre-d-aicha\/#primaryimage"},"thumbnailUrl":"https:\/\/www.safinel.fr\/wp-content\/uploads\/2022\/01\/poudre-aicha.jpg","datePublished":"2022-01-08T20:13:23+00:00","dateModified":"2025-11-18T10:44:13+00:00","description":"Ihr Online-Shop Safinel m\u00f6chte das Aicha-Pulver und seine Vorteile mit Ihnen teilen! Entdecken Sie es jetzt!","breadcrumb":{"@id":"https:\/\/www.safinel.fr\/produit\/poudre-d-aicha\/#breadcrumb"},"inLanguage":"de","potentialAction":[{"@type":"ReadAction","target":["https:\/\/www.safinel.fr\/produit\/poudre-d-aicha\/"]}]},{"@type":"ImageObject","inLanguage":"de","@id":"https:\/\/www.safinel.fr\/produit\/poudre-d-aicha\/#primaryimage","url":"https:\/\/www.safinel.fr\/wp-content\/uploads\/2022\/01\/poudre-aicha.jpg","contentUrl":"https:\/\/www.safinel.fr\/wp-content\/uploads\/2022\/01\/poudre-aicha.jpg","width":600,"height":600,"caption":"Poudre d'Aicha 75g"},{"@type":"BreadcrumbList","@id":"https:\/\/www.safinel.fr\/produit\/poudre-d-aicha\/#breadcrumb","itemListElement":[{"@type":"ListItem","position":1,"name":"Accueil","item":"https:\/\/www.safinel.fr\/"},{"@type":"ListItem","position":2,"name":"Boutique","item":"https:\/\/www.safinel.fr\/boutique\/"},{"@type":"ListItem","position":3,"name":"Poudre d&rsquo;Aicha 75g"}]},{"@type":"WebSite","@id":"https:\/\/www.safinel.fr\/#website","url":"https:\/\/www.safinel.fr\/","name":"Safinel","description":"","publisher":{"@id":"https:\/\/www.safinel.fr\/#organization"},"potentialAction":[{"@type":"SearchAction","target":{"@type":"EntryPoint","urlTemplate":"https:\/\/www.safinel.fr\/?s={search_term_string}"},"query-input":{"@type":"PropertyValueSpecification","valueRequired":true,"valueName":"search_term_string"}}],"inLanguage":"de"},{"@type":"Organization","@id":"https:\/\/www.safinel.fr\/#organization","name":"Safinel","url":"https:\/\/www.safinel.fr\/","logo":{"@type":"ImageObject","inLanguage":"de","@id":"https:\/\/www.safinel.fr\/#\/schema\/logo\/image\/","url":"https:\/\/www.safinel.fr\/wp-content\/uploads\/2021\/05\/boutique-cosmetique.png","contentUrl":"https:\/\/www.safinel.fr\/wp-content\/uploads\/2021\/05\/boutique-cosmetique.png","width":800,"height":200,"caption":"Safinel"},"image":{"@id":"https:\/\/www.safinel.fr\/#\/schema\/logo\/image\/"}}]}},"_links":{"self":[{"href":"https:\/\/www.safinel.fr\/de\/wp-json\/wp\/v2\/product\/665","targetHints":{"allow":["GET"]}}],"collection":[{"href":"https:\/\/www.safinel.fr\/de\/wp-json\/wp\/v2\/product"}],"about":[{"href":"https:\/\/www.safinel.fr\/de\/wp-json\/wp\/v2\/types\/product"}],"wp:featuredmedia":[{"embeddable":true,"href":"https:\/\/www.safinel.fr\/de\/wp-json\/wp\/v2\/media\/666"}],"wp:attachment":[{"href":"https:\/\/www.safinel.fr\/de\/wp-json\/wp\/v2\/media?parent=665"}],"wp:term":[{"taxonomy":"product_brand","embeddable":true,"href":"https:\/\/www.safinel.fr\/de\/wp-json\/wp\/v2\/product_brand?post=665"},{"taxonomy":"product_cat","embeddable":true,"href":"https:\/\/www.safinel.fr\/de\/wp-json\/wp\/v2\/product_cat?post=665"},{"taxonomy":"product_tag","embeddable":true,"href":"https:\/\/www.safinel.fr\/de\/wp-json\/wp\/v2\/product_tag?post=665"}],"curies":[{"name":"wp","href":"https:\/\/api.w.org\/{rel}","templated":true}]}}