{"id":6638,"date":"2023-06-21T11:34:19","date_gmt":"2023-06-21T11:34:19","guid":{"rendered":"https:\/\/www.safinel.fr\/?post_type=product&#038;p=6638"},"modified":"2025-04-15T08:12:02","modified_gmt":"2025-04-15T08:12:02","slug":"mbongoschote","status":"publish","type":"product","link":"https:\/\/www.safinel.fr\/de\/product-2\/mbongoschote\/","title":{"rendered":"Lot von 5 Mbongo-Schoten (Aframomum Citratum)"},"content":{"rendered":"<p>In der Welt der Heilpflanzen gibt es einige Arten, die einen bedeutenden Einfluss auf die Gesundheit und das Wohlbefinden der lokalen Bev\u00f6lkerung haben. Eine dieser unbekannten, aber ach so wertvollen Pflanzen ist der\u00a0<strong>Mbongo<\/strong>, auch bekannt als\u00a0<strong>Mbongo Nwel<\/strong>,\u00a0<strong>Maniguette saftige Schote<\/strong>\u00a0oder\u00a0<strong>Aframomum Citratum<\/strong>.<\/p>\n<p>Diese erstaunliche Pflanze, die urspr\u00fcnglich aus Afrika stammt, bietet eine Vielzahl von Eigenschaften, die dem K\u00f6rper guttun. Sei es in der Ern\u00e4hrung, in der traditionellen Medizin oder sogar in der Kosmetik. In diesem Artikel m\u00f6chten wir Ihnen die verschiedenen Facetten des Mbongo und seine Verwendung im Alltag vorstellen.<\/p>\n<h2><strong>Mbongo in der afrikanischen K\u00fcche<\/strong><\/h2>\n<p>Die\u00a0<strong>Mbongo<\/strong>, Aframomum Citratum ist eine mehrj\u00e4hrige Pflanze, die zur Familie der Zingiberaceae geh\u00f6rt. Genau wie der <strong>Ingwer<\/strong> und Kardamom.<\/p>\n<p>Die Samen werden geerntet, getrocknet und dann gemahlen, um ein kr\u00e4ftiges und wohlschmeckendes Gew\u00fcrz zu erhalten. W\u00e4hrend die Bl\u00e4tter oft frisch verwendet werden, um lokale Gerichte zu aromatisieren.<\/p>\n<ul>\n<li><strong>Ein pikanter, zitroniger Geschmack<\/strong>\u00a0: Das Mbongo-Gew\u00fcrz wird wegen seines einzigartigen Geschmacks gesch\u00e4tzt. Es erinnert sowohl an <a href=\"https:\/\/www.safinel.fr\/de\/product-2\/maniguette-pfeffer-alligator\/\"><strong>Pfeffer<\/strong><\/a>, Ingwer und Zitrusfr\u00fcchte. Er verleiht traditionellen Gerichten einen Hauch von Exotik und hebt den Geschmack von Fleisch, Fisch und Gem\u00fcse hervor.<\/li>\n<li><strong>Eine Schl\u00fcsselzutat in der afrikanischen K\u00fcche<\/strong>\u00a0Aframomum Citratum wird in vielen typischen Rezepten aus West- und Zentralafrika verwendet. Es wird oft mit anderen Gew\u00fcrzen gemischt, um komplexe w\u00fcrzige Mischungen wie Ndol\u00e9, Bitterleaf oder auch Maf\u00e9 zu kreieren.<\/li>\n<li><strong>Interessante ern\u00e4hrungsphysiologische Eigenschaften<\/strong>\u00a0Mbongo ist wie viele andere Gew\u00fcrze reich an Antioxidantien, Vitaminen und Mineralstoffen, die f\u00fcr den K\u00f6rper wichtig sind. Es ist insbesondere eine Quelle f\u00fcr Eisen, Kalzium, Kalium und Magnesium.<\/li>\n<\/ul>\n<h2><strong>Mbongo in der traditionellen afrikanischen Pharmakop\u00f6e<\/strong><\/h2>\n<p>Neben seinen geschmacklichen Qualit\u00e4ten\u00a0<strong>Mbongo<\/strong>\u00a0ist auch f\u00fcr seine zahlreichen gesundheitlichen Vorteile bekannt. Seit Jahrhunderten nutzen traditionelle afrikanische Heiler die medizinischen Eigenschaften dieser Pflanze, um verschiedene h\u00e4ufig auftretende Beschwerden und Krankheiten zu behandeln. Zu den wichtigsten Eigenschaften, die dem Mbongo zugeschrieben werden, geh\u00f6ren :<\/p>\n<ul>\n<li><strong>Entz\u00fcndungshemmende und schmerzlindernde Wirkungen<\/strong>\u00a0: Dank seines Gehalts an Gingerolen und Shogaolen. Aframomum Citratum besitzt entz\u00fcndungshemmende und schmerzstillende Eigenschaften. Sie lindern Gelenk-, Muskel- und Zahnschmerzen.<\/li>\n<li><strong>Eine starke antimikrobielle Wirkung<\/strong>\u00a0Mbongo-Extrakt: Wissenschaftliche Studien haben gezeigt, dass Mbongo-Extrakt gegen mehrere St\u00e4mme von Bakterien, Pilzen und Parasiten wirksam ist. Das macht ihn zu einem nat\u00fcrlichen Heilmittel zur Bek\u00e4mpfung von Hautinfektionen, Verdauungsst\u00f6rungen oder auch Harnwegsinfektionen.<\/li>\n<li><strong>Eine Unterst\u00fctzung des Immunsystems<\/strong>\u00a0: Dank seiner antioxidativen und immunstimulierenden Verbindungen hilft Aframomum Citratum, die nat\u00fcrlichen Abwehrkr\u00e4fte des K\u00f6rpers zu st\u00e4rken und Infektionskrankheiten vorzubeugen.<\/li>\n<li><strong>Eine anerkannte aphrodisierende Wirkung<\/strong>\u00a0: In der traditionellen afrikanischen Medizin wird Mbongo oft als <a href=\"https:\/\/www.safinel.fr\/de\/product-category-2\/aphrodisierendes-bonbon\/\"><strong>sexuelles Stimulans<\/strong><\/a> zur Verbesserung der Libido und der sexuellen Leistungsf\u00e4higkeit bei M\u00e4nnern und Frauen.<\/li>\n<\/ul>\n<h2><strong>Andere Verwendungszwecke von Mbongo<\/strong><\/h2>\n<p>\u00dcber die traditionelle K\u00fcche und Medizin hinaus ist das\u00a0<strong>Mbongo<\/strong>\u00a0wird auch in anderen Bereichen eingesetzt, u. a. :<\/p>\n<ul>\n<li><strong>Kosmetik<\/strong>\u00a0: Das aus den Samen des Mbongo-Baumes gewonnene \u00e4therische \u00d6l wird zur Herstellung von Kosmetika verwendet. Wegen seiner antioxidativen, feuchtigkeitsspendenden und regenerierenden Eigenschaften. Es wird insbesondere wegen seiner straffenden und belebenden Wirkung auf die Haut gesch\u00e4tzt.<\/li>\n<li><strong>Aromatherapie<\/strong>\u00a0\u00c4therisches Mbongo-\u00d6l wird wegen seiner entspannenden und beruhigenden Wirkung auch in der Aromatherapie verwendet. Es wird \u00fcbrigens oft mit anderen \u00e4therischen \u00d6len (wie Lavendel oder Zitrone) kombiniert, um wohltuende Synergien f\u00fcr das Wohlbefinden und die Entspannung zu schaffen.<\/li>\n<li><strong>Der Schutz von Kulturen<\/strong>\u00a0Mbongo-Bl\u00e4tter werden manchmal als nat\u00fcrliches Repellent gegen Insekten und Nagetiere auf Feldern und in G\u00e4rten verwendet. So sch\u00fctzen sie die Kulturen, ohne dass chemische Pestizide eingesetzt werden m\u00fcssen, die f\u00fcr die Umwelt und die menschliche Gesundheit sch\u00e4dlich sind.<\/li>\n<\/ul>\n<h3><strong>Wie verwende ich Aframomum Citratum im Alltag?<\/strong><\/h3>\n<p>Um die Vorz\u00fcge des\u00a0<strong>Mbongo.<\/strong>\u00a0Es ist wichtig, Qualit\u00e4tsprodukte zu w\u00e4hlen und sie in Ma\u00dfen zu konsumieren.<\/p>\n<p>Hier sind einige Tipps, wie Sie diese erstaunliche Pflanze in Ihre Routine einbauen k\u00f6nnen:<\/p>\n<ol>\n<li><strong>Geben Sie Ihren Gerichten das Mbongo-Gew\u00fcrz hinzu<\/strong>\u00a0: Um Ihre Rezepte aufzupeppen und von den ern\u00e4hrungsphysiologischen Vorteilen dieses Gew\u00fcrzes zu profitieren. Streuen Sie eine Prise in Ihre Marinaden, So\u00dfen oder direkt auf Fleisch und Fisch vor dem Kochen.<\/li>\n<li><strong>Bevorzugen Sie nat\u00fcrliche und biologische Produkte<\/strong>\u00a0: Um die Reinheit und Wirksamkeit der \u00e4therischen \u00d6le und Extrakte von Mbongo zu gew\u00e4hrleisten. Entscheiden Sie sich f\u00fcr Marken, die die Umwelt respektieren und unter ethischen Bedingungen produzieren.<\/li>\n<li><strong>Halten Sie sich an die Dosierungen und Vorsichtsma\u00dfnahmen<\/strong>\u00a0: Wie jede Heilpflanze. Mbongo sollte mit Vorsicht und unter Beachtung der Anwendungsempfehlungen verwendet werden. Insbesondere in Bezug auf Menge und Dauer. Z\u00f6gern Sie nicht, eine medizinische Fachkraft zu konsultieren, wenn Sie Fragen oder Bedenken bez\u00fcglich der Anwendung von Mbongo in Ihrem speziellen Fall haben.<\/li>\n<\/ol>","protected":false},"excerpt":{"rendered":"<p>In der Welt der Heilpflanzen gibt es einige Arten, die einen bedeutenden Einfluss auf die Gesundheit und das Wohlbefinden der lokalen Bev\u00f6lkerung haben. Eine dieser unbekannten, aber ach so wertvollen Pflanzen ist der\u00a0<strong>Mbongo<\/strong>, auch bekannt als\u00a0<strong>Mbongo Nwel<\/strong>,\u00a0<strong>Maniguette saftige Schote<\/strong>\u00a0oder\u00a0<strong>Aframomum Citratum<\/strong>.<\/p>\n<p><img decoding=\"async\" class=\"size-full wp-image-5091 aligncenter\" src=\"https:\/\/www.safinel.fr\/wp-content\/uploads\/2021\/06\/BANNIERE-ICONE-SAFINEL.webp\" alt=\"Satines-R\u00fcckversicherung\" width=\"800\" height=\"200\" srcset=\"https:\/\/www.safinel.fr\/wp-content\/uploads\/2021\/06\/BANNIERE-ICONE-SAFINEL.webp 800w, https:\/\/www.safinel.fr\/wp-content\/uploads\/2021\/06\/BANNIERE-ICONE-SAFINEL-600x150.webp 600w, https:\/\/www.safinel.fr\/wp-content\/uploads\/2021\/06\/BANNIERE-ICONE-SAFINEL-768x192.webp 768w\" sizes=\"(max-width: 800px) 100vw, 800px\" \/><\/p>","protected":false},"featured_media":6639,"template":"","meta":[],"product_brand":[],"product_cat":[44,169],"product_tag":[],"class_list":{"0":"post-6638","1":"product","2":"type-product","3":"status-publish","4":"has-post-thumbnail","6":"product_cat-epices","7":"product_cat-epices-du-monde","9":"first","10":"outofstock","11":"shipping-taxable","12":"purchasable","13":"product-type-simple"},"yoast_head":"<!-- This site is optimized with the Yoast SEO plugin v26.6 - https:\/\/yoast.com\/wordpress\/plugins\/seo\/ -->\n<title>Mbongo en gousses | Achat en ligne de la Aframomum Citratum<\/title>\n<meta name=\"description\" content=\"Le\u00a0Mbongo, ou Aframomum Citratum, est une plante vivace qui appartient \u00e0 la famille des Zingiberaceae. Tout comme le gingembre et la cardamome.\" \/>\n<meta name=\"robots\" content=\"index, follow, max-snippet:-1, max-image-preview:large, max-video-preview:-1\" \/>\n<link rel=\"canonical\" href=\"https:\/\/www.safinel.fr\/de\/product-2\/mbongoschote\/\" \/>\n<meta property=\"og:locale\" content=\"de_DE\" \/>\n<meta property=\"og:type\" content=\"article\" \/>\n<meta property=\"og:title\" content=\"Mbongo en gousses | Achat en ligne de la Aframomum Citratum\" \/>\n<meta property=\"og:description\" content=\"Le\u00a0Mbongo, ou Aframomum Citratum, est une plante vivace qui appartient \u00e0 la famille des Zingiberaceae. Tout comme le gingembre et la cardamome.\" \/>\n<meta property=\"og:url\" content=\"https:\/\/www.safinel.fr\/de\/product-2\/mbongoschote\/\" \/>\n<meta property=\"og:site_name\" content=\"Safinel\" \/>\n<meta property=\"article:modified_time\" content=\"2025-04-15T08:12:02+00:00\" \/>\n<meta property=\"og:image\" content=\"https:\/\/www.safinel.fr\/wp-content\/uploads\/2023\/06\/Mbongo-Nwel-Maniguette-juteuse-gousse-Aframomum-Citratum-.jpg\" \/>\n\t<meta property=\"og:image:width\" content=\"600\" \/>\n\t<meta property=\"og:image:height\" content=\"600\" \/>\n\t<meta property=\"og:image:type\" content=\"image\/jpeg\" \/>\n<meta name=\"twitter:card\" content=\"summary_large_image\" \/>\n<meta name=\"twitter:label1\" content=\"Gesch\u00e4tzte Lesezeit\" \/>\n\t<meta name=\"twitter:data1\" content=\"4\u00a0Minuten\" \/>\n<script type=\"application\/ld+json\" class=\"yoast-schema-graph\">{\"@context\":\"https:\/\/schema.org\",\"@graph\":[{\"@type\":\"WebPage\",\"@id\":\"https:\/\/www.safinel.fr\/produit\/gousse-de-mbongo\/\",\"url\":\"https:\/\/www.safinel.fr\/produit\/gousse-de-mbongo\/\",\"name\":\"Mbongo en gousses | Achat en ligne de la Aframomum Citratum\",\"isPartOf\":{\"@id\":\"https:\/\/www.safinel.fr\/#website\"},\"primaryImageOfPage\":{\"@id\":\"https:\/\/www.safinel.fr\/produit\/gousse-de-mbongo\/#primaryimage\"},\"image\":{\"@id\":\"https:\/\/www.safinel.fr\/produit\/gousse-de-mbongo\/#primaryimage\"},\"thumbnailUrl\":\"https:\/\/www.safinel.fr\/wp-content\/uploads\/2023\/06\/Mbongo-Nwel-Maniguette-juteuse-gousse-Aframomum-Citratum-.jpg\",\"datePublished\":\"2023-06-21T11:34:19+00:00\",\"dateModified\":\"2025-04-15T08:12:02+00:00\",\"description\":\"Le\u00a0Mbongo, ou Aframomum Citratum, est une plante vivace qui appartient \u00e0 la famille des Zingiberaceae. Tout comme le gingembre et la cardamome.\",\"breadcrumb\":{\"@id\":\"https:\/\/www.safinel.fr\/produit\/gousse-de-mbongo\/#breadcrumb\"},\"inLanguage\":\"de\",\"potentialAction\":[{\"@type\":\"ReadAction\",\"target\":[\"https:\/\/www.safinel.fr\/produit\/gousse-de-mbongo\/\"]}]},{\"@type\":\"ImageObject\",\"inLanguage\":\"de\",\"@id\":\"https:\/\/www.safinel.fr\/produit\/gousse-de-mbongo\/#primaryimage\",\"url\":\"https:\/\/www.safinel.fr\/wp-content\/uploads\/2023\/06\/Mbongo-Nwel-Maniguette-juteuse-gousse-Aframomum-Citratum-.jpg\",\"contentUrl\":\"https:\/\/www.safinel.fr\/wp-content\/uploads\/2023\/06\/Mbongo-Nwel-Maniguette-juteuse-gousse-Aframomum-Citratum-.jpg\",\"width\":600,\"height\":600,\"caption\":\"Lot de 5 gousses de Mbongo\"},{\"@type\":\"BreadcrumbList\",\"@id\":\"https:\/\/www.safinel.fr\/produit\/gousse-de-mbongo\/#breadcrumb\",\"itemListElement\":[{\"@type\":\"ListItem\",\"position\":1,\"name\":\"Accueil\",\"item\":\"https:\/\/www.safinel.fr\/\"},{\"@type\":\"ListItem\",\"position\":2,\"name\":\"Boutique\",\"item\":\"https:\/\/www.safinel.fr\/boutique\/\"},{\"@type\":\"ListItem\",\"position\":3,\"name\":\"Lot de 5 gousses de Mbongo (Aframomum Citratum)\"}]},{\"@type\":\"WebSite\",\"@id\":\"https:\/\/www.safinel.fr\/#website\",\"url\":\"https:\/\/www.safinel.fr\/\",\"name\":\"Safinel\",\"description\":\"\",\"publisher\":{\"@id\":\"https:\/\/www.safinel.fr\/#organization\"},\"potentialAction\":[{\"@type\":\"SearchAction\",\"target\":{\"@type\":\"EntryPoint\",\"urlTemplate\":\"https:\/\/www.safinel.fr\/?s={search_term_string}\"},\"query-input\":{\"@type\":\"PropertyValueSpecification\",\"valueRequired\":true,\"valueName\":\"search_term_string\"}}],\"inLanguage\":\"de\"},{\"@type\":\"Organization\",\"@id\":\"https:\/\/www.safinel.fr\/#organization\",\"name\":\"Safinel\",\"url\":\"https:\/\/www.safinel.fr\/\",\"logo\":{\"@type\":\"ImageObject\",\"inLanguage\":\"de\",\"@id\":\"https:\/\/www.safinel.fr\/#\/schema\/logo\/image\/\",\"url\":\"https:\/\/www.safinel.fr\/wp-content\/uploads\/2021\/05\/boutique-cosmetique.png\",\"contentUrl\":\"https:\/\/www.safinel.fr\/wp-content\/uploads\/2021\/05\/boutique-cosmetique.png\",\"width\":800,\"height\":200,\"caption\":\"Safinel\"},\"image\":{\"@id\":\"https:\/\/www.safinel.fr\/#\/schema\/logo\/image\/\"}}]}<\/script>\n<!-- \/ Yoast SEO plugin. -->","yoast_head_json":{"title":"Mbongo in Schoten | Aframomum Citratum online kaufen","description":"Mbongo, oder Aframomum Citratum, ist eine mehrj\u00e4hrige Pflanze, die zur Familie der Zingiberaceae geh\u00f6rt. Ebenso wie Ingwer und Kardamom.","robots":{"index":"index","follow":"follow","max-snippet":"max-snippet:-1","max-image-preview":"max-image-preview:large","max-video-preview":"max-video-preview:-1"},"canonical":"https:\/\/www.safinel.fr\/de\/product-2\/mbongoschote\/","og_locale":"de_DE","og_type":"article","og_title":"Mbongo en gousses | Achat en ligne de la Aframomum Citratum","og_description":"Le\u00a0Mbongo, ou Aframomum Citratum, est une plante vivace qui appartient \u00e0 la famille des Zingiberaceae. Tout comme le gingembre et la cardamome.","og_url":"https:\/\/www.safinel.fr\/de\/product-2\/mbongoschote\/","og_site_name":"Safinel","article_modified_time":"2025-04-15T08:12:02+00:00","og_image":[{"width":600,"height":600,"url":"https:\/\/www.safinel.fr\/wp-content\/uploads\/2023\/06\/Mbongo-Nwel-Maniguette-juteuse-gousse-Aframomum-Citratum-.jpg","type":"image\/jpeg"}],"twitter_card":"summary_large_image","twitter_misc":{"Gesch\u00e4tzte Lesezeit":"4\u00a0Minuten"},"schema":{"@context":"https:\/\/schema.org","@graph":[{"@type":"WebPage","@id":"https:\/\/www.safinel.fr\/produit\/gousse-de-mbongo\/","url":"https:\/\/www.safinel.fr\/produit\/gousse-de-mbongo\/","name":"Mbongo in Schoten | Aframomum Citratum online kaufen","isPartOf":{"@id":"https:\/\/www.safinel.fr\/#website"},"primaryImageOfPage":{"@id":"https:\/\/www.safinel.fr\/produit\/gousse-de-mbongo\/#primaryimage"},"image":{"@id":"https:\/\/www.safinel.fr\/produit\/gousse-de-mbongo\/#primaryimage"},"thumbnailUrl":"https:\/\/www.safinel.fr\/wp-content\/uploads\/2023\/06\/Mbongo-Nwel-Maniguette-juteuse-gousse-Aframomum-Citratum-.jpg","datePublished":"2023-06-21T11:34:19+00:00","dateModified":"2025-04-15T08:12:02+00:00","description":"Mbongo, oder Aframomum Citratum, ist eine mehrj\u00e4hrige Pflanze, die zur Familie der Zingiberaceae geh\u00f6rt. Ebenso wie Ingwer und Kardamom.","breadcrumb":{"@id":"https:\/\/www.safinel.fr\/produit\/gousse-de-mbongo\/#breadcrumb"},"inLanguage":"de","potentialAction":[{"@type":"ReadAction","target":["https:\/\/www.safinel.fr\/produit\/gousse-de-mbongo\/"]}]},{"@type":"ImageObject","inLanguage":"de","@id":"https:\/\/www.safinel.fr\/produit\/gousse-de-mbongo\/#primaryimage","url":"https:\/\/www.safinel.fr\/wp-content\/uploads\/2023\/06\/Mbongo-Nwel-Maniguette-juteuse-gousse-Aframomum-Citratum-.jpg","contentUrl":"https:\/\/www.safinel.fr\/wp-content\/uploads\/2023\/06\/Mbongo-Nwel-Maniguette-juteuse-gousse-Aframomum-Citratum-.jpg","width":600,"height":600,"caption":"Lot de 5 gousses de Mbongo"},{"@type":"BreadcrumbList","@id":"https:\/\/www.safinel.fr\/produit\/gousse-de-mbongo\/#breadcrumb","itemListElement":[{"@type":"ListItem","position":1,"name":"Accueil","item":"https:\/\/www.safinel.fr\/"},{"@type":"ListItem","position":2,"name":"Boutique","item":"https:\/\/www.safinel.fr\/boutique\/"},{"@type":"ListItem","position":3,"name":"Lot de 5 gousses de Mbongo (Aframomum Citratum)"}]},{"@type":"WebSite","@id":"https:\/\/www.safinel.fr\/#website","url":"https:\/\/www.safinel.fr\/","name":"Safinel","description":"","publisher":{"@id":"https:\/\/www.safinel.fr\/#organization"},"potentialAction":[{"@type":"SearchAction","target":{"@type":"EntryPoint","urlTemplate":"https:\/\/www.safinel.fr\/?s={search_term_string}"},"query-input":{"@type":"PropertyValueSpecification","valueRequired":true,"valueName":"search_term_string"}}],"inLanguage":"de"},{"@type":"Organization","@id":"https:\/\/www.safinel.fr\/#organization","name":"Safinel","url":"https:\/\/www.safinel.fr\/","logo":{"@type":"ImageObject","inLanguage":"de","@id":"https:\/\/www.safinel.fr\/#\/schema\/logo\/image\/","url":"https:\/\/www.safinel.fr\/wp-content\/uploads\/2021\/05\/boutique-cosmetique.png","contentUrl":"https:\/\/www.safinel.fr\/wp-content\/uploads\/2021\/05\/boutique-cosmetique.png","width":800,"height":200,"caption":"Safinel"},"image":{"@id":"https:\/\/www.safinel.fr\/#\/schema\/logo\/image\/"}}]}},"_links":{"self":[{"href":"https:\/\/www.safinel.fr\/de\/wp-json\/wp\/v2\/product\/6638","targetHints":{"allow":["GET"]}}],"collection":[{"href":"https:\/\/www.safinel.fr\/de\/wp-json\/wp\/v2\/product"}],"about":[{"href":"https:\/\/www.safinel.fr\/de\/wp-json\/wp\/v2\/types\/product"}],"wp:featuredmedia":[{"embeddable":true,"href":"https:\/\/www.safinel.fr\/de\/wp-json\/wp\/v2\/media\/6639"}],"wp:attachment":[{"href":"https:\/\/www.safinel.fr\/de\/wp-json\/wp\/v2\/media?parent=6638"}],"wp:term":[{"taxonomy":"product_brand","embeddable":true,"href":"https:\/\/www.safinel.fr\/de\/wp-json\/wp\/v2\/product_brand?post=6638"},{"taxonomy":"product_cat","embeddable":true,"href":"https:\/\/www.safinel.fr\/de\/wp-json\/wp\/v2\/product_cat?post=6638"},{"taxonomy":"product_tag","embeddable":true,"href":"https:\/\/www.safinel.fr\/de\/wp-json\/wp\/v2\/product_tag?post=6638"}],"curies":[{"name":"wp","href":"https:\/\/api.w.org\/{rel}","templated":true}]}}