{"id":663,"date":"2022-01-08T17:48:31","date_gmt":"2022-01-08T17:48:31","guid":{"rendered":"https:\/\/www.safinel.fr\/?post_type=product&#038;p=663"},"modified":"2025-06-09T13:26:10","modified_gmt":"2025-06-09T13:26:10","slug":"diamantkuss","status":"publish","type":"product","link":"https:\/\/www.safinel.fr\/de\/product-2\/diamantkuss\/","title":{"rendered":"Diamant Kiss"},"content":{"rendered":"<p>Psssst! K\u00f6nnen Sie ein Geheimnis bewahren? Wenn die Antwort \"Nein\" lautet, dann ist das gut so. Denn das <strong>Diamant Kiss<\/strong> ist ein Geheimnis, das diskret geteilt wird. Es ist das Thema, das intime Gespr\u00e4che unter Freundinnen belebt, und geh\u00f6rt zu den kleinen, wohlwollenden Ratschl\u00e4gen, die man sich gegenseitig geben kann.<\/p>\n<p>Der Name sagt Ihnen nichts? Und doch k\u00f6nnte er zu Ihrer Lieblingss\u00fc\u00dfigkeit werden!<\/p>\n<h2><strong>Der Diamant Kiss: ein kleines aphrodisisches Juwel\u00a0<\/strong><\/h2>\n<p>Haben Sie jemals <strong>Aphrodisiaka<\/strong> ? Wenn nicht, dann sollten Sie wissen, dass Ihnen etwas entgeht! Denn die <strong>sexuelle Stimulanzien<\/strong> sind eine originelle und leicht anzuwendende L\u00f6sung f\u00fcr den Alltag, um seine <strong>intimes Leben.<\/strong> Und unser kleines Schmuckst\u00fcck namens Diamant Kiss ist tats\u00e4chlich ein Teil davon!<\/p>\n<p>Er wird in Form eines kleinen Fl\u00e4schchens mit Bonbons, meist in wei\u00dfer Farbe, angeboten. Auch bekannt als \u00ab\u00a0<strong>kleiner Bandit<\/strong>\u00a0\u00bb, sein vielsagender, ja sogar ein wenig provokanter Name gibt uns einige Hinweise auf seine Verwendung.<\/p>\n<p>So ist dieser <strong>aufregend<\/strong> wird speziell von Frauen verwendet. Es ist einerseits in Arabien, andererseits aber auch in Afrika verbreitet und ist ein echtes \u00abFrauengeheimnis\u00bb!<\/p>\n<h2><strong>Welche Auswirkungen hat der kleine Bandit?\u00a0<\/strong><\/h2>\n<p>Die <strong>Diamantkuss-Tabletten <\/strong>sind speziell f\u00fcr die Anwendung vor dem Geschlechtsverkehr vorgesehen. Ihm werden mehrere Vorteile zugeschrieben:<\/p>\n<ul>\n<li>Sie haben den Ruf, die Frau w\u00e4hrend der Beziehung \u00abs\u00fc\u00df\u00bb und viel umg\u00e4nglicher zu machen; ;<\/li>\n<li>Dar\u00fcber hinaus ist, ebenso wie die <a href=\"https:\/\/www.safinel.fr\/de\/product-2\/shatavari-100g\/\"><strong>Shatavari-Pflanze<\/strong><\/a>, Der kleine Bandit soll gegen vaginale Trockenheit helfen; ;<\/li>\n<li>Schlie\u00dflich kann dieser verf\u00fchrerische Trumpf w\u00e4hrend des Geschlechtsverkehrs f\u00fcr eine gewisse W\u00fcrze sorgen und so Ihren Partner verf\u00fchren.<\/li>\n<\/ul>\n<p>Diese <strong>aphrodisierendes Bonbon<\/strong> w\u00fcrde es Ihnen folglich erm\u00f6glichen, in den Gedanken Ihres Ehepartners zu bleiben...<\/p>\n<h2><strong>Aphrodisiaka f\u00fcr ein erf\u00fclltes Sexualleben\u00a0<\/strong><\/h2>\n<p><strong>Erregend, aphrodisierend, sexuell stimulierend<\/strong>... es gibt in der Tat viele Bezeichnungen f\u00fcr Produkte, die f\u00fcr ein erf\u00fcllteres Sexualleben n\u00fctzlich sind.<\/p>\n<p>Unser Online-Shop Safinel bietet Ihnen eine gro\u00dfe Auswahl an <strong>Produkte f\u00fcr die Intimsph\u00e4re.\u00a0<\/strong><\/p>\n<p>So k\u00f6nnen Frauen<strong> ihre Libido steigern<\/strong> und genie\u00dfen Sie es in vollen Z\u00fcgen beim Umgang mit dem <a href=\"https:\/\/www.safinel.fr\/de\/product-2\/kleben-anziehen\/\"><strong>Kleben Klemmen<\/strong><\/a>. Ebenso wie <a href=\"https:\/\/www.safinel.fr\/de\/product-2\/nep-pulver-nep\/\"><strong>das Pulver von Nep Nep<\/strong><\/a> wird ein Verb\u00fcndeter bei der t\u00e4glichen Intimhygiene sein.<\/p>\n<h2><strong>Wie konsumiert man Diamant Kiss?\u00a0<\/strong><\/h2>\n<p>Der kleine Bandit wird konsumiert durch <strong>oraler Weg<\/strong>, Die Einnahme von 1 bis 2 Tabletten 30 Minuten bis 1 Stunde vor dem Geschlechtsverkehr. Es kann also zusammen mit einem Glas Wasser eingenommen werden. Es kann aber auch in einem Getr\u00e4nk verd\u00fcnnt werden, wie z. B. in einem Tee oder einem <strong><a href=\"https:\/\/www.safinel.fr\/de\/product-2\/kacip-fatimah\/\">Kr\u00e4utertee von Kacip Fatimah<\/a>.<\/strong> Letzteres gilt insbesondere als vorteilhaft f\u00fcr Frauen und ihre Intimit\u00e4t.<\/p>\n<p>Andererseits ist es m\u00f6glich, sie durch <strong>Vaginalweg<\/strong>, Sie k\u00f6nnen eine Tablette in den Intimbereich einf\u00fchren. Wir empfehlen Ihnen jedoch, Ihren Gyn\u00e4kologen um Rat zu fragen, bevor Sie das Mittel auf diese Weise anwenden.<\/p>\n<h3><strong>Vorsichtsma\u00dfnahmen und Aufbewahrung\u00a0<\/strong><\/h3>\n<p>Achten Sie darauf, dieses Produkt au\u00dferhalb der Reichweite von neugierigen kleinen Kinderh\u00e4nden aufzubewahren. Sein Aussehen als S\u00fc\u00dfigkeit kann n\u00e4mlich irref\u00fchrend sein. Achten Sie daher darauf, dass es sicher aufbewahrt wird.<\/p>\n<p>Schlie\u00dflich raten wir Ihnen, immer Ihren Arzt um Rat zu fragen, bevor Sie ein Nahrungserg\u00e4nzungsmittel einnehmen. Egal wie nat\u00fcrlich es auch sein mag.<\/p>\n<p><strong>Dieses Produkt ist kein Ersatz f\u00fcr eine ausgewogene Ern\u00e4hrung oder eine \u00e4rztliche Beratung bei sexuellen oder k\u00f6rperlichen Problemen.\u00a0<\/strong><\/p>","protected":false},"excerpt":{"rendered":"<p>Psssst! K\u00f6nnen Sie ein Geheimnis f\u00fcr sich behalten? Wenn die Antwort nein lautet, dann ist das eigentlich ganz gut so. Denn der Diamant Kiss ist ein Geheimnis, das man nur diskret weitergeben sollte. Er ist das Thema, das intime Gespr\u00e4che unter Freundinnen belebt, und geh\u00f6rt zu den kleinen, wohlmeinenden Ratschl\u00e4gen, die man sich gegenseitig geben kann. Sein Name sagt Ihnen vielleicht nichts [\u2026]","protected":false},"featured_media":664,"template":"","meta":[],"product_brand":[],"product_cat":[23],"product_tag":[],"class_list":{"0":"post-663","1":"product","2":"type-product","3":"status-publish","4":"has-post-thumbnail","6":"product_cat-hygiene-feminine","8":"first","9":"instock","10":"shipping-taxable","11":"purchasable","12":"product-type-simple"},"yoast_head":"<!-- This site is optimized with the Yoast SEO plugin v26.6 - https:\/\/yoast.com\/wordpress\/plugins\/seo\/ -->\n<title>Diamant kiss (petit bandit) | Id\u00e9al pour booster votre vie intime<\/title>\n<meta name=\"description\" content=\"Les comprim\u00e9s de Diamant kiss sont sp\u00e9cifiquement \u00e0 utiliser avant un rapport sexuel. On lui accorde plusieurs avantages. D\u00e9couvrez-le !\" \/>\n<meta name=\"robots\" content=\"index, follow, max-snippet:-1, max-image-preview:large, max-video-preview:-1\" \/>\n<link rel=\"canonical\" href=\"https:\/\/www.safinel.fr\/de\/product-2\/diamantkuss\/\" \/>\n<meta property=\"og:locale\" content=\"de_DE\" \/>\n<meta property=\"og:type\" content=\"article\" \/>\n<meta property=\"og:title\" content=\"Diamant kiss (petit bandit) | Id\u00e9al pour booster votre vie intime\" \/>\n<meta property=\"og:description\" content=\"Les comprim\u00e9s de Diamant kiss sont sp\u00e9cifiquement \u00e0 utiliser avant un rapport sexuel. On lui accorde plusieurs avantages. D\u00e9couvrez-le !\" \/>\n<meta property=\"og:url\" content=\"https:\/\/www.safinel.fr\/de\/product-2\/diamantkuss\/\" \/>\n<meta property=\"og:site_name\" content=\"Safinel\" \/>\n<meta property=\"article:modified_time\" content=\"2025-06-09T13:26:10+00:00\" \/>\n<meta property=\"og:image\" content=\"https:\/\/www.safinel.fr\/wp-content\/uploads\/2022\/01\/Diamant-kiss-petit-bandit.jpg\" \/>\n\t<meta property=\"og:image:width\" content=\"600\" \/>\n\t<meta property=\"og:image:height\" content=\"600\" \/>\n\t<meta property=\"og:image:type\" content=\"image\/jpeg\" \/>\n<meta name=\"twitter:card\" content=\"summary_large_image\" \/>\n<meta name=\"twitter:label1\" content=\"Gesch\u00e4tzte Lesezeit\" \/>\n\t<meta name=\"twitter:data1\" content=\"3\u00a0Minuten\" \/>\n<script type=\"application\/ld+json\" class=\"yoast-schema-graph\">{\"@context\":\"https:\/\/schema.org\",\"@graph\":[{\"@type\":\"WebPage\",\"@id\":\"https:\/\/www.safinel.fr\/produit\/diamant-kiss\/\",\"url\":\"https:\/\/www.safinel.fr\/produit\/diamant-kiss\/\",\"name\":\"Diamant kiss (petit bandit) | Id\u00e9al pour booster votre vie intime\",\"isPartOf\":{\"@id\":\"https:\/\/www.safinel.fr\/#website\"},\"primaryImageOfPage\":{\"@id\":\"https:\/\/www.safinel.fr\/produit\/diamant-kiss\/#primaryimage\"},\"image\":{\"@id\":\"https:\/\/www.safinel.fr\/produit\/diamant-kiss\/#primaryimage\"},\"thumbnailUrl\":\"https:\/\/www.safinel.fr\/wp-content\/uploads\/2022\/01\/Diamant-kiss-petit-bandit.jpg\",\"datePublished\":\"2022-01-08T17:48:31+00:00\",\"dateModified\":\"2025-06-09T13:26:10+00:00\",\"description\":\"Les comprim\u00e9s de Diamant kiss sont sp\u00e9cifiquement \u00e0 utiliser avant un rapport sexuel. On lui accorde plusieurs avantages. D\u00e9couvrez-le !\",\"breadcrumb\":{\"@id\":\"https:\/\/www.safinel.fr\/produit\/diamant-kiss\/#breadcrumb\"},\"inLanguage\":\"de\",\"potentialAction\":[{\"@type\":\"ReadAction\",\"target\":[\"https:\/\/www.safinel.fr\/produit\/diamant-kiss\/\"]}]},{\"@type\":\"ImageObject\",\"inLanguage\":\"de\",\"@id\":\"https:\/\/www.safinel.fr\/produit\/diamant-kiss\/#primaryimage\",\"url\":\"https:\/\/www.safinel.fr\/wp-content\/uploads\/2022\/01\/Diamant-kiss-petit-bandit.jpg\",\"contentUrl\":\"https:\/\/www.safinel.fr\/wp-content\/uploads\/2022\/01\/Diamant-kiss-petit-bandit.jpg\",\"width\":600,\"height\":600,\"caption\":\"Diamant kiss (petit bandit)\"},{\"@type\":\"BreadcrumbList\",\"@id\":\"https:\/\/www.safinel.fr\/produit\/diamant-kiss\/#breadcrumb\",\"itemListElement\":[{\"@type\":\"ListItem\",\"position\":1,\"name\":\"Accueil\",\"item\":\"https:\/\/www.safinel.fr\/\"},{\"@type\":\"ListItem\",\"position\":2,\"name\":\"Boutique\",\"item\":\"https:\/\/www.safinel.fr\/boutique\/\"},{\"@type\":\"ListItem\",\"position\":3,\"name\":\"Diamant Kiss\"}]},{\"@type\":\"WebSite\",\"@id\":\"https:\/\/www.safinel.fr\/#website\",\"url\":\"https:\/\/www.safinel.fr\/\",\"name\":\"Safinel\",\"description\":\"\",\"publisher\":{\"@id\":\"https:\/\/www.safinel.fr\/#organization\"},\"potentialAction\":[{\"@type\":\"SearchAction\",\"target\":{\"@type\":\"EntryPoint\",\"urlTemplate\":\"https:\/\/www.safinel.fr\/?s={search_term_string}\"},\"query-input\":{\"@type\":\"PropertyValueSpecification\",\"valueRequired\":true,\"valueName\":\"search_term_string\"}}],\"inLanguage\":\"de\"},{\"@type\":\"Organization\",\"@id\":\"https:\/\/www.safinel.fr\/#organization\",\"name\":\"Safinel\",\"url\":\"https:\/\/www.safinel.fr\/\",\"logo\":{\"@type\":\"ImageObject\",\"inLanguage\":\"de\",\"@id\":\"https:\/\/www.safinel.fr\/#\/schema\/logo\/image\/\",\"url\":\"https:\/\/www.safinel.fr\/wp-content\/uploads\/2021\/05\/boutique-cosmetique.png\",\"contentUrl\":\"https:\/\/www.safinel.fr\/wp-content\/uploads\/2021\/05\/boutique-cosmetique.png\",\"width\":800,\"height\":200,\"caption\":\"Safinel\"},\"image\":{\"@id\":\"https:\/\/www.safinel.fr\/#\/schema\/logo\/image\/\"}}]}<\/script>\n<!-- \/ Yoast SEO plugin. -->","yoast_head_json":{"title":"Diamantkuss (kleiner Bandit) | Ideal, um Ihr Intimleben anzukurbeln","description":"Diamantkuss-Tabletten sind speziell f\u00fcr die Anwendung vor dem Geschlechtsverkehr vorgesehen. Ihr werden mehrere Vorteile zugeschrieben. Entdecken Sie ihn!","robots":{"index":"index","follow":"follow","max-snippet":"max-snippet:-1","max-image-preview":"max-image-preview:large","max-video-preview":"max-video-preview:-1"},"canonical":"https:\/\/www.safinel.fr\/de\/product-2\/diamantkuss\/","og_locale":"de_DE","og_type":"article","og_title":"Diamant kiss (petit bandit) | Id\u00e9al pour booster votre vie intime","og_description":"Les comprim\u00e9s de Diamant kiss sont sp\u00e9cifiquement \u00e0 utiliser avant un rapport sexuel. On lui accorde plusieurs avantages. D\u00e9couvrez-le !","og_url":"https:\/\/www.safinel.fr\/de\/product-2\/diamantkuss\/","og_site_name":"Safinel","article_modified_time":"2025-06-09T13:26:10+00:00","og_image":[{"width":600,"height":600,"url":"https:\/\/www.safinel.fr\/wp-content\/uploads\/2022\/01\/Diamant-kiss-petit-bandit.jpg","type":"image\/jpeg"}],"twitter_card":"summary_large_image","twitter_misc":{"Gesch\u00e4tzte Lesezeit":"3\u00a0Minuten"},"schema":{"@context":"https:\/\/schema.org","@graph":[{"@type":"WebPage","@id":"https:\/\/www.safinel.fr\/produit\/diamant-kiss\/","url":"https:\/\/www.safinel.fr\/produit\/diamant-kiss\/","name":"Diamantkuss (kleiner Bandit) | Ideal, um Ihr Intimleben anzukurbeln","isPartOf":{"@id":"https:\/\/www.safinel.fr\/#website"},"primaryImageOfPage":{"@id":"https:\/\/www.safinel.fr\/produit\/diamant-kiss\/#primaryimage"},"image":{"@id":"https:\/\/www.safinel.fr\/produit\/diamant-kiss\/#primaryimage"},"thumbnailUrl":"https:\/\/www.safinel.fr\/wp-content\/uploads\/2022\/01\/Diamant-kiss-petit-bandit.jpg","datePublished":"2022-01-08T17:48:31+00:00","dateModified":"2025-06-09T13:26:10+00:00","description":"Diamantkuss-Tabletten sind speziell f\u00fcr die Anwendung vor dem Geschlechtsverkehr vorgesehen. Ihr werden mehrere Vorteile zugeschrieben. Entdecken Sie ihn!","breadcrumb":{"@id":"https:\/\/www.safinel.fr\/produit\/diamant-kiss\/#breadcrumb"},"inLanguage":"de","potentialAction":[{"@type":"ReadAction","target":["https:\/\/www.safinel.fr\/produit\/diamant-kiss\/"]}]},{"@type":"ImageObject","inLanguage":"de","@id":"https:\/\/www.safinel.fr\/produit\/diamant-kiss\/#primaryimage","url":"https:\/\/www.safinel.fr\/wp-content\/uploads\/2022\/01\/Diamant-kiss-petit-bandit.jpg","contentUrl":"https:\/\/www.safinel.fr\/wp-content\/uploads\/2022\/01\/Diamant-kiss-petit-bandit.jpg","width":600,"height":600,"caption":"Diamant kiss (petit bandit)"},{"@type":"BreadcrumbList","@id":"https:\/\/www.safinel.fr\/produit\/diamant-kiss\/#breadcrumb","itemListElement":[{"@type":"ListItem","position":1,"name":"Accueil","item":"https:\/\/www.safinel.fr\/"},{"@type":"ListItem","position":2,"name":"Boutique","item":"https:\/\/www.safinel.fr\/boutique\/"},{"@type":"ListItem","position":3,"name":"Diamant Kiss"}]},{"@type":"WebSite","@id":"https:\/\/www.safinel.fr\/#website","url":"https:\/\/www.safinel.fr\/","name":"Safinel","description":"","publisher":{"@id":"https:\/\/www.safinel.fr\/#organization"},"potentialAction":[{"@type":"SearchAction","target":{"@type":"EntryPoint","urlTemplate":"https:\/\/www.safinel.fr\/?s={search_term_string}"},"query-input":{"@type":"PropertyValueSpecification","valueRequired":true,"valueName":"search_term_string"}}],"inLanguage":"de"},{"@type":"Organization","@id":"https:\/\/www.safinel.fr\/#organization","name":"Safinel","url":"https:\/\/www.safinel.fr\/","logo":{"@type":"ImageObject","inLanguage":"de","@id":"https:\/\/www.safinel.fr\/#\/schema\/logo\/image\/","url":"https:\/\/www.safinel.fr\/wp-content\/uploads\/2021\/05\/boutique-cosmetique.png","contentUrl":"https:\/\/www.safinel.fr\/wp-content\/uploads\/2021\/05\/boutique-cosmetique.png","width":800,"height":200,"caption":"Safinel"},"image":{"@id":"https:\/\/www.safinel.fr\/#\/schema\/logo\/image\/"}}]}},"_links":{"self":[{"href":"https:\/\/www.safinel.fr\/de\/wp-json\/wp\/v2\/product\/663","targetHints":{"allow":["GET"]}}],"collection":[{"href":"https:\/\/www.safinel.fr\/de\/wp-json\/wp\/v2\/product"}],"about":[{"href":"https:\/\/www.safinel.fr\/de\/wp-json\/wp\/v2\/types\/product"}],"wp:featuredmedia":[{"embeddable":true,"href":"https:\/\/www.safinel.fr\/de\/wp-json\/wp\/v2\/media\/664"}],"wp:attachment":[{"href":"https:\/\/www.safinel.fr\/de\/wp-json\/wp\/v2\/media?parent=663"}],"wp:term":[{"taxonomy":"product_brand","embeddable":true,"href":"https:\/\/www.safinel.fr\/de\/wp-json\/wp\/v2\/product_brand?post=663"},{"taxonomy":"product_cat","embeddable":true,"href":"https:\/\/www.safinel.fr\/de\/wp-json\/wp\/v2\/product_cat?post=663"},{"taxonomy":"product_tag","embeddable":true,"href":"https:\/\/www.safinel.fr\/de\/wp-json\/wp\/v2\/product_tag?post=663"}],"curies":[{"name":"wp","href":"https:\/\/api.w.org\/{rel}","templated":true}]}}