{"id":661,"date":"2022-01-08T17:06:19","date_gmt":"2022-01-08T17:06:19","guid":{"rendered":"https:\/\/www.safinel.fr\/?post_type=product&#038;p=661"},"modified":"2023-12-28T17:15:12","modified_gmt":"2023-12-28T17:15:12","slug":"afrikanischer-pfeffer","status":"publish","type":"product","link":"https:\/\/www.safinel.fr\/de\/product-2\/afrikanischer-pfeffer\/","title":{"rendered":"Afrikanischer Pfeffer 50g"},"content":{"rendered":"<p>Heute ist der ber\u00fchmte <strong>afrikanischer Pfeffer<\/strong> der im Vordergrund steht. Und das aus gutem Grund!<\/p>\n<p>Dank dieser vielf\u00e4ltigen Facetten, die sowohl in <strong>K\u00fcche <\/strong>dass in <strong>Naturheilkunde<\/strong>, Diese <strong>Heilpflanze <\/strong>verw\u00fcstet.<\/p>\n<p>Die Geschichte beginnt in einem warmen afrikanischen Land.<\/p>\n<h2><strong>Afrikanischer Pfeffer: eine Frucht mit w\u00fcrzigem Charakter!<\/strong><\/h2>\n<p>Der afrikanische Pfeffer, der erstmals in \u00c4thiopien entdeckt wurde, wurde unter dem Namen ?\u201c<strong>Xylopia Aethiopica<\/strong>\u201d. Oder von \u201c<strong>Guinea-Pfeffer<\/strong>\u201d und \u201c<strong>Kili-Pfeffer<\/strong>\u201d.<\/p>\n<p>Damals war es Tradition, in die trockensten Gegenden des tropischen Afrikas zu reisen, um ihn zu pfl\u00fccken. Dabei wanderte man an Fl\u00fcssen entlang, bis man auf riesige B\u00e4ume stie\u00df, auf denen lange Schoten sa\u00dfen. Diese sahen aus wie Schoten.<strong> schw\u00e4rzlich gef\u00e4rbte Bohnen<\/strong>.<\/p>\n<p>Jahrhunderte sp\u00e4ter ist es dieser interessante <strong>getrocknete Frucht<\/strong> die in Europa auf den Tisch kommen.<\/p>\n<p>Hier bieten wir Ihnen diese <strong>k\u00f6stliches Gew\u00fcrz <\/strong>unter<strong> authentischer Geschmack<\/strong> in seiner Form <strong>100% nat\u00fcrlich<\/strong>. Das Beste vom <strong>Bruttoprodukt<\/strong> f\u00fcr eine <strong>hervorragende Qualit\u00e4t<\/strong> und zu einem absolut erschwinglichen Preis.<\/p>\n<p>So k\u00f6nnen einige Gramm dieser <strong>m\u00e4chtige Samen <\/strong>reichen aus, um <strong>uns um unseren K\u00f6rper und unseren Geist k\u00fcmmern<\/strong>.<\/p>\n<h2><strong>Die zahlreichen Tugenden der Xylopia Aethiopica<\/strong><\/h2>\n<p>Im Herzen dieses afrikanischen Pfeffers befinden sich<strong> ungeahnte Vorteile<\/strong>. Denn neben seinen<strong> wunderbare geschmackliche Eigenschaften<\/strong>, Der Pfeffer hat die Kraft, :<\/p>\n<ul>\n<li>Deutliche Steigerung des Eisprungs bei Frauen f\u00fcr eine<strong> bessere Fruchtbarkeit<\/strong> ;<\/li>\n<\/ul>\n<ul>\n<li><strong>Verschiedene Infektionen behandeln<\/strong>, insbesondere die der Leber; ;<\/li>\n<\/ul>\n<ul>\n<li>Dieser Kili-Pfeffer ist auch ein <strong>Antimykotikum <\/strong>und ein <strong>antibakteriell <\/strong>sehr effizient; ;<\/li>\n<\/ul>\n<ul>\n<li>Ebenso oft verglichen mit einem <strong>Antibiotikum<\/strong>, Er hilft <strong>bestimmte Schmerzen lindern<\/strong>. Wie etwa die Menstruation oder auch die<strong> Zahnschmerzen<\/strong>. Und er ist \u00e4u\u00dferst n\u00fctzlich als <strong>pr\u00e4ventiv <\/strong>;<\/li>\n<\/ul>\n<ul>\n<li>Guinea-Pfeffer ist ideal zur Bek\u00e4mpfung von<strong> gegen Bronchitis, Grippe, aber auch gegen Insektenstiche<\/strong> ;<\/li>\n<\/ul>\n<ul>\n<li>Dar\u00fcber hinaus bedient man sich dieser \u201c<strong>Paradiessamen<\/strong>\u201d f\u00fcr ihre<strong> aphrodisierende Wirkung<\/strong> eher beliebt ;<\/li>\n<\/ul>\n<ul>\n<li><strong>Hervorragend geeignet f\u00fcr die<\/strong> <strong>Verdauung und der K\u00f6rper<\/strong> im Allgemeinen ist dies <strong>Medizinalfrucht<\/strong> erm\u00f6glicht auch eine gesunde Di\u00e4t ;<\/li>\n<\/ul>\n<p>In der Tat ist diese Art die Xylopia Aethiopica bekannt f\u00fcr<strong> Kraft und gute Gesundheit geben<\/strong>. Genau wie sein Cousin, der <a href=\"https:\/\/www.safinel.fr\/de\/product-2\/sichuanpfefferkorner\/\"><strong>Szechuanpfefferk\u00f6rner<\/strong><\/a>.<\/p>\n<h3><strong>Afrikanischer Pfeffer - ein echter Star f\u00fcr unsere Geschmacksnerven ...<\/strong><\/h3>\n<p>Man sollte die Xylopia Aethiopica nicht wegen ihrer geringen Gr\u00f6\u00dfe untersch\u00e4tzen. In Wirklichkeit ist er sehr <strong>reich an Aromen <\/strong>und deshalb gef\u00e4llt er so gut.<\/p>\n<p>Au\u00dferdem ist es sein<strong> eher intensiver und ausgepr\u00e4gter Geschmack <\/strong>die sie zu einem echten Star in der K\u00fcche gemacht hat.<\/p>\n<p>Denn er ist leicht scharf und umh\u00fcllt die Geschmacksnerven subtil.<\/p>\n<p>Manche sagen sogar, er sei zitronig oder gar minzig..... Aber das wei\u00df nur derjenige, der ihn probiert.<\/p>\n<p>Die meisten afrikanischen L\u00e4nder mischen es seit jeher in die Gerichte der Kleinsten. Und sie verwenden es auch, um ihren Kaffee zu aromatisieren.<\/p>\n<p>Am besten ist es immer noch, wenn Sie 5 Schoten dieses afrikanischen Pfeffers in 1 L k\u00f6chelndem Wasser ziehen lassen.<\/p>\n<p>Sie k\u00f6nnen ihn aber auch zerdr\u00fccken oder r\u00f6sten, um seinen vollen Geschmack zu entfalten. So k\u00f6nnen Sie ihn ganz einfach mit Ihren herzhaften Gerichten kombinieren.<\/p>","protected":false},"excerpt":{"rendered":"<p>Heute steht der ber\u00fchmte afrikanische Pfeffer im Rampenlicht. Und das aus gutem Grund! Dank seiner vielf\u00e4ltigen Einsatzm\u00f6glichkeiten sowohl in der K\u00fcche als auch in der Naturheilkunde ist diese Heilpflanze sehr beliebt. Wir erz\u00e4hlen Ihnen ihre Geschichte, die in den tiefen, hei\u00dfen Regionen Afrikas beginnt. Afrikanischer Pfeffer: ein [\u2026]","protected":false},"featured_media":662,"template":"","meta":[],"product_brand":[],"product_cat":[44],"product_tag":[],"class_list":{"0":"post-661","1":"product","2":"type-product","3":"status-publish","4":"has-post-thumbnail","6":"product_cat-epices","8":"first","9":"instock","10":"shipping-taxable","11":"purchasable","12":"product-type-simple"},"yoast_head":"<!-- This site is optimized with the Yoast SEO plugin v26.6 - https:\/\/yoast.com\/wordpress\/plugins\/seo\/ -->\n<title>Poivre africain (Xylopia Aethiopica) | Poivre de Guin\u00e9e 50g<\/title>\n<meta name=\"description\" content=\"Aujourd\u2019hui, c\u2019est le fameux poivre africain qui est au-devant de la sc\u00e8ne. Et ce, pour cause ! Gr\u00e2ce \u00e0 ces multiples facettes exploitables.\" \/>\n<meta name=\"robots\" content=\"index, follow, max-snippet:-1, max-image-preview:large, max-video-preview:-1\" \/>\n<link rel=\"canonical\" href=\"https:\/\/www.safinel.fr\/de\/product-2\/afrikanischer-pfeffer\/\" \/>\n<meta property=\"og:locale\" content=\"de_DE\" \/>\n<meta property=\"og:type\" content=\"article\" \/>\n<meta property=\"og:title\" content=\"Poivre africain (Xylopia Aethiopica) | Poivre de Guin\u00e9e 50g\" \/>\n<meta property=\"og:description\" content=\"Aujourd\u2019hui, c\u2019est le fameux poivre africain qui est au-devant de la sc\u00e8ne. Et ce, pour cause ! Gr\u00e2ce \u00e0 ces multiples facettes exploitables.\" \/>\n<meta property=\"og:url\" content=\"https:\/\/www.safinel.fr\/de\/product-2\/afrikanischer-pfeffer\/\" \/>\n<meta property=\"og:site_name\" content=\"Safinel\" \/>\n<meta property=\"article:modified_time\" content=\"2023-12-28T17:15:12+00:00\" \/>\n<meta property=\"og:image\" content=\"https:\/\/www.safinel.fr\/wp-content\/uploads\/2022\/01\/poivre-africain.jpg\" \/>\n\t<meta property=\"og:image:width\" content=\"600\" \/>\n\t<meta property=\"og:image:height\" content=\"600\" \/>\n\t<meta property=\"og:image:type\" content=\"image\/jpeg\" \/>\n<meta name=\"twitter:card\" content=\"summary_large_image\" \/>\n<meta name=\"twitter:label1\" content=\"Gesch\u00e4tzte Lesezeit\" \/>\n\t<meta name=\"twitter:data1\" content=\"3\u00a0Minuten\" \/>\n<script type=\"application\/ld+json\" class=\"yoast-schema-graph\">{\"@context\":\"https:\/\/schema.org\",\"@graph\":[{\"@type\":\"WebPage\",\"@id\":\"https:\/\/www.safinel.fr\/produit\/poivre-africain\/\",\"url\":\"https:\/\/www.safinel.fr\/produit\/poivre-africain\/\",\"name\":\"Poivre africain (Xylopia Aethiopica) | Poivre de Guin\u00e9e 50g\",\"isPartOf\":{\"@id\":\"https:\/\/www.safinel.fr\/#website\"},\"primaryImageOfPage\":{\"@id\":\"https:\/\/www.safinel.fr\/produit\/poivre-africain\/#primaryimage\"},\"image\":{\"@id\":\"https:\/\/www.safinel.fr\/produit\/poivre-africain\/#primaryimage\"},\"thumbnailUrl\":\"https:\/\/www.safinel.fr\/wp-content\/uploads\/2022\/01\/poivre-africain.jpg\",\"datePublished\":\"2022-01-08T17:06:19+00:00\",\"dateModified\":\"2023-12-28T17:15:12+00:00\",\"description\":\"Aujourd\u2019hui, c\u2019est le fameux poivre africain qui est au-devant de la sc\u00e8ne. Et ce, pour cause ! Gr\u00e2ce \u00e0 ces multiples facettes exploitables.\",\"breadcrumb\":{\"@id\":\"https:\/\/www.safinel.fr\/produit\/poivre-africain\/#breadcrumb\"},\"inLanguage\":\"de\",\"potentialAction\":[{\"@type\":\"ReadAction\",\"target\":[\"https:\/\/www.safinel.fr\/produit\/poivre-africain\/\"]}]},{\"@type\":\"ImageObject\",\"inLanguage\":\"de\",\"@id\":\"https:\/\/www.safinel.fr\/produit\/poivre-africain\/#primaryimage\",\"url\":\"https:\/\/www.safinel.fr\/wp-content\/uploads\/2022\/01\/poivre-africain.jpg\",\"contentUrl\":\"https:\/\/www.safinel.fr\/wp-content\/uploads\/2022\/01\/poivre-africain.jpg\",\"width\":600,\"height\":600,\"caption\":\"Poivre africain 50g\"},{\"@type\":\"BreadcrumbList\",\"@id\":\"https:\/\/www.safinel.fr\/produit\/poivre-africain\/#breadcrumb\",\"itemListElement\":[{\"@type\":\"ListItem\",\"position\":1,\"name\":\"Accueil\",\"item\":\"https:\/\/www.safinel.fr\/\"},{\"@type\":\"ListItem\",\"position\":2,\"name\":\"Boutique\",\"item\":\"https:\/\/www.safinel.fr\/boutique\/\"},{\"@type\":\"ListItem\",\"position\":3,\"name\":\"Poivre africain 50g\"}]},{\"@type\":\"WebSite\",\"@id\":\"https:\/\/www.safinel.fr\/#website\",\"url\":\"https:\/\/www.safinel.fr\/\",\"name\":\"Safinel\",\"description\":\"\",\"publisher\":{\"@id\":\"https:\/\/www.safinel.fr\/#organization\"},\"potentialAction\":[{\"@type\":\"SearchAction\",\"target\":{\"@type\":\"EntryPoint\",\"urlTemplate\":\"https:\/\/www.safinel.fr\/?s={search_term_string}\"},\"query-input\":{\"@type\":\"PropertyValueSpecification\",\"valueRequired\":true,\"valueName\":\"search_term_string\"}}],\"inLanguage\":\"de\"},{\"@type\":\"Organization\",\"@id\":\"https:\/\/www.safinel.fr\/#organization\",\"name\":\"Safinel\",\"url\":\"https:\/\/www.safinel.fr\/\",\"logo\":{\"@type\":\"ImageObject\",\"inLanguage\":\"de\",\"@id\":\"https:\/\/www.safinel.fr\/#\/schema\/logo\/image\/\",\"url\":\"https:\/\/www.safinel.fr\/wp-content\/uploads\/2021\/05\/boutique-cosmetique.png\",\"contentUrl\":\"https:\/\/www.safinel.fr\/wp-content\/uploads\/2021\/05\/boutique-cosmetique.png\",\"width\":800,\"height\":200,\"caption\":\"Safinel\"},\"image\":{\"@id\":\"https:\/\/www.safinel.fr\/#\/schema\/logo\/image\/\"}}]}<\/script>\n<!-- \/ Yoast SEO plugin. -->","yoast_head_json":{"title":"Afrikanischer Pfeffer (Xylopia Aethiopica) | Guinea-Pfeffer 50g","description":"Heute ist es der ber\u00fchmte afrikanische Pfeffer, der im Rampenlicht steht. Und das aus gutem Grund! Dank seiner vielen nutzbaren Facetten.","robots":{"index":"index","follow":"follow","max-snippet":"max-snippet:-1","max-image-preview":"max-image-preview:large","max-video-preview":"max-video-preview:-1"},"canonical":"https:\/\/www.safinel.fr\/de\/product-2\/afrikanischer-pfeffer\/","og_locale":"de_DE","og_type":"article","og_title":"Poivre africain (Xylopia Aethiopica) | Poivre de Guin\u00e9e 50g","og_description":"Aujourd\u2019hui, c\u2019est le fameux poivre africain qui est au-devant de la sc\u00e8ne. Et ce, pour cause ! Gr\u00e2ce \u00e0 ces multiples facettes exploitables.","og_url":"https:\/\/www.safinel.fr\/de\/product-2\/afrikanischer-pfeffer\/","og_site_name":"Safinel","article_modified_time":"2023-12-28T17:15:12+00:00","og_image":[{"width":600,"height":600,"url":"https:\/\/www.safinel.fr\/wp-content\/uploads\/2022\/01\/poivre-africain.jpg","type":"image\/jpeg"}],"twitter_card":"summary_large_image","twitter_misc":{"Gesch\u00e4tzte Lesezeit":"3\u00a0Minuten"},"schema":{"@context":"https:\/\/schema.org","@graph":[{"@type":"WebPage","@id":"https:\/\/www.safinel.fr\/produit\/poivre-africain\/","url":"https:\/\/www.safinel.fr\/produit\/poivre-africain\/","name":"Afrikanischer Pfeffer (Xylopia Aethiopica) | Guinea-Pfeffer 50g","isPartOf":{"@id":"https:\/\/www.safinel.fr\/#website"},"primaryImageOfPage":{"@id":"https:\/\/www.safinel.fr\/produit\/poivre-africain\/#primaryimage"},"image":{"@id":"https:\/\/www.safinel.fr\/produit\/poivre-africain\/#primaryimage"},"thumbnailUrl":"https:\/\/www.safinel.fr\/wp-content\/uploads\/2022\/01\/poivre-africain.jpg","datePublished":"2022-01-08T17:06:19+00:00","dateModified":"2023-12-28T17:15:12+00:00","description":"Heute ist es der ber\u00fchmte afrikanische Pfeffer, der im Rampenlicht steht. Und das aus gutem Grund! Dank seiner vielen nutzbaren Facetten.","breadcrumb":{"@id":"https:\/\/www.safinel.fr\/produit\/poivre-africain\/#breadcrumb"},"inLanguage":"de","potentialAction":[{"@type":"ReadAction","target":["https:\/\/www.safinel.fr\/produit\/poivre-africain\/"]}]},{"@type":"ImageObject","inLanguage":"de","@id":"https:\/\/www.safinel.fr\/produit\/poivre-africain\/#primaryimage","url":"https:\/\/www.safinel.fr\/wp-content\/uploads\/2022\/01\/poivre-africain.jpg","contentUrl":"https:\/\/www.safinel.fr\/wp-content\/uploads\/2022\/01\/poivre-africain.jpg","width":600,"height":600,"caption":"Poivre africain 50g"},{"@type":"BreadcrumbList","@id":"https:\/\/www.safinel.fr\/produit\/poivre-africain\/#breadcrumb","itemListElement":[{"@type":"ListItem","position":1,"name":"Accueil","item":"https:\/\/www.safinel.fr\/"},{"@type":"ListItem","position":2,"name":"Boutique","item":"https:\/\/www.safinel.fr\/boutique\/"},{"@type":"ListItem","position":3,"name":"Poivre africain 50g"}]},{"@type":"WebSite","@id":"https:\/\/www.safinel.fr\/#website","url":"https:\/\/www.safinel.fr\/","name":"Safinel","description":"","publisher":{"@id":"https:\/\/www.safinel.fr\/#organization"},"potentialAction":[{"@type":"SearchAction","target":{"@type":"EntryPoint","urlTemplate":"https:\/\/www.safinel.fr\/?s={search_term_string}"},"query-input":{"@type":"PropertyValueSpecification","valueRequired":true,"valueName":"search_term_string"}}],"inLanguage":"de"},{"@type":"Organization","@id":"https:\/\/www.safinel.fr\/#organization","name":"Safinel","url":"https:\/\/www.safinel.fr\/","logo":{"@type":"ImageObject","inLanguage":"de","@id":"https:\/\/www.safinel.fr\/#\/schema\/logo\/image\/","url":"https:\/\/www.safinel.fr\/wp-content\/uploads\/2021\/05\/boutique-cosmetique.png","contentUrl":"https:\/\/www.safinel.fr\/wp-content\/uploads\/2021\/05\/boutique-cosmetique.png","width":800,"height":200,"caption":"Safinel"},"image":{"@id":"https:\/\/www.safinel.fr\/#\/schema\/logo\/image\/"}}]}},"_links":{"self":[{"href":"https:\/\/www.safinel.fr\/de\/wp-json\/wp\/v2\/product\/661","targetHints":{"allow":["GET"]}}],"collection":[{"href":"https:\/\/www.safinel.fr\/de\/wp-json\/wp\/v2\/product"}],"about":[{"href":"https:\/\/www.safinel.fr\/de\/wp-json\/wp\/v2\/types\/product"}],"wp:featuredmedia":[{"embeddable":true,"href":"https:\/\/www.safinel.fr\/de\/wp-json\/wp\/v2\/media\/662"}],"wp:attachment":[{"href":"https:\/\/www.safinel.fr\/de\/wp-json\/wp\/v2\/media?parent=661"}],"wp:term":[{"taxonomy":"product_brand","embeddable":true,"href":"https:\/\/www.safinel.fr\/de\/wp-json\/wp\/v2\/product_brand?post=661"},{"taxonomy":"product_cat","embeddable":true,"href":"https:\/\/www.safinel.fr\/de\/wp-json\/wp\/v2\/product_cat?post=661"},{"taxonomy":"product_tag","embeddable":true,"href":"https:\/\/www.safinel.fr\/de\/wp-json\/wp\/v2\/product_tag?post=661"}],"curies":[{"name":"wp","href":"https:\/\/api.w.org\/{rel}","templated":true}]}}