{"id":659,"date":"2022-01-07T08:35:10","date_gmt":"2022-01-07T08:35:10","guid":{"rendered":"https:\/\/www.safinel.fr\/?post_type=product&#038;p=659"},"modified":"2026-03-09T10:49:10","modified_gmt":"2026-03-09T10:49:10","slug":"der-konig-der-krauter","status":"publish","type":"product","link":"https:\/\/www.safinel.fr\/de\/product-2\/der-konig-der-krauter\/","title":{"rendered":"Der K\u00f6nig der Kr\u00e4uter 50g"},"content":{"rendered":"<p><strong>Der Kr\u00e4uterk\u00f6nig<\/strong> k\u00f6nnte das Herzst\u00fcck in Ihrem K\u00f6nigreich der <strong>Heilkr\u00e4uter.<\/strong> Sie kennen ihn noch nicht? Auch hier bietet Ihnen Ihr Safinel-Shop die Gelegenheit, eine Pflanze kennenzulernen, die alles hat, um Sie zu begeistern.<\/p>\n<h2><strong>Der Kr\u00e4uterk\u00f6nig beherrscht den Markt!\u00a0<\/strong><\/h2>\n<p>Die afrikanische Pflanze par excellence, der K\u00f6nig der Kr\u00e4uter, wird als \u00abvulg\u00e4r\u00bb bezeichnet. Er ist n\u00e4mlich eine krautige Pflanze, die man in vielen L\u00e4ndern h\u00e4ufig antrifft. Dazu geh\u00f6ren der Senegal, Kenia, Tansania und Angola. In diesen L\u00e4ndern kennt man seine N\u00fctzlichkeit und seine therapeutischen Vorteile.<\/p>\n<p>Aufgrund seiner vielf\u00e4ltigen Urspr\u00fcnge tr\u00e4gt er neben seinem wissenschaftlichen Namen auch viele andere Bezeichnungen <strong>Ageratum Conyzoides<\/strong>. So findet man sie auch unter dem Namen <strong>von awovi takin<\/strong> oder <strong>kuvito takin.\u00a0<\/strong><\/p>\n<p>Diese <strong>afrikanische Pflanze<\/strong> ist faszinierend und faszinierend und wird vor allem von Frauen wegen seiner therapeutischen Wirkung gesch\u00e4tzt. Sie wird auch als \u00abdiejenige, die \u00fcber 200 Krankheiten behandelt\u00bb bezeichnet. Nat\u00fcrlich ist diese <strong>Nahrungserg\u00e4nzung<\/strong> bleibt nur ein<strong> Wellnessprodukt<\/strong>, Es ist kein Medikament.<\/p>\n<h2><strong>Einige bekannte Tugenden \u00fcber den K\u00f6nig der Kr\u00e4uter\u00a0<\/strong><\/h2>\n<p>Als wahres Allheilmittel f\u00fcr die Frau stellt sich der Kr\u00e4uterk\u00f6nig als ein <strong>Nahrungserg\u00e4nzung<\/strong> der Wahl bei allt\u00e4glichen Beschwerden. So kann es hilfreich sein bei :<\/p>\n<ul>\n<li>Bauchschmerzen lindern ;<\/li>\n<li>Es ist auch als nat\u00fcrliches Anti-Giftmittel bekannt ;<\/li>\n<li>Es wird verwendet, um bei der Verstopfung der Eileiter zu helfen ;<\/li>\n<li>Ist n\u00fctzlich f\u00fcr die Sch\u00f6nheit der N\u00e4gel ;<\/li>\n<li>Alles wie <a href=\"https:\/\/www.safinel.fr\/de\/product-2\/4-seitige-frucht-3-stuck\/\"><strong>die 4-Seiten-Frucht<\/strong><\/a>, Es hilft gegen vaginalen Juckreiz und Infektionen; ;<\/li>\n<li>G\u00fcnstig, um den Blutdruck zu regulieren ;<\/li>\n<li>Tr\u00e4gt zur Linderung von Menstruationsschmerzen bei Frauen bei ;<\/li>\n<li>Bek\u00e4mpfung von Darmw\u00fcrmern ;<\/li>\n<li>Es wirkt nervenausgleichend; ;<\/li>\n<li>Schlie\u00dflich wird ihr auch eine positive Wirkung gegen bestimmte Unfruchtbarkeitsprobleme wie Zysten und Fibrome nachgesagt.<\/li>\n<\/ul>\n<p>Das hei\u00dft, wir distanzieren uns ausdr\u00fccklich von ihrer pseudo-n\u00fctzlichen Funktion als \u00abZauberpflanze\u00bb in der Spiritualit\u00e4t. Und auch von den falschen \u00dcberzeugungen, die \u00fcber sie kursieren.<\/p>\n<h2><strong>Welche Verwendungsm\u00f6glichkeiten gibt es f\u00fcr den Kr\u00e4uterk\u00f6nig?\u00a0<\/strong><\/h2>\n<p>Im Allgemeinen wird diese Pflanze aus Afrika in <strong>nat\u00fcrlicher Kr\u00e4utertee<\/strong>. Wir bitten Sie, die Hinweise auf der Produktverpackung zu beachten.<\/p>\n<p>Andererseits kann der K\u00f6nig der Kr\u00e4uter in seiner Form als frische Bl\u00e4tter verwendet werden, indem man sie w\u00e4scht und \u00fcber die zu behandelnden Stellen streicht. Auf diese Weise wird er bei Pilzinfektionen und verschiedenen Infektionen hilfreich sein.<\/p>\n<h3><strong>Nach dem Kr\u00e4uterk\u00f6nig: Afrikanische Pflanzen im Fokus!\u00a0<\/strong><\/h3>\n<p>Entdecken Sie auf unserer <strong>Naturkostladen<\/strong> viele Pflanzen, die gut f\u00fcr <strong>Intimit\u00e4t<\/strong> der Frau. Insbesondere das <strong>Shatavari<\/strong>, am <strong>Nep Nep <\/strong>oder auch die <strong><a href=\"https:\/\/www.safinel.fr\/de\/product-2\/djeka-blatter\/\">Djeka-Bl\u00e4tter<\/a>.\u00a0<\/strong><\/p>\n<p>Au\u00dferdem werden Sie froh sein, wenn Sie Verb\u00fcndete f\u00fcr eine erf\u00fcllte Sexualit\u00e4t finden. Wie das ber\u00fchmte <a href=\"https:\/\/www.safinel.fr\/de\/product-2\/kleben-anziehen\/\"><strong>Kleben Klemmen<\/strong><\/a>, oder die <strong>Vetiverwurzel.\u00a0<\/strong><\/p>\n<h3><strong>Einige Vorsichtsma\u00dfnahmen f\u00fcr den Gebrauch\u00a0<\/strong><\/h3>\n<p>Es ist ratsam, keine pharmazeutischen Produkte gleichzeitig mit dem Kr\u00e4uterk\u00f6nig zu konsumieren. Daher sollten Sie, wenn Sie unter <a href=\"https:\/\/www.doctissimo.fr\/sante\/dictionnaire-medical\/traitement-medicamenteux\" target=\"_blank\" rel=\"noopener\"><strong>medikament\u00f6se Behandlung<\/strong><\/a>, Wenn Sie sich nicht sicher sind, ob Ihr Kind in der Lage ist, sich selbst zu helfen, besprechen Sie dies bitte vorher mit Ihrem behandelnden Arzt.<\/p>\n<p>Au\u00dferdem sollten Sie immer einen Gesundheitsexperten konsultieren, bevor Sie ein neues Nahrungserg\u00e4nzungsmittel zu sich nehmen.<\/p>\n<p>Achten Sie darauf, dass Sie sich genau an die auf den Produktverpackungen angegebenen Dosierungen und Dosierungen halten.<\/p>\n<p><strong>Diese Pflanze ist kein Medikament und ersetzt keinen Arztbesuch.\u00a0<\/strong><\/p>","protected":false},"excerpt":{"rendered":"<p><img decoding=\"async\" class=\"size-full wp-image-5091 aligncenter\" src=\"https:\/\/www.safinel.fr\/wp-content\/uploads\/2021\/06\/BANNIERE-ICONE-SAFINEL.webp\" alt=\"Satines-R\u00fcckversicherung\" width=\"800\" height=\"200\" srcset=\"https:\/\/www.safinel.fr\/wp-content\/uploads\/2021\/06\/BANNIERE-ICONE-SAFINEL.webp 800w, https:\/\/www.safinel.fr\/wp-content\/uploads\/2021\/06\/BANNIERE-ICONE-SAFINEL-600x150.webp 600w, https:\/\/www.safinel.fr\/wp-content\/uploads\/2021\/06\/BANNIERE-ICONE-SAFINEL-768x192.webp 768w\" sizes=\"(max-width: 800px) 100vw, 800px\" \/><\/p>","protected":false},"featured_media":660,"template":"","meta":[],"product_brand":[],"product_cat":[27],"product_tag":[],"class_list":{"0":"post-659","1":"product","2":"type-product","3":"status-publish","4":"has-post-thumbnail","6":"product_cat-plantes-medicinales","8":"first","9":"instock","10":"shipping-taxable","11":"purchasable","12":"product-type-simple"},"yoast_head":"<!-- This site is optimized with the Yoast SEO plugin v26.6 - https:\/\/yoast.com\/wordpress\/plugins\/seo\/ -->\n<title>Le Roi des herbes (kuvito takin) | La plante africaine par excellence<\/title>\n<meta name=\"description\" content=\"Le Roi des herbes pourrait bien devenir la pi\u00e8ce ma\u00eetresse dans votre royaume des herbes m\u00e9dicinales. Vous ne le connaissez pas encore ?\" \/>\n<meta name=\"robots\" content=\"index, follow, max-snippet:-1, max-image-preview:large, max-video-preview:-1\" \/>\n<link rel=\"canonical\" href=\"https:\/\/www.safinel.fr\/de\/product-2\/der-konig-der-krauter\/\" \/>\n<meta property=\"og:locale\" content=\"de_DE\" \/>\n<meta property=\"og:type\" content=\"article\" \/>\n<meta property=\"og:title\" content=\"Le Roi des herbes (kuvito takin) | La plante africaine par excellence\" \/>\n<meta property=\"og:description\" content=\"Le Roi des herbes pourrait bien devenir la pi\u00e8ce ma\u00eetresse dans votre royaume des herbes m\u00e9dicinales. Vous ne le connaissez pas encore ?\" \/>\n<meta property=\"og:url\" content=\"https:\/\/www.safinel.fr\/de\/product-2\/der-konig-der-krauter\/\" \/>\n<meta property=\"og:site_name\" content=\"Safinel\" \/>\n<meta property=\"article:modified_time\" content=\"2026-03-09T10:49:10+00:00\" \/>\n<meta property=\"og:image\" content=\"https:\/\/www.safinel.fr\/wp-content\/uploads\/2022\/01\/le-roi-des-herbes.jpg\" \/>\n\t<meta property=\"og:image:width\" content=\"600\" \/>\n\t<meta property=\"og:image:height\" content=\"600\" \/>\n\t<meta property=\"og:image:type\" content=\"image\/jpeg\" \/>\n<meta name=\"twitter:card\" content=\"summary_large_image\" \/>\n<meta name=\"twitter:label1\" content=\"Gesch\u00e4tzte Lesezeit\" \/>\n\t<meta name=\"twitter:data1\" content=\"3\u00a0Minuten\" \/>\n<script type=\"application\/ld+json\" class=\"yoast-schema-graph\">{\"@context\":\"https:\/\/schema.org\",\"@graph\":[{\"@type\":\"WebPage\",\"@id\":\"https:\/\/www.safinel.fr\/produit\/le-roi-des-herbes\/\",\"url\":\"https:\/\/www.safinel.fr\/produit\/le-roi-des-herbes\/\",\"name\":\"Le Roi des herbes (kuvito takin) | La plante africaine par excellence\",\"isPartOf\":{\"@id\":\"https:\/\/www.safinel.fr\/#website\"},\"primaryImageOfPage\":{\"@id\":\"https:\/\/www.safinel.fr\/produit\/le-roi-des-herbes\/#primaryimage\"},\"image\":{\"@id\":\"https:\/\/www.safinel.fr\/produit\/le-roi-des-herbes\/#primaryimage\"},\"thumbnailUrl\":\"https:\/\/www.safinel.fr\/wp-content\/uploads\/2022\/01\/le-roi-des-herbes.jpg\",\"datePublished\":\"2022-01-07T08:35:10+00:00\",\"dateModified\":\"2026-03-09T10:49:10+00:00\",\"description\":\"Le Roi des herbes pourrait bien devenir la pi\u00e8ce ma\u00eetresse dans votre royaume des herbes m\u00e9dicinales. Vous ne le connaissez pas encore ?\",\"breadcrumb\":{\"@id\":\"https:\/\/www.safinel.fr\/produit\/le-roi-des-herbes\/#breadcrumb\"},\"inLanguage\":\"de\",\"potentialAction\":[{\"@type\":\"ReadAction\",\"target\":[\"https:\/\/www.safinel.fr\/produit\/le-roi-des-herbes\/\"]}]},{\"@type\":\"ImageObject\",\"inLanguage\":\"de\",\"@id\":\"https:\/\/www.safinel.fr\/produit\/le-roi-des-herbes\/#primaryimage\",\"url\":\"https:\/\/www.safinel.fr\/wp-content\/uploads\/2022\/01\/le-roi-des-herbes.jpg\",\"contentUrl\":\"https:\/\/www.safinel.fr\/wp-content\/uploads\/2022\/01\/le-roi-des-herbes.jpg\",\"width\":600,\"height\":600,\"caption\":\"Le Roi des herbes 100g\"},{\"@type\":\"BreadcrumbList\",\"@id\":\"https:\/\/www.safinel.fr\/produit\/le-roi-des-herbes\/#breadcrumb\",\"itemListElement\":[{\"@type\":\"ListItem\",\"position\":1,\"name\":\"Accueil\",\"item\":\"https:\/\/www.safinel.fr\/\"},{\"@type\":\"ListItem\",\"position\":2,\"name\":\"Boutique\",\"item\":\"https:\/\/www.safinel.fr\/boutique\/\"},{\"@type\":\"ListItem\",\"position\":3,\"name\":\"Le Roi des herbes 50g\"}]},{\"@type\":\"WebSite\",\"@id\":\"https:\/\/www.safinel.fr\/#website\",\"url\":\"https:\/\/www.safinel.fr\/\",\"name\":\"Safinel\",\"description\":\"\",\"publisher\":{\"@id\":\"https:\/\/www.safinel.fr\/#organization\"},\"potentialAction\":[{\"@type\":\"SearchAction\",\"target\":{\"@type\":\"EntryPoint\",\"urlTemplate\":\"https:\/\/www.safinel.fr\/?s={search_term_string}\"},\"query-input\":{\"@type\":\"PropertyValueSpecification\",\"valueRequired\":true,\"valueName\":\"search_term_string\"}}],\"inLanguage\":\"de\"},{\"@type\":\"Organization\",\"@id\":\"https:\/\/www.safinel.fr\/#organization\",\"name\":\"Safinel\",\"url\":\"https:\/\/www.safinel.fr\/\",\"logo\":{\"@type\":\"ImageObject\",\"inLanguage\":\"de\",\"@id\":\"https:\/\/www.safinel.fr\/#\/schema\/logo\/image\/\",\"url\":\"https:\/\/www.safinel.fr\/wp-content\/uploads\/2021\/05\/boutique-cosmetique.png\",\"contentUrl\":\"https:\/\/www.safinel.fr\/wp-content\/uploads\/2021\/05\/boutique-cosmetique.png\",\"width\":800,\"height\":200,\"caption\":\"Safinel\"},\"image\":{\"@id\":\"https:\/\/www.safinel.fr\/#\/schema\/logo\/image\/\"}}]}<\/script>\n<!-- \/ Yoast SEO plugin. -->","yoast_head_json":{"title":"Der K\u00f6nig der Kr\u00e4uter (kuvito takin) | Die afrikanische Pflanze schlechthin","description":"Der Kr\u00e4uterk\u00f6nig k\u00f6nnte das Herzst\u00fcck in Ihrem Reich der Heilkr\u00e4uter werden. Sie kennen ihn noch nicht?","robots":{"index":"index","follow":"follow","max-snippet":"max-snippet:-1","max-image-preview":"max-image-preview:large","max-video-preview":"max-video-preview:-1"},"canonical":"https:\/\/www.safinel.fr\/de\/product-2\/der-konig-der-krauter\/","og_locale":"de_DE","og_type":"article","og_title":"Le Roi des herbes (kuvito takin) | La plante africaine par excellence","og_description":"Le Roi des herbes pourrait bien devenir la pi\u00e8ce ma\u00eetresse dans votre royaume des herbes m\u00e9dicinales. Vous ne le connaissez pas encore ?","og_url":"https:\/\/www.safinel.fr\/de\/product-2\/der-konig-der-krauter\/","og_site_name":"Safinel","article_modified_time":"2026-03-09T10:49:10+00:00","og_image":[{"width":600,"height":600,"url":"https:\/\/www.safinel.fr\/wp-content\/uploads\/2022\/01\/le-roi-des-herbes.jpg","type":"image\/jpeg"}],"twitter_card":"summary_large_image","twitter_misc":{"Gesch\u00e4tzte Lesezeit":"3\u00a0Minuten"},"schema":{"@context":"https:\/\/schema.org","@graph":[{"@type":"WebPage","@id":"https:\/\/www.safinel.fr\/produit\/le-roi-des-herbes\/","url":"https:\/\/www.safinel.fr\/produit\/le-roi-des-herbes\/","name":"Der K\u00f6nig der Kr\u00e4uter (kuvito takin) | Die afrikanische Pflanze schlechthin","isPartOf":{"@id":"https:\/\/www.safinel.fr\/#website"},"primaryImageOfPage":{"@id":"https:\/\/www.safinel.fr\/produit\/le-roi-des-herbes\/#primaryimage"},"image":{"@id":"https:\/\/www.safinel.fr\/produit\/le-roi-des-herbes\/#primaryimage"},"thumbnailUrl":"https:\/\/www.safinel.fr\/wp-content\/uploads\/2022\/01\/le-roi-des-herbes.jpg","datePublished":"2022-01-07T08:35:10+00:00","dateModified":"2026-03-09T10:49:10+00:00","description":"Der Kr\u00e4uterk\u00f6nig k\u00f6nnte das Herzst\u00fcck in Ihrem Reich der Heilkr\u00e4uter werden. Sie kennen ihn noch nicht?","breadcrumb":{"@id":"https:\/\/www.safinel.fr\/produit\/le-roi-des-herbes\/#breadcrumb"},"inLanguage":"de","potentialAction":[{"@type":"ReadAction","target":["https:\/\/www.safinel.fr\/produit\/le-roi-des-herbes\/"]}]},{"@type":"ImageObject","inLanguage":"de","@id":"https:\/\/www.safinel.fr\/produit\/le-roi-des-herbes\/#primaryimage","url":"https:\/\/www.safinel.fr\/wp-content\/uploads\/2022\/01\/le-roi-des-herbes.jpg","contentUrl":"https:\/\/www.safinel.fr\/wp-content\/uploads\/2022\/01\/le-roi-des-herbes.jpg","width":600,"height":600,"caption":"Le Roi des herbes 100g"},{"@type":"BreadcrumbList","@id":"https:\/\/www.safinel.fr\/produit\/le-roi-des-herbes\/#breadcrumb","itemListElement":[{"@type":"ListItem","position":1,"name":"Accueil","item":"https:\/\/www.safinel.fr\/"},{"@type":"ListItem","position":2,"name":"Boutique","item":"https:\/\/www.safinel.fr\/boutique\/"},{"@type":"ListItem","position":3,"name":"Le Roi des herbes 50g"}]},{"@type":"WebSite","@id":"https:\/\/www.safinel.fr\/#website","url":"https:\/\/www.safinel.fr\/","name":"Safinel","description":"","publisher":{"@id":"https:\/\/www.safinel.fr\/#organization"},"potentialAction":[{"@type":"SearchAction","target":{"@type":"EntryPoint","urlTemplate":"https:\/\/www.safinel.fr\/?s={search_term_string}"},"query-input":{"@type":"PropertyValueSpecification","valueRequired":true,"valueName":"search_term_string"}}],"inLanguage":"de"},{"@type":"Organization","@id":"https:\/\/www.safinel.fr\/#organization","name":"Safinel","url":"https:\/\/www.safinel.fr\/","logo":{"@type":"ImageObject","inLanguage":"de","@id":"https:\/\/www.safinel.fr\/#\/schema\/logo\/image\/","url":"https:\/\/www.safinel.fr\/wp-content\/uploads\/2021\/05\/boutique-cosmetique.png","contentUrl":"https:\/\/www.safinel.fr\/wp-content\/uploads\/2021\/05\/boutique-cosmetique.png","width":800,"height":200,"caption":"Safinel"},"image":{"@id":"https:\/\/www.safinel.fr\/#\/schema\/logo\/image\/"}}]}},"_links":{"self":[{"href":"https:\/\/www.safinel.fr\/de\/wp-json\/wp\/v2\/product\/659","targetHints":{"allow":["GET"]}}],"collection":[{"href":"https:\/\/www.safinel.fr\/de\/wp-json\/wp\/v2\/product"}],"about":[{"href":"https:\/\/www.safinel.fr\/de\/wp-json\/wp\/v2\/types\/product"}],"wp:featuredmedia":[{"embeddable":true,"href":"https:\/\/www.safinel.fr\/de\/wp-json\/wp\/v2\/media\/660"}],"wp:attachment":[{"href":"https:\/\/www.safinel.fr\/de\/wp-json\/wp\/v2\/media?parent=659"}],"wp:term":[{"taxonomy":"product_brand","embeddable":true,"href":"https:\/\/www.safinel.fr\/de\/wp-json\/wp\/v2\/product_brand?post=659"},{"taxonomy":"product_cat","embeddable":true,"href":"https:\/\/www.safinel.fr\/de\/wp-json\/wp\/v2\/product_cat?post=659"},{"taxonomy":"product_tag","embeddable":true,"href":"https:\/\/www.safinel.fr\/de\/wp-json\/wp\/v2\/product_tag?post=659"}],"curies":[{"name":"wp","href":"https:\/\/api.w.org\/{rel}","templated":true}]}}