{"id":6546,"date":"2023-06-16T18:49:09","date_gmt":"2023-06-16T18:49:09","guid":{"rendered":"https:\/\/www.safinel.fr\/?post_type=product&#038;p=6546"},"modified":"2024-01-04T13:38:18","modified_gmt":"2024-01-04T13:38:18","slug":"epimedium-pulver-und-gelatine","status":"publish","type":"product","link":"https:\/\/www.safinel.fr\/de\/product-2\/epimedium-pulver-und-gelatine\/","title":{"rendered":"Epimedium (Pulver und Kapseln)"},"content":{"rendered":"<p>In der Welt der Naturheilkunde ist die\u2019<strong>epimedium<\/strong>, Die in China auch unter dem Namen \u00abYin Yang Huo\u00bb bekannte chinesische Sprache wird immer beliebter, da sie viele Vorteile bietet.\u00a0<strong>Vorteile<\/strong>. Diese Pflanze wird seit Jahrhunderten in der traditionellen chinesischen Medizin zur Behandlung verschiedener Beschwerden eingesetzt.<\/p>\n<p>Ob Sie nun Epimedium-Kapseln auf safinel.de kaufen oder einfach mehr \u00fcber diese erstaunliche Pflanze erfahren m\u00f6chten, hier finden Sie einen \u00dcberblick \u00fcber ihre Eigenschaften und Vorteile.<\/p>\n<h2><strong>Was ist Epimedium?<\/strong><\/h2>\n<p>L\u2019<strong>epimedium<\/strong>\u00a0ist eine Pflanzengattung, die zur Familie der Berberidaceae geh\u00f6rt und mehr als 60 verschiedene Arten umfasst. Sie sind in China, Japan, Korea und anderen Teilen Ostasiens beheimatet.<\/p>\n<p>Diese mehrj\u00e4hrigen Pflanzen zeichnen sich durch ihre herzf\u00f6rmigen Bl\u00e4tter und ihre bunten, zarten Bl\u00fcten aus.<\/p>\n<p>Die Bl\u00e4tter, St\u00e4ngel und Bl\u00fcten von Epimedium haben alle medizinische Eigenschaften und k\u00f6nnen zur Zubereitung von Aufg\u00fcssen, Tinkturen und Kapseln verwendet werden.<\/p>\n<h2><strong>Die wichtigsten Vorteile von Yin Yang Huo<\/strong><\/h2>\n<ul>\n<li><strong>Behandlung von Impotenz und Verbesserung der Libido<\/strong><\/li>\n<\/ul>\n<p>Eine der Hauptanwendungen von Epimedium in der traditionellen Medizin ist die Behandlung von\u2019<strong>Impotenz<\/strong>, auch erektile Dysfunktion genannt. Die in der Pflanze enthaltenen aktiven Verbindungen, insbesondere die Icariine. Sie wirken, indem sie das Enzym hemmen, das f\u00fcr den Abbau von Stickstoffmonoxid, einem nat\u00fcrlichen Vasodilatator, verantwortlich ist.<\/p>\n<p>Durch die Erh\u00f6hung des Stickstoffmonoxidspiegels f\u00f6rdert Epimedium eine bessere Durchblutung und tr\u00e4gt so zur Verbesserung der sexuellen Leistungsf\u00e4higkeit bei.<\/p>\n<p>Dar\u00fcber hinaus ist Epimedium bekannt f\u00fcr\u00a0<strong>die Libido anregen<\/strong>, Es ist bei M\u00e4nnern und Frauen gleicherma\u00dfen beliebt. Es wird oft als nat\u00fcrliches Aphrodisiakum verwendet, um die sexuelle Energie und die Leidenschaft in Beziehungen zu steigern.<\/p>\n<ul>\n<li><strong>Energie und Bek\u00e4mpfung von M\u00fcdigkeit<\/strong><\/li>\n<\/ul>\n<p>Yin Yang Huo wird auch verwendet, um\u00a0<strong>M\u00fcdigkeit bek\u00e4mpfen<\/strong>\u00a0und einen Energieschub verleihen. Dank seiner adaptogenen Eigenschaften hilft er dem K\u00f6rper, Stress und schwierigen Situationen besser zu widerstehen. Au\u00dferdem kann er dazu beitragen, die Produktion von Adenosintriphosphat (ATP) zu erh\u00f6hen, einem Molek\u00fcl, das die Zellen mit Energie versorgt.<\/p>\n<ul>\n<li><strong>Behandlung von chronischer Bronchitis<\/strong><\/li>\n<\/ul>\n<p>In der traditionellen chinesischen Medizin wird Epimedium h\u00e4ufig zur Behandlung von\u00a0<strong>chronische Bronchitis<\/strong>. Seine entz\u00fcndungshemmenden und schleiml\u00f6senden Eigenschaften helfen, die Entz\u00fcndung der Bronchien zu verringern und den Schleim leichter abhusten zu k\u00f6nnen. Dadurch werden die Symptome einer Bronchitis wie Husten, Atembeschwerden und \u00fcberm\u00e4\u00dfige Schleimproduktion gelindert.<\/p>\n<ul>\n<li><strong>Hormonelles Gleichgewicht und Regulierung der Menstruation<\/strong><\/li>\n<\/ul>\n<p>Bei Frauen kann Epimedium auch eine positive Wirkung auf die\u00a0<strong>Menstruationsunregelm\u00e4\u00dfigkeiten<\/strong>. In der Tat legen einige Studien nahe, dass es helfen k\u00f6nnte, den Spiegel der weiblichen Hormone auszugleichen. Dies gilt insbesondere f\u00fcr \u00d6strogen, was zu einer besseren Regulierung des Hormonspiegels f\u00fchrt. <a href=\"https:\/\/www.safinel.fr\/de\/schmerzhafte-periode\/\"><strong>Menstruationszyklus<\/strong><\/a>.<\/p>\n<p>Es wird h\u00e4ufig in der traditionellen chinesischen Medizin zur Behandlung von Beschwerden wie unregelm\u00e4\u00dfiger Menstruation, Menstruationsschmerzen und Problemen in den Wechseljahren verwendet.<\/p>\n<h2><strong>Kapseln mit Epimediumpulver auf safinel.de kaufen<\/strong><\/h2>\n<p>Wenn Sie von all diesen Vorteilen profitieren m\u00f6chten, z\u00f6gern Sie nicht, die\u00a0<strong>Epimedium-Kapseln<\/strong>\u00a0auf safinel.de. Diese Form der Nahrungserg\u00e4nzung ist sehr praktisch und erm\u00f6glicht es Ihnen, von den medizinischen Eigenschaften der Pflanze zu profitieren, ohne Aufg\u00fcsse oder Tinkturen zubereiten zu m\u00fcssen.<\/p>\n<p>Es wird empfohlen, dass Sie vor der Einnahme von Epimedium-Kapseln einen Arzt konsultieren. Vor allem, wenn Sie bereits Medikamente einnehmen oder an bestimmten medizinischen Erkrankungen leiden. Epimedium-Kapseln werden im Allgemeinen gut vertragen, aber es ist wichtig, dass Sie sich an die angegebene Dosierung halten und die Einnahmeempfehlungen befolgen.<\/p>\n<h3><strong>Anwendung und Dosierung von Epimedium-Kapseln<\/strong><\/h3>\n<p>Die\u00a0<strong>Epimedium-Kapseln<\/strong>\u00a0k\u00f6nnen t\u00e4glich mit einem Glas Wasser eingenommen werden, normalerweise vor oder nach den Mahlzeiten. Die empfohlene Dosierung h\u00e4ngt von den individuellen Bed\u00fcrfnissen und dem Gesundheitszustand ab, \u00fcblich sind jedoch 500 bis 1000 mg pro Tag, aufgeteilt auf zwei oder drei Einnahmen.<\/p>\n<p>Es ist wichtig, daran zu erinnern, dass epimediumhaltige Nahrungserg\u00e4nzungsmittel kein Ersatz f\u00fcr eine herk\u00f6mmliche medizinische Behandlung sein sollten. Es ist immer besser, eine medizinische Fachkraft zu konsultieren, um eine pers\u00f6nliche Beratung zu erhalten.<\/p>\n<h3><strong>Warnhinweise und m\u00f6gliche Nebenwirkungen<\/strong><\/h3>\n<p>Wie bei jedem Nahrungserg\u00e4nzungsmittel ist es wichtig, bestimmte Empfehlungen zu beachten und sich \u00fcber m\u00f6gliche\u00a0<strong>Nebenwirkungen<\/strong>.<\/p>\n<p><strong>Obwohl Epimedium im Allgemeinen gut vertr\u00e4glich ist, wurden einige F\u00e4lle von Nebenwirkungen berichtet, wie z. B. :<\/strong><\/p>\n<ul>\n<li>\u00dcbelkeit und Verdauungsst\u00f6rungen<\/li>\n<li>Schwindel und Kopfschmerzen<\/li>\n<li>Reizbarkeit und Nervosit\u00e4t<\/li>\n<\/ul>\n<p>Diese Nebenwirkungen sind selten und oft geringf\u00fcgig. Dennoch ist es wichtig, bei der Einnahme von Epimedium-Kapseln wachsam zu sein und im Zweifelsfall einen Gesundheitsexperten zu konsultieren.<\/p>\n<p>Zusammenfassend l\u00e4sst sich sagen, dass Epimedium eine Pflanze mit vielen\u00a0<strong>medizinische Vorteile<\/strong>. Es wird seit Jahrhunderten in der traditionellen chinesischen Medizin verwendet und bietet interessante Eigenschaften zur Behandlung von Impotenz, zur Bek\u00e4mpfung von M\u00fcdigkeit, zur Linderung von chronischer Bronchitis und zur Regulierung der Menstruation. Die auf safinel.de erh\u00e4ltlichen Epimedium-Kapseln sind eine praktische L\u00f6sung, um von diesen nat\u00fcrlichen Eigenschaften zu profitieren.<\/p>","protected":false},"excerpt":{"rendered":"<p><strong>Anwendung und Dosierung von Epimedium-Kapseln<\/strong><\/p>\n<ul>\n<li>Die\u00a0<strong>Epimedium-Kapseln<\/strong>\u00a0k\u00f6nnen t\u00e4glich mit einem Glas Wasser eingenommen werden, normalerweise vor oder nach den Mahlzeiten.<\/li>\n<li>Die empfohlene Dosierung variiert je nach den individuellen Bed\u00fcrfnissen und dem Gesundheitszustand.<\/li>\n<li>\u00dcblich sind 500 bis 1000 mg pro Tag, aufgeteilt auf zwei oder drei Einnahmen.<\/li>\n<\/ul>\n<p><strong>Es ist wichtig, daran zu erinnern, dass epimediumhaltige Nahrungserg\u00e4nzungsmittel kein Ersatz f\u00fcr eine herk\u00f6mmliche medizinische Behandlung sein sollten. Es ist immer besser, eine medizinische Fachkraft zu konsultieren, um eine pers\u00f6nliche Beratung zu erhalten.<\/strong><\/p>\n<p><img decoding=\"async\" class=\"size-full wp-image-5091 aligncenter\" src=\"https:\/\/www.safinel.fr\/wp-content\/uploads\/2021\/06\/BANNIERE-ICONE-SAFINEL.webp\" alt=\"Satines-R\u00fcckversicherung\" width=\"800\" height=\"200\" srcset=\"https:\/\/www.safinel.fr\/wp-content\/uploads\/2021\/06\/BANNIERE-ICONE-SAFINEL.webp 800w, https:\/\/www.safinel.fr\/wp-content\/uploads\/2021\/06\/BANNIERE-ICONE-SAFINEL-600x150.webp 600w, https:\/\/www.safinel.fr\/wp-content\/uploads\/2021\/06\/BANNIERE-ICONE-SAFINEL-768x192.webp 768w\" sizes=\"(max-width: 800px) 100vw, 800px\" \/><\/p>","protected":false},"featured_media":6547,"template":"","meta":[],"product_brand":[],"product_cat":[20,108],"product_tag":[],"class_list":{"0":"post-6546","1":"product","2":"type-product","3":"status-publish","4":"has-post-thumbnail","6":"product_cat-gelules","7":"product_cat-plantes-asiatiques","9":"first","10":"instock","11":"shipping-taxable","12":"purchasable","13":"product-type-variable","14":"has-default-attributes"},"yoast_head":"<!-- This site is optimized with the Yoast SEO plugin v26.6 - https:\/\/yoast.com\/wordpress\/plugins\/seo\/ -->\n<title>Epimedium (Yin Yang Huo) | Achat en poudres et g\u00e9lules<\/title>\n<meta name=\"description\" content=\"Dans le monde de la m\u00e9decine naturelle, l&#039;epimedium, \u00e9galement connu sous le nom de &quot;Yin Yang Huo&quot; en Chine, est de plus en plus populaire.\" \/>\n<meta name=\"robots\" content=\"index, follow, max-snippet:-1, max-image-preview:large, max-video-preview:-1\" \/>\n<link rel=\"canonical\" href=\"https:\/\/www.safinel.fr\/de\/product-2\/epimedium-pulver-und-gelatine\/\" \/>\n<meta property=\"og:locale\" content=\"de_DE\" \/>\n<meta property=\"og:type\" content=\"article\" \/>\n<meta property=\"og:title\" content=\"Epimedium (Yin Yang Huo) | Achat en poudres et g\u00e9lules\" \/>\n<meta property=\"og:description\" content=\"Dans le monde de la m\u00e9decine naturelle, l&#039;epimedium, \u00e9galement connu sous le nom de &quot;Yin Yang Huo&quot; en Chine, est de plus en plus populaire.\" \/>\n<meta property=\"og:url\" content=\"https:\/\/www.safinel.fr\/de\/product-2\/epimedium-pulver-und-gelatine\/\" \/>\n<meta property=\"og:site_name\" content=\"Safinel\" \/>\n<meta property=\"article:modified_time\" content=\"2024-01-04T13:38:18+00:00\" \/>\n<meta property=\"og:image\" content=\"https:\/\/www.safinel.fr\/wp-content\/uploads\/2023\/06\/epimedium-gelules.jpg\" \/>\n\t<meta property=\"og:image:width\" content=\"600\" \/>\n\t<meta property=\"og:image:height\" content=\"600\" \/>\n\t<meta property=\"og:image:type\" content=\"image\/jpeg\" \/>\n<meta name=\"twitter:card\" content=\"summary_large_image\" \/>\n<meta name=\"twitter:label1\" content=\"Gesch\u00e4tzte Lesezeit\" \/>\n\t<meta name=\"twitter:data1\" content=\"4\u00a0Minuten\" \/>\n<script type=\"application\/ld+json\" class=\"yoast-schema-graph\">{\"@context\":\"https:\/\/schema.org\",\"@graph\":[{\"@type\":\"WebPage\",\"@id\":\"https:\/\/www.safinel.fr\/produit\/epimedium-poudres-et-gelules\/\",\"url\":\"https:\/\/www.safinel.fr\/produit\/epimedium-poudres-et-gelules\/\",\"name\":\"Epimedium (Yin Yang Huo) | Achat en poudres et g\u00e9lules\",\"isPartOf\":{\"@id\":\"https:\/\/www.safinel.fr\/#website\"},\"primaryImageOfPage\":{\"@id\":\"https:\/\/www.safinel.fr\/produit\/epimedium-poudres-et-gelules\/#primaryimage\"},\"image\":{\"@id\":\"https:\/\/www.safinel.fr\/produit\/epimedium-poudres-et-gelules\/#primaryimage\"},\"thumbnailUrl\":\"https:\/\/www.safinel.fr\/wp-content\/uploads\/2023\/06\/epimedium-gelules.jpg\",\"datePublished\":\"2023-06-16T18:49:09+00:00\",\"dateModified\":\"2024-01-04T13:38:18+00:00\",\"description\":\"Dans le monde de la m\u00e9decine naturelle, l'epimedium, \u00e9galement connu sous le nom de \\\"Yin Yang Huo\\\" en Chine, est de plus en plus populaire.\",\"breadcrumb\":{\"@id\":\"https:\/\/www.safinel.fr\/produit\/epimedium-poudres-et-gelules\/#breadcrumb\"},\"inLanguage\":\"de\",\"potentialAction\":[{\"@type\":\"ReadAction\",\"target\":[\"https:\/\/www.safinel.fr\/produit\/epimedium-poudres-et-gelules\/\"]}]},{\"@type\":\"ImageObject\",\"inLanguage\":\"de\",\"@id\":\"https:\/\/www.safinel.fr\/produit\/epimedium-poudres-et-gelules\/#primaryimage\",\"url\":\"https:\/\/www.safinel.fr\/wp-content\/uploads\/2023\/06\/epimedium-gelules.jpg\",\"contentUrl\":\"https:\/\/www.safinel.fr\/wp-content\/uploads\/2023\/06\/epimedium-gelules.jpg\",\"width\":600,\"height\":600,\"caption\":\"epimedium g\u00e9lules\"},{\"@type\":\"BreadcrumbList\",\"@id\":\"https:\/\/www.safinel.fr\/produit\/epimedium-poudres-et-gelules\/#breadcrumb\",\"itemListElement\":[{\"@type\":\"ListItem\",\"position\":1,\"name\":\"Accueil\",\"item\":\"https:\/\/www.safinel.fr\/\"},{\"@type\":\"ListItem\",\"position\":2,\"name\":\"Boutique\",\"item\":\"https:\/\/www.safinel.fr\/boutique\/\"},{\"@type\":\"ListItem\",\"position\":3,\"name\":\"Epimedium (Poudres et g\u00e9lules)\"}]},{\"@type\":\"WebSite\",\"@id\":\"https:\/\/www.safinel.fr\/#website\",\"url\":\"https:\/\/www.safinel.fr\/\",\"name\":\"Safinel\",\"description\":\"\",\"publisher\":{\"@id\":\"https:\/\/www.safinel.fr\/#organization\"},\"potentialAction\":[{\"@type\":\"SearchAction\",\"target\":{\"@type\":\"EntryPoint\",\"urlTemplate\":\"https:\/\/www.safinel.fr\/?s={search_term_string}\"},\"query-input\":{\"@type\":\"PropertyValueSpecification\",\"valueRequired\":true,\"valueName\":\"search_term_string\"}}],\"inLanguage\":\"de\"},{\"@type\":\"Organization\",\"@id\":\"https:\/\/www.safinel.fr\/#organization\",\"name\":\"Safinel\",\"url\":\"https:\/\/www.safinel.fr\/\",\"logo\":{\"@type\":\"ImageObject\",\"inLanguage\":\"de\",\"@id\":\"https:\/\/www.safinel.fr\/#\/schema\/logo\/image\/\",\"url\":\"https:\/\/www.safinel.fr\/wp-content\/uploads\/2021\/05\/boutique-cosmetique.png\",\"contentUrl\":\"https:\/\/www.safinel.fr\/wp-content\/uploads\/2021\/05\/boutique-cosmetique.png\",\"width\":800,\"height\":200,\"caption\":\"Safinel\"},\"image\":{\"@id\":\"https:\/\/www.safinel.fr\/#\/schema\/logo\/image\/\"}}]}<\/script>\n<!-- \/ Yoast SEO plugin. -->","yoast_head_json":{"title":"Epimedium (Yin Yang Huo) | Pulver und Kapseln kaufen","description":"In der Welt der Naturheilkunde erfreut sich Epimedium, das in China auch als \"Yin Yang Huo\" bekannt ist, zunehmender Beliebtheit.","robots":{"index":"index","follow":"follow","max-snippet":"max-snippet:-1","max-image-preview":"max-image-preview:large","max-video-preview":"max-video-preview:-1"},"canonical":"https:\/\/www.safinel.fr\/de\/product-2\/epimedium-pulver-und-gelatine\/","og_locale":"de_DE","og_type":"article","og_title":"Epimedium (Yin Yang Huo) | Achat en poudres et g\u00e9lules","og_description":"Dans le monde de la m\u00e9decine naturelle, l'epimedium, \u00e9galement connu sous le nom de \"Yin Yang Huo\" en Chine, est de plus en plus populaire.","og_url":"https:\/\/www.safinel.fr\/de\/product-2\/epimedium-pulver-und-gelatine\/","og_site_name":"Safinel","article_modified_time":"2024-01-04T13:38:18+00:00","og_image":[{"width":600,"height":600,"url":"https:\/\/www.safinel.fr\/wp-content\/uploads\/2023\/06\/epimedium-gelules.jpg","type":"image\/jpeg"}],"twitter_card":"summary_large_image","twitter_misc":{"Gesch\u00e4tzte Lesezeit":"4\u00a0Minuten"},"schema":{"@context":"https:\/\/schema.org","@graph":[{"@type":"WebPage","@id":"https:\/\/www.safinel.fr\/produit\/epimedium-poudres-et-gelules\/","url":"https:\/\/www.safinel.fr\/produit\/epimedium-poudres-et-gelules\/","name":"Epimedium (Yin Yang Huo) | Pulver und Kapseln kaufen","isPartOf":{"@id":"https:\/\/www.safinel.fr\/#website"},"primaryImageOfPage":{"@id":"https:\/\/www.safinel.fr\/produit\/epimedium-poudres-et-gelules\/#primaryimage"},"image":{"@id":"https:\/\/www.safinel.fr\/produit\/epimedium-poudres-et-gelules\/#primaryimage"},"thumbnailUrl":"https:\/\/www.safinel.fr\/wp-content\/uploads\/2023\/06\/epimedium-gelules.jpg","datePublished":"2023-06-16T18:49:09+00:00","dateModified":"2024-01-04T13:38:18+00:00","description":"In der Welt der Naturheilkunde erfreut sich Epimedium, das in China auch als \"Yin Yang Huo\" bekannt ist, zunehmender Beliebtheit.","breadcrumb":{"@id":"https:\/\/www.safinel.fr\/produit\/epimedium-poudres-et-gelules\/#breadcrumb"},"inLanguage":"de","potentialAction":[{"@type":"ReadAction","target":["https:\/\/www.safinel.fr\/produit\/epimedium-poudres-et-gelules\/"]}]},{"@type":"ImageObject","inLanguage":"de","@id":"https:\/\/www.safinel.fr\/produit\/epimedium-poudres-et-gelules\/#primaryimage","url":"https:\/\/www.safinel.fr\/wp-content\/uploads\/2023\/06\/epimedium-gelules.jpg","contentUrl":"https:\/\/www.safinel.fr\/wp-content\/uploads\/2023\/06\/epimedium-gelules.jpg","width":600,"height":600,"caption":"epimedium g\u00e9lules"},{"@type":"BreadcrumbList","@id":"https:\/\/www.safinel.fr\/produit\/epimedium-poudres-et-gelules\/#breadcrumb","itemListElement":[{"@type":"ListItem","position":1,"name":"Accueil","item":"https:\/\/www.safinel.fr\/"},{"@type":"ListItem","position":2,"name":"Boutique","item":"https:\/\/www.safinel.fr\/boutique\/"},{"@type":"ListItem","position":3,"name":"Epimedium (Poudres et g\u00e9lules)"}]},{"@type":"WebSite","@id":"https:\/\/www.safinel.fr\/#website","url":"https:\/\/www.safinel.fr\/","name":"Safinel","description":"","publisher":{"@id":"https:\/\/www.safinel.fr\/#organization"},"potentialAction":[{"@type":"SearchAction","target":{"@type":"EntryPoint","urlTemplate":"https:\/\/www.safinel.fr\/?s={search_term_string}"},"query-input":{"@type":"PropertyValueSpecification","valueRequired":true,"valueName":"search_term_string"}}],"inLanguage":"de"},{"@type":"Organization","@id":"https:\/\/www.safinel.fr\/#organization","name":"Safinel","url":"https:\/\/www.safinel.fr\/","logo":{"@type":"ImageObject","inLanguage":"de","@id":"https:\/\/www.safinel.fr\/#\/schema\/logo\/image\/","url":"https:\/\/www.safinel.fr\/wp-content\/uploads\/2021\/05\/boutique-cosmetique.png","contentUrl":"https:\/\/www.safinel.fr\/wp-content\/uploads\/2021\/05\/boutique-cosmetique.png","width":800,"height":200,"caption":"Safinel"},"image":{"@id":"https:\/\/www.safinel.fr\/#\/schema\/logo\/image\/"}}]}},"_links":{"self":[{"href":"https:\/\/www.safinel.fr\/de\/wp-json\/wp\/v2\/product\/6546","targetHints":{"allow":["GET"]}}],"collection":[{"href":"https:\/\/www.safinel.fr\/de\/wp-json\/wp\/v2\/product"}],"about":[{"href":"https:\/\/www.safinel.fr\/de\/wp-json\/wp\/v2\/types\/product"}],"wp:featuredmedia":[{"embeddable":true,"href":"https:\/\/www.safinel.fr\/de\/wp-json\/wp\/v2\/media\/6547"}],"wp:attachment":[{"href":"https:\/\/www.safinel.fr\/de\/wp-json\/wp\/v2\/media?parent=6546"}],"wp:term":[{"taxonomy":"product_brand","embeddable":true,"href":"https:\/\/www.safinel.fr\/de\/wp-json\/wp\/v2\/product_brand?post=6546"},{"taxonomy":"product_cat","embeddable":true,"href":"https:\/\/www.safinel.fr\/de\/wp-json\/wp\/v2\/product_cat?post=6546"},{"taxonomy":"product_tag","embeddable":true,"href":"https:\/\/www.safinel.fr\/de\/wp-json\/wp\/v2\/product_tag?post=6546"}],"curies":[{"name":"wp","href":"https:\/\/api.w.org\/{rel}","templated":true}]}}