{"id":6501,"date":"2023-06-14T16:06:19","date_gmt":"2023-06-14T16:06:19","guid":{"rendered":"https:\/\/www.safinel.fr\/?post_type=product&#038;p=6501"},"modified":"2026-01-13T11:03:45","modified_gmt":"2026-01-13T11:03:45","slug":"nila-creme","status":"publish","type":"product","link":"https:\/\/www.safinel.fr\/de\/product-2\/nila-creme\/","title":{"rendered":"Nila-Creme"},"content":{"rendered":"<p>Die\u00a0<strong>Nilas Creme<\/strong>\u00a0ist ein revolution\u00e4res Kosmetikprodukt, das speziell zur Beseitigung von braunen Flecken und anderen Hautunreinheiten entwickelt wurde. Die Creme ist auf safinel.de erh\u00e4ltlich und bietet zahlreiche Vorteile f\u00fcr die Haut im Gesicht und am K\u00f6rper. In diesem Artikel erfahren Sie mehr \u00fcber die Vorteile der Verwendung von Nila Creme und einige Tipps, wie Sie diesen wertvollen Sch\u00f6nheitsverb\u00fcndeten online kaufen k\u00f6nnen.<\/p>\n<h2><strong>Was ist Nilacreme?<\/strong><\/h2>\n<p>Die Nila-Creme ist eine Hautpflege, die Pigmentst\u00f6rungen korrigieren soll, wie z. B.\u00a0<strong>braune Flecken<\/strong>. Dank ihrer einzigartigen Formulierung hilft sie, diese unsch\u00f6nen Zeichen zu mildern und der Haut ihr glattes und strahlendes Aussehen zur\u00fcckzugeben. Die Nila-Creme kann sowohl auf der\u00a0<strong>Gesicht<\/strong>\u00a0als auf dem\u00a0<strong>K\u00f6rper<\/strong>, Die meisten Menschen, die in den USA leben, sind in der Lage, sich selbst zu helfen, einschlie\u00dflich sensibler Bereiche wie\u00a0<strong>Knie<\/strong>.<\/p>\n<h3><strong>Die Wirkstoffe der Nila-Creme<\/strong><\/h3>\n<p>Sie enth\u00e4lt nat\u00fcrliche und wirksame Inhaltsstoffe zur Bek\u00e4mpfung von Pigmentflecken :<\/p>\n<ul>\n<li><strong>Vitamin C<\/strong>\u00a0: Ein starkes Antioxidans, das dazu beitr\u00e4gt, braune Flecken zu mildern und ihre Entstehung zu verhindern.<\/li>\n<li><strong>Aloe vera<\/strong>\u00a0: Bekannt f\u00fcr seine feuchtigkeitsspendenden und beruhigenden Eigenschaften, hilft es, den Feuchtigkeitshaushalt der Haut aufrechtzuerhalten.<\/li>\n<li><strong>Lakritz<\/strong>\u00a0: Dieser Pflanzenextrakt besitzt aufhellende und entz\u00fcndungshemmende Eigenschaften, die die Hauterneuerung f\u00f6rdern.<\/li>\n<\/ul>\n<p>Diese Inhaltsstoffe machen sie zusammen mit anderen Wirkstoffen zu einer umfassenden Pflege f\u00fcr eine strahlend gesunde Haut.<\/p>\n<h2><strong>Die Vorteile von Nila-Creme f\u00fcr die Haut<\/strong><\/h2>\n<p>Die Nila-Creme bietet mehrere Vorteile, um die Qualit\u00e4t und das Aussehen der Haut zu verbessern:<\/p>\n<ol>\n<li><strong>Reduzierung von braunen Flecken<\/strong>\u00a0: indem sie direkt auf die Melanozyten einwirkt, die Zellen, die f\u00fcr die Melaninproduktion verantwortlich sind. Die Creme von Nila hilft, die Intensit\u00e4t von Pigmentflecken zu verringern.<\/li>\n<li><strong>Verhinderung neuer Aufgaben<\/strong>\u00a0: dank ihres hohen Gehalts an Antioxidantien. Sie sch\u00fctzt die Haut vor sch\u00e4dlichen Umwelteinfl\u00fcssen und begrenzt die Bildung neuer brauner Flecken.<\/li>\n<li><strong>Hydratation und Ern\u00e4hrung<\/strong>\u00a0: Die nat\u00fcrlichen Inhaltsstoffe in dieser Creme tragen dazu bei, die Haut tiefgreifend zu n\u00e4hren und mit Feuchtigkeit zu versorgen.<\/li>\n<li><strong>Wirksamkeit bei allen Hauttypen<\/strong>\u00a0Die Creme ist f\u00fcr alle Hautt\u00f6ne und Hauttypen geeignet. Sie ist ideal f\u00fcr empfindliche Haut als auch f\u00fcr fettige Haut oder Mischhaut.<\/li>\n<\/ol>\n<p>Alles in allem ist die Nila-Creme eine All-in-One-Pflege, die Ihnen hilft, Ihre Haut wieder sch\u00f6n und strahlend aussehen zu lassen.<\/p>\n<h2><strong>Kaufen auf safinel.de<\/strong><\/h2>\n<p>Um von den Vorteilen der Nila-Creme profitieren zu k\u00f6nnen, ist es wichtig, dass Sie Ihren Kauf auf einer vertrauensw\u00fcrdigen Website t\u00e4tigen. Safinel.de ist der ideale Ort, um dieses Produkt mit gutem Gewissen zu bestellen.<\/p>\n<p><strong>Hier sind einige Tipps, wie Sie diese blaue Creme in unserem Shop kaufen k\u00f6nnen :<\/strong><\/p>\n<ul>\n<li><strong>Die Echtheit des Produkts \u00fcberpr\u00fcfen<\/strong><\/li>\n<\/ul>\n<p>Es ist wichtig zu \u00fcberpr\u00fcfen, ob es sich bei dem auf safinel.de angebotenen Produkt um das Originalprodukt und nicht um eine F\u00e4lschung handelt. Achten Sie dazu darauf, dass auf der Seite die Inhaltsstoffe und die Marke der Creme deutlich angegeben sind.<\/p>\n<ul>\n<li><strong>Preise vergleichen<\/strong><\/li>\n<\/ul>\n<p>Die Preise k\u00f6nnen von Website zu Website variieren, daher ist es sinnvoll, die Angebote zu vergleichen, bevor du eine Bestellung aufgibst. H\u00fcten Sie sich jedoch vor zu niedrigen Preisen, da diese f\u00fcr eine geringere Qualit\u00e4t stehen k\u00f6nnten.<\/p>\n<ul>\n<li><strong>Ber\u00fccksichtigen Sie die Lieferkosten<\/strong><\/li>\n<\/ul>\n<p>Denken Sie bei Ihrem Kauf auch an die Versandkosten. Einige Websites bieten regelm\u00e4\u00dfig Sonderangebote oder Rabattcodes an, um diese Kosten zu senken.<\/p>\n<h3><strong>Kundenbewertungen einsehen<\/strong><\/h3>\n<p>Z\u00f6gern Sie nicht, die Meinungen anderer Personen zu lesen, die diese Creme bereits auf safinel.de gekauft haben. Sie geben Ihnen einen besseren Eindruck von der Qualit\u00e4t des Produkts und der Seriosit\u00e4t der Seite.<\/p>\n<p>Wenn Sie diese Tipps beachten, k\u00f6nnen Sie die Nila-Creme mit gutem Gewissen kaufen und ihre Vorteile f\u00fcr Ihre Haut voll aussch\u00f6pfen.<\/p>","protected":false},"excerpt":{"rendered":"<p><strong>Seine aktiven Inhaltsstoffe<\/strong><\/p>\n<p>Sie enth\u00e4lt nat\u00fcrliche und wirksame Inhaltsstoffe zur Bek\u00e4mpfung von Pigmentflecken :<\/p>\n<ul>\n<li><strong>Vitamin C<\/strong>\u00a0: Ein starkes Antioxidans, das dazu beitr\u00e4gt, braune Flecken zu mildern und ihre Entstehung zu verhindern.<\/li>\n<li><strong>Aloe vera<\/strong>\u00a0: Bekannt f\u00fcr seine feuchtigkeitsspendenden und beruhigenden Eigenschaften, hilft es, den Feuchtigkeitshaushalt der Haut aufrechtzuerhalten.<\/li>\n<li><strong>Lakritz<\/strong>\u00a0: Dieser Pflanzenextrakt besitzt aufhellende und entz\u00fcndungshemmende Eigenschaften, die die Hauterneuerung f\u00f6rdern.<\/li>\n<\/ul>\n<p><img decoding=\"async\" class=\"size-full wp-image-5091 aligncenter\" src=\"https:\/\/www.safinel.fr\/wp-content\/uploads\/2021\/06\/BANNIERE-ICONE-SAFINEL.webp\" alt=\"Satines-R\u00fcckversicherung\" width=\"800\" height=\"200\" srcset=\"https:\/\/www.safinel.fr\/wp-content\/uploads\/2021\/06\/BANNIERE-ICONE-SAFINEL.webp 800w, https:\/\/www.safinel.fr\/wp-content\/uploads\/2021\/06\/BANNIERE-ICONE-SAFINEL-600x150.webp 600w, https:\/\/www.safinel.fr\/wp-content\/uploads\/2021\/06\/BANNIERE-ICONE-SAFINEL-768x192.webp 768w\" sizes=\"(max-width: 800px) 100vw, 800px\" \/><\/p>","protected":false},"featured_media":6504,"template":"","meta":[],"product_brand":[],"product_cat":[39,192,164],"product_tag":[],"class_list":{"0":"post-6501","1":"product","2":"type-product","3":"status-publish","4":"has-post-thumbnail","6":"product_cat-creme-deodorante","7":"product_cat-cremes-eclaircissantes","8":"product_cat-nila","10":"first","11":"outofstock","12":"shipping-taxable","13":"purchasable","14":"product-type-variable"},"yoast_head":"<!-- This site is optimized with the Yoast SEO plugin v26.6 - https:\/\/yoast.com\/wordpress\/plugins\/seo\/ -->\n<title>Cr\u00e8me de nila | Aide \u00e0 lutter contre les t\u00e2ches brunes<\/title>\n<meta name=\"description\" content=\"La\u00a0cr\u00e8me de Nila\u00a0est un produit cosm\u00e9tique r\u00e9volutionnaire, sp\u00e9cialement con\u00e7u pour \u00e9liminer les t\u00e2ches brunes et autres imperfections cutan\u00e9es.\" \/>\n<meta name=\"robots\" content=\"index, follow, max-snippet:-1, max-image-preview:large, max-video-preview:-1\" \/>\n<link rel=\"canonical\" href=\"https:\/\/www.safinel.fr\/de\/product-2\/nila-creme\/\" \/>\n<meta property=\"og:locale\" content=\"de_DE\" \/>\n<meta property=\"og:type\" content=\"article\" \/>\n<meta property=\"og:title\" content=\"Cr\u00e8me de nila | Aide \u00e0 lutter contre les t\u00e2ches brunes\" \/>\n<meta property=\"og:description\" content=\"La\u00a0cr\u00e8me de Nila\u00a0est un produit cosm\u00e9tique r\u00e9volutionnaire, sp\u00e9cialement con\u00e7u pour \u00e9liminer les t\u00e2ches brunes et autres imperfections cutan\u00e9es.\" \/>\n<meta property=\"og:url\" content=\"https:\/\/www.safinel.fr\/de\/product-2\/nila-creme\/\" \/>\n<meta property=\"og:site_name\" content=\"Safinel\" \/>\n<meta property=\"article:modified_time\" content=\"2026-01-13T11:03:45+00:00\" \/>\n<meta property=\"og:image\" content=\"https:\/\/www.safinel.fr\/wp-content\/uploads\/2023\/06\/creme-nila.jpg\" \/>\n\t<meta property=\"og:image:width\" content=\"600\" \/>\n\t<meta property=\"og:image:height\" content=\"600\" \/>\n\t<meta property=\"og:image:type\" content=\"image\/jpeg\" \/>\n<meta name=\"twitter:card\" content=\"summary_large_image\" \/>\n<meta name=\"twitter:label1\" content=\"Gesch\u00e4tzte Lesezeit\" \/>\n\t<meta name=\"twitter:data1\" content=\"3\u00a0Minuten\" \/>\n<script type=\"application\/ld+json\" class=\"yoast-schema-graph\">{\"@context\":\"https:\/\/schema.org\",\"@graph\":[{\"@type\":\"WebPage\",\"@id\":\"https:\/\/www.safinel.fr\/produit\/creme-de-nila\/\",\"url\":\"https:\/\/www.safinel.fr\/produit\/creme-de-nila\/\",\"name\":\"Cr\u00e8me de nila | Aide \u00e0 lutter contre les t\u00e2ches brunes\",\"isPartOf\":{\"@id\":\"https:\/\/www.safinel.fr\/#website\"},\"primaryImageOfPage\":{\"@id\":\"https:\/\/www.safinel.fr\/produit\/creme-de-nila\/#primaryimage\"},\"image\":{\"@id\":\"https:\/\/www.safinel.fr\/produit\/creme-de-nila\/#primaryimage\"},\"thumbnailUrl\":\"https:\/\/www.safinel.fr\/wp-content\/uploads\/2023\/06\/creme-nila.jpg\",\"datePublished\":\"2023-06-14T16:06:19+00:00\",\"dateModified\":\"2026-01-13T11:03:45+00:00\",\"description\":\"La\u00a0cr\u00e8me de Nila\u00a0est un produit cosm\u00e9tique r\u00e9volutionnaire, sp\u00e9cialement con\u00e7u pour \u00e9liminer les t\u00e2ches brunes et autres imperfections cutan\u00e9es.\",\"breadcrumb\":{\"@id\":\"https:\/\/www.safinel.fr\/produit\/creme-de-nila\/#breadcrumb\"},\"inLanguage\":\"de\",\"potentialAction\":[{\"@type\":\"ReadAction\",\"target\":[\"https:\/\/www.safinel.fr\/produit\/creme-de-nila\/\"]}]},{\"@type\":\"ImageObject\",\"inLanguage\":\"de\",\"@id\":\"https:\/\/www.safinel.fr\/produit\/creme-de-nila\/#primaryimage\",\"url\":\"https:\/\/www.safinel.fr\/wp-content\/uploads\/2023\/06\/creme-nila.jpg\",\"contentUrl\":\"https:\/\/www.safinel.fr\/wp-content\/uploads\/2023\/06\/creme-nila.jpg\",\"width\":600,\"height\":600,\"caption\":\"cr\u00e8me de nila\"},{\"@type\":\"BreadcrumbList\",\"@id\":\"https:\/\/www.safinel.fr\/produit\/creme-de-nila\/#breadcrumb\",\"itemListElement\":[{\"@type\":\"ListItem\",\"position\":1,\"name\":\"Accueil\",\"item\":\"https:\/\/www.safinel.fr\/\"},{\"@type\":\"ListItem\",\"position\":2,\"name\":\"Boutique\",\"item\":\"https:\/\/www.safinel.fr\/boutique\/\"},{\"@type\":\"ListItem\",\"position\":3,\"name\":\"Cr\u00e8me de nila\"}]},{\"@type\":\"WebSite\",\"@id\":\"https:\/\/www.safinel.fr\/#website\",\"url\":\"https:\/\/www.safinel.fr\/\",\"name\":\"Safinel\",\"description\":\"\",\"publisher\":{\"@id\":\"https:\/\/www.safinel.fr\/#organization\"},\"potentialAction\":[{\"@type\":\"SearchAction\",\"target\":{\"@type\":\"EntryPoint\",\"urlTemplate\":\"https:\/\/www.safinel.fr\/?s={search_term_string}\"},\"query-input\":{\"@type\":\"PropertyValueSpecification\",\"valueRequired\":true,\"valueName\":\"search_term_string\"}}],\"inLanguage\":\"de\"},{\"@type\":\"Organization\",\"@id\":\"https:\/\/www.safinel.fr\/#organization\",\"name\":\"Safinel\",\"url\":\"https:\/\/www.safinel.fr\/\",\"logo\":{\"@type\":\"ImageObject\",\"inLanguage\":\"de\",\"@id\":\"https:\/\/www.safinel.fr\/#\/schema\/logo\/image\/\",\"url\":\"https:\/\/www.safinel.fr\/wp-content\/uploads\/2021\/05\/boutique-cosmetique.png\",\"contentUrl\":\"https:\/\/www.safinel.fr\/wp-content\/uploads\/2021\/05\/boutique-cosmetique.png\",\"width\":800,\"height\":200,\"caption\":\"Safinel\"},\"image\":{\"@id\":\"https:\/\/www.safinel.fr\/#\/schema\/logo\/image\/\"}}]}<\/script>\n<!-- \/ Yoast SEO plugin. -->","yoast_head_json":{"title":"Nila-Creme | Hilft bei der Bek\u00e4mpfung von Pigmentflecken","description":"Nilas Creme ist ein revolution\u00e4res Kosmetikprodukt, das speziell zur Beseitigung von braunen Flecken und anderen Hautunreinheiten entwickelt wurde.","robots":{"index":"index","follow":"follow","max-snippet":"max-snippet:-1","max-image-preview":"max-image-preview:large","max-video-preview":"max-video-preview:-1"},"canonical":"https:\/\/www.safinel.fr\/de\/product-2\/nila-creme\/","og_locale":"de_DE","og_type":"article","og_title":"Cr\u00e8me de nila | Aide \u00e0 lutter contre les t\u00e2ches brunes","og_description":"La\u00a0cr\u00e8me de Nila\u00a0est un produit cosm\u00e9tique r\u00e9volutionnaire, sp\u00e9cialement con\u00e7u pour \u00e9liminer les t\u00e2ches brunes et autres imperfections cutan\u00e9es.","og_url":"https:\/\/www.safinel.fr\/de\/product-2\/nila-creme\/","og_site_name":"Safinel","article_modified_time":"2026-01-13T11:03:45+00:00","og_image":[{"width":600,"height":600,"url":"https:\/\/www.safinel.fr\/wp-content\/uploads\/2023\/06\/creme-nila.jpg","type":"image\/jpeg"}],"twitter_card":"summary_large_image","twitter_misc":{"Gesch\u00e4tzte Lesezeit":"3\u00a0Minuten"},"schema":{"@context":"https:\/\/schema.org","@graph":[{"@type":"WebPage","@id":"https:\/\/www.safinel.fr\/produit\/creme-de-nila\/","url":"https:\/\/www.safinel.fr\/produit\/creme-de-nila\/","name":"Nila-Creme | Hilft bei der Bek\u00e4mpfung von Pigmentflecken","isPartOf":{"@id":"https:\/\/www.safinel.fr\/#website"},"primaryImageOfPage":{"@id":"https:\/\/www.safinel.fr\/produit\/creme-de-nila\/#primaryimage"},"image":{"@id":"https:\/\/www.safinel.fr\/produit\/creme-de-nila\/#primaryimage"},"thumbnailUrl":"https:\/\/www.safinel.fr\/wp-content\/uploads\/2023\/06\/creme-nila.jpg","datePublished":"2023-06-14T16:06:19+00:00","dateModified":"2026-01-13T11:03:45+00:00","description":"Nilas Creme ist ein revolution\u00e4res Kosmetikprodukt, das speziell zur Beseitigung von braunen Flecken und anderen Hautunreinheiten entwickelt wurde.","breadcrumb":{"@id":"https:\/\/www.safinel.fr\/produit\/creme-de-nila\/#breadcrumb"},"inLanguage":"de","potentialAction":[{"@type":"ReadAction","target":["https:\/\/www.safinel.fr\/produit\/creme-de-nila\/"]}]},{"@type":"ImageObject","inLanguage":"de","@id":"https:\/\/www.safinel.fr\/produit\/creme-de-nila\/#primaryimage","url":"https:\/\/www.safinel.fr\/wp-content\/uploads\/2023\/06\/creme-nila.jpg","contentUrl":"https:\/\/www.safinel.fr\/wp-content\/uploads\/2023\/06\/creme-nila.jpg","width":600,"height":600,"caption":"cr\u00e8me de nila"},{"@type":"BreadcrumbList","@id":"https:\/\/www.safinel.fr\/produit\/creme-de-nila\/#breadcrumb","itemListElement":[{"@type":"ListItem","position":1,"name":"Accueil","item":"https:\/\/www.safinel.fr\/"},{"@type":"ListItem","position":2,"name":"Boutique","item":"https:\/\/www.safinel.fr\/boutique\/"},{"@type":"ListItem","position":3,"name":"Cr\u00e8me de nila"}]},{"@type":"WebSite","@id":"https:\/\/www.safinel.fr\/#website","url":"https:\/\/www.safinel.fr\/","name":"Safinel","description":"","publisher":{"@id":"https:\/\/www.safinel.fr\/#organization"},"potentialAction":[{"@type":"SearchAction","target":{"@type":"EntryPoint","urlTemplate":"https:\/\/www.safinel.fr\/?s={search_term_string}"},"query-input":{"@type":"PropertyValueSpecification","valueRequired":true,"valueName":"search_term_string"}}],"inLanguage":"de"},{"@type":"Organization","@id":"https:\/\/www.safinel.fr\/#organization","name":"Safinel","url":"https:\/\/www.safinel.fr\/","logo":{"@type":"ImageObject","inLanguage":"de","@id":"https:\/\/www.safinel.fr\/#\/schema\/logo\/image\/","url":"https:\/\/www.safinel.fr\/wp-content\/uploads\/2021\/05\/boutique-cosmetique.png","contentUrl":"https:\/\/www.safinel.fr\/wp-content\/uploads\/2021\/05\/boutique-cosmetique.png","width":800,"height":200,"caption":"Safinel"},"image":{"@id":"https:\/\/www.safinel.fr\/#\/schema\/logo\/image\/"}}]}},"_links":{"self":[{"href":"https:\/\/www.safinel.fr\/de\/wp-json\/wp\/v2\/product\/6501","targetHints":{"allow":["GET"]}}],"collection":[{"href":"https:\/\/www.safinel.fr\/de\/wp-json\/wp\/v2\/product"}],"about":[{"href":"https:\/\/www.safinel.fr\/de\/wp-json\/wp\/v2\/types\/product"}],"wp:featuredmedia":[{"embeddable":true,"href":"https:\/\/www.safinel.fr\/de\/wp-json\/wp\/v2\/media\/6504"}],"wp:attachment":[{"href":"https:\/\/www.safinel.fr\/de\/wp-json\/wp\/v2\/media?parent=6501"}],"wp:term":[{"taxonomy":"product_brand","embeddable":true,"href":"https:\/\/www.safinel.fr\/de\/wp-json\/wp\/v2\/product_brand?post=6501"},{"taxonomy":"product_cat","embeddable":true,"href":"https:\/\/www.safinel.fr\/de\/wp-json\/wp\/v2\/product_cat?post=6501"},{"taxonomy":"product_tag","embeddable":true,"href":"https:\/\/www.safinel.fr\/de\/wp-json\/wp\/v2\/product_tag?post=6501"}],"curies":[{"name":"wp","href":"https:\/\/api.w.org\/{rel}","templated":true}]}}