{"id":645,"date":"2021-12-31T12:24:57","date_gmt":"2021-12-31T12:24:57","guid":{"rendered":"https:\/\/www.safinel.fr\/?post_type=product&#038;p=645"},"modified":"2023-12-30T13:29:34","modified_gmt":"2023-12-30T13:29:34","slug":"reis-bricht-2-mal","status":"publish","type":"product","link":"https:\/\/www.safinel.fr\/de\/product-2\/reis-bricht-2-mal\/","title":{"rendered":"Gebrochener Reis 2 mal 1kg"},"content":{"rendered":"<p>Heute sprechen wir \u00fcber eine\u00a0<strong>Getreide<\/strong>\u00a0die \u00fcber die Felder und durch die Zeiten gewandert ist, um ihren Geschmack und ihre ern\u00e4hrungsphysiologischen Vorteile zu verbreiten. Sie ist auf f\u00fcnf von sechs Kontinenten zu finden und macht nicht nur wegen ihrer Geschichte von sich reden, sondern auch wegen ihres hohen N\u00e4hrwerts. Wenn Sie es noch nicht erraten haben, fahren wir fort... Da sie heute als eine der am meisten geernteten Pflanzen nach Mais gilt, wollen wir einen Blick auf sie werfen.\u00a0<strong>reis 2 mal gebrochen!\u00a0<\/strong><\/p>\n<h2><strong>Der zweimal gebrochene Reis und seine Herkunft\u00a0<\/strong><\/h2>\n<p><strong>Reis<\/strong>, Wie alle Getreidesorten hat auch Getreide einen zweideutigen Ursprung, den die Forscher nur schwer identifizieren k\u00f6nnen. Vor allem die zeitliche Einordnung ist schwierig. Einigkeit herrscht jedoch dar\u00fcber, dass das Getreide vor \u00fcber 5000 Jahren zum ersten Mal verwendet wurde.<\/p>\n<p>Aber warum eigentlich diese Bezeichnung?<\/p>\n<p><strong>Der zweimal gebrochene Reis<\/strong>, auch bekannt als\u00a0<strong>gebrochener Reis 2 Mal<\/strong>, ist eine\u00a0<strong>Bruchgetreide<\/strong>\u00a0bei der Ernte und beim Waschen der letzteren. Vor allem bei asiatischen, aber auch bei afrikanischen V\u00f6lkern bekannt, ist diese\u00a0<strong>N\u00e4hrstoffbruch<\/strong>\u00a0ist ein t\u00e4glicher Gewinn f\u00fcr die Gemeinden. Sein attraktiver Preis und sein Ern\u00e4hrungsbeitrag sind ein echter Austausch von guten Taten, die ganze D\u00f6rfer ern\u00e4hren k\u00f6nnen.<\/p>\n<h2><strong>Wie kocht man zweimal gebrochenen Reis?<\/strong><\/h2>\n<ol>\n<li>F\u00fcr ein gutes Essen und<strong>\u00a0reis gelingt<\/strong>, Die Portionen werden nach Bedarf und Anzahl der Personen berechnet.<\/li>\n<li>Geben Sie den Reis in einen Beh\u00e4lter und sp\u00fclen Sie ihn gut mit klarem Wasser ab.<\/li>\n<li>Dann in einen Topf mit kaltem Wasser umf\u00fcllen, auf den Herd stellen und nicht vergessen, den Deckel aufzusetzen!<\/li>\n<li>Nach ca. 10-14 Minuten Kochzeit, je nach Vorliebe, w\u00fcrzen und ca. 5 Minuten ruhen lassen.<\/li>\n<\/ol>\n<p>Da Ihr Reis nun fertig ist, k\u00f6nnen Sie ihn mit einer Sauce aus<strong>\u00a0<a href=\"https:\/\/www.safinel.fr\/de\/product-2\/getrocknete-jujuben-100g\/\">getrocknete Jujuben<\/a>,<\/strong>\u00a0was diesen s\u00fc\u00df-salzigen Geschmack ergibt. Ihre G\u00e4ste werden wahrscheinlich nach mehr verlangen!<\/p>\n<p>Lassen Sie dieser Mahlzeit ein selbstgemachtes Getr\u00e4nk folgen, oder aber einen Kr\u00e4utertee aus nat\u00fcrlichen Pflanzen. Sie haben zum Beispiel die Wahl zwischen\u00a0<a href=\"https:\/\/www.safinel.fr\/de\/product-2\/kacip-fatimah\/\"><strong>Kacip fatimah<\/strong><\/a>\u00a0der die Verdauung erleichtert und hilft, Stress zu bek\u00e4mpfen.<\/p>\n<h2><strong>Die Vorteile von 2-mal gebrochenem Reis\u00a0<\/strong><\/h2>\n<p>Dieses Getreide gilt als\u00a0<strong>ein nat\u00fcrlicher Schatz mit vielen positiven Eigenschaften<\/strong>. Sie ist reich an Kohlenhydraten und wird manchmal zur Regulierung des Verdauungstrakts verwendet.<\/p>\n<p>Au\u00dferdem ist er daf\u00fcr bekannt, dass er bei der Bek\u00e4mpfung von Herz-Kreislauf-Erkrankungen hilft, aber auch den Cholesterinspiegel senkt. Auch reich an Vitaminen und Mineralstoffen ist der 2-mal gebrochene Reis <a href=\"https:\/\/www.miel-imperial.com\/huiles-naturelles-et-bio\/30-huile-de-haba-saouda-habachia-.html\" target=\"_blank\" rel=\"noopener\"><strong>kann helfen, das Immunsystem zu st\u00e4rken<\/strong><\/a>.<\/p>\n<p>Es ist zwar klein, aber gro\u00df in Bezug auf seine N\u00e4hrstoffe.<\/p>\n<p>Lassen Sie sich von diesem Bruch verf\u00fchren und genie\u00dfen Sie seinen herzhaften Geschmack am Gaumen. Was kann man sich mehr w\u00fcnschen als einen guten Geschmack, der Freude und Tugenden mit sich bringt?<\/p>\n<h3><strong>Finden Sie unsere nat\u00fcrlichen Produkte<\/strong><\/h3>\n<p>Dar\u00fcber hinaus m\u00f6chte Ihnen Ihr afrikanischer Shop 100% Naturkosmetik wie immer Produkte anbieten, die Qualit\u00e4t und Wohlbefinden miteinander verbinden. Vor allem, indem wir Ihnen unsere Pflanzen, aber auch unsere<strong>\u00a0<a href=\"https:\/\/www.safinel.fr\/de\/product-2\/rohkakao-pflanzliche-butter-biozertifiziert-100ml\/\">pflanzliche Butter aus Rohkakao<\/a><\/strong>, unsere Kohle und\u00a0<strong>nat\u00fcrliche Zahnpasten<\/strong>\u00a0!<\/p>\n<p>Eine Vielzahl von Auswahlm\u00f6glichkeiten, um den Bed\u00fcrfnissen unserer Kunden gerecht zu werden, deren Wunsch es ist, den Wohltaten der Natur zu vertrauen!<\/p>","protected":false},"excerpt":{"rendered":"<p>Aujourd\u2019hui, nous parlerons d\u2019une\u00a0c\u00e9r\u00e9ale\u00a0qui a parcouru les champs et les \u00e9poques afin de propager son go\u00fbt et ses bienfaits nutritionnels. Trouv\u00e9e dans 5 continents sur 6, elle fait parler d\u2019elle pour son histoire, mais aussi pour sa forte capacit\u00e9 nutritive. Si vous n\u2019avez pas encore devin\u00e9, poursuivons\u2026 Consid\u00e9r\u00e9e aujourd\u2019hui comme l\u2019une des plus r\u00e9colt\u00e9es apr\u00e8s [&#8230;]","protected":false},"featured_media":646,"template":"","meta":[],"product_brand":[],"product_cat":[28],"product_tag":[],"class_list":{"0":"post-645","1":"product","2":"type-product","3":"status-publish","4":"has-post-thumbnail","6":"product_cat-divers","8":"first","9":"outofstock","10":"shipping-taxable","11":"purchasable","12":"product-type-simple"},"yoast_head":"<!-- This site is optimized with the Yoast SEO plugin v26.6 - https:\/\/yoast.com\/wordpress\/plugins\/seo\/ -->\n<title>Riz cass\u00e9 2 fois | Ses bienfaits | Achat en ligne s\u00e9curis\u00e9<\/title>\n<meta name=\"description\" content=\"Consid\u00e9r\u00e9e aujourd\u2019hui comme l\u2019une des plus r\u00e9colt\u00e9es apr\u00e8s le ma\u00efs, faisons alors un zoom sur le\u00a0riz cass\u00e9 2 fois !\u00a0\" \/>\n<meta name=\"robots\" content=\"index, follow, max-snippet:-1, max-image-preview:large, max-video-preview:-1\" \/>\n<link rel=\"canonical\" href=\"https:\/\/www.safinel.fr\/de\/product-2\/reis-bricht-2-mal\/\" \/>\n<meta property=\"og:locale\" content=\"de_DE\" \/>\n<meta property=\"og:type\" content=\"article\" \/>\n<meta property=\"og:title\" content=\"Riz cass\u00e9 2 fois | Ses bienfaits | Achat en ligne s\u00e9curis\u00e9\" \/>\n<meta property=\"og:description\" content=\"Consid\u00e9r\u00e9e aujourd\u2019hui comme l\u2019une des plus r\u00e9colt\u00e9es apr\u00e8s le ma\u00efs, faisons alors un zoom sur le\u00a0riz cass\u00e9 2 fois !\u00a0\" \/>\n<meta property=\"og:url\" content=\"https:\/\/www.safinel.fr\/de\/product-2\/reis-bricht-2-mal\/\" \/>\n<meta property=\"og:site_name\" content=\"Safinel\" \/>\n<meta property=\"article:modified_time\" content=\"2023-12-30T13:29:34+00:00\" \/>\n<meta property=\"og:image\" content=\"https:\/\/www.safinel.fr\/wp-content\/uploads\/2021\/12\/Riz-casse-2-fois.jpg\" \/>\n\t<meta property=\"og:image:width\" content=\"600\" \/>\n\t<meta property=\"og:image:height\" content=\"600\" \/>\n\t<meta property=\"og:image:type\" content=\"image\/jpeg\" \/>\n<meta name=\"twitter:card\" content=\"summary_large_image\" \/>\n<meta name=\"twitter:label1\" content=\"Gesch\u00e4tzte Lesezeit\" \/>\n\t<meta name=\"twitter:data1\" content=\"3\u00a0Minuten\" \/>\n<script type=\"application\/ld+json\" class=\"yoast-schema-graph\">{\"@context\":\"https:\/\/schema.org\",\"@graph\":[{\"@type\":\"WebPage\",\"@id\":\"https:\/\/www.safinel.fr\/produit\/riz-casse-2-fois\/\",\"url\":\"https:\/\/www.safinel.fr\/produit\/riz-casse-2-fois\/\",\"name\":\"Riz cass\u00e9 2 fois | Ses bienfaits | Achat en ligne s\u00e9curis\u00e9\",\"isPartOf\":{\"@id\":\"https:\/\/www.safinel.fr\/#website\"},\"primaryImageOfPage\":{\"@id\":\"https:\/\/www.safinel.fr\/produit\/riz-casse-2-fois\/#primaryimage\"},\"image\":{\"@id\":\"https:\/\/www.safinel.fr\/produit\/riz-casse-2-fois\/#primaryimage\"},\"thumbnailUrl\":\"https:\/\/www.safinel.fr\/wp-content\/uploads\/2021\/12\/Riz-casse-2-fois.jpg\",\"datePublished\":\"2021-12-31T12:24:57+00:00\",\"dateModified\":\"2023-12-30T13:29:34+00:00\",\"description\":\"Consid\u00e9r\u00e9e aujourd\u2019hui comme l\u2019une des plus r\u00e9colt\u00e9es apr\u00e8s le ma\u00efs, faisons alors un zoom sur le\u00a0riz cass\u00e9 2 fois !\u00a0\",\"breadcrumb\":{\"@id\":\"https:\/\/www.safinel.fr\/produit\/riz-casse-2-fois\/#breadcrumb\"},\"inLanguage\":\"de\",\"potentialAction\":[{\"@type\":\"ReadAction\",\"target\":[\"https:\/\/www.safinel.fr\/produit\/riz-casse-2-fois\/\"]}]},{\"@type\":\"ImageObject\",\"inLanguage\":\"de\",\"@id\":\"https:\/\/www.safinel.fr\/produit\/riz-casse-2-fois\/#primaryimage\",\"url\":\"https:\/\/www.safinel.fr\/wp-content\/uploads\/2021\/12\/Riz-casse-2-fois.jpg\",\"contentUrl\":\"https:\/\/www.safinel.fr\/wp-content\/uploads\/2021\/12\/Riz-casse-2-fois.jpg\",\"width\":600,\"height\":600,\"caption\":\"Riz cass\u00e9 2 fois 1kg\"},{\"@type\":\"BreadcrumbList\",\"@id\":\"https:\/\/www.safinel.fr\/produit\/riz-casse-2-fois\/#breadcrumb\",\"itemListElement\":[{\"@type\":\"ListItem\",\"position\":1,\"name\":\"Accueil\",\"item\":\"https:\/\/www.safinel.fr\/\"},{\"@type\":\"ListItem\",\"position\":2,\"name\":\"Boutique\",\"item\":\"https:\/\/www.safinel.fr\/boutique\/\"},{\"@type\":\"ListItem\",\"position\":3,\"name\":\"Riz cass\u00e9 2 fois 1kg\"}]},{\"@type\":\"WebSite\",\"@id\":\"https:\/\/www.safinel.fr\/#website\",\"url\":\"https:\/\/www.safinel.fr\/\",\"name\":\"Safinel\",\"description\":\"\",\"publisher\":{\"@id\":\"https:\/\/www.safinel.fr\/#organization\"},\"potentialAction\":[{\"@type\":\"SearchAction\",\"target\":{\"@type\":\"EntryPoint\",\"urlTemplate\":\"https:\/\/www.safinel.fr\/?s={search_term_string}\"},\"query-input\":{\"@type\":\"PropertyValueSpecification\",\"valueRequired\":true,\"valueName\":\"search_term_string\"}}],\"inLanguage\":\"de\"},{\"@type\":\"Organization\",\"@id\":\"https:\/\/www.safinel.fr\/#organization\",\"name\":\"Safinel\",\"url\":\"https:\/\/www.safinel.fr\/\",\"logo\":{\"@type\":\"ImageObject\",\"inLanguage\":\"de\",\"@id\":\"https:\/\/www.safinel.fr\/#\/schema\/logo\/image\/\",\"url\":\"https:\/\/www.safinel.fr\/wp-content\/uploads\/2021\/05\/boutique-cosmetique.png\",\"contentUrl\":\"https:\/\/www.safinel.fr\/wp-content\/uploads\/2021\/05\/boutique-cosmetique.png\",\"width\":800,\"height\":200,\"caption\":\"Safinel\"},\"image\":{\"@id\":\"https:\/\/www.safinel.fr\/#\/schema\/logo\/image\/\"}}]}<\/script>\n<!-- \/ Yoast SEO plugin. -->","yoast_head_json":{"title":"Zweimal gebrochener Reis | Seine Vorteile | Sicherer Online-Einkauf","description":"Heute gilt es als eines der am meisten geernteten Getreide nach Mais, also werfen wir einen Blick auf den zweimal gebrochenen Reis!\u00a0","robots":{"index":"index","follow":"follow","max-snippet":"max-snippet:-1","max-image-preview":"max-image-preview:large","max-video-preview":"max-video-preview:-1"},"canonical":"https:\/\/www.safinel.fr\/de\/product-2\/reis-bricht-2-mal\/","og_locale":"de_DE","og_type":"article","og_title":"Riz cass\u00e9 2 fois | Ses bienfaits | Achat en ligne s\u00e9curis\u00e9","og_description":"Consid\u00e9r\u00e9e aujourd\u2019hui comme l\u2019une des plus r\u00e9colt\u00e9es apr\u00e8s le ma\u00efs, faisons alors un zoom sur le\u00a0riz cass\u00e9 2 fois !\u00a0","og_url":"https:\/\/www.safinel.fr\/de\/product-2\/reis-bricht-2-mal\/","og_site_name":"Safinel","article_modified_time":"2023-12-30T13:29:34+00:00","og_image":[{"width":600,"height":600,"url":"https:\/\/www.safinel.fr\/wp-content\/uploads\/2021\/12\/Riz-casse-2-fois.jpg","type":"image\/jpeg"}],"twitter_card":"summary_large_image","twitter_misc":{"Gesch\u00e4tzte Lesezeit":"3\u00a0Minuten"},"schema":{"@context":"https:\/\/schema.org","@graph":[{"@type":"WebPage","@id":"https:\/\/www.safinel.fr\/produit\/riz-casse-2-fois\/","url":"https:\/\/www.safinel.fr\/produit\/riz-casse-2-fois\/","name":"Zweimal gebrochener Reis | Seine Vorteile | Sicherer Online-Einkauf","isPartOf":{"@id":"https:\/\/www.safinel.fr\/#website"},"primaryImageOfPage":{"@id":"https:\/\/www.safinel.fr\/produit\/riz-casse-2-fois\/#primaryimage"},"image":{"@id":"https:\/\/www.safinel.fr\/produit\/riz-casse-2-fois\/#primaryimage"},"thumbnailUrl":"https:\/\/www.safinel.fr\/wp-content\/uploads\/2021\/12\/Riz-casse-2-fois.jpg","datePublished":"2021-12-31T12:24:57+00:00","dateModified":"2023-12-30T13:29:34+00:00","description":"Heute gilt es als eines der am meisten geernteten Getreide nach Mais, also werfen wir einen Blick auf den zweimal gebrochenen Reis!\u00a0","breadcrumb":{"@id":"https:\/\/www.safinel.fr\/produit\/riz-casse-2-fois\/#breadcrumb"},"inLanguage":"de","potentialAction":[{"@type":"ReadAction","target":["https:\/\/www.safinel.fr\/produit\/riz-casse-2-fois\/"]}]},{"@type":"ImageObject","inLanguage":"de","@id":"https:\/\/www.safinel.fr\/produit\/riz-casse-2-fois\/#primaryimage","url":"https:\/\/www.safinel.fr\/wp-content\/uploads\/2021\/12\/Riz-casse-2-fois.jpg","contentUrl":"https:\/\/www.safinel.fr\/wp-content\/uploads\/2021\/12\/Riz-casse-2-fois.jpg","width":600,"height":600,"caption":"Riz cass\u00e9 2 fois 1kg"},{"@type":"BreadcrumbList","@id":"https:\/\/www.safinel.fr\/produit\/riz-casse-2-fois\/#breadcrumb","itemListElement":[{"@type":"ListItem","position":1,"name":"Accueil","item":"https:\/\/www.safinel.fr\/"},{"@type":"ListItem","position":2,"name":"Boutique","item":"https:\/\/www.safinel.fr\/boutique\/"},{"@type":"ListItem","position":3,"name":"Riz cass\u00e9 2 fois 1kg"}]},{"@type":"WebSite","@id":"https:\/\/www.safinel.fr\/#website","url":"https:\/\/www.safinel.fr\/","name":"Safinel","description":"","publisher":{"@id":"https:\/\/www.safinel.fr\/#organization"},"potentialAction":[{"@type":"SearchAction","target":{"@type":"EntryPoint","urlTemplate":"https:\/\/www.safinel.fr\/?s={search_term_string}"},"query-input":{"@type":"PropertyValueSpecification","valueRequired":true,"valueName":"search_term_string"}}],"inLanguage":"de"},{"@type":"Organization","@id":"https:\/\/www.safinel.fr\/#organization","name":"Safinel","url":"https:\/\/www.safinel.fr\/","logo":{"@type":"ImageObject","inLanguage":"de","@id":"https:\/\/www.safinel.fr\/#\/schema\/logo\/image\/","url":"https:\/\/www.safinel.fr\/wp-content\/uploads\/2021\/05\/boutique-cosmetique.png","contentUrl":"https:\/\/www.safinel.fr\/wp-content\/uploads\/2021\/05\/boutique-cosmetique.png","width":800,"height":200,"caption":"Safinel"},"image":{"@id":"https:\/\/www.safinel.fr\/#\/schema\/logo\/image\/"}}]}},"_links":{"self":[{"href":"https:\/\/www.safinel.fr\/de\/wp-json\/wp\/v2\/product\/645","targetHints":{"allow":["GET"]}}],"collection":[{"href":"https:\/\/www.safinel.fr\/de\/wp-json\/wp\/v2\/product"}],"about":[{"href":"https:\/\/www.safinel.fr\/de\/wp-json\/wp\/v2\/types\/product"}],"wp:featuredmedia":[{"embeddable":true,"href":"https:\/\/www.safinel.fr\/de\/wp-json\/wp\/v2\/media\/646"}],"wp:attachment":[{"href":"https:\/\/www.safinel.fr\/de\/wp-json\/wp\/v2\/media?parent=645"}],"wp:term":[{"taxonomy":"product_brand","embeddable":true,"href":"https:\/\/www.safinel.fr\/de\/wp-json\/wp\/v2\/product_brand?post=645"},{"taxonomy":"product_cat","embeddable":true,"href":"https:\/\/www.safinel.fr\/de\/wp-json\/wp\/v2\/product_cat?post=645"},{"taxonomy":"product_tag","embeddable":true,"href":"https:\/\/www.safinel.fr\/de\/wp-json\/wp\/v2\/product_tag?post=645"}],"curies":[{"name":"wp","href":"https:\/\/api.w.org\/{rel}","templated":true}]}}