{"id":637,"date":"2021-07-26T14:17:26","date_gmt":"2021-07-26T14:17:26","guid":{"rendered":"https:\/\/www.safinel.fr\/?post_type=product&#038;p=637"},"modified":"2023-12-30T13:30:46","modified_gmt":"2023-12-30T13:30:46","slug":"vegetarische-chilischote","status":"publish","type":"product","link":"https:\/\/www.safinel.fr\/de\/product-2\/vegetarische-chilischote\/","title":{"rendered":"Vegetarischer Chili 100g"},"content":{"rendered":"<p>Haben Sie Lust auf eine Reise in die Karibik? Kommen Sie mit uns auf Entdeckungsreise und lernen Sie eine Chilischote kennen, die nicht wie alle anderen ist!\u00a0<strong>Vegetarischer Chili<\/strong>, Das farbenfrohe Gold der Antillen erfreut die Geschmacksknospen von Gro\u00df und Klein. In seiner Heimat ist er ein echter Star und aus der kreolischen K\u00fcche nicht mehr wegzudenken.<br \/>\nWir erkl\u00e4ren Ihnen diese Geschichte von\u00a0<strong>Geschmack<\/strong>\u00a0und Duftstoffen zu tun. Halten Sie sich fest!<\/p>\n<h2><strong>Vegetarischer Chili: Was ist das?<\/strong><\/h2>\n<p>Vegetarischer Chili - auch bekannt als \u00ab\u00a0<strong>pflanzlich<\/strong>\u00a0\u00bb - ist eine karibische Chilisorte. Aber Vorsicht! Nicht irgendeine, denn sie ist die am meisten\u00a0<strong>s\u00fc\u00df<\/strong>\u00a0und am\u00a0<strong>parf\u00fcmiert<\/strong>\u00a0von allen. Sein Geschmack ist einzigartig. Er ist bekannt daf\u00fcr, den\u00a0<strong>Geschmack<\/strong>\u00a0Gem\u00fcse und ist viel leichter verdaulich als scharfe Chilischoten. Wie Sie vielleicht schon bemerkt haben, ist diese ganz besondere W\u00fcrze\u00a0<strong>sticht absolut nicht<\/strong>, Sie ist sehr aromatisch. Man kann also in ihn hineinbei\u00dfen, ohne Angst vor dem Ofen zu haben!<\/p>\n<p>Sie wird oft mit der Bonda Man Jak Chili verglichen, die eine sehr (sehr) starke Sch\u00e4rfe hat. Sie ist sogar vulkanisch. In der K\u00fcche werden sie oft miteinander kombiniert.<br \/>\nSicherlich fragen Sie sich, warum sich diese Chilischote \u00abvegetarisch\u00bb nennt. Die Antworten darauf gehen auseinander. Einige vermuten, dass sie ihren Namen von ihrem milden Geschmack hat. Andere behaupten, dass die Gr\u00fcnde daf\u00fcr historisch bedingt sind. Affaire \u00e0 suivre...<\/p>\n<h2><strong>Die Vorteile von vegetarischem Chili<\/strong><\/h2>\n<p>Neben seinen geschmacklichen Qualit\u00e4ten besitzt es auch gesundheitsf\u00f6rdernde Eigenschaften. Dieses Nahrungsmittel stellt nicht nur unsere M\u00e4gen zufrieden, sondern ist auch\u00a0<strong>reich an Vitaminen und\u00a0<\/strong><strong>oligo<\/strong><strong>\u00a0Elemente<\/strong>.<br \/>\nDieses leicht verdauliche Gew\u00fcrz ist eine Quelle f\u00fcr Eisen, Kupfer und Mangan. Es enth\u00e4lt Vitamin C, B6 und K. Es ist au\u00dferdem natriumarm und kann somit eine Alternative zu Salz sein.<\/p>\n<h2><strong>Wie sieht er aus?<\/strong><\/h2>\n<p>Jeder, der ihn sieht, kann an der fehlenden Sch\u00e4rfe zweifeln, so sehr \u00e4hnelt er... einer Chilischote. Von\u00a0<strong>Farbe gr\u00fcn, gelb oder rot<\/strong>, In der Tat ist dieses farbenfrohe Spektakel eine reine Augenweide.<\/p>\n<p>Von\u00a0<strong>kleine<\/strong>\u00a0<strong>Gr\u00f6\u00dfe<\/strong>, Es gibt zwei Formen:<\/p>\n<p>- Die l\u00e4ngliche Form (die h\u00e4ufigste) misst zwischen 4 und 7 Zentimetern. In dieser Form ist er am bekanntesten ;<br \/>\n- Seltener kann er auch rundlich sein und hat einen Durchmesser von etwa 3 cm. Diese Sorte ist auch die s\u00fc\u00dfeste.<\/p>\n<h3><strong>Wie soll man ihn konsumieren?<\/strong><\/h3>\n<p>Es ist die perfekte Zutat f\u00fcr Gaumenfreunde und Kinder. Man kann es buchst\u00e4blich \u00abmit allen Saucen\u00bb essen. Er dient dazu\u00a0<strong>erheben<\/strong>, sondern auch in\u00a0<a href=\"https:\/\/www.safinel.fr\/de\/product-2\/timut-pfeffer-50g\/\"><strong>Gerichte parf\u00fcmieren<\/strong><\/a>. Einige Rezepte schlagen vor, ihn in\u00a0<strong>p\u00fcriert<\/strong>\u00a0oder in\u00a0<strong>Paste<\/strong>\u00a0um Gerichte zu verfeinern. Er kann sein\u00a0<strong>confit<\/strong>\u00a0oder\u00a0<strong>gef\u00fcllt<\/strong>.<\/p>\n<p>Er kann auch in d\u00fcnnen Streifen in die\u00a0<strong>Schmorgerichte<\/strong>.<br \/>\nSie k\u00f6nnen es einige Tage im K\u00fchlschrank aufbewahren. Andere bevorzugen es, sie einzufrieren, damit sie immer frisch zur Verf\u00fcgung stehen. Achten Sie jedoch darauf, dass Sie sie vorher gr\u00fcndlich waschen und abtrocknen.<\/p>\n<p>Lust auf vegetarische Chilischoten? Dann warten Sie nicht l\u00e4nger! Entdecken Sie ihn in unserem Shop!<\/p>","protected":false},"excerpt":{"rendered":"<p>Haben Sie Lust auf eine Reise in die Karibik? Kommen Sie mit uns auf die Entdeckung einer Chilischote, die nicht wie alle anderen ist! Die vegetarische Chilischote, das farbenfrohe Gold des karibischen Archipels, begeistert die Geschmacksnerven von Gro\u00df und Klein. In seiner Heimat ist er ein echter Star und aus der kreolischen K\u00fcche nicht mehr wegzudenken. Wir erkl\u00e4ren Ihnen diese [...].","protected":false},"featured_media":0,"template":"","meta":[],"product_brand":[],"product_cat":[44],"product_tag":[],"class_list":{"0":"post-637","1":"product","2":"type-product","3":"status-publish","5":"product_cat-epices","7":"first","8":"outofstock","9":"shipping-taxable","10":"purchasable","11":"product-type-simple"},"yoast_head":"<!-- This site is optimized with the Yoast SEO plugin v26.6 - https:\/\/yoast.com\/wordpress\/plugins\/seo\/ -->\n<title>Piment v\u00e9g\u00e9tarien | Achat en ligne s\u00e9curis\u00e9 en quelques clics<\/title>\n<meta name=\"description\" content=\"Le piment v\u00e9g\u00e9tarien, cet or color\u00e9 de l\u2019archipel antillais, ravit les papilles des grands et des petits.\u00a0Adoptez-le !\" \/>\n<meta name=\"robots\" content=\"index, follow, max-snippet:-1, max-image-preview:large, max-video-preview:-1\" \/>\n<link rel=\"canonical\" href=\"https:\/\/www.safinel.fr\/de\/product-2\/vegetarische-chilischote\/\" \/>\n<meta property=\"og:locale\" content=\"de_DE\" \/>\n<meta property=\"og:type\" content=\"article\" \/>\n<meta property=\"og:title\" content=\"Piment v\u00e9g\u00e9tarien | Achat en ligne s\u00e9curis\u00e9 en quelques clics\" \/>\n<meta property=\"og:description\" content=\"Le piment v\u00e9g\u00e9tarien, cet or color\u00e9 de l\u2019archipel antillais, ravit les papilles des grands et des petits.\u00a0Adoptez-le !\" \/>\n<meta property=\"og:url\" content=\"https:\/\/www.safinel.fr\/de\/product-2\/vegetarische-chilischote\/\" \/>\n<meta property=\"og:site_name\" content=\"Safinel\" \/>\n<meta property=\"article:modified_time\" content=\"2023-12-30T13:30:46+00:00\" \/>\n<meta name=\"twitter:card\" content=\"summary_large_image\" \/>\n<meta name=\"twitter:label1\" content=\"Gesch\u00e4tzte Lesezeit\" \/>\n\t<meta name=\"twitter:data1\" content=\"3\u00a0Minuten\" \/>\n<script type=\"application\/ld+json\" class=\"yoast-schema-graph\">{\"@context\":\"https:\/\/schema.org\",\"@graph\":[{\"@type\":\"WebPage\",\"@id\":\"https:\/\/www.safinel.fr\/produit\/piment-vegetarien\/\",\"url\":\"https:\/\/www.safinel.fr\/produit\/piment-vegetarien\/\",\"name\":\"Piment v\u00e9g\u00e9tarien | Achat en ligne s\u00e9curis\u00e9 en quelques clics\",\"isPartOf\":{\"@id\":\"https:\/\/www.safinel.fr\/#website\"},\"datePublished\":\"2021-07-26T14:17:26+00:00\",\"dateModified\":\"2023-12-30T13:30:46+00:00\",\"description\":\"Le piment v\u00e9g\u00e9tarien, cet or color\u00e9 de l\u2019archipel antillais, ravit les papilles des grands et des petits.\u00a0Adoptez-le !\",\"breadcrumb\":{\"@id\":\"https:\/\/www.safinel.fr\/produit\/piment-vegetarien\/#breadcrumb\"},\"inLanguage\":\"de\",\"potentialAction\":[{\"@type\":\"ReadAction\",\"target\":[\"https:\/\/www.safinel.fr\/produit\/piment-vegetarien\/\"]}]},{\"@type\":\"BreadcrumbList\",\"@id\":\"https:\/\/www.safinel.fr\/produit\/piment-vegetarien\/#breadcrumb\",\"itemListElement\":[{\"@type\":\"ListItem\",\"position\":1,\"name\":\"Accueil\",\"item\":\"https:\/\/www.safinel.fr\/\"},{\"@type\":\"ListItem\",\"position\":2,\"name\":\"Boutique\",\"item\":\"https:\/\/www.safinel.fr\/boutique\/\"},{\"@type\":\"ListItem\",\"position\":3,\"name\":\"Piment v\u00e9g\u00e9tarien 100g\"}]},{\"@type\":\"WebSite\",\"@id\":\"https:\/\/www.safinel.fr\/#website\",\"url\":\"https:\/\/www.safinel.fr\/\",\"name\":\"Safinel\",\"description\":\"\",\"publisher\":{\"@id\":\"https:\/\/www.safinel.fr\/#organization\"},\"potentialAction\":[{\"@type\":\"SearchAction\",\"target\":{\"@type\":\"EntryPoint\",\"urlTemplate\":\"https:\/\/www.safinel.fr\/?s={search_term_string}\"},\"query-input\":{\"@type\":\"PropertyValueSpecification\",\"valueRequired\":true,\"valueName\":\"search_term_string\"}}],\"inLanguage\":\"de\"},{\"@type\":\"Organization\",\"@id\":\"https:\/\/www.safinel.fr\/#organization\",\"name\":\"Safinel\",\"url\":\"https:\/\/www.safinel.fr\/\",\"logo\":{\"@type\":\"ImageObject\",\"inLanguage\":\"de\",\"@id\":\"https:\/\/www.safinel.fr\/#\/schema\/logo\/image\/\",\"url\":\"https:\/\/www.safinel.fr\/wp-content\/uploads\/2021\/05\/boutique-cosmetique.png\",\"contentUrl\":\"https:\/\/www.safinel.fr\/wp-content\/uploads\/2021\/05\/boutique-cosmetique.png\",\"width\":800,\"height\":200,\"caption\":\"Safinel\"},\"image\":{\"@id\":\"https:\/\/www.safinel.fr\/#\/schema\/logo\/image\/\"}}]}<\/script>\n<!-- \/ Yoast SEO plugin. -->","yoast_head_json":{"title":"Vegetarischer Chili | Sicherer Online-Kauf mit wenigen Klicks","description":"Vegetarische Chilis, das farbenfrohe Gold der Antillen, begeistern die Geschmacksnerven von Gro\u00df und Klein. Adoptieren Sie ihn!","robots":{"index":"index","follow":"follow","max-snippet":"max-snippet:-1","max-image-preview":"max-image-preview:large","max-video-preview":"max-video-preview:-1"},"canonical":"https:\/\/www.safinel.fr\/de\/product-2\/vegetarische-chilischote\/","og_locale":"de_DE","og_type":"article","og_title":"Piment v\u00e9g\u00e9tarien | Achat en ligne s\u00e9curis\u00e9 en quelques clics","og_description":"Le piment v\u00e9g\u00e9tarien, cet or color\u00e9 de l\u2019archipel antillais, ravit les papilles des grands et des petits.\u00a0Adoptez-le !","og_url":"https:\/\/www.safinel.fr\/de\/product-2\/vegetarische-chilischote\/","og_site_name":"Safinel","article_modified_time":"2023-12-30T13:30:46+00:00","twitter_card":"summary_large_image","twitter_misc":{"Gesch\u00e4tzte Lesezeit":"3\u00a0Minuten"},"schema":{"@context":"https:\/\/schema.org","@graph":[{"@type":"WebPage","@id":"https:\/\/www.safinel.fr\/produit\/piment-vegetarien\/","url":"https:\/\/www.safinel.fr\/produit\/piment-vegetarien\/","name":"Vegetarischer Chili | Sicherer Online-Kauf mit wenigen Klicks","isPartOf":{"@id":"https:\/\/www.safinel.fr\/#website"},"datePublished":"2021-07-26T14:17:26+00:00","dateModified":"2023-12-30T13:30:46+00:00","description":"Vegetarische Chilis, das farbenfrohe Gold der Antillen, begeistern die Geschmacksnerven von Gro\u00df und Klein. Adoptieren Sie ihn!","breadcrumb":{"@id":"https:\/\/www.safinel.fr\/produit\/piment-vegetarien\/#breadcrumb"},"inLanguage":"de","potentialAction":[{"@type":"ReadAction","target":["https:\/\/www.safinel.fr\/produit\/piment-vegetarien\/"]}]},{"@type":"BreadcrumbList","@id":"https:\/\/www.safinel.fr\/produit\/piment-vegetarien\/#breadcrumb","itemListElement":[{"@type":"ListItem","position":1,"name":"Accueil","item":"https:\/\/www.safinel.fr\/"},{"@type":"ListItem","position":2,"name":"Boutique","item":"https:\/\/www.safinel.fr\/boutique\/"},{"@type":"ListItem","position":3,"name":"Piment v\u00e9g\u00e9tarien 100g"}]},{"@type":"WebSite","@id":"https:\/\/www.safinel.fr\/#website","url":"https:\/\/www.safinel.fr\/","name":"Safinel","description":"","publisher":{"@id":"https:\/\/www.safinel.fr\/#organization"},"potentialAction":[{"@type":"SearchAction","target":{"@type":"EntryPoint","urlTemplate":"https:\/\/www.safinel.fr\/?s={search_term_string}"},"query-input":{"@type":"PropertyValueSpecification","valueRequired":true,"valueName":"search_term_string"}}],"inLanguage":"de"},{"@type":"Organization","@id":"https:\/\/www.safinel.fr\/#organization","name":"Safinel","url":"https:\/\/www.safinel.fr\/","logo":{"@type":"ImageObject","inLanguage":"de","@id":"https:\/\/www.safinel.fr\/#\/schema\/logo\/image\/","url":"https:\/\/www.safinel.fr\/wp-content\/uploads\/2021\/05\/boutique-cosmetique.png","contentUrl":"https:\/\/www.safinel.fr\/wp-content\/uploads\/2021\/05\/boutique-cosmetique.png","width":800,"height":200,"caption":"Safinel"},"image":{"@id":"https:\/\/www.safinel.fr\/#\/schema\/logo\/image\/"}}]}},"_links":{"self":[{"href":"https:\/\/www.safinel.fr\/de\/wp-json\/wp\/v2\/product\/637","targetHints":{"allow":["GET"]}}],"collection":[{"href":"https:\/\/www.safinel.fr\/de\/wp-json\/wp\/v2\/product"}],"about":[{"href":"https:\/\/www.safinel.fr\/de\/wp-json\/wp\/v2\/types\/product"}],"wp:attachment":[{"href":"https:\/\/www.safinel.fr\/de\/wp-json\/wp\/v2\/media?parent=637"}],"wp:term":[{"taxonomy":"product_brand","embeddable":true,"href":"https:\/\/www.safinel.fr\/de\/wp-json\/wp\/v2\/product_brand?post=637"},{"taxonomy":"product_cat","embeddable":true,"href":"https:\/\/www.safinel.fr\/de\/wp-json\/wp\/v2\/product_cat?post=637"},{"taxonomy":"product_tag","embeddable":true,"href":"https:\/\/www.safinel.fr\/de\/wp-json\/wp\/v2\/product_tag?post=637"}],"curies":[{"name":"wp","href":"https:\/\/api.w.org\/{rel}","templated":true}]}}