{"id":6336,"date":"2023-06-02T09:53:06","date_gmt":"2023-06-02T09:53:06","guid":{"rendered":"https:\/\/www.safinel.fr\/?post_type=product&#038;p=6336"},"modified":"2024-02-28T17:06:22","modified_gmt":"2024-02-28T17:06:22","slug":"jujubenbaum-ol","status":"publish","type":"product","link":"https:\/\/www.safinel.fr\/de\/product-2\/jujubenbaum-ol\/","title":{"rendered":"Jujubenbaum-\u00d6l (Sidr) 30ml"},"content":{"rendered":"<p>L\u2019<strong>Jujubenbaum-\u00d6l<\/strong>, auch bekannt als\u2019<strong>Sidr-\u00d6l.<\/strong>\u00a0Es wird aus den Samen des wilden Jujubenbaums (Ziziphus jujuba) gewonnen. Dieses wertvolle \u00d6l wird seit Jahrhunderten wegen seiner zahlreichen Vorteile f\u00fcr die Gesundheit, die Sch\u00f6nheit und das Wohlbefinden verwendet. Erfahren Sie bei Safinel.de mehr \u00fcber die einzigartigen Eigenschaften von Jujubenbaum-\u00d6l und wie Sie es im Alltag verwenden k\u00f6nnen.<\/p>\n<h2><strong>Ern\u00e4hrungseigenschaften von Jujubenbaum-\u00d6l<\/strong><\/h2>\n<p>Sidr-\u00d6l ist reich an essentiellen N\u00e4hrstoffen und enth\u00e4lt u. a.\u00a0<strong>Vitamin A, C und E<\/strong>, sowie Mineralstoffe wie Kalium, Kalzium und Eisen. Sie ist au\u00dferdem eine wichtige Quelle f\u00fcr\u2019<strong>Antioxidantien<\/strong>, Sie helfen, die Zellen vor Sch\u00e4den durch freie Radikale zu sch\u00fctzen.<\/p>\n<h2><strong>Gesundheitliche Vorz\u00fcge von Jujubenbaum-\u00d6l<\/strong><\/h2>\n<ul>\n<li><strong>Behandlung von Verdauungsproblemen<\/strong><\/li>\n<\/ul>\n<p>Eine der wichtigsten traditionellen Anwendungen von Sidr-\u00d6l ist die Behandlung von Verdauungsst\u00f6rungen, wie z. B.\u00a0<strong>Durchfall, Bl\u00e4hungen und Magenschmerzen<\/strong>. Denn dieses \u00d6l hat krampfl\u00f6sende Eigenschaften, die Bauchschmerzen lindern und eine gesunde Verdauung anregen k\u00f6nnen.<\/p>\n<ul>\n<li><strong>St\u00e4rkung des Immunsystems<\/strong><\/li>\n<\/ul>\n<p>Dank seines Reichtums an Antioxidantien und Vitaminen tr\u00e4gt das \u00d6l des Jujubenbaums zur St\u00e4rkung des Immunsystems bei. Es hilft somit bei der Vorbeugung und Bek\u00e4mpfung verschiedener\u00a0<strong>Infektionen und Krankheiten. <\/strong>Insbesondere solche, die durch Bakterien, Viren oder Pilze verursacht werden.<\/p>\n<ul>\n<li><strong>Linderung von Muskel- und Gelenkschmerzen<\/strong><\/li>\n<\/ul>\n<p>Das \u00d6l der Jujube hat auch entz\u00fcndungshemmende Eigenschaften, die helfen k\u00f6nnen, Muskel- und Gelenkschmerzen zu lindern. Wenn Sie Sidr-\u00d6l auf die schmerzenden Stellen auftragen, wird die Entz\u00fcndung gelindert und die Durchblutung verbessert, was eine schnelle Genesung f\u00f6rdert.<\/p>\n<h2><strong>Sch\u00f6nheitsvorteile von \u00d6l aus\u00a0<\/strong><b>sidr<\/b><\/h2>\n<ul>\n<li><strong>Feuchtigkeitsversorgung und Schutz der Haut<\/strong><\/li>\n<\/ul>\n<p>Jujuben\u00f6l ist ein hervorragender nat\u00fcrlicher Feuchtigkeitsspender f\u00fcr die Haut. Seine essentiellen Fetts\u00e4uren helfen, die Haut zu n\u00e4hren und sie vor Trockenheit, Irritationen und den sch\u00e4dlichen Auswirkungen ultravioletter Strahlen zu sch\u00fctzen. Au\u00dferdem tragen seine Vitamine und Antioxidantien dazu bei, vorzeitiger Hautalterung vorzubeugen und die Ausstrahlung der Haut zu erhalten.<\/p>\n<ul>\n<li><strong>Verbesserung der Haargesundheit<\/strong><\/li>\n<\/ul>\n<p>Dieses nat\u00fcrliche \u00d6l ist auch gut f\u00fcr das Haar, da es den Haarfasern Glanz und Kraft verleiht. Es kann als Kur zur Reparatur von gesch\u00e4digtem oder br\u00fcchigem Haar verwendet werden.<\/p>\n<p>Sowie zur F\u00f6rderung des Haarwachstums durch seine antimykotischen und antibakteriellen Eigenschaften.<\/p>\n<h2><strong>Wie verwende ich Jujubenbaum-\u00d6l im Alltag?<\/strong><\/h2>\n<h3><strong>Hier sind einige Ideen f\u00fcr die Verwendung, um seine Vorteile voll auszusch\u00f6pfen :<\/strong><\/h3>\n<ul>\n<li><strong>K\u00f6rpermassage :<\/strong>\u00a0Mischen Sie einige Tropfen Jujubenbaum-\u00d6l mit einem neutralen Pflanzen\u00f6l (z. B. S\u00fc\u00dfmandel\u00f6l). Massieren Sie Ihren K\u00f6rper, um Muskel- und Gelenkverspannungen zu lindern.<\/li>\n<li><strong>Gesichtspflege :<\/strong>\u00a0Tragen Sie eine kleine Menge Sidr-\u00d6l auf Gesicht und Hals auf, nachdem Sie Ihre Haut gereinigt und tonisiert haben, um ihr zu helfen, feucht und gesch\u00fctzt zu bleiben.<\/li>\n<li><strong>Haarmaske :<\/strong>\u00a0Mischen Sie das \u00d6l der Jujube mit anderen n\u00e4hrenden \u00d6len (z. B. <a href=\"https:\/\/www.safinel.fr\/de\/product-2\/kokosnussol-extra-vergine-biozertifiziert-100ml\/\"><strong>Kokosnuss\u00f6l<\/strong><\/a> oder <strong>Argan\u00f6l<\/strong>), tragen Sie die Mischung auf Ihr Haar auf und lassen Sie sie mindestens 30 Minuten einwirken, bevor Sie sie mit lauwarmem Wasser aussp\u00fclen und Ihr Haar wie gewohnt waschen.<\/li>\n<li><strong>Entspannungsbad :<\/strong>\u00a0Geben Sie einige Tropfen Jujubenbaum-\u00d6l in das Wasser Ihres <a href=\"https:\/\/www.safinel.fr\/de\/olbad-fur-afrohaar\/\"><strong>Bad<\/strong><\/a>. Genie\u00dfen Sie einen Moment der Entspannung, w\u00e4hrend Sie sich um Ihre Haut und Ihre Muskeln k\u00fcmmern.<\/li>\n<\/ul>\n<p>Zusammenfassend l\u00e4sst sich sagen, dass die\u2019<strong>Jujubenbaum-\u00d6l<\/strong>\u00a0ist ein wertvoller Verb\u00fcndeter f\u00fcr Gesundheit und Sch\u00f6nheit. Dies ist auf seine n\u00e4hrstoffreichen, antioxidativen und entz\u00fcndungshemmenden Eigenschaften zur\u00fcckzuf\u00fchren. Wenn Sie dieses \u00d6l in Ihre t\u00e4gliche Routine einbauen, k\u00f6nnen Sie von seinen zahlreichen Vorteilen profitieren und sich in Harmonie mit K\u00f6rper und Geist f\u00fchlen.<\/p>","protected":false},"excerpt":{"rendered":"<p><strong>Einige Vorteile :<\/strong><\/p>\n<p>Reich an essentiellen N\u00e4hrstoffen enth\u00e4lt das \u00d6l des Jujubenbaums unter anderem\u00a0<strong>Vitamin A, C und E<\/strong>, Sie enth\u00e4lt auch Mineralien wie Kalium, Kalzium und Eisen.<\/p>\n<p><img decoding=\"async\" class=\"size-full wp-image-5091 aligncenter\" src=\"https:\/\/www.safinel.fr\/wp-content\/uploads\/2021\/06\/BANNIERE-ICONE-SAFINEL.webp\" alt=\"Satines-R\u00fcckversicherung\" width=\"800\" height=\"200\" srcset=\"https:\/\/www.safinel.fr\/wp-content\/uploads\/2021\/06\/BANNIERE-ICONE-SAFINEL.webp 800w, https:\/\/www.safinel.fr\/wp-content\/uploads\/2021\/06\/BANNIERE-ICONE-SAFINEL-600x150.webp 600w, https:\/\/www.safinel.fr\/wp-content\/uploads\/2021\/06\/BANNIERE-ICONE-SAFINEL-768x192.webp 768w\" sizes=\"(max-width: 800px) 100vw, 800px\" \/><\/p>","protected":false},"featured_media":6337,"template":"","meta":[],"product_brand":[],"product_cat":[122],"product_tag":[],"class_list":{"0":"post-6336","1":"product","2":"type-product","3":"status-publish","4":"has-post-thumbnail","6":"product_cat-huile-vegetale","8":"first","9":"instock","10":"shipping-taxable","11":"purchasable","12":"product-type-simple"},"yoast_head":"<!-- This site is optimized with the Yoast SEO plugin v26.6 - https:\/\/yoast.com\/wordpress\/plugins\/seo\/ -->\n<title>Huile de jujubier (Sidr) I Huile naturelle I Achat &amp; bienfaits en ligne<\/title>\n<meta name=\"description\" content=\"L&#039;huile de jujubier, \u00e9galement connue sous le nom d&#039;huile de sidr, est obtenue \u00e0 partir des graines du jujubier sauvage (Ziziphus jujuba).\" \/>\n<meta name=\"robots\" content=\"index, follow, max-snippet:-1, max-image-preview:large, max-video-preview:-1\" \/>\n<link rel=\"canonical\" href=\"https:\/\/www.safinel.fr\/de\/product-2\/jujubenbaum-ol\/\" \/>\n<meta property=\"og:locale\" content=\"de_DE\" \/>\n<meta property=\"og:type\" content=\"article\" \/>\n<meta property=\"og:title\" content=\"Huile de jujubier (Sidr) I Huile naturelle I Achat &amp; bienfaits en ligne\" \/>\n<meta property=\"og:description\" content=\"L&#039;huile de jujubier, \u00e9galement connue sous le nom d&#039;huile de sidr, est obtenue \u00e0 partir des graines du jujubier sauvage (Ziziphus jujuba).\" \/>\n<meta property=\"og:url\" content=\"https:\/\/www.safinel.fr\/de\/product-2\/jujubenbaum-ol\/\" \/>\n<meta property=\"og:site_name\" content=\"Safinel\" \/>\n<meta property=\"article:modified_time\" content=\"2024-02-28T17:06:22+00:00\" \/>\n<meta property=\"og:image\" content=\"https:\/\/www.safinel.fr\/wp-content\/uploads\/2023\/06\/huile-de-jujubier-sidr.jpg\" \/>\n\t<meta property=\"og:image:width\" content=\"600\" \/>\n\t<meta property=\"og:image:height\" content=\"600\" \/>\n\t<meta property=\"og:image:type\" content=\"image\/jpeg\" \/>\n<meta name=\"twitter:card\" content=\"summary_large_image\" \/>\n<meta name=\"twitter:label1\" content=\"Gesch\u00e4tzte Lesezeit\" \/>\n\t<meta name=\"twitter:data1\" content=\"3\u00a0Minuten\" \/>\n<script type=\"application\/ld+json\" class=\"yoast-schema-graph\">{\"@context\":\"https:\/\/schema.org\",\"@graph\":[{\"@type\":\"WebPage\",\"@id\":\"https:\/\/www.safinel.fr\/produit\/huile-de-jujubier\/\",\"url\":\"https:\/\/www.safinel.fr\/produit\/huile-de-jujubier\/\",\"name\":\"Huile de jujubier (Sidr) I Huile naturelle I Achat & bienfaits en ligne\",\"isPartOf\":{\"@id\":\"https:\/\/www.safinel.fr\/#website\"},\"primaryImageOfPage\":{\"@id\":\"https:\/\/www.safinel.fr\/produit\/huile-de-jujubier\/#primaryimage\"},\"image\":{\"@id\":\"https:\/\/www.safinel.fr\/produit\/huile-de-jujubier\/#primaryimage\"},\"thumbnailUrl\":\"https:\/\/www.safinel.fr\/wp-content\/uploads\/2023\/06\/huile-de-jujubier-sidr.jpg\",\"datePublished\":\"2023-06-02T09:53:06+00:00\",\"dateModified\":\"2024-02-28T17:06:22+00:00\",\"description\":\"L'huile de jujubier, \u00e9galement connue sous le nom d'huile de sidr, est obtenue \u00e0 partir des graines du jujubier sauvage (Ziziphus jujuba).\",\"breadcrumb\":{\"@id\":\"https:\/\/www.safinel.fr\/produit\/huile-de-jujubier\/#breadcrumb\"},\"inLanguage\":\"de\",\"potentialAction\":[{\"@type\":\"ReadAction\",\"target\":[\"https:\/\/www.safinel.fr\/produit\/huile-de-jujubier\/\"]}]},{\"@type\":\"ImageObject\",\"inLanguage\":\"de\",\"@id\":\"https:\/\/www.safinel.fr\/produit\/huile-de-jujubier\/#primaryimage\",\"url\":\"https:\/\/www.safinel.fr\/wp-content\/uploads\/2023\/06\/huile-de-jujubier-sidr.jpg\",\"contentUrl\":\"https:\/\/www.safinel.fr\/wp-content\/uploads\/2023\/06\/huile-de-jujubier-sidr.jpg\",\"width\":600,\"height\":600,\"caption\":\"Huile de jujubier\"},{\"@type\":\"BreadcrumbList\",\"@id\":\"https:\/\/www.safinel.fr\/produit\/huile-de-jujubier\/#breadcrumb\",\"itemListElement\":[{\"@type\":\"ListItem\",\"position\":1,\"name\":\"Accueil\",\"item\":\"https:\/\/www.safinel.fr\/\"},{\"@type\":\"ListItem\",\"position\":2,\"name\":\"Boutique\",\"item\":\"https:\/\/www.safinel.fr\/boutique\/\"},{\"@type\":\"ListItem\",\"position\":3,\"name\":\"Huile de jujubier (Sidr) 30ml\"}]},{\"@type\":\"WebSite\",\"@id\":\"https:\/\/www.safinel.fr\/#website\",\"url\":\"https:\/\/www.safinel.fr\/\",\"name\":\"Safinel\",\"description\":\"\",\"publisher\":{\"@id\":\"https:\/\/www.safinel.fr\/#organization\"},\"potentialAction\":[{\"@type\":\"SearchAction\",\"target\":{\"@type\":\"EntryPoint\",\"urlTemplate\":\"https:\/\/www.safinel.fr\/?s={search_term_string}\"},\"query-input\":{\"@type\":\"PropertyValueSpecification\",\"valueRequired\":true,\"valueName\":\"search_term_string\"}}],\"inLanguage\":\"de\"},{\"@type\":\"Organization\",\"@id\":\"https:\/\/www.safinel.fr\/#organization\",\"name\":\"Safinel\",\"url\":\"https:\/\/www.safinel.fr\/\",\"logo\":{\"@type\":\"ImageObject\",\"inLanguage\":\"de\",\"@id\":\"https:\/\/www.safinel.fr\/#\/schema\/logo\/image\/\",\"url\":\"https:\/\/www.safinel.fr\/wp-content\/uploads\/2021\/05\/boutique-cosmetique.png\",\"contentUrl\":\"https:\/\/www.safinel.fr\/wp-content\/uploads\/2021\/05\/boutique-cosmetique.png\",\"width\":800,\"height\":200,\"caption\":\"Safinel\"},\"image\":{\"@id\":\"https:\/\/www.safinel.fr\/#\/schema\/logo\/image\/\"}}]}<\/script>\n<!-- \/ Yoast SEO plugin. -->","yoast_head_json":{"title":"Jujubenbaum-\u00d6l (Sidr) I Nat\u00fcrliches \u00d6l I Kaufen &amp; Nutzen Online","description":"Jujuben\u00f6l, auch bekannt als Sidr-\u00d6l, wird aus den Samen des wilden Jujubenbaums (Ziziphus jujuba) gewonnen.","robots":{"index":"index","follow":"follow","max-snippet":"max-snippet:-1","max-image-preview":"max-image-preview:large","max-video-preview":"max-video-preview:-1"},"canonical":"https:\/\/www.safinel.fr\/de\/product-2\/jujubenbaum-ol\/","og_locale":"de_DE","og_type":"article","og_title":"Huile de jujubier (Sidr) I Huile naturelle I Achat & bienfaits en ligne","og_description":"L'huile de jujubier, \u00e9galement connue sous le nom d'huile de sidr, est obtenue \u00e0 partir des graines du jujubier sauvage (Ziziphus jujuba).","og_url":"https:\/\/www.safinel.fr\/de\/product-2\/jujubenbaum-ol\/","og_site_name":"Safinel","article_modified_time":"2024-02-28T17:06:22+00:00","og_image":[{"width":600,"height":600,"url":"https:\/\/www.safinel.fr\/wp-content\/uploads\/2023\/06\/huile-de-jujubier-sidr.jpg","type":"image\/jpeg"}],"twitter_card":"summary_large_image","twitter_misc":{"Gesch\u00e4tzte Lesezeit":"3\u00a0Minuten"},"schema":{"@context":"https:\/\/schema.org","@graph":[{"@type":"WebPage","@id":"https:\/\/www.safinel.fr\/produit\/huile-de-jujubier\/","url":"https:\/\/www.safinel.fr\/produit\/huile-de-jujubier\/","name":"Jujubenbaum-\u00d6l (Sidr) I Nat\u00fcrliches \u00d6l I Kaufen &amp; Nutzen Online","isPartOf":{"@id":"https:\/\/www.safinel.fr\/#website"},"primaryImageOfPage":{"@id":"https:\/\/www.safinel.fr\/produit\/huile-de-jujubier\/#primaryimage"},"image":{"@id":"https:\/\/www.safinel.fr\/produit\/huile-de-jujubier\/#primaryimage"},"thumbnailUrl":"https:\/\/www.safinel.fr\/wp-content\/uploads\/2023\/06\/huile-de-jujubier-sidr.jpg","datePublished":"2023-06-02T09:53:06+00:00","dateModified":"2024-02-28T17:06:22+00:00","description":"Jujuben\u00f6l, auch bekannt als Sidr-\u00d6l, wird aus den Samen des wilden Jujubenbaums (Ziziphus jujuba) gewonnen.","breadcrumb":{"@id":"https:\/\/www.safinel.fr\/produit\/huile-de-jujubier\/#breadcrumb"},"inLanguage":"de","potentialAction":[{"@type":"ReadAction","target":["https:\/\/www.safinel.fr\/produit\/huile-de-jujubier\/"]}]},{"@type":"ImageObject","inLanguage":"de","@id":"https:\/\/www.safinel.fr\/produit\/huile-de-jujubier\/#primaryimage","url":"https:\/\/www.safinel.fr\/wp-content\/uploads\/2023\/06\/huile-de-jujubier-sidr.jpg","contentUrl":"https:\/\/www.safinel.fr\/wp-content\/uploads\/2023\/06\/huile-de-jujubier-sidr.jpg","width":600,"height":600,"caption":"Huile de jujubier"},{"@type":"BreadcrumbList","@id":"https:\/\/www.safinel.fr\/produit\/huile-de-jujubier\/#breadcrumb","itemListElement":[{"@type":"ListItem","position":1,"name":"Accueil","item":"https:\/\/www.safinel.fr\/"},{"@type":"ListItem","position":2,"name":"Boutique","item":"https:\/\/www.safinel.fr\/boutique\/"},{"@type":"ListItem","position":3,"name":"Huile de jujubier (Sidr) 30ml"}]},{"@type":"WebSite","@id":"https:\/\/www.safinel.fr\/#website","url":"https:\/\/www.safinel.fr\/","name":"Safinel","description":"","publisher":{"@id":"https:\/\/www.safinel.fr\/#organization"},"potentialAction":[{"@type":"SearchAction","target":{"@type":"EntryPoint","urlTemplate":"https:\/\/www.safinel.fr\/?s={search_term_string}"},"query-input":{"@type":"PropertyValueSpecification","valueRequired":true,"valueName":"search_term_string"}}],"inLanguage":"de"},{"@type":"Organization","@id":"https:\/\/www.safinel.fr\/#organization","name":"Safinel","url":"https:\/\/www.safinel.fr\/","logo":{"@type":"ImageObject","inLanguage":"de","@id":"https:\/\/www.safinel.fr\/#\/schema\/logo\/image\/","url":"https:\/\/www.safinel.fr\/wp-content\/uploads\/2021\/05\/boutique-cosmetique.png","contentUrl":"https:\/\/www.safinel.fr\/wp-content\/uploads\/2021\/05\/boutique-cosmetique.png","width":800,"height":200,"caption":"Safinel"},"image":{"@id":"https:\/\/www.safinel.fr\/#\/schema\/logo\/image\/"}}]}},"_links":{"self":[{"href":"https:\/\/www.safinel.fr\/de\/wp-json\/wp\/v2\/product\/6336","targetHints":{"allow":["GET"]}}],"collection":[{"href":"https:\/\/www.safinel.fr\/de\/wp-json\/wp\/v2\/product"}],"about":[{"href":"https:\/\/www.safinel.fr\/de\/wp-json\/wp\/v2\/types\/product"}],"wp:featuredmedia":[{"embeddable":true,"href":"https:\/\/www.safinel.fr\/de\/wp-json\/wp\/v2\/media\/6337"}],"wp:attachment":[{"href":"https:\/\/www.safinel.fr\/de\/wp-json\/wp\/v2\/media?parent=6336"}],"wp:term":[{"taxonomy":"product_brand","embeddable":true,"href":"https:\/\/www.safinel.fr\/de\/wp-json\/wp\/v2\/product_brand?post=6336"},{"taxonomy":"product_cat","embeddable":true,"href":"https:\/\/www.safinel.fr\/de\/wp-json\/wp\/v2\/product_cat?post=6336"},{"taxonomy":"product_tag","embeddable":true,"href":"https:\/\/www.safinel.fr\/de\/wp-json\/wp\/v2\/product_tag?post=6336"}],"curies":[{"name":"wp","href":"https:\/\/api.w.org\/{rel}","templated":true}]}}