{"id":631,"date":"2021-12-21T16:51:55","date_gmt":"2021-12-21T16:51:55","guid":{"rendered":"https:\/\/www.safinel.fr\/?post_type=product&#038;p=631"},"modified":"2026-01-16T15:01:20","modified_gmt":"2026-01-16T15:01:20","slug":"kleben-anziehen","status":"publish","type":"product","link":"https:\/\/www.safinel.fr\/de\/product-2\/kleben-anziehen\/","title":{"rendered":"Kleben Klemmen"},"content":{"rendered":"<p><strong>Die Vaginalflora<\/strong>\u00a0ist ein pers\u00f6nlicher Schatz, in dem Hygiene unerl\u00e4sslich ist. Aus diesem Grund m\u00f6chte Ihr Online-Shop Safinel ein nat\u00fcrliches Produkt mit Ihnen teilen:\u00a0<strong>Die Pflanze kleben fest!<\/strong><\/p>\n<p>In der westlichen Welt ist sie kaum bekannt, und ihr recht extravaganter Name kann ein L\u00e4cheln hervorrufen. Aber glauben Sie uns, wenn Sie erst einmal seine Vorz\u00fcge kennengelernt haben, werden Sie nicht mehr darauf verzichten wollen!<\/p>\n<h2><strong>Die Geheimnisse der Pflanze kleben fest anziehen\u00a0<\/strong><\/h2>\n<p>Die Pflanze kleben dr\u00fccken wird auch als\u00a0<strong>Nonronnamba.<\/strong>\u00a0Ein Begriff, der w\u00f6rtlich \u00fcbersetzt \u00abein Baby, das an seiner Mutter klebt\u00bb bedeutet. Allerdings ist diese\u00a0<strong>afrikanisches Gras<\/strong>\u00a0ist alles andere als kindisch... Besonders beliebt in Mali ist dieser\u00a0<strong>Gras\u00a0<\/strong>mit positiven Effekten ist im Wesentlichen bekannt<strong>\u00a0f\u00fcr die Intimpflege<\/strong>\u00a0der Frau zu verbessern. Vor allem aber wird sie bei Paaren gesch\u00e4tzt, die auf der Suche nach etwas W\u00fcrze f\u00fcr ihr Sexleben sind!<\/p>\n<p>Es versteht sich von selbst, dass die Reinigung des Intimbereichs von grundlegender Bedeutung ist. Sei es f\u00fcr die Hygiene und damit f\u00fcr die Gesundheit. Aber dar\u00fcber hinaus auch f\u00fcr das Selbstbewusstsein. Allerdings sind die Hygieneprodukte nicht immer geeignet und gesund f\u00fcr diesen empfindlichen K\u00f6rperteil.<\/p>\n<p>Au\u00dferdem kann das Sexualleben eines Paares im Laufe der Jahre schnell eine gewisse Monotonie entwickeln...<\/p>\n<p>Aus diesen Gr\u00fcnden stellt Ihnen Ihr nat\u00fcrlicher Online-Shop Safinel diese\u00a0<strong>afrikanische Pflanze\u00a0<\/strong>das auf diese beiden Punkte wirkt! Sie finden aber auch viele andere Produkte f\u00fcr die\u2019<strong>Intimit\u00e4t von Frauen<\/strong>. Und f\u00fcr\u00a0<strong>Ihre sexuellen Beziehungen aufpeppen!\u00a0<\/strong><\/p>\n<h2><strong>Die Pflanze kleben-dr\u00fccken und ihre vielen guten Eigenschaften!<\/strong><\/h2>\n<p>Diese nat\u00fcrliche Pflege ist daf\u00fcr bekannt, dass sie hilft bei\u00a0<strong>die Vagina zusammenziehen,\u00a0<\/strong>und ihm gleichzeitig wieder<strong>\u00a0Jugend und Kraft.<\/strong>\u00a0Es wird gesagt, dass Ihr Hund, der von der Ver\u00e4nderung begeistert ist, Sie nicht mehr loslassen will! Das ist auch der Grund f\u00fcr den Namen \u00abKleben Klemmen\u00bb!<\/p>\n<p>Diese Pflanze kann auch wegen ihrer Vorteile verwendet werden\u00a0<strong>Sanierer<\/strong>. Dar\u00fcber hinaus sind seine Eigenschaften\u00a0<strong>Antiseptika<\/strong>\u00a0sind ein Pluspunkt f\u00fcr die Hygiene und das Wohlbefinden Ihrer Vaginalflora.<\/p>\n<p>Wir empfehlen Ihnen jedoch, immer Ihren Arzt um Rat zu fragen, bevor Sie ein neues Produkt verwenden, auch wenn es nat\u00fcrlich ist.<\/p>\n<h3><strong>Die verschiedenen Verwendungszwecke \u00a0<\/strong><\/h3>\n<p>Sie haben die M\u00f6glichkeit, es auf verschiedene Arten zu nutzen:<\/p>\n<p><strong>Im Sitzbad\u00a0<\/strong><\/p>\n<ul>\n<li>S\u00e4ubern Sie zun\u00e4chst die Pflanze ;<\/li>\n<li>Dann 1\/2 Liter Wasser aufkochen und ziehen lassen\u00a0<strong>die enge Klebung\u00a0<\/strong>;<\/li>\n<li>Wenn das Wasser lauwarm ist, f\u00fchren Sie eine Intimpflege durch.<\/li>\n<\/ul>\n<p><strong>In der R\u00e4ucherung\u00a0<\/strong><\/p>\n<ul>\n<li>Legen Sie die Pflanze zun\u00e4chst auf einen <a href=\"https:\/\/www.encens-store.fr\/categorie-produit\/charbons-pour-encens\/\" target=\"_blank\" rel=\"noopener\"><strong>Kohle<\/strong><\/a> zuvor eingeschaltet ;<\/li>\n<li>Lassen Sie dann die D\u00e4mpfe sich ausbreiten und stellen Sie sich dar\u00fcber, in sicherer Entfernung, damit Sie sich nicht verbrennen; ;<\/li>\n<li>Lassen Sie sie etwa zehn Minuten lang einwirken.<\/li>\n<\/ul>\n<h2><strong>Entdecken Sie unsere verschiedenen Produkte f\u00fcr die Intimit\u00e4t von Frauen!\u00a0<\/strong><\/h2>\n<p>Ihr Safinel Online-Shop hat eine Rubrik \u201cIntimit\u00e4t\u201d. In dieser finden Sie eine Auswahl an hochwertigen Produkten, die f\u00fcr die weibliche Hygiene und Intimit\u00e4t geeignet sind.<\/p>\n<p>Entdecken Sie zum Beispiel :<\/p>\n<ul>\n<li><strong><a href=\"https:\/\/www.safinel.fr\/de\/product-2\/djeka-blatter\/\">Die Bl\u00e4tter von Djeka<\/a> :<\/strong>\u00a0Diese Pflanze ist ideal bei Darmschmerzen. Du hast die M\u00f6glichkeit, sie mit der Pflanze Klebrig fest f\u00fcr einen Tee zu mischen. Oder um es als R\u00e4ucherwerk zu verwenden.<\/li>\n<\/ul>\n<ul>\n<li><strong><a href=\"https:\/\/www.safinel.fr\/de\/product-2\/nep-pulver-nep\/\">Der Nep nep<\/a> :\u00a0<\/strong>Bekannt f\u00fcr seine aphrodisierende Wirkung, aber nicht nur, wird er manchmal nach der Entbindung gegen Schmerzen und zur St\u00e4rkung des Damms eingesetzt. Er hilft auch gegen wei\u00dfen Ausfluss und Scheidengeruch.<\/li>\n<\/ul>\n<ul>\n<li><strong>\u00a0 <a href=\"https:\/\/www.safinel.fr\/de\/product-2\/roter-klee-ganze-blumen\/\">Rotklee ganze Bl\u00fcten<\/a> :\u00a0<\/strong>Wird im Allgemeinen zur Regulierung des \u00d6strogenspiegels bei Frauen in der Menopause verwendet. Wird aber auch gegen Ekzeme und Schuppenflechte eingesetzt.<\/li>\n<\/ul>","protected":false},"excerpt":{"rendered":"<p><strong>Merkmal<\/strong> : 4 bis 5 Verwendungen<\/p>","protected":false},"featured_media":632,"template":"","meta":[],"product_brand":[],"product_cat":[23],"product_tag":[],"class_list":{"0":"post-631","1":"product","2":"type-product","3":"status-publish","4":"has-post-thumbnail","6":"product_cat-hygiene-feminine","8":"first","9":"instock","10":"shipping-taxable","11":"purchasable","12":"product-type-simple"},"yoast_head":"<!-- This site is optimized with the Yoast SEO plugin v26.6 - https:\/\/yoast.com\/wordpress\/plugins\/seo\/ -->\n<title>Coller Serrer | Plante naturelle Nonronnamba | 4 \u00e0 5 utilisations<\/title>\n<meta name=\"description\" content=\"Votre boutique en ligne Safinel souhaite vous partager un produit naturel :\u00a0La plante coller serrer !\u00a0Bonne d\u00e9couverte \u00e0 vous.\" \/>\n<meta name=\"robots\" content=\"index, follow, max-snippet:-1, max-image-preview:large, max-video-preview:-1\" \/>\n<link rel=\"canonical\" href=\"https:\/\/www.safinel.fr\/de\/product-2\/kleben-anziehen\/\" \/>\n<meta property=\"og:locale\" content=\"de_DE\" \/>\n<meta property=\"og:type\" content=\"article\" \/>\n<meta property=\"og:title\" content=\"Coller Serrer | Plante naturelle Nonronnamba | 4 \u00e0 5 utilisations\" \/>\n<meta property=\"og:description\" content=\"Votre boutique en ligne Safinel souhaite vous partager un produit naturel :\u00a0La plante coller serrer !\u00a0Bonne d\u00e9couverte \u00e0 vous.\" \/>\n<meta property=\"og:url\" content=\"https:\/\/www.safinel.fr\/de\/product-2\/kleben-anziehen\/\" \/>\n<meta property=\"og:site_name\" content=\"Safinel\" \/>\n<meta property=\"article:modified_time\" content=\"2026-01-16T15:01:20+00:00\" \/>\n<meta property=\"og:image\" content=\"https:\/\/www.safinel.fr\/wp-content\/uploads\/2021\/12\/coller-serrer.jpg\" \/>\n\t<meta property=\"og:image:width\" content=\"600\" \/>\n\t<meta property=\"og:image:height\" content=\"600\" \/>\n\t<meta property=\"og:image:type\" content=\"image\/jpeg\" \/>\n<meta name=\"twitter:card\" content=\"summary_large_image\" \/>\n<meta name=\"twitter:label1\" content=\"Gesch\u00e4tzte Lesezeit\" \/>\n\t<meta name=\"twitter:data1\" content=\"3\u00a0Minuten\" \/>\n<script type=\"application\/ld+json\" class=\"yoast-schema-graph\">{\"@context\":\"https:\/\/schema.org\",\"@graph\":[{\"@type\":\"WebPage\",\"@id\":\"https:\/\/www.safinel.fr\/produit\/coller-serrer\/\",\"url\":\"https:\/\/www.safinel.fr\/produit\/coller-serrer\/\",\"name\":\"Coller Serrer | Plante naturelle Nonronnamba | 4 \u00e0 5 utilisations\",\"isPartOf\":{\"@id\":\"https:\/\/www.safinel.fr\/#website\"},\"primaryImageOfPage\":{\"@id\":\"https:\/\/www.safinel.fr\/produit\/coller-serrer\/#primaryimage\"},\"image\":{\"@id\":\"https:\/\/www.safinel.fr\/produit\/coller-serrer\/#primaryimage\"},\"thumbnailUrl\":\"https:\/\/www.safinel.fr\/wp-content\/uploads\/2021\/12\/coller-serrer.jpg\",\"datePublished\":\"2021-12-21T16:51:55+00:00\",\"dateModified\":\"2026-01-16T15:01:20+00:00\",\"description\":\"Votre boutique en ligne Safinel souhaite vous partager un produit naturel :\u00a0La plante coller serrer !\u00a0Bonne d\u00e9couverte \u00e0 vous.\",\"breadcrumb\":{\"@id\":\"https:\/\/www.safinel.fr\/produit\/coller-serrer\/#breadcrumb\"},\"inLanguage\":\"de\",\"potentialAction\":[{\"@type\":\"ReadAction\",\"target\":[\"https:\/\/www.safinel.fr\/produit\/coller-serrer\/\"]}]},{\"@type\":\"ImageObject\",\"inLanguage\":\"de\",\"@id\":\"https:\/\/www.safinel.fr\/produit\/coller-serrer\/#primaryimage\",\"url\":\"https:\/\/www.safinel.fr\/wp-content\/uploads\/2021\/12\/coller-serrer.jpg\",\"contentUrl\":\"https:\/\/www.safinel.fr\/wp-content\/uploads\/2021\/12\/coller-serrer.jpg\",\"width\":600,\"height\":600,\"caption\":\"Coller Serrer\"},{\"@type\":\"BreadcrumbList\",\"@id\":\"https:\/\/www.safinel.fr\/produit\/coller-serrer\/#breadcrumb\",\"itemListElement\":[{\"@type\":\"ListItem\",\"position\":1,\"name\":\"Accueil\",\"item\":\"https:\/\/www.safinel.fr\/\"},{\"@type\":\"ListItem\",\"position\":2,\"name\":\"Boutique\",\"item\":\"https:\/\/www.safinel.fr\/boutique\/\"},{\"@type\":\"ListItem\",\"position\":3,\"name\":\"Coller Serrer\"}]},{\"@type\":\"WebSite\",\"@id\":\"https:\/\/www.safinel.fr\/#website\",\"url\":\"https:\/\/www.safinel.fr\/\",\"name\":\"Safinel\",\"description\":\"\",\"publisher\":{\"@id\":\"https:\/\/www.safinel.fr\/#organization\"},\"potentialAction\":[{\"@type\":\"SearchAction\",\"target\":{\"@type\":\"EntryPoint\",\"urlTemplate\":\"https:\/\/www.safinel.fr\/?s={search_term_string}\"},\"query-input\":{\"@type\":\"PropertyValueSpecification\",\"valueRequired\":true,\"valueName\":\"search_term_string\"}}],\"inLanguage\":\"de\"},{\"@type\":\"Organization\",\"@id\":\"https:\/\/www.safinel.fr\/#organization\",\"name\":\"Safinel\",\"url\":\"https:\/\/www.safinel.fr\/\",\"logo\":{\"@type\":\"ImageObject\",\"inLanguage\":\"de\",\"@id\":\"https:\/\/www.safinel.fr\/#\/schema\/logo\/image\/\",\"url\":\"https:\/\/www.safinel.fr\/wp-content\/uploads\/2021\/05\/boutique-cosmetique.png\",\"contentUrl\":\"https:\/\/www.safinel.fr\/wp-content\/uploads\/2021\/05\/boutique-cosmetique.png\",\"width\":800,\"height\":200,\"caption\":\"Safinel\"},\"image\":{\"@id\":\"https:\/\/www.safinel.fr\/#\/schema\/logo\/image\/\"}}]}<\/script>\n<!-- \/ Yoast SEO plugin. -->","yoast_head_json":{"title":"Leimen Quetschen | Nat\u00fcrliche Pflanze Nonronnamba | 4 bis 5 Verwendungen","description":"Ihr Online-Shop Safinel m\u00f6chte mit Ihnen ein Naturprodukt teilen: Die Pflanze Kleben Klemmen Klemmen! Viel Spa\u00df beim Entdecken!.","robots":{"index":"index","follow":"follow","max-snippet":"max-snippet:-1","max-image-preview":"max-image-preview:large","max-video-preview":"max-video-preview:-1"},"canonical":"https:\/\/www.safinel.fr\/de\/product-2\/kleben-anziehen\/","og_locale":"de_DE","og_type":"article","og_title":"Coller Serrer | Plante naturelle Nonronnamba | 4 \u00e0 5 utilisations","og_description":"Votre boutique en ligne Safinel souhaite vous partager un produit naturel :\u00a0La plante coller serrer !\u00a0Bonne d\u00e9couverte \u00e0 vous.","og_url":"https:\/\/www.safinel.fr\/de\/product-2\/kleben-anziehen\/","og_site_name":"Safinel","article_modified_time":"2026-01-16T15:01:20+00:00","og_image":[{"width":600,"height":600,"url":"https:\/\/www.safinel.fr\/wp-content\/uploads\/2021\/12\/coller-serrer.jpg","type":"image\/jpeg"}],"twitter_card":"summary_large_image","twitter_misc":{"Gesch\u00e4tzte Lesezeit":"3\u00a0Minuten"},"schema":{"@context":"https:\/\/schema.org","@graph":[{"@type":"WebPage","@id":"https:\/\/www.safinel.fr\/produit\/coller-serrer\/","url":"https:\/\/www.safinel.fr\/produit\/coller-serrer\/","name":"Leimen Quetschen | Nat\u00fcrliche Pflanze Nonronnamba | 4 bis 5 Verwendungen","isPartOf":{"@id":"https:\/\/www.safinel.fr\/#website"},"primaryImageOfPage":{"@id":"https:\/\/www.safinel.fr\/produit\/coller-serrer\/#primaryimage"},"image":{"@id":"https:\/\/www.safinel.fr\/produit\/coller-serrer\/#primaryimage"},"thumbnailUrl":"https:\/\/www.safinel.fr\/wp-content\/uploads\/2021\/12\/coller-serrer.jpg","datePublished":"2021-12-21T16:51:55+00:00","dateModified":"2026-01-16T15:01:20+00:00","description":"Ihr Online-Shop Safinel m\u00f6chte mit Ihnen ein Naturprodukt teilen: Die Pflanze Kleben Klemmen Klemmen! Viel Spa\u00df beim Entdecken!.","breadcrumb":{"@id":"https:\/\/www.safinel.fr\/produit\/coller-serrer\/#breadcrumb"},"inLanguage":"de","potentialAction":[{"@type":"ReadAction","target":["https:\/\/www.safinel.fr\/produit\/coller-serrer\/"]}]},{"@type":"ImageObject","inLanguage":"de","@id":"https:\/\/www.safinel.fr\/produit\/coller-serrer\/#primaryimage","url":"https:\/\/www.safinel.fr\/wp-content\/uploads\/2021\/12\/coller-serrer.jpg","contentUrl":"https:\/\/www.safinel.fr\/wp-content\/uploads\/2021\/12\/coller-serrer.jpg","width":600,"height":600,"caption":"Coller Serrer"},{"@type":"BreadcrumbList","@id":"https:\/\/www.safinel.fr\/produit\/coller-serrer\/#breadcrumb","itemListElement":[{"@type":"ListItem","position":1,"name":"Accueil","item":"https:\/\/www.safinel.fr\/"},{"@type":"ListItem","position":2,"name":"Boutique","item":"https:\/\/www.safinel.fr\/boutique\/"},{"@type":"ListItem","position":3,"name":"Coller Serrer"}]},{"@type":"WebSite","@id":"https:\/\/www.safinel.fr\/#website","url":"https:\/\/www.safinel.fr\/","name":"Safinel","description":"","publisher":{"@id":"https:\/\/www.safinel.fr\/#organization"},"potentialAction":[{"@type":"SearchAction","target":{"@type":"EntryPoint","urlTemplate":"https:\/\/www.safinel.fr\/?s={search_term_string}"},"query-input":{"@type":"PropertyValueSpecification","valueRequired":true,"valueName":"search_term_string"}}],"inLanguage":"de"},{"@type":"Organization","@id":"https:\/\/www.safinel.fr\/#organization","name":"Safinel","url":"https:\/\/www.safinel.fr\/","logo":{"@type":"ImageObject","inLanguage":"de","@id":"https:\/\/www.safinel.fr\/#\/schema\/logo\/image\/","url":"https:\/\/www.safinel.fr\/wp-content\/uploads\/2021\/05\/boutique-cosmetique.png","contentUrl":"https:\/\/www.safinel.fr\/wp-content\/uploads\/2021\/05\/boutique-cosmetique.png","width":800,"height":200,"caption":"Safinel"},"image":{"@id":"https:\/\/www.safinel.fr\/#\/schema\/logo\/image\/"}}]}},"_links":{"self":[{"href":"https:\/\/www.safinel.fr\/de\/wp-json\/wp\/v2\/product\/631","targetHints":{"allow":["GET"]}}],"collection":[{"href":"https:\/\/www.safinel.fr\/de\/wp-json\/wp\/v2\/product"}],"about":[{"href":"https:\/\/www.safinel.fr\/de\/wp-json\/wp\/v2\/types\/product"}],"wp:featuredmedia":[{"embeddable":true,"href":"https:\/\/www.safinel.fr\/de\/wp-json\/wp\/v2\/media\/632"}],"wp:attachment":[{"href":"https:\/\/www.safinel.fr\/de\/wp-json\/wp\/v2\/media?parent=631"}],"wp:term":[{"taxonomy":"product_brand","embeddable":true,"href":"https:\/\/www.safinel.fr\/de\/wp-json\/wp\/v2\/product_brand?post=631"},{"taxonomy":"product_cat","embeddable":true,"href":"https:\/\/www.safinel.fr\/de\/wp-json\/wp\/v2\/product_cat?post=631"},{"taxonomy":"product_tag","embeddable":true,"href":"https:\/\/www.safinel.fr\/de\/wp-json\/wp\/v2\/product_tag?post=631"}],"curies":[{"name":"wp","href":"https:\/\/api.w.org\/{rel}","templated":true}]}}