{"id":6279,"date":"2023-05-30T17:33:16","date_gmt":"2023-05-30T17:33:16","guid":{"rendered":"https:\/\/www.safinel.fr\/?post_type=product&#038;p=6279"},"modified":"2026-02-19T10:27:32","modified_gmt":"2026-02-19T10:27:32","slug":"barentraubenol","status":"publish","type":"product","link":"https:\/\/www.safinel.fr\/de\/product-2\/barentraubenol\/","title":{"rendered":"B\u00e4rentrauben\u00f6l 100ml"},"content":{"rendered":"<p>L\u2019<strong>B\u00e4rentrauben\u00f6l<\/strong>\u00a0ist ein nat\u00fcrliches \u00d6l, das aus einem Strauch namens Arctostaphylos uva-ursi gewonnen wird. Auch bekannt unter dem Namen B\u00e4rentraube. Diese Pflanze wird aufgrund ihrer zahlreichen Vorteile traditionell in der Medizin und Kosmetik verwendet, insbesondere zur Behandlung von Hautproblemen und zur Verbesserung des allgemeinen Erscheinungsbildes der Haut.<\/p>\n<p>Wie \u00fcblich erkundet Ihr Safinel-Shop mit Ihnen im Detail die\u00a0<strong>wohltuende Wirkung von B\u00e4rentrauben\u00f6l<\/strong>\u00a0f\u00fcr die Haut und wie sie Ihnen zu einem strahlenderen Teint ohne Unreinheiten verhelfen kann.<\/p>\n<h2><strong>Ein nat\u00fcrliches Aufhellungsmittel f\u00fcr die Haut<\/strong><\/h2>\n<p>Eine der bemerkenswerten Eigenschaften des B\u00e4rentrauben\u00f6ls ist seine aufhellende Wirkung auf die Haut. Das \u00d6l enth\u00e4lt n\u00e4mlich B\u00e4rentraubenzucker.\u2019<strong>arbutin<\/strong>, eine nat\u00fcrliche Verbindung mit <a href=\"https:\/\/www.safinel.fr\/de\/hyperpigmentierung-schwarze-haut\/\"><strong>depigmentierende Eigenschaften<\/strong><\/a>. Arbutin wirkt, indem es die Wirkung von Tyrosinase hemmt, einem Enzym, das f\u00fcr die Melaninproduktion in der Haut verantwortlich ist.<\/p>\n<p>So kann die regelm\u00e4\u00dfige Anwendung von B\u00e4rentrauben\u00f6l dabei helfen, braune Flecken und dunkle Stellen zu reduzieren, die durch eine \u00fcberm\u00e4\u00dfige Ansammlung von Melanin verursacht werden.<\/p>\n<h3><strong>Eine wirksame Behandlung gegen Pigmentflecken<\/strong><\/h3>\n<p>Dank seines Gehalts an Arbutin ist B\u00e4rentrauben\u00f6l ein wertvoller Verb\u00fcndeter bei der Bek\u00e4mpfung von Pigmentflecken wie z. B.\u00a0<strong>Altersflecken<\/strong>\u00a0und der\u00a0<strong>melasma<\/strong>. Diese Flecken k\u00f6nnen durch verschiedene Faktoren verursacht werden, z. B. durch Sonneneinstrahlung, hormonelle Ver\u00e4nderungen oder Hautalterung.<\/p>\n<p>Indem Sie regelm\u00e4\u00dfig B\u00e4rentrauben\u00f6l auf diese dunklen Stellen auftragen. So k\u00f6nnen Sie deren Erscheinungsbild allm\u00e4hlich reduzieren und einen gleichm\u00e4\u00dfigeren Teint erzielen.<\/p>\n<h3><strong>B\u00e4rentrauben\u00f6l: Ein nat\u00fcrliches Mittel gegen Unreinheiten<\/strong><\/h3>\n<p>Sie kann auch als nat\u00fcrliche Behandlung bei Hautproblemen wie z. B. der\u2019<strong>Akne<\/strong>\u00a0und die\u00a0<strong>Narben<\/strong>\u00a0die von den Kn\u00f6pfen hinterlassen wurden.<\/p>\n<p>Seine aufhellenden Eigenschaften helfen, rote und braune Flecken, die durch Hautentz\u00fcndungen verursacht werden, zu mildern. Seine antibakteriellen Eigenschaften helfen, die Vermehrung von Bakterien zu verhindern, die Pickel verursachen.<\/p>\n<p>So kann die t\u00e4gliche Anwendung dieses \u00d6ls zu einer reineren Haut ohne Unreinheiten verhelfen.<\/p>\n<h3><strong>Tiefenwirksame Feuchtigkeitspflege f\u00fcr alle Hauttypen<\/strong><\/h3>\n<p>Neben seinen aufhellenden Vorteilen ist B\u00e4rentrauben\u00f6l auch ein hervorragender nat\u00fcrlicher Feuchtigkeitsspender f\u00fcr die Haut. Es enth\u00e4lt essentielle Fetts\u00e4uren und Vitamine, die die Haut tiefgreifend n\u00e4hren und helfen, den Feuchtigkeitshaushalt der Haut zu erhalten. Das \u00d6l eignet sich besonders f\u00fcr trockene und dehydrierte Haut, ist aber auch f\u00fcr Mischhaut und fettige Haut geeignet, wenn Sie die aufgetragene Menge anpassen.<\/p>\n<h3><strong>Eine beruhigende Pflege f\u00fcr empfindliche Haut mit B\u00e4rentrauben\u00f6l<\/strong><\/h3>\n<p>Sie sollten wissen, dass dieses \u00d6l entz\u00fcndungshemmende Eigenschaften besitzt, die es zu einer idealen Pflege f\u00fcr\u00a0<strong>empfindliche Haut<\/strong>\u00a0und gereizte Haut. Sie kann helfen, R\u00f6tungen, Juckreiz und Entz\u00fcndungen zu lindern, die durch verschiedene Hauterkrankungen verursacht werden.<\/p>\n<p>Wie z. B. Ekzeme, Schuppenflechte oder Rosazea. Wenn Sie dieses \u00d6l regelm\u00e4\u00dfig auf die betroffenen Stellen auftragen, werden die Symptome gelindert und das Hautgef\u00fchl verbessert.<\/p>\n<h2><strong>Wie Sie B\u00e4rentrauben\u00f6l in Ihrer Sch\u00f6nheitsroutine verwenden k\u00f6nnen<\/strong><\/h2>\n<p>Dieses nat\u00fcrliche \u00d6l in Ihre Sch\u00f6nheitsroutine zu integrieren ist einfach und erfordert keine gro\u00dfen Ver\u00e4nderungen.<\/p>\n<h3><strong>Hier sind einige Tipps, wie Sie die Vorteile dieses \u00d6ls f\u00fcr Ihre Haut voll aussch\u00f6pfen k\u00f6nnen:<\/strong><\/h3>\n<ul>\n<li><strong>Reinigen Sie<\/strong>\u00a0Ihr Gesicht mit einem milden Reinigungsmittel, bevor Sie das B\u00e4rentrauben\u00f6l auftragen, um Unreinheiten zu entfernen und die Haut auf die Aufnahme der Wirkstoffe vorzubereiten.<\/li>\n<li><strong>Wenden Sie  an<\/strong>\u00a0einige Tropfen B\u00e4rentrauben\u00f6l auf die betroffenen Stellen (Flecken, Unreinheiten, trockene Stellen...) und massieren Sie es sanft ein, bis es vollst\u00e4ndig eingezogen ist. Sie k\u00f6nnen das \u00d6l auch mit Ihrer normalen Feuchtigkeitscreme mischen, um die Anwendung zu vereinfachen.<\/li>\n<li><strong>Verwenden Sie sie<\/strong>\u00a0t\u00e4glich, morgens und abends, um sichtbare und lang anhaltende Ergebnisse zu erzielen.<\/li>\n<li>Vergessen Sie nicht\u2019<strong>Sonnenschutzmittel auftragen<\/strong>\u00a0wenn Sie B\u00e4rentrauben\u00f6l tags\u00fcber anwenden. Denn es kann die Haut empfindlicher gegen\u00fcber UV-Strahlen machen und die Entstehung neuer Pigmentflecken f\u00f6rdern.<\/li>\n<\/ul>\n<p>Wenn Sie B\u00e4rentrauben\u00f6l in Ihre Sch\u00f6nheitsroutine integrieren, k\u00f6nnen Sie schnell von seinen zahlreichen Vorteilen profitieren und eine strahlendere Haut zeigen. Gleichm\u00e4\u00dfig und ohne Unreinheiten. Z\u00f6gern Sie nicht, dieses nat\u00fcrliche und wirksame \u00d6l zu testen, um Ihr Hautbild zu verbessern und eine gesunde, strahlende Haut zu erhalten.<\/p>","protected":false},"excerpt":{"rendered":"<p><strong>Einige Vorteile :<\/strong><\/p>\n<p>Dank seines Gehalts an Arbutin ist B\u00e4rentrauben\u00f6l ein wertvoller Verb\u00fcndeter bei der Bek\u00e4mpfung von Pigmentflecken wie z. B.\u00a0<strong>Altersflecken<\/strong>\u00a0und der\u00a0<strong>melasma<\/strong>. Diese Flecken k\u00f6nnen durch verschiedene Faktoren verursacht werden, z. B. durch Sonneneinstrahlung, hormonelle Ver\u00e4nderungen oder Hautalterung.<\/p>\n<p><img decoding=\"async\" class=\"size-full wp-image-5091 aligncenter\" src=\"https:\/\/www.safinel.fr\/wp-content\/uploads\/2021\/06\/BANNIERE-ICONE-SAFINEL.webp\" alt=\"Satines-R\u00fcckversicherung\" width=\"800\" height=\"200\" srcset=\"https:\/\/www.safinel.fr\/wp-content\/uploads\/2021\/06\/BANNIERE-ICONE-SAFINEL.webp 800w, https:\/\/www.safinel.fr\/wp-content\/uploads\/2021\/06\/BANNIERE-ICONE-SAFINEL-600x150.webp 600w, https:\/\/www.safinel.fr\/wp-content\/uploads\/2021\/06\/BANNIERE-ICONE-SAFINEL-768x192.webp 768w\" sizes=\"(max-width: 800px) 100vw, 800px\" \/><\/p>","protected":false},"featured_media":6280,"template":"","meta":[],"product_brand":[],"product_cat":[122],"product_tag":[],"class_list":{"0":"post-6279","1":"product","2":"type-product","3":"status-publish","4":"has-post-thumbnail","6":"product_cat-huile-vegetale","8":"first","9":"outofstock","10":"shipping-taxable","11":"purchasable","12":"product-type-simple"},"yoast_head":"<!-- This site is optimized with the Yoast SEO plugin v26.6 - https:\/\/yoast.com\/wordpress\/plugins\/seo\/ -->\n<title>Huile de Busserole I Achat, propri\u00e9t\u00e9s et bienfaits pour la peau<\/title>\n<meta name=\"description\" content=\"D\u00e9couvrez les bienfaits et propri\u00e9t\u00e9s exceptionnels de l&#039;huile de busserole. Id\u00e9ale pour la peau, elle offre de nombreux avantages.\" \/>\n<meta name=\"robots\" content=\"index, follow, max-snippet:-1, max-image-preview:large, max-video-preview:-1\" \/>\n<link rel=\"canonical\" href=\"https:\/\/www.safinel.fr\/de\/product-2\/barentraubenol\/\" \/>\n<meta property=\"og:locale\" content=\"de_DE\" \/>\n<meta property=\"og:type\" content=\"article\" \/>\n<meta property=\"og:title\" content=\"Huile de Busserole I Achat, propri\u00e9t\u00e9s et bienfaits pour la peau\" \/>\n<meta property=\"og:description\" content=\"D\u00e9couvrez les bienfaits et propri\u00e9t\u00e9s exceptionnels de l&#039;huile de busserole. Id\u00e9ale pour la peau, elle offre de nombreux avantages.\" \/>\n<meta property=\"og:url\" content=\"https:\/\/www.safinel.fr\/de\/product-2\/barentraubenol\/\" \/>\n<meta property=\"og:site_name\" content=\"Safinel\" \/>\n<meta property=\"article:modified_time\" content=\"2026-02-19T10:27:32+00:00\" \/>\n<meta property=\"og:image\" content=\"https:\/\/www.safinel.fr\/wp-content\/uploads\/2023\/05\/huile-de-busserole.jpg\" \/>\n\t<meta property=\"og:image:width\" content=\"600\" \/>\n\t<meta property=\"og:image:height\" content=\"600\" \/>\n\t<meta property=\"og:image:type\" content=\"image\/jpeg\" \/>\n<meta name=\"twitter:card\" content=\"summary_large_image\" \/>\n<meta name=\"twitter:label1\" content=\"Gesch\u00e4tzte Lesezeit\" \/>\n\t<meta name=\"twitter:data1\" content=\"4\u00a0Minuten\" \/>\n<script type=\"application\/ld+json\" class=\"yoast-schema-graph\">{\"@context\":\"https:\/\/schema.org\",\"@graph\":[{\"@type\":\"WebPage\",\"@id\":\"https:\/\/www.safinel.fr\/produit\/huile-de-busserole\/\",\"url\":\"https:\/\/www.safinel.fr\/produit\/huile-de-busserole\/\",\"name\":\"Huile de Busserole I Achat, propri\u00e9t\u00e9s et bienfaits pour la peau\",\"isPartOf\":{\"@id\":\"https:\/\/www.safinel.fr\/#website\"},\"primaryImageOfPage\":{\"@id\":\"https:\/\/www.safinel.fr\/produit\/huile-de-busserole\/#primaryimage\"},\"image\":{\"@id\":\"https:\/\/www.safinel.fr\/produit\/huile-de-busserole\/#primaryimage\"},\"thumbnailUrl\":\"https:\/\/www.safinel.fr\/wp-content\/uploads\/2023\/05\/huile-de-busserole.jpg\",\"datePublished\":\"2023-05-30T17:33:16+00:00\",\"dateModified\":\"2026-02-19T10:27:32+00:00\",\"description\":\"D\u00e9couvrez les bienfaits et propri\u00e9t\u00e9s exceptionnels de l'huile de busserole. Id\u00e9ale pour la peau, elle offre de nombreux avantages.\",\"breadcrumb\":{\"@id\":\"https:\/\/www.safinel.fr\/produit\/huile-de-busserole\/#breadcrumb\"},\"inLanguage\":\"de\",\"potentialAction\":[{\"@type\":\"ReadAction\",\"target\":[\"https:\/\/www.safinel.fr\/produit\/huile-de-busserole\/\"]}]},{\"@type\":\"ImageObject\",\"inLanguage\":\"de\",\"@id\":\"https:\/\/www.safinel.fr\/produit\/huile-de-busserole\/#primaryimage\",\"url\":\"https:\/\/www.safinel.fr\/wp-content\/uploads\/2023\/05\/huile-de-busserole.jpg\",\"contentUrl\":\"https:\/\/www.safinel.fr\/wp-content\/uploads\/2023\/05\/huile-de-busserole.jpg\",\"width\":600,\"height\":600},{\"@type\":\"BreadcrumbList\",\"@id\":\"https:\/\/www.safinel.fr\/produit\/huile-de-busserole\/#breadcrumb\",\"itemListElement\":[{\"@type\":\"ListItem\",\"position\":1,\"name\":\"Accueil\",\"item\":\"https:\/\/www.safinel.fr\/\"},{\"@type\":\"ListItem\",\"position\":2,\"name\":\"Boutique\",\"item\":\"https:\/\/www.safinel.fr\/boutique\/\"},{\"@type\":\"ListItem\",\"position\":3,\"name\":\"Huile de busserole 100ml\"}]},{\"@type\":\"WebSite\",\"@id\":\"https:\/\/www.safinel.fr\/#website\",\"url\":\"https:\/\/www.safinel.fr\/\",\"name\":\"Safinel\",\"description\":\"\",\"publisher\":{\"@id\":\"https:\/\/www.safinel.fr\/#organization\"},\"potentialAction\":[{\"@type\":\"SearchAction\",\"target\":{\"@type\":\"EntryPoint\",\"urlTemplate\":\"https:\/\/www.safinel.fr\/?s={search_term_string}\"},\"query-input\":{\"@type\":\"PropertyValueSpecification\",\"valueRequired\":true,\"valueName\":\"search_term_string\"}}],\"inLanguage\":\"de\"},{\"@type\":\"Organization\",\"@id\":\"https:\/\/www.safinel.fr\/#organization\",\"name\":\"Safinel\",\"url\":\"https:\/\/www.safinel.fr\/\",\"logo\":{\"@type\":\"ImageObject\",\"inLanguage\":\"de\",\"@id\":\"https:\/\/www.safinel.fr\/#\/schema\/logo\/image\/\",\"url\":\"https:\/\/www.safinel.fr\/wp-content\/uploads\/2021\/05\/boutique-cosmetique.png\",\"contentUrl\":\"https:\/\/www.safinel.fr\/wp-content\/uploads\/2021\/05\/boutique-cosmetique.png\",\"width\":800,\"height\":200,\"caption\":\"Safinel\"},\"image\":{\"@id\":\"https:\/\/www.safinel.fr\/#\/schema\/logo\/image\/\"}}]}<\/script>\n<!-- \/ Yoast SEO plugin. -->","yoast_head_json":{"title":"B\u00e4rentrauben\u00f6l I Kauf, Eigenschaften und Vorteile f\u00fcr die Haut","description":"Entdecken Sie die au\u00dfergew\u00f6hnlichen Vorteile und Eigenschaften von B\u00e4rentrauben\u00f6l. Es ist ideal f\u00fcr die Haut und bietet zahlreiche Vorteile.","robots":{"index":"index","follow":"follow","max-snippet":"max-snippet:-1","max-image-preview":"max-image-preview:large","max-video-preview":"max-video-preview:-1"},"canonical":"https:\/\/www.safinel.fr\/de\/product-2\/barentraubenol\/","og_locale":"de_DE","og_type":"article","og_title":"Huile de Busserole I Achat, propri\u00e9t\u00e9s et bienfaits pour la peau","og_description":"D\u00e9couvrez les bienfaits et propri\u00e9t\u00e9s exceptionnels de l'huile de busserole. Id\u00e9ale pour la peau, elle offre de nombreux avantages.","og_url":"https:\/\/www.safinel.fr\/de\/product-2\/barentraubenol\/","og_site_name":"Safinel","article_modified_time":"2026-02-19T10:27:32+00:00","og_image":[{"width":600,"height":600,"url":"https:\/\/www.safinel.fr\/wp-content\/uploads\/2023\/05\/huile-de-busserole.jpg","type":"image\/jpeg"}],"twitter_card":"summary_large_image","twitter_misc":{"Gesch\u00e4tzte Lesezeit":"4\u00a0Minuten"},"schema":{"@context":"https:\/\/schema.org","@graph":[{"@type":"WebPage","@id":"https:\/\/www.safinel.fr\/produit\/huile-de-busserole\/","url":"https:\/\/www.safinel.fr\/produit\/huile-de-busserole\/","name":"B\u00e4rentrauben\u00f6l I Kauf, Eigenschaften und Vorteile f\u00fcr die Haut","isPartOf":{"@id":"https:\/\/www.safinel.fr\/#website"},"primaryImageOfPage":{"@id":"https:\/\/www.safinel.fr\/produit\/huile-de-busserole\/#primaryimage"},"image":{"@id":"https:\/\/www.safinel.fr\/produit\/huile-de-busserole\/#primaryimage"},"thumbnailUrl":"https:\/\/www.safinel.fr\/wp-content\/uploads\/2023\/05\/huile-de-busserole.jpg","datePublished":"2023-05-30T17:33:16+00:00","dateModified":"2026-02-19T10:27:32+00:00","description":"Entdecken Sie die au\u00dfergew\u00f6hnlichen Vorteile und Eigenschaften von B\u00e4rentrauben\u00f6l. Es ist ideal f\u00fcr die Haut und bietet zahlreiche Vorteile.","breadcrumb":{"@id":"https:\/\/www.safinel.fr\/produit\/huile-de-busserole\/#breadcrumb"},"inLanguage":"de","potentialAction":[{"@type":"ReadAction","target":["https:\/\/www.safinel.fr\/produit\/huile-de-busserole\/"]}]},{"@type":"ImageObject","inLanguage":"de","@id":"https:\/\/www.safinel.fr\/produit\/huile-de-busserole\/#primaryimage","url":"https:\/\/www.safinel.fr\/wp-content\/uploads\/2023\/05\/huile-de-busserole.jpg","contentUrl":"https:\/\/www.safinel.fr\/wp-content\/uploads\/2023\/05\/huile-de-busserole.jpg","width":600,"height":600},{"@type":"BreadcrumbList","@id":"https:\/\/www.safinel.fr\/produit\/huile-de-busserole\/#breadcrumb","itemListElement":[{"@type":"ListItem","position":1,"name":"Accueil","item":"https:\/\/www.safinel.fr\/"},{"@type":"ListItem","position":2,"name":"Boutique","item":"https:\/\/www.safinel.fr\/boutique\/"},{"@type":"ListItem","position":3,"name":"Huile de busserole 100ml"}]},{"@type":"WebSite","@id":"https:\/\/www.safinel.fr\/#website","url":"https:\/\/www.safinel.fr\/","name":"Safinel","description":"","publisher":{"@id":"https:\/\/www.safinel.fr\/#organization"},"potentialAction":[{"@type":"SearchAction","target":{"@type":"EntryPoint","urlTemplate":"https:\/\/www.safinel.fr\/?s={search_term_string}"},"query-input":{"@type":"PropertyValueSpecification","valueRequired":true,"valueName":"search_term_string"}}],"inLanguage":"de"},{"@type":"Organization","@id":"https:\/\/www.safinel.fr\/#organization","name":"Safinel","url":"https:\/\/www.safinel.fr\/","logo":{"@type":"ImageObject","inLanguage":"de","@id":"https:\/\/www.safinel.fr\/#\/schema\/logo\/image\/","url":"https:\/\/www.safinel.fr\/wp-content\/uploads\/2021\/05\/boutique-cosmetique.png","contentUrl":"https:\/\/www.safinel.fr\/wp-content\/uploads\/2021\/05\/boutique-cosmetique.png","width":800,"height":200,"caption":"Safinel"},"image":{"@id":"https:\/\/www.safinel.fr\/#\/schema\/logo\/image\/"}}]}},"_links":{"self":[{"href":"https:\/\/www.safinel.fr\/de\/wp-json\/wp\/v2\/product\/6279","targetHints":{"allow":["GET"]}}],"collection":[{"href":"https:\/\/www.safinel.fr\/de\/wp-json\/wp\/v2\/product"}],"about":[{"href":"https:\/\/www.safinel.fr\/de\/wp-json\/wp\/v2\/types\/product"}],"wp:featuredmedia":[{"embeddable":true,"href":"https:\/\/www.safinel.fr\/de\/wp-json\/wp\/v2\/media\/6280"}],"wp:attachment":[{"href":"https:\/\/www.safinel.fr\/de\/wp-json\/wp\/v2\/media?parent=6279"}],"wp:term":[{"taxonomy":"product_brand","embeddable":true,"href":"https:\/\/www.safinel.fr\/de\/wp-json\/wp\/v2\/product_brand?post=6279"},{"taxonomy":"product_cat","embeddable":true,"href":"https:\/\/www.safinel.fr\/de\/wp-json\/wp\/v2\/product_cat?post=6279"},{"taxonomy":"product_tag","embeddable":true,"href":"https:\/\/www.safinel.fr\/de\/wp-json\/wp\/v2\/product_tag?post=6279"}],"curies":[{"name":"wp","href":"https:\/\/api.w.org\/{rel}","templated":true}]}}