{"id":626,"date":"2021-12-19T14:27:46","date_gmt":"2021-12-19T14:27:46","guid":{"rendered":"https:\/\/www.safinel.fr\/?post_type=product&#038;p=626"},"modified":"2024-04-04T11:29:12","modified_gmt":"2024-04-04T11:29:12","slug":"shatavari-100g","status":"publish","type":"product","link":"https:\/\/www.safinel.fr\/de\/product-2\/shatavari-100g\/","title":{"rendered":"Shatavari 100g"},"content":{"rendered":"<p>Au\u00dferdem bieten sie Ihnen eine ganze Reihe nat\u00fcrlicher Produkte an,\u00a0<strong>Safinel<\/strong>\u00a0ist dazu da, Ihnen ein wenig mehr \u00fcber manchmal unbekannte Pflanzen beizubringen. Dies ist der Fall beim\u00a0<strong>shatavari.\u00a0<\/strong>Dies ist der englische Name, der dem Spargel Racemosus oder Traubenspargel gegeben wird. Kommt Ihnen das bekannt vor? Wenn nicht, erkl\u00e4ren wir es Ihnen!<\/p>\n<h2><strong>Der Shatavari oder der Freund der Frauen<\/strong><\/h2>\n<p>Shatavari ist eine Kletterpflanze, die besonders gerne in B\u00f6den w\u00e4chst, die\u00a0<strong>felsig<\/strong>\u00a0und\u00a0<strong>kiesig<\/strong>. Au\u00dferdem kann er bis zu 2 Meter hoch werden und produziert\u00a0<strong>Blumen<\/strong>\u00a0wei\u00df oder\u00a0<strong>Beeren<\/strong>\u00a0r\u00f6tlich-schwarz, je nach Jahreszeit. Seine Bl\u00e4tter sind \u00e4hnlich wie\u00a0<strong>Nadeln<\/strong>\u00a0aus Kiefernholz.<\/p>\n<p>Diese ayurvedische Pflanze ist im Himalaya und in Indien zu finden, wo sie sich gro\u00dfer Beliebtheit erfreut. Ihr indischer Name ist \u00fcbrigens nichts anderes als \u00abFreund der Frauen\u00bb, da sie von Frauen aus vielen Gr\u00fcnden verwendet wird. Die Wurzeln der Pflanze werden als Pulver, Kapseln oder in fl\u00fcssiger Form (Essenz) verwendet und konsumiert.<\/p>\n<h3><strong>Zoom auf die Vorteile von Shatavari\u00a0<\/strong><\/h3>\n<ul>\n<li><strong>Eine Pflanze f\u00fcr die Intimit\u00e4t von Frauen<\/strong><\/li>\n<\/ul>\n<p>Die meisten Frauen wenden sie bei Problemen an, die mit ihrer\u00a0<strong>Fruchtbarkeit<\/strong>\u00a0und der Behandlung von\u00a0<strong>pr\u00e4menstruelle Syndrome<\/strong>\u00a0die als PMS bezeichnet werden. Vorsicht und Sicherheit sind nat\u00fcrlich unser oberstes Gebot. Sprechen Sie mit Ihrem Arzt, bevor Sie es konsumieren. Au\u00dferdem hat es eine Wirkung\u00a0<strong>galaktogen<\/strong>. Dies rechtfertigt, dass Frauen, die ihr Baby stillen m\u00f6chten und den Wunsch haben\u00a0<strong>erh\u00f6hen<\/strong>\u00a0ihre\u00a0<strong>Produktion<\/strong>\u00a0von\u00a0<strong>Milch<\/strong>\u00a0sie konsumieren.<\/p>\n<p>Aber das ist noch nicht alles, er z\u00e4hlt noch weitere Vorteile f\u00fcr Frauen:<\/p>\n<ul>\n<li>Kampf gegen\u00a0<strong>Unfruchtbarkeit<\/strong>.<\/li>\n<li>Hilft, das Risiko von\u00a0<strong>Fehlgeburten<\/strong>\u00a0(da es ein Geb\u00e4rmuttertonikum ist)<\/li>\n<li>Erh\u00f6ht die Libido\/wirkt als\u00a0<strong>Aphrodisiakum<\/strong>.<\/li>\n<li>Lindert Syndrome\u00a0<strong>pr\u00e4menstruelle<\/strong>\u00a0und\u00a0<strong>Perimenopause.\u00a0<\/strong><\/li>\n<li>Lindert Schmerzen bei\u00a0<strong>Menstruation.\u00a0<\/strong><\/li>\n<li>Verringert die\u00a0<strong>vaginale Trockenheit.\u00a0<\/strong><\/li>\n<\/ul>\n<ul>\n<li><strong>Ein Sch\u00f6nheitsverb\u00fcndeter\u00a0<\/strong><\/li>\n<\/ul>\n<p>Neben der Aufrechterhaltung einer angenehmen Intimit\u00e4t hat Shatavari auch kosmetische Vorteile. Es hat eine Reihe von Vorteilen f\u00fcr die Haut. Es verleiht Ihnen einen sch\u00f6nen Teint\u00a0<strong>Kosten<\/strong>. Dar\u00fcber hinaus sind seine Tugenden auch\u00a0<strong>n\u00e4hrende<\/strong>,\u00a0<strong>Weichsp\u00fcler<\/strong>\u00a0und\u00a0<strong>weichmachend<\/strong>. Schlie\u00dflich wird Ihre Haut wieder eine echte\u00a0<strong>Tonus<\/strong>.<\/p>\n<ul>\n<li><strong>Shatavari, der Freund auch der M\u00e4nner!\u00a0<\/strong><\/li>\n<\/ul>\n<p>Ja, nicht nur die Frauen k\u00f6nnen von den vielen Vorteilen dieser Pflanze profitieren.<\/p>\n<p>Tats\u00e4chlich k\u00f6nnen M\u00e4nner auf den Traubenspargel insbesondere in Bezug auf Folgendes zur\u00fcckgreifen\u00a0<strong>Hilflosigkeit<\/strong>\u00a0und um eine bessere\u00a0<strong>Qualit\u00e4t<\/strong>\u00a0unter\u00a0<strong>Sperma<\/strong>\u00a0und\u00a0<strong>f\u00f6rdern<\/strong>\u00a0die\u00a0<a href=\"https:\/\/www.magicmaman.com\/,le-cycle-de-renouvellement-des-spermatozoides-chez-l-homme,2701190,3354860.asp\" target=\"_blank\" rel=\"noopener\"><strong>Spermienproduktion<\/strong><\/a>.<\/p>\n<h3><strong>Vielf\u00e4ltige Tugenden f\u00fcr den K\u00f6rper\u00a0<\/strong><\/h3>\n<p>Die Pflanze soll auch positive Eigenschaften haben\u00a0<strong>Antioxidantien<\/strong>\u00a0und\u00a0<strong>antibakteriell<\/strong>\u00a0und k\u00f6nnte den\u00a0<strong>Immunsystem<\/strong>. Dar\u00fcber hinaus gilt f\u00fcr Menschen mit\u00a0<strong>Diabetes<\/strong>, Sie ist ein gutes Mittel, um die Sekretion von Hormonen zu f\u00f6rdern.\u2019<strong>Insulin<\/strong>. Sie wird auch empfohlen f\u00fcr Personen, die an folgenden Krankheiten leiden\u00a0<strong>Wassereinlagerungen.<\/strong>\u00a0Ebenso ist sie ein Verb\u00fcndeter gegen die\u00a0<strong>Husten<\/strong>, erm\u00f6glicht die Erh\u00f6hung von\u00a0<strong>wei\u00dfe Blutk\u00f6rperchen<\/strong>\u00a0und hilft bei der Behandlung von\u00a0<strong>Nieren<\/strong>.<\/p>\n<p>Dar\u00fcber hinaus ist Shatavari ein ausgezeichneter Partner bei Problemen im Zusammenhang mit\u00a0<strong>der Magen<\/strong>. Tats\u00e4chlich wurde auch wissenschaftlich nachgewiesen, dass Shatavari wirksam ist, wenn Menschen leiden unter\u00a0<strong>von Magengeschw\u00fcren<\/strong>\u00a0oder auch von St\u00f6rungen der\u00a0<strong>Verdauung<\/strong>. Tats\u00e4chlich ist seine Wirkung vorteilhaft, denn er bek\u00e4mpft S\u00e4ure und Verbrennungen, indem er die W\u00e4nde und Schleimh\u00e4ute sch\u00fctzt. Er besitzt Vorteile\u00a0<strong>Diuretika<\/strong>\u00a0und\u00a0<strong>krampfl\u00f6sende Mittel<\/strong>.<\/p>\n<p>Schlie\u00dflich ist Shatavari besonders gut f\u00fcr Menschen\u00a0<strong>\u00e4ngstlich<\/strong>\u00a0und es w\u00fcrde dem K\u00f6rper auch helfen, besser\u00a0<strong>Stress widerstehen<\/strong>.<\/p>\n<h2><strong>Wie wird der Traubenspargel verzehrt?\u00a0<\/strong><\/h2>\n<p>Normalerweise wird Shatavari-Pulver mit Honig, braunem Zucker, als Tee oder in Milch verzehrt.<\/p>\n<p>Zum Beispiel k\u00f6nnen Sie es ganz einfach in Ihren Fruchtsaft, Ihre Tasse Tee oder auch in Ihr Glas Wasser mischen.<\/p>\n<p>Manchmal wird es mit einem Fett wie Kokos\u00f6l oder auch gekl\u00e4rter Butter vermischt.<\/p>\n<p>Schlie\u00dflich kann er auch in einer mit Honig ges\u00fc\u00dften Tasse hei\u00dfer Milch verzehrt werden. Sie haben auch die M\u00f6glichkeit, eine Pflanzenmilch zu verwenden, ganz nach Ihrem Geschmack.<\/p>\n<p>Sie k\u00f6nnen t\u00e4glich ein bis zwei L\u00f6ffel davon zu sich nehmen. Achten Sie jedoch darauf, dass die Kur nicht l\u00e4nger als drei Monate dauert.<\/p>\n<p>Lassen Sie sich vor der Einnahme auch von einer medizinischen Fachkraft beraten.<\/p>\n<p>Shatavari ist kein Ersatz f\u00fcr Ihre laufende medikament\u00f6se Behandlung.<\/p>\n<p>Haben Sie Lust, Ihre Haut auf nat\u00fcrliche Weise zu pflegen? Lassen Sie sich von der\u00a0<strong><a href=\"https:\/\/www.safinel.fr\/de\/product-2\/festes-shampoo-mit-nigella-60g-nigella-quelle\/\">festes Shampoo mit Nigella<\/a>\u00a0<\/strong>oder das unumg\u00e4ngliche\u00a0<a href=\"https:\/\/www.safinel.fr\/de\/product-2\/karite-vegetal-butter-brut-certified-organic-100ml\/\"><strong>rohe, biozertifizierte Karit\u00e9-Pflanzenbutter<\/strong><\/a>. F\u00fcr die ganze Familie auf K\u00f6rper, Gesicht und Haar zu verwenden.<\/p>","protected":false},"excerpt":{"rendered":"<p>En plus de vous proposer une panoplie de produits naturels,\u00a0Safinel\u00a0est l\u00e0 pour vous en apprendre un peu plus sur des plantes parfois m\u00e9connues. C&rsquo;est le cas du\u00a0shatavari.\u00a0Il s&rsquo;agit du nom anglais qui est donn\u00e9 l&rsquo;Asparagus Racemosus ou asperge \u00e0 grappes. \u00c7a vous dit quelque chose ? Si non, on vous explique ! Le shatavari ou [&#8230;]","protected":false},"featured_media":627,"template":"","meta":[],"product_brand":[],"product_cat":[23],"product_tag":[],"class_list":{"0":"post-626","1":"product","2":"type-product","3":"status-publish","4":"has-post-thumbnail","6":"product_cat-hygiene-feminine","8":"first","9":"outofstock","10":"shipping-taxable","11":"purchasable","12":"product-type-simple"},"yoast_head":"<!-- This site is optimized with the Yoast SEO plugin v26.6 - https:\/\/yoast.com\/wordpress\/plugins\/seo\/ -->\n<title>Shatavari | Bienfaits nombreux de l&#039;asperge \u00e0 grappes<\/title>\n<meta name=\"description\" content=\"Safinel\u00a0est l\u00e0 pour vous en apprendre un peu plus sur des plantes parfois m\u00e9connues. C&#039;est le cas du\u00a0shatavari.\u00a0D\u00e9couvrez-l\u00e0 !\" \/>\n<meta name=\"robots\" content=\"index, follow, max-snippet:-1, max-image-preview:large, max-video-preview:-1\" \/>\n<link rel=\"canonical\" href=\"https:\/\/www.safinel.fr\/de\/product-2\/shatavari-100g\/\" \/>\n<meta property=\"og:locale\" content=\"de_DE\" \/>\n<meta property=\"og:type\" content=\"article\" \/>\n<meta property=\"og:title\" content=\"Shatavari | Bienfaits nombreux de l&#039;asperge \u00e0 grappes\" \/>\n<meta property=\"og:description\" content=\"Safinel\u00a0est l\u00e0 pour vous en apprendre un peu plus sur des plantes parfois m\u00e9connues. C&#039;est le cas du\u00a0shatavari.\u00a0D\u00e9couvrez-l\u00e0 !\" \/>\n<meta property=\"og:url\" content=\"https:\/\/www.safinel.fr\/de\/product-2\/shatavari-100g\/\" \/>\n<meta property=\"og:site_name\" content=\"Safinel\" \/>\n<meta property=\"article:modified_time\" content=\"2024-04-04T11:29:12+00:00\" \/>\n<meta property=\"og:image\" content=\"https:\/\/www.safinel.fr\/wp-content\/uploads\/2021\/12\/shatavari.jpg\" \/>\n\t<meta property=\"og:image:width\" content=\"600\" \/>\n\t<meta property=\"og:image:height\" content=\"600\" \/>\n\t<meta property=\"og:image:type\" content=\"image\/jpeg\" \/>\n<meta name=\"twitter:card\" content=\"summary_large_image\" \/>\n<meta name=\"twitter:label1\" content=\"Gesch\u00e4tzte Lesezeit\" \/>\n\t<meta name=\"twitter:data1\" content=\"4\u00a0Minuten\" \/>\n<script type=\"application\/ld+json\" class=\"yoast-schema-graph\">{\"@context\":\"https:\/\/schema.org\",\"@graph\":[{\"@type\":\"WebPage\",\"@id\":\"https:\/\/www.safinel.fr\/produit\/shatavari-100g\/\",\"url\":\"https:\/\/www.safinel.fr\/produit\/shatavari-100g\/\",\"name\":\"Shatavari | Bienfaits nombreux de l'asperge \u00e0 grappes\",\"isPartOf\":{\"@id\":\"https:\/\/www.safinel.fr\/#website\"},\"primaryImageOfPage\":{\"@id\":\"https:\/\/www.safinel.fr\/produit\/shatavari-100g\/#primaryimage\"},\"image\":{\"@id\":\"https:\/\/www.safinel.fr\/produit\/shatavari-100g\/#primaryimage\"},\"thumbnailUrl\":\"https:\/\/www.safinel.fr\/wp-content\/uploads\/2021\/12\/shatavari.jpg\",\"datePublished\":\"2021-12-19T14:27:46+00:00\",\"dateModified\":\"2024-04-04T11:29:12+00:00\",\"description\":\"Safinel\u00a0est l\u00e0 pour vous en apprendre un peu plus sur des plantes parfois m\u00e9connues. C'est le cas du\u00a0shatavari.\u00a0D\u00e9couvrez-l\u00e0 !\",\"breadcrumb\":{\"@id\":\"https:\/\/www.safinel.fr\/produit\/shatavari-100g\/#breadcrumb\"},\"inLanguage\":\"de\",\"potentialAction\":[{\"@type\":\"ReadAction\",\"target\":[\"https:\/\/www.safinel.fr\/produit\/shatavari-100g\/\"]}]},{\"@type\":\"ImageObject\",\"inLanguage\":\"de\",\"@id\":\"https:\/\/www.safinel.fr\/produit\/shatavari-100g\/#primaryimage\",\"url\":\"https:\/\/www.safinel.fr\/wp-content\/uploads\/2021\/12\/shatavari.jpg\",\"contentUrl\":\"https:\/\/www.safinel.fr\/wp-content\/uploads\/2021\/12\/shatavari.jpg\",\"width\":600,\"height\":600,\"caption\":\"Shatavari 100g\"},{\"@type\":\"BreadcrumbList\",\"@id\":\"https:\/\/www.safinel.fr\/produit\/shatavari-100g\/#breadcrumb\",\"itemListElement\":[{\"@type\":\"ListItem\",\"position\":1,\"name\":\"Accueil\",\"item\":\"https:\/\/www.safinel.fr\/\"},{\"@type\":\"ListItem\",\"position\":2,\"name\":\"Boutique\",\"item\":\"https:\/\/www.safinel.fr\/boutique\/\"},{\"@type\":\"ListItem\",\"position\":3,\"name\":\"Shatavari 100g\"}]},{\"@type\":\"WebSite\",\"@id\":\"https:\/\/www.safinel.fr\/#website\",\"url\":\"https:\/\/www.safinel.fr\/\",\"name\":\"Safinel\",\"description\":\"\",\"publisher\":{\"@id\":\"https:\/\/www.safinel.fr\/#organization\"},\"potentialAction\":[{\"@type\":\"SearchAction\",\"target\":{\"@type\":\"EntryPoint\",\"urlTemplate\":\"https:\/\/www.safinel.fr\/?s={search_term_string}\"},\"query-input\":{\"@type\":\"PropertyValueSpecification\",\"valueRequired\":true,\"valueName\":\"search_term_string\"}}],\"inLanguage\":\"de\"},{\"@type\":\"Organization\",\"@id\":\"https:\/\/www.safinel.fr\/#organization\",\"name\":\"Safinel\",\"url\":\"https:\/\/www.safinel.fr\/\",\"logo\":{\"@type\":\"ImageObject\",\"inLanguage\":\"de\",\"@id\":\"https:\/\/www.safinel.fr\/#\/schema\/logo\/image\/\",\"url\":\"https:\/\/www.safinel.fr\/wp-content\/uploads\/2021\/05\/boutique-cosmetique.png\",\"contentUrl\":\"https:\/\/www.safinel.fr\/wp-content\/uploads\/2021\/05\/boutique-cosmetique.png\",\"width\":800,\"height\":200,\"caption\":\"Safinel\"},\"image\":{\"@id\":\"https:\/\/www.safinel.fr\/#\/schema\/logo\/image\/\"}}]}<\/script>\n<!-- \/ Yoast SEO plugin. -->","yoast_head_json":{"title":"Shatavari | Zahlreiche Vorteile von Traubenspargel","description":"Safinel ist hier, um Ihnen etwas mehr \u00fcber manchmal unbekannte Pflanzen beizubringen. Das ist bei Shatavari der Fall. Entdecken Sie sie!","robots":{"index":"index","follow":"follow","max-snippet":"max-snippet:-1","max-image-preview":"max-image-preview:large","max-video-preview":"max-video-preview:-1"},"canonical":"https:\/\/www.safinel.fr\/de\/product-2\/shatavari-100g\/","og_locale":"de_DE","og_type":"article","og_title":"Shatavari | Bienfaits nombreux de l'asperge \u00e0 grappes","og_description":"Safinel\u00a0est l\u00e0 pour vous en apprendre un peu plus sur des plantes parfois m\u00e9connues. C'est le cas du\u00a0shatavari.\u00a0D\u00e9couvrez-l\u00e0 !","og_url":"https:\/\/www.safinel.fr\/de\/product-2\/shatavari-100g\/","og_site_name":"Safinel","article_modified_time":"2024-04-04T11:29:12+00:00","og_image":[{"width":600,"height":600,"url":"https:\/\/www.safinel.fr\/wp-content\/uploads\/2021\/12\/shatavari.jpg","type":"image\/jpeg"}],"twitter_card":"summary_large_image","twitter_misc":{"Gesch\u00e4tzte Lesezeit":"4\u00a0Minuten"},"schema":{"@context":"https:\/\/schema.org","@graph":[{"@type":"WebPage","@id":"https:\/\/www.safinel.fr\/produit\/shatavari-100g\/","url":"https:\/\/www.safinel.fr\/produit\/shatavari-100g\/","name":"Shatavari | Zahlreiche Vorteile von Traubenspargel","isPartOf":{"@id":"https:\/\/www.safinel.fr\/#website"},"primaryImageOfPage":{"@id":"https:\/\/www.safinel.fr\/produit\/shatavari-100g\/#primaryimage"},"image":{"@id":"https:\/\/www.safinel.fr\/produit\/shatavari-100g\/#primaryimage"},"thumbnailUrl":"https:\/\/www.safinel.fr\/wp-content\/uploads\/2021\/12\/shatavari.jpg","datePublished":"2021-12-19T14:27:46+00:00","dateModified":"2024-04-04T11:29:12+00:00","description":"Safinel ist hier, um Ihnen etwas mehr \u00fcber manchmal unbekannte Pflanzen beizubringen. Das ist bei Shatavari der Fall. Entdecken Sie sie!","breadcrumb":{"@id":"https:\/\/www.safinel.fr\/produit\/shatavari-100g\/#breadcrumb"},"inLanguage":"de","potentialAction":[{"@type":"ReadAction","target":["https:\/\/www.safinel.fr\/produit\/shatavari-100g\/"]}]},{"@type":"ImageObject","inLanguage":"de","@id":"https:\/\/www.safinel.fr\/produit\/shatavari-100g\/#primaryimage","url":"https:\/\/www.safinel.fr\/wp-content\/uploads\/2021\/12\/shatavari.jpg","contentUrl":"https:\/\/www.safinel.fr\/wp-content\/uploads\/2021\/12\/shatavari.jpg","width":600,"height":600,"caption":"Shatavari 100g"},{"@type":"BreadcrumbList","@id":"https:\/\/www.safinel.fr\/produit\/shatavari-100g\/#breadcrumb","itemListElement":[{"@type":"ListItem","position":1,"name":"Accueil","item":"https:\/\/www.safinel.fr\/"},{"@type":"ListItem","position":2,"name":"Boutique","item":"https:\/\/www.safinel.fr\/boutique\/"},{"@type":"ListItem","position":3,"name":"Shatavari 100g"}]},{"@type":"WebSite","@id":"https:\/\/www.safinel.fr\/#website","url":"https:\/\/www.safinel.fr\/","name":"Safinel","description":"","publisher":{"@id":"https:\/\/www.safinel.fr\/#organization"},"potentialAction":[{"@type":"SearchAction","target":{"@type":"EntryPoint","urlTemplate":"https:\/\/www.safinel.fr\/?s={search_term_string}"},"query-input":{"@type":"PropertyValueSpecification","valueRequired":true,"valueName":"search_term_string"}}],"inLanguage":"de"},{"@type":"Organization","@id":"https:\/\/www.safinel.fr\/#organization","name":"Safinel","url":"https:\/\/www.safinel.fr\/","logo":{"@type":"ImageObject","inLanguage":"de","@id":"https:\/\/www.safinel.fr\/#\/schema\/logo\/image\/","url":"https:\/\/www.safinel.fr\/wp-content\/uploads\/2021\/05\/boutique-cosmetique.png","contentUrl":"https:\/\/www.safinel.fr\/wp-content\/uploads\/2021\/05\/boutique-cosmetique.png","width":800,"height":200,"caption":"Safinel"},"image":{"@id":"https:\/\/www.safinel.fr\/#\/schema\/logo\/image\/"}}]}},"_links":{"self":[{"href":"https:\/\/www.safinel.fr\/de\/wp-json\/wp\/v2\/product\/626","targetHints":{"allow":["GET"]}}],"collection":[{"href":"https:\/\/www.safinel.fr\/de\/wp-json\/wp\/v2\/product"}],"about":[{"href":"https:\/\/www.safinel.fr\/de\/wp-json\/wp\/v2\/types\/product"}],"wp:featuredmedia":[{"embeddable":true,"href":"https:\/\/www.safinel.fr\/de\/wp-json\/wp\/v2\/media\/627"}],"wp:attachment":[{"href":"https:\/\/www.safinel.fr\/de\/wp-json\/wp\/v2\/media?parent=626"}],"wp:term":[{"taxonomy":"product_brand","embeddable":true,"href":"https:\/\/www.safinel.fr\/de\/wp-json\/wp\/v2\/product_brand?post=626"},{"taxonomy":"product_cat","embeddable":true,"href":"https:\/\/www.safinel.fr\/de\/wp-json\/wp\/v2\/product_cat?post=626"},{"taxonomy":"product_tag","embeddable":true,"href":"https:\/\/www.safinel.fr\/de\/wp-json\/wp\/v2\/product_tag?post=626"}],"curies":[{"name":"wp","href":"https:\/\/api.w.org\/{rel}","templated":true}]}}