{"id":6251,"date":"2023-05-28T21:02:33","date_gmt":"2023-05-28T21:02:33","guid":{"rendered":"https:\/\/www.safinel.fr\/?post_type=product&#038;p=6251"},"modified":"2025-10-14T13:56:38","modified_gmt":"2025-10-14T13:56:38","slug":"suskartoffelblatter","status":"publish","type":"product","link":"https:\/\/www.safinel.fr\/de\/product-2\/suskartoffelblatter\/","title":{"rendered":"Bl\u00e4tter der S\u00fc\u00dfkartoffel"},"content":{"rendered":"<p>Wir alle kennen die S\u00fc\u00dfkartoffel aus der K\u00fcche, aber wussten Sie, dass auch ihre Bl\u00e4tter essbar sind und viele positive Eigenschaften haben? Bleiben Sie dran! Wir verraten Ihnen gleich mehr \u00fcber die\u00a0<strong>S\u00fc\u00dfkartoffelbl\u00e4tter,<\/strong>\u00a0ihre Vorteile und ihre Verwendung!<\/p>\n<h2><strong>Auf Tuchf\u00fchlung mit den Bl\u00e4ttern der S\u00fc\u00dfkartoffel!<\/strong><\/h2>\n<p>Zun\u00e4chst einmal ist es gut zu wissen, dass im Gegensatz zu den herk\u00f6mmlichen Kartoffelbl\u00e4ttern, die f\u00fcr den K\u00f6rper giftig sind, die Bl\u00e4tter der S\u00fc\u00dfkartoffelpflanzen und ihre St\u00e4ngel v\u00f6llig essbar sind!<\/p>\n<p>In der Tat gelten die Bl\u00e4tter der S\u00fc\u00dfkartoffel als\u00a0<strong>Blattgem\u00fcse<\/strong>\u00a0als eigenst\u00e4ndige Pflanzen und werden in den Tropen viel gegessen.<\/p>\n<p>So findet man sie in der K\u00fcche in der\u00a0<strong>Subsahara-Region<\/strong>\u00a0(Guinea, Kongo, Mali, Madagaskar...). Aber auch in der\u00a0<strong>asiatische K\u00fcche<\/strong>\u00a0(China, Korea, Philippinen ...) in verschiedenen Gerichten.<\/p>\n<p>Im Kongo zum Beispiel bereitet man sie als Blattso\u00dfe zu, die man \u00ab?\u00ab\u00a0<strong>matte<\/strong>\u00a0\u00bb auf Lingala.<\/p>\n<p>Was schlie\u00dflich die Konsistenz dieser Bl\u00e4tter betrifft, so sind diese\u00a0<strong>leicht gelatineartig alles<\/strong>\u00a0indem du bleibst\u00a0<strong>zart schmelzend<\/strong>\u00a0und\u00a0<strong>leicht knusprig<\/strong>. Sie schmecken gut und sind wie Blattspinat sehr einfach zuzubereiten.<\/p>\n<p>Ihre Farbe variiert von dunkelgr\u00fcn \u00fcber violett bis hin zu purpurrot.<\/p>\n<h2><strong>Gesundheitliche Vorteile<\/strong><\/h2>\n<p>Die Bl\u00e4tter der S\u00fc\u00dfkartoffel sind voller Ressourcen f\u00fcr den K\u00f6rper.<\/p>\n<p>Diese sind n\u00e4mlich reicher an\u00a0<strong>Beta-Carotin<\/strong>,\u00a0<strong>Proteine<\/strong>,\u00a0<strong>Phosphor<\/strong>,\u00a0<strong>Eisen\u00a0<\/strong>und\u00a0<strong>Vitamin C<\/strong>\u00a0als Spinatbl\u00e4tter und sind\u00a0<strong>sehr kalorienarm<\/strong>.<\/p>\n<p>Sie sind auch\u00a0<strong>reich an Ballaststoffen<\/strong>\u00a0und in\u00a0<strong>phenolische Verbindungen<\/strong>\u00a0und enthalten auch\u00a0<strong>Anthocyanine<\/strong>.<\/p>\n<p>Au\u00dferdem ist dieses Blattgem\u00fcse eine\u00a0<strong>enorme Quelle f\u00fcr Vitamin A.\u00a0<\/strong>Dabei ist zu beachten, dass je dunkler die Farbe der Bl\u00e4tter ist, desto mehr Vitamin A enthalten sie. Seine Zusammensetzung macht ihn also zu einem der am meisten\u00a0<strong>reich an Antioxidantien<\/strong>\u00a0in Asien vorhanden (laut FAO.)<\/p>\n<p>Schlie\u00dflich ist diese Pflanze eine gro\u00dfe Quelle f\u00fcr\u00a0<strong>Vitamin B2<\/strong>,\u00a0<strong>Vitamin C\u00a0<\/strong>und\u00a0<strong>Mineralsalze<\/strong>.<\/p>\n<h2><strong>Zu den Eigenschaften der Bl\u00e4tter der S\u00fc\u00dfkartoffel :<\/strong><\/h2>\n<ul>\n<li>Sie helfen bei\u00a0<strong>Herz-Kreislauf-Erkrankungen vorbeugen<\/strong>.<\/li>\n<\/ul>\n<ul>\n<li>Aber auch in\u00a0<strong>Zellmutationen vorbeugen<\/strong>\u00a0und die\u00a0<strong>Wachstum von Krebszellen<\/strong>\u00a0indem sie sie verhindern.<\/li>\n<\/ul>\n<ul>\n<li>Die Bl\u00e4tter der S\u00fc\u00dfkartoffel werden auch in\u00a0<strong>traditionelle Medizin<\/strong>. Zum Beispiel in Ghana verwendeten die Akan-St\u00e4mme diese Pflanze, um die\u00a0<strong>Typ-2-Diabetes<\/strong>. In Brasilien wurden sie zur Behandlung von\u00a0<strong>infekti\u00f6se oder entz\u00fcndliche Erkrankungen des Mund- und Rachenraums<\/strong>.<\/li>\n<\/ul>\n<ul>\n<li>Die\u00a0<strong>Wirkstoffe<\/strong>\u00a0der Bl\u00e4tter erhalten sich konzentriert durch\u00a0<strong>Dekokt<\/strong>. Das Verfahren, mit dem die Wirkstoffe aus der Pflanze extrahiert werden, f\u00fchrt also zu einer aktiven Mischung. Diese Mischung ist also\u00a0<strong><a href=\"https:\/\/www.safinel.fr\/de\/product-2\/bazooka-creme\/\">Aphrodisiakum<\/a>, Es ist ein nat\u00fcrliches Mittel, um den K\u00f6rper zu st\u00e4rken, zu entw\u00e4ssern, abzuf\u00fchren, zusammenzuziehen, weich zu machen, bakterizid und fungizid zu machen.<\/strong><\/li>\n<\/ul>\n<h3><strong>Wie kann man die Bl\u00e4tter der S\u00fc\u00dfkartoffel in der K\u00fcche verwenden?<\/strong><\/h3>\n<p>Die Bl\u00e4tter k\u00f6nnen sowohl roh als auch gekocht verzehrt werden, es gibt also mehrere M\u00f6glichkeiten, sie zuzubereiten.<\/p>\n<p>Zun\u00e4chst einmal k\u00f6nnen Sie\u00a0<strong>sie wie Spinat zubereiten<\/strong>\u00a0als Beilage zu Reis und Fleisch, Fisch oder in einem Omelett, einer Quiche oder als Zutat in Eint\u00f6pfen und Suppen. Sie k\u00f6nnen sie auch nach einem Rezept von\u00a0<strong>matte<\/strong>\u00a0oder in der Pfanne anbraten\/anbraten, in eine F\u00fcllung einarbeiten usw.<\/p>\n<p>Schlie\u00dflich k\u00f6nnen Sie die Bl\u00e4tter auch zu Ihren\u00a0<strong>Salate\u00a0<\/strong>oder sie in Ihre\u00a0<strong>S\u00e4fte und Smoothies<\/strong>. Die Bl\u00e4tter der S\u00fc\u00dfkartoffel sind ein\u00a0<strong>sehr gute Nahrung sowohl f\u00fcr Schwangere, Stillende als auch f\u00fcr Babys<\/strong>\u00a0!<\/p>\n<p>Schlie\u00dflich erweisen sich die Bl\u00e4tter, die reich an n\u00fctzlichen Inhaltsstoffen und Antioxidantien sind, auch f\u00fcr die\u00a0<strong>Sch\u00f6nheit und Gesundheit von Haut und Haaren<\/strong>\u00a0!<\/p>","protected":false},"excerpt":{"rendered":"<p><strong>Einige Vorteile :\u00a0<\/strong><\/p>\n<ul>\n<li>Sie helfen bei\u00a0<strong>Herz-Kreislauf-Erkrankungen vorbeugen<\/strong>.<\/li>\n<li>Aber auch in\u00a0<strong>Zellmutationen vorbeugen<\/strong>\u00a0und die\u00a0<strong>Wachstum von Krebszellen<\/strong>\u00a0indem sie sie verhindern.<\/li>\n<li>Die Bl\u00e4tter der S\u00fc\u00dfkartoffel werden auch in\u00a0<strong>traditionelle Medizin<\/strong>. Zum Beispiel in Ghana verwendeten die Akan-St\u00e4mme diese Pflanze, um die\u00a0<strong>Typ-2-Diabetes<\/strong>. In Brasilien wurden sie zur Behandlung von\u00a0<strong>infekti\u00f6se oder entz\u00fcndliche Erkrankungen des Mund- und Rachenraums<\/strong>.<\/li>\n<\/ul>\n<p><img decoding=\"async\" class=\"size-full wp-image-5091 aligncenter\" src=\"https:\/\/www.safinel.fr\/wp-content\/uploads\/2021\/06\/BANNIERE-ICONE-SAFINEL.webp\" alt=\"Satines-R\u00fcckversicherung\" width=\"800\" height=\"200\" srcset=\"https:\/\/www.safinel.fr\/wp-content\/uploads\/2021\/06\/BANNIERE-ICONE-SAFINEL.webp 800w, https:\/\/www.safinel.fr\/wp-content\/uploads\/2021\/06\/BANNIERE-ICONE-SAFINEL-600x150.webp 600w, https:\/\/www.safinel.fr\/wp-content\/uploads\/2021\/06\/BANNIERE-ICONE-SAFINEL-768x192.webp 768w\" sizes=\"(max-width: 800px) 100vw, 800px\" \/><\/p>","protected":false},"featured_media":6252,"template":"","meta":[],"product_brand":[],"product_cat":[150],"product_tag":[],"class_list":{"0":"post-6251","1":"product","2":"type-product","3":"status-publish","4":"has-post-thumbnail","6":"product_cat-legume-africain","8":"first","9":"instock","10":"shipping-taxable","11":"purchasable","12":"product-type-variable"},"yoast_head":"<!-- This site is optimized with the Yoast SEO plugin v26.6 - https:\/\/yoast.com\/wordpress\/plugins\/seo\/ -->\n<title>Feuilles de patate douce I Achat, Utilisation et bienfaits<\/title>\n<meta name=\"description\" content=\"Ici, notre \u00e9quipe vous en dit tout de suite plus sur les\u00a0feuilles de patate douce,\u00a0leurs bienfaits et leurs utilisations !\" \/>\n<meta name=\"robots\" content=\"index, follow, max-snippet:-1, max-image-preview:large, max-video-preview:-1\" \/>\n<link rel=\"canonical\" href=\"https:\/\/www.safinel.fr\/de\/product-2\/suskartoffelblatter\/\" \/>\n<meta property=\"og:locale\" content=\"de_DE\" \/>\n<meta property=\"og:type\" content=\"article\" \/>\n<meta property=\"og:title\" content=\"Feuilles de patate douce I Achat, Utilisation et bienfaits\" \/>\n<meta property=\"og:description\" content=\"Ici, notre \u00e9quipe vous en dit tout de suite plus sur les\u00a0feuilles de patate douce,\u00a0leurs bienfaits et leurs utilisations !\" \/>\n<meta property=\"og:url\" content=\"https:\/\/www.safinel.fr\/de\/product-2\/suskartoffelblatter\/\" \/>\n<meta property=\"og:site_name\" content=\"Safinel\" \/>\n<meta property=\"article:modified_time\" content=\"2025-10-14T13:56:38+00:00\" \/>\n<meta property=\"og:image\" content=\"https:\/\/www.safinel.fr\/wp-content\/uploads\/2023\/05\/patate-douce-site.jpg\" \/>\n\t<meta property=\"og:image:width\" content=\"600\" \/>\n\t<meta property=\"og:image:height\" content=\"600\" \/>\n\t<meta property=\"og:image:type\" content=\"image\/jpeg\" \/>\n<meta name=\"twitter:card\" content=\"summary_large_image\" \/>\n<meta name=\"twitter:label1\" content=\"Gesch\u00e4tzte Lesezeit\" \/>\n\t<meta name=\"twitter:data1\" content=\"3\u00a0Minuten\" \/>\n<script type=\"application\/ld+json\" class=\"yoast-schema-graph\">{\"@context\":\"https:\/\/schema.org\",\"@graph\":[{\"@type\":\"WebPage\",\"@id\":\"https:\/\/www.safinel.fr\/produit\/feuilles-de-patate-douce\/\",\"url\":\"https:\/\/www.safinel.fr\/produit\/feuilles-de-patate-douce\/\",\"name\":\"Feuilles de patate douce I Achat, Utilisation et bienfaits\",\"isPartOf\":{\"@id\":\"https:\/\/www.safinel.fr\/#website\"},\"primaryImageOfPage\":{\"@id\":\"https:\/\/www.safinel.fr\/produit\/feuilles-de-patate-douce\/#primaryimage\"},\"image\":{\"@id\":\"https:\/\/www.safinel.fr\/produit\/feuilles-de-patate-douce\/#primaryimage\"},\"thumbnailUrl\":\"https:\/\/www.safinel.fr\/wp-content\/uploads\/2023\/05\/patate-douce-site.jpg\",\"datePublished\":\"2023-05-28T21:02:33+00:00\",\"dateModified\":\"2025-10-14T13:56:38+00:00\",\"description\":\"Ici, notre \u00e9quipe vous en dit tout de suite plus sur les\u00a0feuilles de patate douce,\u00a0leurs bienfaits et leurs utilisations !\",\"breadcrumb\":{\"@id\":\"https:\/\/www.safinel.fr\/produit\/feuilles-de-patate-douce\/#breadcrumb\"},\"inLanguage\":\"de\",\"potentialAction\":[{\"@type\":\"ReadAction\",\"target\":[\"https:\/\/www.safinel.fr\/produit\/feuilles-de-patate-douce\/\"]}]},{\"@type\":\"ImageObject\",\"inLanguage\":\"de\",\"@id\":\"https:\/\/www.safinel.fr\/produit\/feuilles-de-patate-douce\/#primaryimage\",\"url\":\"https:\/\/www.safinel.fr\/wp-content\/uploads\/2023\/05\/patate-douce-site.jpg\",\"contentUrl\":\"https:\/\/www.safinel.fr\/wp-content\/uploads\/2023\/05\/patate-douce-site.jpg\",\"width\":600,\"height\":600,\"caption\":\"Feuilles de patate douce\"},{\"@type\":\"BreadcrumbList\",\"@id\":\"https:\/\/www.safinel.fr\/produit\/feuilles-de-patate-douce\/#breadcrumb\",\"itemListElement\":[{\"@type\":\"ListItem\",\"position\":1,\"name\":\"Accueil\",\"item\":\"https:\/\/www.safinel.fr\/\"},{\"@type\":\"ListItem\",\"position\":2,\"name\":\"Boutique\",\"item\":\"https:\/\/www.safinel.fr\/boutique\/\"},{\"@type\":\"ListItem\",\"position\":3,\"name\":\"Feuilles de patate douce\"}]},{\"@type\":\"WebSite\",\"@id\":\"https:\/\/www.safinel.fr\/#website\",\"url\":\"https:\/\/www.safinel.fr\/\",\"name\":\"Safinel\",\"description\":\"\",\"publisher\":{\"@id\":\"https:\/\/www.safinel.fr\/#organization\"},\"potentialAction\":[{\"@type\":\"SearchAction\",\"target\":{\"@type\":\"EntryPoint\",\"urlTemplate\":\"https:\/\/www.safinel.fr\/?s={search_term_string}\"},\"query-input\":{\"@type\":\"PropertyValueSpecification\",\"valueRequired\":true,\"valueName\":\"search_term_string\"}}],\"inLanguage\":\"de\"},{\"@type\":\"Organization\",\"@id\":\"https:\/\/www.safinel.fr\/#organization\",\"name\":\"Safinel\",\"url\":\"https:\/\/www.safinel.fr\/\",\"logo\":{\"@type\":\"ImageObject\",\"inLanguage\":\"de\",\"@id\":\"https:\/\/www.safinel.fr\/#\/schema\/logo\/image\/\",\"url\":\"https:\/\/www.safinel.fr\/wp-content\/uploads\/2021\/05\/boutique-cosmetique.png\",\"contentUrl\":\"https:\/\/www.safinel.fr\/wp-content\/uploads\/2021\/05\/boutique-cosmetique.png\",\"width\":800,\"height\":200,\"caption\":\"Safinel\"},\"image\":{\"@id\":\"https:\/\/www.safinel.fr\/#\/schema\/logo\/image\/\"}}]}<\/script>\n<!-- \/ Yoast SEO plugin. -->","yoast_head_json":{"title":"S\u00fc\u00dfkartoffelbl\u00e4tter I Kauf, Verwendung und Vorteile","description":"Hier erz\u00e4hlt Ihnen unser Team sofort mehr \u00fcber S\u00fc\u00dfkartoffelbl\u00e4tter, ihre Vorteile und ihre Verwendung!","robots":{"index":"index","follow":"follow","max-snippet":"max-snippet:-1","max-image-preview":"max-image-preview:large","max-video-preview":"max-video-preview:-1"},"canonical":"https:\/\/www.safinel.fr\/de\/product-2\/suskartoffelblatter\/","og_locale":"de_DE","og_type":"article","og_title":"Feuilles de patate douce I Achat, Utilisation et bienfaits","og_description":"Ici, notre \u00e9quipe vous en dit tout de suite plus sur les\u00a0feuilles de patate douce,\u00a0leurs bienfaits et leurs utilisations !","og_url":"https:\/\/www.safinel.fr\/de\/product-2\/suskartoffelblatter\/","og_site_name":"Safinel","article_modified_time":"2025-10-14T13:56:38+00:00","og_image":[{"width":600,"height":600,"url":"https:\/\/www.safinel.fr\/wp-content\/uploads\/2023\/05\/patate-douce-site.jpg","type":"image\/jpeg"}],"twitter_card":"summary_large_image","twitter_misc":{"Gesch\u00e4tzte Lesezeit":"3\u00a0Minuten"},"schema":{"@context":"https:\/\/schema.org","@graph":[{"@type":"WebPage","@id":"https:\/\/www.safinel.fr\/produit\/feuilles-de-patate-douce\/","url":"https:\/\/www.safinel.fr\/produit\/feuilles-de-patate-douce\/","name":"S\u00fc\u00dfkartoffelbl\u00e4tter I Kauf, Verwendung und Vorteile","isPartOf":{"@id":"https:\/\/www.safinel.fr\/#website"},"primaryImageOfPage":{"@id":"https:\/\/www.safinel.fr\/produit\/feuilles-de-patate-douce\/#primaryimage"},"image":{"@id":"https:\/\/www.safinel.fr\/produit\/feuilles-de-patate-douce\/#primaryimage"},"thumbnailUrl":"https:\/\/www.safinel.fr\/wp-content\/uploads\/2023\/05\/patate-douce-site.jpg","datePublished":"2023-05-28T21:02:33+00:00","dateModified":"2025-10-14T13:56:38+00:00","description":"Hier erz\u00e4hlt Ihnen unser Team sofort mehr \u00fcber S\u00fc\u00dfkartoffelbl\u00e4tter, ihre Vorteile und ihre Verwendung!","breadcrumb":{"@id":"https:\/\/www.safinel.fr\/produit\/feuilles-de-patate-douce\/#breadcrumb"},"inLanguage":"de","potentialAction":[{"@type":"ReadAction","target":["https:\/\/www.safinel.fr\/produit\/feuilles-de-patate-douce\/"]}]},{"@type":"ImageObject","inLanguage":"de","@id":"https:\/\/www.safinel.fr\/produit\/feuilles-de-patate-douce\/#primaryimage","url":"https:\/\/www.safinel.fr\/wp-content\/uploads\/2023\/05\/patate-douce-site.jpg","contentUrl":"https:\/\/www.safinel.fr\/wp-content\/uploads\/2023\/05\/patate-douce-site.jpg","width":600,"height":600,"caption":"Feuilles de patate douce"},{"@type":"BreadcrumbList","@id":"https:\/\/www.safinel.fr\/produit\/feuilles-de-patate-douce\/#breadcrumb","itemListElement":[{"@type":"ListItem","position":1,"name":"Accueil","item":"https:\/\/www.safinel.fr\/"},{"@type":"ListItem","position":2,"name":"Boutique","item":"https:\/\/www.safinel.fr\/boutique\/"},{"@type":"ListItem","position":3,"name":"Feuilles de patate douce"}]},{"@type":"WebSite","@id":"https:\/\/www.safinel.fr\/#website","url":"https:\/\/www.safinel.fr\/","name":"Safinel","description":"","publisher":{"@id":"https:\/\/www.safinel.fr\/#organization"},"potentialAction":[{"@type":"SearchAction","target":{"@type":"EntryPoint","urlTemplate":"https:\/\/www.safinel.fr\/?s={search_term_string}"},"query-input":{"@type":"PropertyValueSpecification","valueRequired":true,"valueName":"search_term_string"}}],"inLanguage":"de"},{"@type":"Organization","@id":"https:\/\/www.safinel.fr\/#organization","name":"Safinel","url":"https:\/\/www.safinel.fr\/","logo":{"@type":"ImageObject","inLanguage":"de","@id":"https:\/\/www.safinel.fr\/#\/schema\/logo\/image\/","url":"https:\/\/www.safinel.fr\/wp-content\/uploads\/2021\/05\/boutique-cosmetique.png","contentUrl":"https:\/\/www.safinel.fr\/wp-content\/uploads\/2021\/05\/boutique-cosmetique.png","width":800,"height":200,"caption":"Safinel"},"image":{"@id":"https:\/\/www.safinel.fr\/#\/schema\/logo\/image\/"}}]}},"_links":{"self":[{"href":"https:\/\/www.safinel.fr\/de\/wp-json\/wp\/v2\/product\/6251","targetHints":{"allow":["GET"]}}],"collection":[{"href":"https:\/\/www.safinel.fr\/de\/wp-json\/wp\/v2\/product"}],"about":[{"href":"https:\/\/www.safinel.fr\/de\/wp-json\/wp\/v2\/types\/product"}],"wp:featuredmedia":[{"embeddable":true,"href":"https:\/\/www.safinel.fr\/de\/wp-json\/wp\/v2\/media\/6252"}],"wp:attachment":[{"href":"https:\/\/www.safinel.fr\/de\/wp-json\/wp\/v2\/media?parent=6251"}],"wp:term":[{"taxonomy":"product_brand","embeddable":true,"href":"https:\/\/www.safinel.fr\/de\/wp-json\/wp\/v2\/product_brand?post=6251"},{"taxonomy":"product_cat","embeddable":true,"href":"https:\/\/www.safinel.fr\/de\/wp-json\/wp\/v2\/product_cat?post=6251"},{"taxonomy":"product_tag","embeddable":true,"href":"https:\/\/www.safinel.fr\/de\/wp-json\/wp\/v2\/product_tag?post=6251"}],"curies":[{"name":"wp","href":"https:\/\/api.w.org\/{rel}","templated":true}]}}