{"id":624,"date":"2021-12-19T14:18:54","date_gmt":"2021-12-19T14:18:54","guid":{"rendered":"https:\/\/www.safinel.fr\/?post_type=product&#038;p=624"},"modified":"2024-03-04T17:13:31","modified_gmt":"2024-03-04T17:13:31","slug":"festes-shampoo-mit-gruner-largile","status":"publish","type":"product","link":"https:\/\/www.safinel.fr\/de\/product-2\/festes-shampoo-mit-gruner-largile\/","title":{"rendered":"Festes ausgleichendes Shampoo mit gr\u00fcner Tonerde 60g"},"content":{"rendered":"<p>Die\u00a0<strong>ausgleichendes festes Shampoo mit gr\u00fcner Tonerde<\/strong>\u00a0erm\u00f6glicht die Behandlung von\u00a0<strong>gemischtes bis fettiges Haar<\/strong>. Dieses Shampoo wurde auf der Basis von Naturprodukten hergestellt und hat eine Vielzahl von Wirkungen, mit denen Sie Ihrem Haar Pflege verleihen k\u00f6nnen.\u00a0<strong>ohne sie anzugreifen oder br\u00fcchig zu machen<\/strong>. Entdecken Sie in unserem\u00a0<strong>Online-Shop<\/strong>\u00a0eine Vielzahl von Artikeln\u00a0<strong>100% nat\u00fcrliche<\/strong>\u00a0die Sie bei Ihrer t\u00e4glichen Hygiene begleiten. Einige von ihnen helfen auch bei der Behandlung verschiedener Krankheiten. Durchsuchen Sie unsere Website und finden Sie eine unserer L\u00f6sungen, die die Fruchtbarkeit, die<a href=\"https:\/\/www.safinel.fr\/de\/product-2\/falsche-einhorngelenke\/\">\u00a0Kapseln mit falschem Einhorn<\/a>.<\/p>\n<h2><strong>Das feste Shampoo mit gr\u00fcner Tonerde und seinen wesentlichen Eigenschaften<\/strong><\/h2>\n<p>Erstens erinnern wir unsere freundlichen Kunden daran, dass wir Produkte vermarkten, die\u00a0<strong>frei von jeglichen chemischen Substanzen<\/strong>. So k\u00f6nnen Sie unsere verschiedenen Produkte auf Ihr\u00a0<strong>K\u00f6rper<\/strong>\u00a0ohne sich Gedanken dar\u00fcber zu machen, ob sie sch\u00e4dlich sind oder sich negativ auf Ihre Gesundheit auswirken. Die Mineralien in der gr\u00fcnen Tonerde sorgen f\u00fcr\u2019<strong>Unreinheiten von der Kopfhaut aufnehmen<\/strong>\u00a0sondern auch von\u00a0<strong>\u00fcbersch\u00fcssigen Talg regulieren<\/strong>. Dieses feste Shampoo sorgt f\u00fcr eine sanfte Haarw\u00e4sche und f\u00f6rdert au\u00dferdem die K\u00e4mmbarkeit.<\/p>\n<h3><strong>Zur\u00fcck zu nat\u00fcrlichen L\u00f6sungen, eine Wahl<\/strong><\/h3>\n<p>Shampoos aus dem Supermarkt greifen das Haar aufgrund der Chemikalien in ihrer Zusammensetzung an und machen es br\u00fcchig. Die\u00a0<strong>Natur<\/strong>\u00a0bietet uns umfangreiche und weitaus effektivere Alternativen. Wenn Sie ein festes Shampoo kaufen, sparen Sie au\u00dferdem Geld.\u00a0<strong>Einsparungen<\/strong>. Er entspricht etwa drei Flaschen herk\u00f6mmlichen Shampoos. Au\u00dferdem ist es schonend f\u00fcr Ihre Haut.\u00a0<strong>Gesundheit<\/strong>\u00a0sowie der\u2019<strong>Umgebung<\/strong>. Vernachl\u00e4ssigen Sie nicht diese beiden Parameter, die in unserem Alltag so wichtig sind.<\/p>\n<h2><strong>Safinel, eine Marke, die sich nat\u00fcrlich abhebt<\/strong><\/h2>\n<p>Kaufen bei\u00a0<strong>Safinel.com<\/strong>, Bei uns k\u00f6nnen Sie sicher sein, dass Sie Qualit\u00e4tsprodukte zu unglaublich g\u00fcnstigen Preisen erhalten. Wir setzen unsere ganze Professionalit\u00e4t ein, um unseren Kunden zu helfen, ihre\u00a0<strong>Wohlbefinden<\/strong>. Dann warten Sie nicht l\u00e4nger und bestellen Sie in unserem Online-Shop, der spezialisiert ist auf\u00a0<strong>Naturkosmetik 100%<\/strong>.<\/p>","protected":false},"excerpt":{"rendered":"<p>Le\u00a0shampoing solide r\u00e9\u00e9quilibrant \u00e0 l&rsquo;argile verte\u00a0permet de traiter les\u00a0cheveux mixtes \u00e0 gras. Con\u00e7u \u00e0 partir de produits naturels, ce shampoing aux actions multiples vous permettra de conf\u00e9rer \u00e0 vos cheveux un soin\u00a0sans les agresser ou les rendre fragile. D\u00e9couvrez dans notre\u00a0boutique en ligne\u00a0une multitude d&rsquo;articles\u00a0100% naturels\u00a0qui vous accompagneront dans votre hygi\u00e8ne quotidienne. Certains d&rsquo;entre eux [&#8230;]","protected":false},"featured_media":625,"template":"","meta":[],"product_brand":[],"product_cat":[34],"product_tag":[],"class_list":{"0":"post-624","1":"product","2":"type-product","3":"status-publish","4":"has-post-thumbnail","6":"product_cat-hygiene","8":"first","9":"outofstock","10":"shipping-taxable","11":"purchasable","12":"product-type-simple"},"yoast_head":"<!-- This site is optimized with the Yoast SEO plugin v26.6 - https:\/\/yoast.com\/wordpress\/plugins\/seo\/ -->\n<title>Shampoing solide \u00e0 l&#039;argile verte<\/title>\n<meta name=\"description\" content=\"Le\u00a0shampoing solide \u00e0 l&#039;argile verte\u00a0permet de traiter les\u00a0cheveux mixtes \u00e0 gras. D\u00e9couvrez le sans plus attendre !\" \/>\n<meta name=\"robots\" content=\"index, follow, max-snippet:-1, max-image-preview:large, max-video-preview:-1\" \/>\n<link rel=\"canonical\" href=\"https:\/\/www.safinel.fr\/de\/product-2\/festes-shampoo-mit-gruner-largile\/\" \/>\n<meta property=\"og:locale\" content=\"de_DE\" \/>\n<meta property=\"og:type\" content=\"article\" \/>\n<meta property=\"og:title\" content=\"Shampoing solide \u00e0 l&#039;argile verte\" \/>\n<meta property=\"og:description\" content=\"Le\u00a0shampoing solide \u00e0 l&#039;argile verte\u00a0permet de traiter les\u00a0cheveux mixtes \u00e0 gras. D\u00e9couvrez le sans plus attendre !\" \/>\n<meta property=\"og:url\" content=\"https:\/\/www.safinel.fr\/de\/product-2\/festes-shampoo-mit-gruner-largile\/\" \/>\n<meta property=\"og:site_name\" content=\"Safinel\" \/>\n<meta property=\"article:modified_time\" content=\"2024-03-04T17:13:31+00:00\" \/>\n<meta property=\"og:image\" content=\"https:\/\/www.safinel.fr\/wp-content\/uploads\/2021\/12\/shampoing-solide-argile-verte.jpg\" \/>\n\t<meta property=\"og:image:width\" content=\"600\" \/>\n\t<meta property=\"og:image:height\" content=\"600\" \/>\n\t<meta property=\"og:image:type\" content=\"image\/jpeg\" \/>\n<meta name=\"twitter:card\" content=\"summary_large_image\" \/>\n<meta name=\"twitter:label1\" content=\"Gesch\u00e4tzte Lesezeit\" \/>\n\t<meta name=\"twitter:data1\" content=\"2\u00a0Minuten\" \/>\n<script type=\"application\/ld+json\" class=\"yoast-schema-graph\">{\"@context\":\"https:\/\/schema.org\",\"@graph\":[{\"@type\":\"WebPage\",\"@id\":\"https:\/\/www.safinel.fr\/produit\/shampoing-solide-a-largile-verte\/\",\"url\":\"https:\/\/www.safinel.fr\/produit\/shampoing-solide-a-largile-verte\/\",\"name\":\"Shampoing solide \u00e0 l'argile verte\",\"isPartOf\":{\"@id\":\"https:\/\/www.safinel.fr\/#website\"},\"primaryImageOfPage\":{\"@id\":\"https:\/\/www.safinel.fr\/produit\/shampoing-solide-a-largile-verte\/#primaryimage\"},\"image\":{\"@id\":\"https:\/\/www.safinel.fr\/produit\/shampoing-solide-a-largile-verte\/#primaryimage\"},\"thumbnailUrl\":\"https:\/\/www.safinel.fr\/wp-content\/uploads\/2021\/12\/shampoing-solide-argile-verte.jpg\",\"datePublished\":\"2021-12-19T14:18:54+00:00\",\"dateModified\":\"2024-03-04T17:13:31+00:00\",\"description\":\"Le\u00a0shampoing solide \u00e0 l'argile verte\u00a0permet de traiter les\u00a0cheveux mixtes \u00e0 gras. D\u00e9couvrez le sans plus attendre !\",\"breadcrumb\":{\"@id\":\"https:\/\/www.safinel.fr\/produit\/shampoing-solide-a-largile-verte\/#breadcrumb\"},\"inLanguage\":\"de\",\"potentialAction\":[{\"@type\":\"ReadAction\",\"target\":[\"https:\/\/www.safinel.fr\/produit\/shampoing-solide-a-largile-verte\/\"]}]},{\"@type\":\"ImageObject\",\"inLanguage\":\"de\",\"@id\":\"https:\/\/www.safinel.fr\/produit\/shampoing-solide-a-largile-verte\/#primaryimage\",\"url\":\"https:\/\/www.safinel.fr\/wp-content\/uploads\/2021\/12\/shampoing-solide-argile-verte.jpg\",\"contentUrl\":\"https:\/\/www.safinel.fr\/wp-content\/uploads\/2021\/12\/shampoing-solide-argile-verte.jpg\",\"width\":600,\"height\":600,\"caption\":\"Shampoing solide r\u00e9\u00e9quilibrant \u00e0 l'argile verte 60g\"},{\"@type\":\"BreadcrumbList\",\"@id\":\"https:\/\/www.safinel.fr\/produit\/shampoing-solide-a-largile-verte\/#breadcrumb\",\"itemListElement\":[{\"@type\":\"ListItem\",\"position\":1,\"name\":\"Accueil\",\"item\":\"https:\/\/www.safinel.fr\/\"},{\"@type\":\"ListItem\",\"position\":2,\"name\":\"Boutique\",\"item\":\"https:\/\/www.safinel.fr\/boutique\/\"},{\"@type\":\"ListItem\",\"position\":3,\"name\":\"Shampoing solide r\u00e9\u00e9quilibrant \u00e0 l&#8217;argile verte 60g\"}]},{\"@type\":\"WebSite\",\"@id\":\"https:\/\/www.safinel.fr\/#website\",\"url\":\"https:\/\/www.safinel.fr\/\",\"name\":\"Safinel\",\"description\":\"\",\"publisher\":{\"@id\":\"https:\/\/www.safinel.fr\/#organization\"},\"potentialAction\":[{\"@type\":\"SearchAction\",\"target\":{\"@type\":\"EntryPoint\",\"urlTemplate\":\"https:\/\/www.safinel.fr\/?s={search_term_string}\"},\"query-input\":{\"@type\":\"PropertyValueSpecification\",\"valueRequired\":true,\"valueName\":\"search_term_string\"}}],\"inLanguage\":\"de\"},{\"@type\":\"Organization\",\"@id\":\"https:\/\/www.safinel.fr\/#organization\",\"name\":\"Safinel\",\"url\":\"https:\/\/www.safinel.fr\/\",\"logo\":{\"@type\":\"ImageObject\",\"inLanguage\":\"de\",\"@id\":\"https:\/\/www.safinel.fr\/#\/schema\/logo\/image\/\",\"url\":\"https:\/\/www.safinel.fr\/wp-content\/uploads\/2021\/05\/boutique-cosmetique.png\",\"contentUrl\":\"https:\/\/www.safinel.fr\/wp-content\/uploads\/2021\/05\/boutique-cosmetique.png\",\"width\":800,\"height\":200,\"caption\":\"Safinel\"},\"image\":{\"@id\":\"https:\/\/www.safinel.fr\/#\/schema\/logo\/image\/\"}}]}<\/script>\n<!-- \/ Yoast SEO plugin. -->","yoast_head_json":{"title":"Festes Shampoo mit gr\u00fcner Tonerde","description":"Das feste Shampoo mit gr\u00fcner Tonerde hilft bei der Behandlung von Misch- bis fettigem Haar. Entdecken Sie es ohne weitere Verz\u00f6gerung!","robots":{"index":"index","follow":"follow","max-snippet":"max-snippet:-1","max-image-preview":"max-image-preview:large","max-video-preview":"max-video-preview:-1"},"canonical":"https:\/\/www.safinel.fr\/de\/product-2\/festes-shampoo-mit-gruner-largile\/","og_locale":"de_DE","og_type":"article","og_title":"Shampoing solide \u00e0 l'argile verte","og_description":"Le\u00a0shampoing solide \u00e0 l'argile verte\u00a0permet de traiter les\u00a0cheveux mixtes \u00e0 gras. D\u00e9couvrez le sans plus attendre !","og_url":"https:\/\/www.safinel.fr\/de\/product-2\/festes-shampoo-mit-gruner-largile\/","og_site_name":"Safinel","article_modified_time":"2024-03-04T17:13:31+00:00","og_image":[{"width":600,"height":600,"url":"https:\/\/www.safinel.fr\/wp-content\/uploads\/2021\/12\/shampoing-solide-argile-verte.jpg","type":"image\/jpeg"}],"twitter_card":"summary_large_image","twitter_misc":{"Gesch\u00e4tzte Lesezeit":"2\u00a0Minuten"},"schema":{"@context":"https:\/\/schema.org","@graph":[{"@type":"WebPage","@id":"https:\/\/www.safinel.fr\/produit\/shampoing-solide-a-largile-verte\/","url":"https:\/\/www.safinel.fr\/produit\/shampoing-solide-a-largile-verte\/","name":"Festes Shampoo mit gr\u00fcner Tonerde","isPartOf":{"@id":"https:\/\/www.safinel.fr\/#website"},"primaryImageOfPage":{"@id":"https:\/\/www.safinel.fr\/produit\/shampoing-solide-a-largile-verte\/#primaryimage"},"image":{"@id":"https:\/\/www.safinel.fr\/produit\/shampoing-solide-a-largile-verte\/#primaryimage"},"thumbnailUrl":"https:\/\/www.safinel.fr\/wp-content\/uploads\/2021\/12\/shampoing-solide-argile-verte.jpg","datePublished":"2021-12-19T14:18:54+00:00","dateModified":"2024-03-04T17:13:31+00:00","description":"Das feste Shampoo mit gr\u00fcner Tonerde hilft bei der Behandlung von Misch- bis fettigem Haar. Entdecken Sie es ohne weitere Verz\u00f6gerung!","breadcrumb":{"@id":"https:\/\/www.safinel.fr\/produit\/shampoing-solide-a-largile-verte\/#breadcrumb"},"inLanguage":"de","potentialAction":[{"@type":"ReadAction","target":["https:\/\/www.safinel.fr\/produit\/shampoing-solide-a-largile-verte\/"]}]},{"@type":"ImageObject","inLanguage":"de","@id":"https:\/\/www.safinel.fr\/produit\/shampoing-solide-a-largile-verte\/#primaryimage","url":"https:\/\/www.safinel.fr\/wp-content\/uploads\/2021\/12\/shampoing-solide-argile-verte.jpg","contentUrl":"https:\/\/www.safinel.fr\/wp-content\/uploads\/2021\/12\/shampoing-solide-argile-verte.jpg","width":600,"height":600,"caption":"Shampoing solide r\u00e9\u00e9quilibrant \u00e0 l'argile verte 60g"},{"@type":"BreadcrumbList","@id":"https:\/\/www.safinel.fr\/produit\/shampoing-solide-a-largile-verte\/#breadcrumb","itemListElement":[{"@type":"ListItem","position":1,"name":"Accueil","item":"https:\/\/www.safinel.fr\/"},{"@type":"ListItem","position":2,"name":"Boutique","item":"https:\/\/www.safinel.fr\/boutique\/"},{"@type":"ListItem","position":3,"name":"Shampoing solide r\u00e9\u00e9quilibrant \u00e0 l&#8217;argile verte 60g"}]},{"@type":"WebSite","@id":"https:\/\/www.safinel.fr\/#website","url":"https:\/\/www.safinel.fr\/","name":"Safinel","description":"","publisher":{"@id":"https:\/\/www.safinel.fr\/#organization"},"potentialAction":[{"@type":"SearchAction","target":{"@type":"EntryPoint","urlTemplate":"https:\/\/www.safinel.fr\/?s={search_term_string}"},"query-input":{"@type":"PropertyValueSpecification","valueRequired":true,"valueName":"search_term_string"}}],"inLanguage":"de"},{"@type":"Organization","@id":"https:\/\/www.safinel.fr\/#organization","name":"Safinel","url":"https:\/\/www.safinel.fr\/","logo":{"@type":"ImageObject","inLanguage":"de","@id":"https:\/\/www.safinel.fr\/#\/schema\/logo\/image\/","url":"https:\/\/www.safinel.fr\/wp-content\/uploads\/2021\/05\/boutique-cosmetique.png","contentUrl":"https:\/\/www.safinel.fr\/wp-content\/uploads\/2021\/05\/boutique-cosmetique.png","width":800,"height":200,"caption":"Safinel"},"image":{"@id":"https:\/\/www.safinel.fr\/#\/schema\/logo\/image\/"}}]}},"_links":{"self":[{"href":"https:\/\/www.safinel.fr\/de\/wp-json\/wp\/v2\/product\/624","targetHints":{"allow":["GET"]}}],"collection":[{"href":"https:\/\/www.safinel.fr\/de\/wp-json\/wp\/v2\/product"}],"about":[{"href":"https:\/\/www.safinel.fr\/de\/wp-json\/wp\/v2\/types\/product"}],"wp:featuredmedia":[{"embeddable":true,"href":"https:\/\/www.safinel.fr\/de\/wp-json\/wp\/v2\/media\/625"}],"wp:attachment":[{"href":"https:\/\/www.safinel.fr\/de\/wp-json\/wp\/v2\/media?parent=624"}],"wp:term":[{"taxonomy":"product_brand","embeddable":true,"href":"https:\/\/www.safinel.fr\/de\/wp-json\/wp\/v2\/product_brand?post=624"},{"taxonomy":"product_cat","embeddable":true,"href":"https:\/\/www.safinel.fr\/de\/wp-json\/wp\/v2\/product_cat?post=624"},{"taxonomy":"product_tag","embeddable":true,"href":"https:\/\/www.safinel.fr\/de\/wp-json\/wp\/v2\/product_tag?post=624"}],"curies":[{"name":"wp","href":"https:\/\/api.w.org\/{rel}","templated":true}]}}