{"id":6238,"date":"2023-05-28T13:07:00","date_gmt":"2023-05-28T13:07:00","guid":{"rendered":"https:\/\/www.safinel.fr\/?post_type=product&#038;p=6238"},"modified":"2024-03-04T16:38:03","modified_gmt":"2024-03-04T16:38:03","slug":"honigpulver","status":"publish","type":"product","link":"https:\/\/www.safinel.fr\/de\/product-2\/honigpulver\/","title":{"rendered":"Honigpulver"},"content":{"rendered":"<p>Honig ist reich an N\u00e4hrstoffen und Zucker und ein au\u00dfergew\u00f6hnliches Bienenprodukt.  Haben Sie schon einmal\u00a0<strong>Honigpulver\u00a0<\/strong>? Es ist wasserl\u00f6slich und l\u00e4sst sich leicht in Ihre selbstgemachten kosmetischen oder kulinarischen Zubereitungen einarbeiten!<\/p>\n<h2><strong>Honigpulver: qu<\/strong>\u2019<strong>ist c<\/strong>\u2019<strong>ist?<\/strong><\/h2>\n<p>Honigpulver wird in Kosmetika als Weichmacher verwendet. Aber auch wegen seiner feuchtigkeitsspendenden und befeuchtenden Eigenschaften.<\/p>\n<p>So macht er Haut und Haare weich und geschmeidig. Denn vor allem sein hoher Zuckergehalt sorgt daf\u00fcr, dass der Wassergehalt der Epidermis erhalten bleibt.<\/p>\n<p>Au\u00dferdem weist es einen hohen Gehalt an Vitamin B, Aminos\u00e4uren und Spurenelementen auf.<\/p>\n<p>Sie ist reich an Antioxidantien und au\u00dferdem ein beliebter Bestandteil von Produkten f\u00fcr reife und empfindliche Haut.<\/p>\n<h2><strong>Welche Eigenschaften hat es?<\/strong><\/h2>\n<p><strong>Sie sind zahlreich! Zu diesen geh\u00f6rt vor allem, dass Honigpulver :<\/strong><\/p>\n<ul>\n<li>f\u00f6rdert die tiefe Feuchtigkeitsversorgung von Haut und Haaren ;<\/li>\n<li>st\u00e4rkt feines und br\u00fcchiges Haar ;<\/li>\n<li>f\u00f6rdert die Zellregeneration ;<\/li>\n<li>beschleunigt die Wundheilung ;<\/li>\n<li>beruhigt Irritationen ;<\/li>\n<li>k\u00e4mpft gegen Entz\u00fcndungen ;<\/li>\n<li>ist ein starkes Bakteriostatikum: Es verhindert das Wachstum von Bakterien.<\/li>\n<\/ul>\n<h3><strong>Warum sollte man Honigpulver verwenden?<\/strong><\/h3>\n<p>Ist Ihre Haut gesch\u00e4digt, rissig oder spr\u00f6de? Ihr Haar ist trocken und stumpf? Diese\u00a0<strong>trockene Form von Honig\u00a0<\/strong>kann hier Abhilfe schaffen! Denn dieses Honigpulver ist eine wunderbare Erg\u00e4nzung zu Ihren Kosmetika!<\/p>\n<p>So k\u00f6nnen Sie es direkt zu handels\u00fcblichen Produkten wie Cremes, Masken, \u00d6len, Shampoos etc. hinzuf\u00fcgen. Aber auch nat\u00fcrlichen Produkten wie Bl\u00fctenwasser oder dem <a href=\"https:\/\/www.safinel.fr\/de\/product-2\/daloe-vera-gel-100g-nigella-source\/\"><strong>Aloe-vera-Gel<\/strong><\/a>.<\/p>\n<p>Au\u00dferdem k\u00f6nnen Sie es bei der Herstellung Ihrer eigenen Kosmetika verwenden und es z. B. einer neutralen Basis (Creme, Emulsion, Milch) hinzuf\u00fcgen.<\/p>\n<p>Aber das ist noch nicht alles! Z\u00f6gern Sie nicht, etwas von Ihrem Honig in Ihre Zubereitungen, Obstsalate, M\u00fcslis usw. zu streuen. Diese\u00a0<a href=\"https:\/\/www.safinel.fr\/de\/product-2\/perlenpulver\/\"><strong>Mehrzweckpulver<\/strong><\/a>\u00a0versorgt Sie mit Vitaminen und Mineralien, ist gut f\u00fcr Ihre Haut und hilft sogar Ihrer Verdauung!<\/p>","protected":false},"excerpt":{"rendered":"<p><strong>Merkmale<\/strong> Honigpulver: Honigpulver wird in Kosmetika als Weichmacher verwendet. Aber auch wegen seiner feuchtigkeitsspendenden und befeuchtenden Eigenschaften.<\/p>\n<p><img decoding=\"async\" class=\"size-full wp-image-5091 aligncenter\" src=\"https:\/\/www.safinel.fr\/wp-content\/uploads\/2021\/06\/BANNIERE-ICONE-SAFINEL.webp\" alt=\"Satines-R\u00fcckversicherung\" width=\"800\" height=\"200\" srcset=\"https:\/\/www.safinel.fr\/wp-content\/uploads\/2021\/06\/BANNIERE-ICONE-SAFINEL.webp 800w, https:\/\/www.safinel.fr\/wp-content\/uploads\/2021\/06\/BANNIERE-ICONE-SAFINEL-600x150.webp 600w, https:\/\/www.safinel.fr\/wp-content\/uploads\/2021\/06\/BANNIERE-ICONE-SAFINEL-768x192.webp 768w\" sizes=\"(max-width: 800px) 100vw, 800px\" \/><\/p>","protected":false},"featured_media":6239,"template":"","meta":[],"product_brand":[],"product_cat":[24],"product_tag":[],"class_list":{"0":"post-6238","1":"product","2":"type-product","3":"status-publish","4":"has-post-thumbnail","6":"product_cat-apiculture","8":"first","9":"outofstock","10":"shipping-taxable","11":"purchasable","12":"product-type-variable"},"yoast_head":"<!-- This site is optimized with the Yoast SEO plugin v26.6 - https:\/\/yoast.com\/wordpress\/plugins\/seo\/ -->\n<title>Miel en poudre I Achat, utilisation et bienfaits I Livraison rapide<\/title>\n<meta name=\"description\" content=\"D\u00e9couvrez le miel en poudre, un produit naturel aux multiples usages et bienfaits. Parfait pour la cuisine, la cosm\u00e9tique et la sant\u00e9.\" \/>\n<meta name=\"robots\" content=\"index, follow, max-snippet:-1, max-image-preview:large, max-video-preview:-1\" \/>\n<link rel=\"canonical\" href=\"https:\/\/www.safinel.fr\/de\/product-2\/honigpulver\/\" \/>\n<meta property=\"og:locale\" content=\"de_DE\" \/>\n<meta property=\"og:type\" content=\"article\" \/>\n<meta property=\"og:title\" content=\"Miel en poudre I Achat, utilisation et bienfaits I Livraison rapide\" \/>\n<meta property=\"og:description\" content=\"D\u00e9couvrez le miel en poudre, un produit naturel aux multiples usages et bienfaits. Parfait pour la cuisine, la cosm\u00e9tique et la sant\u00e9.\" \/>\n<meta property=\"og:url\" content=\"https:\/\/www.safinel.fr\/de\/product-2\/honigpulver\/\" \/>\n<meta property=\"og:site_name\" content=\"Safinel\" \/>\n<meta property=\"article:modified_time\" content=\"2024-03-04T16:38:03+00:00\" \/>\n<meta property=\"og:image\" content=\"https:\/\/www.safinel.fr\/wp-content\/uploads\/2023\/05\/miel-en-poudre.jpg\" \/>\n\t<meta property=\"og:image:width\" content=\"600\" \/>\n\t<meta property=\"og:image:height\" content=\"600\" \/>\n\t<meta property=\"og:image:type\" content=\"image\/jpeg\" \/>\n<meta name=\"twitter:card\" content=\"summary_large_image\" \/>\n<meta name=\"twitter:label1\" content=\"Gesch\u00e4tzte Lesezeit\" \/>\n\t<meta name=\"twitter:data1\" content=\"2\u00a0Minuten\" \/>\n<script type=\"application\/ld+json\" class=\"yoast-schema-graph\">{\"@context\":\"https:\/\/schema.org\",\"@graph\":[{\"@type\":\"WebPage\",\"@id\":\"https:\/\/www.safinel.fr\/produit\/miel-en-poudre\/\",\"url\":\"https:\/\/www.safinel.fr\/produit\/miel-en-poudre\/\",\"name\":\"Miel en poudre I Achat, utilisation et bienfaits I Livraison rapide\",\"isPartOf\":{\"@id\":\"https:\/\/www.safinel.fr\/#website\"},\"primaryImageOfPage\":{\"@id\":\"https:\/\/www.safinel.fr\/produit\/miel-en-poudre\/#primaryimage\"},\"image\":{\"@id\":\"https:\/\/www.safinel.fr\/produit\/miel-en-poudre\/#primaryimage\"},\"thumbnailUrl\":\"https:\/\/www.safinel.fr\/wp-content\/uploads\/2023\/05\/miel-en-poudre.jpg\",\"datePublished\":\"2023-05-28T13:07:00+00:00\",\"dateModified\":\"2024-03-04T16:38:03+00:00\",\"description\":\"D\u00e9couvrez le miel en poudre, un produit naturel aux multiples usages et bienfaits. Parfait pour la cuisine, la cosm\u00e9tique et la sant\u00e9.\",\"breadcrumb\":{\"@id\":\"https:\/\/www.safinel.fr\/produit\/miel-en-poudre\/#breadcrumb\"},\"inLanguage\":\"de\",\"potentialAction\":[{\"@type\":\"ReadAction\",\"target\":[\"https:\/\/www.safinel.fr\/produit\/miel-en-poudre\/\"]}]},{\"@type\":\"ImageObject\",\"inLanguage\":\"de\",\"@id\":\"https:\/\/www.safinel.fr\/produit\/miel-en-poudre\/#primaryimage\",\"url\":\"https:\/\/www.safinel.fr\/wp-content\/uploads\/2023\/05\/miel-en-poudre.jpg\",\"contentUrl\":\"https:\/\/www.safinel.fr\/wp-content\/uploads\/2023\/05\/miel-en-poudre.jpg\",\"width\":600,\"height\":600,\"caption\":\"Miel en poudre\"},{\"@type\":\"BreadcrumbList\",\"@id\":\"https:\/\/www.safinel.fr\/produit\/miel-en-poudre\/#breadcrumb\",\"itemListElement\":[{\"@type\":\"ListItem\",\"position\":1,\"name\":\"Accueil\",\"item\":\"https:\/\/www.safinel.fr\/\"},{\"@type\":\"ListItem\",\"position\":2,\"name\":\"Boutique\",\"item\":\"https:\/\/www.safinel.fr\/boutique\/\"},{\"@type\":\"ListItem\",\"position\":3,\"name\":\"Miel en poudre\"}]},{\"@type\":\"WebSite\",\"@id\":\"https:\/\/www.safinel.fr\/#website\",\"url\":\"https:\/\/www.safinel.fr\/\",\"name\":\"Safinel\",\"description\":\"\",\"publisher\":{\"@id\":\"https:\/\/www.safinel.fr\/#organization\"},\"potentialAction\":[{\"@type\":\"SearchAction\",\"target\":{\"@type\":\"EntryPoint\",\"urlTemplate\":\"https:\/\/www.safinel.fr\/?s={search_term_string}\"},\"query-input\":{\"@type\":\"PropertyValueSpecification\",\"valueRequired\":true,\"valueName\":\"search_term_string\"}}],\"inLanguage\":\"de\"},{\"@type\":\"Organization\",\"@id\":\"https:\/\/www.safinel.fr\/#organization\",\"name\":\"Safinel\",\"url\":\"https:\/\/www.safinel.fr\/\",\"logo\":{\"@type\":\"ImageObject\",\"inLanguage\":\"de\",\"@id\":\"https:\/\/www.safinel.fr\/#\/schema\/logo\/image\/\",\"url\":\"https:\/\/www.safinel.fr\/wp-content\/uploads\/2021\/05\/boutique-cosmetique.png\",\"contentUrl\":\"https:\/\/www.safinel.fr\/wp-content\/uploads\/2021\/05\/boutique-cosmetique.png\",\"width\":800,\"height\":200,\"caption\":\"Safinel\"},\"image\":{\"@id\":\"https:\/\/www.safinel.fr\/#\/schema\/logo\/image\/\"}}]}<\/script>\n<!-- \/ Yoast SEO plugin. -->","yoast_head_json":{"title":"Honigpulver I Kauf, Verwendung und Vorteile I Schnelle Lieferung","description":"Entdecken Sie Honigpulver, ein Naturprodukt mit vielen Verwendungsm\u00f6glichkeiten und Vorteilen. Perfekt f\u00fcr die K\u00fcche, Kosmetik und Gesundheit.","robots":{"index":"index","follow":"follow","max-snippet":"max-snippet:-1","max-image-preview":"max-image-preview:large","max-video-preview":"max-video-preview:-1"},"canonical":"https:\/\/www.safinel.fr\/de\/product-2\/honigpulver\/","og_locale":"de_DE","og_type":"article","og_title":"Miel en poudre I Achat, utilisation et bienfaits I Livraison rapide","og_description":"D\u00e9couvrez le miel en poudre, un produit naturel aux multiples usages et bienfaits. Parfait pour la cuisine, la cosm\u00e9tique et la sant\u00e9.","og_url":"https:\/\/www.safinel.fr\/de\/product-2\/honigpulver\/","og_site_name":"Safinel","article_modified_time":"2024-03-04T16:38:03+00:00","og_image":[{"width":600,"height":600,"url":"https:\/\/www.safinel.fr\/wp-content\/uploads\/2023\/05\/miel-en-poudre.jpg","type":"image\/jpeg"}],"twitter_card":"summary_large_image","twitter_misc":{"Gesch\u00e4tzte Lesezeit":"2\u00a0Minuten"},"schema":{"@context":"https:\/\/schema.org","@graph":[{"@type":"WebPage","@id":"https:\/\/www.safinel.fr\/produit\/miel-en-poudre\/","url":"https:\/\/www.safinel.fr\/produit\/miel-en-poudre\/","name":"Honigpulver I Kauf, Verwendung und Vorteile I Schnelle Lieferung","isPartOf":{"@id":"https:\/\/www.safinel.fr\/#website"},"primaryImageOfPage":{"@id":"https:\/\/www.safinel.fr\/produit\/miel-en-poudre\/#primaryimage"},"image":{"@id":"https:\/\/www.safinel.fr\/produit\/miel-en-poudre\/#primaryimage"},"thumbnailUrl":"https:\/\/www.safinel.fr\/wp-content\/uploads\/2023\/05\/miel-en-poudre.jpg","datePublished":"2023-05-28T13:07:00+00:00","dateModified":"2024-03-04T16:38:03+00:00","description":"Entdecken Sie Honigpulver, ein Naturprodukt mit vielen Verwendungsm\u00f6glichkeiten und Vorteilen. Perfekt f\u00fcr die K\u00fcche, Kosmetik und Gesundheit.","breadcrumb":{"@id":"https:\/\/www.safinel.fr\/produit\/miel-en-poudre\/#breadcrumb"},"inLanguage":"de","potentialAction":[{"@type":"ReadAction","target":["https:\/\/www.safinel.fr\/produit\/miel-en-poudre\/"]}]},{"@type":"ImageObject","inLanguage":"de","@id":"https:\/\/www.safinel.fr\/produit\/miel-en-poudre\/#primaryimage","url":"https:\/\/www.safinel.fr\/wp-content\/uploads\/2023\/05\/miel-en-poudre.jpg","contentUrl":"https:\/\/www.safinel.fr\/wp-content\/uploads\/2023\/05\/miel-en-poudre.jpg","width":600,"height":600,"caption":"Miel en poudre"},{"@type":"BreadcrumbList","@id":"https:\/\/www.safinel.fr\/produit\/miel-en-poudre\/#breadcrumb","itemListElement":[{"@type":"ListItem","position":1,"name":"Accueil","item":"https:\/\/www.safinel.fr\/"},{"@type":"ListItem","position":2,"name":"Boutique","item":"https:\/\/www.safinel.fr\/boutique\/"},{"@type":"ListItem","position":3,"name":"Miel en poudre"}]},{"@type":"WebSite","@id":"https:\/\/www.safinel.fr\/#website","url":"https:\/\/www.safinel.fr\/","name":"Safinel","description":"","publisher":{"@id":"https:\/\/www.safinel.fr\/#organization"},"potentialAction":[{"@type":"SearchAction","target":{"@type":"EntryPoint","urlTemplate":"https:\/\/www.safinel.fr\/?s={search_term_string}"},"query-input":{"@type":"PropertyValueSpecification","valueRequired":true,"valueName":"search_term_string"}}],"inLanguage":"de"},{"@type":"Organization","@id":"https:\/\/www.safinel.fr\/#organization","name":"Safinel","url":"https:\/\/www.safinel.fr\/","logo":{"@type":"ImageObject","inLanguage":"de","@id":"https:\/\/www.safinel.fr\/#\/schema\/logo\/image\/","url":"https:\/\/www.safinel.fr\/wp-content\/uploads\/2021\/05\/boutique-cosmetique.png","contentUrl":"https:\/\/www.safinel.fr\/wp-content\/uploads\/2021\/05\/boutique-cosmetique.png","width":800,"height":200,"caption":"Safinel"},"image":{"@id":"https:\/\/www.safinel.fr\/#\/schema\/logo\/image\/"}}]}},"_links":{"self":[{"href":"https:\/\/www.safinel.fr\/de\/wp-json\/wp\/v2\/product\/6238","targetHints":{"allow":["GET"]}}],"collection":[{"href":"https:\/\/www.safinel.fr\/de\/wp-json\/wp\/v2\/product"}],"about":[{"href":"https:\/\/www.safinel.fr\/de\/wp-json\/wp\/v2\/types\/product"}],"wp:featuredmedia":[{"embeddable":true,"href":"https:\/\/www.safinel.fr\/de\/wp-json\/wp\/v2\/media\/6239"}],"wp:attachment":[{"href":"https:\/\/www.safinel.fr\/de\/wp-json\/wp\/v2\/media?parent=6238"}],"wp:term":[{"taxonomy":"product_brand","embeddable":true,"href":"https:\/\/www.safinel.fr\/de\/wp-json\/wp\/v2\/product_brand?post=6238"},{"taxonomy":"product_cat","embeddable":true,"href":"https:\/\/www.safinel.fr\/de\/wp-json\/wp\/v2\/product_cat?post=6238"},{"taxonomy":"product_tag","embeddable":true,"href":"https:\/\/www.safinel.fr\/de\/wp-json\/wp\/v2\/product_tag?post=6238"}],"curies":[{"name":"wp","href":"https:\/\/api.w.org\/{rel}","templated":true}]}}