{"id":6218,"date":"2023-05-27T11:25:36","date_gmt":"2023-05-27T11:25:36","guid":{"rendered":"https:\/\/www.safinel.fr\/?post_type=product&#038;p=6218"},"modified":"2023-12-28T17:15:59","modified_gmt":"2023-12-28T17:15:59","slug":"gongolli-seife","status":"publish","type":"product","link":"https:\/\/www.safinel.fr\/de\/product-2\/gongolli-seife\/","title":{"rendered":"Gongolli-Seife"},"content":{"rendered":"<p>Gongolli-Seife, auch bekannt als Wurzelseife, ist ein Naturprodukt, das aus Pflanzen hergestellt wird. <a href=\"https:\/\/www.safinel.fr\/de\/product-2\/vetiverwurzeln\/\"><strong>wie Khamare<\/strong><\/a>. Diese traditionelle afrikanische Seife hat eine au\u00dfergew\u00f6hnliche Wirkung auf die Haut, die von tiefgehender Feuchtigkeitsversorgung bis hin zur Linderung von Menstruationsschmerzen reicht. Lassen Sie uns gemeinsam die Vorteile dieser einzigartigen Seife und ihre Herstellungsmethoden entdecken.<\/p>\n<h2><strong>Die Urspr\u00fcnge der Gongolli-Seife<\/strong><\/h2>\n<p>Die Gongolli-Seife hat ihren Namen von einer der Pflanzen, aus denen sie besteht, der Gongoli-Pflanze. Diese krautige Pflanze ist in Westafrika beheimatet. Sie wird seit Jahrhunderten von der lokalen Bev\u00f6lkerung wegen ihrer medizinischen und kosmetischen Eigenschaften verwendet. Gongolli-Seife ist insbesondere im Senegal und in Mali sehr beliebt, wo sie nach \u00fcberlieferten Techniken handwerklich hergestellt wird.<\/p>\n<h3><strong>Die handwerkliche Herstellung von Gongolli-Seife<\/strong><\/h3>\n<p>Die Herstellung einer hochwertigen Gongolli-Seife erfordert Zeit, Fachwissen und nat\u00fcrliche Zutaten aus der lokalen Flora. Die wichtigsten Herstellungsschritte sind folgende:<\/p>\n<ol>\n<li>Ernte und Trocknung der Vetiver-, Khamar\u00e9- und Gongoliwurzeln, vorzugsweise in der Trockenzeit, um den Prozess zu erleichtern.<\/li>\n<li>Zerkleinern der getrockneten Wurzeln, um das feine Pulver zu extrahieren, das als Basis f\u00fcr die Seife dient.<\/li>\n<li>Vermischt das Pulver mit Wasser und anderen nat\u00fcrlichen Zutaten. Zum Beispiel: Sheabutter, Affenbrotbaum- oder Palm\u00f6l, je nach lokalen Rezepten und den speziellen Bed\u00fcrfnissen der Haut.<\/li>\n<li>Knete die Mischung, bis eine homogene, cremige Paste entsteht.<\/li>\n<li>Gie\u00dfen der Seife in traditionelle Formen aus Holz oder Metall und mehrt\u00e4giges Trocknen in der Sonne.<\/li>\n<li>Entformen und Verpacken der gebrauchsfertigen Gongolli-Seife.<\/li>\n<\/ol>\n<h2><strong>Die Vorteile von Gongolli-Seife f\u00fcr die Haut<\/strong><\/h2>\n<p>Gongolli-Seife ist f\u00fcr ihre zahlreichen Vorteile f\u00fcr die Haut bekannt, die sie vor allem den Eigenschaften der Pflanzen verdankt, aus denen sie hergestellt wird.<\/p>\n<p><strong>Hier sind einige seiner St\u00e4rken:<\/strong><\/p>\n<ul>\n<li><strong>Tiefgehende Feuchtigkeitsversorgung und Ern\u00e4hrung<\/strong><\/li>\n<\/ul>\n<p>Vetiver ist f\u00fcr seine feuchtigkeitsspendenden und pflegenden Eigenschaften bekannt. Sie helfen, den Feuchtigkeitshaushalt der Haut zu erhalten und trockener Haut vorzubeugen. Sheabutter,\u2019<a href=\"https:\/\/www.safinel.fr\/de\/product-2\/affenbrotbaum-ol\/\"><strong>Affenbrotbaum-\u00d6l<\/strong><\/a> oder Palm\u00f6l, die der Zubereitung hinzugef\u00fcgt wurden, tragen ebenfalls dazu bei, die Haut sanft zu pflegen und zu sch\u00fctzen.<\/p>\n<ul>\n<li><strong>Beruhigende und regenerierende Wirkung<\/strong><\/li>\n<\/ul>\n<p>Gongoli ist dank seiner entz\u00fcndungshemmenden Eigenschaften besonders wirksam, um Hautirritationen, R\u00f6tungen und Juckreiz zu lindern. Diese uralte Seife hilft au\u00dferdem, die Hautzellen zu regenerieren und die Heilung kleiner Wunden und Kratzer zu f\u00f6rdern.<\/p>\n<ul>\n<li><strong>Reinigung und Entfernung von Unreinheiten<\/strong><\/li>\n<\/ul>\n<p>Die Wurzeln von Vetiver, Khamare und Gongoli sind f\u00fcr ihre entgiftenden und reinigenden Eigenschaften bekannt. Die Gongolli-Seife reinigt die Haut gr\u00fcndlich. Entfernt Unreinheiten und befreit verstopfte Poren, was der Entstehung von Pickeln und Mitessern vorbeugen kann.<\/p>\n<h2><strong>Andere traditionelle Br\u00e4uche zu entdecken<\/strong><\/h2>\n<p>Neben ihrer Verwendung als Hautpflegemittel wird die Gongolli-Seife in einigen afrikanischen Kulturen auch zur Linderung verschiedener Beschwerden und Krankheiten eingesetzt.<\/p>\n<h3><strong>Zu diesen Verwendungen geh\u00f6ren :<\/strong><\/h3>\n<ul>\n<li><strong>Die Behandlung von Menstruationsschmerzen<\/strong>\u00a0: dank der krampfl\u00f6senden und schmerzlindernden Eigenschaften bestimmter Pflanzen wie Khamare. Die Gongolli-Seife kann zur Massage des Unterbauchs verwendet werden. N\u00e4mlich, um Kr\u00e4mpfe und Schmerzen im Zusammenhang mit der Menstruation zu lindern.<\/li>\n<li><strong>Vorbeugung von Hautkrankheiten<\/strong>\u00a0: Einige Studien legen nahe, dass die regelm\u00e4\u00dfige Verwendung von Gongolli-Seife das Risiko von Hautinfektionen, Pilzinfektionen oder Ekzemen verringern k\u00f6nnte.<\/li>\n<li><strong>Die Pflege der Haare<\/strong>\u00a0: Es wird auch f\u00fcr seine wohltuende Wirkung auf die Kopfhaut und die Haarfaser gesch\u00e4tzt. Es reinigt sanft, regt die Durchblutung der Haarfollikel an. Es st\u00e4rkt die Haarwurzeln und verleiht stumpfem und gesch\u00e4digtem Haar wieder Glanz und Vitalit\u00e4t.<\/li>\n<\/ul>\n<p>Zusammenfassend l\u00e4sst sich sagen, dass die Gongolli-Seife ein althergebrachtes Naturprodukt mit vielen positiven Eigenschaften f\u00fcr die Haut und den K\u00f6rper ist. Bei regelm\u00e4\u00dfiger Anwendung k\u00f6nnen Sie alle Vorteile der Pflanzen, aus denen sie besteht, f\u00fcr eine strahlende, gesunde und gesch\u00fctzte Haut nutzen.<\/p>","protected":false},"excerpt":{"rendered":"<p><strong>Einige Verwendungszwecke :<\/strong><\/p>\n<ul>\n<li><strong>Die Behandlung von Menstruationsschmerzen<\/strong>\u00a0: Dank der krampfl\u00f6senden und schmerzlindernden Eigenschaften von Pflanzen wie Khamare kann die Gongolli-Seife zur Massage des Unterbauchs verwendet werden, um Kr\u00e4mpfe und Menstruationsschmerzen zu lindern.<\/li>\n<li><strong>Vorbeugung von Hautkrankheiten<\/strong>\u00a0: Einige Studien legen nahe, dass die regelm\u00e4\u00dfige Verwendung von Gongolli-Seife das Risiko von Hautinfektionen, Pilzinfektionen oder Ekzemen verringern k\u00f6nnte.<\/li>\n<\/ul>\n<p><img decoding=\"async\" class=\"size-full wp-image-5091 aligncenter\" src=\"https:\/\/www.safinel.fr\/wp-content\/uploads\/2021\/06\/BANNIERE-ICONE-SAFINEL.webp\" alt=\"Satines-R\u00fcckversicherung\" width=\"800\" height=\"200\" srcset=\"https:\/\/www.safinel.fr\/wp-content\/uploads\/2021\/06\/BANNIERE-ICONE-SAFINEL.webp 800w, https:\/\/www.safinel.fr\/wp-content\/uploads\/2021\/06\/BANNIERE-ICONE-SAFINEL-600x150.webp 600w, https:\/\/www.safinel.fr\/wp-content\/uploads\/2021\/06\/BANNIERE-ICONE-SAFINEL-768x192.webp 768w\" sizes=\"(max-width: 800px) 100vw, 800px\" \/><\/p>","protected":false},"featured_media":6220,"template":"","meta":[],"product_brand":[],"product_cat":[123],"product_tag":[],"class_list":{"0":"post-6218","1":"product","2":"type-product","3":"status-publish","4":"has-post-thumbnail","6":"product_cat-savon","8":"first","9":"instock","10":"shipping-taxable","11":"purchasable","12":"product-type-simple"},"yoast_head":"<!-- This site is optimized with the Yoast SEO plugin v26.6 - https:\/\/yoast.com\/wordpress\/plugins\/seo\/ -->\n<title>Savon Gongolli I Achat &amp; bienfaits de ce produit naturel africain<\/title>\n<meta name=\"description\" content=\"Le\u00a0savon gongolli, \u00e9galement connu sous le nom de savon aux racines, est un produit naturel fabriqu\u00e9 \u00e0 base de plantes telles que le v\u00e9tiver.\" \/>\n<meta name=\"robots\" content=\"index, follow, max-snippet:-1, max-image-preview:large, max-video-preview:-1\" \/>\n<link rel=\"canonical\" href=\"https:\/\/www.safinel.fr\/de\/product-2\/gongolli-seife\/\" \/>\n<meta property=\"og:locale\" content=\"de_DE\" \/>\n<meta property=\"og:type\" content=\"article\" \/>\n<meta property=\"og:title\" content=\"Savon Gongolli I Achat &amp; bienfaits de ce produit naturel africain\" \/>\n<meta property=\"og:description\" content=\"Le\u00a0savon gongolli, \u00e9galement connu sous le nom de savon aux racines, est un produit naturel fabriqu\u00e9 \u00e0 base de plantes telles que le v\u00e9tiver.\" \/>\n<meta property=\"og:url\" content=\"https:\/\/www.safinel.fr\/de\/product-2\/gongolli-seife\/\" \/>\n<meta property=\"og:site_name\" content=\"Safinel\" \/>\n<meta property=\"article:modified_time\" content=\"2023-12-28T17:15:59+00:00\" \/>\n<meta property=\"og:image\" content=\"https:\/\/www.safinel.fr\/wp-content\/uploads\/2023\/05\/Savon-gongolli.jpg\" \/>\n\t<meta property=\"og:image:width\" content=\"600\" \/>\n\t<meta property=\"og:image:height\" content=\"600\" \/>\n\t<meta property=\"og:image:type\" content=\"image\/jpeg\" \/>\n<meta name=\"twitter:card\" content=\"summary_large_image\" \/>\n<meta name=\"twitter:label1\" content=\"Gesch\u00e4tzte Lesezeit\" \/>\n\t<meta name=\"twitter:data1\" content=\"4\u00a0Minuten\" \/>\n<script type=\"application\/ld+json\" class=\"yoast-schema-graph\">{\"@context\":\"https:\/\/schema.org\",\"@graph\":[{\"@type\":\"WebPage\",\"@id\":\"https:\/\/www.safinel.fr\/produit\/savon-gongolli\/\",\"url\":\"https:\/\/www.safinel.fr\/produit\/savon-gongolli\/\",\"name\":\"Savon Gongolli I Achat & bienfaits de ce produit naturel africain\",\"isPartOf\":{\"@id\":\"https:\/\/www.safinel.fr\/#website\"},\"primaryImageOfPage\":{\"@id\":\"https:\/\/www.safinel.fr\/produit\/savon-gongolli\/#primaryimage\"},\"image\":{\"@id\":\"https:\/\/www.safinel.fr\/produit\/savon-gongolli\/#primaryimage\"},\"thumbnailUrl\":\"https:\/\/www.safinel.fr\/wp-content\/uploads\/2023\/05\/Savon-gongolli.jpg\",\"datePublished\":\"2023-05-27T11:25:36+00:00\",\"dateModified\":\"2023-12-28T17:15:59+00:00\",\"description\":\"Le\u00a0savon gongolli, \u00e9galement connu sous le nom de savon aux racines, est un produit naturel fabriqu\u00e9 \u00e0 base de plantes telles que le v\u00e9tiver.\",\"breadcrumb\":{\"@id\":\"https:\/\/www.safinel.fr\/produit\/savon-gongolli\/#breadcrumb\"},\"inLanguage\":\"de\",\"potentialAction\":[{\"@type\":\"ReadAction\",\"target\":[\"https:\/\/www.safinel.fr\/produit\/savon-gongolli\/\"]}]},{\"@type\":\"ImageObject\",\"inLanguage\":\"de\",\"@id\":\"https:\/\/www.safinel.fr\/produit\/savon-gongolli\/#primaryimage\",\"url\":\"https:\/\/www.safinel.fr\/wp-content\/uploads\/2023\/05\/Savon-gongolli.jpg\",\"contentUrl\":\"https:\/\/www.safinel.fr\/wp-content\/uploads\/2023\/05\/Savon-gongolli.jpg\",\"width\":600,\"height\":600,\"caption\":\"Savon gongolli\"},{\"@type\":\"BreadcrumbList\",\"@id\":\"https:\/\/www.safinel.fr\/produit\/savon-gongolli\/#breadcrumb\",\"itemListElement\":[{\"@type\":\"ListItem\",\"position\":1,\"name\":\"Accueil\",\"item\":\"https:\/\/www.safinel.fr\/\"},{\"@type\":\"ListItem\",\"position\":2,\"name\":\"Boutique\",\"item\":\"https:\/\/www.safinel.fr\/boutique\/\"},{\"@type\":\"ListItem\",\"position\":3,\"name\":\"Savon gongolli\"}]},{\"@type\":\"WebSite\",\"@id\":\"https:\/\/www.safinel.fr\/#website\",\"url\":\"https:\/\/www.safinel.fr\/\",\"name\":\"Safinel\",\"description\":\"\",\"publisher\":{\"@id\":\"https:\/\/www.safinel.fr\/#organization\"},\"potentialAction\":[{\"@type\":\"SearchAction\",\"target\":{\"@type\":\"EntryPoint\",\"urlTemplate\":\"https:\/\/www.safinel.fr\/?s={search_term_string}\"},\"query-input\":{\"@type\":\"PropertyValueSpecification\",\"valueRequired\":true,\"valueName\":\"search_term_string\"}}],\"inLanguage\":\"de\"},{\"@type\":\"Organization\",\"@id\":\"https:\/\/www.safinel.fr\/#organization\",\"name\":\"Safinel\",\"url\":\"https:\/\/www.safinel.fr\/\",\"logo\":{\"@type\":\"ImageObject\",\"inLanguage\":\"de\",\"@id\":\"https:\/\/www.safinel.fr\/#\/schema\/logo\/image\/\",\"url\":\"https:\/\/www.safinel.fr\/wp-content\/uploads\/2021\/05\/boutique-cosmetique.png\",\"contentUrl\":\"https:\/\/www.safinel.fr\/wp-content\/uploads\/2021\/05\/boutique-cosmetique.png\",\"width\":800,\"height\":200,\"caption\":\"Safinel\"},\"image\":{\"@id\":\"https:\/\/www.safinel.fr\/#\/schema\/logo\/image\/\"}}]}<\/script>\n<!-- \/ Yoast SEO plugin. -->","yoast_head_json":{"title":"Gongolli-Seife I Kauf &amp; Vorteile dieses afrikanischen Naturprodukts","description":"Gongolli-Seife, auch bekannt als Wurzelseife, ist ein Naturprodukt, das aus Pflanzen wie Vetiver hergestellt wird.","robots":{"index":"index","follow":"follow","max-snippet":"max-snippet:-1","max-image-preview":"max-image-preview:large","max-video-preview":"max-video-preview:-1"},"canonical":"https:\/\/www.safinel.fr\/de\/product-2\/gongolli-seife\/","og_locale":"de_DE","og_type":"article","og_title":"Savon Gongolli I Achat & bienfaits de ce produit naturel africain","og_description":"Le\u00a0savon gongolli, \u00e9galement connu sous le nom de savon aux racines, est un produit naturel fabriqu\u00e9 \u00e0 base de plantes telles que le v\u00e9tiver.","og_url":"https:\/\/www.safinel.fr\/de\/product-2\/gongolli-seife\/","og_site_name":"Safinel","article_modified_time":"2023-12-28T17:15:59+00:00","og_image":[{"width":600,"height":600,"url":"https:\/\/www.safinel.fr\/wp-content\/uploads\/2023\/05\/Savon-gongolli.jpg","type":"image\/jpeg"}],"twitter_card":"summary_large_image","twitter_misc":{"Gesch\u00e4tzte Lesezeit":"4\u00a0Minuten"},"schema":{"@context":"https:\/\/schema.org","@graph":[{"@type":"WebPage","@id":"https:\/\/www.safinel.fr\/produit\/savon-gongolli\/","url":"https:\/\/www.safinel.fr\/produit\/savon-gongolli\/","name":"Gongolli-Seife I Kauf &amp; Vorteile dieses afrikanischen Naturprodukts","isPartOf":{"@id":"https:\/\/www.safinel.fr\/#website"},"primaryImageOfPage":{"@id":"https:\/\/www.safinel.fr\/produit\/savon-gongolli\/#primaryimage"},"image":{"@id":"https:\/\/www.safinel.fr\/produit\/savon-gongolli\/#primaryimage"},"thumbnailUrl":"https:\/\/www.safinel.fr\/wp-content\/uploads\/2023\/05\/Savon-gongolli.jpg","datePublished":"2023-05-27T11:25:36+00:00","dateModified":"2023-12-28T17:15:59+00:00","description":"Gongolli-Seife, auch bekannt als Wurzelseife, ist ein Naturprodukt, das aus Pflanzen wie Vetiver hergestellt wird.","breadcrumb":{"@id":"https:\/\/www.safinel.fr\/produit\/savon-gongolli\/#breadcrumb"},"inLanguage":"de","potentialAction":[{"@type":"ReadAction","target":["https:\/\/www.safinel.fr\/produit\/savon-gongolli\/"]}]},{"@type":"ImageObject","inLanguage":"de","@id":"https:\/\/www.safinel.fr\/produit\/savon-gongolli\/#primaryimage","url":"https:\/\/www.safinel.fr\/wp-content\/uploads\/2023\/05\/Savon-gongolli.jpg","contentUrl":"https:\/\/www.safinel.fr\/wp-content\/uploads\/2023\/05\/Savon-gongolli.jpg","width":600,"height":600,"caption":"Savon gongolli"},{"@type":"BreadcrumbList","@id":"https:\/\/www.safinel.fr\/produit\/savon-gongolli\/#breadcrumb","itemListElement":[{"@type":"ListItem","position":1,"name":"Accueil","item":"https:\/\/www.safinel.fr\/"},{"@type":"ListItem","position":2,"name":"Boutique","item":"https:\/\/www.safinel.fr\/boutique\/"},{"@type":"ListItem","position":3,"name":"Savon gongolli"}]},{"@type":"WebSite","@id":"https:\/\/www.safinel.fr\/#website","url":"https:\/\/www.safinel.fr\/","name":"Safinel","description":"","publisher":{"@id":"https:\/\/www.safinel.fr\/#organization"},"potentialAction":[{"@type":"SearchAction","target":{"@type":"EntryPoint","urlTemplate":"https:\/\/www.safinel.fr\/?s={search_term_string}"},"query-input":{"@type":"PropertyValueSpecification","valueRequired":true,"valueName":"search_term_string"}}],"inLanguage":"de"},{"@type":"Organization","@id":"https:\/\/www.safinel.fr\/#organization","name":"Safinel","url":"https:\/\/www.safinel.fr\/","logo":{"@type":"ImageObject","inLanguage":"de","@id":"https:\/\/www.safinel.fr\/#\/schema\/logo\/image\/","url":"https:\/\/www.safinel.fr\/wp-content\/uploads\/2021\/05\/boutique-cosmetique.png","contentUrl":"https:\/\/www.safinel.fr\/wp-content\/uploads\/2021\/05\/boutique-cosmetique.png","width":800,"height":200,"caption":"Safinel"},"image":{"@id":"https:\/\/www.safinel.fr\/#\/schema\/logo\/image\/"}}]}},"_links":{"self":[{"href":"https:\/\/www.safinel.fr\/de\/wp-json\/wp\/v2\/product\/6218","targetHints":{"allow":["GET"]}}],"collection":[{"href":"https:\/\/www.safinel.fr\/de\/wp-json\/wp\/v2\/product"}],"about":[{"href":"https:\/\/www.safinel.fr\/de\/wp-json\/wp\/v2\/types\/product"}],"wp:featuredmedia":[{"embeddable":true,"href":"https:\/\/www.safinel.fr\/de\/wp-json\/wp\/v2\/media\/6220"}],"wp:attachment":[{"href":"https:\/\/www.safinel.fr\/de\/wp-json\/wp\/v2\/media?parent=6218"}],"wp:term":[{"taxonomy":"product_brand","embeddable":true,"href":"https:\/\/www.safinel.fr\/de\/wp-json\/wp\/v2\/product_brand?post=6218"},{"taxonomy":"product_cat","embeddable":true,"href":"https:\/\/www.safinel.fr\/de\/wp-json\/wp\/v2\/product_cat?post=6218"},{"taxonomy":"product_tag","embeddable":true,"href":"https:\/\/www.safinel.fr\/de\/wp-json\/wp\/v2\/product_tag?post=6218"}],"curies":[{"name":"wp","href":"https:\/\/api.w.org\/{rel}","templated":true}]}}