{"id":621,"date":"2021-12-19T14:10:58","date_gmt":"2021-12-19T14:10:58","guid":{"rendered":"https:\/\/www.safinel.fr\/?post_type=product&#038;p=621"},"modified":"2024-03-30T18:16:50","modified_gmt":"2024-03-30T18:16:50","slug":"soumbala-kugeln","status":"publish","type":"product","link":"https:\/\/www.safinel.fr\/de\/product-2\/soumbala-kugeln\/","title":{"rendered":"Sumbala (Sumara)"},"content":{"rendered":"<p>Die\u00a0<strong>Soumbala-Kugeln<\/strong>, oder Netetou sagt Ihnen das etwas? Diese werden traditionell aus den Samen des Nere-Baums hergestellt. In Westafrika sehr h\u00e4ufig verwendet, sind die <strong>Sumbalasamen<\/strong>\u00a0sind sehr proteinreich.<\/p>\n<p>Folgen Sie uns, wir machen uns auf den Weg, um sie zu entdecken!<\/p>\n<h2><strong>Sumbala-Kugeln: Was ist das?\u00a0<\/strong><\/h2>\n<p>Auch benannt<strong>\u00a0afrikanischer Senf<\/strong>, Soumbala genie\u00dft in den traditionellen Gemeinschaften Westafrikas einen sehr guten Ruf. In der Tat ist es ein Muss in der K\u00fcche.\u00a0<strong>Mandingo-K\u00fcche,<\/strong>\u00a0wo es verwendet wird, um den Geschmack von Mahlzeiten auf hervorragende Weise zu unterstreichen.<\/p>\n<p>Wenn Sie jedoch der Meinung sind, dass Sumbala nur eine\u00a0<strong>Gew\u00fcrz<\/strong>, dann irren Sie sich! Er hat auch zahlreiche Eigenschaften und Verwendungsm\u00f6glichkeiten. Dieses Aromat hat also mehr als nur eine Facette, die es zu enth\u00fcllen gilt!<\/p>\n<p>Sie werden auf den lokalen M\u00e4rkten in Form von Kugeln verkauft und wir bieten sie Ihnen heute auf unserer Safinel-Website an. Hier k\u00f6nnen Sie sie entdecken.<\/p>\n<h3><strong>Soumbala-B\u00e4lle haben ein unglaubliches Talent\u00a0<\/strong><\/h3>\n<p>Man kann es nicht oft genug sagen: Die Gesundheit liegt im Nat\u00fcrlichen! Die\u00a0<strong>Soumbala-Kugeln\u00a0<\/strong>sind vollgepackt mit Tugenden, die unserer Gesundheit zugutekommen. In der Tat,<\/p>\n<ul>\n<li>Ihr Jodgehalt hilft gegen die Entstehung eines Kropfes ;<\/li>\n<li>Sie f\u00f6rdern die Herzt\u00e4tigkeit sowie die Funktion des Gehirns ;<\/li>\n<li>Bek\u00e4mpfung von Bluthochdruck ;<\/li>\n<li>Verhindern und verringern bestimmte Formen von An\u00e4mie ;<\/li>\n<li>St\u00e4rken die Immunabwehr ;<\/li>\n<li>Linderung bei Stichen und Verbrennungen ;<\/li>\n<li>Hilft bei der Bek\u00e4mpfung von M\u00fcdigkeit durch einen hohen Gehalt an Vitamin A und C ;<\/li>\n<li>Schlie\u00dflich sind diese B\u00e4lle eine f\u00fcr alle zug\u00e4ngliche N\u00e4hrstoffquelle.<\/li>\n<\/ul>\n<h3><strong>Soumbala-Kugeln in der K\u00fcche<\/strong><\/h3>\n<p>Wie bereits erw\u00e4hnt, ist Soumabala, das an der Elfenbeink\u00fcste auch Netetou genannt wird, ein nat\u00fcrliches Gew\u00fcrz, das in der K\u00fcche nicht fehlen darf. Das liegt an seinem ausgepr\u00e4gten Duft und seinem unvergleichlichen Geschmack. Vor einigen Jahren wurde dieses <strong>nat\u00fcrlicher Geschmacksverst\u00e4rker\u00a0<\/strong>wurde wegen seines hohen Proteingehalts h\u00e4ufig als Fleischersatz verwendet.<\/p>\n<p>F\u00fcr einen neu interpretierten Geschmack k\u00f6nnen Sie es in Ihren Grillgerichten, aber auch in Ihren Br\u00fchen verwenden! Erfinden Sie Ihre Rezepte neu und verleihen Sie ihnen Geschmack!<\/p>\n<p>Andererseits ist hier unser Geheimnis, wie man den starken Geruch, den sie verbreiten, \u201cabschw\u00e4chen\u201d kann:<\/p>\n<ol>\n<li>R\u00f6sten Sie einige Minuten lang bei mittlerer Hitze in einem leeren Topf.<\/li>\n<li>Geben Sie dann einen Essl\u00f6ffel Ihrer Zubereitungen zu Beginn oder in der Mitte des Kochvorgangs hinzu!<\/li>\n<li>Plus: Mit etwas Ingwer mischen.<\/li>\n<\/ol>\n<h3><strong>Aufbewahrung und Vorsichtsma\u00dfnahmen<\/strong><\/h3>\n<p>F\u00fcr eine gute und lange Haltbarkeit<strong>\u00a0Soumbala-Kugeln<\/strong>\u00a0m\u00fcssen gut verpackt sein. Dadurch wird das Risiko einer Kontamination verringert. Daher ist es wichtig, sie in einer luftdicht verschlossenen Schachtel aufzubewahren.<\/p>\n<p>Es gibt keine besonderen Vorsichtsma\u00dfnahmen f\u00fcr ihren Verzehr. Dennoch sollten Sie bei allen medizinischen Fragen Ihren Arzt konsultieren.<\/p>\n<h2><strong>Begegnen Sie einigen Frauenhygieneprodukten<\/strong><\/h2>\n<ul>\n<li>Da unsere Website eine wahre Ali-Baba-H\u00f6hle in Bezug auf Wellness und Nat\u00fcrlichkeit ist, entdecken Sie unsere Rubrik Intimit\u00e4t.<\/li>\n<li>Damen, vernachl\u00e4ssigen Sie Ihre weibliche Hygiene nicht l\u00e4nger und entscheiden Sie sich f\u00fcr unsere Produkte.<\/li>\n<li>Sie k\u00f6nnen unter anderem wiederfinden von\u00a0<a href=\"https:\/\/www.safinel.fr\/de\/product-2\/nep-pulver-nep\/\"><strong>Nep Nep-Pulver<\/strong><\/a>. Die\u00a0<a href=\"https:\/\/www.safinel.fr\/de\/product-2\/4-seitige-frucht-3-stuck\/\"><strong>Frucht 4 Seiten<\/strong><\/a>, oder die\u00a0<a href=\"https:\/\/www.safinel.fr\/de\/product-2\/vetiverwurzeln\/\"><strong>Vetiverwurzeln<\/strong><\/a>.<\/li>\n<li>Und noch viel mehr<\/li>\n<\/ul>","protected":false},"excerpt":{"rendered":"<p><img decoding=\"async\" class=\"size-full wp-image-5091 aligncenter\" src=\"https:\/\/www.safinel.fr\/wp-content\/uploads\/2021\/06\/BANNIERE-ICONE-SAFINEL.webp\" alt=\"Satines-R\u00fcckversicherung\" width=\"800\" height=\"200\" srcset=\"https:\/\/www.safinel.fr\/wp-content\/uploads\/2021\/06\/BANNIERE-ICONE-SAFINEL.webp 800w, https:\/\/www.safinel.fr\/wp-content\/uploads\/2021\/06\/BANNIERE-ICONE-SAFINEL-600x150.webp 600w, https:\/\/www.safinel.fr\/wp-content\/uploads\/2021\/06\/BANNIERE-ICONE-SAFINEL-768x192.webp 768w\" sizes=\"(max-width: 800px) 100vw, 800px\" \/><\/p>","protected":false},"featured_media":4196,"template":"","meta":[],"product_brand":[],"product_cat":[44],"product_tag":[],"class_list":{"0":"post-621","1":"product","2":"type-product","3":"status-publish","4":"has-post-thumbnail","6":"product_cat-epices","8":"first","9":"instock","10":"shipping-taxable","11":"purchasable","12":"product-type-variable","13":"has-default-attributes"},"yoast_head":"<!-- This site is optimized with the Yoast SEO plugin v26.6 - https:\/\/yoast.com\/wordpress\/plugins\/seo\/ -->\n<title>Boules de soumbala 200g | Achat en ligne | Condiment africain<\/title>\n<meta name=\"description\" content=\"Les\u00a0boules de soumbala, \u00e7a vous dit quelque chose ? Ces derni\u00e8res sont fabriqu\u00e9es traditionnellement avec les graines de l\u2019arbre N\u00e9r\u00e9.\" \/>\n<meta name=\"robots\" content=\"index, follow, max-snippet:-1, max-image-preview:large, max-video-preview:-1\" \/>\n<link rel=\"canonical\" href=\"https:\/\/www.safinel.fr\/de\/product-2\/soumbala-kugeln\/\" \/>\n<meta property=\"og:locale\" content=\"de_DE\" \/>\n<meta property=\"og:type\" content=\"article\" \/>\n<meta property=\"og:title\" content=\"Boules de soumbala 200g | Achat en ligne | Condiment africain\" \/>\n<meta property=\"og:description\" content=\"Les\u00a0boules de soumbala, \u00e7a vous dit quelque chose ? Ces derni\u00e8res sont fabriqu\u00e9es traditionnellement avec les graines de l\u2019arbre N\u00e9r\u00e9.\" \/>\n<meta property=\"og:url\" content=\"https:\/\/www.safinel.fr\/de\/product-2\/soumbala-kugeln\/\" \/>\n<meta property=\"og:site_name\" content=\"Safinel\" \/>\n<meta property=\"article:modified_time\" content=\"2024-03-30T18:16:50+00:00\" \/>\n<meta property=\"og:image\" content=\"https:\/\/www.safinel.fr\/wp-content\/uploads\/2021\/12\/boules-de-soumbala-soumara.jpg\" \/>\n\t<meta property=\"og:image:width\" content=\"600\" \/>\n\t<meta property=\"og:image:height\" content=\"600\" \/>\n\t<meta property=\"og:image:type\" content=\"image\/jpeg\" \/>\n<meta name=\"twitter:card\" content=\"summary_large_image\" \/>\n<meta name=\"twitter:label1\" content=\"Gesch\u00e4tzte Lesezeit\" \/>\n\t<meta name=\"twitter:data1\" content=\"3\u00a0Minuten\" \/>\n<script type=\"application\/ld+json\" class=\"yoast-schema-graph\">{\"@context\":\"https:\/\/schema.org\",\"@graph\":[{\"@type\":\"WebPage\",\"@id\":\"https:\/\/www.safinel.fr\/produit\/boules-de-soumbala\/\",\"url\":\"https:\/\/www.safinel.fr\/produit\/boules-de-soumbala\/\",\"name\":\"Boules de soumbala 200g | Achat en ligne | Condiment africain\",\"isPartOf\":{\"@id\":\"https:\/\/www.safinel.fr\/#website\"},\"primaryImageOfPage\":{\"@id\":\"https:\/\/www.safinel.fr\/produit\/boules-de-soumbala\/#primaryimage\"},\"image\":{\"@id\":\"https:\/\/www.safinel.fr\/produit\/boules-de-soumbala\/#primaryimage\"},\"thumbnailUrl\":\"https:\/\/www.safinel.fr\/wp-content\/uploads\/2021\/12\/boules-de-soumbala-soumara.jpg\",\"datePublished\":\"2021-12-19T14:10:58+00:00\",\"dateModified\":\"2024-03-30T18:16:50+00:00\",\"description\":\"Les\u00a0boules de soumbala, \u00e7a vous dit quelque chose ? Ces derni\u00e8res sont fabriqu\u00e9es traditionnellement avec les graines de l\u2019arbre N\u00e9r\u00e9.\",\"breadcrumb\":{\"@id\":\"https:\/\/www.safinel.fr\/produit\/boules-de-soumbala\/#breadcrumb\"},\"inLanguage\":\"de\",\"potentialAction\":[{\"@type\":\"ReadAction\",\"target\":[\"https:\/\/www.safinel.fr\/produit\/boules-de-soumbala\/\"]}]},{\"@type\":\"ImageObject\",\"inLanguage\":\"de\",\"@id\":\"https:\/\/www.safinel.fr\/produit\/boules-de-soumbala\/#primaryimage\",\"url\":\"https:\/\/www.safinel.fr\/wp-content\/uploads\/2021\/12\/boules-de-soumbala-soumara.jpg\",\"contentUrl\":\"https:\/\/www.safinel.fr\/wp-content\/uploads\/2021\/12\/boules-de-soumbala-soumara.jpg\",\"width\":600,\"height\":600,\"caption\":\"boules de soumbala soumara\"},{\"@type\":\"BreadcrumbList\",\"@id\":\"https:\/\/www.safinel.fr\/produit\/boules-de-soumbala\/#breadcrumb\",\"itemListElement\":[{\"@type\":\"ListItem\",\"position\":1,\"name\":\"Accueil\",\"item\":\"https:\/\/www.safinel.fr\/\"},{\"@type\":\"ListItem\",\"position\":2,\"name\":\"Boutique\",\"item\":\"https:\/\/www.safinel.fr\/boutique\/\"},{\"@type\":\"ListItem\",\"position\":3,\"name\":\"Soumbala (Soumara)\"}]},{\"@type\":\"WebSite\",\"@id\":\"https:\/\/www.safinel.fr\/#website\",\"url\":\"https:\/\/www.safinel.fr\/\",\"name\":\"Safinel\",\"description\":\"\",\"publisher\":{\"@id\":\"https:\/\/www.safinel.fr\/#organization\"},\"potentialAction\":[{\"@type\":\"SearchAction\",\"target\":{\"@type\":\"EntryPoint\",\"urlTemplate\":\"https:\/\/www.safinel.fr\/?s={search_term_string}\"},\"query-input\":{\"@type\":\"PropertyValueSpecification\",\"valueRequired\":true,\"valueName\":\"search_term_string\"}}],\"inLanguage\":\"de\"},{\"@type\":\"Organization\",\"@id\":\"https:\/\/www.safinel.fr\/#organization\",\"name\":\"Safinel\",\"url\":\"https:\/\/www.safinel.fr\/\",\"logo\":{\"@type\":\"ImageObject\",\"inLanguage\":\"de\",\"@id\":\"https:\/\/www.safinel.fr\/#\/schema\/logo\/image\/\",\"url\":\"https:\/\/www.safinel.fr\/wp-content\/uploads\/2021\/05\/boutique-cosmetique.png\",\"contentUrl\":\"https:\/\/www.safinel.fr\/wp-content\/uploads\/2021\/05\/boutique-cosmetique.png\",\"width\":800,\"height\":200,\"caption\":\"Safinel\"},\"image\":{\"@id\":\"https:\/\/www.safinel.fr\/#\/schema\/logo\/image\/\"}}]}<\/script>\n<!-- \/ Yoast SEO plugin. -->","yoast_head_json":{"title":"Sumbala Kugeln 200g | Online kaufen | Afrikanisches Gew\u00fcrz","description":"Sagen Ihnen die Sumbala-Kugeln etwas? Diese werden traditionell aus den Samen des Nere-Baums hergestellt.","robots":{"index":"index","follow":"follow","max-snippet":"max-snippet:-1","max-image-preview":"max-image-preview:large","max-video-preview":"max-video-preview:-1"},"canonical":"https:\/\/www.safinel.fr\/de\/product-2\/soumbala-kugeln\/","og_locale":"de_DE","og_type":"article","og_title":"Boules de soumbala 200g | Achat en ligne | Condiment africain","og_description":"Les\u00a0boules de soumbala, \u00e7a vous dit quelque chose ? Ces derni\u00e8res sont fabriqu\u00e9es traditionnellement avec les graines de l\u2019arbre N\u00e9r\u00e9.","og_url":"https:\/\/www.safinel.fr\/de\/product-2\/soumbala-kugeln\/","og_site_name":"Safinel","article_modified_time":"2024-03-30T18:16:50+00:00","og_image":[{"width":600,"height":600,"url":"https:\/\/www.safinel.fr\/wp-content\/uploads\/2021\/12\/boules-de-soumbala-soumara.jpg","type":"image\/jpeg"}],"twitter_card":"summary_large_image","twitter_misc":{"Gesch\u00e4tzte Lesezeit":"3\u00a0Minuten"},"schema":{"@context":"https:\/\/schema.org","@graph":[{"@type":"WebPage","@id":"https:\/\/www.safinel.fr\/produit\/boules-de-soumbala\/","url":"https:\/\/www.safinel.fr\/produit\/boules-de-soumbala\/","name":"Sumbala Kugeln 200g | Online kaufen | Afrikanisches Gew\u00fcrz","isPartOf":{"@id":"https:\/\/www.safinel.fr\/#website"},"primaryImageOfPage":{"@id":"https:\/\/www.safinel.fr\/produit\/boules-de-soumbala\/#primaryimage"},"image":{"@id":"https:\/\/www.safinel.fr\/produit\/boules-de-soumbala\/#primaryimage"},"thumbnailUrl":"https:\/\/www.safinel.fr\/wp-content\/uploads\/2021\/12\/boules-de-soumbala-soumara.jpg","datePublished":"2021-12-19T14:10:58+00:00","dateModified":"2024-03-30T18:16:50+00:00","description":"Sagen Ihnen die Sumbala-Kugeln etwas? Diese werden traditionell aus den Samen des Nere-Baums hergestellt.","breadcrumb":{"@id":"https:\/\/www.safinel.fr\/produit\/boules-de-soumbala\/#breadcrumb"},"inLanguage":"de","potentialAction":[{"@type":"ReadAction","target":["https:\/\/www.safinel.fr\/produit\/boules-de-soumbala\/"]}]},{"@type":"ImageObject","inLanguage":"de","@id":"https:\/\/www.safinel.fr\/produit\/boules-de-soumbala\/#primaryimage","url":"https:\/\/www.safinel.fr\/wp-content\/uploads\/2021\/12\/boules-de-soumbala-soumara.jpg","contentUrl":"https:\/\/www.safinel.fr\/wp-content\/uploads\/2021\/12\/boules-de-soumbala-soumara.jpg","width":600,"height":600,"caption":"boules de soumbala soumara"},{"@type":"BreadcrumbList","@id":"https:\/\/www.safinel.fr\/produit\/boules-de-soumbala\/#breadcrumb","itemListElement":[{"@type":"ListItem","position":1,"name":"Accueil","item":"https:\/\/www.safinel.fr\/"},{"@type":"ListItem","position":2,"name":"Boutique","item":"https:\/\/www.safinel.fr\/boutique\/"},{"@type":"ListItem","position":3,"name":"Soumbala (Soumara)"}]},{"@type":"WebSite","@id":"https:\/\/www.safinel.fr\/#website","url":"https:\/\/www.safinel.fr\/","name":"Safinel","description":"","publisher":{"@id":"https:\/\/www.safinel.fr\/#organization"},"potentialAction":[{"@type":"SearchAction","target":{"@type":"EntryPoint","urlTemplate":"https:\/\/www.safinel.fr\/?s={search_term_string}"},"query-input":{"@type":"PropertyValueSpecification","valueRequired":true,"valueName":"search_term_string"}}],"inLanguage":"de"},{"@type":"Organization","@id":"https:\/\/www.safinel.fr\/#organization","name":"Safinel","url":"https:\/\/www.safinel.fr\/","logo":{"@type":"ImageObject","inLanguage":"de","@id":"https:\/\/www.safinel.fr\/#\/schema\/logo\/image\/","url":"https:\/\/www.safinel.fr\/wp-content\/uploads\/2021\/05\/boutique-cosmetique.png","contentUrl":"https:\/\/www.safinel.fr\/wp-content\/uploads\/2021\/05\/boutique-cosmetique.png","width":800,"height":200,"caption":"Safinel"},"image":{"@id":"https:\/\/www.safinel.fr\/#\/schema\/logo\/image\/"}}]}},"_links":{"self":[{"href":"https:\/\/www.safinel.fr\/de\/wp-json\/wp\/v2\/product\/621","targetHints":{"allow":["GET"]}}],"collection":[{"href":"https:\/\/www.safinel.fr\/de\/wp-json\/wp\/v2\/product"}],"about":[{"href":"https:\/\/www.safinel.fr\/de\/wp-json\/wp\/v2\/types\/product"}],"wp:featuredmedia":[{"embeddable":true,"href":"https:\/\/www.safinel.fr\/de\/wp-json\/wp\/v2\/media\/4196"}],"wp:attachment":[{"href":"https:\/\/www.safinel.fr\/de\/wp-json\/wp\/v2\/media?parent=621"}],"wp:term":[{"taxonomy":"product_brand","embeddable":true,"href":"https:\/\/www.safinel.fr\/de\/wp-json\/wp\/v2\/product_brand?post=621"},{"taxonomy":"product_cat","embeddable":true,"href":"https:\/\/www.safinel.fr\/de\/wp-json\/wp\/v2\/product_cat?post=621"},{"taxonomy":"product_tag","embeddable":true,"href":"https:\/\/www.safinel.fr\/de\/wp-json\/wp\/v2\/product_tag?post=621"}],"curies":[{"name":"wp","href":"https:\/\/api.w.org\/{rel}","templated":true}]}}