{"id":6205,"date":"2023-05-26T14:51:58","date_gmt":"2023-05-26T14:51:58","guid":{"rendered":"https:\/\/www.safinel.fr\/?post_type=product&#038;p=6205"},"modified":"2023-12-28T17:15:59","modified_gmt":"2023-12-28T17:15:59","slug":"safran-aus-taliouine","status":"publish","type":"product","link":"https:\/\/www.safinel.fr\/de\/product-2\/safran-aus-taliouine\/","title":{"rendered":"Safran aus Taliouine (g.U.) 1g"},"content":{"rendered":"<p>Safran, dieses kostbare und geheimnisvolle Gew\u00fcrz, ist f\u00fcr seine zahlreichen gesundheitsf\u00f6rdernden und wohltuenden Eigenschaften bekannt. <strong>In Marokko wird der Safran aus Taliouine wegen seiner au\u00dfergew\u00f6hnlichen Qualit\u00e4t besonders gesch\u00e4tzt.<\/strong>.<\/p>\n<p>Erfahren Sie mehr \u00fcber die zahlreichen Vorteile dieses nat\u00fcrlich vorkommenden roten Goldes und wie es dazu beitragen kann, Ihr Leben zu verbessern.<\/p>\n<h2><strong>Safran: ein Gew\u00fcrz mit tausend Tugenden<\/strong><\/h2>\n<p>Die Safranpflanze wird seit Jahrtausenden kultiviert und wird seit jeher wegen ihrer medizinischen und kulinarischen Eigenschaften verwendet. <strong>Von der Verbesserung der Blutzirkulation bis zur Linderung von <a href=\"https:\/\/www.safinel.fr\/de\/product-2\/perlenpulver\/\">Zahnschmerzen<\/a><\/strong>, Das Gew\u00fcrz ist ein wahrer Verb\u00fcndeter f\u00fcr unsere allgemeine Gesundheit.<\/p>\n<ul>\n<li><strong>Verbesserung der Blutzirkulation<\/strong><\/li>\n<\/ul>\n<p>Safran besitzt gef\u00e4\u00dferweiternde Eigenschaften, die eine gute Blutzirkulation im gesamten Organismus f\u00f6rdern. So wirkt er auf die Blutgef\u00e4\u00dfe, indem er sie erweitert, was eine bessere Sauerstoffversorgung der Zellen erm\u00f6glicht und dem Auftreten verschiedener Herz-Kreislauf-Erkrankungen wie Bluthochdruck oder auch Schlaganf\u00e4llen vorbeugt.<\/p>\n<ul>\n<li><strong>Linderung von Zahnschmerzen<\/strong><\/li>\n<\/ul>\n<p>Aufgrund seiner schmerzlindernden und entz\u00fcndungshemmenden Eigenschaften ist Safran auch bei Zahnschmerzen wirksam. Tragen Sie einfach eine Paste aus Safran und Wasser auf die schmerzende Stelle auf, um eine schnelle Linderung zu versp\u00fcren.<\/p>\n<ul>\n<li><strong>Ein nat\u00fcrliches Aphrodisiakum<\/strong><\/li>\n<\/ul>\n<p>Safran hat eine stimulierende und aphrodisierende Wirkung, die zur Verbesserung der Libido und der sexuellen Leistungsf\u00e4higkeit beitr\u00e4gt. Er wird seit der Antike wegen seiner Wirkung auf Vitalit\u00e4t und Energie verwendet und ist nach wie vor eine nat\u00fcrliche L\u00f6sung bei Erektions- und Lustst\u00f6rungen bei M\u00e4nnern und Frauen.<\/p>\n<h2><strong>Marokkanischer Safran aus Taliouine: ein Garant f\u00fcr Qualit\u00e4t<\/strong><\/h2>\n<p>In Marokko ist die Region Taliouine besonders f\u00fcr die au\u00dfergew\u00f6hnliche Qualit\u00e4t ihres Safrans bekannt. Das Klima und die idealen Anbaubedingungen erm\u00f6glichen es, ein Produkt mit intensiven Aromen und zahlreichen gesundheitsf\u00f6rdernden Eigenschaften zu erzeugen. Die lokalen Erzeuger wenden traditionelle und umweltfreundliche Methoden an, um dieses seltene und wertvolle Gew\u00fcrz anzubauen.<\/p>\n<h3><strong>Eine sorgf\u00e4ltige und handwerkliche Ernte<\/strong><\/h3>\n<p>Die Ernte des marokkanischen Safrans erfolgt auch heute noch auf traditionelle Weise und von Hand. Die Produzenten stehen morgens sehr fr\u00fch auf. Dies geschieht, um die Safranbl\u00fcten von Hand zu pfl\u00fccken, bevor die Sonne aufgeht. Diese Methode erm\u00f6glicht es, die organoleptischen und medizinischen Qualit\u00e4ten dieses delikaten Gew\u00fcrzes bestm\u00f6glich zu bewahren.<\/p>\n<h3><strong>Eine umweltfreundliche Produktion<\/strong><\/h3>\n<p>Die Produzenten von marokkanischem Safran legen gro\u00dfen Wert auf Umweltfreundlichkeit und den Erhalt der nat\u00fcrlichen Ressourcen.<strong> So verwenden sie umweltfreundliche und nachhaltige Anbaumethoden,<\/strong> wie Tropfbew\u00e4sserung oder die Verwendung von nat\u00fcrlichen D\u00fcngemitteln zur Anreicherung der B\u00f6den.<\/p>\n<h2><strong>Wie kann man von den Vorteilen des roten Goldes profitieren?<\/strong><\/h2>\n<p>Der regelm\u00e4\u00dfige Verzehr von marokkanischem Safran kann Ihnen helfen, von seinen zahlreichen gesundheitlichen Vorteilen und seinem Wohlbefinden zu profitieren.<\/p>\n<h3><strong>Hier sind einige Ideen, wie Sie dieses wertvolle Gew\u00fcrz in Ihren Alltag integrieren k\u00f6nnen:<\/strong><\/h3>\n<ul>\n<li><strong>Als Aufguss<\/strong> : Eine Prise Safran in einer Tasse mit hei\u00dfem Wasser einige Minuten ziehen lassen, dann eventuell etwas <a href=\"https:\/\/www.safinel.fr\/de\/product-category-2\/bienenzucht\/\"><strong>Honig, um den Geschmack zu vers\u00fc\u00dfen<\/strong><\/a>. Sie k\u00f6nnen Safran auch mit anderen Pflanzen mischen, die eine entspannende Wirkung haben, wie Kamille oder Eisenkraut.<\/li>\n<li><strong>In deinen Gerichten<\/strong> : Bauen Sie das rote Gold in Ihre s\u00fc\u00dfen oder herzhaften Rezepte ein, um ihnen einen Hauch von Exotik und intensivem Geschmack zu verleihen. Es passt besonders gut zu Fisch, Gem\u00fcse oder auch zu Desserts auf Milchbasis, wie Cr\u00e8me br\u00fbl\u00e9e oder Mousse.<\/li>\n<li><strong>Als Nahrungserg\u00e4nzungsmittel<\/strong> Kapseln: Kapseln mit diesem marokkanischen Gew\u00fcrz sind auf dem Markt erh\u00e4ltlich. Sie erm\u00f6glichen es Ihnen, ganz einfach von seinen gesundheitsf\u00f6rdernden Eigenschaften zu profitieren. Achten Sie jedoch darauf, ein Qualit\u00e4tsprodukt zu w\u00e4hlen, das aus einer ethischen und umweltfreundlichen Produktionskette stammt.<\/li>\n<\/ul>\n<p>Mit seinem einzigartigen Geschmack und seinen zahlreichen wohltuenden Eigenschaften ist der marokkanische Safran wirklich ein au\u00dfergew\u00f6hnliches Gew\u00fcrz, das Sie in Ihren Alltag integrieren sollten. Z\u00f6gern Sie also nicht l\u00e4nger und lassen Sie sich von diesem roten Gold mit seinen tausend Tugenden verf\u00fchren!<\/p>","protected":false},"excerpt":{"rendered":"<p><strong>Einige Vorteile :<\/strong><\/p>\n<ul>\n<li><strong>Verbesserung der Durchblutung :\u00a0<\/strong><span style=\"color: #555555;\">Safran besitzt gef\u00e4\u00dferweiternde Eigenschaften, die eine gute Blutzirkulation im gesamten Organismus f\u00f6rdern. So wirkt er auf die Blutgef\u00e4\u00dfe, indem er sie erweitert, was eine bessere Sauerstoffversorgung der Zellen erm\u00f6glicht und dem Auftreten verschiedener Herz-Kreislauf-Erkrankungen wie Bluthochdruck oder auch Schlaganf\u00e4llen vorbeugt.<\/span><\/li>\n<\/ul>\n<ul>\n<li><strong>Linderung von Zahnschmerzen :\u00a0<\/strong><span style=\"color: #555555;\">Aufgrund seiner schmerzlindernden und entz\u00fcndungshemmenden Eigenschaften ist Safran auch bei Zahnschmerzen wirksam. Tragen Sie einfach eine Paste aus Safran und Wasser auf die schmerzende Stelle auf, um eine schnelle Linderung zu versp\u00fcren.<\/span><\/li>\n<\/ul>\n<p><img decoding=\"async\" class=\"size-full wp-image-5091 aligncenter\" src=\"https:\/\/www.safinel.fr\/wp-content\/uploads\/2021\/06\/BANNIERE-ICONE-SAFINEL.webp\" alt=\"Satines-R\u00fcckversicherung\" width=\"800\" height=\"200\" srcset=\"https:\/\/www.safinel.fr\/wp-content\/uploads\/2021\/06\/BANNIERE-ICONE-SAFINEL.webp 800w, https:\/\/www.safinel.fr\/wp-content\/uploads\/2021\/06\/BANNIERE-ICONE-SAFINEL-600x150.webp 600w, https:\/\/www.safinel.fr\/wp-content\/uploads\/2021\/06\/BANNIERE-ICONE-SAFINEL-768x192.webp 768w\" sizes=\"(max-width: 800px) 100vw, 800px\" \/><\/p>","protected":false},"featured_media":6217,"template":"","meta":[],"product_brand":[],"product_cat":[169,53],"product_tag":[],"class_list":{"0":"post-6205","1":"product","2":"type-product","3":"status-publish","4":"has-post-thumbnail","6":"product_cat-epices-du-monde","7":"product_cat-epices-marocaines","9":"first","10":"instock","11":"shipping-taxable","12":"purchasable","13":"product-type-simple"},"yoast_head":"<!-- This site is optimized with the Yoast SEO plugin v26.6 - https:\/\/yoast.com\/wordpress\/plugins\/seo\/ -->\n<title>Safran de Taliouine I Safran marocain I Bienfaits nombreux<\/title>\n<meta name=\"description\" content=\"Le Safran de Taliouine, cette \u00e9pice pr\u00e9cieuse et myst\u00e9rieuse, est r\u00e9put\u00e9 pour ses nombreuses vertus sant\u00e9 et bien-\u00eatre. Adoptez-l\u00e0 !\" \/>\n<meta name=\"robots\" content=\"index, follow, max-snippet:-1, max-image-preview:large, max-video-preview:-1\" \/>\n<link rel=\"canonical\" href=\"https:\/\/www.safinel.fr\/de\/product-2\/safran-aus-taliouine\/\" \/>\n<meta property=\"og:locale\" content=\"de_DE\" \/>\n<meta property=\"og:type\" content=\"article\" \/>\n<meta property=\"og:title\" content=\"Safran de Taliouine I Safran marocain I Bienfaits nombreux\" \/>\n<meta property=\"og:description\" content=\"Le Safran de Taliouine, cette \u00e9pice pr\u00e9cieuse et myst\u00e9rieuse, est r\u00e9put\u00e9 pour ses nombreuses vertus sant\u00e9 et bien-\u00eatre. Adoptez-l\u00e0 !\" \/>\n<meta property=\"og:url\" content=\"https:\/\/www.safinel.fr\/de\/product-2\/safran-aus-taliouine\/\" \/>\n<meta property=\"og:site_name\" content=\"Safinel\" \/>\n<meta property=\"article:modified_time\" content=\"2023-12-28T17:15:59+00:00\" \/>\n<meta property=\"og:image\" content=\"https:\/\/www.safinel.fr\/wp-content\/uploads\/2023\/05\/safran-pur-du-maroc.jpg\" \/>\n\t<meta property=\"og:image:width\" content=\"600\" \/>\n\t<meta property=\"og:image:height\" content=\"600\" \/>\n\t<meta property=\"og:image:type\" content=\"image\/jpeg\" \/>\n<meta name=\"twitter:card\" content=\"summary_large_image\" \/>\n<meta name=\"twitter:label1\" content=\"Gesch\u00e4tzte Lesezeit\" \/>\n\t<meta name=\"twitter:data1\" content=\"4\u00a0Minuten\" \/>\n<script type=\"application\/ld+json\" class=\"yoast-schema-graph\">{\"@context\":\"https:\/\/schema.org\",\"@graph\":[{\"@type\":\"WebPage\",\"@id\":\"https:\/\/www.safinel.fr\/produit\/safran-de-taliouine\/\",\"url\":\"https:\/\/www.safinel.fr\/produit\/safran-de-taliouine\/\",\"name\":\"Safran de Taliouine I Safran marocain I Bienfaits nombreux\",\"isPartOf\":{\"@id\":\"https:\/\/www.safinel.fr\/#website\"},\"primaryImageOfPage\":{\"@id\":\"https:\/\/www.safinel.fr\/produit\/safran-de-taliouine\/#primaryimage\"},\"image\":{\"@id\":\"https:\/\/www.safinel.fr\/produit\/safran-de-taliouine\/#primaryimage\"},\"thumbnailUrl\":\"https:\/\/www.safinel.fr\/wp-content\/uploads\/2023\/05\/safran-pur-du-maroc.jpg\",\"datePublished\":\"2023-05-26T14:51:58+00:00\",\"dateModified\":\"2023-12-28T17:15:59+00:00\",\"description\":\"Le Safran de Taliouine, cette \u00e9pice pr\u00e9cieuse et myst\u00e9rieuse, est r\u00e9put\u00e9 pour ses nombreuses vertus sant\u00e9 et bien-\u00eatre. Adoptez-l\u00e0 !\",\"breadcrumb\":{\"@id\":\"https:\/\/www.safinel.fr\/produit\/safran-de-taliouine\/#breadcrumb\"},\"inLanguage\":\"de\",\"potentialAction\":[{\"@type\":\"ReadAction\",\"target\":[\"https:\/\/www.safinel.fr\/produit\/safran-de-taliouine\/\"]}]},{\"@type\":\"ImageObject\",\"inLanguage\":\"de\",\"@id\":\"https:\/\/www.safinel.fr\/produit\/safran-de-taliouine\/#primaryimage\",\"url\":\"https:\/\/www.safinel.fr\/wp-content\/uploads\/2023\/05\/safran-pur-du-maroc.jpg\",\"contentUrl\":\"https:\/\/www.safinel.fr\/wp-content\/uploads\/2023\/05\/safran-pur-du-maroc.jpg\",\"width\":600,\"height\":600,\"caption\":\"Safran de Taliouine (AOP) 1g\"},{\"@type\":\"BreadcrumbList\",\"@id\":\"https:\/\/www.safinel.fr\/produit\/safran-de-taliouine\/#breadcrumb\",\"itemListElement\":[{\"@type\":\"ListItem\",\"position\":1,\"name\":\"Accueil\",\"item\":\"https:\/\/www.safinel.fr\/\"},{\"@type\":\"ListItem\",\"position\":2,\"name\":\"Boutique\",\"item\":\"https:\/\/www.safinel.fr\/boutique\/\"},{\"@type\":\"ListItem\",\"position\":3,\"name\":\"Safran de Taliouine (AOP) 1g\"}]},{\"@type\":\"WebSite\",\"@id\":\"https:\/\/www.safinel.fr\/#website\",\"url\":\"https:\/\/www.safinel.fr\/\",\"name\":\"Safinel\",\"description\":\"\",\"publisher\":{\"@id\":\"https:\/\/www.safinel.fr\/#organization\"},\"potentialAction\":[{\"@type\":\"SearchAction\",\"target\":{\"@type\":\"EntryPoint\",\"urlTemplate\":\"https:\/\/www.safinel.fr\/?s={search_term_string}\"},\"query-input\":{\"@type\":\"PropertyValueSpecification\",\"valueRequired\":true,\"valueName\":\"search_term_string\"}}],\"inLanguage\":\"de\"},{\"@type\":\"Organization\",\"@id\":\"https:\/\/www.safinel.fr\/#organization\",\"name\":\"Safinel\",\"url\":\"https:\/\/www.safinel.fr\/\",\"logo\":{\"@type\":\"ImageObject\",\"inLanguage\":\"de\",\"@id\":\"https:\/\/www.safinel.fr\/#\/schema\/logo\/image\/\",\"url\":\"https:\/\/www.safinel.fr\/wp-content\/uploads\/2021\/05\/boutique-cosmetique.png\",\"contentUrl\":\"https:\/\/www.safinel.fr\/wp-content\/uploads\/2021\/05\/boutique-cosmetique.png\",\"width\":800,\"height\":200,\"caption\":\"Safinel\"},\"image\":{\"@id\":\"https:\/\/www.safinel.fr\/#\/schema\/logo\/image\/\"}}]}<\/script>\n<!-- \/ Yoast SEO plugin. -->","yoast_head_json":{"title":"Safran aus Taliouine I Marokkanischer Safran I Zahlreiche Vorteile","description":"Safran aus Taliouine, dieses kostbare und geheimnisvolle Gew\u00fcrz, ist f\u00fcr seine zahlreichen gesundheitsf\u00f6rdernden Eigenschaften und sein Wohlbefinden bekannt. \u00dcbernehmen Sie es!","robots":{"index":"index","follow":"follow","max-snippet":"max-snippet:-1","max-image-preview":"max-image-preview:large","max-video-preview":"max-video-preview:-1"},"canonical":"https:\/\/www.safinel.fr\/de\/product-2\/safran-aus-taliouine\/","og_locale":"de_DE","og_type":"article","og_title":"Safran de Taliouine I Safran marocain I Bienfaits nombreux","og_description":"Le Safran de Taliouine, cette \u00e9pice pr\u00e9cieuse et myst\u00e9rieuse, est r\u00e9put\u00e9 pour ses nombreuses vertus sant\u00e9 et bien-\u00eatre. Adoptez-l\u00e0 !","og_url":"https:\/\/www.safinel.fr\/de\/product-2\/safran-aus-taliouine\/","og_site_name":"Safinel","article_modified_time":"2023-12-28T17:15:59+00:00","og_image":[{"width":600,"height":600,"url":"https:\/\/www.safinel.fr\/wp-content\/uploads\/2023\/05\/safran-pur-du-maroc.jpg","type":"image\/jpeg"}],"twitter_card":"summary_large_image","twitter_misc":{"Gesch\u00e4tzte Lesezeit":"4\u00a0Minuten"},"schema":{"@context":"https:\/\/schema.org","@graph":[{"@type":"WebPage","@id":"https:\/\/www.safinel.fr\/produit\/safran-de-taliouine\/","url":"https:\/\/www.safinel.fr\/produit\/safran-de-taliouine\/","name":"Safran aus Taliouine I Marokkanischer Safran I Zahlreiche Vorteile","isPartOf":{"@id":"https:\/\/www.safinel.fr\/#website"},"primaryImageOfPage":{"@id":"https:\/\/www.safinel.fr\/produit\/safran-de-taliouine\/#primaryimage"},"image":{"@id":"https:\/\/www.safinel.fr\/produit\/safran-de-taliouine\/#primaryimage"},"thumbnailUrl":"https:\/\/www.safinel.fr\/wp-content\/uploads\/2023\/05\/safran-pur-du-maroc.jpg","datePublished":"2023-05-26T14:51:58+00:00","dateModified":"2023-12-28T17:15:59+00:00","description":"Safran aus Taliouine, dieses kostbare und geheimnisvolle Gew\u00fcrz, ist f\u00fcr seine zahlreichen gesundheitsf\u00f6rdernden Eigenschaften und sein Wohlbefinden bekannt. \u00dcbernehmen Sie es!","breadcrumb":{"@id":"https:\/\/www.safinel.fr\/produit\/safran-de-taliouine\/#breadcrumb"},"inLanguage":"de","potentialAction":[{"@type":"ReadAction","target":["https:\/\/www.safinel.fr\/produit\/safran-de-taliouine\/"]}]},{"@type":"ImageObject","inLanguage":"de","@id":"https:\/\/www.safinel.fr\/produit\/safran-de-taliouine\/#primaryimage","url":"https:\/\/www.safinel.fr\/wp-content\/uploads\/2023\/05\/safran-pur-du-maroc.jpg","contentUrl":"https:\/\/www.safinel.fr\/wp-content\/uploads\/2023\/05\/safran-pur-du-maroc.jpg","width":600,"height":600,"caption":"Safran de Taliouine (AOP) 1g"},{"@type":"BreadcrumbList","@id":"https:\/\/www.safinel.fr\/produit\/safran-de-taliouine\/#breadcrumb","itemListElement":[{"@type":"ListItem","position":1,"name":"Accueil","item":"https:\/\/www.safinel.fr\/"},{"@type":"ListItem","position":2,"name":"Boutique","item":"https:\/\/www.safinel.fr\/boutique\/"},{"@type":"ListItem","position":3,"name":"Safran de Taliouine (AOP) 1g"}]},{"@type":"WebSite","@id":"https:\/\/www.safinel.fr\/#website","url":"https:\/\/www.safinel.fr\/","name":"Safinel","description":"","publisher":{"@id":"https:\/\/www.safinel.fr\/#organization"},"potentialAction":[{"@type":"SearchAction","target":{"@type":"EntryPoint","urlTemplate":"https:\/\/www.safinel.fr\/?s={search_term_string}"},"query-input":{"@type":"PropertyValueSpecification","valueRequired":true,"valueName":"search_term_string"}}],"inLanguage":"de"},{"@type":"Organization","@id":"https:\/\/www.safinel.fr\/#organization","name":"Safinel","url":"https:\/\/www.safinel.fr\/","logo":{"@type":"ImageObject","inLanguage":"de","@id":"https:\/\/www.safinel.fr\/#\/schema\/logo\/image\/","url":"https:\/\/www.safinel.fr\/wp-content\/uploads\/2021\/05\/boutique-cosmetique.png","contentUrl":"https:\/\/www.safinel.fr\/wp-content\/uploads\/2021\/05\/boutique-cosmetique.png","width":800,"height":200,"caption":"Safinel"},"image":{"@id":"https:\/\/www.safinel.fr\/#\/schema\/logo\/image\/"}}]}},"_links":{"self":[{"href":"https:\/\/www.safinel.fr\/de\/wp-json\/wp\/v2\/product\/6205","targetHints":{"allow":["GET"]}}],"collection":[{"href":"https:\/\/www.safinel.fr\/de\/wp-json\/wp\/v2\/product"}],"about":[{"href":"https:\/\/www.safinel.fr\/de\/wp-json\/wp\/v2\/types\/product"}],"wp:featuredmedia":[{"embeddable":true,"href":"https:\/\/www.safinel.fr\/de\/wp-json\/wp\/v2\/media\/6217"}],"wp:attachment":[{"href":"https:\/\/www.safinel.fr\/de\/wp-json\/wp\/v2\/media?parent=6205"}],"wp:term":[{"taxonomy":"product_brand","embeddable":true,"href":"https:\/\/www.safinel.fr\/de\/wp-json\/wp\/v2\/product_brand?post=6205"},{"taxonomy":"product_cat","embeddable":true,"href":"https:\/\/www.safinel.fr\/de\/wp-json\/wp\/v2\/product_cat?post=6205"},{"taxonomy":"product_tag","embeddable":true,"href":"https:\/\/www.safinel.fr\/de\/wp-json\/wp\/v2\/product_tag?post=6205"}],"curies":[{"name":"wp","href":"https:\/\/api.w.org\/{rel}","templated":true}]}}