{"id":619,"date":"2021-12-19T13:55:08","date_gmt":"2021-12-19T13:55:08","guid":{"rendered":"https:\/\/www.safinel.fr\/?post_type=product&#038;p=619"},"modified":"2023-12-28T17:15:09","modified_gmt":"2023-12-28T17:15:09","slug":"feste-zahnpasta-siwak-minze","status":"publish","type":"product","link":"https:\/\/www.safinel.fr\/de\/product-2\/feste-zahnpasta-siwak-minze\/","title":{"rendered":"Feste Zahnpasta Siwak Minze 35g"},"content":{"rendered":"<p>Entdecken Sie den\u00a0<strong>feste Zahnpasta mit Siwak \/ Minze<\/strong>. Diese Alternative\u00a0<strong>nat\u00fcrlich<\/strong>\u00a0auf die Verwendung von industrieller und chemischer Zahnpasta ist eine Revolution. Sie erm\u00f6glicht es Ihnen insbesondere, Ihre\u00a0<strong>Mundhygiene<\/strong>\u00a0ohne Ihre\u00a0<strong>Gesundheit<\/strong>. Konsumieren Sie schlauer und besorgen Sie sich Qualit\u00e4tsprodukte, ohne sich zu ruinieren.<\/p>\n<h2><strong>Der Siwak, ein kleiner Stock mit vielen guten Eigenschaften<\/strong><\/h2>\n<p>Diese Zahnpasta, die aus Siwak und Minze entwickelt wurde, wird Sie mit Sicherheit \u00fcberzeugen. Die Kombination aus Siwak und der Frische der Minze macht diese\u00a0<strong>Zahnpasta<\/strong>\u00a0atemberaubend. Der Siwak, auch bekannt als\u00a0<strong>Araq-Holz<\/strong>, Der Begriff \"Stock\" bezeichnet ein St\u00fcck eines nat\u00fcrlichen Stocks, das als \"Stock\" verwendet wird.<strong>\u00a0Zahnb\u00fcrste<\/strong>. Diese Vorteile sind vielf\u00e4ltig. Sie reinigt die Z\u00e4hne und schont sie gleichzeitig. Er verhindert das Auftreten von\u00a0<strong>Karies<\/strong>. Seine Wirkung hilft auch, das Zahnfleisch und die Zahnwurzeln zu st\u00e4rken, und es\u00a0<strong>erfrischt den Atem<\/strong>.<\/p>\n<h3><strong>Eine feste Siwak-Minz-Zahnpasta f\u00fcr mehr Frische<\/strong><\/h3>\n<p>Neben dem Siwak findet man in dieser Zahnpasta auch die\u00a0<strong>Minze<\/strong>. Dadurch wird die erfrischende Wirkung dieser Zahnpasta noch verst\u00e4rkt. Denn jeder wei\u00df, dass Minze f\u00fcr Frische sorgt und die Z\u00e4hne erfrischt.\u00a0<strong>angenehmer Duft<\/strong>. Wie bereits erw\u00e4hnt, hat Siwak auch eine k\u00fchlende Wirkung. Wenn Sie also Ihre Z\u00e4hne mit dieser Zahnpasta putzen, k\u00f6nnen Sie von ihrer erfrischenden Wirkung profitieren. Wir haben eine gro\u00dfe Auswahl an\u00a0<strong>Naturkosmetikprodukte.<\/strong>\u00a0Entdecken Sie den<a href=\"https:\/\/www.safinel.fr\/de\/product-2\/aktive-pflanzenkohle-30g\/\">\u00a0<strong>pflanzliche Aktivkohle<\/strong><\/a>\u00a0das f\u00fcr seine reinigenden und absorbierenden Eigenschaften bekannt ist.<\/p>\n<h3><strong>Safinel, ein auf Naturkosmetik spezialisierter Shop<\/strong><\/h3>\n<p>Die Produkte, die wir verkaufen, werden sorgf\u00e4ltig und sinnvoll ausgew\u00e4hlt. Unser Ansatz erm\u00f6glicht allen Menschen den Zugang zu\u00a0<strong>Naturprodukte<\/strong>, Die meisten Menschen sind bereit, ihr Essen zu kaufen, selbst wenn sie nur ein kleines Budget haben. Unsere St\u00e4rke liegt in unserer F\u00e4higkeit, qualitativ hochwertige und gesunde Produkte zu unschlagbaren Preisen anzubieten. Also warten Sie nicht l\u00e4nger und schenken Sie Ihrem\u00a0<strong>K\u00f6rper<\/strong>\u00a0was er braucht.<\/p>","protected":false},"excerpt":{"rendered":"<p>Entdecken Sie die feste Zahnpasta mit Siwak\/Minze. Diese nat\u00fcrliche Alternative zu industriell hergestellter, chemischer Zahnpasta ist eine echte Revolution. Mit ihr k\u00f6nnen Sie Ihre Mundhygiene perfektionieren, ohne Ihre Gesundheit zu gef\u00e4hrden. Konsumieren Sie bewusster und kaufen Sie hochwertige Produkte, ohne Ihr Budget zu sprengen. Siwak, ein kleiner Stock mit vielen Vorz\u00fcgen Diese Zahnpasta auf Siwak-Basis [\u2026]","protected":false},"featured_media":620,"template":"","meta":[],"product_brand":[],"product_cat":[34],"product_tag":[],"class_list":{"0":"post-619","1":"product","2":"type-product","3":"status-publish","4":"has-post-thumbnail","6":"product_cat-hygiene","8":"first","9":"instock","10":"shipping-taxable","11":"purchasable","12":"product-type-simple"},"yoast_head":"<!-- This site is optimized with the Yoast SEO plugin v26.6 - https:\/\/yoast.com\/wordpress\/plugins\/seo\/ -->\n<title>Dentifrice solide siwak menthe | Une hygi\u00e8ne bucco-dentaire saine<\/title>\n<meta name=\"description\" content=\"D\u00e9couvrez le\u00a0dentifrice solide siwak menthe. Cette alternative\u00a0naturelle\u00a0\u00e0 l&#039;utilisation du dentifrice industriel constitue une r\u00e9volution.\" \/>\n<meta name=\"robots\" content=\"index, follow, max-snippet:-1, max-image-preview:large, max-video-preview:-1\" \/>\n<link rel=\"canonical\" href=\"https:\/\/www.safinel.fr\/de\/product-2\/feste-zahnpasta-siwak-minze\/\" \/>\n<meta property=\"og:locale\" content=\"de_DE\" \/>\n<meta property=\"og:type\" content=\"article\" \/>\n<meta property=\"og:title\" content=\"Dentifrice solide siwak menthe | Une hygi\u00e8ne bucco-dentaire saine\" \/>\n<meta property=\"og:description\" content=\"D\u00e9couvrez le\u00a0dentifrice solide siwak menthe. Cette alternative\u00a0naturelle\u00a0\u00e0 l&#039;utilisation du dentifrice industriel constitue une r\u00e9volution.\" \/>\n<meta property=\"og:url\" content=\"https:\/\/www.safinel.fr\/de\/product-2\/feste-zahnpasta-siwak-minze\/\" \/>\n<meta property=\"og:site_name\" content=\"Safinel\" \/>\n<meta property=\"article:modified_time\" content=\"2023-12-28T17:15:09+00:00\" \/>\n<meta property=\"og:image\" content=\"https:\/\/www.safinel.fr\/wp-content\/uploads\/2021\/12\/dentifrice-solide-siwak.jpg\" \/>\n\t<meta property=\"og:image:width\" content=\"600\" \/>\n\t<meta property=\"og:image:height\" content=\"600\" \/>\n\t<meta property=\"og:image:type\" content=\"image\/jpeg\" \/>\n<meta name=\"twitter:card\" content=\"summary_large_image\" \/>\n<meta name=\"twitter:label1\" content=\"Gesch\u00e4tzte Lesezeit\" \/>\n\t<meta name=\"twitter:data1\" content=\"2\u00a0Minuten\" \/>\n<script type=\"application\/ld+json\" class=\"yoast-schema-graph\">{\"@context\":\"https:\/\/schema.org\",\"@graph\":[{\"@type\":\"WebPage\",\"@id\":\"https:\/\/www.safinel.fr\/produit\/dentifrice-solide-siwak-menthe\/\",\"url\":\"https:\/\/www.safinel.fr\/produit\/dentifrice-solide-siwak-menthe\/\",\"name\":\"Dentifrice solide siwak menthe | Une hygi\u00e8ne bucco-dentaire saine\",\"isPartOf\":{\"@id\":\"https:\/\/www.safinel.fr\/#website\"},\"primaryImageOfPage\":{\"@id\":\"https:\/\/www.safinel.fr\/produit\/dentifrice-solide-siwak-menthe\/#primaryimage\"},\"image\":{\"@id\":\"https:\/\/www.safinel.fr\/produit\/dentifrice-solide-siwak-menthe\/#primaryimage\"},\"thumbnailUrl\":\"https:\/\/www.safinel.fr\/wp-content\/uploads\/2021\/12\/dentifrice-solide-siwak.jpg\",\"datePublished\":\"2021-12-19T13:55:08+00:00\",\"dateModified\":\"2023-12-28T17:15:09+00:00\",\"description\":\"D\u00e9couvrez le\u00a0dentifrice solide siwak menthe. Cette alternative\u00a0naturelle\u00a0\u00e0 l'utilisation du dentifrice industriel constitue une r\u00e9volution.\",\"breadcrumb\":{\"@id\":\"https:\/\/www.safinel.fr\/produit\/dentifrice-solide-siwak-menthe\/#breadcrumb\"},\"inLanguage\":\"de\",\"potentialAction\":[{\"@type\":\"ReadAction\",\"target\":[\"https:\/\/www.safinel.fr\/produit\/dentifrice-solide-siwak-menthe\/\"]}]},{\"@type\":\"ImageObject\",\"inLanguage\":\"de\",\"@id\":\"https:\/\/www.safinel.fr\/produit\/dentifrice-solide-siwak-menthe\/#primaryimage\",\"url\":\"https:\/\/www.safinel.fr\/wp-content\/uploads\/2021\/12\/dentifrice-solide-siwak.jpg\",\"contentUrl\":\"https:\/\/www.safinel.fr\/wp-content\/uploads\/2021\/12\/dentifrice-solide-siwak.jpg\",\"width\":600,\"height\":600,\"caption\":\"Dentifrice solide siwak menthe 35g\"},{\"@type\":\"BreadcrumbList\",\"@id\":\"https:\/\/www.safinel.fr\/produit\/dentifrice-solide-siwak-menthe\/#breadcrumb\",\"itemListElement\":[{\"@type\":\"ListItem\",\"position\":1,\"name\":\"Accueil\",\"item\":\"https:\/\/www.safinel.fr\/\"},{\"@type\":\"ListItem\",\"position\":2,\"name\":\"Boutique\",\"item\":\"https:\/\/www.safinel.fr\/boutique\/\"},{\"@type\":\"ListItem\",\"position\":3,\"name\":\"Dentifrice solide siwak menthe 35g\"}]},{\"@type\":\"WebSite\",\"@id\":\"https:\/\/www.safinel.fr\/#website\",\"url\":\"https:\/\/www.safinel.fr\/\",\"name\":\"Safinel\",\"description\":\"\",\"publisher\":{\"@id\":\"https:\/\/www.safinel.fr\/#organization\"},\"potentialAction\":[{\"@type\":\"SearchAction\",\"target\":{\"@type\":\"EntryPoint\",\"urlTemplate\":\"https:\/\/www.safinel.fr\/?s={search_term_string}\"},\"query-input\":{\"@type\":\"PropertyValueSpecification\",\"valueRequired\":true,\"valueName\":\"search_term_string\"}}],\"inLanguage\":\"de\"},{\"@type\":\"Organization\",\"@id\":\"https:\/\/www.safinel.fr\/#organization\",\"name\":\"Safinel\",\"url\":\"https:\/\/www.safinel.fr\/\",\"logo\":{\"@type\":\"ImageObject\",\"inLanguage\":\"de\",\"@id\":\"https:\/\/www.safinel.fr\/#\/schema\/logo\/image\/\",\"url\":\"https:\/\/www.safinel.fr\/wp-content\/uploads\/2021\/05\/boutique-cosmetique.png\",\"contentUrl\":\"https:\/\/www.safinel.fr\/wp-content\/uploads\/2021\/05\/boutique-cosmetique.png\",\"width\":800,\"height\":200,\"caption\":\"Safinel\"},\"image\":{\"@id\":\"https:\/\/www.safinel.fr\/#\/schema\/logo\/image\/\"}}]}<\/script>\n<!-- \/ Yoast SEO plugin. -->","yoast_head_json":{"title":"Feste Zahnpasta Siwak Mint | Gesunde Mundhygiene","description":"Entdecken Sie die feste Zahnpasta Siwak Mint. Diese nat\u00fcrliche Alternative zu industriell hergestellter Zahnpasta ist eine Revolution.","robots":{"index":"index","follow":"follow","max-snippet":"max-snippet:-1","max-image-preview":"max-image-preview:large","max-video-preview":"max-video-preview:-1"},"canonical":"https:\/\/www.safinel.fr\/de\/product-2\/feste-zahnpasta-siwak-minze\/","og_locale":"de_DE","og_type":"article","og_title":"Dentifrice solide siwak menthe | Une hygi\u00e8ne bucco-dentaire saine","og_description":"D\u00e9couvrez le\u00a0dentifrice solide siwak menthe. Cette alternative\u00a0naturelle\u00a0\u00e0 l'utilisation du dentifrice industriel constitue une r\u00e9volution.","og_url":"https:\/\/www.safinel.fr\/de\/product-2\/feste-zahnpasta-siwak-minze\/","og_site_name":"Safinel","article_modified_time":"2023-12-28T17:15:09+00:00","og_image":[{"width":600,"height":600,"url":"https:\/\/www.safinel.fr\/wp-content\/uploads\/2021\/12\/dentifrice-solide-siwak.jpg","type":"image\/jpeg"}],"twitter_card":"summary_large_image","twitter_misc":{"Gesch\u00e4tzte Lesezeit":"2\u00a0Minuten"},"schema":{"@context":"https:\/\/schema.org","@graph":[{"@type":"WebPage","@id":"https:\/\/www.safinel.fr\/produit\/dentifrice-solide-siwak-menthe\/","url":"https:\/\/www.safinel.fr\/produit\/dentifrice-solide-siwak-menthe\/","name":"Feste Zahnpasta Siwak Mint | Gesunde Mundhygiene","isPartOf":{"@id":"https:\/\/www.safinel.fr\/#website"},"primaryImageOfPage":{"@id":"https:\/\/www.safinel.fr\/produit\/dentifrice-solide-siwak-menthe\/#primaryimage"},"image":{"@id":"https:\/\/www.safinel.fr\/produit\/dentifrice-solide-siwak-menthe\/#primaryimage"},"thumbnailUrl":"https:\/\/www.safinel.fr\/wp-content\/uploads\/2021\/12\/dentifrice-solide-siwak.jpg","datePublished":"2021-12-19T13:55:08+00:00","dateModified":"2023-12-28T17:15:09+00:00","description":"Entdecken Sie die feste Zahnpasta Siwak Mint. Diese nat\u00fcrliche Alternative zu industriell hergestellter Zahnpasta ist eine Revolution.","breadcrumb":{"@id":"https:\/\/www.safinel.fr\/produit\/dentifrice-solide-siwak-menthe\/#breadcrumb"},"inLanguage":"de","potentialAction":[{"@type":"ReadAction","target":["https:\/\/www.safinel.fr\/produit\/dentifrice-solide-siwak-menthe\/"]}]},{"@type":"ImageObject","inLanguage":"de","@id":"https:\/\/www.safinel.fr\/produit\/dentifrice-solide-siwak-menthe\/#primaryimage","url":"https:\/\/www.safinel.fr\/wp-content\/uploads\/2021\/12\/dentifrice-solide-siwak.jpg","contentUrl":"https:\/\/www.safinel.fr\/wp-content\/uploads\/2021\/12\/dentifrice-solide-siwak.jpg","width":600,"height":600,"caption":"Dentifrice solide siwak menthe 35g"},{"@type":"BreadcrumbList","@id":"https:\/\/www.safinel.fr\/produit\/dentifrice-solide-siwak-menthe\/#breadcrumb","itemListElement":[{"@type":"ListItem","position":1,"name":"Accueil","item":"https:\/\/www.safinel.fr\/"},{"@type":"ListItem","position":2,"name":"Boutique","item":"https:\/\/www.safinel.fr\/boutique\/"},{"@type":"ListItem","position":3,"name":"Dentifrice solide siwak menthe 35g"}]},{"@type":"WebSite","@id":"https:\/\/www.safinel.fr\/#website","url":"https:\/\/www.safinel.fr\/","name":"Safinel","description":"","publisher":{"@id":"https:\/\/www.safinel.fr\/#organization"},"potentialAction":[{"@type":"SearchAction","target":{"@type":"EntryPoint","urlTemplate":"https:\/\/www.safinel.fr\/?s={search_term_string}"},"query-input":{"@type":"PropertyValueSpecification","valueRequired":true,"valueName":"search_term_string"}}],"inLanguage":"de"},{"@type":"Organization","@id":"https:\/\/www.safinel.fr\/#organization","name":"Safinel","url":"https:\/\/www.safinel.fr\/","logo":{"@type":"ImageObject","inLanguage":"de","@id":"https:\/\/www.safinel.fr\/#\/schema\/logo\/image\/","url":"https:\/\/www.safinel.fr\/wp-content\/uploads\/2021\/05\/boutique-cosmetique.png","contentUrl":"https:\/\/www.safinel.fr\/wp-content\/uploads\/2021\/05\/boutique-cosmetique.png","width":800,"height":200,"caption":"Safinel"},"image":{"@id":"https:\/\/www.safinel.fr\/#\/schema\/logo\/image\/"}}]}},"_links":{"self":[{"href":"https:\/\/www.safinel.fr\/de\/wp-json\/wp\/v2\/product\/619","targetHints":{"allow":["GET"]}}],"collection":[{"href":"https:\/\/www.safinel.fr\/de\/wp-json\/wp\/v2\/product"}],"about":[{"href":"https:\/\/www.safinel.fr\/de\/wp-json\/wp\/v2\/types\/product"}],"wp:featuredmedia":[{"embeddable":true,"href":"https:\/\/www.safinel.fr\/de\/wp-json\/wp\/v2\/media\/620"}],"wp:attachment":[{"href":"https:\/\/www.safinel.fr\/de\/wp-json\/wp\/v2\/media?parent=619"}],"wp:term":[{"taxonomy":"product_brand","embeddable":true,"href":"https:\/\/www.safinel.fr\/de\/wp-json\/wp\/v2\/product_brand?post=619"},{"taxonomy":"product_cat","embeddable":true,"href":"https:\/\/www.safinel.fr\/de\/wp-json\/wp\/v2\/product_cat?post=619"},{"taxonomy":"product_tag","embeddable":true,"href":"https:\/\/www.safinel.fr\/de\/wp-json\/wp\/v2\/product_tag?post=619"}],"curies":[{"name":"wp","href":"https:\/\/api.w.org\/{rel}","templated":true}]}}