{"id":6186,"date":"2023-05-25T15:09:19","date_gmt":"2023-05-25T15:09:19","guid":{"rendered":"https:\/\/www.safinel.fr\/?post_type=product&#038;p=6186"},"modified":"2026-01-14T09:48:51","modified_gmt":"2026-01-14T09:48:51","slug":"perlenpulver","status":"publish","type":"product","link":"https:\/\/www.safinel.fr\/de\/product-2\/perlenpulver\/","title":{"rendered":"Perlenpulver"},"content":{"rendered":"<p>Die\u00a0<strong>Perlenpulver<\/strong>\u00a0ist ein Naturprodukt, das aufgrund seiner zahlreichen Vorteile f\u00fcr Gesundheit und Sch\u00f6nheit immer beliebter wird. Wird seit Jahrhunderten von chinesischen Kaiserinnen und anderen ber\u00fchmten Frauen verwendet, um ihre Jugend und Sch\u00f6nheit zu erhalten.<\/p>\n<p>Dieses nat\u00fcrliche, wohltuende Pulver steckt voller\u2019<strong>Mineralelemente<\/strong>\u00a0die f\u00fcr unseren K\u00f6rper unerl\u00e4sslich sind. Zoom auf alles, was Sie \u00fcber dieses wunderbare Pulver wissen m\u00fcssen.<\/p>\n<h2><strong>Was ist Perlenpuder?<\/strong><\/h2>\n<p>Perlenpulver wird durch das feine Zermahlen von S\u00fc\u00df- oder Salzwasserperlen gewonnen, die in der Regel auf Perlenfarmen gez\u00fcchtet werden. Es ist reich an Proteinen, Aminos\u00e4uren, Spurenelementen und anderen wertvollen N\u00e4hrstoffen und stellt ein wahres Konzentrat an Vorteilen f\u00fcr unseren K\u00f6rper dar. Perlen bestehen n\u00e4mlich haupts\u00e4chlich aus Kalziumkarbonat (Aragonit). Sie enthalten au\u00dferdem erhebliche Mengen an Magnesium, Silizium, Eisen, Kupfer, Selen und Zink.<\/p>\n<h2><strong>Der N\u00e4hrstoffgehalt von Perlenpulver<\/strong><\/h2>\n<p>Dank seiner reichhaltigen und vielf\u00e4ltigen Zusammensetzung bietet Perlenpulver ein breites Spektrum an N\u00e4hrstoffen f\u00fcr den K\u00f6rper.<\/p>\n<p><strong>Unter ihnen:<\/strong><\/p>\n<ul>\n<li><strong>Kalzium<\/strong>\u00a0: wichtig f\u00fcr die Gesundheit von Knochen und Z\u00e4hnen. Au\u00dferdem tr\u00e4gt es zur Blutgerinnung, zur Muskelkontraktion und zur Funktion des Nervensystems bei.<\/li>\n<li><strong>Die Aminos\u00e4uren<\/strong>\u00a0: unerl\u00e4sslich f\u00fcr die Proteinsynthese. Sie sind aktiv am Aufbau und an der Reparatur von K\u00f6rpergewebe sowie an vielen Stoffwechselfunktionen beteiligt.<\/li>\n<li><strong>Die Spurenelemente<\/strong>\u00a0Sie spielen eine entscheidende Rolle bei der Aktivierung oder Regulierung verschiedener Enzyme und sind f\u00fcr den reibungslosen Ablauf unserer physiologischen Prozesse notwendig.<\/li>\n<li><strong>Antioxidantien<\/strong>\u00a0: Sie helfen, freie Radikale zu neutralisieren, die f\u00fcr die Zellalterung verantwortlich sind, beugen oxidativen Sch\u00e4den vor und helfen, unseren K\u00f6rper gesund zu erhalten.<\/li>\n<\/ul>\n<h2><strong>Die Vorteile von Perlenpuder f\u00fcr die Haut<\/strong><\/h2>\n<p>Eine der gr\u00f6\u00dften St\u00e4rken des Perlenpulvers sind seine unglaublichen Eigenschaften f\u00fcr die Sch\u00f6nheit und Gesundheit der Haut.<\/p>\n<p><strong>In der Tat ist sie anerkannt f\u00fcr :<\/strong><\/p>\n<ul>\n<li><strong>Feuchtigkeit spenden und n\u00e4hren<\/strong>\u00a0: dank seines Reichtums an Aminos\u00e4uren und Mineralien. Dieses wohltuende Pulver f\u00f6rdert die Wassereinlagerung in der Epidermis und tr\u00e4gt zur St\u00e4rkung der Hautbarriere bei.<\/li>\n<li><strong>Regenerieren<\/strong>\u00a0: Seine aktiven Bestandteile regen die Produktion von Kollagen und Elastin an. Zwei Proteine, die f\u00fcr die Erhaltung der Elastizit\u00e4t und Festigkeit der Haut unerl\u00e4sslich sind.<\/li>\n<li><strong>Beruhigen und heilen<\/strong>\u00a0: Die im Perlenpulver enthaltenen Spurenelemente besitzen entz\u00fcndungshemmende und antibakterielle Eigenschaften, die aktiv an der Reparatur von gesch\u00e4digtem Hautgewebe beteiligt sind.<\/li>\n<li><strong>Den Teint vereinheitlichen<\/strong>\u00a0: indem sie die \u00fcberm\u00e4\u00dfige Produktion von Melanin hemmt und die Zellerneuerung f\u00f6rdert. Dieses nat\u00fcrliche Puder hilft, die <a href=\"https:\/\/www.safinel.fr\/de\/hyperpigmentierung-schwarze-haut\/\"><strong>Pigmentflecken<\/strong><\/a> und die Bildung neuer Flecken zu verhindern.<\/li>\n<\/ul>\n<h3><strong>Wie verwende ich dieses nat\u00fcrliche Puder?<\/strong><\/h3>\n<p>Um die Vorteile von Perlenpuder f\u00fcr Ihre Haut zu nutzen, k\u00f6nnen Sie :<\/p>\n<ol>\n<li>Mischen Sie eine kleine Menge Perlenpuder mit Ihrer Feuchtigkeitscreme oder <a href=\"https:\/\/www.safinel.fr\/de\/product-2\/anti-akne-serum-mit-nigella\/\"><strong>Serum<\/strong><\/a> t\u00e4glich und tragen Sie diese Mischung auf Ihr Gesicht und Ihren Hals auf.<\/li>\n<li>Verwenden Sie ein- bis zweimal pro Woche eine Gesichtsmaske mit Perlenpuder, um eine intensivere und gezieltere Pflege zu erhalten.<\/li>\n<li>R\u00fchren Sie das Perlenpulver in Ihre hausgemachten Kosmetikrezepte (Peelings, Masken, Lotionen usw.) ein.<\/li>\n<\/ol>\n<h2><strong>Die gesundheitlichen Vorteile von Perlenpulver<\/strong><\/h2>\n<p>Neben der Sch\u00f6nheit der Haut hat Perlenpulver auch positive Eigenschaften f\u00fcr unsere allgemeine Gesundheit. Dazu geh\u00f6ren :<\/p>\n<ul>\n<li><strong>Eine Unterst\u00fctzung f\u00fcr das Immunsystem<\/strong>\u00a0: Die im Perlenpulver enthaltenen Mineralien und Aminos\u00e4uren tragen dazu bei, unsere nat\u00fcrlichen Abwehrkr\u00e4fte zu st\u00e4rken und bestimmten Infektionen vorzubeugen.<\/li>\n<li><strong>Eine beruhigende Wirkung auf das Nervensystem<\/strong>\u00a0: Dank der entspannenden Wirkung von Magnesium und Aminos\u00e4uren hilft das hier vorhandene nat\u00fcrliche Pulver, \u00c4ngste zu lindern und die Schlafqualit\u00e4t zu verbessern.<\/li>\n<li><strong>Schutz vor Herz-Kreislauf-Erkrankungen<\/strong>\u00a0: durch Modulation des Kalziumhaushalts. Sie tr\u00e4gt zur Regulierung des Blutdrucks bei und bewahrt so die Gesundheit unseres Herzens.<\/li>\n<\/ul>\n<h3><strong>Wie soll man sie konsumieren?<\/strong><\/h3>\n<p>Um die Vorteile f\u00fcr Ihre Gesundheit zu nutzen, k\u00f6nnen Sie :<\/p>\n<ol>\n<li>Einen Teel\u00f6ffel in einem Glas Wasser oder Fruchtsaft aufl\u00f6sen und diese Mischung einmal t\u00e4glich trinken.<\/li>\n<li>R\u00fchren Sie es in Ihre Smoothies, Joghurts oder andere kulinarische Zubereitungen ein.<\/li>\n<li>Entscheiden Sie sich f\u00fcr Nahrungserg\u00e4nzungsmittel mit diesem Pulver, die in Kapseln oder Tabletten erh\u00e4ltlich sind.<\/li>\n<\/ol>\n<p>Alles in allem ist Perlenpulver ein Naturprodukt mit zahlreichen Vorteilen f\u00fcr unsere Gesundheit und Sch\u00f6nheit. Dank seines Reichtums an essentiellen Mineralstoffen und Aminos\u00e4uren. Es ist ein wahres Konzentrat an Vitalit\u00e4t und Jugendlichkeit f\u00fcr unseren Organismus. Z\u00f6gern Sie also nicht, es in Ihre t\u00e4gliche Routine zu integrieren.<\/p>\n<p>Sei es in Form von kosmetischen Behandlungen oder Nahrungserg\u00e4nzungsmitteln!<\/p>","protected":false},"excerpt":{"rendered":"<p><strong>Verwendung :<\/strong><\/p>\n<ol>\n<li>Mischen Sie eine kleine Menge Perlenpuder mit Ihrer t\u00e4glichen Feuchtigkeitscreme oder Ihrem Serum und tragen Sie diese Mischung auf Ihr Gesicht und Ihren Hals auf.<\/li>\n<li>Verwenden Sie ein- bis zweimal pro Woche eine Gesichtsmaske mit Perlenpuder, um eine intensivere und gezieltere Pflege zu erhalten.<\/li>\n<li>R\u00fchren Sie das Perlenpulver in Ihre hausgemachten Kosmetikrezepte (Peelings, Masken, Lotionen usw.) ein.<\/li>\n<\/ol>\n<p><img decoding=\"async\" class=\"size-full wp-image-5091 aligncenter\" src=\"https:\/\/www.safinel.fr\/wp-content\/uploads\/2021\/06\/BANNIERE-ICONE-SAFINEL.webp\" alt=\"Satines-R\u00fcckversicherung\" width=\"800\" height=\"200\" srcset=\"https:\/\/www.safinel.fr\/wp-content\/uploads\/2021\/06\/BANNIERE-ICONE-SAFINEL.webp 800w, https:\/\/www.safinel.fr\/wp-content\/uploads\/2021\/06\/BANNIERE-ICONE-SAFINEL-600x150.webp 600w, https:\/\/www.safinel.fr\/wp-content\/uploads\/2021\/06\/BANNIERE-ICONE-SAFINEL-768x192.webp 768w\" sizes=\"(max-width: 800px) 100vw, 800px\" \/><\/p>","protected":false},"featured_media":6187,"template":"","meta":[],"product_brand":[],"product_cat":[41],"product_tag":[],"class_list":{"0":"post-6186","1":"product","2":"type-product","3":"status-publish","4":"has-post-thumbnail","6":"product_cat-produits-naturels-divers","8":"first","9":"instock","10":"shipping-taxable","11":"purchasable","12":"product-type-variable"},"yoast_head":"<!-- This site is optimized with the Yoast SEO plugin v26.6 - https:\/\/yoast.com\/wordpress\/plugins\/seo\/ -->\n<title>Poudre de perle I Un tr\u00e9sor de beaut\u00e9 aux bienfaits multiples<\/title>\n<meta name=\"description\" content=\"D\u00e9couvrez la poudre de perle, un ingr\u00e9dient naturel pr\u00e9cieux utilis\u00e9 dans les soins de beaut\u00e9 pour ses propri\u00e9t\u00e9s r\u00e9g\u00e9n\u00e9rantes et illuminatrices.\" \/>\n<meta name=\"robots\" content=\"index, follow, max-snippet:-1, max-image-preview:large, max-video-preview:-1\" \/>\n<link rel=\"canonical\" href=\"https:\/\/www.safinel.fr\/de\/product-2\/perlenpulver\/\" \/>\n<meta property=\"og:locale\" content=\"de_DE\" \/>\n<meta property=\"og:type\" content=\"article\" \/>\n<meta property=\"og:title\" content=\"Poudre de perle I Un tr\u00e9sor de beaut\u00e9 aux bienfaits multiples\" \/>\n<meta property=\"og:description\" content=\"D\u00e9couvrez la poudre de perle, un ingr\u00e9dient naturel pr\u00e9cieux utilis\u00e9 dans les soins de beaut\u00e9 pour ses propri\u00e9t\u00e9s r\u00e9g\u00e9n\u00e9rantes et illuminatrices.\" \/>\n<meta property=\"og:url\" content=\"https:\/\/www.safinel.fr\/de\/product-2\/perlenpulver\/\" \/>\n<meta property=\"og:site_name\" content=\"Safinel\" \/>\n<meta property=\"article:modified_time\" content=\"2026-01-14T09:48:51+00:00\" \/>\n<meta property=\"og:image\" content=\"https:\/\/www.safinel.fr\/wp-content\/uploads\/2023\/05\/poudre-de-perle.jpg\" \/>\n\t<meta property=\"og:image:width\" content=\"600\" \/>\n\t<meta property=\"og:image:height\" content=\"600\" \/>\n\t<meta property=\"og:image:type\" content=\"image\/jpeg\" \/>\n<meta name=\"twitter:card\" content=\"summary_large_image\" \/>\n<meta name=\"twitter:label1\" content=\"Gesch\u00e4tzte Lesezeit\" \/>\n\t<meta name=\"twitter:data1\" content=\"4\u00a0Minuten\" \/>\n<script type=\"application\/ld+json\" class=\"yoast-schema-graph\">{\"@context\":\"https:\/\/schema.org\",\"@graph\":[{\"@type\":\"WebPage\",\"@id\":\"https:\/\/www.safinel.fr\/produit\/poudre-de-perle\/\",\"url\":\"https:\/\/www.safinel.fr\/produit\/poudre-de-perle\/\",\"name\":\"Poudre de perle I Un tr\u00e9sor de beaut\u00e9 aux bienfaits multiples\",\"isPartOf\":{\"@id\":\"https:\/\/www.safinel.fr\/#website\"},\"primaryImageOfPage\":{\"@id\":\"https:\/\/www.safinel.fr\/produit\/poudre-de-perle\/#primaryimage\"},\"image\":{\"@id\":\"https:\/\/www.safinel.fr\/produit\/poudre-de-perle\/#primaryimage\"},\"thumbnailUrl\":\"https:\/\/www.safinel.fr\/wp-content\/uploads\/2023\/05\/poudre-de-perle.jpg\",\"datePublished\":\"2023-05-25T15:09:19+00:00\",\"dateModified\":\"2026-01-14T09:48:51+00:00\",\"description\":\"D\u00e9couvrez la poudre de perle, un ingr\u00e9dient naturel pr\u00e9cieux utilis\u00e9 dans les soins de beaut\u00e9 pour ses propri\u00e9t\u00e9s r\u00e9g\u00e9n\u00e9rantes et illuminatrices.\",\"breadcrumb\":{\"@id\":\"https:\/\/www.safinel.fr\/produit\/poudre-de-perle\/#breadcrumb\"},\"inLanguage\":\"de\",\"potentialAction\":[{\"@type\":\"ReadAction\",\"target\":[\"https:\/\/www.safinel.fr\/produit\/poudre-de-perle\/\"]}]},{\"@type\":\"ImageObject\",\"inLanguage\":\"de\",\"@id\":\"https:\/\/www.safinel.fr\/produit\/poudre-de-perle\/#primaryimage\",\"url\":\"https:\/\/www.safinel.fr\/wp-content\/uploads\/2023\/05\/poudre-de-perle.jpg\",\"contentUrl\":\"https:\/\/www.safinel.fr\/wp-content\/uploads\/2023\/05\/poudre-de-perle.jpg\",\"width\":600,\"height\":600},{\"@type\":\"BreadcrumbList\",\"@id\":\"https:\/\/www.safinel.fr\/produit\/poudre-de-perle\/#breadcrumb\",\"itemListElement\":[{\"@type\":\"ListItem\",\"position\":1,\"name\":\"Accueil\",\"item\":\"https:\/\/www.safinel.fr\/\"},{\"@type\":\"ListItem\",\"position\":2,\"name\":\"Boutique\",\"item\":\"https:\/\/www.safinel.fr\/boutique\/\"},{\"@type\":\"ListItem\",\"position\":3,\"name\":\"Poudre de perle\"}]},{\"@type\":\"WebSite\",\"@id\":\"https:\/\/www.safinel.fr\/#website\",\"url\":\"https:\/\/www.safinel.fr\/\",\"name\":\"Safinel\",\"description\":\"\",\"publisher\":{\"@id\":\"https:\/\/www.safinel.fr\/#organization\"},\"potentialAction\":[{\"@type\":\"SearchAction\",\"target\":{\"@type\":\"EntryPoint\",\"urlTemplate\":\"https:\/\/www.safinel.fr\/?s={search_term_string}\"},\"query-input\":{\"@type\":\"PropertyValueSpecification\",\"valueRequired\":true,\"valueName\":\"search_term_string\"}}],\"inLanguage\":\"de\"},{\"@type\":\"Organization\",\"@id\":\"https:\/\/www.safinel.fr\/#organization\",\"name\":\"Safinel\",\"url\":\"https:\/\/www.safinel.fr\/\",\"logo\":{\"@type\":\"ImageObject\",\"inLanguage\":\"de\",\"@id\":\"https:\/\/www.safinel.fr\/#\/schema\/logo\/image\/\",\"url\":\"https:\/\/www.safinel.fr\/wp-content\/uploads\/2021\/05\/boutique-cosmetique.png\",\"contentUrl\":\"https:\/\/www.safinel.fr\/wp-content\/uploads\/2021\/05\/boutique-cosmetique.png\",\"width\":800,\"height\":200,\"caption\":\"Safinel\"},\"image\":{\"@id\":\"https:\/\/www.safinel.fr\/#\/schema\/logo\/image\/\"}}]}<\/script>\n<!-- \/ Yoast SEO plugin. -->","yoast_head_json":{"title":"Perlenpuder I Ein Sch\u00f6nheitsschatz mit vielen Vorteilen","description":"Entdecken Sie Perlenpuder, einen wertvollen nat\u00fcrlichen Inhaltsstoff, der wegen seiner regenerierenden und aufhellenden Eigenschaften in der Sch\u00f6nheitspflege verwendet wird.","robots":{"index":"index","follow":"follow","max-snippet":"max-snippet:-1","max-image-preview":"max-image-preview:large","max-video-preview":"max-video-preview:-1"},"canonical":"https:\/\/www.safinel.fr\/de\/product-2\/perlenpulver\/","og_locale":"de_DE","og_type":"article","og_title":"Poudre de perle I Un tr\u00e9sor de beaut\u00e9 aux bienfaits multiples","og_description":"D\u00e9couvrez la poudre de perle, un ingr\u00e9dient naturel pr\u00e9cieux utilis\u00e9 dans les soins de beaut\u00e9 pour ses propri\u00e9t\u00e9s r\u00e9g\u00e9n\u00e9rantes et illuminatrices.","og_url":"https:\/\/www.safinel.fr\/de\/product-2\/perlenpulver\/","og_site_name":"Safinel","article_modified_time":"2026-01-14T09:48:51+00:00","og_image":[{"width":600,"height":600,"url":"https:\/\/www.safinel.fr\/wp-content\/uploads\/2023\/05\/poudre-de-perle.jpg","type":"image\/jpeg"}],"twitter_card":"summary_large_image","twitter_misc":{"Gesch\u00e4tzte Lesezeit":"4\u00a0Minuten"},"schema":{"@context":"https:\/\/schema.org","@graph":[{"@type":"WebPage","@id":"https:\/\/www.safinel.fr\/produit\/poudre-de-perle\/","url":"https:\/\/www.safinel.fr\/produit\/poudre-de-perle\/","name":"Perlenpuder I Ein Sch\u00f6nheitsschatz mit vielen Vorteilen","isPartOf":{"@id":"https:\/\/www.safinel.fr\/#website"},"primaryImageOfPage":{"@id":"https:\/\/www.safinel.fr\/produit\/poudre-de-perle\/#primaryimage"},"image":{"@id":"https:\/\/www.safinel.fr\/produit\/poudre-de-perle\/#primaryimage"},"thumbnailUrl":"https:\/\/www.safinel.fr\/wp-content\/uploads\/2023\/05\/poudre-de-perle.jpg","datePublished":"2023-05-25T15:09:19+00:00","dateModified":"2026-01-14T09:48:51+00:00","description":"Entdecken Sie Perlenpuder, einen wertvollen nat\u00fcrlichen Inhaltsstoff, der wegen seiner regenerierenden und aufhellenden Eigenschaften in der Sch\u00f6nheitspflege verwendet wird.","breadcrumb":{"@id":"https:\/\/www.safinel.fr\/produit\/poudre-de-perle\/#breadcrumb"},"inLanguage":"de","potentialAction":[{"@type":"ReadAction","target":["https:\/\/www.safinel.fr\/produit\/poudre-de-perle\/"]}]},{"@type":"ImageObject","inLanguage":"de","@id":"https:\/\/www.safinel.fr\/produit\/poudre-de-perle\/#primaryimage","url":"https:\/\/www.safinel.fr\/wp-content\/uploads\/2023\/05\/poudre-de-perle.jpg","contentUrl":"https:\/\/www.safinel.fr\/wp-content\/uploads\/2023\/05\/poudre-de-perle.jpg","width":600,"height":600},{"@type":"BreadcrumbList","@id":"https:\/\/www.safinel.fr\/produit\/poudre-de-perle\/#breadcrumb","itemListElement":[{"@type":"ListItem","position":1,"name":"Accueil","item":"https:\/\/www.safinel.fr\/"},{"@type":"ListItem","position":2,"name":"Boutique","item":"https:\/\/www.safinel.fr\/boutique\/"},{"@type":"ListItem","position":3,"name":"Poudre de perle"}]},{"@type":"WebSite","@id":"https:\/\/www.safinel.fr\/#website","url":"https:\/\/www.safinel.fr\/","name":"Safinel","description":"","publisher":{"@id":"https:\/\/www.safinel.fr\/#organization"},"potentialAction":[{"@type":"SearchAction","target":{"@type":"EntryPoint","urlTemplate":"https:\/\/www.safinel.fr\/?s={search_term_string}"},"query-input":{"@type":"PropertyValueSpecification","valueRequired":true,"valueName":"search_term_string"}}],"inLanguage":"de"},{"@type":"Organization","@id":"https:\/\/www.safinel.fr\/#organization","name":"Safinel","url":"https:\/\/www.safinel.fr\/","logo":{"@type":"ImageObject","inLanguage":"de","@id":"https:\/\/www.safinel.fr\/#\/schema\/logo\/image\/","url":"https:\/\/www.safinel.fr\/wp-content\/uploads\/2021\/05\/boutique-cosmetique.png","contentUrl":"https:\/\/www.safinel.fr\/wp-content\/uploads\/2021\/05\/boutique-cosmetique.png","width":800,"height":200,"caption":"Safinel"},"image":{"@id":"https:\/\/www.safinel.fr\/#\/schema\/logo\/image\/"}}]}},"_links":{"self":[{"href":"https:\/\/www.safinel.fr\/de\/wp-json\/wp\/v2\/product\/6186","targetHints":{"allow":["GET"]}}],"collection":[{"href":"https:\/\/www.safinel.fr\/de\/wp-json\/wp\/v2\/product"}],"about":[{"href":"https:\/\/www.safinel.fr\/de\/wp-json\/wp\/v2\/types\/product"}],"wp:featuredmedia":[{"embeddable":true,"href":"https:\/\/www.safinel.fr\/de\/wp-json\/wp\/v2\/media\/6187"}],"wp:attachment":[{"href":"https:\/\/www.safinel.fr\/de\/wp-json\/wp\/v2\/media?parent=6186"}],"wp:term":[{"taxonomy":"product_brand","embeddable":true,"href":"https:\/\/www.safinel.fr\/de\/wp-json\/wp\/v2\/product_brand?post=6186"},{"taxonomy":"product_cat","embeddable":true,"href":"https:\/\/www.safinel.fr\/de\/wp-json\/wp\/v2\/product_cat?post=6186"},{"taxonomy":"product_tag","embeddable":true,"href":"https:\/\/www.safinel.fr\/de\/wp-json\/wp\/v2\/product_tag?post=6186"}],"curies":[{"name":"wp","href":"https:\/\/api.w.org\/{rel}","templated":true}]}}